{"id":17426,"date":"2026-05-06T10:47:18","date_gmt":"2026-05-06T08:47:18","guid":{"rendered":"https:\/\/www.atravel.lt\/produktas\/city-tour-4-d-bratislava-skrydis-is-vilniaus\/"},"modified":"2026-05-06T10:47:49","modified_gmt":"2026-05-06T08:47:49","slug":"city-tour-4-d-bratislava-skrydis-is-vilniaus","status":"publish","type":"product","link":"https:\/\/www.atravel.lt\/en\/product\/city-tour-4-d-bratislava-skrydis-is-vilniaus\/","title":{"rendered":"City Tour 4 d. Bratislava (skrydis i\u0161 Vilniaus)"},"content":{"rendered":"<h3 style=\"text-align: center\"><span style=\"color:#16a085\"><b>Garantuota nuo 2 asmen\u0173!<\/b><\/span><\/h3>\n<hr \/>\n<h3 style=\"text-align: center\"><b>SVARBU! EKSKURSIJ\u0172 IR PERVE\u017dIMO PAKETAS APMOKAMAS KELION\u0116S METU!SVARBU! EKSKURSIJ\u0172 IR PERVE\u017dIMO PAKETAS APMOKAMAS KELION\u0116S METU!<\/b><\/h3>\n<hr \/>\n<h3 style=\"text-align: center\"><span style=\"color:#e74c3c\"><strong>Kelion\u0117 organizuojama individualiai, tod\u0117l d\u0117l l\u0117ktuvo biliet\u0173 ir vie&scaron;bu\u010dio kambari\u0173 pabrangimo, organizatorius gali atmesti rezervacij\u0105 arba pasi\u016blyti keliautojui priemok\u0105.<\/strong><\/span><\/h3>\n<hr \/>\n<p><strong>1 day<\/strong><\/p>\n<p>- Arrival at Vilnius Airport.<br \/> - Check-in.<br \/> \u2022 Skrydis: Vilnius \u2013 Viena.<br \/> \u2022 Perve\u017eimas \u012f 3* vie&scaron;but\u012f Bratislavoje, daiktus gal\u0117site palikti vie&scaron;bu\u010dio saugykloje (perkant ekskursij\u0173 paket\u0105 perve\u017eimas \u012fskai\u010diuotas).<br \/> \u2022 Ekskursija p\u0117s\u010diomis po Bratislav\u0105 (papildomai apmokami vie&scaron;ojo transporto bilietai).<br \/> \u2022 \u012esik\u016brimas vie&scaron;butyje.<br \/> - Free time.<br \/> \u2022 Nakvyn\u0117 vie&scaron;butyje.<\/p>\n<p>M\u016bs\u0173 mar&scaron;rutas drieksis per svarbiausius miesto simbolius, leisdamas pajusti jo charakter\u012f ir ritm\u0105. I&scaron;vysime diding\u0105 Bratislavos pil\u012f, i&scaron;kilusi\u0105 vir&scaron; miesto ir up\u0117s \u2013 pagrindin\u012f sostin\u0117s orientyr\u0105 ir jos daugiasluoksn\u0117s istorijos saugotoj\u0105. I&scaron; \u010dia atsiveria \u012fsp\u016bdingi vaizdai \u012f Dunoj\u0173 ir senamiest\u012f.<\/p>\n<p>Toliau prie&scaron; mus i&scaron;kils &Scaron;v. Martyno katedra \u2013 pagrindin\u0117 gotikin\u0117 Bratislavos &scaron;ventykla, kurioje anks\u010diau buvo kar\u016bnuojami Vengrijos karaliai. Jos grie\u017etas siluetas ir turtinga istorija daro j\u0105 vienu svarbiausi\u0173 miesto lankytin\u0173 objekt\u0173.<\/p>\n<p>Pamatysime ir Mykolo vartus \u2013 vienintelius i&scaron;likusius viduram\u017ei\u0173 Bratislavos miesto vartus, pro kuriuos &scaron;imtme\u010diais keliavo pirkliai ir keliautojai. Vaik&scaron;\u010diodami siauromis senamies\u010dio gatvel\u0117mis, taip pat i&scaron;vysime sen\u0105j\u0105 rotu&scaron;\u0119 \u2013 vien\u0105 seniausi\u0173 sostin\u0117s architekt\u016brini\u0173 kompleks\u0173, atspindint\u012f skirtingus jos raidos laikotarpius.<br \/> Ypating\u0105 d\u0117mes\u012f patrauks arkivyskup\u0173 r\u016bmai \u2013 eleganti&scaron;kas klasicistinio stiliaus pastatas, susij\u0119s su svarbiais Europos istorijos \u012fvykiais. Netoliese stovi Slovakijos nacionalinis teatras \u2013 miesto kult\u016brinio gyvenimo simbolis, kuriame dera tradicijos ir &scaron;iuolaikinis menas.<\/p>\n<p>Be &scaron;i\u0173 \u017eymi\u0173 viet\u0173, ekskursijos metu aplankysime ir kitus Bratislavos kampelius \u2013 jaukias aik&scaron;tes, atmosferinius skersgatvius ir vaizdingas panoramas, kurian\u010dias nepakartojam\u0105 miesto nuotaik\u0105. &Scaron;i ekskursija leis ne tik susipa\u017einti su lankytinomis vietomis, bet ir pajusti ypating\u0105 Bratislavos \u017eaves\u012f \u2013 miest\u0105, kuris atsiskleid\u017eia pama\u017eu ir palieka &scaron;ilt\u0105, beveik nam\u0173 jaukumo \u012fsp\u016bd\u012f.<\/p>\n<p><strong>Day 2 <\/strong><\/p>\n<p>\u2022 Pusry\u010diai vie&scaron;butyje (perkant ekskursij\u0173 paket\u0105 pusry\u010diai \u012fskai\u010diuoti).<br \/> - Free day.<br \/> \u2022 Pageidaujantiems si\u016blome ekskursin\u0119 i&scaron;vyk\u0105 \u201eMa\u017eieji Karpatai su vyno degustacija\u201c (papildomas mokestis \u2013 150 \u20ac\/asm. + \u012f\u0117jimo bilietai ~12 \u20ac\/asm.).<br \/> \u2022 Sugr\u012f\u017etame \u012f vie&scaron;but\u012f.<br \/> - Recreation.<br \/> \u2022 Nakvyn\u0117 vie&scaron;butyje.<\/p>\n<p>Kvie\u010diame jus \u012f vaizding\u0105 kelion\u0119 po Ma\u017e\u0173j\u0173 Karpat\u0173 region\u0105 \u2013 vien\u0105 gra\u017eiausi\u0173 &scaron;alies vyndaryst\u0117s kra&scaron;t\u0173, kuriame darniai susipina gamta, istorija ir &scaron;imtme\u010dius puosel\u0117jamos vyno gamybos tradicijos. Ekskursijos metu aplankysite vien\u0105 geriausiai i&scaron;silaikiusi\u0173 Slovakijos pili\u0173 \u2013 \u010cerven&yacute; Kame\u0148. Mi&scaron;k\u0173 apsuptyje st\u016bksanti tvirtov\u0117 \u017eavi galingomis gynybin\u0117mis sienomis, autenti&scaron;komis men\u0117mis ir unikaliomis po\u017eemin\u0117mis patalpomis, kurios praeityje buvo naudojamos vynui ir prek\u0117ms laikyti.<\/p>\n<p>Toliau mar&scaron;rutas drieksis per jaukius vyndari\u0173 miestelius \u2013 Svat&yacute; Jur, Pezinok\u0105 ir Modr\u0105, \u012fsik\u016brusius Ma\u017e\u0173j\u0173 Karpat\u0173 &scaron;laituose. &Scaron;ios vietov\u0117s gars\u0117ja savita atmosfera, senovine architekt\u016bra ir gilias &scaron;aknis turin\u010diomis vyndaryst\u0117s tradicijomis. Pasivaik&scaron;\u010diojimo metu susipa\u017einsite su regiono istorija, pamatysite tradicinius vyndari\u0173 namus, paragausite geriausi\u0173 vietini\u0173 vyn\u0173 ir su\u017einosite daugiau apie j\u0173 gamybos proces\u0105.<\/p>\n<p>&Scaron;i ekskursija \u2013 puiki galimyb\u0117 pasim\u0117gauti gamta, prisiliesti prie istorijos ir atrasti Slovakijos gastronomines tradicijas.<\/p>\n<p><strong>Day 3 <\/strong><\/p>\n<p>\u2022 Pusry\u010diai vie&scaron;butyje (perkant ekskursij\u0173 paket\u0105 pusry\u010diai \u012fskai\u010diuoti).<br \/> - Free day.<br \/> \u2022 Nakvyn\u0117 vie&scaron;butyje.<\/p>\n<p><strong>Day 4 <\/strong><\/p>\n<p>\u2022 Ankstyvas i&scaron;siregistravimas i&scaron; vie&scaron;bu\u010dio.<br \/> \u2022 Perve\u017eimas \u012f Vienos oro uost\u0105.<br \/> - Check-in.<br \/> \u2022 Skrydis: Viena \u2013 Vilnius.<br \/> \u2022 Atvykimas \u012f Vilni\u0173.<\/p>","protected":false},"excerpt":{"rendered":"<p>Garantuota nuo 2 asmen\u0173! SVARBU! EKSKURSIJ\u0172 IR PERVE\u017dIMO PAKETAS APMOKAMAS KELION\u0116S METU!SVARBU! EKSKURSIJ\u0172 IR PERVE\u017dIMO PAKETAS APMOKAMAS KELION\u0116S METU! Kelion&#8230;<\/p>","protected":false},"featured_media":17449,"comment_status":"open","ping_status":"closed","template":"","meta":{"om_disable_all_campaigns":false,"_monsterinsights_skip_tracking":false,"_monsterinsights_sitenote_active":false,"_monsterinsights_sitenote_note":"","_monsterinsights_sitenote_category":0},"product_brand":[],"product_cat":[669,792],"product_tag":[],"class_list":{"0":"post-17426","1":"product","2":"type-product","3":"status-publish","4":"has-post-thumbnail","6":"atravel_country-slovakija","7":"atravel_tour_type-avia","8":"atravel_currency-eurai","9":"atravel_departure_city-latvija","10":"product_cat-keliones","11":"product_cat-slovakija","13":"first","14":"instock","15":"taxable","16":"shipping-taxable","17":"purchasable","18":"product-type-variable","19":"has-default-attributes"},"aioseo_notices":[],"_links":{"self":[{"href":"https:\/\/www.atravel.lt\/en\/wp-json\/wp\/v2\/product\/17426","targetHints":{"allow":["GET"]}}],"collection":[{"href":"https:\/\/www.atravel.lt\/en\/wp-json\/wp\/v2\/product"}],"about":[{"href":"https:\/\/www.atravel.lt\/en\/wp-json\/wp\/v2\/types\/product"}],"replies":[{"embeddable":true,"href":"https:\/\/www.atravel.lt\/en\/wp-json\/wp\/v2\/comments?post=17426"}],"wp:featuredmedia":[{"embeddable":true,"href":"https:\/\/www.atravel.lt\/en\/wp-json\/wp\/v2\/media\/17449"}],"wp:attachment":[{"href":"https:\/\/www.atravel.lt\/en\/wp-json\/wp\/v2\/media?parent=17426"}],"wp:term":[{"taxonomy":"product_brand","embeddable":true,"href":"https:\/\/www.atravel.lt\/en\/wp-json\/wp\/v2\/product_brand?post=17426"},{"taxonomy":"product_cat","embeddable":true,"href":"https:\/\/www.atravel.lt\/en\/wp-json\/wp\/v2\/product_cat?post=17426"},{"taxonomy":"product_tag","embeddable":true,"href":"https:\/\/www.atravel.lt\/en\/wp-json\/wp\/v2\/product_tag?post=17426"}],"curies":[{"name":"wp","href":"https:\/\/api.w.org\/{rel}","templated":true}]}}