{"id":17398,"date":"2026-04-30T09:18:27","date_gmt":"2026-04-30T07:18:27","guid":{"rendered":"https:\/\/www.atravel.lt\/produktas\/city-tour-madridas-4-d-skrydis-is-kauno\/"},"modified":"2026-05-06T10:47:48","modified_gmt":"2026-05-06T08:47:48","slug":"city-tour-madridas-4-d-skrydis-is-kauno","status":"publish","type":"product","link":"https:\/\/www.atravel.lt\/en\/product\/city-tour-madridas-4-d-skrydis-is-kauno\/","title":{"rendered":"CITY TOUR: Madridas 4 d. (skrydis i\u0161 Kauno)"},"content":{"rendered":"<h3 style=\"text-align: center\"><span style=\"color:#16a085\"><b>Garantuota nuo 2 asmen\u0173!<\/b><\/span><\/h3>\n<hr \/>\n<h3 style=\"text-align: center\"><b>SVARBU! EKSKURSIJ\u0172 IR PERVE\u017dIMO PAKETAS APMOKAMAS KELION\u0116S METU!<\/b><\/h3>\n<hr \/>\n<h3 style=\"text-align: center\"><span style=\"color:#e74c3c\"><b>PRIKLAUSOMAI NUO SKRYD\u017dI\u0172 LAIK\u0172 GALI KEISTIS PROGRAMOS EILI&Scaron;KUMAS!<\/b><\/span><\/h3>\n<hr \/>\n<h3 style=\"text-align: center\"><span style=\"color:#c0392b\"><strong>Kelion\u0117 organizuojama individualiai, tod\u0117l d\u0117l l\u0117ktuvo biliet\u0173 ir vie&scaron;bu\u010dio kambari\u0173 pabrangimo, organizatorius gali atmesti rezervacij\u0105 arba pasi\u016blyti keliautojui priemok\u0105.<\/strong><\/span><\/h3>\n<hr \/>\n<p>1 day   <\/p>\n<p>\u2022    Atvykimas \u012f Kauno oro uost\u0105. <br \/>\n\u2022    Registracija \u012f skryd\u012f.<br \/>\n\u2022    Skrydis: Kaunas \u2013 Madridas (~13:15-16:25).<br \/>\n\u2022    Atvykimas \u012f Madrid\u0105.<br \/>\n\u2022    Perve\u017eimas \u012f 3* vie&scaron;but\u012f (\u012fskai\u010diuotas \u012f ekskursij\u0173 paket\u0105).<br \/>\n\u2022    \u012esik\u016brimas vie&scaron;butyje.<br \/>\n\u2022    Laisvas laikas.<br \/>\n\u2022    Nakvyn\u0117 vie&scaron;butyje.    <\/p>\n<p><strong>Day 2    <\/strong><\/p>\n<p>\u2022    Pusry\u010diai vie&scaron;butyje (perkant ekskursij\u0173 paket\u0105 pusry\u010diai \u012fskai\u010diuoti).<br \/>\n\u2022    Ekskursija p\u0117s\u010diomis po Madrid\u0105 (\u012f\u0117jimo bilietai apmokami papildomai).<br \/>\n\u2022    Laisvas laikas.<br \/>\n\u2022    Sugr\u012f\u017etame \u012f vie&scaron;but\u012f.<br \/>\n\u2022    Nakvyn\u0117 vie&scaron;butyje.    <\/p>\n<p>Madridas \u2013 miestas, kuriame karali&scaron;koji istorija, literat\u016bra ir menas susilieja \u012f vien\u0105 gyv\u0105 ritm\u0105. M\u016bs\u0173 kelion\u0117 prasid\u0117s Plaza de Espa&ntilde;a aik&scaron;t\u0117je \u2013 vienoje \u017eymiausi\u0173 sostin\u0117s viet\u0173. \u010cia st\u016bkso didingas paminklas Miguel de Cervantes, skirtas \u201eDon Kichoto\u201c autoriui, o &scaron;alia tarsi atgyja jo k\u016brinio herojai \u2013 Don Kichotas ir San\u010das Pansa.<\/p>\n<p>Toliau m\u016bs\u0173 laukia netik\u0117tas \u017eingsnis \u012f senov\u0119 \u2013 Debodo &scaron;ventykla, autenti&scaron;ka daugiau nei 2000 met\u0173 senumo egiptie\u010di\u0173 &scaron;ventykla, XX am\u017eiuje perkelta \u012f Madrid\u0105. I&scaron; \u010dia atsiveria viena gra\u017eiausi\u0173 senamies\u010dio panoram\u0173 \u2013 puiki vieta pajusti miesto mast\u0105 ir dvasi\u0105.<\/p>\n<p>T\u0119sdami kelion\u0119 pasinersime \u012f istorinio centro atmosfer\u0105, keliaudami per svarbiausias senamies\u010dio aik&scaron;tes. Plaza de Oriente pasitiks vaizdais \u012f Karali&scaron;kuosius r\u016bmus ir i&scaron;puosel\u0117tais sodais. Plaza de la Villa nukels \u012f viduram\u017ei\u0173 Madrid\u0105 su siauromis gatvel\u0117mis ir istoriniais pastatais. V\u0117liau pasieksime Plaza Mayor \u2013 senamies\u010dio &scaron;ird\u012f, kur &scaron;imtme\u010dius vyko mug\u0117s, &scaron;vent\u0117s ir svarbiausi miesto \u012fvykiai. Puerta del Sol, &scaron;iuolaikinio Madrido simbolis, taps dar viena reik&scaron;minga stotele, kur susikerta pagrindiniai Ispanijos keliai ir verda miesto gyvenimas.<\/p>\n<p>Ypating\u0105 viet\u0105 ekskursijoje u\u017eims Barrio de las Letras \u2013 Literat\u016brinis kvartalas, kuriame gyveno ir k\u016br\u0117 didieji ispan\u0173 ra&scaron;ytojai. Kiekviena &scaron;io rajono gatv\u0117 alsuoja Ispanijos literat\u016bros aukso am\u017eiaus dvasia.<\/p>\n<p>Kelion\u0119 u\u017ebaigsime prie visame pasaulyje garsaus Prado muziejaus \u2013 vieno svarbiausi\u0173 Europos meno muziej\u0173. Netoliese \u012fsik\u016br\u0119 ir kiti i&scaron;skirtiniai kult\u016bros centrai \u2013 Thyssen-Bornemisza muziejus bei Reina Sof&iacute;a meno centras, kartu sudarantys gars\u0173j\u012f \u201eaukso meno trikamp\u012f\u201c.<\/p>\n<p>Ekskursijos pabaigoje tur\u0117site laisvo laiko, kurio metu gal\u0117site aplankyti \u017eymiuosius Madrido muziejus. Rekomenduojame bilietais pasir\u016bpinti i&scaron; anksto, kad gal\u0117tum\u0117te visapusi&scaron;kai m\u0117gautis &scaron;io miesto kult\u016bros lobiais.<\/p>\n<p><strong>Day 3   <\/strong><\/p>\n<p>\u2022    Pusry\u010diai vie&scaron;butyje (perkant ekskursij\u0173 paket\u0105 pusry\u010diai \u012fskai\u010diuoti).<br \/>\n\u2022    Laisva diena.<br \/>\n\u2022    Nakvyn\u0117 vie&scaron;butyje.    <\/p>\n<p><strong>Day 4    <\/strong><\/p>\n<p>\u2022    Pusry\u010diai vie&scaron;butyje (perkant ekskursij\u0173 paket\u0105 pusry\u010diai \u012fskai\u010diuoti).<br \/>\n\u2022    I&scaron;siregistravimas i&scaron; vie&scaron;bu\u010dio.<br \/>\n\u2022    Laisvas laikas (daiktus gal\u0117site palikti vie&scaron;bu\u010dio saugykloje).<br \/>\n\u2022    Perve\u017eimas \u012f oro uost\u0105. <br \/>\n\u2022    Registracija \u012f skryd\u012f.<br \/>\n\u2022    Skrydis: Madridas \u2013 Kaunas (~19:15-00:10*).<br \/>\n\u2022    Atvykimas \u012f Kaun\u0105.    <\/p>","protected":false},"excerpt":{"rendered":"<p>Garantuota nuo 2 asmen\u0173! SVARBU! EKSKURSIJ\u0172 IR PERVE\u017dIMO PAKETAS APMOKAMAS KELION\u0116S METU! PRIKLAUSOMAI NUO SKRYD\u017dI\u0172 LAIK\u0172 GALI KEISTIS PROGRAMOS EILI&Scaron;KUM&#8230;<\/p>","protected":false},"featured_media":17424,"comment_status":"open","ping_status":"closed","template":"","meta":{"om_disable_all_campaigns":false,"_monsterinsights_skip_tracking":false,"_monsterinsights_sitenote_active":false,"_monsterinsights_sitenote_note":"","_monsterinsights_sitenote_category":0},"product_brand":[],"product_cat":[675,669],"product_tag":[],"class_list":{"0":"post-17398","1":"product","2":"type-product","3":"status-publish","4":"has-post-thumbnail","6":"atravel_country-ispanija","7":"atravel_tour_type-avia","8":"atravel_currency-eurai","9":"atravel_departure_city-latvija","10":"product_cat-ispanija","11":"product_cat-keliones","13":"first","14":"instock","15":"taxable","16":"shipping-taxable","17":"purchasable","18":"product-type-variable","19":"has-default-attributes"},"aioseo_notices":[],"_links":{"self":[{"href":"https:\/\/www.atravel.lt\/en\/wp-json\/wp\/v2\/product\/17398","targetHints":{"allow":["GET"]}}],"collection":[{"href":"https:\/\/www.atravel.lt\/en\/wp-json\/wp\/v2\/product"}],"about":[{"href":"https:\/\/www.atravel.lt\/en\/wp-json\/wp\/v2\/types\/product"}],"replies":[{"embeddable":true,"href":"https:\/\/www.atravel.lt\/en\/wp-json\/wp\/v2\/comments?post=17398"}],"wp:featuredmedia":[{"embeddable":true,"href":"https:\/\/www.atravel.lt\/en\/wp-json\/wp\/v2\/media\/17424"}],"wp:attachment":[{"href":"https:\/\/www.atravel.lt\/en\/wp-json\/wp\/v2\/media?parent=17398"}],"wp:term":[{"taxonomy":"product_brand","embeddable":true,"href":"https:\/\/www.atravel.lt\/en\/wp-json\/wp\/v2\/product_brand?post=17398"},{"taxonomy":"product_cat","embeddable":true,"href":"https:\/\/www.atravel.lt\/en\/wp-json\/wp\/v2\/product_cat?post=17398"},{"taxonomy":"product_tag","embeddable":true,"href":"https:\/\/www.atravel.lt\/en\/wp-json\/wp\/v2\/product_tag?post=17398"}],"curies":[{"name":"wp","href":"https:\/\/api.w.org\/{rel}","templated":true}]}}