{"id":17392,"date":"2026-04-30T09:17:54","date_gmt":"2026-04-30T07:17:54","guid":{"rendered":"https:\/\/www.atravel.lt\/produktas\/poilsis-balio-saloje-15-d-skrydis-is-rygos\/"},"modified":"2026-05-06T10:47:34","modified_gmt":"2026-05-06T08:47:34","slug":"poilsis-balio-saloje-15-d-skrydis-is-rygos","status":"publish","type":"product","link":"https:\/\/www.atravel.lt\/en\/product\/poilsis-balio-saloje-15-d-skrydis-is-rygos\/","title":{"rendered":"Poilsis Balio saloje 15 d. (skrydis i\u0161 Rygos)"},"content":{"rendered":"<h3><span style=\"color:#e74c3c\"><strong>D\u0116MESIO! Vykstant \u012f Balio sal\u0105 LR pilie\u010diams yra PRIVALOMA:<\/strong><\/span><\/h3>\n<ol>\n<li>\n<p><strong><span style=\"color:#e74c3c\">VIZA (VISA ON ARRIVAL), kuri\u0105 galite gauti oro uoste atvyk\u0119 \u012f Bal\u012f arba ja galite pasir\u016bpinti i&scaron; anksto <\/span><a href=\"https:\/\/evisa.imigrasi.go.id\/web\/application_add\/visa\/4eb7326f-ddfb-4e61-a24a-fb02adceb67f\/3dc4013d-e9af-44bf-89c0-82cba92563c3\/f0c05fe2-f8d6-4bf1-904c-9fa5a694162f\/step_1\"><span style=\"color:#2980b9\">paspaud\u0119 \u010cIA<\/span><\/a><span style=\"color:#e74c3c\">, vizos mokestis &#8211; 500 000 IDR (Indonezijos rupij\u0173) ~ 35 $\/asm.<\/span><\/strong><\/p>\n<\/li>\n<li>\n<p><strong><span style=\"color:#e74c3c\">Nuo 2024 m. vasario 14 d. \u012fvestas TURISTO MOKESTIS (Tourism Levy), kur\u012f taip pat galite apmok\u0117ti oro uoste atvyk\u0119 \u012f Bal\u012f arba j\u012f galite apmok\u0117ti i&scaron; anksto <\/span><a href=\"https:\/\/lovebali.baliprov.go.id\/\"><span style=\"color:#2980b9\">paspaud\u0119 \u010cIA<\/span><\/a>, <span style=\"color:#e74c3c\">turisto mokes\u010dio dydis &#8211; 150 000 IDR (Indonezijos rupij\u0173) ~ 10 $\/asm.<\/span><\/strong><\/p>\n<\/li>\n<li>\n<p><strong><span style=\"color:#e74c3c\">VISI ASMENYS VYKSTANTYS \u012e BAL\u012e, ne anks\u010diau kaip 3 dienos iki atvykimo \u012f &scaron;al\u012f, PRIVALO SAVARANKI&Scaron;KAI u\u017epildyti deklaracij\u0105 <\/span> <a href=\"https:\/\/allindonesia.imigrasi.go.id\/\">https:\/\/allindonesia.imigrasi.go.id\/<\/a><\/strong><\/p>\n<\/li>\n<\/ol>\n<hr \/>\n<h3 style=\"text-align: center\"><span style=\"color:#e74c3c\"><strong>Tiksl\u0173 skryd\u017eio laik\u0105 \u017ei\u016br\u0117kite m\u016bs\u0173 svetain\u0117je likus 2 dienoms iki kelion\u0117s klient\u0173 skiltyje <\/strong><\/span><strong><a href=\"https:\/\/interluxtravel.lt\/sends\"><span style=\"color:#2980b9\">\u201eI&Scaron;VYKIMAI\u201c<\/span><\/a><\/strong><span style=\"color:#e74c3c\"><strong>.<\/strong><\/span><\/h3>\n<hr \/>\n<p><strong>1 day <\/strong><\/p>\n<p>- Arrival at Riga Airport.<br \/> \u2022 Skrydis: Ryga &#8211; Stambulas (~19:00-23:15).<br \/> \u2022 Atvykimas \u012f Stambul\u0105. <\/p>\n<p><strong>Day 2 <\/strong><\/p>\n<p>\u2022 Skrydis: Stambulas \u2013 Denpasaras (~02:25-20:00).<br \/> \u2022 Atskridimas \u012f Bal\u012f.<br \/> \u2022 Perve\u017eimas \u012f vie&scaron;but\u012f.<br \/> \u2022 \u012esik\u016brimas vie&scaron;butyje.<br \/> \u2022 Nakvyn\u0117 vie&scaron;butyje. <\/p>\n<p>Balis &#8211; viena \u017eaviausi\u0173 ir populiariausi\u0173 Malaizijos salyno Indonezijos sal\u0173, tikroji pasaka i&scaron; tikr\u0173j\u0173, nuostabi sala, padengta smaragdini\u0173 ry\u017ei\u0173 lauk\u0173 terasomis, ir gvazdik\u0117li\u0173 mi&scaron;kai, apipinti kvapniomis g\u0117l\u0117mis. Oro temperat\u016bra saloje visus metus yra + 25\u201330 laipsni\u0173, o j\u016bros temperat\u016bra +28 laipsniai. Pirmiausia keliautojus vilioja jo &scaron;viesi ir \u012fvairi gamta, taip pat nuostab\u016bs sm\u0117lio papl\u016bdimiai su u\u017eburian\u010diu bang\u0173 garsu.<\/p>\n<p><strong>Day 3 <\/strong><\/p>\n<p>\u2022 Pusry\u010diai vie&scaron;butyje (perkant ekskursij\u0173 paket\u0105 pusry\u010diai \u012fskai\u010diuoti).<br \/> \u2022 Ap\u017evalgin\u0117 ekskursija po Balio sal\u0105.<br \/> \u2022 Pageidaujantiems si\u016blome pietus su nepakartojama panorama \u012f ugnikaln\u012f (papildomas mokestis ~8 \u20ac).<br \/> \u2022 Sugr\u012f\u017etame \u012f vie&scaron;but\u012f.<br \/> \u2022 Nakvyn\u0117 vie&scaron;butyje. <\/p>\n<p>Balis &#8211; stebuklingas kiekvieno skonio malonum\u0173 &scaron;altinis: ekstremalus, informatyvus ir ramus.<\/p>\n<p>Ekskursijos metu aplankysime gars\u0173j\u012f Ubudo amatinink\u0173 kaim\u0105 ir su\u017einosime apie tradicinius Balio amatus. Nor\u0117dami tai padaryti, pasiruo&scaron;kite steb\u0117ti gyvus amatininkus, dirban\u010dius su sidabru.<\/p>\n<p>Toliau aplankysite &scaron;ventojo vandens Tirta Empul &scaron;ventykl\u0105, kurioje yra garsusis &scaron;altinis, kuris, remiantis induist\u0173 \u012fsitikinimais, gydo nuo lig\u0173 ir valo ne tik k\u016bn\u0105, bet ir siel\u0105. J\u016bs i&scaron; karto pasteb\u0117site did\u017eiul\u012f \u017ealumos kiek\u012f, tod\u0117l visada yra &scaron;e&scaron;\u0117lis ir v\u0117sumas, o tai svarbu, kai esate kar&scaron;toje saloje. Bet svarbiausia viso komplekso atrakcija yra trys baseinai, kuriuose galite i&scaron;simaudyti, nes i&scaron; apa\u010dios mu&scaron;a skaidrus, kri&scaron;tolo skaidrumo, g\u0117lo vandens &scaron;altinis. Toje pa\u010dioje vietoje, &scaron;ioje teritorijoje, yra suvenyr\u0173 turgus, kurio kainos jus maloniai nustebins, be to, nepamir&scaron;kite, kad der\u0117tis visada tinkama!<\/p>\n<p>Mes nepraeisime pro &scaron;al\u012f karali&scaron;kojo Gugung Kavi dinastijos kapo (\u012f\u0117jimo bilietas ~20000 rupij\u0173\/~1 \u20ac), kuris i&scaron;rai\u017eytas tiesiai uoloje! Jus ypa\u010d su\u017eav\u0117s &scaron;vedi&scaron;ko stalo piet\u016bs ap\u017evalgos aik&scaron;tel\u0117je su vaizdu \u012f Baturo ugnikaln\u012f, esanti 1717 m. vir&scaron; j\u016bros lygio (papildomas mokestis ~8 \u20ac).<\/p>\n<p>Po so\u010di\u0173 piet\u0173, pasis\u0117m\u0119 nauj\u0173 j\u0117g\u0173, keliausime \u012f ne\u012fprastas ry\u017ei\u0173 terasas, primenan\u010dias mil\u017eini&scaron;kus laiptus, organi&scaron;kai \u012f\u017eengusius \u012f gamtos kra&scaron;tovaizd\u012f per &scaron;imtme\u010dius. O viename i&scaron; senovini\u0173 kaln\u0173 region\u0173 nemokamai ragausime \u012fvairi\u0173 r\u016b&scaron;i\u0173 arbatos ir kavos, susipa\u017eindami su brangiausi\u0105 kav\u0105 gaminan\u010diu garsiuoju gyv\u016bnu \u2013 palminiu musangu.<\/p>\n<p><strong>Day 4 <\/strong><\/p>\n<p>\u2022 Pusry\u010diai vie&scaron;butyje (perkant ekskursij\u0173 paket\u0105 pusry\u010diai \u012fskai\u010diuoti).<br \/> \u2022 Ekskursin\u0117 i&scaron;vyka \u201e&Scaron;iaur\u0117s salos gro\u017eis\u201c.<br \/> \u2022 Sugr\u012f\u017etame \u012f vie&scaron;but\u012f.<br \/> \u2022 Nakvyn\u0117 vie&scaron;butyje. <\/p>\n<p>Ryte i&scaron;vykstame \u012f ekskursin\u0119 i&scaron;vyk\u0105 \u201e&Scaron;iaur\u0117s gro\u017eis\u201c, kurios metu aplankysite antr\u0105j\u0105 pagal dyd\u012f Balio salos &scaron;ventykl\u0105, \u017einom\u0105 nuo XVIII am\u017eiaus, vadinam\u0105 \u201eTaman Ayun\u201c, kuri nustebins jus nepakartojama architekt\u016bra. Be to, &scaron;ventyklos teritorij\u0105 supa gra\u017e\u016bs lotos\u0173 tvenkiniai. Tai tikras sodas su \u012fvairiomis g\u0117l\u0117mis ir vaismed\u017eiais, kuriuos galima pamatyti tik Balyje. Skirting\u0173 lygi\u0173 bok&scaron;tai, pagodos, tiltai, skulpt\u016bros, statulos, akmenin\u0117s statulos ir vaizdinga vietov\u0117 &#8211; tai tik dalis to, k\u0105 turite pamatyti.<\/p>\n<p>Pasim\u0117gav\u0119 tradicini\u0173 balieti&scaron;k\u0173 pastat\u0173 unikalumu, mes eisime \u012f pa\u010di\u0105 visos salos &scaron;iaur\u0119 \u012f jos kalnuot\u0105 dal\u012f iki Ulun Danu &scaron;ventov\u0117s, papuo&scaron;tos grak&scaron;\u010diomis pagodomis. Tai yra &scaron;ventykl\u0173 kompleksas, i&scaron;plat\u0117j\u0119s ant &scaron;ventojo Beratano e\u017eero krant\u0173. E\u017eeras yra did\u017eiausias g\u0117lo vandens &scaron;altinis, i&scaron; kurio vietiniai \u017emon\u0117s dr\u0117kina ry\u017ei\u0173 laukus. Derlius priklauso nuo to, kiek gilus bus e\u017eeras.<\/p>\n<p>Nepamir&scaron;ime ir unikalaus 1200 metr\u0173 vir&scaron; j\u016bros lygio i&scaron;kilusio Beratano e\u017eero, kurio lygus pavir&scaron;ius priglunda prie pakrant\u0117je esan\u010di\u0173 &scaron;ventyklos pastat\u0173, tod\u0117l susidaro \u012fsp\u016bdis, kad &scaron;ventov\u0117 pl\u016bduriuoja ant vandens \u2013 puiki vieta sustoti ir papietauti.<\/p>\n<p>Paskutinis &scaron;ios dienos akordas bus apsilankymas Tanah Loto &scaron;ventykloje, kuri pastatyta tiesiai ant uolos, skalaujamos vandenyno! &Scaron;tai kod\u0117l vietiniai gyventojai j\u0105 vadina &scaron;ventykla ant vandens. Manoma, kad j\u016bra yra ne kas kita, kaip demon\u0173 ir pikt\u0173j\u0173 dvasi\u0173 buvein\u0117, o &scaron;ventyklos yra skirtos apsaugoti Balio gyventojus nuo j\u0173.<\/p>\n<p><strong>Day 5 <\/strong><\/p>\n<p>\u2022 Pusry\u010diai vie&scaron;butyje (perkant ekskursij\u0173 paket\u0105 pusry\u010diai \u012fskai\u010diuoti).<br \/> - Free day by the sea.<br \/> \u2022 Pageidaujantiems si\u016blome ekskursin\u0119 i&scaron;vyk\u0105 \u201eRyt\u0173 paslaptys\u201c (papildomas mokestis 40 \u20ac\/asm. ekskursija \u012fvyks, jei susirinks 15 \u017emoni\u0173).<br \/> \u2022 Sugr\u012f\u017etame \u012f vie&scaron;but\u012f.<br \/> - Recreation.<br \/> \u2022 Nakvyn\u0117 vie&scaron;butyje.<\/p>\n<p>Mes padar\u0117me taip, kad &scaron;i\u0105 dien\u0105 j\u016bs taip pat gal\u0117site m\u0117gautis \u012fsiminan\u010diomis salos vietomis bei degintis saul\u0117je ir pasilepinti vandens proced\u016bromis. Prad\u017eioje si\u016blome apsilankyti karali&scaron;kosios &scaron;eimos vandens r\u016bm\u0173, vadinam\u0173 Tirta Ganga (\u012f\u0117jimo bilietas ~40000 rupij\u0173\/~3 \u20ac), teritorijoje, kur yra vienas vaizdingiausi\u0173 Balio g\u0117li\u0173 sod\u0173.<\/p>\n<p>Tada aplankysime &scaron;ventykl\u0105 &#8211; &scaron;ventov\u0119 ir &scaron;ik&scaron;nosparni\u0173 uol\u0105 &#8211; Goa Lawah. Viena paslaptingiausi\u0173 &scaron;ventykl\u0173 visoje saloje. Ji buvo pastatytas prie \u012f\u0117jimo \u012f urv\u0173 labirint\u0105, kuriame gyvena t\u016bkstan\u010diai &scaron;ik&scaron;nosparni\u0173. I&scaron; tikr\u0173j\u0173 Balyje &scaron;ik&scaron;nosparniai yra laikomi &scaron;ventais padarais. <\/p>\n<p>Pabendravus su &scaron;ik&scaron;nosparniais, jus nustebins nepaprastas juodo sm\u0117lio papl\u016bdimys, prie kurio padarysime foto pauz\u0119, kur vietos gyventojai mielai parodys, kaip vyksta druskos i&scaron;gavimo procesas.<\/p>\n<p>Be to, pasiruo&scaron;kite padaryti pa\u010dias instagrami&scaron;kiausias nuotraukas Tirta Ganga vandens r\u016bm\u0173 teritorijoje, papuo&scaron;toje daugybe grak&scaron;\u010di\u0173 tilt\u0173, tvenkini\u0173, vaizding\u0173 al\u0117j\u0173 ir diev\u0173 su demon\u0173 statulomis.<\/p>\n<p>B\u016bdami salos rytuose, tiesiog privalome aplankyti vien\u0105 fotogeni&scaron;kiausi\u0173 ir nepasiekiam\u0173 Balio papl\u016bdimi\u0173 \u201eVirgin Beach\u201c, kuris yra pati \u201eatviri&scaron;kiausia vieta\u201c.<\/p>\n<p><strong>Day 6 <\/strong><\/p>\n<p>\u2022 Pusry\u010diai vie&scaron;butyje (perkant ekskursij\u0173 paket\u0105 pusry\u010diai \u012fskai\u010diuoti).<br \/> \u2022 Ekskursin\u0117 i&scaron;vyka \u201eKerta Goza, Penglipuran, Pura-Besakih\u201c.<br \/> \u2022 Sugr\u012f\u017etame \u012f vie&scaron;but\u012f.<br \/> - Recreation.<br \/> \u2022 Nakvyn\u0117 vie&scaron;butyje. <\/p>\n<p>Pura-Besakih &#8211; yra viena i&scaron; pagrindini\u0173 salos &scaron;ventovi\u0173, ji yra Agungo kalno pap\u0117d\u0117je, 1000 m. auk&scaron;tyje vir&scaron; j\u016bros lygio. &Scaron;is religinis pastatas vadinamas \u201e&scaron;ventykl\u0173 motina\u201c, i&scaron; tikr\u0173j\u0173 tai visas kompleksas, susidedantis i&scaron; keli\u0173 de&scaron;im\u010di\u0173 pastat\u0173. Svarbiausia &scaron;iame &scaron;ventovi\u0173 komplekse yra centrin\u0117 Pura Peneteran Agung (Pura Peneteran Agung) &scaron;ventykla, \u012f kurios pagrindin\u012f \u012f\u0117jim\u0105 veda did\u017eiuliai laiptai, gausiai dekoruoti demon\u0173 sargybiniais. Balio gyventojai labai atsargiai \u017ei\u016bri \u012f &scaron;i\u0105 &scaron;ventov\u0119. Tik\u0117jimas tuo, kad Pura-Besakiho kompleksas yra &scaron;venta vieta, dar labiau sustipr\u0117jo, kai 1963 m. d\u0117l stipraus Agungo ugnikalnio i&scaron;siver\u017eimo &scaron;ventykla prakti&scaron;kai nebuvo pa\u017eeista. Lavos srautai pratek\u0117jo u\u017e keli\u0173 metr\u0173 nuo &scaron;ventyklos, nepaliesdami svarbi\u0173 &scaron;ventyklos pastat\u0173.<\/p>\n<p>Toliau vyksime \u012f Penglipurano kaim\u0105, vien\u0105 i&scaron; trij\u0173 &scaron;variausi\u0173 m\u016bs\u0173 planetoje. Tai dar viena puiki galimyb\u0117 susipa\u017einti su vietos tradicijomis, kult\u016bra ir buitimi.<\/p>\n<p>O kelion\u0117s pabaigoje aplankysime muziej\u0173 kompleks\u0105 Kerta Goza su istoriniu Auk&scaron;\u010diausiojo Teismo pastatu.<\/p>\n<p><strong>Day 7 <\/strong><\/p>\n<p>\u2022 Pusry\u010diai vie&scaron;butyje (perkant ekskursij\u0173 paket\u0105 pusry\u010diai \u012fskai\u010diuoti).<br \/> \u2022 Ekskursin\u0117 i&scaron;vyka \u012f pietin\u0119 Balio dal\u012f su kult\u016bros parko \u201eGaruda-Vishnu-Kenchana\u201c lankymu.<br \/> \u2022 Sugr\u012f\u017etame \u012f vie&scaron;but\u012f.<br \/> - Recreation.<br \/> \u2022 Nakvyn\u0117 vie&scaron;butyje. <\/p>\n<p>Atvyksime \u012f vien\u0105 \u012fdomiausi\u0173 kult\u016bros park\u0173 visoje Pietry\u010di\u0173 Azijoje GWK, kad taptume kostium\u0173 &scaron;ou \u017ei\u016brovais ar\u010diau unikalios Balio kult\u016bros. Be to, tai parkas, kuriame teis\u0117tai gali pasigirti viena auk&scaron;\u010diausi\u0173 religini\u0173 statul\u0173 pasaulyje, i&scaron;kilusia 146 metrus vir&scaron; salos.<\/p>\n<p>Balio vizitin\u0117s kortel\u0117s tuo nesibaigia, nes kita m\u016bs\u0173 apsilankymo verta vieta bus senovin\u0117 Uluwatu &scaron;ventykla, pastatyta ant 90 metr\u0173 uolos vir&scaron; Indijos vandenyno. B\u016btent ten rasite labiausiai kvap\u0105 gniau\u017eian\u010dius jo vaizdus. &Scaron;ventykla netgi turi savo &scaron;ventus gyventojus i&scaron;dykusi\u0173 be\u017ed\u017eioni\u0173 pavidalu, nepalikusi\u0173 abejing\u0173 nei vieno turisto!<\/p>\n<p>Nor\u0117dami dar labiau pa\u012fvairinti &scaron;i\u0105 dien\u0105, Pandavos papl\u016bdimyje si\u016blome pasinerti \u012f \u017eavingus Indijos vandenyno vandenis, i&scaron;klot\u0105 &scaron;viesiai sm\u0117lio spalvos sm\u0117liu ir ribojam\u0105 auk&scaron;t\u0173 kalkakmenio skard\u017ei\u0173, tod\u0117l &scaron;is kerintis papl\u016bdimys tampa dar patrauklesnis! Dar visai neseniai tai buvo ne\u017einoma vieta turistams. Dabar gra\u017eus vaizdas \u012f \u017eydr\u0105 vandenyn\u0105 \u010dia vilioja ir vietinius, ir lankytojus.<\/p>\n<p><strong>Day 8 <\/strong><\/p>\n<p>\u2022 Pusry\u010diai vie&scaron;butyje (perkant ekskursij\u0173 paket\u0105 pusry\u010diai \u012fskai\u010diuoti).<br \/> - Free day.<br \/> \u2022 Pageidaujantiems si\u016blome perve\u017eim\u0105 \u012f Bali Safari ir Marine Park park\u0105 (papildomas mokestis \u2013 40 \u20ac\/asm. + \u012f\u0117jimo bilietai \u2013 nuo 60 $, \u012fvyks susirinkus keliautoj\u0173 grupei).<br \/> \u2022 Sugr\u012f\u017etame \u012f vie&scaron;but\u012f.<br \/> - Recreation.<br \/> \u2022 Nakvyn\u0117 vie&scaron;butyje. <\/p>\n<p>Safario parkas Balyje sujungia klasikin\u012f Afrikos safar\u012f ir Balio nacionalin\u0117s kult\u016bros bruo\u017eus. &Scaron;iuo metu \u010dia gyvena daugiau nei 60 egzotini\u0173 gyv\u016bn\u0173 r\u016b&scaron;i\u0173, \u012fskaitant kelet\u0105 ret\u0173 ir nykstan\u010di\u0173 r\u016b&scaron;i\u0173, toki\u0173 kaip Sumatrano tigrai, Sumatros drambliai, baltieji tigrai ir Komodo varanai (drakonai). Gyv\u016bnai parke gyvena ne narvuose, o dideliuose ir laisvuose aptvaruose, labiau kaip laukin\u0117je gamtoje. Tod\u0117l turistai po gyv\u016bn\u0173 park\u0105 keliauja specialiu autobusu \u2013 safari mobiliu.<\/p>\n<p>Kelion\u0117s metu tur\u0117site galimyb\u0119 i&scaron; arti ap\u017ei\u016br\u0117ti Indonezijos, Indijos ir Afrikos laukin\u0117s gamtos atstovus \u2013 zebrus, raganosius, tigrus, li\u016btus.<\/p>\n<p>J\u016br\u0173 parke (Marine Park) gal\u0117site apsilankyti u\u017eburian\u010diose atrakcionuose, \u012frengtuose taikant naujausias technologijas, arba praleisti laik\u0105 vandens parke, arba aplankyti did\u017eiul\u0119 akvariumo teritorij\u0105 \u2013 unikali\u0105 viet\u0105, kur galima pamatyti t\u016bkstan\u010dius \u012fvairiausi\u0173 r\u016b&scaron;i\u0173 \u017euv\u0173, surinkt\u0173 i&scaron; viso pasaulio. J\u016br\u0173 parke netgi laikomas baltasis ryklys specialioje akvariumo dalyje, taip pat kraujo i&scaron;tro&scaron;kusios piranijos ir kitos pl\u0117&scaron;riosios \u017euvys. Parko darbuotojai pataria steb\u0117ti piranij\u0173 &scaron;\u0117rim\u0105, kuris vyksta kasdien 10:30 ir 16:00. Taip pat aplankysite labai gra\u017e\u0173 ir spalving\u0105 teatralizuot\u0105 spektakl\u012f \u201eBali Agung Show\u201c.<\/p>\n<p><strong>Day 9 <\/strong><\/p>\n<p>\u2022 Pusry\u010diai vie&scaron;butyje (perkant ekskursij\u0173 paket\u0105 pusry\u010diai \u012fskai\u010diuoti).<br \/> \u2022 Laisva diena, poilsis prie j\u016bros.<br \/> \u2022 Nakvyn\u0117 vie&scaron;butyje. <\/p>\n<p><strong>Day 10 <\/strong><\/p>\n<p>\u2022 Pusry\u010diai vie&scaron;butyje (perkant ekskursij\u0173 paket\u0105 pusry\u010diai \u012fskai\u010diuoti).<br \/> \u2022 Laisva diena, poilsis prie j\u016bros.<br \/> \u2022 Nakvyn\u0117 vie&scaron;butyje. <\/p>\n<p><strong>Day 11 <\/strong><\/p>\n<p>\u2022 Pusry\u010diai vie&scaron;butyje (perkant ekskursij\u0173 paket\u0105 pusry\u010diai \u012fskai\u010diuoti).<br \/> \u2022 Laisva diena, poilsis prie j\u016bros.<br \/> \u2022 Nakvyn\u0117 vie&scaron;butyje. <\/p>\n<p><strong>Day 12 <\/strong><\/p>\n<p>\u2022 Pusry\u010diai vie&scaron;butyje (perkant ekskursij\u0173 paket\u0105 pusry\u010diai \u012fskai\u010diuoti).<br \/> \u2022 Laisva diena, poilsis prie j\u016bros.<br \/> \u2022 Nakvyn\u0117 vie&scaron;butyje. <\/p>\n<p><strong>Day 13 <\/strong><\/p>\n<p>\u2022 Pusry\u010diai vie&scaron;butyje (perkant ekskursij\u0173 paket\u0105 pusry\u010diai \u012fskai\u010diuoti).<br \/> \u2022 Laisva diena, poilsis prie j\u016bros.<br \/> \u2022 Nakvyn\u0117 vie&scaron;butyje. <\/p>\n<p><strong>Day 14 <\/strong><\/p>\n<p>\u2022 Pusry\u010diai vie&scaron;butyje (perkant ekskursij\u0173 paket\u0105 pusry\u010diai \u012fskai\u010diuoti).<br \/> \u2022 I&scaron;siregistravimas i&scaron; vie&scaron;bu\u010dio.<br \/> - Free day.<br \/> \u2022 Perve\u017eimas i&scaron; vie&scaron;bu\u010dio \u012f Balio oro uost\u0105.<br \/> \u2022 Skrydis: Denpasaras &#8211; Stambulas (~22:00-06:25*). <\/p>\n<p><strong>Day 15 <\/strong><\/p>\n<p>- We arrive in Istanbul.<br \/> \u2022 Skrydis: Stambulas &#8211; Ryga (~15:50-18:05).<br \/> - Arrival in Riga. <\/p>","protected":false},"excerpt":{"rendered":"<p>D\u0116MESIO! Vykstant \u012f Balio sal\u0105 LR pilie\u010diams yra PRIVALOMA: VIZA (VISA ON ARRIVAL), kuri\u0105 galite gauti oro uoste atvyk\u0119 \u012f Bal\u012f arba ja galite pasir\u016bpinti i&#038;scar&#8230;<\/p>","protected":false},"featured_media":17394,"comment_status":"open","ping_status":"closed","template":"","meta":{"om_disable_all_campaigns":false,"_monsterinsights_skip_tracking":false,"_monsterinsights_sitenote_active":false,"_monsterinsights_sitenote_note":"","_monsterinsights_sitenote_category":0},"product_brand":[],"product_cat":[770,669],"product_tag":[],"class_list":{"0":"post-17392","1":"product","2":"type-product","3":"status-publish","4":"has-post-thumbnail","6":"atravel_country-bali-indonezija","7":"atravel_country-indonezija","8":"atravel_tour_type-avia","9":"atravel_currency-eurai","10":"atravel_departure_city-latvija","11":"product_cat-indonezija","12":"product_cat-keliones","14":"first","15":"instock","16":"taxable","17":"shipping-taxable","18":"purchasable","19":"product-type-variable","20":"has-default-attributes"},"aioseo_notices":[],"_links":{"self":[{"href":"https:\/\/www.atravel.lt\/en\/wp-json\/wp\/v2\/product\/17392","targetHints":{"allow":["GET"]}}],"collection":[{"href":"https:\/\/www.atravel.lt\/en\/wp-json\/wp\/v2\/product"}],"about":[{"href":"https:\/\/www.atravel.lt\/en\/wp-json\/wp\/v2\/types\/product"}],"replies":[{"embeddable":true,"href":"https:\/\/www.atravel.lt\/en\/wp-json\/wp\/v2\/comments?post=17392"}],"wp:featuredmedia":[{"embeddable":true,"href":"https:\/\/www.atravel.lt\/en\/wp-json\/wp\/v2\/media\/17394"}],"wp:attachment":[{"href":"https:\/\/www.atravel.lt\/en\/wp-json\/wp\/v2\/media?parent=17392"}],"wp:term":[{"taxonomy":"product_brand","embeddable":true,"href":"https:\/\/www.atravel.lt\/en\/wp-json\/wp\/v2\/product_brand?post=17392"},{"taxonomy":"product_cat","embeddable":true,"href":"https:\/\/www.atravel.lt\/en\/wp-json\/wp\/v2\/product_cat?post=17392"},{"taxonomy":"product_tag","embeddable":true,"href":"https:\/\/www.atravel.lt\/en\/wp-json\/wp\/v2\/product_tag?post=17392"}],"curies":[{"name":"wp","href":"https:\/\/api.w.org\/{rel}","templated":true}]}}