{"id":17330,"date":"2026-04-25T22:25:45","date_gmt":"2026-04-25T20:25:45","guid":{"rendered":"https:\/\/www.atravel.lt\/produktas\/savarankiska-kelione-i-rodo-sala-8-d-skrydis-is-kauno\/"},"modified":"2026-05-06T10:47:48","modified_gmt":"2026-05-06T08:47:48","slug":"savarankiska-kelione-i-rodo-sala-8-d-skrydis-is-kauno","status":"publish","type":"product","link":"https:\/\/www.atravel.lt\/en\/product\/savarankiska-kelione-i-rodo-sala-8-d-skrydis-is-kauno\/","title":{"rendered":"Savaranki\u0161ka kelion\u0117 \u012f Rodo sal\u0105 8 d. (skrydis i\u0161 Kauno)"},"content":{"rendered":"<h3 style=\"text-align: center\"><span style=\"font-size:18px\"><span style=\"color:#27ae60\"><strong>Garantuota nuo 2 asmen\u0173!<\/strong><\/span><\/span><\/h3>\n<hr \/>\n<h3 style=\"text-align: center\"><b>SVARBU! EKSKURSIJ\u0172 IR PERVE\u017dIMO PAKETAS APMOKAMAS KELION\u0116S METU!<\/b><\/h3>\n<hr \/>\n<h3 style=\"text-align: center\"><span style=\"color:#e74c3c\"><strong>Kelion\u0117 organizuojama individualiai, tod\u0117l d\u0117l l\u0117ktuvo biliet\u0173 ir vie&scaron;bu\u010dio kambari\u0173 pabrangimo, organizatorius gali atmesti rezervacij\u0105 arba pasi\u016blyti keliautojui priemok\u0105.<\/strong><\/span><\/h3>\n<hr \/>\n<p><strong>1 day <\/strong><\/p>\n<p>\u2022 Atvykimas \u012f Kauno oro uost\u0105.<br \/> - Check-in.<br \/> \u2022 Skrydis Kaunas \u2013 Rodas (~17:50-21:05).<br \/> \u2022 Atvykimas \u012f Rodo sal\u0105.<br \/> \u2022 Perve\u017eimas: oro uostas \u2013 vie&scaron;butis (perkant ekskursij\u0173 paket\u0105 perve\u017eimas \u012fskai\u010diuotas).<br \/> \u2022 \u012esik\u016brimas vie&scaron;butyje.<br \/> - Recreation.<br \/> \u2022 Nakvyn\u0117 vie&scaron;butyje.<\/p>\n<p>Rodas \u2013 vienas saul\u0117\u010diausi\u0173 Graikijos kurort\u0173, kuriame vasara jau\u010diama beveik visus metus. \u010cia dera sm\u0117lio ir \u017evyro papl\u016bdimiai: nuo ramios Vidur\u017eemio j\u016bros iki v\u0117juotesn\u0117s Eg\u0117jo pakrant\u0117s, puikiai tinkan\u010dios banglen\u010di\u0173 sportui. Maudymosi sezonas trunka nuo gegu\u017e\u0117s iki spalio, o vandens temperat\u016bra vasaros \u012fkar&scaron;tyje siekia +24\u2026+27 \u00b0C. Rodas traukia stabiliais orais, &scaron;varia j\u016bra ir gerai i&scaron;vystyta turizmo infrastrukt\u016bra.<\/p>\n<p><strong>Day 2 <\/strong><\/p>\n<p>\u2022 Pusry\u010diai vie&scaron;butyje (perkant ekskursij\u0173 paket\u0105 pusry\u010diai \u012fskai\u010diuoti).<br \/> - Free time by the sea.<br \/> \u2022 Antroje dienos pus\u0117je ekskursija p\u0117s\u010diomis po Rodo sal\u0105 (perve\u017eimas iki ekskursijos prad\u017eios vietos vykdomas vie&scaron;uoju transportu; vie&scaron;ojo transporto ir \u012f\u0117jimo bilietai apmokami papildomai).<br \/> \u2022 Sugr\u012f\u017etame \u012f vie&scaron;but\u012f.<br \/> - Recreation.<br \/> \u2022 Nakvyn\u0117 vie&scaron;butyje.<\/p>\n<p>M\u016bs\u0173 ekskursija prasid\u0117s vaizdingame Mandrakio uoste \u2013 vietoje, kur istorija ir legendos susipina su bang\u0173 o&scaron;imu ir \u017euv\u0117dr\u0173 klyksmais. B\u016btent \u010dia, pasak legendos, stov\u0117jo didingasis Rodo kolosas \u2013 vienas i&scaron; septyni\u0173 pasaulio stebukl\u0173. &Scaron;iandien jo p\u0117dsak\u0173 neliko, ta\u010diau vaizduot\u0117 lengvai gali nupie&scaron;ti mil\u017ein\u0105, pasitinkant\u012f laivus prie \u012fplaukos \u012f uost\u0105.<\/p>\n<p>I&scaron; antikos persikelsime \u012f artimesn\u0119 praeit\u012f \u2013 vadinam\u0105j\u012f Italijos valdymo laikotarp\u012f Rode. Pla\u010dios gatv\u0117s, administraciniai pastatai ir architekt\u016bros detal\u0117s papasakos apie laik\u0105, kai sala priklaus\u0117 Italijai ir \u012fgijo dabartin\u012f miesto veid\u0105.<\/p>\n<p>Toliau keliausime \u012f viduram\u017ei\u0173 miesto &scaron;ird\u012f \u2013 u\u017e galing\u0173 tvirtov\u0117s sien\u0173, kurios &scaron;imtme\u010dius saugojo sal\u0105 nuo apgul\u010di\u0173 ir \u012fsiver\u017eim\u0173. &Scaron;ios sienos \u2013 ne tik akmenys, bet ir tyl\u016bs kry\u017eiaus \u017eygi\u0173, Osman\u0173 atak\u0173 bei kov\u0173 d\u0117l vald\u017eios Vidur\u017eemio j\u016broje liudininkai.<\/p>\n<p>Ekskursijos kulminacija \u2013 i&scaron;orinis \u012fsp\u016bdingo Did\u017eiojo magistro r\u016bm\u0173 ap\u017ei\u016br\u0117jimas, simbolizuojantis hospitaljer\u0173 riteri\u0173 gali\u0105. Po ekskursijos tur\u0117site galimyb\u0119 savaranki&scaron;kai apsilankyti r\u016bm\u0173 viduje ir prisiliesti prie ordin\u0173 bei intrig\u0173 epochos (\u012f\u0117jimo bilietas apmokamas papildomai ~20 \u20ac\/asm.).<\/p>\n<p>Pasivaik&scaron;\u010diosime garsi\u0105ja Riteri\u0173 gatve \u2013 viena geriausiai i&scaron;silaikiusi\u0173 viduram\u017ei\u0173 gatvi\u0173 Europoje, kur kadaise buvo \u012fsik\u016brusios skirting\u0173 &scaron;ali\u0173 riteri\u0173 rezidencijos. \u010cia laikas tarsi sustoj\u0119s \u2013 kiekvienas akmuo saugo kry\u017eiaus \u017eygi\u0173 ir garb\u0117s kodekso atminim\u0105.<\/p>\n<p>Taip pat pamatysite riteri\u0173 ligonin\u0119 \u2013 i&scaron;skirtin\u012f savo laikme\u010dio statin\u012f, kuriame der\u0117jo medicina, religija ir riteri&scaron;ka disciplina.<\/p>\n<p>Pasivaik&scaron;\u010diojim\u0105 u\u017ebaigsime jaukiame \u017eyd\u0173 kvartale \u2013 ramioje ir jautrioje vietoje, kur salos istorija atsiskleid\u017eia kitu kampu: per \u017emoni\u0173 likimus, tradicijas ir &scaron;imtme\u010dius i&scaron;likusi\u0105 atmint\u012f.<\/p>\n<p><strong>Day 3 <\/strong><\/p>\n<p>\u2022 Pusry\u010diai vie&scaron;butyje (perkant ekskursij\u0173 paket\u0105 pusry\u010diai \u012fskai\u010diuoti).<br \/> - Free day by the sea.<br \/> \u2022 Nakvyn\u0117 vie&scaron;butyje.<\/p>\n<p>Nuo &scaron;ios dienos jums numatytas laisvas laikas: gal\u0117site m\u0117gautis poilsiu papl\u016bdimyje arba pa\u012fvairinti savo vie&scaron;nag\u0119 vykdami \u012f ekskursijas po sal\u0105, kurias organizuoja m\u016bs\u0173 partneriai. Ekskursij\u0173 galimybes gal\u0117site pasitikslinti vietoje.<\/p>\n<p><strong>Day 4 <\/strong><\/p>\n<p>\u2022 Pusry\u010diai vie&scaron;butyje (perkant ekskursij\u0173 paket\u0105 pusry\u010diai \u012fskai\u010diuoti).<br \/> - Free day by the sea.<br \/> \u2022 Nakvyn\u0117 vie&scaron;butyje.<\/p>\n<p><strong>Day 5 <\/strong><\/p>\n<p>\u2022 Pusry\u010diai vie&scaron;butyje (perkant ekskursij\u0173 paket\u0105 pusry\u010diai \u012fskai\u010diuoti).<br \/> - Free day by the sea.<br \/> \u2022 Nakvyn\u0117 vie&scaron;butyje.<\/p>\n<p><strong>Day 6 <\/strong><\/p>\n<p>\u2022 Pusry\u010diai vie&scaron;butyje (perkant ekskursij\u0173 paket\u0105 pusry\u010diai \u012fskai\u010diuoti).<br \/> - Free day by the sea.<br \/> \u2022 Nakvyn\u0117 vie&scaron;butyje.<\/p>\n<p><strong>Day 7 <\/strong><\/p>\n<p>\u2022 Pusry\u010diai vie&scaron;butyje (perkant ekskursij\u0173 paket\u0105 pusry\u010diai \u012fskai\u010diuoti).<br \/> - Free day by the sea.<br \/> \u2022 Nakvyn\u0117 vie&scaron;butyje.<\/p>\n<p><strong>Day 8 <\/strong><\/p>\n<p>\u2022 Pusry\u010diai vie&scaron;butyje (perkant ekskursij\u0173 paket\u0105 pusry\u010diai \u012fskai\u010diuoti).<br \/> \u2022 I&scaron;siregistravimas i&scaron; vie&scaron;bu\u010dio (daiktus galima palikti vie&scaron;bu\u010dio saugykloje).<br \/> - Free time.<br \/> \u2022 Perve\u017eimas \u012f oro uost\u0105 (perkant ekskursij\u0173 paket\u0105 perve\u017eimas \u012fskai\u010diuotas).<br \/> - Check-in.<br \/> \u2022 Skrydis: Rodas \u2013 Kaunas (~21:30-00:55*).<br \/> \u2022 Atvykimas \u012f Kaun\u0105.<\/p>","protected":false},"excerpt":{"rendered":"<p>Garantuota nuo 2 asmen\u0173! SVARBU! EKSKURSIJ\u0172 IR PERVE\u017dIMO PAKETAS APMOKAMAS KELION\u0116S METU! Kelion\u0117 organizuojama individualiai, tod\u0117l d\u0117l l\u0117ktuvo biliet\u0173 ir vie&#038;&#8230;<\/p>","protected":false},"featured_media":12838,"comment_status":"open","ping_status":"closed","template":"","meta":{"om_disable_all_campaigns":false,"_monsterinsights_skip_tracking":false,"_monsterinsights_sitenote_active":false,"_monsterinsights_sitenote_note":"","_monsterinsights_sitenote_category":0},"product_brand":[],"product_cat":[728,669],"product_tag":[],"class_list":{"0":"post-17330","1":"product","2":"type-product","3":"status-publish","4":"has-post-thumbnail","6":"atravel_country-graikija","7":"atravel_tour_type-avia","8":"atravel_currency-eurai","9":"atravel_departure_city-latvija","10":"product_cat-graikija","11":"product_cat-keliones","13":"first","14":"instock","15":"taxable","16":"shipping-taxable","17":"purchasable","18":"product-type-variable","19":"has-default-attributes"},"aioseo_notices":[],"_links":{"self":[{"href":"https:\/\/www.atravel.lt\/en\/wp-json\/wp\/v2\/product\/17330","targetHints":{"allow":["GET"]}}],"collection":[{"href":"https:\/\/www.atravel.lt\/en\/wp-json\/wp\/v2\/product"}],"about":[{"href":"https:\/\/www.atravel.lt\/en\/wp-json\/wp\/v2\/types\/product"}],"replies":[{"embeddable":true,"href":"https:\/\/www.atravel.lt\/en\/wp-json\/wp\/v2\/comments?post=17330"}],"wp:featuredmedia":[{"embeddable":true,"href":"https:\/\/www.atravel.lt\/en\/wp-json\/wp\/v2\/media\/12838"}],"wp:attachment":[{"href":"https:\/\/www.atravel.lt\/en\/wp-json\/wp\/v2\/media?parent=17330"}],"wp:term":[{"taxonomy":"product_brand","embeddable":true,"href":"https:\/\/www.atravel.lt\/en\/wp-json\/wp\/v2\/product_brand?post=17330"},{"taxonomy":"product_cat","embeddable":true,"href":"https:\/\/www.atravel.lt\/en\/wp-json\/wp\/v2\/product_cat?post=17330"},{"taxonomy":"product_tag","embeddable":true,"href":"https:\/\/www.atravel.lt\/en\/wp-json\/wp\/v2\/product_tag?post=17330"}],"curies":[{"name":"wp","href":"https:\/\/api.w.org\/{rel}","templated":true}]}}