{"id":17324,"date":"2026-04-25T22:25:44","date_gmt":"2026-04-25T20:25:44","guid":{"rendered":"https:\/\/www.atravel.lt\/produktas\/kruizas-talinas-helsinkis-stokholmas-su-nakvyne-taline\/"},"modified":"2026-05-06T10:47:48","modified_gmt":"2026-05-06T08:47:48","slug":"kruizas-talinas-helsinkis-stokholmas-su-nakvyne-taline","status":"publish","type":"product","link":"https:\/\/www.atravel.lt\/en\/product\/kruizas-talinas-helsinkis-stokholmas-su-nakvyne-taline\/","title":{"rendered":"Kruizas: Talinas &#8211; Helsinkis &#8211; Stokholmas, su nakvyne Taline"},"content":{"rendered":"<p><strong>1 day <\/strong><\/p>\n<p>\u2022 Ryte i&scaron;vykimas i&scaron; Lietuvos (Vilniaus, Kauno ir Panev\u0117\u017eio).<br \/> \u2022 Atvykimas \u012f Ryg\u0105.<br \/> \u2022 Ap\u017evalgin\u0117 ekskursija po Rygos senamiest\u012f.<br \/> - Free time.<br \/> \u2022 I&scaron;vykimas i&scaron; Rygos link Pernu.<br \/> \u2022 Pasivaik&scaron;\u010diojimas p\u0117s\u010diomis Pernu mieste.<br \/> \u2022 I&scaron;vykimas link Talino.<br \/> \u2022 Atvykimas \u012f Talin\u0105.<br \/> \u2022 Ap\u017evalgin\u0117 ekskursija po vakarin\u012f Talin\u0105.<br \/> \u2022 Nakvyn\u0117 vie&scaron;butyje.<\/p>\n<p>J\u016bs\u0173 laukia ekskursija p\u0117s\u010diomis po Rygos senamiest\u012f, kurios metu pa\u017evelgsite \u012f praeit\u012f! Vaik&scaron;\u010diodami senosiomis gatv\u0117mis, i&scaron;girskite sen\u0173 nam\u0173 istorij\u0105. Pasigro\u017e\u0117site garsiuoju \u201eJugend\u201c architekt\u016briniu stiliumi, kurio i&scaron;skirtinumas yra skulpt\u016bros (moter\u0173 pov\u0173, li\u016bt\u0173, legendini\u0173 mistini\u0173 gyv\u016bn\u0173) ant pastat\u0173 fasad\u0173. Istorinis Rygos centras yra \u012ftrauktas \u012f UNESCO pasaulio paveldo s\u0105ra&scaron;\u0105, miesto simboliai yra Rygos katedra, Milteli\u0173 bok&scaron;tas ir &Scaron;vedi&scaron;ki vartai, Rygos pilis, Trij\u0173 broli\u0173 gyvenamasis kompleksas, &Scaron;v. Petro, &Scaron;v. Jok\u016bbo ir &Scaron;v. Jono katedros, Juodagalvi\u0173 namai, unikalus mediniai pastatai ir Dauguvos krantin\u0117. Pasivaik&scaron;\u010diosite senamies\u010dio akmenin\u0117mis gr\u012fstomis gatvel\u0117mis, kuriose kartais ir du \u017emon\u0117s sunkiai i&scaron;siskirsto. Taip pat apsilankysite vietose, kur buvo filmuojami gars\u016bs filmai: \u201e&Scaron;erlokas Holmsas ir daktaras Vatsonas\u201c, \u201eSeptyniolika pavasario akimirk\u0173\u201c ir kt.<\/p>\n<p>Pernu yra pagrindinis Estijos Baltijos j\u016bros pakrant\u0117s kurortas, turintis daug vie&scaron;bu\u010di\u0173, restoran\u0173. Mieste yra ilgas sm\u0117lingas plia\u017eas. Nuo 1996 m. miestas vadinamas Estijos vasaros sostine. Aplankysime miesto rotu&scaron;\u0119, Jekaterinos ba\u017eny\u010di\u0105, seniausi\u0105 miesto pastat\u0105 ir vienintel\u0119 i&scaron;likusi\u0105 miesto sienos tvirtov\u0119 \u2013 Raudon\u0105j\u012f bok&scaron;t\u0105, Talino vartus, &Scaron;v. El\u017ebietos ba\u017eny\u010di\u0105, pastatyta XVIII a. viduryje finansuojant carienei Jelizavetai, kurios vardu buvo pavadinta ba\u017eny\u010dia.<\/p>\n<p>Talino senamiestis yra \u012ftrauktas \u012f UNESCO pasaulio paveldo s\u0105ra&scaron;\u0105 1997 m. Mieste medini\u0173 pastat\u0173 nedaug, taigi nenuniokotas gaisr\u0173 senamiestis i&scaron;saugojo sen\u0105j\u0105 dvasi\u0105. I&scaron;lik\u0119 nema\u017eai viduram\u017eiais statyt\u0173 ba\u017eny\u010di\u0173, pirkli\u0173 rezidencij\u0173, akmenimis gr\u012fstos siauros gatvel\u0117s. Talinas da\u017enai vadinamas \u201eMuziejumi po atviru dangumi\u201c. Senasis Talinas apraizgytas, apipintas legendomis. Kiekvienas jo pastatas mena t\u016bkstan\u010dius nutikim\u0173, kiekviename grindinio akmenyje aidi &scaron;imtamet\u0117 istorija. &Scaron;ios ekskursijos metu nevargins J\u016bs\u0173 \u201esausais\u201c faktais \u2013 pasakojama taip, kaip pasakoja legendos.<\/p>\n<p><strong>Day 2 <\/strong><\/p>\n<p>\u2022 Ankstyvas i&scaron;siregistravimas i&scaron; vie&scaron;bu\u010dio.<br \/> \u2022 Vykstame \u012f Talino j\u016br\u0173 uost\u0105.<br \/> \u2022 Registracija \u012f kelt\u0105.<br \/> \u2022 ~08:00 val. i&scaron;plaukimas \u201eViking Line&#8221; keltu \u012f Helsink\u012f (Suomij\u0105).<br \/> \u2022 Pageidaujantys kelte gal\u0117s papusry\u010diauti (u\u017e papildom\u0105 mokest\u012f).<br \/> \u2022 ~10:30 atvykimas \u012f Helsink\u012f.<br \/> <span style=\"color:#2980b9\"><strong>TIK 2026.06.25-28<\/strong><br \/> \u2022 ~10:45 val. i&scaron;plaukimas \u201eViking Line&#8221; keltu \u012f Helsink\u012f (Suomij\u0105).<br \/> \u2022 Pageidaujantys gal\u0117s u\u017esakyti v\u0117lyvuosius pusry\u010dius (u\u017e papildom\u0105 mokest\u012f).<br \/> \u2022 ~13:15 atvykimas \u012f Helsink\u012f.<\/span><br \/> \u2022 Ekskursija autobusu bei p\u0117s\u010diomis po Helsinkio miest\u0105.<br \/> \u2022 Registracija \u012f kruizin\u012f laiv\u0105.<br \/> \u2022 ~17:00 val. i&scaron;plaukimas \u012f Stokholm\u0105 (&Scaron;vedija).<br \/> \u2022 Pageidaujantys kelte gal\u0117s pavakarieniauti (u\u017e papildom\u0105 mokest\u012f, \u012f kain\u0105 \u012fskai\u010diuotas neribotas alus ir vynas).<br \/> \u2022 Vakarin\u0117 nemokama programa kelte.<br \/> \u2022 Nakvyn\u0117 keturviet\u0117se kelto kajut\u0117se.<\/p>\n<p>Helsinkis \u012fkurtas dar XVI a., gars\u0117ja daugybe uost\u0173, seniausiu turgumi, kur gal\u0117site \u012fsigyti suvenyr\u0173 i&scaron; elnio odos ir rag\u0173, \u012f\u017eymi\u0173 kailio dirbini\u0173, suomi&scaron;k\u0173 peili\u0173. Ap\u017evalgin\u0117s ekskursijos metu gro\u017e\u0117sit\u0117s unikaliais architekt\u016briniais paminklais, ap\u017ei\u016br\u0117site ba\u017eny\u010di\u0105 uoloje (jei bus tuo metu atidaryta) ir dar daugel\u012f kit\u0173 \u012f\u017eymi\u0173 Helsinkiso viet\u0173 bei paminkl\u0173.<\/p>\n<p><strong>Day 3 <\/strong><\/p>\n<p>\u2022 Pageidaujantys kelte gal\u0117s papusry\u010diauti (u\u017e papildom\u0105 mokest\u012f).<br \/> \u2022 ~10:00 val. (vietos laiku) atvykimas \u012f Stokholm\u0105 (daiktus gal\u0117site palikti savo kajut\u0117je, nes atgal gr\u012f&scaron;ite tuo pa\u010diu laivu, tose pa\u010diose kajut\u0117se).<br \/> \u2022 Ekskursija p\u0117s\u010diomis po Stokholmo senamiest\u012f.<br \/> - Free time.<br \/> \u2022 Gr\u012f\u017eimas \u012f t\u0105 pat\u012f kruizin\u012f laiv\u0105, kuriuo atplauk\u0117te.<br \/> \u2022 ~16:00 val. i&scaron;plaukimas atgal \u012f Helsink\u012f.<br \/> <strong><span style=\"color:#2980b9\">\u2022 TIK KELION\u0116S DATOMIS: 2026.06.25 ir 2026.07.24 ~16:00 val. i&scaron;plaukimas atgal \u012f Talin\u0105 (be pers\u0117dimo Helsinkyje).<\/span><\/strong><br \/> \u2022 Pageidaujantys kelte gal\u0117s pavakarieniauti (u\u017e papildom\u0105 mokest\u012f, \u012f kain\u0105 \u012fskai\u010diuotas neribotas alus ir vynas).<br \/> \u2022 Vakarin\u0117 nemokama programa kelte.<br \/> \u2022 Nakvyn\u0117 keturviet\u0117se kelto kajut\u0117se.<\/p>\n<p>Pa\u017eintis su Stokholmu prasid\u0117s nuo senamies\u010dio: vaik&scaron;\u010diosite senove alsuojan\u010diomis gatvel\u0117mis, g\u0117r\u0117sit\u0117s miesto \u012f\u017eymyb\u0117mis, karali&scaron;kais r\u016bmais. Laisvu laiku gal\u0117site apsilankyti suvenyr\u0173 parduotuv\u0117se, paragauti &scaron;vedi&scaron;kos virtuv\u0117s &scaron;edevr\u0173 kavin\u0117se bei restoranuose arba pa\u017ei\u016br\u0117ti apsaugos pasikeitim\u0105 prie karali&scaron;kos rezidencijos. Taip pat gal\u0117site nuvykti \u012f Vaza muziej\u0173, kuris saugo \u012fsp\u016bding\u0105 eksponat\u0105 \u2013 did\u017eiausi\u0105 ir prabangiausi\u0105 XVI am\u017eiuje laiv\u0105 Vaza, kuris nuskendo pirmosios kelion\u0117s prad\u017eioje ir po vandeniu i&scaron;buvo net 300 met\u0173.<\/p>\n<p><strong>Day 4 <\/strong><\/p>\n<p>\u2022 Pageidaujantys kelte gal\u0117s papusry\u010diauti (u\u017e papildom\u0105 mokest\u012f).<br \/> \u2022 ~10:00 val. atvykimas \u012f Helsink\u012f.<br \/> \u2022 ~10:30 val. i&scaron;plaukimas \u012f Talin\u0105.<br \/> \u2022 ~13:00 val. atvykimas \u012f Talin\u0105.<br \/> <strong><span style=\"color:#2980b9\">\u2022 TIK KELION\u0116S DATOMIS: 2026.06.25 ir 2026.07.24 ~13:15 val. atvykimas \u012f Talin\u0105.<\/span><\/strong><br \/> \u2022 Kelion\u0117 autobusu atgal \u012f Lietuv\u0105.<br \/> \u2022 Nakt\u012f gr\u012f\u017eimas \u012f Panev\u0117\u017e\u012f\/Kaun\u0105\/Vilni\u0173.<\/p>","protected":false},"excerpt":{"rendered":"<p>1 diena \u2022 Ryte i&scaron;vykimas i&scaron; Lietuvos (Vilniaus, Kauno ir Panev\u0117\u017eio). \u2022 Atvykimas \u012f Ryg\u0105. \u2022 Ap\u017evalgin\u0117 ekskursija po Rygos senamiest\u012f. \u2022 Laisvas la&#8230;<\/p>","protected":false},"featured_media":12836,"comment_status":"open","ping_status":"closed","template":"","meta":{"om_disable_all_campaigns":false,"_monsterinsights_skip_tracking":false,"_monsterinsights_sitenote_active":false,"_monsterinsights_sitenote_note":"","_monsterinsights_sitenote_category":0},"product_brand":[],"product_cat":[766,669],"product_tag":[],"class_list":{"0":"post-17324","1":"product","2":"type-product","3":"status-publish","4":"has-post-thumbnail","6":"atravel_country-estija","7":"atravel_country-suomija","8":"atravel_country-svedija","9":"atravel_tour_type-kruizas","10":"atravel_currency-eurai","11":"atravel_departure_city-latvija","12":"product_cat-estija","13":"product_cat-keliones","15":"first","16":"instock","17":"taxable","18":"shipping-taxable","19":"purchasable","20":"product-type-variable","21":"has-default-attributes"},"aioseo_notices":[],"_links":{"self":[{"href":"https:\/\/www.atravel.lt\/en\/wp-json\/wp\/v2\/product\/17324","targetHints":{"allow":["GET"]}}],"collection":[{"href":"https:\/\/www.atravel.lt\/en\/wp-json\/wp\/v2\/product"}],"about":[{"href":"https:\/\/www.atravel.lt\/en\/wp-json\/wp\/v2\/types\/product"}],"replies":[{"embeddable":true,"href":"https:\/\/www.atravel.lt\/en\/wp-json\/wp\/v2\/comments?post=17324"}],"wp:featuredmedia":[{"embeddable":true,"href":"https:\/\/www.atravel.lt\/en\/wp-json\/wp\/v2\/media\/12836"}],"wp:attachment":[{"href":"https:\/\/www.atravel.lt\/en\/wp-json\/wp\/v2\/media?parent=17324"}],"wp:term":[{"taxonomy":"product_brand","embeddable":true,"href":"https:\/\/www.atravel.lt\/en\/wp-json\/wp\/v2\/product_brand?post=17324"},{"taxonomy":"product_cat","embeddable":true,"href":"https:\/\/www.atravel.lt\/en\/wp-json\/wp\/v2\/product_cat?post=17324"},{"taxonomy":"product_tag","embeddable":true,"href":"https:\/\/www.atravel.lt\/en\/wp-json\/wp\/v2\/product_tag?post=17324"}],"curies":[{"name":"wp","href":"https:\/\/api.w.org\/{rel}","templated":true}]}}