{"id":17214,"date":"2026-04-25T22:25:38","date_gmt":"2026-04-25T20:25:38","guid":{"rendered":"https:\/\/www.atravel.lt\/produktas\/6-d-prancuzijos-zydroji-pakrante-monakas-italija-skrydis-is-vilniaus-grupe-is-lietuvos\/"},"modified":"2026-05-06T10:47:46","modified_gmt":"2026-05-06T08:47:46","slug":"6-d-prancuzijos-zydroji-pakrante-monakas-italija-skrydis-is-vilniaus-grupe-is-lietuvos","status":"publish","type":"product","link":"https:\/\/www.atravel.lt\/en\/product\/6-d-prancuzijos-zydroji-pakrante-monakas-italija-skrydis-is-vilniaus-grupe-is-lietuvos\/","title":{"rendered":"6 d. Pranc\u016bzijos \u017eydroji pakrant\u0117 &#8211; Monakas &#8211; Italija (skrydis i\u0161 Vilniaus) GRUP\u0116 I\u0160 LIETUVOS!"},"content":{"rendered":"<p><strong>1 day <\/strong><\/p>\n<p>- Arrival at Vilnius Airport.<br \/> - Check-in.<br \/> \u2022 Skrydis: Vilnius &#8211; Milanas (~19:35-21:15).<br \/> \u2022 Atvykstame \u012f Milan\u0105.<br \/> \u2022 Vykstame \u012f vie&scaron;but\u012f.<br \/> \u2022 \u012esik\u016brimas 3* vie&scaron;butyje.<br \/> - Recreation.<br \/> \u2022 Nakvyn\u0117 vie&scaron;butyje.<\/p>\n<p><strong>Day 2 <\/strong><\/p>\n<p>\u2022 Pusry\u010diai vie&scaron;butyje (perkant ekskursij\u0173 paket\u0105 pusry\u010diai \u012fskai\u010diuoti).<br \/> \u2022 I&scaron;siregistravimas i&scaron; vie&scaron;bu\u010dio.<br \/> \u2022 Vykstame \u012f Genuj\u0105.<br \/> - City tour.<br \/> \u2022 Vykstame \u012f vie&scaron;but\u012f.<br \/> \u2022 \u012esik\u016brimas 3* vie&scaron;butyje.<br \/> - Recreation.<br \/> \u2022 Nakvyn\u0117 vie&scaron;butyje.<\/p>\n<p>Genuja \u2013 senasis uosto miestas, esantis ant \u017dydrosios j\u016bros pakrant\u0117s. &Scaron;is miestas yra did\u017eiausio istorinio centro savininkas Europoje ir laikomas vienu i&scaron; gra\u017eiausi\u0173 Italijos miestu. Taip pat yra sunkiosios pramon\u0117s ir laiv\u0173 statybos centras. Pagrindin\u0117 lankoma vieta yra &scaron;vyturys, vadinamas dar \u201ela Lanterna\u201c.<\/p>\n<p>Mieste yra daug istorini\u0173 paminkl\u0173, toki\u0173 kaip Do\u017e\u0173 r\u016bmai, viduram\u017ei\u0173 Genujos-Porta Soprana vartai, San Lorenzo katedra, Kristupo Kolumbo namas, centrin\u0117 aik&scaron;t\u0117 De Ferrari ir daug kit\u0173 \u012fdomi\u0173 lankytin\u0173 viet\u0173&#8230;<\/p>\n<p><strong>Day 3 <\/strong><\/p>\n<p>\u2022 Pusry\u010diai vie&scaron;butyje (perkant ekskursij\u0173 paket\u0105 pusry\u010diai \u012fskai\u010diuoti).<br \/> \u2022 Ekskursin\u0117 i&scaron;vyka \u201eKanai &#8211; Saint Paul de Vence \u2013 Kvepal\u0173 gamykla\u201c.<br \/> \u2022 Sugr\u012f\u017etame \u012f vie&scaron;but\u012f.<br \/> - Recreation.<br \/> \u2022 Nakvyn\u0117 vie&scaron;butyje.<\/p>\n<p>Anks\u010diau garsusis miestas Kanai, buvo paprastas \u017evej\u0173 kaimelis. Ir &scaron;iandien &scaron;iame mieste gyvena vos 70 t\u016bkst. gyventoj\u0173, ta\u010diau jis yra vienas i&scaron; \u017einomiausi\u0173 miest\u0173 Pranc\u016bzijos Rivjeroje, gars\u0117jantis festivaliais, kongresais, seminarais. Croisette bulvaras ir festivali\u0173 Dvaras, miest\u0105 pavert\u0117 t\u016bkstan\u010di\u0173 planetos \u017emoni\u0173 svajoni\u0173 vieta.<\/p>\n<p>Toliau vykstame \u012f Saint Paul de Vence. Miestelis, vadinamas Provanso Monmartru. Tai \u201egyva\u201c meno galerija, \u017dydrojo kranto meno prekeivi\u0173 Meka. Saint Paul de Vence turi kelet\u0105 architekt\u016bros paminkl\u0173 ir daugyb\u0119 istorini\u0173 pastat\u0173, ta\u010diau ne jie i&scaron;garsino &scaron;\u012f miest\u0105. \u012e\u017eym\u016bs menininkai, tokie kaip Henri Matisse&#039;as ir Marcas Chagallas, atne&scaron;\u0117 miestui tikr\u0105 &scaron;lov\u0119. Pastarasis ilsisi vietin\u0117se kapin\u0117se. Pra\u0117jusio am\u017eiaus 20-ajame de&scaron;imtmetyje daugelis meninink\u0173 apsistojo \u201eGolden Dove\u201c vie&scaron;butyje ir vietoj u\u017emokes\u010dio u\u017e pastog\u0119 ir maist\u0105 palikdavo savo paveikslus.<\/p>\n<p>\u012emon\u0117 \u201eGalimard\u201c, \u012fkurta 1747 metais, yra vieni seniausi\u0173 Pranc\u016bzijos parfumerijos nam\u0173. Jos \u012fk\u016br\u0117jas \u017danas Galimaras buvo Pranc\u016bzijos karaliaus Liudviko XV karali&scaron;kojo dvaro tiek\u0117jas. Jis k\u016br\u0117 alyvuogi\u0173 aliejus k\u016bno prie\u017ei\u016brai, pomadas ir kvepalus, o j\u0173 formules i&scaron;rasdavo pats. &Scaron;iandien \u201eGalimard\u201c i&scaron;lieka &scaron;eimos verslu, puosel\u0117jan\u010diu tradicijas ir saugan\u010diu prabangios produkcijos gamybos paslaptis, i&scaron;tikimyb\u0119 kokybei ir meil\u0119 parfumerijos menui.<\/p>\n<p><strong>Day 4 <\/strong><\/p>\n<p>\u2022 Pusry\u010diai vie&scaron;butyje (perkant ekskursij\u0173 paket\u0105 pusry\u010diai \u012fskai\u010diuoti).<br \/> \u2022 Ekskursin\u0117 i&scaron;vyka \u012f Nic\u0105.<br \/> \u2022 Laisvas laikas Nicoje.<br \/> \u2022 Pageidaujantiems si\u016blome ekskursin\u0119 i&scaron;vyk\u0105 \u012f Monak\u0105 (papildomas mokestis &#8211; 55 \u20ac\/asm.+ \u012fva\u017eiavimo mokestis 5 \u20ac\/asm., \u012fvyks susirinkus 20 keliautoj\u0173 grupei).<br \/> \u2022 Sugr\u012f\u017etame \u012f vie&scaron;but\u012f.<br \/> - Recreation.<br \/> \u2022 Nakvyn\u0117 vie&scaron;butyje.<\/p>\n<p>Nica Pranc\u016bzijoje \u2013 tarsi menininko palet\u0117: oran\u017ein\u0117s \u010derp\u0117s ant stog\u0173, raudonos ir geltonos spalvos sienos, spalvingos varpin\u0117s, \u012fmantrios parduotuvi\u0173 i&scaron;kabos, g\u0117li\u0173 ornamentais puo&scaron;ti frizai&#8230; Visa tai su vietiniu spalvingumu, aromatais ir muzika. Patraukliausia ir d\u0117mesio verta Nicos dalis, be jokios abejon\u0117s, garsioji Promenade des Anglais (Angli&scaron;ka promenada), besidriekianti 5 kilometrus su pra&scaron;matniais vie&scaron;bu\u010diais ir ilgu papl\u016bdimiu. Sen\u0105j\u0105 Nic\u0105 rytuose apribota pilies<br \/> kalnu. Ant beveik 100 metr\u0173 auk&scaron;\u010dio kalvos kadaise stov\u0117jo tvirtov\u0117 ir katedra. Senamiestyje tikrai pajusite tipi&scaron;ko provincijos miestelio gyvybingum\u0105.<\/p>\n<p>Monakas &#8211; nedidel\u0117 nepriklausoma kunigaik&scaron;tyst\u0117 su mokes\u010di\u0173 lengvatomis; tai automobili\u0173 lenktyni\u0173 pasaulis ir sud\u0117tingos karali&scaron;kosios &scaron;eimos istorijos; tai vaizdingi, beveik nereal\u016bs uostai, kurortai ir pilys. Kunigaik&scaron;tyst\u0117 yra vos 15 km nuo Nicos ir yra padalinta \u012f tris dalis. Pirmoji dalis yra Le Roher uola ir kunigaik&scaron;\u010di\u0173 r\u016bmai, kurioje turistai stebi i&scaron;kilming\u0105 karabinieri\u0173 gvardijos keitim\u0105 pilna apranga \u2013 juoda \u017eiem\u0105 ir balta vasar\u0105 \u2013 pagal daugiau nei &scaron;imtme\u010dio senumo tradicij\u0105. Antroji dalis \u2013 miestas su prekybos kvartalu Condamine. Tre\u010dioji dalis \u2013 Monte Karlas su savo kazino, pirmaisiais lo&scaron;imo namais Europoje ir viena seniausi\u0173 bei garbingiausi\u0173 lo&scaron;imo \u012fstaig\u0173 planetoje, kuri pasauliui suteik\u0117 ir pa\u010di\u0105 \u201ekazino\u201c s\u0105vok\u0105.<\/p>\n<p><strong>Day 5 <\/strong><\/p>\n<p>\u2022 Pusry\u010diai vie&scaron;butyje (perkant ekskursij\u0173 paket\u0105 pusry\u010diai \u012fskai\u010diuoti).<br \/> \u2022 I&scaron;siregistravimas i&scaron; vie&scaron;bu\u010dio.<br \/> \u2022 Vykstame \u012f Italij\u0105.<br \/> \u2022 Ekskursin\u0117 i&scaron;vyka \u012f Milan\u0105 (papildomai apmokamas \u012fva\u017eiavimo mokestis ~5 \u20ac\/asm.).<br \/> \u2022 Po ekskursijos vykstame \u012f vie&scaron;but\u012f.<br \/> \u2022 \u012esik\u016brimas 3* vie&scaron;butyje.<br \/> - Recreation.<br \/> \u2022 Nakvyn\u0117 vie&scaron;butyje.<\/p>\n<p>Milanas \u012fsp\u016bdingais istorijos paminklais nustebins tuos, kurie i&scaron; jo tikisi tik moderni\u0173 pastat\u0173 ir auk&scaron;t\u0173j\u0173 technologij\u0173. Sforzesco pilis, kurioje dirbo Leonardo da Vinci; Duomos katedra, kurioje saugomas vinis nuo kry\u017eiaus, prie kurio buvo prikaltas Kristus; garsusis La Scala teatras \u2013 visa tai miestas kruop&scaron;\u010diai i&scaron;saugojo savo sve\u010diams. Milane yra ne tik istorinis paveldas, bet ir svarbiausias Europos ekonomikos centras, kuriame vyko 2015 m. pasaulin\u0117 paroda ir kasmetiniai auk&scaron;tosios mados sezonai. Milanas \u2013 miestas, kuriame rasite visus Italijos turtus: istorij\u0105, men\u0105, puiki\u0105 virtuv\u0119 ir madingas parduotuves.<\/p>\n<p><strong>Day 6 <\/strong><\/p>\n<p>\u2022 Pusry\u010diai vie&scaron;butyje (perkant ekskursij\u0173 paket\u0105 pusry\u010diai \u012fskai\u010diuoti).<br \/> \u2022 I&scaron;siregistravimas i&scaron; vie&scaron;bu\u010dio.<br \/> \u2022 Perve\u017eimas \u012f Milano oro uost\u0105.<br \/> \u2022 Skrydis: Milanas \u2013 Vilnius (21:50-01:20*).<br \/> \u2022 Atvykimas \u012f Vilni\u0173 (kit\u0105 dien\u0105).<\/p>","protected":false},"excerpt":{"rendered":"<p>1 diena \u2022 Atvykimas \u012f Vilniaus oro uost\u0105. \u2022 Registracija \u012f skryd\u012f. \u2022 Skrydis: Vilnius &#8211; Milanas (~19:35-21:15). \u2022 Atvykstame \u012f Milan\u0105. \u2022 Vykstame \u012f vie&scaron;b&#8230;<\/p>","protected":false},"featured_media":12017,"comment_status":"open","ping_status":"closed","template":"","meta":{"om_disable_all_campaigns":false,"_monsterinsights_skip_tracking":false,"_monsterinsights_sitenote_active":false,"_monsterinsights_sitenote_note":"","_monsterinsights_sitenote_category":0},"product_brand":[],"product_cat":[669,703],"product_tag":[],"class_list":{"0":"post-17214","1":"product","2":"type-product","3":"status-publish","4":"has-post-thumbnail","6":"atravel_country-italija","7":"atravel_country-monakas","8":"atravel_country-prancuzija","9":"atravel_tour_type-avia","10":"atravel_currency-eurai","11":"atravel_departure_city-latvija","12":"product_cat-keliones","13":"product_cat-prancuzija","15":"first","16":"instock","17":"taxable","18":"shipping-taxable","19":"purchasable","20":"product-type-variable","21":"has-default-attributes"},"aioseo_notices":[],"_links":{"self":[{"href":"https:\/\/www.atravel.lt\/en\/wp-json\/wp\/v2\/product\/17214","targetHints":{"allow":["GET"]}}],"collection":[{"href":"https:\/\/www.atravel.lt\/en\/wp-json\/wp\/v2\/product"}],"about":[{"href":"https:\/\/www.atravel.lt\/en\/wp-json\/wp\/v2\/types\/product"}],"replies":[{"embeddable":true,"href":"https:\/\/www.atravel.lt\/en\/wp-json\/wp\/v2\/comments?post=17214"}],"wp:featuredmedia":[{"embeddable":true,"href":"https:\/\/www.atravel.lt\/en\/wp-json\/wp\/v2\/media\/12017"}],"wp:attachment":[{"href":"https:\/\/www.atravel.lt\/en\/wp-json\/wp\/v2\/media?parent=17214"}],"wp:term":[{"taxonomy":"product_brand","embeddable":true,"href":"https:\/\/www.atravel.lt\/en\/wp-json\/wp\/v2\/product_brand?post=17214"},{"taxonomy":"product_cat","embeddable":true,"href":"https:\/\/www.atravel.lt\/en\/wp-json\/wp\/v2\/product_cat?post=17214"},{"taxonomy":"product_tag","embeddable":true,"href":"https:\/\/www.atravel.lt\/en\/wp-json\/wp\/v2\/product_tag?post=17214"}],"curies":[{"name":"wp","href":"https:\/\/api.w.org\/{rel}","templated":true}]}}