{"id":17101,"date":"2026-04-25T22:25:29","date_gmt":"2026-04-25T20:25:29","guid":{"rendered":"https:\/\/www.atravel.lt\/produktas\/tanzanija-zanzibaras-su-poilsiu-skrydis-is-rygos\/"},"modified":"2026-05-06T10:47:41","modified_gmt":"2026-05-06T08:47:41","slug":"tanzanija-zanzibaras-su-poilsiu-skrydis-is-rygos","status":"publish","type":"product","link":"https:\/\/www.atravel.lt\/en\/product\/tanzanija-zanzibaras-su-poilsiu-skrydis-is-rygos\/","title":{"rendered":"Tanzanija &#8211; Zanzibaras su poilsiu (skrydis i\u0161 Rygos)"},"content":{"rendered":"<h2 style=\"text-align: center\"><strong><span style=\"color:#e74c3c\">LR pilie\u010diams vykstant \u012f Tanzanij\u0105 reikalinga el. viza (vizos mokestis ~50 $\/asm.), kuria keliautojai r\u016bpinasi savaranki&scaron;kai, nor\u0117dami u\u017epildyti spauskite <\/span><a href=\"https:\/\/visa.immigration.go.tz\/\"><span style=\"color:#2980b9\">\u010cIA<\/span><\/a><\/strong><\/h2>\n<hr \/>\n<h3 style=\"text-align: center\"><span style=\"color:#e74c3c\"><strong>D\u0117mesio! <\/strong><strong data-end=\"249\" data-start=\"111\">Nuo 2024 m. spalio 1 d. visi atvykstantys \u012f Zanzibar\u0105, privalo \u012fsigyti draudim\u0105 TIK I&Scaron; <\/strong><\/span><strong data-end=\"249\" data-start=\"111\"><a href=\"https:\/\/inbound.visitzanzibar.go.tz\/\"><span style=\"color:#2980b9\">ZANZIBAR INSURANCE CORPORATION<\/span><\/a><\/strong><span style=\"color:#e74c3c\"><strong data-end=\"249\" data-start=\"111\">,<\/strong> nepriklausomai nuo to, ar jie jau turi kit\u0105 sveikatos ar kelion\u0117s draudim\u0105. <strong>Draudimo kaina ~44 USD\/asm.<\/strong><\/span><\/h3>\n<hr \/>\n<p><strong>1 day <\/strong><\/p>\n<p>- Arrival at Riga Airport.<br \/> - Check-in.<br \/> \u2022 Skrydis: Ryga \u2013 Stambulas (~20:00-23:15).<br \/> \u2022 Atvykimas \u012f Stambul\u0105.<br \/> \u2022 Perve\u017eimas \u012f vie&scaron;but\u012f.<br \/> \u2022 \u012esik\u016brimas vie&scaron;butyje.<br \/> \u2022 Nakvyn\u0117 vie&scaron;butyje.<\/p>\n<p><strong>Day 2 <\/strong><\/p>\n<p>\u2022 Pusry\u010diai vie&scaron;butyje (perkant ekskursij\u0173 paket\u0105 pusry\u010diai \u012fskai\u010diuoti).<br \/> \u2022 I&scaron;siregistravimas i&scaron; vie&scaron;bu\u010dio.<br \/> \u2022 Pageidaujantiems si\u016blome ekskursij\u0105 po Stambul\u0105 (papildomas mokestis \u2013 45 \u20ac\/asm.).<br \/> \u2022 Perve\u017eimas \u012f Stambulo oro uost\u0105.<br \/> \u2022 Skrydis: Stambulas \u2013 Zanzibaras (~18:30-01:55*).<\/p>\n<p><strong>Day 3 <\/strong><\/p>\n<p>\u2022 Atvykimas \u012f Zanzibar\u0105.<br \/> \u2022 Perve\u017eimas \u012f vie&scaron;but\u012f.<br \/> \u2022 \u012esik\u016brimas vie&scaron;butyje.<br \/> - Recreation.<br \/> \u2022 Nakvyn\u0117 vie&scaron;butyje.<\/p>\n<p><strong>Day 4 <\/strong><\/p>\n<p>\u2022 Ekskursin\u0117 i&scaron;vyka \u201eDelfinai &#8211; Mnembos atolo j\u016br\u0173 parkas &#8211; Makunduchi urvas\u201c (\u012f\u0117jimo bilietai apmokami papildomai).<br \/> \u2022 Po ekskursijos sugr\u012f\u017etame \u012f vie&scaron;but\u012f.<br \/> \u2022 Nakvyn\u0117 vie&scaron;butyje.<\/p>\n<p>Leisim\u0117s \u012f nardymo kelion\u0119 su kauke (snorkeling) ir susitikim\u0105 su delfinais netoli Mnembos salos, esan\u010dios prie&scaron;ais vien\u0105 gra\u017eiausi\u0173 papl\u016bdimi\u0173 \u2013 Muyuni.<\/p>\n<p>M\u0117gausim\u0117s vaizdinga kelione valtimi delfinais turtingais vandenimis aplink Mnembos sal\u0105. Gal\u0117site steb\u0117ti \u017eaisming\u0105 laukini\u0173 delfin\u0173 elges\u012f j\u0173 nat\u016bralioje aplinkoje. Jei j\u016bros s\u0105lygos leis, gal\u0117site kartu su jais paplaukioti, pri\u017ei\u016brimi patyrusios komandos. Mes grie\u017etai laikom\u0117s eti&scaron;k\u0173 ir atsaking\u0173 taisykli\u0173, u\u017etikrinan\u010di\u0173 tiek j\u016bs\u0173, tiek delfin\u0173 saugum\u0105 ir gerov\u0119.<\/p>\n<p>Snorkelingas Mnemos atolo j\u016br\u0173 parke:<br \/> Po susitikimo su delfinais leisim\u0117s \u012f povandenin\u012f pasaul\u012f saugiose Mnemos atolo vandenyse, kur slepiasi spalvingiausi Zanzibaro koraliniai rifai. Plauksite su kauke ir vamzdeliu tarp tropini\u0173 \u017euvy\u010di\u0173, j\u016brini\u0173 v\u0117\u017eli\u0173 ir ry&scaron;ki\u0173 koral\u0173 sod\u0173, lydimi vietini\u0173 ekspert\u0173, kurie parodys geriausias nardymo vietas. Visi reikalingi snorkelingo \u012frankiai bus suteikti. &Scaron;i veikla tinkama tiek pradedantiesiems, tiek patyrusiems.<\/p>\n<p>Po nuotyki\u0173 po vandeniu atsipalaiduosime valtyje su gaiviais nealkoholiniais g\u0117rimais ir sezoniniais tropiniais vaisiais, gro\u017e\u0117damiesi panoraminiais turkio spalvos vanden\u0173 ir balt\u0173 sm\u0117lio papl\u016bdimi\u0173 vaizdais. Tuo metu bus paruo&scaron;ti piet\u016bs \u2013 &scaron;vie\u017eios j\u016bros g\u0117ryb\u0117s, pagamintos pagal suahil\u0173 tradicijas.<\/p>\n<p>V\u0117liau gr\u012f&scaron;ime \u012f krant\u0105 ir vyksime prie Fuku\u010dami urvo (\u012f\u0117jimo bilietas apmokamas papildomai ~10 $\/asm.), kur gal\u0117sime pasinerti \u012f v\u0117s\u0173 po\u017eemin\u012f e\u017eer\u0105, nat\u016braliai susidarius\u012f prie&scaron; daugel\u012f &scaron;imt\u0173 met\u0173. &Scaron;io ne\u012fprasto atspalvio vanduo, praturtintas vario sulfatu, turi gydom\u0173j\u0173 ir atjauninan\u010di\u0173 savybi\u0173.<\/p>\n<p><strong>Day 5 <\/strong><\/p>\n<p>\u2022 Pusry\u010diai vie&scaron;butyje (perkant ekskursij\u0173 paket\u0105 pusry\u010diai \u012fskai\u010diuoti).<br \/> \u2022 Ekskursin\u0117 i&scaron;vyka \u201eStone Town \u2013 Kal\u0117jimo sala\u201c (\u012f\u0117jimo bilietai apmokami papildomai).<br \/> \u2022 Po ekskursijos sugr\u012f\u017etame \u012f vie&scaron;but\u012f.<br \/> \u2022 Nakvyn\u0117 vie&scaron;butyje.<\/p>\n<p>Ryt\u0105 i&scaron;vyksime \u012f Stone Town miesto prieplauk\u0105, i&scaron; kurios per 20 minu\u010di\u0173 laivu pasieksime Kal\u0117jimo (Changuu) sal\u0105 (\u012f\u0117jimo bilietai apmokami papildomai ~22 $\/asm.). I&scaron; prad\u017ei\u0173 &scaron;i sala buvo naudojama kaip kal\u0117jimas mai&scaron;taujantiems vergams, v\u0117liau \u2013 kaip ligonin\u0117 sergantiems gelton\u0105ja kar&scaron;tine. &Scaron;iandien sala yra idili&scaron;kas kurortas, kurioje gyvena reti mil\u017eini&scaron;ki v\u0117\u017eliai, tarp j\u0173 \u2013 ir tokie, kurie gyveno iki 190 met\u0173!<\/p>\n<p>Toliau vyksime \u012f \u201edingstan\u010di\u0105\u201c sal\u0105, kur gal\u0117site pasimaudyti turkio spalvos vandenyje. &Scaron;is ma\u017eytis balto sm\u0117lio ruo\u017eas atsiranda tik kelioms valandoms per dien\u0105, o po to v\u0117l slepiasi po vandeniu. \u010cia gal\u0117site plaukioti su kauke, steb\u0117ti spalving\u0105 j\u016bros gyv\u016bnij\u0105, o po to pails\u0117ti ir paragauti skani\u0173 piet\u0173 i&scaron; &scaron;vie\u017ei\u0173 j\u016bros g\u0117rybi\u0173.<\/p>\n<p>Ekskursijos pabaigoje lauks pasivaik&scaron;\u010diojimas po istorinius Stone Town centrus, kur pamatysite svarbiausias lankytinas vietas: Palace muziej\u0173, sen\u0105j\u012f fort\u0105 ir anglikon\u0173 katedr\u0105 su paminklu vergams. Taip pat aplankysime Freddie Mercury nam\u0105 ir pasivaik&scaron;\u010diosime spalvingame turguje, kur gal\u0117site \u012fsigyti egzotini\u0173 vaisi\u0173 ir prieskoni\u0173.<\/p>\n<p><strong>Day 6 <\/strong><\/p>\n<p>\u2022 Pusry\u010diai vie&scaron;butyje (perkant ekskursij\u0173 paket\u0105 pusry\u010diai \u012fskai\u010diuoti).<br \/> \u2022 Laisva diena, poilsis prie j\u016bros.<br \/> \u2022 Nakvyn\u0117 vie&scaron;butyje.<\/p>\n<p><strong>Day 7 <\/strong><\/p>\n<p>\u2022 Pusry\u010diai vie&scaron;butyje (perkant ekskursij\u0173 paket\u0105 pusry\u010diai \u012fskai\u010diuoti).<br \/> \u2022 Laisva diena, poilsis prie j\u016bros.<br \/> \u2022 Nakvyn\u0117 vie&scaron;butyje.<\/p>\n<p><strong>Day 8 <\/strong><\/p>\n<p>\u2022 Pusry\u010diai vie&scaron;butyje (perkant ekskursij\u0173 paket\u0105 pusry\u010diai \u012fskai\u010diuoti).<br \/> \u2022 Laisva diena, poilsis prie j\u016bros.<br \/> \u2022 Nakvyn\u0117 vie&scaron;butyje.<\/p>\n<p><strong>Day 9 <\/strong><\/p>\n<p>\u2022 Pusry\u010diai vie&scaron;butyje (perkant ekskursij\u0173 paket\u0105 pusry\u010diai \u012fskai\u010diuoti).<br \/> \u2022 Laisva diena, poilsis prie j\u016bros.<br \/> \u2022 Nakvyn\u0117 vie&scaron;butyje.<\/p>\n<p><strong>Day 10 <\/strong><\/p>\n<p>\u2022 Pusry\u010diai vie&scaron;butyje (perkant ekskursij\u0173 paket\u0105 pusry\u010diai \u012fskai\u010diuoti).<br \/> \u2022 Laisva diena, poilsis prie j\u016bros.<br \/> \u2022 Nakvyn\u0117 vie&scaron;butyje.<\/p>\n<p><strong>Day 11 <\/strong><\/p>\n<p>\u2022 Pusry\u010diai vie&scaron;butyje (perkant ekskursij\u0173 paket\u0105 pusry\u010diai \u012fskai\u010diuoti).<br \/> \u2022 Laisva diena, poilsis prie j\u016bros.<br \/> \u2022 Nakvyn\u0117 vie&scaron;butyje.<\/p>\n<p><strong>Day 12 <\/strong><\/p>\n<p>\u2022 Pusry\u010diai vie&scaron;butyje (perkant ekskursij\u0173 paket\u0105 pusry\u010diai \u012fskai\u010diuoti).<br \/> \u2022 I&scaron;siregistravimas i&scaron; vie&scaron;bu\u010dio.<br \/> \u2022 Vykstame \u012f uost\u0105.<br \/> \u2022 Registracija \u012f kelt\u0105 plaukianti \u012f Dar es Salam\u0105.<br \/> \u2022 Atplaukiame \u012f Dar es Salam\u0105.<br \/> \u2022 Ap\u017evalgin\u0117 ekskursija po Dar es Salam\u0105.<br \/> \u2022 Perve\u017eimas \u012f vie&scaron;but\u012f.<br \/> \u2022 \u012esik\u016brimas vie&scaron;butyje.<br \/> \u2022 Nakvyn\u0117 vie&scaron;butyje.<\/p>\n<p>Po poilsio j\u016bs\u0173 laukia ap\u017evalgin\u0117 ekskursija po Dar es Salam\u0105 \u2013 &scaron;iuolaikin\u012f megapol\u012f su kolonijine praeitimi, kupin\u0105 afrikieti&scaron;ko kolorito.<\/p>\n<p>Paskutinis vakaras Tanzanijoje \u2013 laikas apsipirkimui, nuotraukoms ir suvenyrams.<\/p>\n<p><strong>Day 13 <\/strong><\/p>\n<p>\u2022 Ankstyvas i&scaron;siregistravimas i&scaron; vie&scaron;bu\u010dio.<br \/> - Transfer to the airport.<br \/> \u2022 Skrydis: Dar es Salamas \u2013 Stambulas (~04:10-12:10).<br \/> - Arrival in Istanbul.<br \/> \u2022 Skrydis: Stambulas \u2013 Ryga (~15:50-18:05).<br \/> - Arrival in Riga.<\/p>","protected":false},"excerpt":{"rendered":"<p>LR pilie\u010diams vykstant \u012f Tanzanij\u0105 reikalinga el. viza (vizos mokestis ~50 $\/asm.), kuria keliautojai r\u016bpinasi savaranki&scaron;kai, nor\u0117dami u\u017epildyti spauskit&#8230;<\/p>","protected":false},"featured_media":11961,"comment_status":"open","ping_status":"closed","template":"","meta":{"om_disable_all_campaigns":false,"_monsterinsights_skip_tracking":false,"_monsterinsights_sitenote_active":false,"_monsterinsights_sitenote_note":"","_monsterinsights_sitenote_category":0},"product_brand":[],"product_cat":[669,774],"product_tag":[],"class_list":{"0":"post-17101","1":"product","2":"type-product","3":"status-publish","4":"has-post-thumbnail","6":"atravel_country-tanzanija","7":"atravel_country-zanzibaro-sala-tanzanija","8":"atravel_tour_type-avia","9":"atravel_currency-eurai","10":"atravel_departure_city-latvija","11":"product_cat-keliones","12":"product_cat-tanzanija","14":"first","15":"instock","16":"taxable","17":"shipping-taxable","18":"purchasable","19":"product-type-variable","20":"has-default-attributes"},"aioseo_notices":[],"_links":{"self":[{"href":"https:\/\/www.atravel.lt\/en\/wp-json\/wp\/v2\/product\/17101","targetHints":{"allow":["GET"]}}],"collection":[{"href":"https:\/\/www.atravel.lt\/en\/wp-json\/wp\/v2\/product"}],"about":[{"href":"https:\/\/www.atravel.lt\/en\/wp-json\/wp\/v2\/types\/product"}],"replies":[{"embeddable":true,"href":"https:\/\/www.atravel.lt\/en\/wp-json\/wp\/v2\/comments?post=17101"}],"wp:featuredmedia":[{"embeddable":true,"href":"https:\/\/www.atravel.lt\/en\/wp-json\/wp\/v2\/media\/11961"}],"wp:attachment":[{"href":"https:\/\/www.atravel.lt\/en\/wp-json\/wp\/v2\/media?parent=17101"}],"wp:term":[{"taxonomy":"product_brand","embeddable":true,"href":"https:\/\/www.atravel.lt\/en\/wp-json\/wp\/v2\/product_brand?post=17101"},{"taxonomy":"product_cat","embeddable":true,"href":"https:\/\/www.atravel.lt\/en\/wp-json\/wp\/v2\/product_cat?post=17101"},{"taxonomy":"product_tag","embeddable":true,"href":"https:\/\/www.atravel.lt\/en\/wp-json\/wp\/v2\/product_tag?post=17101"}],"curies":[{"name":"wp","href":"https:\/\/api.w.org\/{rel}","templated":true}]}}