{"id":17095,"date":"2026-04-25T22:25:28","date_gmt":"2026-04-25T20:25:28","guid":{"rendered":"https:\/\/www.atravel.lt\/produktas\/japonija-gamtos-ir-tradiciju-pasaulis-skrydis-is-rygos\/"},"modified":"2026-05-06T10:47:41","modified_gmt":"2026-05-06T08:47:41","slug":"japonija-gamtos-ir-tradiciju-pasaulis-skrydis-is-rygos","status":"publish","type":"product","link":"https:\/\/www.atravel.lt\/en\/product\/japonija-gamtos-ir-tradiciju-pasaulis-skrydis-is-rygos\/","title":{"rendered":"Japonija \u2013 gamtos ir tradicij\u0173 pasaulis (skrydis i\u0161 Rygos)"},"content":{"rendered":"<p><strong>1 day <\/strong><\/p>\n<p>\u2022 Atvykimas \u012f Rygos oro uost\u0105<br \/> - Check-in.<br \/> \u2022 Skrydis: Ryga \u2013 Stambulas (~19:00-23:15).<br \/> - Arrival in Istanbul. <\/p>\n<p><strong>Day 2 <\/strong><\/p>\n<p>\u2022 Skrydis: Stambulas \u2013 Tokijas (~02:30-19:45).<br \/> \u2022 Atskridimas \u012f Tokij\u0105.<br \/> \u2022 Vykstame \u012f vie&scaron;but\u012f.<br \/> \u2022 \u012esik\u016brimas vie&scaron;butyje.<br \/> - Recreation.<br \/> \u2022 Nakvyn\u0117 vie&scaron;butyje. <\/p>\n<p><strong>Day 3 <\/strong><\/p>\n<p>\u2022 Pusry\u010diai vie&scaron;butyje (perkant ekskursij\u0173 paket\u0105 pusry\u010diai \u012fskai\u010diuoti).<br \/> \u2022 Ekskursin\u0117 programa po Tokij\u0105 (2 dali\u0173).<br \/> \u2022 Piet\u016bs (papildomas mokestis).<br \/> \u2022 Sugr\u012f\u017etame \u012f vie&scaron;but\u012f.<br \/> \u2022 Nakvyn\u0117 vie&scaron;butyje. <\/p>\n<p>Tokijas \u2013 Japonijos sostin\u0117, esanti Hon&scaron;iu salos pietrytin\u0117je dalyje, Kanto lygumoje, Ramiojo vandenyno Tokijo \u012flankoje. Be sostin\u0117s, Tokijas taip pat yra viena i&scaron; keturiasde&scaron;imt septyni\u0173 &scaron;alies prefekt\u016br\u0173. Tokijo gyventoj\u0173 skai\u010dius yra &scaron;iek tiek daugiau nei 13 milijon\u0173 \u017emoni\u0173. Tokijas \u2013 vienas jauniausi\u0173 &scaron;alies miest\u0173, ta\u010diau jame nuostabiai pavyksta derinti senov\u0117s ir modernumo bruo\u017eus. Did\u017eiuli\u0173 dangorai\u017ei\u0173 &scaron;e&scaron;\u0117lyje matosi ma\u017ey\u010diai, stebuklingai po sunaikinimo atstatyti namukai ir ma\u017eos siauros gatvel\u0117s, kurios kartais net neturi pavadinim\u0173. Did\u017eiulis didmiestis tuo pat metu gars\u0117ja senoviniais rytieti&scaron;kos architekt\u016bros paminklais ir &scaron;iuolaikin\u0117mis pramogomis. Kombinuotosios ekskursijos po miest\u0105 metu pamatysime: did\u017eiausi\u0105 j\u016bros g\u0117rybi\u0173 turg\u0173 \u201eTsukiji\u201c, aplankysime Ginz\u0105 \u2013 brangiausi\u0105 &scaron;alies rajon\u0105 (kvadratinio metro \u017eem\u0117s kaina &scaron;ioje teritorijoje ~100 000 USD). Sustosime nuotrauk\u0173 pertrauk\u0117l\u0117ms prie: Nihonbashi tilto, Imperatori&scaron;kieji r\u016bmu, aplankysime Akihabara rajon\u0105, tada Asakusa rajon\u0105, gal\u0117sime ap\u017ei\u016br\u0117ti Kaminarimon Perk\u016bno vartus ir pasivaik&scaron;\u010dioti Nakamise-dori parduotuvi\u0173 gatve. B\u016btinai aplankysime Senso-ji &scaron;ventykl\u0105 \u2013 \u017eymiausi\u0105 Tokijo budist\u0173 &scaron;ventykl\u0105, pastatyt\u0105 VII am\u017eiuje, ir Asakusa Sanja-sama &scaron;ventykl\u0105, kuri buvo pastatyta Edo eros laikais ir i&scaron;gyveno 1945 met\u0173 bombardavim\u0105.<\/p>\n<p>Po piet\u0173 lankysim\u0117s televizijos bok&scaron;te (vyksime metro, metro bilietams reikia tur\u0117ti po ~410 jen\u0173 + pakilimas \u012f bok&scaron;t\u0105 ~2200 jen\u0173 (pageidaujant)). Jos auk&scaron;tis 634 m. Tai pats auk&scaron;\u010diausias televizijos bok&scaron;tas pasaulyje.<\/p>\n<p><strong>Day 4 <\/strong><\/p>\n<p>\u2022 Pusry\u010diai vie&scaron;butyje (perkant ekskursij\u0173 paket\u0105 pusry\u010diai \u012fskai\u010diuoti).<br \/> \u2022 Ekskursin\u0117 programa \u201eTokijas ir Odaiba sala\u201c (\u012f\u0117jimo bilietai apmokami pa\u010di\u0173 keliautoj\u0173).<br \/> \u2022 Piet\u016bs (papildomas mokestis).<br \/> \u2022 Sugr\u012f\u017etame \u012f vie&scaron;but\u012f.<br \/> - Recreation.<br \/> \u2022 Nakvyn\u0117 vie&scaron;butyje. <\/p>\n<p>T\u0119siame pa\u017eint\u012f su Tokijumi. Ekskursijos metu aplankysime Meid\u017ei &#8211; &Scaron;intoit\u0173 &scaron;ventykl\u0105 \u2013 muziej\u0173 \u2013 vien\u0105 \u017einomiausi\u0173 ir ikoni&scaron;kiausi\u0173 &scaron;ventykl\u0173 Tokijo didmiestyje bei vien\u0105 labiausiai gerbiam\u0173 ir lankom\u0173 religini\u0173 viet\u0173 &scaron;alyje. Ji buvo pastatyta 1920 m., taip pat pamatysime Shibuya per\u0117j\u0105 ir Hachiko paminkl\u0105.<\/p>\n<p>Odaiba &#8211; modernus rajonas su pramog\u0173 centrais, \u012fsik\u016br\u0119s dirbtin\u0117je Tokijo \u012flankos saloje. Saloje yra Yurikamome automatizuota traukini\u0173 stotis. Vaivoryk&scaron;t\u0117s tiltas jungia sal\u0105 su Tokijo centru. Nuo Daikanran&scaron;os ap\u017evalgos rato atsiveria Fud\u017eio kalno vaizdai, o Nacionaliniame mokslo ir inovacij\u0173 pa\u017eangos muziejuje yra interaktyvi\u0173 robot\u0173 eksponat\u0173. Iki pra\u0117jusio am\u017eiaus 90-\u0173j\u0173 prad\u017eios Odaiba buvo sala \u2013 s\u0105vartynas Nr. 13. Tod\u0117l vietiniai gyventojai Odaibos sal\u0105 vadina \u201e&scaron;iuk&scaron;le\u201c, o kai kas \u2013 \u201eateities sala\u201c. Sala stebina futuristini\u0173 objekt\u0173 gausa. Ekskursijos metu aplankysime paj\u016brio park\u0105 (Laisv\u0117s statul\u0105 ir Vaivoryk&scaron;t\u0117s tilt\u0105).<\/p>\n<p><strong>Day 5 <\/strong><\/p>\n<p>\u2022 Pusry\u010diai vie&scaron;butyje (perkant ekskursij\u0173 paket\u0105 pusry\u010diai \u012fskai\u010diuoti).<br \/> - Free day.<br \/> \u2022 Pageidaujantiems si\u016blome ekskursin\u0119 i&scaron;vyk\u0105 \u201eNikko\u201c (papildomas mokestis &#8211; 95 \u20ac\/asm. + \u012f\u0117jimo bilietai).<br \/> - Free time.<br \/> \u2022 Sugr\u012f\u017etame \u012f vie&scaron;but\u012f.<br \/> \u2022 Nakvyn\u0117 vie&scaron;butyje. <\/p>\n<p>Nikko nacionalinis parkas \u2013 UNESCO &scaron;ventykl\u0173 kompleksas, vaizdingi e\u017eerai, kriokliai, tarpekliai ir koply\u010dios. Ekskursijos metu pamatysime: Toshogu &scaron;ventykl\u0105 (papildomas mokestis ~1600 JPY). <br \/> Tradiciniai piet\u016bs (u\u017e papildom\u0105 mokest\u012f ~2600 JPY), Kegon krioklys, Chuzenji e\u017eeras, Ryuzu krioklys. Toliau rasite kar&scaron;t\u0105sias versmes (skirtos tik kojoms) \u2013 Nikko Yumoto Onsen. <\/p>\n<p><strong>Day 6 <\/strong><\/p>\n<p>\u2022 Pusry\u010diai vie&scaron;butyje (perkant ekskursij\u0173 paket\u0105 pusry\u010diai \u012fskai\u010diuoti).<br \/> \u2022 I&scaron;siregistravimas i&scaron; vie&scaron;bu\u010dio.<br \/> \u2022 Ekskursin\u0117 programa \u201eAgatsuma \u2013 Jambos u\u017etvanka \u2013 Kusatsu\u201c (\u012f\u0117jimo bilietus apmoka patys keliautojai).<br \/> \u2022 Vykstame \u012f vie&scaron;but\u012f.<br \/> \u2022 \u012esik\u016brimas vie&scaron;butyje.<br \/> - Recreation.<br \/> \u2022 Nakvyn\u0117 vie&scaron;butyje. <\/p>\n<p>Ekskursija prasideda vaizdingoje Agatsumos sl\u0117nio vietov\u0117je, gars\u0117jan\u010dioje kaln\u0173 peiza\u017eais, &scaron;variu oru ir ramia atmosfera. Kelion\u0117 driekiasi palei Agatsumos up\u0119, kur galima pamatyti kanjonus, kabant\u012fs tiltus ir ma\u017eas kaimelius, kurie i&scaron;saugojo tradicin\u012f gyvenimo b\u016bd\u0105.<\/p>\n<p>Kitas sustojimas \u2013 \u012fsp\u016bdinga Jambos u\u017etvanka, viena did\u017eiausi\u0173 hidroin\u017einerini\u0173 konstrukcij\u0173 Japonijoje. I&scaron; ap\u017evalgos aik&scaron;teli\u0173 atsiveria stulbinantis vaizdas \u012f rezervuar\u0105 ir aplinkines kalvas. \u010cia galima su\u017einoti apie u\u017etvankos statybos istorij\u0105, jos reik&scaron;m\u0119 regionui ir pamatyti infrastrukt\u016bros modernizavimo mast\u0105. Vietov\u0117 puikiai tinka nuotraukoms ir trumpoms pasivaik&scaron;\u010diojimams panoramin\u0117mis takais.<\/p>\n<p>Mar&scaron;ruto finalin\u0117 stotel\u0117 \u2013 garsusis Kusatsu kurortas, vienas \u017eymiausi\u0173 kar&scaron;t\u0173j\u0173 &scaron;altini\u0173 Japonijoje. Lankytojai susipa\u017e\u012fsta su Yubatake &scaron;altiniu, kur kar&scaron;tas mineralinis vanduo teka per medinius latakus. \u010cia galima i&scaron;bandyti maudynes onsenuose, pasivaik&scaron;\u010dioti jaukiomis gatvel\u0117mis, paragauti vietini\u0173 saldumyn\u0173 ir pasinerti \u012f tradicinio japoni&scaron;ko kurorto atmosfer\u0105.<\/p>\n<p><strong>Day 7 <\/strong><\/p>\n<p>\u2022 Pusry\u010diai vie&scaron;butyje (perkant ekskursij\u0173 paket\u0105 pusry\u010diai \u012fskai\u010diuoti).<br \/> \u2022 I&scaron;siregistravimas i&scaron; vie&scaron;bu\u010dio.<br \/> \u2022 Ekskursija po Nagano (\u012f\u0117jimo bilietai apmokami pa\u010di\u0173 keliautoj\u0173).<br \/> \u2022 Vykstame \u012f vie&scaron;but\u012f.<br \/> \u2022 \u012esik\u016brimas vie&scaron;butyje.<br \/> - Recreation.<br \/> \u2022 Nakvyn\u0117 vie&scaron;butyje. <\/p>\n<p>D\u0117l daugyb\u0117s senovini\u0173 budist\u0173 &scaron;ventykl\u0173 Nagano jau kelis &scaron;imtme\u010dius i&scaron;lieka vienu svarbiausi\u0173 Japonijos religini\u0173 centr\u0173. Vienas \u017eymiausi\u0173 religin\u0117s ir turistin\u0117s reik&scaron;m\u0117s objekt\u0173 yra Zenkoji &scaron;ventykla (papildomai apmokami \u012f\u0117jimo bilietai ~600 JPY), kurioje saugoma unikali budistin\u0117 relikvija \u2013 VI a. sukurtas Budos vaizdas. Pagrindinio pastato stogas i&scaron; hinoki medienos \u2013 did\u017eiausias &scaron;iaudinis stogas Japonijoje. &Scaron;i\u0105 &scaron;ventykl\u0105 lank\u0117 Minamoto Yoritomo (pirmasis Japonijos &scaron;og\u016bnas) bei H\u014dj\u014d klano atstovai, kurie daugiau nei 120 met\u0173 vald\u0117 &scaron;al\u012f.<\/p>\n<p>Toliau j\u016bs\u0173 laukia nuostabi vieta, traukianti lankytojus i&scaron; viso pasaulio \u2013 Jigokudani snieguot\u0173j\u0173 be\u017ed\u017eioni\u0173 parkas (papildomai apmokami \u012f\u0117jimo bilietai ~800 JPY). Tai unikali vieta, kurioje gyvena apie 200 laukini\u0173 be\u017ed\u017eioni\u0173. Tai vienintel\u0117 vieta pasaulyje, kur galima steb\u0117ti, kaip snieguotosios be\u017ed\u017eion\u0117s maudosi kar&scaron;tame vandenyje laukin\u0117je gamtoje. Jas pavadino \u201esnieguotosiomis be\u017ed\u017eion\u0117mis\u201c, nes jos gyvena platumose nuo 31\u00b0 iki 41\u00b0 &scaron;iaur\u0117s platumos \u2013 Japonijos makakos yra &scaron;iauriausios be\u017ed\u017eioni\u0173 r\u016b&scaron;ys pasaulyje. Su j\u0173 storu kailiu, beveik \u017emogaus veid\u0105 primenan\u010diomis i&scaron;rai&scaron;komis ir ne\u012fprastai protingu \u017evilgsniu, snieguotosios be\u017ed\u017eion\u0117s peln\u0117 \u017emoni\u0173 &scaron;irdis visame pasaulyje.<\/p>\n<p><strong>Day 8 <\/strong><\/p>\n<p>\u2022 Pusry\u010diai vie&scaron;butyje (perkant ekskursij\u0173 paket\u0105 pusry\u010diai \u012fskai\u010diuoti).<br \/> \u2022 I&scaron;siregistravimas i&scaron; vie&scaron;bu\u010dio.<br \/> \u2022 Ekskursin\u0117 programa \u201eNarai-d\u017euku kaimelis \u2013 Takajama\u201c (\u012f\u0117jimo bilietus apmoka patys keliautojai).<br \/> \u2022 Vykstame \u012f vie&scaron;but\u012f.<br \/> \u2022 \u012esik\u016brimas vie&scaron;butyje.<br \/> - Recreation.<br \/> \u2022 Nakvyn\u0117 vie&scaron;butyje. <\/p>\n<p>&Scaron;i\u0105 dien\u0105 ekskursija prasid\u0117s senoviniame Narai-d\u017euku kaimelyje, kurio atmosfera atspindi Edo laikotarp\u012f.<\/p>\n<p>Narai-d\u017euku \u017eavi savo istorija \u2013 kadaise &scaron;i vietov\u0117 buvo pagrindin\u0117 magistral\u0117 Nakasendo kelyje tarp Kioto ir Tokijo. &Scaron;iandien namai kruop&scaron;\u010diai restauruojami, kad i&scaron;laikyt\u0173 savo autenti&scaron;k\u0105 vaizd\u0105, leid\u017eiant\u012f pajusti tikr\u0105 Edo laik\u0173 dvasi\u0105.<\/p>\n<p>Toliau kelion\u0117 t\u0119sis Takajamos mieste, \u012fsik\u016brusiame Japonijos Alp\u0117se ir dar \u017einomame kaip Hida-Takajama. &Scaron;is \u017eavus Gifu prefekt\u016bros miestas si\u016blo unikal\u0173 tradicinio \u017eavesio ir gamtos gro\u017eio derin\u012f. Takajama gars\u0117ja puikiai i&scaron;saugotais senaisiais kvartalais ir nuostabiais kra&scaron;tovaizd\u017eiais, tod\u0117l \u010dia lankytojai gal\u0117s pasinerti \u012f tradicin\u0119 Japonij\u0105 ir pasivaik&scaron;\u010dioti gerai i&scaron;likusiomis Edo laik\u0173 gatvel\u0117mis.<\/p>\n<p><strong>Day 9 <\/strong><\/p>\n<p>\u2022 Pusry\u010diai vie&scaron;butyje (perkant ekskursij\u0173 paket\u0105 pusry\u010diai \u012fskai\u010diuoti).<br \/> - Free day.<br \/> \u2022 Nakvyn\u0117 vie&scaron;butyje. Gal\u0117site pasivaik&scaron;\u010dioti, apsilankyti Takajamos ryto turgelyje ir muziejuose, kur susipa\u017einsite su regiono turtinga istorija ir kult\u016bra.<\/p>\n<p><strong>Day 10 <\/strong><\/p>\n<p>\u2022 Pusry\u010diai vie&scaron;butyje (perkant ekskursij\u0173 paket\u0105 pusry\u010diai \u012fskai\u010diuoti).<br \/> - Free day.<br \/> \u2022 Pageidaujantiems si\u016blome ekskursin\u0119 i&scaron;vyk\u0105 \u201eIstorinis &Scaron;irakavos kaimelis\u201c (papildomas mokestis &#8211; 95 \u20ac\/asm. + \u012f\u0117jimo bilietai).<br \/> - Free time.<br \/> \u2022 Sugr\u012f\u017etame \u012f vie&scaron;but\u012f.<br \/> \u2022 Nakvyn\u0117 vie&scaron;butyje. <\/p>\n<p>&Scaron;irakava \u2013 tradicinis kaimelis kalnuose, \u012ftrauktas \u012f UNESCO pasaulio paveldo s\u0105ra&scaron;\u0105. Jis gars\u0117ja savo namais gassh\u014d-zukuri stiliumi (\u201esukry\u017eiuot\u0173 rank\u0173\u201c), dengtais &scaron;iaudiniais stogais.<\/p>\n<p>Ekskursija \u012f istorin\u012f &Scaron;irakavos kaimel\u012f si\u016blys kelion\u0119 \u012f vien\u0105 gra\u017eiausi\u0173 ir unikiausi\u0173 Japonijos viet\u0173. Kaimelis gars\u0117ja savo tradiciniais mediniais gassh\u014d-zukuri namais \u2013 did\u017eiuliais pastatais su statmenais &scaron;iaudiniais stogais, primenan\u010diais rankas, sud\u0117tas maldai. &Scaron;ie namai buvo sukurti tam, kad atlaikyt\u0173 regiono gausius sniego kritulius, ir i&scaron;laiko autenti&scaron;k\u0105 senovin\u0117s Japonijos kaimelio atmosfer\u0105.<\/p>\n<p>Kelyje link ap\u017evalgos aik&scaron;tel\u0117s atsivers panoraminis vaizdas \u012f vis\u0105 sl\u0117n\u012f ir jame esan\u010dius senovinius namus. V\u0117liau lankytojai gal\u0117s pasivaik&scaron;\u010dioti siaur\u0173 gatveli\u0173 labirintuose, aplankyti muziejus, amatinink\u0173 dirbtuves ir nedideles kavinukes su vietiniais skan\u0117stais. Ekskursija leis pamatyti tradicin\u012f gyvenimo b\u016bd\u0105, susipa\u017einti su Hida regiono amatais ir pajusti ramyb\u0119 bei kaln\u0173 kaimelio gro\u017e\u012f.<\/p>\n<p><strong>Day 11 <\/strong><\/p>\n<p>\u2022 Pusry\u010diai vie&scaron;butyje (perkant ekskursij\u0173 paket\u0105 pusry\u010diai \u012fskai\u010diuoti).<br \/> \u2022 I&scaron;siregistravimas i&scaron; vie&scaron;bu\u010dio.<br \/> \u2022 Ekskursin\u0117 programa \u201eMacumoto \u2013 Vasabi plantacija\u201c (\u012f\u0117jimo bilietus apmoka patys keliautojai).<br \/> \u2022 Vykstame \u012f tranzitin\u012f vie&scaron;but\u012f.<br \/> \u2022 \u012esik\u016brimas vie&scaron;butyje.<br \/> - Recreation.<br \/> \u2022 Nakvyn\u0117 vie&scaron;butyje. <\/p>\n<p>Ekskursija prasid\u0117s kelione \u012f Macumoto miest\u0105, kuris da\u017enai vadinamas vartais \u012f \u010cubu Sangaku nacionalin\u012f park\u0105. \u010cia apsilankysite viename geriausiai i&scaron;likusi\u0173 feodalinio laikotarpio pil\u0173 \u2013 Macumoto pilyje (papildomai apmokami \u012f\u0117jimo bilietai ~700 JPY). Japonijoje yra tik keturios pilys, pripa\u017eintos \u201eNacionaliniu turtu\u201c, ir Macumoto pilis yra viena i&scaron; j\u0173.<\/p>\n<p>Penkiaauk&scaron;t\u0117 pagrindin\u0117 pilies bok&scaron;tas, i&scaron;kil\u0119s prie&scaron;ais &Scaron;iaurines Alpes, yra seniausias tokio tipo statinys Japonijoje. Pilies pastatai dengti baltu tinku, o apatin\u0117 dalis \u2013 juodai lakuota mediena. Baltos tinko ir juodo lako kontrastas sukuria rafinuot\u0105 estetin\u0119 harmonij\u0105. D\u0117l savo i&scaron;vaizdos pilis liaudyje vadinama \u201eVarno pilimi\u201c.<\/p>\n<p>V\u0117liau ekskursija t\u0119sis vasabi plantacijoje, kur tur\u0117site unikali\u0105 galimyb\u0119 pamatyti, kaip auginamas tikras japoni&scaron;kas vasabi. \u010cia taip pat gal\u0117site paragauti \u012fvairi\u0173 patiekal\u0173 ir produkt\u0173 su vasabi.<\/p>\n<p><strong>Day 12 <\/strong><\/p>\n<p>\u2022 Pusry\u010diai vie&scaron;butyje (perkant ekskursij\u0173 paket\u0105 pusry\u010diai \u012fskai\u010diuoti).<br \/> \u2022 I&scaron;siregistravimas i&scaron; vie&scaron;bu\u010dio.<br \/> \u2022 Vykstame \u012f Tokij\u0105.<br \/> - Free time in the city.<br \/> \u2022 Vakare perve\u017eimas \u012f oro uost\u0105.<br \/> - Check-in.<br \/> \u2022 Skrydis: Tokijas \u2013 Stambulas (~22:05-05:40*). <\/p>\n<p>Perve\u017eimas \u012f Tokij\u0105, kur tur\u0117site laisvo laiko aplankyti daugyb\u0119 prekybos ir pramog\u0173 centr\u0173<\/p>\n<p><strong>Day 13 <\/strong><\/p>\n<p>\u2022 Atvykimas \u012f Stambul\u0105.<br \/> \u2022 Skrydis: Stambulas \u2013 Ryga (~15:50-18:05).<br \/> \u2022 Atvykimas \u012f Ryg\u0105. <\/p>","protected":false},"excerpt":{"rendered":"<p>1 diena \u2022 Atvykimas \u012f Rygos oro uost\u0105 \u2022 Registracija \u012f skryd\u012f. \u2022 Skrydis: Ryga \u2013 Stambulas (~19:00-23:15). \u2022 Atskridimas \u012f Stambul\u0105. 2 diena \u2022 Skrydis: Stambula&#8230;<\/p>","protected":false},"featured_media":12826,"comment_status":"open","ping_status":"closed","template":"","meta":{"om_disable_all_campaigns":false,"_monsterinsights_skip_tracking":false,"_monsterinsights_sitenote_active":false,"_monsterinsights_sitenote_note":"","_monsterinsights_sitenote_category":0},"product_brand":[],"product_cat":[677,669],"product_tag":[],"class_list":{"0":"post-17095","1":"product","2":"type-product","3":"status-publish","4":"has-post-thumbnail","6":"atravel_country-japonija","7":"atravel_tour_type-avia","8":"atravel_currency-eurai","9":"atravel_departure_city-latvija","10":"product_cat-japonija","11":"product_cat-keliones","13":"first","14":"instock","15":"taxable","16":"shipping-taxable","17":"purchasable","18":"product-type-variable","19":"has-default-attributes"},"aioseo_notices":[],"_links":{"self":[{"href":"https:\/\/www.atravel.lt\/en\/wp-json\/wp\/v2\/product\/17095","targetHints":{"allow":["GET"]}}],"collection":[{"href":"https:\/\/www.atravel.lt\/en\/wp-json\/wp\/v2\/product"}],"about":[{"href":"https:\/\/www.atravel.lt\/en\/wp-json\/wp\/v2\/types\/product"}],"replies":[{"embeddable":true,"href":"https:\/\/www.atravel.lt\/en\/wp-json\/wp\/v2\/comments?post=17095"}],"wp:featuredmedia":[{"embeddable":true,"href":"https:\/\/www.atravel.lt\/en\/wp-json\/wp\/v2\/media\/12826"}],"wp:attachment":[{"href":"https:\/\/www.atravel.lt\/en\/wp-json\/wp\/v2\/media?parent=17095"}],"wp:term":[{"taxonomy":"product_brand","embeddable":true,"href":"https:\/\/www.atravel.lt\/en\/wp-json\/wp\/v2\/product_brand?post=17095"},{"taxonomy":"product_cat","embeddable":true,"href":"https:\/\/www.atravel.lt\/en\/wp-json\/wp\/v2\/product_cat?post=17095"},{"taxonomy":"product_tag","embeddable":true,"href":"https:\/\/www.atravel.lt\/en\/wp-json\/wp\/v2\/product_tag?post=17095"}],"curies":[{"name":"wp","href":"https:\/\/api.w.org\/{rel}","templated":true}]}}