{"id":17070,"date":"2026-04-25T22:25:26","date_gmt":"2026-04-25T20:25:26","guid":{"rendered":"https:\/\/www.atravel.lt\/produktas\/alikante-su-poilsiu-prie-juros-ir-ekskursijomis-skrydis-is-rygos\/"},"modified":"2026-05-06T10:47:39","modified_gmt":"2026-05-06T08:47:39","slug":"alikante-su-poilsiu-prie-juros-ir-ekskursijomis-skrydis-is-rygos","status":"publish","type":"product","link":"https:\/\/www.atravel.lt\/en\/product\/alikante-su-poilsiu-prie-juros-ir-ekskursijomis-skrydis-is-rygos\/","title":{"rendered":"Alikant\u0117 su poilsiu prie j\u016bros ir ekskursijomis (skrydis i\u0161 Rygos)"},"content":{"rendered":"<p><strong>1 day<\/strong><\/p>\n<p>- Arrival at Riga Airport.<br \/> \u2022 Skrydis: Ryga \u2013 Alikant\u0117.<br \/> \u2022 Atvykimas \u012f Alikant\u0119.<br \/> \u2022 Vykstame \u012f vie&scaron;but\u012f.<br \/> \u2022 \u012esik\u016brimas vie&scaron;butyje.<br \/> \u2022 Nakvyn\u0117 vie&scaron;butyje.<\/p>\n<p><strong>Day 2<\/strong><\/p>\n<p>\u2022 Pusry\u010diai vie&scaron;butyje (perkant ekskursij\u0173 paket\u0105 pusry\u010diai \u012fskai\u010diuoti).<br \/> \u2022 Ekskursija po Alikant\u0119.<br \/> - Free time.<br \/> \u2022 Sugr\u012f\u017eimas \u012f vie&scaron;but\u012f.<br \/> \u2022 Nakvyn\u0117 vie&scaron;butyje.<\/p>\n<p>Vir&scaron; Alikant\u0117s miesto, to paties pavadinimo provincijos sostin\u0117s, ant kalvos, didingai i&scaron;kilusi maur\u0173 pilis Santa Barbara. Ekskursijos metu pamatysite viduram\u017ei\u0173 Santa Maria &scaron;ventykl\u0105, saul\u0117t\u0105 krantin\u0119, gryb\u0173 gatv\u0119 ir kitus &scaron;io mielo &scaron;ventinio miesto kampelius.<\/p>\n<p><strong>Day 3<\/strong><\/p>\n<p>\u2022 Pusry\u010diai vie&scaron;butyje (perkant ekskursij\u0173 paket\u0105 pusry\u010diai \u012fskai\u010diuoti).<br \/> \u2022 Laisva diena. Poilsis prie j\u016bros.<br \/> \u2022 Pageidaujantiems antroje dienos pus\u0117je si\u016blome ekskursij\u0105 po Valensij\u0105 (papildomas mokestis \u2013 55 \u20ac\/asm.).<br \/> \u2022 Sugr\u012f\u017eimas \u012f vie&scaron;but\u012f.<br \/> \u2022 Nakvyn\u0117 vie&scaron;butyje.<\/p>\n<p>Valensija &#8211; tre\u010dias pagal gyventoj\u0173 skai\u010di\u0173 Ispanijos miestas. To paties pavadinimo autonomin\u0117s bendruomen\u0117s sostin\u0117. Miestas, kuriame jungiasi praeitis, dabartis ir ateitis. Istorinis centras, visi&scaron;kai nepaveiktas pra\u0117jusi\u0173 potvyni\u0173 (senoliai \u017einojo, kur statytis!), papasakos apie nuostabi\u0105 &scaron;io miesto istorij\u0105.<br \/> Senov\u0117s Romos griuv\u0117siai, arab\u0173 kl\u0117tis ir, \u017einoma, v\u0117lyv\u0173j\u0173 viduram\u017ei\u0173 architekt\u016bra: mi&scaron;riu maur\u0173-gotikos stiliumi statyta katedra, Kortes (parlamentas), rotu&scaron;\u0117, senosios ba\u017eny\u010dios.<\/p>\n<p>Unikal\u016bs pastatai po viduram\u017ei\u0173, pavyzd\u017eiui, Dviej\u0173 vanden\u0173 markizo r\u016bmai ir siauriausias namas pasaulyje. Va\u017eiuosime palei did\u017eiul\u012f park\u0105, esant\u012f buvusioje Turia up\u0117s vagoje, \u012f Meno ir mokslo miest\u0105 \u2013 futuristin\u012f pasaulinio garso architekto Santiago Calatrava &scaron;edevr\u0105. Ne\u012fmanoma ne\u012fsimyl\u0117ti \u012f &scaron;\u012f eleganti&scaron;k\u0105 miest\u0105, kuriame vyrauja &scaron;velnus Vidur\u017eemio j\u016bros klimatas, kuriame niekada neb\u016bna per &scaron;alta ar per kar&scaron;ta.<\/p>\n<p>Po ekskursijos laisvu laiku gal\u0117site pasim\u0117gauti \u017einomiausiu vietiniu patiekalu paelija, kuri buvo sukurta b\u016btent &scaron;iame regione.<\/p>\n<p><strong>Day 4<\/strong><\/p>\n<p>\u2022 Pusry\u010diai vie&scaron;butyje (perkant ekskursij\u0173 paket\u0105 pusry\u010diai \u012fskai\u010diuoti).<br \/> \u2022 Laisva diena. Poilsis prie j\u016bros.<br \/> \u2022 Nakvyn\u0117 vie&scaron;butyje.<\/p>\n<p><strong>Day 5<\/strong><\/p>\n<p>\u2022 Pusry\u010diai vie&scaron;butyje (perkant ekskursij\u0173 paket\u0105 pusry\u010diai \u012fskai\u010diuoti).<br \/> \u2022 Laisva diena. Poilsis prie j\u016bros.<br \/> \u2022 Pageidaujantiems si\u016blome ekskursin\u0119 i&scaron;vyk\u0105 greituoju traukiniu \u012f Madrid\u0105 (papildomas mokestis \u2013 nuo 100 \u20ac\/asm., traukinio bilietai \u012fskai\u010diuoti \u012f kain\u0105).<br \/> \u2022 Sugr\u012f\u017eimas \u012f vie&scaron;but\u012f.<br \/> \u2022 Nakvyn\u0117 vie&scaron;butyje.<\/p>\n<p>Madridas yra Ispanijos sostin\u0117 ir vienas gra\u017eiausi\u0173 pasaulio miest\u0173, turintis mil\u017eini&scaron;k\u0105 kult\u016bros ir meno paveld\u0105. Ne\u012fprastai gra\u017eus miestas su daugybe skirting\u0173 epoch\u0173 pili\u0173 ir r\u016bm\u0173, nuostabiais parkais ir kerin\u010diais fontanais.<\/p>\n<p>Ekskursijos p\u0117s\u010diomis metu pamatysite Karali&scaron;kuosius r\u016bmus, seniausi\u0105 miesto aik&scaron;t\u0119 \u2013 Plaza Villa, \u201ePagrindin\u0119 aik&scaron;t\u0119\u201c (Plaza Mayor), Arenalo p\u0117s\u010di\u0173j\u0173 gatv\u0119, taip pat vien\u0105 \u017eymiausi\u0173 Madrido lankytin\u0173 viet\u0173 \u2013 Puerto del Solo aik&scaron;t\u0117.<\/p>\n<p>Tur\u0117site galimyb\u0119 savaranki&scaron;kai aplankyti vien\u0105 did\u017eiausi\u0173 Europos meno muziej\u0173 &#8211; Prado nacionalin\u012f muziej\u0173 (\u012f\u0117jimo bilietas apmokamas papildomai ~15 \u20ac\/asm.).<\/p>\n<p><strong>Day 6 <\/strong><\/p>\n<p>\u2022 Pusry\u010diai vie&scaron;butyje (perkant ekskursij\u0173 paket\u0105 pusry\u010diai \u012fskai\u010diuoti).<br \/> \u2022 Laisva diena. Poilsis prie j\u016bros.<br \/> \u2022 Pageidaujantiems si\u016blome ekskursij\u0105 po Kartachen\u0105 (papildomas mokestis \u2013 45 \u20ac\/asm.).<br \/> - Free time.<br \/> \u2022 Sugr\u012f\u017eimas \u012f vie&scaron;but\u012f.<br \/> \u2022 Nakvyn\u0117 vie&scaron;butyje.<\/p>\n<p>Kartachena &#8211; finikie\u010di\u0173 \u012fkurtas miestas kaip Naujasis Kartagina, tapo did\u017eiojo Hanibalo atramos ta&scaron;ku bandant sunaikinti Romos imperij\u0105 ir u\u017evaldyti pasaul\u012f.<\/p>\n<p>U\u017ekariavus &scaron;\u012f miest\u0105 rom\u0117nai pastat\u0117 forumo architekt\u016brin\u012f kompleks\u0105, teatr\u0105 ir, \u017einoma, amfiteatr\u0105, kuriame kovojo gladiatoriai. T\u0119siant ekskursij\u0105 su\u017einosite apie &scaron;io svarbiausio Ispanijos karinio j\u016br\u0173 uosto istorij\u0105.<\/p>\n<p><strong>Day 7<\/strong><\/p>\n<p>\u2022 Pusry\u010diai vie&scaron;butyje (perkant ekskursij\u0173 paket\u0105 pusry\u010diai \u012fskai\u010diuoti).<br \/> \u2022 Ekskursin\u0117 i&scaron;vyka \u012f Mursij\u0105 ir vynuogynus.<br \/> \u2022 Sugr\u012f\u017eimas \u012f vie&scaron;but\u012f.<br \/> \u2022 Nakvyn\u0117 vie&scaron;butyje.<\/p>\n<p>Mursija &#8211; tai gra\u017eus miestas pietry\u010di\u0173 Ispanijoje, gars\u0117jantis savo architekt\u016bra, gastronomija ir &scaron;iltu klimatu. Jis gars\u0117ja &Scaron;v. Marijos katedra, turgumi ir sodais, taip pat yra nuostabi\u0173 tap\u0173. Toliau \u2013 i&scaron;vyka \u012f vynuogynus su degustacija (degustacija u\u017e papildom\u0105 mokest\u012f &#8211; 25 \u20ac\/asm.).<\/p>\n<p>Vaizdingose Alikantijos kalvose nuo seno buvo auginamos \u012fvairi\u0173 veisli\u0173 vynuog\u0117s. Aplankysime vien\u0105 i&scaron; vietini\u0173 vynuogyn\u0173 ir paragausime keli\u0173 &scaron;io regiono vyn\u0173. Prie&scaron; degustacij\u0105 gamintojai parodys ir pasakos, kaip paprastos sultys virsta diev\u0173 g\u0117rimu!<\/p>\n<p><strong>Day 8<\/strong><\/p>\n<p>\u2022 Pusry\u010diai vie&scaron;butyje (perkant ekskursij\u0173 paket\u0105 pusry\u010diai \u012fskai\u010diuoti).<br \/> \u2022 I&scaron;siregistravimas i&scaron; vie&scaron;bu\u010dio.<br \/> \u2022 Antroje dienos pus\u0117je ekskursin\u0117 i&scaron;vyka \u201eBenidormas ir Villajoyosa\u201c.<br \/> \u2022 Perve\u017eimas \u012f Alikant\u0117s oro uost\u0105.<br \/> \u2022 Skrydis: Alikant\u0117 \u2013 Ryga.<br \/> \u2022 Atvykimas \u012f Ryg\u0105.<\/p>\n<p>Marina Baja regione, j\u016bros pakrant\u0117je, puikuojasi nuostabi\u0173 kurortini\u0173 miesteli\u0173 ir kaim\u0173 v\u0117rinys.<\/p>\n<p>Tarp j\u0173 vienas patraukliausi\u0173 yra &scaron;ios komarkos administracinis centras, kuris ispani&scaron;kai vadinamas Villajoyosa, o valensie\u010di\u0173 kalba (regione yra dvi oficialios kalbos) La Vila Joyosa, kuris ver\u010diamas kaip brangus miestas. Gra\u017e\u016bs papl\u016bdimiai, tvirtov\u0117s sien\u0173 griuv\u0117siai, sargybos bok&scaron;tas ir Asunsjono ba\u017eny\u010dia \u2013 nuostabus levantin\u0117s gotikos pavyzdys. Ta\u010diau pagrindin\u0117 atrakcija \u2013 spalvingi &scaron;io kurortinio miesto \u017evej\u0173 namai.<\/p>\n<p>Keliaujant po mielus Kosta Blankos miestelius j\u016bs\u0173 laukia staigmena \u2013 Benidormas!<br \/> Benidormas yra vienintelis dangorai\u017ei\u0173 miestas Ispanijoje. Nuo pra\u0117jusio am\u017eiaus vidurio gars\u0117jantis kurortas kartais vadinamas \u201eVidur\u017eemio j\u016bros Niujorku\u201c.<\/p>","protected":false},"excerpt":{"rendered":"<p>1 diena \u2022 Atvykimas \u012f Rygos oro uost\u0105. \u2022 Skrydis: Ryga \u2013 Alikant\u0117. \u2022 Atvykimas \u012f Alikant\u0119. \u2022 Vykstame \u012f vie&scaron;but\u012f. \u2022 \u012esik\u016brimas vie&scaron;butyje. \u2022 Nakvy&#8230;<\/p>","protected":false},"featured_media":11952,"comment_status":"open","ping_status":"closed","template":"","meta":{"om_disable_all_campaigns":false,"_monsterinsights_skip_tracking":false,"_monsterinsights_sitenote_active":false,"_monsterinsights_sitenote_note":"","_monsterinsights_sitenote_category":0},"product_brand":[],"product_cat":[675,669],"product_tag":[],"class_list":{"0":"post-17070","1":"product","2":"type-product","3":"status-publish","4":"has-post-thumbnail","6":"atravel_country-ispanija","7":"atravel_tour_type-avia","8":"atravel_currency-eurai","9":"atravel_departure_city-latvija","10":"product_cat-ispanija","11":"product_cat-keliones","13":"first","14":"instock","15":"taxable","16":"shipping-taxable","17":"purchasable","18":"product-type-variable","19":"has-default-attributes"},"aioseo_notices":[],"_links":{"self":[{"href":"https:\/\/www.atravel.lt\/en\/wp-json\/wp\/v2\/product\/17070","targetHints":{"allow":["GET"]}}],"collection":[{"href":"https:\/\/www.atravel.lt\/en\/wp-json\/wp\/v2\/product"}],"about":[{"href":"https:\/\/www.atravel.lt\/en\/wp-json\/wp\/v2\/types\/product"}],"replies":[{"embeddable":true,"href":"https:\/\/www.atravel.lt\/en\/wp-json\/wp\/v2\/comments?post=17070"}],"wp:featuredmedia":[{"embeddable":true,"href":"https:\/\/www.atravel.lt\/en\/wp-json\/wp\/v2\/media\/11952"}],"wp:attachment":[{"href":"https:\/\/www.atravel.lt\/en\/wp-json\/wp\/v2\/media?parent=17070"}],"wp:term":[{"taxonomy":"product_brand","embeddable":true,"href":"https:\/\/www.atravel.lt\/en\/wp-json\/wp\/v2\/product_brand?post=17070"},{"taxonomy":"product_cat","embeddable":true,"href":"https:\/\/www.atravel.lt\/en\/wp-json\/wp\/v2\/product_cat?post=17070"},{"taxonomy":"product_tag","embeddable":true,"href":"https:\/\/www.atravel.lt\/en\/wp-json\/wp\/v2\/product_tag?post=17070"}],"curies":[{"name":"wp","href":"https:\/\/api.w.org\/{rel}","templated":true}]}}