{"id":17049,"date":"2026-04-25T22:25:23","date_gmt":"2026-04-25T20:25:23","guid":{"rendered":"https:\/\/www.atravel.lt\/produktas\/sri-lanka-13-d-skrydis-is-rygos\/"},"modified":"2026-05-06T10:47:37","modified_gmt":"2026-05-06T08:47:37","slug":"sri-lanka-13-d-skrydis-is-rygos","status":"publish","type":"product","link":"https:\/\/www.atravel.lt\/en\/product\/sri-lanka-13-d-skrydis-is-rygos\/","title":{"rendered":"\u0160ri Lanka 13 d. (skrydis i\u0161 Rygos)"},"content":{"rendered":"<h3 style=\"text-align: center\"><span style=\"color:#e74c3c\"><strong>DEM\u0116SIO! VISI ATVYKSTANTYS \u012e &Scaron;RI LANK\u0104 PRIVALO U\u017dPILDYTI IR TUR\u0116TI:<\/strong><\/span><\/h3>\n<ul>\n<li>\n<h3><strong><a href=\"http:\/\/eta.gov.lk\/etaslvisa\/etaNavServ?payType=1\">EL. LEIDIM\u0104 (EL. VIZ\u0104) &#8211; Electronic Travel Authorization (ETA)<\/a><\/strong><br \/> <span style=\"color:#e74c3c\">(EL. LEIDIM\u0104 GALIMA PRAD\u0116TI PILDYTI PRIE&Scaron; 90 DIEN\u0172 IKI ATVYKIMO \u012e &Scaron;AL\u012e, VIZOS PILDYMAS YRA MOKAMAS ~ 50 $\/asm.<\/span><\/h3>\n<\/li>\n<\/ul>\n<hr \/>\n<p><strong>1 day <\/strong><\/p>\n<p>- Arrival at Riga Airport.<br \/> \u2022 Skrydis: Ryga \u2013 Stambulas (~19:00-23:15). <br \/> - We arrive in Istanbul. <\/p>\n<p><strong>Day 2 <\/strong><\/p>\n<p>\u2022 Skrydis: Stambulas &#8211; Kolombo (~02:50-13:20).<br \/> \u2022 Atvykstame \u012f &Scaron;ri Lank\u0105.<br \/> \u2022 Perve\u017eimas \u012f vie&scaron;but\u012f.<br \/> \u2022 \u012esik\u016brimas vie&scaron;butyje.<br \/> \u2022 Ap\u017evalgin\u0117 ekskursija po Kolombo miest\u0105.<br \/> \u2022 Sugr\u012f\u017etame \u012f vie&scaron;but\u012f.<br \/> \u2022 Nakvyn\u0117 vie&scaron;butyje. <\/p>\n<p>Sveiki atvyk\u0119 \u012f \u012fsp\u016bding\u0105 kelion\u0119 po Kolomb\u0105 \u2013 pagrindin\u012f &Scaron;ri Lankos miest\u0105.<\/p>\n<p>Apsilankysite Gangaramos &scaron;ventykloje \u2013 budistiniame komplekse, \u012fkurtame 1841 metais, kuris yra ne tik &scaron;venta vieta, bet ir vienuoli\u0173 mokymo centras, skirtas Ryt\u0173 istorijai ir religijai. \u010cia ap\u017ei\u016br\u0117site vis\u0105 kompleks\u0105 \u2013 &scaron;ventyklos erdves, gyvenamuosius pastatus, bibliotek\u0105 ir mokymo klases (\u012f\u0117jimo bilietai \u012f Gangarama &scaron;ventykl\u0105 apmokami papildomai ~10 $\/asm.).<\/p>\n<p>Taip pat i&scaron;vysite D\u017eami Ul-Alfar me\u010det\u0119 \u2013 vien\u0105 seniausi\u0173 Kolombo me\u010de\u010di\u0173, pastatyt\u0105 XX a. prad\u017eioje Indijos musulmon\u0173 bendruomen\u0117s. \u012esp\u016bd\u012f paliks architekt\u016bra, kurioje harmoningai dera indi&scaron;ki, indoislami&scaron;ki, neogotikos ir neoklasicizmo elementai.<\/p>\n<p>Toliau lankysit\u0117s Nepriklausomyb\u0117s memorialin\u0117je sal\u0117je, \u012fam\u017einan\u010dioje &Scaron;ri Lankos nepriklausomyb\u0117s paskelbim\u0105 1948 metais. \u012esp\u016bdinga architekt\u016bra ir meistri&scaron;kai i&scaron;kalti akmeniniai li\u016btai daro &scaron;i\u0105 viet\u0105 svarbiu istoriniu objektu. Prie&scaron;ais sal\u0119 pamatysite paminkl\u0105 pirmajam &scaron;alies ministrui pirmininkui <br \/> Donui Stivenui Senanajak\u0117.<\/p>\n<p>Kolombo simbolis \u2013 \u201eLotoso\u201c ap\u017evalgos bok&scaron;t\u0105, kurio forma primena lotoso \u017eied\u0105 \u2013 tyrumo simbol\u012f &Scaron;ri Lankos kult\u016broje.<\/p>\n<p><strong>Day 3 <\/strong><\/p>\n<p>\u2022 Pusry\u010diai vie&scaron;butyje (perkant ekskursij\u0173 paket\u0105 pusry\u010diai \u012fskai\u010diuoti).<br \/> \u2022 I&scaron;siregistravimas i&scaron; vie&scaron;bu\u010dio.<br \/> \u2022 Perve\u017eimas \u012f Anuradhapur\u0105.<br \/> \u2022 Ekskursija po Anuradhapuro miest\u0105.<br \/> \u2022 Perve\u017eimas \u012f Sigirij\u0105.<br \/> \u2022 Ap\u017evalgin\u0117 ekskursija Pidurangalos kalno pap\u0117d\u0117je arba kopimas \u012f Pidurangalos kaln\u0105.<br \/> \u2022 Pageidaujantiems si\u016blome pietus etnografiniame kaimelyje (papildomas mokestis ~20 \u20ac\/asm.).<br \/> \u2022 Vykstame \u012f vie&scaron;but\u012f.<br \/> \u2022 \u012esik\u016brimas vie&scaron;butyje.<br \/> \u2022 Nakvyn\u0117 vie&scaron;butyje. <\/p>\n<p>I&scaron;vyka \u012f Anuradhapur\u0105 (~200 km)<\/p>\n<p>Anuradhapura \u2013 tai gyvas tiltas \u012f praeit\u012f ir vienas ry&scaron;kiausi\u0173 senov\u0117s civilizacij\u0173 pavyzd\u017ei\u0173. Apsilank\u0119 &scaron;iame \u012fsp\u016bdingame mieste, pasinersite \u012f &Scaron;ri Lankos istorin\u012f paveld\u0105 ir pajusite jo dvasin\u0119 gelm\u0119.<\/p>\n<p>Anuradhapura yra viena svarbiausi\u0173 &Scaron;ri Lankos Kult\u016brinio trikampio viet\u0173, kartu su Kand\u017eio ir Polonaruva miestais. &Scaron;is senovinis miestas nustebins savo turtinga istorija ir didingais architekt\u016bros paminklais. Jis buvo \u012fkurtas dar VI a. pr. Kr. ir laikomas vienu seniausi\u0173 nuolat gyvenam\u0173 miest\u0173 pasaulyje. Viduram\u017eiais, nuo IV iki XI a., Anuradhapura buvo nepriklausomos singal\u0173 karalyst\u0117s sostin\u0117, tod\u0117l turi ypating\u0105 istorin\u0119 reik&scaron;m\u0119.<\/p>\n<p>Tai taip pat svarbus budizmo religinis centras, kuriame i&scaron;vysite daugyb\u0119 &scaron;vent\u0173 viet\u0173 ir relikvij\u0173. Ypatingo d\u0117mesio verta &scaron;ventasis &Scaron;ri Maha Bodhi medis, laikomas vienu labiausiai garbinam\u0173 pasaulyje. Miestas, apsuptas &scaron;ventykl\u0173 ir vienuolyn\u0173, pasi\u017eymi i&scaron;skirtine dvasine atmosfera (\u012f\u0117jimo bilietai apmokami papildomai ~65 $\/asm.).<\/p>\n<p>Perve\u017eimas \u012f Sigirij\u0105 (~75 km)<\/p>\n<p>Pidurangalos uola (papildomas mokestis ~10 $\/asm.): kilsime apie 500 akmenini\u0173 laipt\u0173, eisime siaurais takeliais tarp uol\u0173. Pakilimas yra saugus. Pakeliui pamatysime atsiskyr\u0117li\u0173 vienuoli\u0173 gyvenvie\u010di\u0173 griuv\u0117sius, senovines &scaron;ventyklas ir net dirbtinius baseinus uolose. Did\u017eiausi\u0105 \u012fsp\u016bd\u012f paliks 14,5 m ilgio gulin\u010dio Budos statula.<\/p>\n<p>Tiems, kurie nenor\u0117s kopti \u012f vir&scaron;\u0173, bus organizuojama ap\u017evalgin\u0117 ekskursija uolos pap\u0117d\u0117je.<\/p>\n<p>Hirivadunos kaimelis: netoli Sigirijos ir Habaranos \u012fsik\u016br\u0119s autenti&scaron;kas kaimelis, kuriame gyvena apie 400 \u016bkinink\u0173 ir amatinink\u0173 &scaron;eim\u0173. &Scaron;i vietov\u0117 \u017eav\u0117s savo gamtos gro\u017eiu \u2013 ry\u017ei\u0173 laukais, e\u017eerais ir ramybe. \u010cia taip pat gal\u0117site pamatyti senovines &scaron;ventyklas ir &scaron;ventvietes, atskleid\u017eian\u010dias turting\u0105 &Scaron;ri Lankos istorij\u0105.<\/p>\n<p>Pageidaujantiems si\u016blome pietus etnografiniame kaimelyje (papildomas mokestis ~20 \u20ac\/asm.). M\u0117gausit\u0117s autenti&scaron;ka &Scaron;ri Lankos atmosfera ir vietiniais patiekalais.<\/p>\n<p>Pageidaujantiems si\u016blome: pasiva\u017ein\u0117ti ve\u017eimu, kinkytu buivolais, leistis \u012f safar\u012f po e\u017eer\u0105, paplaukioti irkluojama valtimi (papildomas mokestis ~15 $\/asm.).<\/p>\n<p><strong>Day 4 <\/strong><\/p>\n<p>\u2022 Pusry\u010diai vie&scaron;butyje (perkant ekskursij\u0173 paket\u0105 pusry\u010diai \u012fskai\u010diuoti). <br \/> \u2022 I&scaron;siregistravimas i&scaron; vie&scaron;bu\u010dio.<br \/> \u2022 Pakeliui sustosime drambli\u0173 prieglaudoje (papildomai apmokamas \u012f\u0117jimo bilietas ~15 $\/asm.).<br \/> \u2022 Perve\u017eimas \u012f Kand\u012f.<br \/> \u2022 Pageidaujantiems vakare si\u016blome Ugnies &scaron;ou \u201eNacionaliniai Kand\u017eio &scaron;ok\u0117jai\u201c (papildomas mokestis &#8211; 25 \u20ac\/asm.).<br \/> \u2022 Vykstame \u012f vie&scaron;but\u012f.<br \/> \u2022 \u012esik\u016brimas vie&scaron;butyje.<br \/> \u2022 Nakvyn\u0117 vie&scaron;butyje. <\/p>\n<p>Pakeliui m\u0117gausit\u0117s apsilankymu drambli\u0173 prieglaudoje (\u012f\u0117jimas bilietas apmokamas papildomai ~15 $\/asm.). <\/p>\n<p>Pinnawela yra garsiausia drambli\u0173 prieglauda &Scaron;ri Lankoje, \u010dia atvyksta turistai i&scaron; visos &scaron;alies, nor\u0117dami pamatyti didelius ir ma\u017eus dramblius i&scaron; arti, bei steb\u0117ti, kaip jie maudomi ir maitinami. Tradici&scaron;kai Pinnawela aplankoma kaip ekskursij\u0173 programos dalis, da\u017eniausiai pakeliui i&scaron;\/\u012f Kand\u012f, o prieglaudos lankymui paprastai skiriama ne daugiau 3 val., o praleistas laikas drambli\u0173 draugijoje paliks nepamir&scaron;tam\u0105 \u012fsp\u016bd\u012f.<\/p>\n<p>Perve\u017eimas \u012f Kand\u017eio miest\u0105 (~130 km, apie 3 val.). Pasiruo&scaron;kite \u012fdomiai kelionei \u012f Kand\u017eio miest\u0105, 130 kilometr\u0173 atstum\u0105 \u012fveiksime ma\u017edaug per 3 valandas. <\/p>\n<p>Pageidaujantiems vakare si\u016blome Ugnies &scaron;ou pasirodym\u0105 \u201eNacionaliniai Kand\u017eio &scaron;ok\u0117jai\u201c (papildomas mokestis ~25 $\/asm.).<\/p>\n<p><strong>Day 5 <\/strong><\/p>\n<p>\u2022 Pusry\u010diai vie&scaron;butyje (perkant ekskursij\u0173 paket\u0105 pusry\u010diai \u012fskai\u010diuoti). <br \/> \u2022 I&scaron;siregistravimas i&scaron; vie&scaron;bu\u010dio.<br \/> \u2022 Ekskursin\u0117 i&scaron;vyka \u201eLankos &scaron;irdis\u201c.<br \/> \u2022 Pageidaujantiems si\u016blome pietus botanikos sode (papildomas mokestis ~ 20 \u20ac\/asm.).<br \/> \u2022 Vykstame \u012f Nuwara miest\u0105.<br \/> \u2022 \u012esik\u016brimas vie&scaron;butyje.<br \/> \u2022 Nakvyn\u0117 vie&scaron;butyje. <\/p>\n<p>Apsilankysime brangakmeni\u0173 gamykloje-kasykloje, taip pat tikro &scaron;ilko ir medviln\u0117s dirbtuv\u0117se, med\u017eio apdirbimo gamykloje bei nacionalini\u0173 &Scaron;ri Lankos kauki\u0173 muziejuje.<\/p>\n<p>Kandi miestas, i&scaron;kil\u0119s vir&scaron; vaizdingo e\u017eero ir yra \u012ftrauktas \u012f UNESCO pasaulio paveldo s\u0105ra&scaron;\u0105. Mieste rasite daugyb\u0119 religini\u0173 istorini\u0173 pastat\u0173, kra&scaron;tovaizd\u017eio sod\u0173 ir muziej\u0173. U\u017e miesto rib\u0173 kaln\u0173 &scaron;laituose yra debes\u0173 mi&scaron;kai ir atogr\u0105\u017e\u0173 plantacijos, kuriose galite vaik&scaron;\u010dioti ir steb\u0117ti laukin\u0119 gamt\u0105. Prie Mahaweli up\u0117s rikiuojasi prabang\u016bs kurortai. <\/p>\n<p>Peradenijos karali&scaron;kasis botanikos sodas yra did\u017eiausias ir gra\u017eiausias botanikos sodas &Scaron;ri Lankoje. Jo istorija prasid\u0117jo daugiau nei prie&scaron; du su puse &scaron;imtme\u010dio. Praleisite laik\u0105 tarp spalving\u0173 sod\u0173 ir gamtos stebukl\u0173 (\u012f\u0117jimo bilietai apmokami papildomai ~20 $\/asm.). <\/p>\n<p>Pageidaujantiems si\u016blome pietus Botanikos sode (papildomas mokestis ~25 \u20ac\/asm.).<\/p>\n<p>Prieskoni\u0173 sodas laikomas i&scaron;skirtinai &Scaron;ri Lankos i&scaron;radimu, kur\u012f laikui b\u0117gant pasiskolino ir kitos Pietry\u010di\u0173 Azijos &scaron;alys. Savo strukt\u016bra tai \u012f lysves ir sektorius suskirstyta teritorija, kurioje, kaip botanikos sode, auginamos \u012fvairios vaista\u017eol\u0117s ir prieskoniai. Tai puikus b\u016bdas mums su\u017einoti, kaip auga prieskoniai ir kaip jie atrodo, kol jie netampa kvapniais milteliais pakuot\u0117se (\u012f\u0117jimo bilietai apmokami papildomai ~5 $\/asm.).<\/p>\n<p>Perve\u017eimas \u012f Mawanela miest\u0105. <\/p>\n<p>Ambuluwawa yra nedidelis religinis kompleksas, esantis ant uolos vir&scaron;\u016bn\u0117s. Kalva, kurios vir&scaron;uje yra baltas spiralinis bok&scaron;tas, yra to paties pavadinimo rezervate, vadinamame Ambuluwawa biologin\u0117s \u012fvairov\u0117s centru. Religinio komplekso teritorijoje, be bok&scaron;to, yra keletas pastat\u0173, \u012fskaitant keturi\u0173 religij\u0173 &scaron;ventyklas (\u012f\u0117jimo bilietai apmokami papildomai ~20 $\/asm.).<\/p>\n<p><strong>Day 6 <\/strong><\/p>\n<p>\u2022 Pusry\u010diai vie&scaron;butyje (perkant ekskursij\u0173 paket\u0105 pusry\u010diai \u012fskai\u010diuoti). <br \/> \u2022 I&scaron;siregistravimas i&scaron; vie&scaron;bu\u010dio.<br \/> \u2022 Ekskursin\u0117 programa \u201eElos kalnas\u201c.<br \/> \u2022 Pageidaujantiems si\u016blome pietus restorane (papildomas mokestis ~20 \u20ac\/asm.).<br \/> \u2022 Vykstame \u012f Hakkaduwa (~215 km).<br \/> \u2022 \u012esik\u016brimas vie&scaron;butyje.<br \/> \u2022 Nakvyn\u0117 vie&scaron;butyje. <\/p>\n<p>Ekskursija po miest\u0105, kurios metu pamatysite pirm\u0105j\u012f &Scaron;ri Lankos pa&scaron;t\u0105 ir pirm\u0105j\u012f salos prekybos centr\u0105. Su\u017einosite, kaip prekyba ir bendravimas vyst\u0117si &scaron;iame kra&scaron;te. M\u0117gausit\u0117s nuostabiais Gregory e\u017eero, \u017einomo savo gro\u017eiu ir ramybe, vaizdais. Pamatysite gubernatoriaus rezidencij\u0105, kuri dvelkia kolonijin\u0117s eros dvasia. Vyksime \u012f arbatos fabrik\u0105, kur gal\u0117site su\u017einoti apie gamybos proces\u0105 ir net paragauti \u012fvairi\u0173 r\u016b&scaron;i\u0173 arbatos (papildomas mokestis ~5 $\/asm.). J\u016bs\u0173 kelion\u0117 t\u0119sis link Elos miesto. J\u016bs\u0173 lauks \u012fdomi kelion\u0117 vaizdingu mar&scaron;rutu (perve\u017eimas ~55 km, ~2 val.).<\/p>\n<p>Devyni\u0173 ark\u0173 tiltas yra bene viena fotogeni&scaron;kiausi\u0173 viet\u0173 saloje! Su\u017einosite apie unikal\u0173 \u201etilto \u012f dang\u0173\u201c dizain\u0105, kuris pastatytas nenaudojant plieno. Kelion\u0117 traukiniu (papildomas mokestis ~10 $\/asm.).<\/p>\n<p>Pageidaujantiems si\u016blome pietus restorane (papildomas mokestis ~25 $\/asm.).<\/p>\n<p>Ravanos krioklys &#8211; pla\u010diausias &Scaron;ri Lankoje ir nei&scaron;d\u017ei\u016bsta net ir sausomis vasaromis. Prie Ravanos kriokli\u0173 pamaitinsime be\u017ed\u017eiones (papildomai apmokamas be\u017ed\u017eioni\u0173 maistas ~2 $\/asm.). Aplink &scaron;i\u0105 viet\u0105 sklando daugyb\u0117 legend\u0173, kurias i&scaron;girsite i&scaron;vykos metu&#8230; <\/p>\n<p>Ekskursija po arbatos fabrik\u0105, kuriame auginama geriausia arbata pasaulyje, J\u016bs\u0173 lauks \u012fvairi\u0173 arbatos r\u016b&scaron;i\u0173 degustacija (papildomas mokestis ~5 $\/asm.).<\/p>\n<p><strong>Day 7 <\/strong><\/p>\n<p>\u2022 Pusry\u010diai vie&scaron;butyje (perkant ekskursij\u0173 paket\u0105 pusry\u010diai \u012fskai\u010diuoti). <br \/> - Free day.<br \/> - Relax by the sea.<br \/> \u2022 Nakvyn\u0117 vie&scaron;butyje. <\/p>\n<p><strong>Day 8 <\/strong><\/p>\n<p>\u2022 Pusry\u010diai vie&scaron;butyje (perkant ekskursij\u0173 paket\u0105 pusry\u010diai \u012fskai\u010diuoti). <br \/> - Free day.<br \/> - Relax by the sea.<br \/> \u2022 Pageidaujantiems si\u016blome ekskursin\u0119 i&scaron;vyk\u0105 \u012f Galle fort\u0105 (papildomas mokestis \u2013 70 \u20ac\/asm. + piet\u016bs ~25 \u20ac\/asm.).<br \/> \u2022 Sugr\u012f\u017etame \u012f vie&scaron;but\u012f.<br \/> \u2022 Nakvyn\u0117 vie&scaron;butyje. <\/p>\n<p>Galle fortas \u2013 yra viena i&scaron; penki\u0173 &Scaron;ri Lankos istorini\u0173 viet\u0173, \u012ftraukt\u0173 \u012f UNESCO Pasaulio paveldo s\u0105ra&scaron;\u0105. Tod\u0117l &scaron;i\u0105 viet\u0105 b\u016btina aplankyti, ypa\u010d jei ilsit\u0117s &Scaron;ri Lankos pietin\u0117je dalyje. <\/p>\n<p>Tai did\u017eiausias fortas Azijoje, kuis buvo pastatytas Europos kolonialist\u0173 ir atspindi turting\u0105 praeities paveld\u0105 ir kult\u016brin\u0119 \u012ftak\u0105. Pasinersite \u012f senovini\u0173 \u012ftvirtinim\u0173 atmosfer\u0105, tyrin\u0117site gatves ir m\u0117gausit\u0117s \u017eavia istorija, kuri dvelkia kiekvienu &scaron;ios tvirtov\u0117s akmeniu.<\/p>\n<p>Po intriguojan\u010dios ekskursijos gal\u0117site pasim\u0117gauti puikiais pietumis senoviniame kolonijiniame restorane \u201eRampot\u201c, i&scaron; kurio atsiveria vaizdas \u012f begalinius vandenyno vandenis. Pasinersite \u012f senojo pasaulio atmosfer\u0105 ir m\u0117gausit\u0117s gard\u017eiais patiekalais (papildomas mokestis ~25 \u20ac\/asm.).<\/p>\n<p>Pageidaujantiems si\u016blome aplankyti V\u0117\u017eli\u0173 ferm\u0105 &Scaron;ri Lankoje (papildomas mokestis ~10 $\/asm.) ir pasimaudyti su did\u017eiuliais v\u0117\u017eliais vandenyne (papildomai apmokami dumbliai v\u0117\u017eliams 3 USD, su savimi i&scaron; vie&scaron;bu\u010dio reikia pasiimti maudymosi kostium\u0117l\u012f ir rank&scaron;luost\u012f).<\/p>\n<p>&Scaron;is unikalus \u016bkis r\u016bpinasi ret\u0173 j\u016bros v\u0117\u017eli\u0173 r\u016b&scaron;i\u0173 i&scaron;saugojimu ir dauginimu. &Scaron;ri Lanka u\u017edraud\u0117 v\u0117\u017eli\u0173 med\u017eiokl\u0119, ta\u010diau visada atsiranda brakonieri\u0173, kurie \u017eudo &scaron;ias nuostabias b\u016btybes siekdami pelno. <\/p>\n<p>Nor\u0117dami juos i&scaron;gelb\u0117ti, \u016bkio darbuotojai imasi \u012fvairi\u0173 priemoni\u0173. Pirmiausia jie papl\u016bdimiuose atsargiai i&scaron;kasa v\u0117\u017eli\u0173 kiau&scaron;inius ir nuve\u017ea \u012f specializuot\u0105 ferm\u0105, kur sukuria lizdus b\u016bsimiems v\u0117\u017eliams. Gim\u0119 v\u0117\u017eli\u0173 jaunikliai kelioms dienoms \u012fdedami \u012f basein\u0105, kad darbuotojai \u012fsitikint\u0173, jog jie yra sveiki ir pasireng\u0119 gyventi laisv\u0117je. Deja, gamtoje n\u0117ra vietos sergantiems ir silpniems v\u0117\u017eliams, tie, kurie nepraeina atrankos, lieka fermoje, kur jiems skiriama ypatinga prie\u017ei\u016bra ir d\u0117mesys. <\/p>\n<p>J\u016bros v\u0117\u017eliai yra ilgaam\u017eiai padarai, j\u0173 gyvenimas gali trukti nuo 120 iki 150 met\u0173, o j\u0173 dydis siekia \u012fsp\u016bdingus 3 metrus. &Scaron;ios nuostabios b\u016btyb\u0117s ne tik puo&scaron;ia vandenynus, bet ir atlieka svarb\u0173 vaidmen\u012f ekosistemoje. Apsilank\u0119 V\u0117\u017eli\u0173 fermoje gal\u0117site pamatyti ir \u012fvertinti pastangas i&scaron;saugoti &scaron;i\u0105 svarbi\u0105 r\u016b&scaron;\u012f ir netgi prisid\u0117ti prie j\u0173 ateities.<\/p>\n<p>Dondros &scaron;vyturys yra puikus architekt\u016bros k\u016brinys, kuris yra ne tik orientyras, bet ir pie\u010diausio &Scaron;ri Lankos ta&scaron;ko simbolis.<\/p>\n<p>Vos u\u017e 5 kilometr\u0173 nuo Mataros miesto \u012fsik\u016br\u0119s Dondros &scaron;vyturys i&scaron;kil\u0119s ant to paties pavadinimo ky&scaron;ulio ir yra pie\u010diausias &Scaron;ri Lankos ta&scaron;kas. I&scaron; esm\u0117s, jei jud\u0117site toliau \u012f pietus, atsidursite did\u017eiul\u0117je vandenyno erdv\u0117je, o vienintelis dalykas, skiriantis jus nuo Antarktidos, yra vandenynas.<\/p>\n<p>&Scaron;\u012f diding\u0105 49 metr\u0173 auk&scaron;\u010dio &scaron;vytur\u012f (atitinka 7 auk&scaron;tus arba 196 laiptelius) 1890 metais pastat\u0117 brit\u0173 in\u017einierius Williamas Douglassas. Tai ne tik in\u017einerinis pasiekimas, bet ir &scaron;ios gra\u017eios salos istorijos dalis. <\/p>\n<p>Apsilankydami Dondros &scaron;vyturyje ne tik pasim\u0117gausite nuostabiais aplinkin\u0117s pakrant\u0117s vaizdais, bet ir pajusite istorijos dvelksm\u0105. Tai vieta, kur susijungia gamtos gro\u017eis ir \u017emogaus tro&scaron;kimo tyrin\u0117ti (\u012f\u0117jimo mokestis ~10 $\/asm.).<\/p>\n<p>Taip pat pageidaujantiems si\u016blome safar\u012f laivu per mangroves ie&scaron;kant krokodil\u0173 ir vandens varan\u0173 (papildomas mokestis ~15 \u20ac\/asm.).<\/p>\n<p><strong>Day 9 <\/strong><\/p>\n<p>\u2022 Pusry\u010diai vie&scaron;butyje (perkant ekskursij\u0173 paket\u0105 pusry\u010diai \u012fskai\u010diuoti). <br \/> - Free day.<br \/> - Relax by the sea.<br \/> \u2022 Nakvyn\u0117 vie&scaron;butyje. <\/p>\n<p><strong>Day 10 <\/strong><\/p>\n<p>\u2022 Pusry\u010diai vie&scaron;butyje (perkant ekskursij\u0173 paket\u0105 pusry\u010diai \u012fskai\u010diuoti). <br \/> - Free day.<br \/> - Relax by the sea.<br \/> \u2022 Nakvyn\u0117 vie&scaron;butyje. <\/p>\n<p><strong>Day 11 <\/strong><\/p>\n<p>\u2022 Pusry\u010diai vie&scaron;butyje (perkant ekskursij\u0173 paket\u0105 pusry\u010diai \u012fskai\u010diuoti). <br \/> - Free day.<br \/> - Relax by the sea.<br \/> \u2022 Nakvyn\u0117 vie&scaron;butyje. <\/p>\n<p><strong>Day 12 <\/strong><\/p>\n<p>\u2022 Pusry\u010diai vie&scaron;butyje (perkant ekskursij\u0173 paket\u0105 pusry\u010diai \u012fskai\u010diuoti). <br \/> - Free day.<br \/> - Relax by the sea.<br \/> \u2022 Nakvyn\u0117 vie&scaron;butyje. <\/p>\n<p><strong>Day 13 <\/strong><\/p>\n<p>\u2022 Ankstyvas i&scaron;siregistravimas i&scaron; vie&scaron;bu\u010dio.<br \/> - Transfer to the airport.<br \/> - Check-in.<br \/> \u2022 Skrydis: Kolombo (&Scaron;ri Lanka) \u2013 Stambulas (~07:40-14:15).<br \/> - We arrive in Istanbul.<br \/> \u2022 Skrydis: Stambulas \u2013 Ryga (~15:50-18:05).<br \/> \u2022 Atvykimas \u012f Ryg\u0105. <\/p>","protected":false},"excerpt":{"rendered":"<p>DEM\u0116SIO! VISI ATVYKSTANTYS \u012e &Scaron;RI LANK\u0104 PRIVALO U\u017dPILDYTI IR TUR\u0116TI: EL. LEIDIM\u0104 (EL. VIZ\u0104) &#8211; Electronic Travel Authorization (ETA) (EL. LEIDIM\u0104 GALIMA PR&#8230;<\/p>","protected":false},"featured_media":11940,"comment_status":"open","ping_status":"closed","template":"","meta":{"om_disable_all_campaigns":false,"_monsterinsights_skip_tracking":false,"_monsterinsights_sitenote_active":false,"_monsterinsights_sitenote_note":"","_monsterinsights_sitenote_category":0},"product_brand":[],"product_cat":[669,762],"product_tag":[],"class_list":{"0":"post-17049","1":"product","2":"type-product","3":"status-publish","4":"has-post-thumbnail","6":"atravel_country-sri-lanka","7":"atravel_tour_type-avia","8":"atravel_currency-eurai","9":"atravel_departure_city-latvija","10":"product_cat-keliones","11":"product_cat-sri-lanka","13":"first","14":"instock","15":"taxable","16":"shipping-taxable","17":"purchasable","18":"product-type-variable","19":"has-default-attributes"},"aioseo_notices":[],"_links":{"self":[{"href":"https:\/\/www.atravel.lt\/en\/wp-json\/wp\/v2\/product\/17049","targetHints":{"allow":["GET"]}}],"collection":[{"href":"https:\/\/www.atravel.lt\/en\/wp-json\/wp\/v2\/product"}],"about":[{"href":"https:\/\/www.atravel.lt\/en\/wp-json\/wp\/v2\/types\/product"}],"replies":[{"embeddable":true,"href":"https:\/\/www.atravel.lt\/en\/wp-json\/wp\/v2\/comments?post=17049"}],"wp:featuredmedia":[{"embeddable":true,"href":"https:\/\/www.atravel.lt\/en\/wp-json\/wp\/v2\/media\/11940"}],"wp:attachment":[{"href":"https:\/\/www.atravel.lt\/en\/wp-json\/wp\/v2\/media?parent=17049"}],"wp:term":[{"taxonomy":"product_brand","embeddable":true,"href":"https:\/\/www.atravel.lt\/en\/wp-json\/wp\/v2\/product_brand?post=17049"},{"taxonomy":"product_cat","embeddable":true,"href":"https:\/\/www.atravel.lt\/en\/wp-json\/wp\/v2\/product_cat?post=17049"},{"taxonomy":"product_tag","embeddable":true,"href":"https:\/\/www.atravel.lt\/en\/wp-json\/wp\/v2\/product_tag?post=17049"}],"curies":[{"name":"wp","href":"https:\/\/api.w.org\/{rel}","templated":true}]}}