{"id":17013,"date":"2026-04-25T22:25:19","date_gmt":"2026-04-25T20:25:19","guid":{"rendered":"https:\/\/www.atravel.lt\/produktas\/15-d-vietnamas-su-poilsiu-prie-juros-nha-trang-kurorte-skrydis-is-rygos\/"},"modified":"2026-05-06T10:47:35","modified_gmt":"2026-05-06T08:47:35","slug":"15-d-vietnamas-su-poilsiu-prie-juros-nha-trang-kurorte-skrydis-is-rygos","status":"publish","type":"product","link":"https:\/\/www.atravel.lt\/en\/product\/15-d-vietnamas-su-poilsiu-prie-juros-nha-trang-kurorte-skrydis-is-rygos\/","title":{"rendered":"15 d. Vietnamas su poilsiu prie j\u016bros Nha Trang kurorte (skrydis i\u0161 Rygos)"},"content":{"rendered":"<h3 style=\"text-align: center\"><span style=\"color:#e74c3c\">LR pilie\u010diams vykstant \u012f Vietnam\u0105 reikalinga el. viza (vizos mokestis ~ 25 $\/asm.), kuria keliautojai r\u016bpinasi savaranki&scaron;kai, nor\u0117dami u\u017epildyti spauskite<\/span><span style=\"color:#2980b9\"> <\/span><strong><a href=\"https:\/\/evisa.gov.vn\/\"><span style=\"color:#2980b9\">\u010cIA<\/span><\/a><\/strong><\/h3>\n<hr \/>\n<p><strong>1 day <\/strong><\/p>\n<p>- Arrival at Riga Airport.<br \/> \u2022 Skrydis: Ryga \u2013 Stambulas (~19:00-23:15).<br \/> \u2022 Atvykstame \u012f Stambul\u0105. Vykstame \u012f vie&scaron;but\u012f.<br \/> \u2022 \u012esik\u016brimas vie&scaron;butyje.<br \/> \u2022 Nakvyn\u0117 vie&scaron;butyje. <\/p>\n<p><strong>Day 2 <\/strong><\/p>\n<p>\u2022 Pusry\u010diai vie&scaron;butyje (perkant ekskursij\u0173 paket\u0105 pusry\u010diai \u012fskai\u010diuoti). <br \/> \u2022 I&scaron;siregistravimas i&scaron; vie&scaron;bu\u010dio.<br \/> - Free time.<br \/> \u2022 Pageidaujantiems si\u016blome ekskursij\u0105 po Stambul\u0105 (papildomas mokestis \u2013 45 \u20ac\/asm., \u012fvyks susirinkus 15 keliautoj\u0173).<br \/> \u2022 Perve\u017eimas \u012f Stambulo oro uost\u0105.<br \/> \u2022 Skrydis: Stambulas \u2013 Hanojus (~18:15-07:15*). <\/p>\n<p><strong>Day 3 <\/strong><\/p>\n<p>\u2022 Atvykstame \u012f Hanoj\u0173.<br \/> \u2022 Ap\u017evalgin\u0117 ekskursija po Hanoj\u0173.<br \/> \u2022 Vykstame \u012f vie&scaron;but\u012f.<br \/> \u2022 \u012esik\u016brimas vie&scaron;butyje.<br \/> \u2022 Nakvyn\u0117 vie&scaron;butyje. <\/p>\n<p>Kadangi Vietnamo \u017emoni\u0173 lyderio Ho&scaron;imino gyvenimas ir kova yra neatsiejamai susij\u0119 su Hanojumi, tod\u0117l ekskursijos metu pirmiausiai aplankysime Ho&scaron;imino kompleks\u0105. Ho&scaron;imino komplekse yra keletas lankytin\u0173 viet\u0173. Tai Ba Dinh aik&scaron;t\u0117, kurioje yra Ho&scaron;imino mauzoliejus, &scaron;alia mauzoliejaus yra Prezident\u016bros r\u016bmai, senovinis XX am\u017eiaus prad\u017eios pastatas, o &scaron;alia jo dar vienas kuklus pastatas \u2013 \u017eali\u0173 sod\u0173 apsuptyje medinis namas ant poli\u0173, kuriame gyveno Ho&scaron;iminas. Komplekso teritorijoje yra garsioji pagoda pastatyta 1049 m. <br \/> Ekskursija t\u0119sis aplankant Tran Quoc pagod\u0105 Vakar\u0173 e\u017eero pakrant\u0117je (datuojama VI a. po Kr.), Literat\u016bros &scaron;ventykl\u0105 \u2013 pirmoji &scaron;alies mokymo \u012fstaiga \u012fkurta 1070 m. ir Sen\u0105j\u012f kvartal\u0105.<\/p>\n<p><strong>Day 4 <\/strong><\/p>\n<p>\u2022 Pusry\u010diai vie&scaron;butyje (perkant ekskursij\u0173 paket\u0105 pusry\u010diai \u012fskai\u010diuoti).<br \/> \u2022 Ekskursin\u0117 i&scaron;vyka \u012f Nin Bino provincij\u0105 (papildomai apmokami piet\u016bs ir laivelio bilietas &#8211; 35 \u20ac\/asm.).<br \/> \u2022 Pageidaujantiems si\u016blome aplankyti l\u0117li\u0173 teatr\u0105 ant vandens (papildomas mokestis &#8211; nuo 25 \u20ac\/asm., u\u017esakoma i&scaron; anksto, apmokama kelion\u0117s metu).<br \/> \u2022 Sugr\u012f\u017etame \u012f vie&scaron;but\u012f.<br \/> \u2022 Nakvyn\u0117 vie&scaron;butyje. <\/p>\n<p>Apie 100 km nuo Hanojaus \u012fsik\u016br\u0119s Nin Binas gars\u0117ja e\u017eer\u0173 \u012fvairove, mi&scaron;kais, garsiomis istorijos ir kult\u016bros reliktais.<\/p>\n<p>Atvykimas \u012f up\u0117s uost\u0105, kelion\u0117 irklin\u0117mis valtimis per Trang An rezervat\u0105 \u2013 nacionalin\u012f &scaron;alies lob\u012f. \u010cia buvo nufilmuotos kai kurios filmo \u201eIndokinija\u201c scenos su Catherine Deneuve. Teritorija nus\u0117ta klin\u010di\u0173 kalnais, stalagmit\u0173 ir stalaktit\u0173 urvais, aplankysime gra\u017eiausius i&scaron; j\u0173.<\/p>\n<p>I&scaron;vykimas \u012f Hoa Lu \u2013 senovin\u0119 Vietnamo sostin\u0119. &Scaron;i vieta buvo Vietnamo sostin\u0117 X-XI am\u017eiuje. Vietov\u0117, esanti \u012f pietus nuo Hanojaus, pasi\u017eymi unikalia ir nuostabia gamta. D\u0117l grak&scaron;\u010di\u0173 akmenini\u0173 uol\u0173 kaln\u0173 kra&scaron;tovaizd\u017eio &scaron;i vieta da\u017enai vadinama &#8222;Halongo \u012flanka sausumoje&#8221;. Aplankysite karali&scaron;k\u0173j\u0173 Dinh ir Le dinastij\u0173 &scaron;ventykl\u0173 kompleksus, esan\u010dius tarp hibisko sod\u0173, apsupt\u0173 lotoso tvenkini\u0173.<\/p>\n<p>Pageidaujantiems, si\u016blome aplankyti vandens l\u0117li\u0173 teatr\u0105 \u2013 vien\u0105 \u012fsp\u016bdingiausi\u0173 Hanojaus lankytin\u0173 viet\u0173 (papildomas mokestis &#8211; nuo 25 \u20ac).<\/p>\n<p><strong>Day 5 <\/strong><\/p>\n<p>\u2022 Pusry\u010diai vie&scaron;butyje (perkant ekskursij\u0173 paket\u0105 pusry\u010diai \u012fskai\u010diuoti). <br \/> - Free time.<br \/> \u2022 Pageidaujantiems si\u016blome vykti \u012f \u012fdomi\u0105 vienos dienos ekskursin\u0119 i&scaron;vyk\u0105 \u201eHa Long \u012flanka\u201c (papildomas mokestis &#8211; 79 \u20ac\/asm. + piet\u016bs ~20 \u20ac, u\u017esakoma i&scaron; anksto, apmokama kelion\u0117s metu).<br \/> \u2022 Sugr\u012f\u017etame \u012f vie&scaron;but\u012f.<br \/> \u2022 Nakvyn\u0117 vie&scaron;butyje. <\/p>\n<p>Ha Long \u012flanka Quang Ninh provincijoje pagr\u012fstai vadinama a&scaron;tuntuoju pasaulio stebuklu. Kelias \u012f \u012flank\u0105 driekiasi per Bac Ninh provincij\u0105 (tai yra liaudies dain\u0173 \u017eanro Quan Ho gimtin\u0117) ir Hai Dyng provincij\u0105. Leisim\u0117s \u012f kruiz\u0105 po Halongo \u012flank\u0105, su t\u016bkstan\u010diais keist\u0173 sal\u0173, i&scaron;kilusi\u0173 j\u016broje.<\/p>\n<p>Kruizo metu gro\u017e\u0117sim\u0117s nuostabiu garsi\u0173j\u0173 sal\u0173 kra&scaron;tovaizd\u017eiu, aplankysime Thien Cung ir Dau Go stalaktit\u0173 ir stalagmit\u0173 urvus.<\/p>\n<p>Toliau kelion\u0117 laivu t\u0119sis plaukiant per salas, pagal form\u0105 primenan\u010dias kvapi\u0173j\u0173 \u017evaki\u0173 smilkytuv\u0105, kovojan\u010dius gaid\u017eius, buri\u0173 sal\u0105, v\u0117\u017el\u012f ir kt.<\/p>\n<p>Jei bus &scaron;ilta, bus galimyb\u0117 maudytis j\u016broje. Pasim\u0117gavus gamtos gro\u017eiu, gr\u012f&scaron;ime \u012f Hanoj\u0173.<\/p>\n<p><strong>Day 6 <\/strong><\/p>\n<p>\u2022 Pusry\u010diai vie&scaron;butyje (perkant ekskursij\u0173 paket\u0105 pusry\u010diai \u012fskai\u010diuoti). <br \/> \u2022 I&scaron;siregistravimas i&scaron; vie&scaron;bu\u010dio.<br \/> \u2022 Vykstame \u012f Hanojaus oro uost\u0105.<br \/> - Check-in.<br \/> \u2022 Vidinis skrydis: Hanojus &#8211; Nha Trang.<br \/> \u2022 Atvykstame \u012f Nha Trang.<br \/> \u2022 Vykstame \u012f vie&scaron;but\u012f.<br \/> \u2022 \u012esik\u016brimas vie&scaron;butyje.<br \/> \u2022 Nakvyn\u0117 vie&scaron;butyje. <\/p>\n<p>Nha Trang tradici&scaron;kai laikomas viena geriausi\u0173 Vietnamo papl\u016bdimio vietovi\u0173. Smaragdin\u0117s kalvos, 8 km ilgio papl\u016bdimys atogr\u0105\u017e\u0173 salos \u012flankos viduryje ir modernus miestas \u2013 visa tai susipina su senovin\u0117mis &scaron;ventyklomis ir j\u0173 didybe.<\/p>\n<p><strong>Day 7 <\/strong><\/p>\n<p>\u2022 Pusry\u010diai vie&scaron;butyje (perkant ekskursij\u0173 paket\u0105 pusry\u010diai \u012fskai\u010diuoti). <br \/> - Relax by the sea.<br \/> \u2022 Ekskursija po Nha Trang (papildomai apmokami \u012f\u0117jimo bilietai).<br \/> \u2022 Sugr\u012f\u017etame \u012f vie&scaron;but\u012f.<br \/> \u2022 Nakvyn\u0117 vie&scaron;butyje. <\/p>\n<p>Ekskursijos metu po Nha Trang aplankysime kelet\u0105 pagrindini\u0173 lankytin\u0173 viet\u0173. Ponagar Cham bok&scaron;tai &#8211; vis dar veikiantis seniausias religinis pastatas. Iki &scaron;i\u0173 dien\u0173 i&scaron;liko tik 4 bok&scaron;tai, kuri\u0173 kiekvienas skirtas garbinti tam tikr\u0105 dievyb\u0119. Pamatysime gra\u017eiausi\u0105 Long Son apygardos pagod\u0105, kuri yra did\u017eiausia veikianti budist\u0173 &scaron;ventykla visoje Khanh Hoa provincijoje su \u012fsp\u016bdingomis gulin\u010dio ir s\u0117din\u010dio Budos statulomis. Aplankysime Okeanografijos institut\u0105 (\u012f\u0117jimo bilietai apmokami papildomai ~3 \u20ac\/asm.), kuriame yra did\u017eiulis akvariumas ir muziejus su pagrindiniu eksponatu \u2013 banginio skeletu.<\/p>\n<p><strong>Day 8 <\/strong><\/p>\n<p>\u2022 Pusry\u010diai vie&scaron;butyje (perkant ekskursij\u0173 paket\u0105 pusry\u010diai \u012fskai\u010diuoti). <br \/> - Free day.<br \/> - Relax by the sea.<br \/> \u2022 Nakvyn\u0117 vie&scaron;butyje. <\/p>\n<p><strong>Day 9 <\/strong><\/p>\n<p>\u2022 Pusry\u010diai vie&scaron;butyje (perkant ekskursij\u0173 paket\u0105 pusry\u010diai \u012fskai\u010diuoti). <br \/> - Relax by the sea.<br \/> \u2022 Pageidaujantiems si\u016blome ekskursin\u0119 i&scaron;vyk\u0105 \u012f Dalat\u0105 (papildomas mokestis &#8211; 65 \u20ac\/asm., pietus ir \u012f\u0117jimo bilietai \u012fskai\u010diuoti \u012f kain\u0105), u\u017esakoma i&scaron; anksto, apmokama kelion\u0117s metu.<br \/> \u2022 Sugr\u012f\u017etame \u012f vie&scaron;but\u012f.<br \/> \u2022 Nakvyn\u0117 vie&scaron;butyje. <\/p>\n<p>Dalatas &#8211; kaln\u0173 kurortas, vos apie 3 val. kelio nuo Nha Trango, kuris da\u017enai vadinamas \u201ema\u017euoju Pary\u017eiumi\u201c arba \u201epranc\u016bzi&scaron;ka &Scaron;veicarija\u201c. J\u012f pra\u0117jusio am\u017eiaus prad\u017eioje pastat\u0117 pranc\u016bz\u0173 kolonistai. Dalatas \u012fsik\u016br\u0119s 1500 metr\u0173 auk&scaron;tyje vir&scaron; j\u016bros lygio ir jame vyrauja &scaron;velnus klimatas.<\/p>\n<p>Kelias \u012f Dalat\u0105 eina per gra\u017ei\u0105 per\u0117j\u0105, ry\u017ei\u0173 laukus, kaimus, palmes ir pu&scaron;is. Tuomet kelias pama\u017eu kyla \u012f kalnus, va\u017eiuosime serpentinais per gilius tarpeklius \u2013 visa tai atrodo labai spalvingai ir ne\u012fprastai.<\/p>\n<p>Ekskursijos metu aplankysime vien\u0105 i&scaron; garsiausi\u0173 Dalato apylink\u0117se \u2013 Prenn kriokli\u0173. Toliau vyksime \u012f Truc Lam budist\u0173 kompleks\u0105, esant\u012f ant kalno pu&scaron;yno viduryje, o ekskursijos pabaigoje u\u017esuksime \u012f paveiksl\u0173 siuvin\u0117jimo fabrik\u0105 (XQ), kur pamatysime kaip rankomis siuvin\u0117ja nuostabius paveikslus.<\/p>\n<p><strong>Day 10 <\/strong><\/p>\n<p>\u2022 Pusry\u010diai vie&scaron;butyje (perkant ekskursij\u0173 paket\u0105 pusry\u010diai \u012fskai\u010diuoti). <br \/> - Free day.<br \/> - Relax by the sea.<br \/> \u2022 Nakvyn\u0117 vie&scaron;butyje. <\/p>\n<p><strong>Day 11 <\/strong><\/p>\n<p>\u2022 Pusry\u010diai vie&scaron;butyje (perkant ekskursij\u0173 paket\u0105 pusry\u010diai \u012fskai\u010diuoti). <br \/> - Free day.<br \/> - Relax by the sea.<br \/> \u2022 Nakvyn\u0117 vie&scaron;butyje. <\/p>\n<p><strong>Day 12 <\/strong><\/p>\n<p>\u2022 Pusry\u010diai vie&scaron;butyje (perkant ekskursij\u0173 paket\u0105 pusry\u010diai \u012fskai\u010diuoti). <br \/> - Free day.<br \/> - Relax by the sea.<br \/> \u2022 Nakvyn\u0117 vie&scaron;butyje. <\/p>\n<p><strong>Day 13 <\/strong><\/p>\n<p>\u2022 Ankstyvas i&scaron;siregistravimas i&scaron; vie&scaron;bu\u010dio.<br \/> \u2022 Vykstame \u012f Nha Trang oro uost\u0105.<br \/> - Check-in.<br \/> \u2022 Vidinis skrydis: Nha Trang &#8211; Ho&scaron;iminas.<br \/> \u2022 Atvykstame \u012f Ho&scaron;imin\u0105.<br \/> \u2022 Ap\u017evalgin\u0117 ekskursija po Ho&scaron;imin\u0105 (papildomai apmokami \u012f\u0117jimo bilietai ~5 \u20ac\/asm.).<br \/> \u2022 Perve\u017eimas \u012f vie&scaron;but\u012f.<br \/> \u2022 \u012esik\u016brimas vie&scaron;butyje.<br \/> \u2022 Nakvyn\u0117 vie&scaron;butyje. <\/p>\n<p>Anks\u010diau \u017einomas kaip Saigonas, pavadintas pagal to paties pavadinimo up\u0119, ant kurios kranto jis yra \u012fsik\u016br\u0119s. &Scaron;is miestas yra energingos prekybos ir originalios kult\u016bros centras, taip pat &scaron;alies vystymosi varomoji j\u0117ga. &Scaron;iuolaikinis Saigonas \u2013 triuk&scaron;mingas ir saul\u0117tas miestas su daugybe parduotuvi\u0173, restoran\u0173 ir kavini\u0173, motocikl\u0173. <\/p>\n<p>Aplankysime Susijungimo r\u016bmus ir Centrin\u012f pa&scaron;t\u0105. Tada trumpai pasivaik&scaron;\u010diosime Dong Hoi prekybos gatve, kuri prasideda nuo Dievo Motinos katedros iki savivaldyb\u0117s teatro. T\u0119sdami pasivaik&scaron;\u010diojim\u0105 po Binh Tei turg\u0173, aplankysime Tien Hau pagod\u0105 (kin\u0173 j\u016bros deiv\u0117s Mazu &scaron;ventykl\u0105).<\/p>\n<p><strong>Day 14 <\/strong><\/p>\n<p>\u2022 Pusry\u010diai vie&scaron;butyje (perkant ekskursij\u0173 paket\u0105 pusry\u010diai \u012fskai\u010diuoti). <br \/> \u2022 Ekskursin\u0117 i&scaron;vyka \u201eMekongo up\u0117s delta\u201c (papildomai apmokami laivelis, \u012f\u0117jimo bilietai ir piet\u016bs \u2013 30 \u20ac\/asm.).<br \/> \u2022 Sugr\u012f\u017etame \u012f vie&scaron;but\u012f.<br \/> \u2022 Nakvyn\u0117 vie&scaron;butyje. <\/p>\n<p>Viena i&scaron; pagrindini\u0173 Vietnamo vizitini\u0173 korteli\u0173 yra Mekongo delta. Tai dalis pietvakari\u0173 &scaron;alies regiono, kur up\u0117 \u012fteka \u012f Piet\u0173 Kinijos j\u016br\u0105. &Scaron;ios up\u0117s ypatumas tas, kad prie&scaron; susijungdama su j\u016bros vandenimis ji padalinama net \u012f devynias at&scaron;akas. Apskritai delta susideda i&scaron; daugyb\u0117s kanal\u0173, kuri\u0173 teritorijoje mediniuose namuose gyvena apie 15 mln. gyventoj\u0173.<\/p>\n<p>Atrasime gyvyb\u0117s dvelksm\u0105 Mekongo deltoje ir pamatysime vaizdingas did\u017eiausios Vietnamo up\u0117s deltos vietas. \u010cia sutelkta viskas, kas susij\u0119 su Azija: ry\u017ei\u0173 laukai, &scaron;iaudin\u0117s l\u016b&scaron;nos, vaismed\u017ei\u0173 sodai, senovin\u0117s &scaron;ventyklos ir nameliai su savo unikalia atmosfera ir kult\u016bra.<\/p>\n<p><strong>Day 15 <\/strong><\/p>\n<p>\u2022 Ankstyvas i&scaron;siregistravimas i&scaron; vie&scaron;bu\u010dio.<br \/> \u2022 Vakare vykstame \u012f Ho&scaron;imino oro uost\u0105.<br \/> - Check-in.<br \/> \u2022 Skrydis: Ho&scaron;iminas \u2013 Stambulas (~06:35-13:50).<br \/> \u2022 Atvykstame \u012f Stambulo oro uost\u0105.<br \/> \u2022 Skrydis: Stambulas \u2013 Ryga (~15:50-18:05).<br \/> \u2022 Atvykimas \u012f Ryg\u0105. <\/p>","protected":false},"excerpt":{"rendered":"<p>LR pilie\u010diams vykstant \u012f Vietnam\u0105 reikalinga el. viza (vizos mokestis ~ 25 $\/asm.), kuria keliautojai r\u016bpinasi savaranki&scaron;kai, nor\u0117dami u\u017epildyti spauskit&#8230;<\/p>","protected":false},"featured_media":11909,"comment_status":"open","ping_status":"closed","template":"","meta":{"om_disable_all_campaigns":false,"_monsterinsights_skip_tracking":false,"_monsterinsights_sitenote_active":false,"_monsterinsights_sitenote_note":"","_monsterinsights_sitenote_category":0},"product_brand":[],"product_cat":[669,753],"product_tag":[],"class_list":{"0":"post-17013","1":"product","2":"type-product","3":"status-publish","4":"has-post-thumbnail","6":"atravel_country-vietnamas","7":"atravel_tour_type-avia","8":"atravel_currency-eurai","9":"atravel_departure_city-latvija","10":"product_cat-keliones","11":"product_cat-vietnamas","13":"first","14":"instock","15":"taxable","16":"shipping-taxable","17":"purchasable","18":"product-type-variable","19":"has-default-attributes"},"aioseo_notices":[],"_links":{"self":[{"href":"https:\/\/www.atravel.lt\/en\/wp-json\/wp\/v2\/product\/17013","targetHints":{"allow":["GET"]}}],"collection":[{"href":"https:\/\/www.atravel.lt\/en\/wp-json\/wp\/v2\/product"}],"about":[{"href":"https:\/\/www.atravel.lt\/en\/wp-json\/wp\/v2\/types\/product"}],"replies":[{"embeddable":true,"href":"https:\/\/www.atravel.lt\/en\/wp-json\/wp\/v2\/comments?post=17013"}],"wp:featuredmedia":[{"embeddable":true,"href":"https:\/\/www.atravel.lt\/en\/wp-json\/wp\/v2\/media\/11909"}],"wp:attachment":[{"href":"https:\/\/www.atravel.lt\/en\/wp-json\/wp\/v2\/media?parent=17013"}],"wp:term":[{"taxonomy":"product_brand","embeddable":true,"href":"https:\/\/www.atravel.lt\/en\/wp-json\/wp\/v2\/product_brand?post=17013"},{"taxonomy":"product_cat","embeddable":true,"href":"https:\/\/www.atravel.lt\/en\/wp-json\/wp\/v2\/product_cat?post=17013"},{"taxonomy":"product_tag","embeddable":true,"href":"https:\/\/www.atravel.lt\/en\/wp-json\/wp\/v2\/product_tag?post=17013"}],"curies":[{"name":"wp","href":"https:\/\/api.w.org\/{rel}","templated":true}]}}