{"id":16880,"date":"2026-04-25T22:25:06","date_gmt":"2026-04-25T20:25:06","guid":{"rendered":"https:\/\/www.atravel.lt\/produktas\/8-d-kelione-i-madeira-skrydis-is-rygos\/"},"modified":"2026-05-06T10:47:32","modified_gmt":"2026-05-06T08:47:32","slug":"8-d-kelione-i-madeira-skrydis-is-rygos","status":"publish","type":"product","link":"https:\/\/www.atravel.lt\/en\/product\/8-d-kelione-i-madeira-skrydis-is-rygos\/","title":{"rendered":"8 d. Kelion\u0117 \u012f Madeir\u0105 (skrydis i\u0161 Rygos)"},"content":{"rendered":"<p><strong>1 day <\/strong><\/p>\n<p>- Arrival at Riga Airport.<br \/> \u2022 Skrydis: Ryga &#8211; Fun&scaron;alis (~07:00-10:55).<br \/> \u2022 Atvykstame \u012f Madeir\u0105.<br \/> \u2022 Perve\u017eimas \u012f 3* vie&scaron;but\u012f.<br \/> \u2022 \u012esik\u016brimas vie&scaron;butyje.<br \/> \u2022 Nakvyn\u0117 vie&scaron;butyje.<\/p>\n<p><strong>Day 2 <\/strong><\/p>\n<p>\u2022 Pusry\u010diai vie&scaron;butyje (perkant ekskursij\u0173 paket\u0105 pusry\u010diai \u012fskai\u010diuoti).<br \/> \u2022 Ekskursija po Fun&scaron;alio miest\u0105.<br \/> \u2022 Sugr\u012f\u017etame \u012f vie&scaron;but\u012f.<br \/> \u2022 Nakvyn\u0117 vie&scaron;butyje.<\/p>\n<p>Ekskursijos p\u0117s\u010diomis po sostin\u0119 metu susipa\u017einsime su tokiais objektais kaip geltonoji tvirtov\u0117 \u2013 Santjago fortas, b\u016btent jo d\u0117ka sala buvo apsaugota nuo pirat\u0173, tikras \u016bkinink\u0173 turgus, kuriame galima pamatyti \u012fvairi\u0173 r\u016b&scaron;i\u0173 pasiflor\u0173 bei kit\u0173 egzoti&scaron;k\u0173 vaisi\u0173, \u201eamatininki\u0173\u201c gatvel\u0117, kurioje i&scaron;vysite didingus gaminius, puo&scaron;tus rank\u0173 darbo siuvin\u0117jimu, Se katedr\u0105, gro\u017e\u0117sit\u0117s miesto krantine ir uoste prisi&scaron;vartavusiomis jachtomis.<\/p>\n<p><strong>Day 3 <\/strong><\/p>\n<p>\u2022 Pusry\u010diai vie&scaron;butyje (perkant ekskursij\u0173 paket\u0105 pusry\u010diai \u012fskai\u010diuoti).<br \/> - Free day.<br \/> \u2022 Poilsis prie vandenyno.<br \/> \u2022 Nakvyn\u0117 vie&scaron;butyje.<\/p>\n<p><strong>Day 4 <\/strong><\/p>\n<p>\u2022 Pusry\u010diai vie&scaron;butyje (perkant ekskursij\u0173 paket\u0105 pusry\u010diai \u012fskai\u010diuoti).<br \/> \u2022 Ekskursin\u0117 i&scaron;vyka \u201e&Scaron;iaur\u0117s vakar\u0173 salos dalis\u201d.<br \/> - Free time.<br \/> \u2022 Sugr\u012f\u017etame \u012f vie&scaron;but\u012f.<br \/> \u2022 Nakvyn\u0117 vie&scaron;butyje.<\/p>\n<p>Pirmiausia senu, vaizdingu keliuku, einan\u010diu palei vandenyn\u0105, vyksime \u012f Camara De Lobos miestel\u012f. &Scaron;i vieta da\u017enai vadinama \u017evej\u0173 kaimeliu. I&scaron;ties, nuo pat salos vystymosi prad\u017eios \u010dia gyveno \u017evejai, o iki &scaron;iol \u010dia viskas primena \u017evejyb\u0105. Ir \u012f krant\u0105 i&scaron;plauk\u0117 seni \u017evej\u0173 laiveliai, ir tiesiog j\u0173 denyje d\u017ei\u016bstantis bacalau \u2013 pagal tradicin\u012f portugali&scaron;k\u0105 recept\u0105 d\u017eiovinta menk\u0117, ir uosto koply\u010dia \u2013 viena seniausi\u0173 salos ba\u017eny\u010di\u0173. Ant uol\u0117tos uolos su vaizdu \u012f \u012flank\u0105 yra balkonas, kuriame b\u016bdamas Madeiroje Churchillis nutap\u0117 savo paveikslus. Nuo jo atsiveria nuostabus vaizdas \u012f \u012flank\u0105 su saul\u0117s spinduliais bangomis plaukiojan\u010diais \u017evej\u0173 laiveliais, \u012f soduose ir banan\u0173 plantacijas paskendus\u012f miest\u0105, o keliai kyla \u012flankos &scaron;laitais. Vietin\u0117se kavin\u0117se gal\u0117site paragauti ne\u012fprasto, labai skanaus \u201eNikita\u201c kokteilio led\u0173, alaus ir baltojo vyno pagrindu, kuris puikiai gaivina kar&scaron;tu oru.<\/p>\n<p>Toliau m\u016bs\u0173 kelias driekiasi Ribeira Brava up\u0117s vaga per gra\u017e\u0173 tarpekl\u012f, dalijant\u012f sal\u0105 \u012f rytines ir vakarines dalis. Vaizdingu keliu, sustodami prie ap\u017evalgos aik&scaron;teli\u0173, pateksime \u012f Sao Vicente miestel\u012f, patogiai \u012fsitaisius\u012f tarp uol\u0173 &scaron;iaurin\u0117je salos pakrant\u0117je. \u010cia, ant gra\u017eios \u012flankos kranto, yra kelios kavin\u0117s, kuriose, jei pageidausite, gal\u0117site i&scaron;gerti puodel\u012f kavos gro\u017e\u0117damiesi garsiuoju Atlanto vandenyno bangavimu.<\/p>\n<p>Toliau, sustoj\u0119 pakeliui prie vieno gra\u017eiausi\u0173 Madeiros kriokli\u0173, kuris turi romanti&scaron;k\u0105 pavadinim\u0105 \u201eNuotakos &scaron;ydas\u201c, aplankysime Sei&scaron;alio miestel\u012f, kur, esant norui ir esant tinkamam orui, gal\u0117site i&scaron;simaudyti papl\u016bdimyje. su nat\u016braliu juodu vulkaniniu sm\u0117liu.<\/p>\n<p>Netoli Sei&scaron;al, Ribeira da Janela miestelyje, gro\u017e\u0117sim\u0117s gra\u017eiausia saloje laikoma uola, stovin\u010dia vandenyne, pa\u017evelgsime \u012f skard\u012f, kur\u012f vietiniai vadina tro&scaron;kim\u0173 uola, ir pamatysime, kaip atrodo vietin\u0117s hidroelektrin\u0117s.<\/p>\n<p>Labiausiai &scaron;iaur\u0117s vakaruose esantis salos miestas Porto Monizas (Pjrto Moniz) yra nedidelis miestelis, turintis unikal\u0173 gamtos kra&scaron;tovaizd\u012f. Pagrindinis jos skiriamasis bruo\u017eas \u2013 vulkanin\u0117 lava, kuri prie&scaron; milijonus met\u0173 sukiet\u0117jo pakrant\u0117je ir suformavo keistus rifus bei nat\u016bralius baseinus su vandenyno vandeniu. \u010cia tur\u0117site laiko pasivaik&scaron;\u010dioti promenada ir pasigro\u017e\u0117ti garsiuoju Atlanto bang\u0173 m\u016b&scaron;\u0105. Atrodo, be galo galima steb\u0117ti, kaip ant juod\u0173 lavos rif\u0173 l\u016b\u017eta m\u0117lynos bangos su balt\u0173 put\u0173 kepur\u0117mis. Jei pageidausite ir bus tinkamas oras, gal\u0117site maudytis vulkanin\u0117s lavos suformuotuose baseinuose.<\/p>\n<p>Prie&scaron; gr\u012f\u017edami \u012f vie&scaron;but\u012f aplankysime ap\u017evalgos aik&scaron;tel\u0119 prie Cabo Girao ky&scaron;ulio. Tai auk&scaron;\u010diausias ky&scaron;ulys Europoje ir antras pagal auk&scaron;t\u012f pasaulyje. \u010cia, 580 metr\u0173 auk&scaron;tyje vir&scaron; j\u016bros lygio, po restauracijos buvo \u012frengta ap\u017evalgos aik&scaron;tel\u0117 su stiklin\u0117mis grindimis. I&scaron; &scaron;ios svetain\u0117s atsiveria kvap\u0105 gniau\u017eiantys gamtos gro\u017eio ir didyb\u0117s vaizdai. &Scaron;ie Atlanto vaizdai nepaliks abejing\u0173 ir am\u017eiams i&scaron;liks atmintyje.<\/p>\n<p><strong>Day 5 <\/strong><\/p>\n<p>\u2022 Pusry\u010diai vie&scaron;butyje (perkant ekskursij\u0173 paket\u0105 pusry\u010diai \u012fskai\u010diuoti).<br \/> - Free day.<br \/> \u2022 Poilsis prie vandenyno.<br \/> \u2022 Nakvyn\u0117 vie&scaron;butyje.<\/p>\n<p><strong>Day 6 <\/strong><\/p>\n<p>\u2022 Pusry\u010diai vie&scaron;butyje (perkant ekskursij\u0173 paket\u0105 pusry\u010diai \u012fskai\u010diuoti).<br \/> \u2022 Ekskursin\u0117 i&scaron;vyka \u201eRytin\u0117 salos dalis\u201c.<br \/> - Free time.<br \/> \u2022 Sugr\u012f\u017etame \u012f vie&scaron;but\u012f.<br \/> \u2022 Nakvyn\u0117 vie&scaron;butyje.<\/p>\n<p>M\u016bs\u0173 kelion\u0117 prasid\u0117s palei gra\u017ei\u0105 kaln\u0173 keli\u0105, kur atogr\u0105\u017e\u0173 augmenija pakrant\u0117je palaipsniui kei\u010dia eukaliptus, mi&scaron;rius ir spygliuo\u010dius mi&scaron;kus. \u010cia mieste pavadinamu Poiso, lengviau \u012fsivaizduoti, kad esi ka\u017ekur Karpatuose nei atogr\u0105\u017e\u0173 saloje. \u010cia susipa\u017einsite su unikaliais augalais, kuri\u0173 negalima pamatyti niekur kitur pasaulyje. Tada kylant auk&scaron;\u010diau, kur gamta pereina \u012f nyk&scaron;tukin\u012f tundros augmenij\u0105, pakilsime \u012f Arieto vir&scaron;\u016bn\u0119 (Picodo Arieiro) &#8211; viena did\u017eiausi\u0173 salos kaln\u0173 vir&scaron;\u016bni\u0173, 1818 metr\u0173 vir&scaron; vandenyno lygio. \u010cia, nuo auk&scaron;tos kaln\u0173 ap\u017evalgos aik&scaron;tel\u0117s, atsiveria kvap\u0105 gniau\u017eiantis vaizdas \u012f kaln\u0173 vir&scaron;\u016bnes ir beribi Atlanto vandenyn\u0105, kuris panardina \u017ei\u016brov\u0105 \u012f taikos ir poilsio atmosfer\u0105. Tuomet, tokiu pat gra\u017eiu mi&scaron;ko keliu, nusileisite \u012f miest\u0105, vadinam\u0105 Ribeiro Frio. \u010cia labai vaizdingas tarpeklis yra vienas i&scaron; up\u0117taki\u0173 \u016bki\u0173, ir j\u016bs taip pat gal\u0117site pamatyti dar daugiau tip\u0173 unikali\u0173 relikt\u0173 augal\u0173, kurie i&scaron;gyveno saloje nuo ledynme\u010dio laikotarpio. \u010cia, jei nor\u0117site, gal\u0117site vaik&scaron;\u010dioti palei trump\u0105, bet labai vaizding\u0105 levad\u0105, vadinam\u0105 Balcois ir suprasite, kas yra Levada, ir kod\u0117l pasivaik&scaron;\u010diojimai &scaron;iose dr\u0117kinimo kanaluose tapo pasaulyje \u017einoma pramoga. Tada, pagal gra\u017e\u0173 kaln\u0173 serpentin\u0105, mes nusileisime \u012f &scaron;iaur\u0117s rytin\u0119 pakrant\u0119, kurioje yra vieta, vadinama Porta Da Cruz. \u010cia, vienoje i&scaron; gra\u017eiausi\u0173 &scaron;iaurin\u0117s pakrant\u0117s \u012flankos, buvo i&scaron;saugota nedidel\u0117 romo gamykla, kuri atsirado jau 15-ajame am\u017eiuje vietoje esan\u010dios cukraus gamyklos. &Scaron;ios gamyklos patalpose galima pamatyti senovinius presus varomus garo ma&scaron;inomis, o degustacijos patalpoje, paragauti vietin\u012f rom\u0105 ir vyn\u0105 madeir\u0105 i&scaron; vynuogi\u0173, auginam\u0173 &scaron;iame regione. Po Porto Da Cruz vyksime \u012f pa\u010dia rytin\u0119 salos viet\u0105 &#8211; Sao Loren&ccedil;o ky&scaron;ul\u012f (Pontade S&atilde;o Louren&ccedil;o). Sao Lorenco ky&scaron;ulys &#8211; vienas gra\u017eiausi\u0173 ir netik\u0117t\u0173 viet\u0173 Madeiroje. Kontrastas tarp gamtos riau&scaron;i\u0173 pagrindin\u0117je salos dalyje ir San Lorenzo augmenijos skurdumo bei monotonijos yra tiesiog nuostabus. Ap\u017evalgos aik&scaron;tel\u0117 su gra\u017eiu vaizdu \u012f kunkuliuojant\u012f vandenyn\u0105, apsupt\u0105 daugiaspalvi\u0173 ugnikalni\u0173 uol\u0173, nuo kurios geru oru matosi kaimynin\u0117 Porto Santo sala nepaliks niek\u0105 abejingu, o nuotraukos taps vertingu prisiminimu apie &scaron;i\u0105 kelion\u0119. Tada, palei keli\u0105 i&scaron;ilgai vandenyno, mes eisime \u012f Garazhau miestel\u012f &#8211; pie\u010diausias salos ky&scaron;ulys. \u010cia 1927 m. J\u0117zaus statula (statula buvo pastatyta anks\u010diau nei garsus analogas Rio da Janeiro). Taip pat \u010dia nuo steb\u0117jimo denio atsiveria nuostab\u016bs vaizdai \u012f Fun&scaron;alio \u012flank\u0105 ir pat\u012f miest\u0105.<\/p>\n<p><strong>Day 7 <\/strong><\/p>\n<p>\u2022 Pusry\u010diai vie&scaron;butyje (perkant ekskursij\u0173 paket\u0105 pusry\u010diai \u012fskai\u010diuoti).<br \/> - Free day.<br \/> \u2022 Poilsis prie vandenyno.<br \/> \u2022 Nakvyn\u0117 vie&scaron;butyje.<\/p>\n<p><strong>Day 8 <\/strong><\/p>\n<p>\u2022 Pusry\u010diai vie&scaron;butyje (perkant ekskursij\u0173 paket\u0105 pusry\u010diai \u012fskai\u010diuoti).<br \/> \u2022 I&scaron;siregistravimas i&scaron; vie&scaron;bu\u010dio.<br \/> - Transfer to the airport.<br \/> - Check-in.<br \/> \u2022 Skrydis: Fun&scaron;alis &#8211; Ryga (~11:50-19:25).<br \/> \u2022 Atvykimas \u012f Ryg\u0105.<\/p>","protected":false},"excerpt":{"rendered":"<p>1 diena \u2022 Atvykimas \u012f Rygos oro uost\u0105. \u2022 Skrydis: Ryga &#8211; Fun&scaron;alis (~07:00-10:55). \u2022 Atvykstame \u012f Madeir\u0105. \u2022 Perve\u017eimas \u012f 3* vie&scaron;but\u012f. \u2022 \u012esik\u016brimas&#8230;<\/p>","protected":false},"featured_media":11876,"comment_status":"open","ping_status":"closed","template":"","meta":{"om_disable_all_campaigns":false,"_monsterinsights_skip_tracking":false,"_monsterinsights_sitenote_active":false,"_monsterinsights_sitenote_note":"","_monsterinsights_sitenote_category":0},"product_brand":[],"product_cat":[669,701],"product_tag":[],"class_list":{"0":"post-16880","1":"product","2":"type-product","3":"status-publish","4":"has-post-thumbnail","6":"atravel_country-madeira-portugalija","7":"atravel_country-portugalija","8":"atravel_tour_type-avia","9":"atravel_currency-eurai","10":"atravel_departure_city-latvija","11":"product_cat-keliones","12":"product_cat-portugalija","14":"first","15":"instock","16":"taxable","17":"shipping-taxable","18":"purchasable","19":"product-type-variable","20":"has-default-attributes"},"aioseo_notices":[],"_links":{"self":[{"href":"https:\/\/www.atravel.lt\/en\/wp-json\/wp\/v2\/product\/16880","targetHints":{"allow":["GET"]}}],"collection":[{"href":"https:\/\/www.atravel.lt\/en\/wp-json\/wp\/v2\/product"}],"about":[{"href":"https:\/\/www.atravel.lt\/en\/wp-json\/wp\/v2\/types\/product"}],"replies":[{"embeddable":true,"href":"https:\/\/www.atravel.lt\/en\/wp-json\/wp\/v2\/comments?post=16880"}],"wp:featuredmedia":[{"embeddable":true,"href":"https:\/\/www.atravel.lt\/en\/wp-json\/wp\/v2\/media\/11876"}],"wp:attachment":[{"href":"https:\/\/www.atravel.lt\/en\/wp-json\/wp\/v2\/media?parent=16880"}],"wp:term":[{"taxonomy":"product_brand","embeddable":true,"href":"https:\/\/www.atravel.lt\/en\/wp-json\/wp\/v2\/product_brand?post=16880"},{"taxonomy":"product_cat","embeddable":true,"href":"https:\/\/www.atravel.lt\/en\/wp-json\/wp\/v2\/product_cat?post=16880"},{"taxonomy":"product_tag","embeddable":true,"href":"https:\/\/www.atravel.lt\/en\/wp-json\/wp\/v2\/product_tag?post=16880"}],"curies":[{"name":"wp","href":"https:\/\/api.w.org\/{rel}","templated":true}]}}