{"id":16663,"date":"2026-04-25T22:24:51","date_gmt":"2026-04-25T20:24:51","guid":{"rendered":"https:\/\/www.atravel.lt\/produktas\/8-d-poilsine-kelione-i-batumi-su-poilsiu-prie-juodosios-juros-ekskursijos-skrydis-is-rygos\/"},"modified":"2026-05-06T10:47:28","modified_gmt":"2026-05-06T08:47:28","slug":"8-d-poilsine-kelione-i-batumi-su-poilsiu-prie-juodosios-juros-ekskursijos-skrydis-is-rygos","status":"publish","type":"product","link":"https:\/\/www.atravel.lt\/en\/product\/8-d-poilsine-kelione-i-batumi-su-poilsiu-prie-juodosios-juros-ekskursijos-skrydis-is-rygos\/","title":{"rendered":"8 d. Poilsin\u0117 kelion\u0117 \u012f Batum\u012f su poilsiu prie Juodosios j\u016bros + ekskursijos (skrydis i\u0161 Rygos)"},"content":{"rendered":"<h3 style=\"text-align: center\"><strong><span style=\"color:#e74c3c\">SVARBU! Kelion\u0117s vadovas gali keisti programos eig\u0105!<\/span><\/strong><\/h3>\n<hr \/>\n<h3 style=\"text-align: center\"><span style=\"color:#2980b9\"><strong>Kelion\u0117 organizuojama reisiniais skryd\u017eiais, tod\u0117l d\u0117l l\u0117ktuvo biliet\u0173 pabrangimo, organizatorius gali atmesti rezervacij\u0105 arba pasi\u016blyti keliautojui priemok\u0105!<\/strong><\/span><\/h3>\n<hr \/>\n<h3 style=\"text-align: center\"><span style=\"color:#e74c3c\"><strong>D\u0117mesio! Nuo 2024.06.01 Gruzijoje \u012fsigalioja nauji reikalavimai, visi atvykstantys \u012f &scaron;al\u012f privalo tur\u0117ti sveikatos draudim\u0105, galiojant\u012f visos kelion\u0117s metu. Keliautojams neturintiems draudimo gresia 110$ bauda!<\/strong><\/span><\/h3>\n<hr \/>\n<p><strong>1 day <\/strong><\/p>\n<p>- Arrival at Riga Airport.<br \/> \u2022 Skrydis: Ryga \u2013 Batumis (~03:55-08:55).<br \/> \u2022 Atskridimas \u012f Batum\u012f.<br \/> \u2022 Ap\u017evalgin\u0117 ekskursija p\u0117s\u010diomis po Batum\u012f.<br \/> \u2022 Perve\u017eimas \u012f vie&scaron;but\u012f.<br \/> \u2022 \u012esik\u016brimas 3* Daisi Sunset Hotel vie&scaron;butyje arba kitame 3* vie&scaron;butyje.<br \/> - Free time.<br \/> \u2022 Nakvyn\u0117 vie&scaron;butyje.<\/p>\n<p>Batumis \u2013 &scaron;iuolaikinis kurortas ir pagrindinis Ad\u017earijos turizmo centras, \u012fsik\u016br\u0119s vaizdingame Juodosios j\u016bros pakrant\u0117s ruo\u017ee. &Scaron;is miestas harmoningai jungia senosios architekt\u016bros \u017eaves\u012f, jauki\u0173 gatveli\u0173 atmosfer\u0105, didmies\u010dio dinamik\u0105 ir subtropinio kra&scaron;to gamtos gro\u017e\u012f.<\/p>\n<p>Batumio bulvaras \u2013 tikra miesto vizitin\u0117 kortel\u0117, viena ilgiausi\u0173 Europos pakran\u010di\u0173 promenad\u0173, puo&scaron;ta palm\u0117mis, meno skulpt\u016bromis ir poilsio zonomis.<\/p>\n<p>Batumis \u2013 tikras rojus gurmanams. \u010cia galima paragauti ad\u017earieti&scaron;ko cha\u010dapuri, \u010dkmeruli, &scaron;vie\u017ei\u0173 j\u016bros g\u0117rybi\u0173, vietini\u0173 s\u016bri\u0173 ir, \u017einoma, garsaus gruzini&scaron;ko vyno.<\/p>\n<p>Batumis \u2013 tai miestas, kuriame europieti&scaron;kas komfortas, rytieti&scaron;kas koloritas ir gruzini&scaron;kas svetingumas susilieja \u012f darni\u0105 visum\u0105. \u010cia vienodai gera tiek m\u0117gstantiems ram\u0173 poils\u012f prie j\u016bros, tiek aktyviems keliautojams ar vakarini\u0173 pasivaik&scaron;\u010diojim\u0173 gerb\u0117jams.<\/p>\n<p><strong>Day 2 <\/strong><\/p>\n<p>\u2022 Pusry\u010diai vie&scaron;butyje (perkant ekskursij\u0173 paket\u0105 pusry\u010diai \u012fskai\u010diuoti).<br \/> - Free day.<br \/> - Relax by the sea.<br \/> \u2022 Sugr\u012f\u017etame \u012f vie&scaron;but\u012f.<br \/> \u2022 Nakvyn\u0117 vie&scaron;butyje.<\/p>\n<p><strong>Day 3 <\/strong><\/p>\n<p>\u2022 Pusry\u010diai vie&scaron;butyje (perkant ekskursij\u0173 paket\u0105 pusry\u010diai \u012fskai\u010diuoti).<br \/> \u2022 Ekskursin\u0117 i&scaron;vyka \u012f Ad\u017earij\u0105.<br \/> \u2022 Sugr\u012f\u017etame \u012f vie&scaron;but\u012f.<br \/> \u2022 Nakvyn\u0117 vie&scaron;butyje.<\/p>\n<p>Apsilankysime nuostabiame Ad\u017earijos regione, kur ry&scaron;k\u016bs gamtos ir architekt\u016bros kontrastai paliks nepamir&scaron;tam\u0105 \u012fsp\u016bd\u012f!<\/p>\n<p>Kelion\u0119 prad\u0117sime nuo Bord\u017egalo muziejaus \u2013 unikalios vietos, sukurtos vieno \u017emogaus rankomis per daugel\u012f met\u0173 (papildomai apmokamas \u012f\u0117jimo bilietas ~8 \u20ac\/asm.). &Scaron;iame muziejuje atsiskleid\u017eia daugiatautis Gruzijos koloritas ir pasakojamos \u012fdomios vietini\u0173 gyventoj\u0173 gyvenimo istorijos. Tai privati kolekcija, skirta Ad\u017earijos istorijai ir bui\u010diai: eksponatai buvo surinkti i&scaron; aplinkini\u0173 kaim\u0173 arba sukurti paties muziejaus \u012fk\u016br\u0117jo, med\u017eio meistro.<\/p>\n<p>Toliau m\u016bs\u0173 lauks kelion\u0117 prie kaln\u0173 krioklio Machunceti \u2013 tyro vandens srov\u0117 krinta nuo auk&scaron;t\u0173 uol\u0173, apsupt\u0173 vaizdingos subtropin\u0117s augalijos.<\/p>\n<p>V\u0117liau aplankysime 30 metr\u0173 ilgio Machunceti tilt\u0105. Ad\u017earijoje yra daug pana&scaron;i\u0173 akmenini\u0173 arkini\u0173 tilt\u0173, ta\u010diau &scaron;is \u2013 \u017eymiausias! Jis pastatytas XI\u2013XIII a. ir i&scaron;liko iki &scaron;i\u0173 dien\u0173 d\u0117l itin tvirtos arkin\u0117s konstrukcijos.<\/p>\n<p>Pageidaujant, u\u017e papildom\u0105 mokest\u012f gal\u0117sime aplankyti vyno degustacij\u0105, kur susipa\u017einsime su ypatinga, UNESCO nematerialiu kult\u016bros paveldu pripa\u017einta gruzini&scaron;ko vyno gamybos technologija ir paragausime tradicini\u0173 vietini\u0173 vyn\u0173.<\/p>\n<p><strong>Day 4 <\/strong><\/p>\n<p>\u2022 Pusry\u010diai vie&scaron;butyje (perkant ekskursij\u0173 paket\u0105 pusry\u010diai \u012fskai\u010diuoti).<br \/> - Free day.<br \/> - Relax by the sea.<br \/> \u2022 Sugr\u012f\u017etame \u012f vie&scaron;but\u012f.<br \/> \u2022 Nakvyn\u0117 vie&scaron;butyje.<\/p>\n<p><strong>Day 5 <\/strong><\/p>\n<p>\u2022 Pusry\u010diai vie&scaron;butyje (perkant ekskursij\u0173 paket\u0105 pusry\u010diai \u012fskai\u010diuoti).<br \/> \u2022 Ekskursin\u0117 i&scaron;vyka \u201eNuostab\u016bs subtropikai\u201c.<br \/> \u2022 Sugr\u012f\u017etame \u012f vie&scaron;but\u012f.<br \/> \u2022 Nakvyn\u0117 vie&scaron;butyje.<\/p>\n<p>&Scaron;ios ekskursijos metu leisit\u0117s \u012f paslaptingus, vaizdingus subtropinius mi&scaron;kus, susipa\u017einsite su gausia vietine augalija ir gyv\u016bnija bei m\u0117gausit\u0117s i&scaron;skirtine &scaron;io regiono gamta.<\/p>\n<p>Batumi botanikos sodas \u2014 vienas did\u017eiausi\u0173 pasaulyje, gars\u0117jantis unikalia augal\u0173 kolekcija.<\/p>\n<p>Tai mil\u017eini&scaron;ka teritorija su \u012fsp\u016bdingu augal\u0173 \u012fvairove: banan\u0173 girait\u0117mis, bambuk\u0173 gojais, daugybe ro\u017ei\u0173 r\u016b&scaron;i\u0173 ir t\u016bkstan\u010diais augal\u0173 i&scaron; skirting\u0173 pasaulio \u017eemyn\u0173.<\/p>\n<p>\u010cia gal\u0117site pasigro\u017e\u0117ti nuostabiais j\u016bros vaizdais, pasim\u0117gauti tyla, gaiviu oru ir ypatinga subtropin\u0117s gamtos ramybe.<\/p>\n<p><strong>Day 6 <\/strong><\/p>\n<p>\u2022 Pusry\u010diai vie&scaron;butyje (perkant ekskursij\u0173 paket\u0105 pusry\u010diai \u012fskai\u010diuoti).<br \/> - Free day.<br \/> - Relax by the sea.<br \/> \u2022 Sugr\u012f\u017etame \u012f vie&scaron;but\u012f.<br \/> \u2022 Nakvyn\u0117 vie&scaron;butyje.<\/p>\n<p><strong>Day 7 <\/strong><\/p>\n<p>\u2022 Pusry\u010diai vie&scaron;butyje (perkant ekskursij\u0173 paket\u0105 pusry\u010diai \u012fskai\u010diuoti).<br \/> - Free day.<br \/> - Relax by the sea.<br \/> \u2022 Sugr\u012f\u017etame \u012f vie&scaron;but\u012f.<br \/> \u2022 Nakvyn\u0117 vie&scaron;butyje.<\/p>\n<p><strong>Day 8 <\/strong><\/p>\n<p>\u2022 I&scaron;siregistravimas i&scaron; vie&scaron;bu\u010dio.<br \/> - Transfer to the airport.<br \/> \u2022 Skrydis: Batumis \u2013 Ryga (~10:05-13:15).<br \/> - Arrival at Riga Airport.<\/p>","protected":false},"excerpt":{"rendered":"<p>SVARBU! Kelion\u0117s vadovas gali keisti programos eig\u0105! Kelion\u0117 organizuojama reisiniais skryd\u017eiais, tod\u0117l d\u0117l l\u0117ktuvo biliet\u0173 pabrangimo, organizatorius gali atme&#8230;<\/p>","protected":false},"featured_media":11844,"comment_status":"open","ping_status":"closed","template":"","meta":{"om_disable_all_campaigns":false,"_monsterinsights_skip_tracking":false,"_monsterinsights_sitenote_active":false,"_monsterinsights_sitenote_note":"","_monsterinsights_sitenote_category":0},"product_brand":[],"product_cat":[669,679],"product_tag":[],"class_list":{"0":"post-16663","1":"product","2":"type-product","3":"status-publish","4":"has-post-thumbnail","6":"atravel_country-sakartvelas-gruzija","7":"atravel_tour_type-avia","8":"atravel_currency-eurai","9":"atravel_departure_city-latvija","10":"product_cat-keliones","11":"product_cat-sakartvelas-gruzija","13":"first","14":"instock","15":"taxable","16":"shipping-taxable","17":"purchasable","18":"product-type-variable","19":"has-default-attributes"},"aioseo_notices":[],"_links":{"self":[{"href":"https:\/\/www.atravel.lt\/en\/wp-json\/wp\/v2\/product\/16663","targetHints":{"allow":["GET"]}}],"collection":[{"href":"https:\/\/www.atravel.lt\/en\/wp-json\/wp\/v2\/product"}],"about":[{"href":"https:\/\/www.atravel.lt\/en\/wp-json\/wp\/v2\/types\/product"}],"replies":[{"embeddable":true,"href":"https:\/\/www.atravel.lt\/en\/wp-json\/wp\/v2\/comments?post=16663"}],"wp:featuredmedia":[{"embeddable":true,"href":"https:\/\/www.atravel.lt\/en\/wp-json\/wp\/v2\/media\/11844"}],"wp:attachment":[{"href":"https:\/\/www.atravel.lt\/en\/wp-json\/wp\/v2\/media?parent=16663"}],"wp:term":[{"taxonomy":"product_brand","embeddable":true,"href":"https:\/\/www.atravel.lt\/en\/wp-json\/wp\/v2\/product_brand?post=16663"},{"taxonomy":"product_cat","embeddable":true,"href":"https:\/\/www.atravel.lt\/en\/wp-json\/wp\/v2\/product_cat?post=16663"},{"taxonomy":"product_tag","embeddable":true,"href":"https:\/\/www.atravel.lt\/en\/wp-json\/wp\/v2\/product_tag?post=16663"}],"curies":[{"name":"wp","href":"https:\/\/api.w.org\/{rel}","templated":true}]}}