{"id":16648,"date":"2026-04-25T22:24:49","date_gmt":"2026-04-25T20:24:49","guid":{"rendered":"https:\/\/www.atravel.lt\/produktas\/naujametine-kelione-paryzius-berlynas-amsterdamas\/"},"modified":"2026-05-06T10:47:27","modified_gmt":"2026-05-06T08:47:27","slug":"naujametine-kelione-paryzius-berlynas-amsterdamas","status":"publish","type":"product","link":"https:\/\/www.atravel.lt\/en\/product\/naujametine-kelione-paryzius-berlynas-amsterdamas\/","title":{"rendered":"Naujametin\u0117 kelion\u0117 Pary\u017eius &#8211; Berlynas &#8211; Amsterdamas"},"content":{"rendered":"<p style=\"text-align: center\"><span style=\"color:#c0392b\"><strong>*SVARBU! Perve\u017eimas autobusu\/mikroautobusu i&scaron; Vilniaus organizuojamas tik susirinkus daugiau nei 8 keliautojams, susirinkus ma\u017eesnei keliautoj\u0173 grupei Jums bus nupirkti tarpmiestinio autobuso bilietai ir iki pagrindinio autobuso (Kauno) vyksite tarpmiestiniu autobusu<\/strong><\/span><\/p>\n<hr \/>\n<p><strong>1 day <\/strong><\/p>\n<p>\u2022 I&scaron;vykimas i&scaron; Lietuvos (Vilnius*, Kauno, Panev\u0117\u017eio).<br \/> - Travelling through Poland.<br \/> \u2022 Apgyvendinimas vie&scaron;butyje.<br \/> \u2022 Nakvyn\u0117 vie&scaron;butyje.<\/p>\n<p><strong>Day 2<\/strong><\/p>\n<p>\u2022 Pusry\u010diai vie&scaron;butyje (perkant ekskursij\u0173 paket\u0105 pusry\u010diai \u012fskai\u010diuoti).<br \/> \u2022 Vykstame link Berlyno.<br \/> \u2022 \u012e Berlyno centr\u0105 vykstame vie&scaron;uoju transportu (vie&scaron;ojo transporto bilietai ne\u012fskai\u010diuoti, kaina ~3 \u20ac\/bilietas).<br \/> \u2022 Berlyne praleid\u017eiame 9 val.<br \/> \u2022 Ap\u017evalgin\u0117 ekskursija po Berlyn\u0105.<br \/> \u2022 Laisvas laikas Berlyne.<br \/> \u2022 Kelion\u0117 link Pary\u017eiaus.<br \/> \u2022 Naktis autobuse.<\/p>\n<p>Autobusas negali \u012fva\u017eiuoti \u012f miesto centr\u0105, tod\u0117l \u012f miesto centr\u0105 vyksime vie&scaron;uoju transportu (~3 \u20ac\/vienas bilietas).<\/p>\n<p>Ekskursijos metu pamatysime: Brandenburgo vartus \u2013 vien\u0105 svarbiausi\u0173 miesto simboli\u0173, v\u0117liau vyksime prie Reichstago ir pasivaik&scaron;\u010diosime po modern\u0173 vyriausybin\u012f kvartal\u0105. Keliausime bulvaru Unter den Linden, susipa\u017einsime su \u012fsp\u016bdingu XVII\u2013XVIII a. architekt\u016briniu ansambliu \u2013 \u017dandarmenmarkt ir Bebelio aik&scaron;te. Taip pat ekskursijos metu pamatysime Berlyno valstybin\u0117 oper\u0105, Humboldt\u0173 universitet\u0105, memorial\u0105 fa&scaron;izmo ir militarizmo aukoms, aplankysime gars\u0173j\u012f Muziej\u0173 sal\u0105 bei diding\u0105 Berlyno katedr\u0105.<\/p>\n<p>M\u016bs\u0173 \u012fdomi\u0105 ir turining\u0105 ekskursij\u0105 u\u017ebaigsime apsilankymu centrin\u0117je Berlyno aik&scaron;t\u0117je \u2013 Alexanderplatz. &Scaron;i p\u0117s\u010di\u0173j\u0173 aik&scaron;t\u0117 yra taisyklingos sta\u010diakamp\u0117s formos ir \u012fsik\u016brusi istoriniame Kionigs&scaron;tato kvartale, Mitte rajone. \u017dinoma, n\u0117 viena ekskursija po Berlyn\u0105 neapsieina be seniausios veikian\u010dios miesto ba\u017eny\u010dios \u2013 Marienkirche, pastatytos XIV a., Nept\u016bno fontano bei visame pasaulyje \u017einomo Berlyno televizijos bok&scaron;to \u2013 vieno \u012fsp\u016bdingiausi\u0173 socialistinio laikotarpio statini\u0173.<\/p>\n<p>Laisvu metu tur\u0117site galimyb\u0119 savaranki&scaron;kai aplankyti Berlyno muziejus ar zoologijos sod\u0105, \u012fsigyti suvenyr\u0173, paragauti vietinio alaus bei tradicini\u0173 vokie\u010di\u0173 virtuv\u0117s patiekal\u0173. Taip pat gal\u0117site pasivaik&scaron;\u010dioti po naujuosius miesto rajonus, gars\u0117jan\u010dius modernia architekt\u016bra ir i&scaron;skirtiniu dizainu.<\/p>\n<p><strong>Day 3 <\/strong><\/p>\n<p>\u2022 Ryte padarysime kavos pertrauk\u0117l\u0119, gal\u0117site i&scaron;gerti kavos ir u\u017ek\u0105sti.<br \/> \u2022 Perve\u017eimas \u012f Versal\u012f.<br \/> \u2022 Pageidaujantys gal\u0117s apsilankyti Versalio r\u016bmuose (papildomas mokestis ~35 \u20ac\/asm.).<br \/> \u2022 Atvykstame \u012f Pary\u017ei\u0173.<br \/> \u2022 Ap\u017evalgin\u0117 ekskursija autobusu po Pary\u017ei\u0173.<br \/> \u2022 Vykstame \u012f vie&scaron;but\u012f (Pary\u017eiaus priemestyje).<br \/> \u2022 \u012esik\u016brimas vie&scaron;butyje.<br \/> - Free time.<br \/> \u2022 Nakvyn\u0117 vie&scaron;butyje.<\/p>\n<p>Perve\u017eimas \u012f Versal\u012f &#8211; garsiausi\u0105 karali&scaron;k\u0105j\u0105 rezidencij\u0105 pasaulyje. R\u016bm\u0173 ir park\u0173 kompleksas, sukurtas \u201eSaul\u0117s karaliaus\u201c Liudvikas XIV u\u017esakymu, tapo XVII\u2013XVIII a. Europos karali&scaron;k\u0173j\u0173 rezidencij\u0173 etalonu. Tai \u2013 \u201egalanti&scaron;kojo am\u017eiaus\u201c elegancijos ir Pranc\u016bzijos absoliutizmo galyb\u0117s \u012fsik\u016bnijimas. Versalio r\u016bmai pagr\u012fstai u\u017eima vien\u0105 i&scaron; pirmaujan\u010di\u0173 viet\u0173 tarp labiausiai lankom\u0173 muziej\u0173 Pranc\u016bzijoje ir pasaulyje. Tur\u0117site galimyb\u0119 savaranki&scaron;kai aplankyti r\u016bmus (u\u017e papildom\u0105 mokest\u012f ~35 \u20ac\/asm.; \u012f kain\u0105 \u012fskai\u010diuotas bilietas ir audiogidas) bei sodus (u\u017e papildom\u0105 mokest\u012f) arba pasivaik&scaron;\u010dioti netoliese esan\u010diame mieste.<\/p>\n<p>Ekskursijos metu pamatysime: Triumfo arka, Eifelio bok&scaron;tas, Eliziejaus laukai, Didieji r\u016bmai ir Ma\u017eieji r\u016bmai, Aleksandro III tiltas bei Invalid\u0173 r\u016bmai. Taip pat i&scaron;vysime vadinam\u0105j\u0105 istorin\u0119 Pary\u017eiaus a&scaron;\u012f: Santvarkos aik&scaron;t\u0117, Tiuilri sodai ir Luvras. \u017dinoma, aplankysime ir Sit\u0117 sala \u2013 Pary\u017eiaus lop&scaron;\u012f, kur stovi Pary\u017eiaus Dievo Motinos katedra bei buvusi karali\u0173 rezidencija \u2013 Konsjer\u017eerija. V\u0117liau vyksime per Lotyn\u0173 kvartalas, pamatysime Panteonas, Sorbonos universitetas bei Liuksemburgo sodai. P\u0117s\u010di\u0173j\u0173 ekskursijos mar&scaron;rutas drieksis prospektais ir bulvarais, apsuptais prabangi\u0173 XVII\u2013XIX a. pastat\u0173. Tarp ry&scaron;kiausi\u0173 epoch\u0173 simboli\u0173 \u2013 Vendomo aik&scaron;t\u0117 ir Garnj\u0117 opera.<\/p>\n<p><strong>Day 4<\/strong><\/p>\n<p>\u2022 Pusry\u010diai vie&scaron;butyje (perkant ekskursij\u0173 paket\u0105 pusry\u010diai \u012fskai\u010diuoti).<br \/> \u2022 Ekskursin\u0117 i&scaron;vyka \u012f Fontenblo pil\u012f (papildomai apmokami \u012f\u0117jimo bilietai ~19 \u20ac\/asm.).<br \/> \u2022 Pageidaujantiems si\u016blome paragauti pranc\u016bz\u0173 virtuv\u0119 Lotyn\u0173 kvartale tikrame pranc\u016bz\u0173 restorane su vaizdu \u012f Notre-Dame de Paris katedr\u0105 (papildomas mokestis &#8211; 25 \u20ac\/asm.\/grupinis meniu!).<br \/> \u2022 Pageidaujantiems si\u016blome ekskursin\u0119 program\u0105 \u201eVakarinis Pary\u017eius\u201c (papildomas mokestis \u2013 25 \u20ac\/asm., \u012fvyks susirinkus 25 asmen\u0173 grupei).<br \/> \u2022 V\u0117lai vakare sugr\u012f\u017etame \u012f vie&scaron;but\u012f.<br \/> <strong>\u2022 Pasiruo&scaron;imas Nauj\u0173j\u0173 met\u0173 sutikimui!<\/strong><br \/> \u2022 Nakvyn\u0117 vie&scaron;butyje.<\/p>\n<p>Pirmasis lankomas objektas \u2013 garsioji Fontenblo pilis, pastatyta XII a. (papildomas mokestis, \u012f\u0117jimo bilietas ir audio gidas \u012fskai\u010diuoti \u012f kain\u0105 ~19 \u20ac\/asm.). &Scaron;i pilis buvo viena m\u0117gstamiausi\u0173 Pranc\u016bzijos karali\u0173 rezidencij\u0173. D\u0117l unikalaus architekt\u016brini\u0173 stili\u0173 derinio ji vadinama \u201ePranc\u016bzijos architekt\u016bros ab\u0117c\u0117le\u201c. Fontenblo gars\u0117ja autenti&scaron;kais Renesanso laikotarpio interjerais, turtinga tapybos kolekcija bei dekoratyvin\u0117s ir taikomosios dail\u0117s k\u016briniais, sukurtais \u017eymiausi\u0173 pranc\u016bz\u0173 ir ital\u0173 meistr\u0173. Ekskursijos metu i&scaron;vysime Oval\u0173j\u012f kiem\u0105, nuostab\u0173 park\u0105 su \u012fsp\u016bdingomis skulpt\u016bromis, fontanais ir tvenkiniais. Pa\u017eym\u0117tina, kad b\u016btent Fontenblo buvo m\u0117gstamiausia Napoleonas Bonapartas rezidencija. Be to, tur\u0117site galimyb\u0119 aplankyti Napoleono muziej\u0173 \u2013 tai \u012fskai\u010diuota \u012f bilieto kain\u0105.<\/p>\n<p>Free time.<\/p>\n<p>Vakarien\u0117 autenti&scaron;kame pranc\u016bz\u0173 restorane \u012fsik\u016brusiame legendiniame Lotyn\u0173 kvartale su vaizdu \u012f Notre Dame katedr\u0105 (grupinis meniu, papildomas mokestis ~25 \u20ac\/asm.).<\/p>\n<p>Pageidaujantiems si\u016blome ekskursij\u0105 \u201eVakarinis Pary\u017eius\u201c (papildomas mokestis \u2013 25 \u20ac\/asm.).<br \/> Vakare miestas atrodo visai kitaip nei dienos metu. Pajusite lengvumo, neveiklumo ir flirto atmosfer\u0105, kuri\u0105 apsuptas Pary\u017eius. Va\u017eiuosime nuostabiais didingais bulvarais, matysime kabaretus, teatrus ir m\u0117gstamiausias pary\u017eie\u010di\u0173 atostog\u0173 vietas. Mes \u012fvertinsime visus architekt\u016bros prana&scaron;umus, kuriuos pabr\u0117\u017eia ap&scaron;vietimas. U\u017ekilsime \u012f Monmartro kalv\u0105, kur i&scaron; 130 metr\u0173 auk&scaron;\u010dio atsiveria geriausias vaizdas \u012f miest\u0105. Monmartras vadinamas \u201ePary\u017eiaus siela\u201c. Tai rajonas, turintis ypating\u0105 energij\u0105 ir kolorit\u0105, kuriame &scaron;alia egzistuoja senov\u0117s aik&scaron;t\u0117s, krik&scaron;\u010dioni\u0173 &scaron;ventov\u0117s ir bohemos institucijos. Siauros gatv\u0117s ir status Monmartro laiptai prisimena menininkus, ra&scaron;ytojus ir dailininkus, kurie tapo keli\u0173 kart\u0173 stabais. Tarp kuri\u0173: Tul\u016bza-Lautrecas, Gauguinas, Renoiras, Modigliani, Picasso, Delilah.<\/p>\n<p><strong>Day 5 <\/strong><\/p>\n<p>\u2022 Pusry\u010diai vie&scaron;butyje (perkant ekskursij\u0173 paket\u0105 pusry\u010diai \u012fskai\u010diuoti).<br \/> \u2022 I&scaron;siregistravimas i&scaron; vie&scaron;bu\u010dio.<br \/> \u2022 Ekskursija parfumerijos muziejuje Fragonard.<br \/> \u2022 Pageidaujantiems si\u016blome pasiplaukiojim\u0105 laiveliais Senos upe (papildomas mokestis ~20 \u20ac\/asm.).<br \/> - Free time.<br \/> \u2022 Antros dienos pus\u0117je i&scaron;vykimas link Briuselio.<br \/> \u2022 Vakare atvykstame \u012f Briusel\u012f.<br \/> \u2022 Ekskursija p\u0117s\u010diomis po Briusel\u012f.<br \/> - Free time.<br \/> \u2022 Vykstame \u012f tranzitin\u012f vie&scaron;but\u012f.<br \/> \u2022 \u012esik\u016brimas vie&scaron;butyje.<br \/> \u2022 Nakvyn\u0117 vie&scaron;butyje.<\/p>\n<p>Netoli Grand Operos Scribe gatv\u0117je esantis Fragonard kvepal\u0173 muziejus yra neabejotinai garsiausias kvepal\u0173 muziejus pasaulyje. Tai tikrai unikalus Pary\u017eiaus lankytinas objektas, kuris u\u017etikrintai u\u017eima pagrindin\u0119 viet\u0105 tarp toki\u0173 &scaron;edevr\u0173 kaip Versalis ir Luvras. Ta\u010diau tai ne tik garsus kvap\u0173 muziejus, bet ir did\u017eiausias gro\u017eio centras.<\/p>\n<p>Pageidaujantiems si\u016blome leistis \u012f romanti&scaron;k\u0105 kelion\u0119 laivu Senos upe (papildomas mokestis ~20 \u20ac\/asm., pasiplaukiojimo trukm\u0117 ~1 val.). I&scaron; vandens atsiveria nuostab\u016bs vaizdai \u012f Pary\u017eiaus krantines. Tur\u0117site galimyb\u0119 priart\u0117ti prie Eifelio bok&scaron;to, praplaukti po garsiausiais tiltais, apiplauksite Sit\u0117s sal\u0105 ir ap\u017ei\u016br\u0117site Notre Dame katedr\u0105 i&scaron; vis\u0173 pusi\u0173.<\/p>\n<p>Antroje dienos pus\u0117je i&scaron;vykstame \u012f Belgij\u0105.<\/p>\n<p>Vakarin\u0117 ekskursija p\u0117s\u010diomis po istorin\u012f Briuselio centr\u0105. Briuselyje gausu lankytin\u0173 viet\u0173, tarp kuri\u0173 ypating\u0105 viet\u0105 u\u017eima Briuselio miesto \u201e&scaron;irdis\u201c ir gra\u017eiausia Europoje \u2013 Did\u017eioji aik&scaron;t\u0117, apsupta XVII a. pastatais. Kiekvienas turi savo pavadinim\u0105 ir kiekvienas priklaus\u0117 konkre\u010diai gildijai. &Scaron;ioje aik&scaron;t\u0117je yra gotikin\u0117s architekt\u016bros &scaron;edevras \u2013 miesto rotu&scaron;\u0117, kurioje dabar yra miesto savivaldyb\u0117, o vir&scaron;uje \u2013 90 metr\u0173 sargybos bok&scaron;tas su arkangelo Mykolo, Briuselio glob\u0117jo statula. B\u016btent Briuselyje stovi garsusis fontanas &#8211; statula \u201eBesi&scaron;lapinantis berniukas\u201c. Taip pat reikia pa\u017eym\u0117ti, kad Briuselyje yra seniausia neorenesanso prekybos pasa\u017eas Europoje &#8211; &Scaron;v. Huberto, atidarytas karaliaus Leopoldo I 1847 m., jame \u012fsik\u016br\u0117 brangios parduotuv\u0117s ir jaukios kavin\u0117s.<\/p>\n<p>Gal\u0117site paragauti ir \u012fsigyti garsi\u0173j\u0173 belgi&scaron;k\u0173 vafli\u0173 ir &scaron;okolado, taip pat pasigro\u017e\u0117site vietini\u0173 aud\u0117j\u0173 ir n\u0117rini\u0173 gamintoj\u0173 gaminiais kuriais gars\u0117ja &scaron;i &scaron;alis, nes Briuselis \u2013 estet\u0173, romantik\u0173 ir gurman\u0173 miestas.<\/p>\n<p><strong>Day 6 <\/strong><\/p>\n<p>\u2022 Pusry\u010diai vie&scaron;butyje (perkant ekskursij\u0173 paket\u0105 pusry\u010diai \u012fskai\u010diuoti).<br \/> \u2022 I&scaron;siregistravimas i&scaron; vie&scaron;bu\u010dio.<br \/> \u2022 Vykstame \u012f Amsterdam\u0105.<br \/> \u2022 Pageidaujantiems si\u016blome pasiplaukioti laiveliu Amsterdamo kanalais (papildomas mokestis 20 \u20ac\/asm.).<br \/> \u2022 Pageidaujantiems si\u016blome ekskursij\u0105 p\u0117s\u010diomis po Amsterdam\u0105 (papildomas mokestis &#8211; 10 \u20ac\/asm., \u012fvyks susirinkus 25 asmen\u0173 grupei).<br \/> \u2022 Vykstame link Lenkijos.<br \/> \u2022 Naktis autobuse.<\/p>\n<p>Pa\u017eint\u012f su Amsterdamu prad\u0117sime pasiplaukiojimu laivu po sud\u0117ting\u0105 kanal\u0173 tinkl\u0105, \u012ftraukt\u0105 \u012f UNESCO pasaulio paveldo s\u0105ra&scaron;\u0105 (u\u017e papildom\u0105 mokest\u012f ~25 \u20ac\/asm., trukm\u0117 ~1 val., \u012f kain\u0105 \u012fskai\u010diuotas audiogidas). Mar&scaron;rutas drieksis keturiais pagrindiniais kanalais: Singeliu, Herengrachtu, Keizersgrachtu ir Prinsengrachtu. I&scaron; vandens atsiveria \u012fsp\u016bdingi vaizdai \u012f prabangius XVII\u2013XVIII a. pastatytus r\u016bmus. Plaukimo metu tur\u0117sime galimyb\u0119 \u012fvertinti tilt\u0173 \u012fvairov\u0119, praplaukti senovin\u012f &scaron;liuz\u0105, pamatyti \u201e&scaron;okan\u010dius namus\u201c Damrako gatv\u0117je, pasigro\u017e\u0117ti pasaki&scaron;ku Amsterdamo centrin\u0117s stoties gro\u017eiu bei \u012fvertinti dr\u0105sius &scaron;iuolaikini\u0173 architekt\u0173 sprendimus, \u012fgyvendintus naujuose pastatuose.<\/p>\n<p>Norint sudaryti dar i&scaron;samesn\u012f \u012fsp\u016bd\u012f apie Amsterdam\u0105 ir jo lankytinas vietas, papildomai si\u016blome ekskursij\u0105 p\u0117s\u010diomis su vietiniu gidu (u\u017e papildom\u0105 mokest\u012f &#8211; 10 \u20ac\/asm.).<br \/> Ekskursijos p\u0117s\u010diomis metu pamatysime Muziej\u0173 aik&scaron;t\u0119, kurioje \u012fsik\u016br\u0119 keturi svarbiausi Amsterdamo muziejai, tarp j\u0173 \u2013 Rijksmuseum, miesto teatras, Maxo Euwe aik&scaron;t\u0117, vienintelius i&scaron;likusius viduram\u017ei\u0173 varg&scaron;\u0173 namus \u2013 Begijnhof, seniausia Amsterdamo aik&scaron;t\u0117 Damas, nuo kurios prasid\u0117jo miesto istorija, didingus Karali&scaron;kuosius r\u016bmus, taip pat pirm\u0105j\u0105 Europoje vertybini\u0173 popieri\u0173 bir\u017e\u0105 \u2013 Beurs van Berlage, g\u0117li\u0173 turg\u0173 prie Singelio kanalo bei p\u0117s\u010di\u0173j\u0173 gatv\u0119 Kalverstraat\u0105 \u2013 pagrindin\u0119 Amsterdamo prekybos arterij\u0105.<\/p>\n<p>Laisvas laikas, kurio metu gal\u0117site paragauti garsi\u0173j\u0173 olandi&scaron;k\u0173 s\u016bri\u0173, apsilankyti kontraversi&scaron;kai vertinamame Raudon\u0173j\u0173 \u017eibint\u0173 rajone (nerekomenduojama asmenims iki 18 met\u0173), paskanauti tradicin\u0117s olandi&scaron;kos silk\u0117s ir vietinio alaus.<\/p>\n<p><strong>Day 7 <\/strong><\/p>\n<p>\u2022 Atvykstame \u012f Lenkij\u0105.<br \/> \u2022 \u012esik\u016brimas vie&scaron;butyje.<br \/> \u2022 Laisvas laikas\/poilsis.<br \/> \u2022 Nakvyne vie&scaron;butyje.<\/p>\n<p><strong>Day 8 <\/strong><\/p>\n<p>\u2022 Pusry\u010diai vie&scaron;butyje (perkant ekskursij\u0173 paket\u0105 pusry\u010diai \u012fskai\u010diuoti).<br \/> \u2022 I&scaron;siregistravimas i&scaron; vie&scaron;bu\u010dio.<br \/> - Travelling through Poland.<br \/> \u2022 V\u0117lai vakare sugr\u012f\u017etame \u012f Lietuv\u0105.<\/p>","protected":false},"excerpt":{"rendered":"<p>*SVARBU! Perve\u017eimas autobusu\/mikroautobusu i&scaron; Vilniaus organizuojamas tik susirinkus daugiau nei 8 keliautojams, susirinkus ma\u017eesnei keliautoj\u0173 grupei Ju&#8230;<\/p>","protected":false},"featured_media":12808,"comment_status":"open","ping_status":"closed","template":"","meta":{"om_disable_all_campaigns":false,"_monsterinsights_skip_tracking":false,"_monsterinsights_sitenote_active":false,"_monsterinsights_sitenote_note":"","_monsterinsights_sitenote_category":0},"product_brand":[],"product_cat":[669,692],"product_tag":[],"class_list":{"0":"post-16648","1":"product","2":"type-product","3":"status-publish","4":"has-post-thumbnail","6":"atravel_country-olandija","7":"atravel_country-prancuzija","8":"atravel_country-vokietija","9":"atravel_tour_type-autobusas","10":"atravel_currency-eurai","11":"atravel_departure_city-latvija","12":"product_cat-keliones","13":"product_cat-olandija","15":"first","16":"instock","17":"taxable","18":"shipping-taxable","19":"purchasable","20":"product-type-variable","21":"has-default-attributes"},"aioseo_notices":[],"_links":{"self":[{"href":"https:\/\/www.atravel.lt\/en\/wp-json\/wp\/v2\/product\/16648","targetHints":{"allow":["GET"]}}],"collection":[{"href":"https:\/\/www.atravel.lt\/en\/wp-json\/wp\/v2\/product"}],"about":[{"href":"https:\/\/www.atravel.lt\/en\/wp-json\/wp\/v2\/types\/product"}],"replies":[{"embeddable":true,"href":"https:\/\/www.atravel.lt\/en\/wp-json\/wp\/v2\/comments?post=16648"}],"wp:featuredmedia":[{"embeddable":true,"href":"https:\/\/www.atravel.lt\/en\/wp-json\/wp\/v2\/media\/12808"}],"wp:attachment":[{"href":"https:\/\/www.atravel.lt\/en\/wp-json\/wp\/v2\/media?parent=16648"}],"wp:term":[{"taxonomy":"product_brand","embeddable":true,"href":"https:\/\/www.atravel.lt\/en\/wp-json\/wp\/v2\/product_brand?post=16648"},{"taxonomy":"product_cat","embeddable":true,"href":"https:\/\/www.atravel.lt\/en\/wp-json\/wp\/v2\/product_cat?post=16648"},{"taxonomy":"product_tag","embeddable":true,"href":"https:\/\/www.atravel.lt\/en\/wp-json\/wp\/v2\/product_tag?post=16648"}],"curies":[{"name":"wp","href":"https:\/\/api.w.org\/{rel}","templated":true}]}}