{"id":16603,"date":"2026-04-25T22:24:45","date_gmt":"2026-04-25T20:24:45","guid":{"rendered":"https:\/\/www.atravel.lt\/produktas\/kaledine-kelione-vokietija-sveicarija\/"},"modified":"2026-05-06T10:47:25","modified_gmt":"2026-05-06T08:47:25","slug":"kaledine-kelione-vokietija-sveicarija","status":"publish","type":"product","link":"https:\/\/www.atravel.lt\/en\/product\/kaledine-kelione-vokietija-sveicarija\/","title":{"rendered":"KAL\u0116DIN\u0116 KELION\u0116 VOKIETIJA &#8211; \u0160VEICARIJA"},"content":{"rendered":"<p style=\"text-align: center\"><span style=\"color:#c0392b\"><strong>SVARBU! Perve\u017eimas autobusu\/mikroautobusu i&scaron; Vilniaus organizuojamas tik susirinkus daugiau nei 8 keliautojams, susirinkus ma\u017eesnei keliautoj\u0173 grupei Jums bus nupirkti tarpmiestinio autobuso bilietai ir iki pagrindinio autobuso (Kauno) vyksite tarpmiestiniu autobusu<\/strong><\/span><\/p>\n<hr \/>\n<p><strong>1 day <\/strong><\/p>\n<p>\u2022 I&scaron;vykimas i&scaron; Kauno ir Panev\u0117\u017eio, i&scaron; Vilniaus tik susirinkus 8 ir daugiau keliautojams.<br \/> - Travelling through Poland.<br \/> \u2022 Nakvyn\u0117 vie&scaron;butyje (Lenkijoje).<\/p>\n<p><strong>Day 2 <\/strong><\/p>\n<p>\u2022 Pusry\u010diai vie&scaron;butyje (perkant ekskursij\u0173 paket\u0105 pusry\u010diai \u012fskai\u010diuoti).<br \/> \u2022 I&scaron;siregistravimas i&scaron; vie&scaron;bu\u010dio.<br \/> \u2022 T\u0119siame kelion\u0119.<br \/> \u2022 Atvykstame \u012f Niurnberg\u0105.<br \/> \u2022 Ap\u017evalgin\u0117 ekskursija po Niurnberg\u0105.<br \/> \u2022 T\u0119siame kelion\u0119 per Vokietijos teritorj\u0105.<br \/> \u2022 Vykstame \u012f vie&scaron;but\u012f (Pranc\u016bzijos \u2013 Vokietijos teritorijoje).<br \/> \u2022 \u012esik\u016brimas vie&scaron;butyje.<br \/> \u2022 Nakvyn\u0117 vie&scaron;butyje.<\/p>\n<p>Niurnbergas \u2013 &scaron;iuolaiki&scaron;kas, spar\u010diai besivystantis ir jaukus miestas, kuriame gyvena kiek daugiau nei pus\u0117 milijono \u017emoni\u0173. Tai miestas, sukurtas neskubiems pasivaik&scaron;\u010diojimams, atradimams ir nuotraukoms prie vietini\u0173 lankytin\u0173 objekt\u0173.<\/p>\n<p>Prie &Scaron;v. Lauryno ba\u017eny\u010dios (St. Lorenzkirche) groja gatv\u0117s muzikantai, atvyk\u0119 i&scaron; \u012fvairi\u0173 pasaulio &scaron;ali\u0173, o netoli D&uuml;rerio nam\u0173 &scaron;iltais vasaros vakarais renkasi vietinis jaunimas. B\u016btent tuo Niurnbergas ir \u017eavi \u2013 darnaus seno ir naujo, istorijos ir &scaron;iuolaiki&scaron;kumo, gyvo miesto ir praeities derm\u0117.<\/p>\n<p>Niurnberge j\u016bs\u0173 laukia daugyb\u0117 atradim\u0173. Pasivaik&scaron;\u010diojimo metu pamatysime Dorybi\u0173 fontan\u0105 ir &Scaron;v. Lauryno ba\u017eny\u010di\u0105 (Lorenzkirche), &Scaron;v. Dvasios prieglaud\u0105, pirm\u0105 kart\u0105 atidaryt\u0105 1331 m. ir veikian\u010di\u0105 iki &scaron;iol.<\/p>\n<p>Taip pat aplankysime Pilies uol\u0105, kur yra imperatori&scaron;koji pilis ir Piloto namas. Pasivaik&scaron;\u010diosime palei gynybin\u0119 sien\u0105, juosian\u010di\u0105 miest\u0105, ir i&scaron;eisime \u012f turgaus aik&scaron;t\u0119, kur stovi Frauenkirche ba\u017eny\u010dia su senaisiais laikrod\u017eiais. Juose vaizduojamas svarbus Vokietijos istorijos \u012fvykis \u2013 1356 m. priimta \u201eAukso bul\u0117\u201c, kuri\u0105 patvirtino imperatorius Karolis IV.<\/p>\n<p><strong>Day 3 <\/strong><\/p>\n<p>\u2022 Pusry\u010diai vie&scaron;butyje (perkant ekskursij\u0173 paket\u0105 pusry\u010diai \u012fskai\u010diuoti).<br \/> \u2022 Vykstame \u012f Ciurich\u0105 ir Liucern\u0105.<br \/> \u2022 Pakeliui sustojimas prie Reino kriokli\u0173 (papildomas mokestis ~ 1 \u20ac\/asm.)<br \/> \u2022 T\u0119siame kelion\u0119 link Ciuricho.<br \/> \u2022 Ekskursija po Ciuricho senamiest\u012f.<br \/> \u2022 Vykstame \u012f Liucern\u0105.<br \/> \u2022 Ekskursija po Liucernos miesto senamiest\u012f.<br \/> \u2022 Sugr\u012f\u017etame \u012f vie&scaron;but\u012f.<br \/> - Recreation.<br \/> \u2022 Nakvyn\u0117 vie&scaron;butyje.<\/p>\n<p>I&scaron;vykimas prie Reino krioklio (papildomas mokestis ~1 \u20ac\/asm.). Reinas \u2013 viena svarbiausi\u0173 &scaron;io regiono upi\u0173. Reino krioklys yra did\u017eiausias Europoje. &Scaron;ioje vietoje up\u0117 staigiai i&scaron;siple\u010dia iki 150 metr\u0173 plo\u010dio, o vanduo krenta i&scaron; 21 metro auk&scaron;\u010dio. Tai \u012fsp\u016bdingas ir kvap\u0105 gniau\u017eiantis reginys.<\/p>\n<p>Toliau vyksime \u012f Ciurich\u0105. Ekskursija po Ciurich\u0105.<\/p>\n<p>Ciurichas \u2013 did\u017eiausias &Scaron;veicarijos ekonominis ir kult\u016brinis centras, tuo pa\u010diu vienas gra\u017eiausi\u0173 Europos miest\u0173. \u012esik\u016br\u0119s tarp kalv\u0173, miestas amfiteatri&scaron;kai kyla &scaron;laitais ir, perskirtas Limmato upe, atsiveria abiejose Ciuricho e\u017eero pus\u0117se savo gra\u017eiausiais fasadais. Giedr\u0105 dien\u0105 u\u017e e\u017eero horizonte matoma snieguot\u0173 &Scaron;veicarijos Alpi\u0173 panorama.<br \/> Kairiajame Limmato up\u0117s krante \u012fsik\u016br\u0119 modern\u016bs prekybos rajonai, o de&scaron;iniajame \u2013 istorinis senamiestis su siauromis gatvel\u0117mis ir senais namais, kuriuos aplankysime ekskursijos metu. Pamatysime miesto rotu&scaron;\u0119, garsiaj\u0105 gotikin\u0119 Fraum&uuml;nster ba\u017eny\u010di\u0105, papuo&scaron;t\u0105 penkiais vitra\u017eais, sukurtais Marko &Scaron;agalo. Iki j\u0173 atsiradimo 1970 m. Fraum&uuml;nster buvo \u017einoma tik d\u0117l savo ne\u012fprastos architekt\u016bros \u2013 \u201evienabok&scaron;t\u0117\u201c ba\u017eny\u010dia pastatyta ne pagal \u012fprastus kanonus. Su vitra\u017eais ji tapo pasaulinio garso objektu. Menininkas vitra\u017eus k\u016br\u0117 dvejus metus ir, b\u016bdamas 83 met\u0173, pats juos projektavo bei apdorojo stikl\u0105.<\/p>\n<p>Taip pat aplankysime vien\u0105 miesto simboli\u0173 \u2013 Grossm&uuml;nster katedr\u0105, nueisime prie &scaron;iaurin\u0117s Ciuricho e\u017eero pakrant\u0117s ir apsilankysime Bahnhofstrasse gatv\u0117je, kur, pasak legendos, anks\u010diau buvo \u201evarli\u0173 griovys\u201c. Laisvas laikas.<\/p>\n<p>I&scaron;vykimas \u012f Liucern\u0105.<\/p>\n<p>Liucerna \u2013 pagrindinis centrin\u0117s &Scaron;veicarijos miestas, \u012fsik\u016br\u0119s prie Keturi\u0173 kanton\u0173 (Vierwaldst&auml;tter) e\u017eero, apsuptas kalv\u0173 ir kaln\u0173.<br \/> B\u016bdama geografinis ir istorinis &scaron;alies centras, Liucerna kelis &scaron;imtme\u010dius buvo laikoma neoficialia &Scaron;veicarijos sostine.<\/p>\n<p>Ekskursijos metu pamatysime j\u0117zuit\u0173 ba\u017eny\u010di\u0105, pastatyt\u0105 baroko stiliumi, XVI a. vyriausyb\u0117s r\u016bmus, pasivaik&scaron;\u010diosime per Kapelbr&uuml;cke \u2013 seniausi\u0105 Europoje medin\u012f dengta tilt\u0105. Jis pastatytas 1300 m. ir papuo&scaron;tas XVII a. tapyba. Taip pat nueisime prie Spreuerbr&uuml;cke tilto, gars\u0117jan\u010dio alegoriniais \u201eMirties &scaron;okio\u201c vaizdais.<\/p>\n<p>Aplankysime gars\u0173j\u012f \u201eMir&scaron;tantis li\u016btas\u201c paminkl\u0105, sukurt\u0105 skulptoriaus Thorvaldseno, skirt\u0105 &Scaron;veicarijos gvardie\u010diams, \u017euvusiems gindami Tiuilri r\u016bmus Pranc\u016bzijos revoliucijos metu. Markas Tvenas &scaron;i\u0105 skulpt\u016br\u0105 pavadino \u201eli\u016bdniausiu paminklu pasaulyje\u201c.<\/p>\n<p>Pasivaik&scaron;\u010diosime Liucernos e\u017eero (Vierwaldst&auml;ttersee) pakrante.<\/p>\n<p><strong>Day 4 <\/strong><\/p>\n<p>\u2022 Pusry\u010diai vie&scaron;butyje (perkant ekskursij\u0173 paket\u0105 pusry\u010diai \u012fskai\u010diuoti).<br \/> \u2022 I&scaron;siregistravimas i&scaron; vie&scaron;bu\u010dio.<br \/> \u2022 Vykstame link pranc\u016bzi&scaron;kos &Scaron;veicarijos<br \/> \u2022 Ekskursin\u0117 i&scaron;vyka \u201e\u017deneva \u2013 V\u0117v\u0117 \u2013 Montr\u0117\u201c.<br \/> \u2022 &Scaron;iljono pilies lankymas (\u012f\u0117jimo bilietus apmoka patys keliautojai ~14 CHF).<br \/> \u2022 Vykstame \u012f vie&scaron;but\u012f.<br \/> \u2022 \u012esik\u016brimas vie&scaron;butyje.<br \/> \u2022 Pasiruo&scaron;imas Nauj\u0173j\u0173 met\u0173 sutikimui.<br \/> \u2022 Nakvyn\u0117 vie&scaron;butyje.<\/p>\n<p>\u017denevos e\u017eeras yra toks didelis, kad net turi potvynius ir atosl\u016bgius. Taip pat pamatysime Monblan\u0105 \u2013 auk&scaron;\u010diausi\u0105 Vakar\u0173 Europos vir&scaron;\u016bn\u0119. B\u016btent &scaron;iame &Scaron;veicarijos regione poilsio ir \u012fkv\u0117pimo ie&scaron;kojo daugyb\u0117 garsenybi\u0173: Audrey Hepburn, Isabelle Adjani, Alain Delon, Freddie Mercury, H.-Ch. Andersenas, Ch. Dickens, I. Stravinskis ir daugelis kit\u0173.<\/p>\n<p>Atvykimas \u012f \u017denev\u0105. Ekskursija po miest\u0105.<br \/> Ekskursijos metu pamatysime \u017dedo fontan\u0105 (Jet d\u2019Eau) \u2013 vien\u0105 pagrindini\u0173 \u017denevos simboli\u0173. Pasivaik&scaron;\u010diosime Monblano krantine. V\u0117liau aplankysime Angl\u0173 park\u0105 ir gro\u017e\u0117sim\u0117s garsiaisiais g\u0117li\u0173 laikrod\u017eiais, sukurtais i&scaron; daugiau nei 6000 augal\u0173.<\/p>\n<p>Toliau vyksime \u012f Senamies\u010dio centr\u0105 prie &Scaron;v. Petro katedros. B\u016btent &scaron;ioje katedroje pamokslavo garsus reformatorius Jonas Kalvinas, d\u0117l kurio XVI a. \u017deneva buvo vadinama \u201eprotestanti&scaron;k\u0105ja Roma\u201c. Taip pat pamatysime Nauj\u0105j\u0105 aik&scaron;t\u0119 su operos teatru, konservatorija ir meno muziejumi.<\/p>\n<p>Ekskursijos metu taip pat ap\u017ei\u016br\u0117sime viduram\u017ei\u0173 arsenalo pastat\u0105, rotu&scaron;\u0119, kurioje pos\u0117d\u017eiauja \u017denevos kantono vald\u017eia ir kur buvo priimta garsioji \u017denevos konvencija d\u0117l \u017emogaus teisi\u0173. Taip pat pamatysime Henrio Dunanto paminkl\u0105, Karlo II Brunsviko mauzoliej\u0173 bei vie&scaron;but\u012f, i&scaron; kurio \u012f paskutin\u012f pasivaik&scaron;\u010diojim\u0105 i&scaron;\u0117jo Austrijos\u2013Vengrijos imperatorien\u0117 El\u017ebieta (Sisi).<\/p>\n<p>V\u0117liau pasivaik&scaron;\u010diosime De La Trej parku, padarysime nuotrauk\u0173 ap\u017evalgos aik&scaron;tel\u0117je, o ekskursij\u0105 u\u017ebaigsime Bastion\u0173 parke, kuriame yra \u201eReformacijos siena\u201c \u2013 skulpt\u016brin\u0117 kompozicija, skirta protestant\u0173 jud\u0117jimo lyderiams.<\/p>\n<p>Laisvas laikas \u017denevoje.<\/p>\n<p>Toliau i&scaron;vykimas \u012f Vev\u0117.<\/p>\n<p>Mieste kasmet vyksta komedini\u0173 film\u0173 festivalis. Gal\u0117sime nusifotografuoti prie \u010carlio \u010caplino paminklo, kuris paskutinius 25 savo gyvenimo metus praleido \u010dia, savo \u201eI&scaron;tremtojo dvare\u201c. Taip pat padarysime nuotrauk\u0105 prie mil\u017eini&scaron;kos &scaron;akut\u0117s, pastatytos minint Maisto muziejaus 10-met\u012f.<\/p>\n<p>V\u0117liau vyksime \u012f vaizding\u0105 ir \u017eydint\u012f Montr\u0119 miest\u0105, pamatysime \u201eMontreux Palace\u201c vie&scaron;but\u012f. Pasivaik&scaron;\u010diosime krantine, papuo&scaron;ta su d\u017eiazu susijusiomis skulpt\u016bromis \u2013 jos \u010dia pastatytos neatsitiktinai, nes b\u016btent Montr\u0117 liepos m\u0117nes\u012f vyksta tarptautinis d\u017eiazo festivalis.<\/p>\n<p>Ekskursij\u0105 u\u017ebaigsime turgaus aik&scaron;t\u0117je, kur stovi Freddie Mercury statula, primenanti, kad grup\u0117s \u201eQueen\u201c lyderis \u010dia gyveno 1991 m. ir \u012fra&scaron;\u0117 vien\u0105 paskutini\u0173 savo muzikini\u0173 album\u0173.<\/p>\n<p>Montr\u0117 vadinamas &Scaron;veicarijos Rivjera. XIX a. &scaron;is nedidelis \u017evej\u0173 kaimelis, buv\u0119s vynuogyn\u0173 regionu, tapo poilsio, sveikatos stiprinimo ir l\u0117to pasivaik&scaron;\u010diojimo vieta bei prabangos kurort\u0173 centru.<\/p>\n<p>Laisvu metu bus galimyb\u0117 aplankyti &Scaron;iljono pil\u012f, kurios ni\u016bri istorija taip su\u017eav\u0117jo lord\u0105 D\u017eord\u017e\u0105 Gordon\u0105 Bairon\u0105, kad jis per kelias dienas \u010dia para&scaron;\u0117 gars\u0173j\u012f eil\u0117ra&scaron;t\u012f \u201e&Scaron;iljono kalinys\u201c (\u012f\u0117jimo bilietai mokami papildomai ~14 CHF\/asm.).<\/p>\n<p><strong>Day 5 <\/strong><\/p>\n<p>\u2022 Pusry\u010diai vie&scaron;butyje (perkant ekskursij\u0173 paket\u0105 pusry\u010diai \u012fskai\u010diuoti).<br \/> \u2022 I&scaron;siregistravimas i&scaron; vie&scaron;bu\u010dio.<br \/> - Free time.<br \/> \u2022 Pageidaujantiems si\u016blome ekskursin\u0119 i&scaron;vyk\u0105 \u012f Interlakeno miestel\u012f (papildomas mokestis &#8211; 40 \u20ac\/asm.).<br \/> \u2022 Vykstame \u012f Bern\u0105.<br \/> \u2022 Ekskursija po Berno miest\u0105.<br \/> \u2022 Vykstame \u012f vie&scaron;but\u012f (Pranc\u016bzijos teritorijoje).<br \/> \u2022 \u012esik\u016brimas vie&scaron;butyje.<br \/> \u2022 Nakvyn\u0117 vie&scaron;butyje.<\/p>\n<p>Pasak Felikso Mendelsono: \u201eKas n\u0117ra mat\u0119s Interlakeno kra&scaron;tovaizd\u017eio, tas nepa\u017e\u012fsta &Scaron;veicarijos. To ne\u012fmanoma apra&scaron;yti \u2013 \u017eod\u017eiai \u010dia bej\u0117giai&#8230;\u201c<\/p>\n<p>Pa\u010dioje &Scaron;veicarijos &scaron;irdyje \u012fsik\u016br\u0119s nedidelis Interlakeno miestas yra tarsi jungtis tarp dviej\u0173 e\u017eer\u0173 \u2013 Tuno ir Brienco. B\u016btent i&scaron; \u010dia ir kilo jo pavadinimas, rei&scaron;kiantis \u201etarp e\u017eer\u0173\u201c.<\/p>\n<p>Kri&scaron;tolo skaidrumo kaln\u0173 upeliai, griaud\u017eiantys kriokliai, &scaron;varios up\u0117s, gil\u016bs m\u0117lyni e\u017eerai ir tryk&scaron;tantys fontanai \u2013 visa tai yra Interlakeno ir jo apylinki\u0173 vizitin\u0117 kortel\u0117. Laisvas laikas.<\/p>\n<p>I&scaron;vykimas \u012f Bern\u0105.<\/p>\n<p>Bernas \u2013 i&scaron; ties\u0173 unikalus ir nepakartojamas miestas. Tai vienas i&scaron; nedaugelio viduram\u017eiais \u012fkurt\u0173 miest\u0173, iki &scaron;i\u0173 dien\u0173 i&scaron;saugoj\u0119s savo autenti&scaron;k\u0105 i&scaron;vaizd\u0105. Keliaudamas po &Scaron;veicarij\u0105 1779 m., Johanas Volfgangas G\u0117t\u0117 pasteb\u0117jo: \u201eTai gra\u017eiausias miestas i&scaron; vis\u0173, kuriuos man yra tek\u0119 matyti.\u201c Jungtini\u0173 Taut\u0173 Organizacija Bern\u0105 paskelb\u0117 pasaulio kult\u016bros paveldo objektu, greta toki\u0173 miest\u0173 kaip Roma, Florencija ar Egipto paminklai.<\/p>\n<p>Bernas, \u012fkurtas 1191 m. kunigaik&scaron;\u010dio Bertholdo V pusiasalyje, kur\u012f suformavo Aros up\u0117s kilpa, gars\u0117ja savo tradicija miesto centre laikyti lokius. Lokiai \u2013 miesto ir kantono simbolis, siejamas su senosiomis istorin\u0117mis tradicijomis.<\/p>\n<p>Ekskursijos metu pamatysime Federalini\u0173 r\u016bm\u0173 pastat\u0105, daugyb\u0119 fontan\u0173, puo&scaron;ian\u010di\u0173 miesto gatves, Berno teatro pastat\u0105 ir, \u017einoma, Laikrod\u017eio bok&scaron;t\u0105 su astronominiu laikrod\u017eiu bei kariljonu, kuriame vyksta tikras mechaninis \u201espektaklis\u201c. Taip pat trumpam sustosime prie namo, kuriame gyveno Albertas Ein&scaron;teinas.<\/p>\n<p>Ekskursijos pabaigoje apsilankysime Miunsterio aik&scaron;t\u0117je (M&uuml;nsterplatz), kurios puo&scaron;mena \u2013 katedra su 100 metr\u0173 auk&scaron;\u010dio varpine ir Paskutiniojo teismo scena fasade. I&scaron; \u010dia gal\u0117sime pasigro\u017e\u0117ti \u012fsp\u016bdinga vir&scaron;utinio ir apatinio miesto panorama.<\/p>\n<p>Vakare i&scaron;vykimas \u012f Pranc\u016bzi&scaron;k\u0105j\u0105 &Scaron;veicarij\u0105.<\/p>\n<p><strong>Day 6 <\/strong><\/p>\n<p>\u2022 Pusry\u010diai vie&scaron;butyje (perkant ekskursij\u0173 paket\u0105 pusry\u010diai \u012fskai\u010diuoti).<br \/> \u2022 I&scaron;siregistravimas i&scaron; vie&scaron;bu\u010dio.<br \/> \u2022 Vykstame \u012f Viurcburg\u0105.<br \/> \u2022 Ekskursija po Viurcburgo miest\u0105.<br \/> - Free time.<br \/> \u2022 Kelion\u0117 link Lenkijos.<br \/> \u2022 \u012esik\u016brimas vie&scaron;butyje.<br \/> \u2022 Nakvyn\u0117 vie&scaron;butyje (Lenkijoje).<\/p>\n<p>Viurcburgas (W&uuml;rzburg) yra \u012fsik\u016br\u0119s &scaron;iaur\u0117s vakarin\u0117je Bavarijos federalin\u0117s \u017eem\u0117s dalyje ir gars\u0117ja savo architekt\u016bra bei vynais. Viurcburgo rezidencija &scaron;iandien laikoma vienu geriausi\u0173 baroko architekt\u016bros pavyzd\u017ei\u0173 Vokietijoje ir yra \u012ftraukta \u012f UNESCO pasaulio paveldo s\u0105ra&scaron;\u0105.<\/p>\n<p>Pasivaik&scaron;\u010diosime Maino up\u0117s pakrante, pasigro\u017e\u0117sime Marienbergo tvirtov\u0117s panorama, pereisime viduram\u017ei\u0173 tiltu, papuo&scaron;tu &scaron;vent\u0173j\u0173 skulpt\u016bromis. Aplankysime Viurcburgo vyskupo rezidencijos park\u0105 ir ap\u017ei\u016br\u0117sime prabangius r\u016bmus (i&scaron; i&scaron;or\u0117s). V\u0117liau vyksime prie &Scaron;v. Kiliano katedros \u2013 miesto ir vyndari\u0173 glob\u0117jo. Ekskursijos metu taip pat pamatysime senosios ir naujosios rotu&scaron;\u0117s pastatus bei tur\u0117sime galimyb\u0119 padaryti daug gra\u017ei\u0173 nuotrauk\u0173.<\/p>\n<p><strong>Day 7 <\/strong><\/p>\n<p>\u2022 Pusry\u010diai vie&scaron;butyje (perkant ekskursij\u0173 paket\u0105 pusry\u010diai \u012fskai\u010diuoti).<br \/> - Travelling through Poland.<br \/> \u2022 Nakt\u012f\/pary\u010diais gr\u012f\u017eimas \u012f Lietuv\u0105.<\/p>","protected":false},"excerpt":{"rendered":"<p>SVARBU! Perve\u017eimas autobusu\/mikroautobusu i&scaron; Vilniaus organizuojamas tik susirinkus daugiau nei 8 keliautojams, susirinkus ma\u017eesnei keliautoj\u0173 grupei Jum&#8230;<\/p>","protected":false},"featured_media":12800,"comment_status":"open","ping_status":"closed","template":"","meta":{"om_disable_all_campaigns":false,"_monsterinsights_skip_tracking":false,"_monsterinsights_sitenote_active":false,"_monsterinsights_sitenote_note":"","_monsterinsights_sitenote_category":0},"product_brand":[],"product_cat":[669,714],"product_tag":[],"class_list":{"0":"post-16603","1":"product","2":"type-product","3":"status-publish","4":"has-post-thumbnail","6":"atravel_country-sveicarija","7":"atravel_country-vokietija","8":"atravel_tour_type-autobusas","9":"atravel_currency-eurai","10":"atravel_departure_city-latvija","11":"product_cat-keliones","12":"product_cat-sveicarija","14":"first","15":"instock","16":"taxable","17":"shipping-taxable","18":"purchasable","19":"product-type-variable","20":"has-default-attributes"},"aioseo_notices":[],"_links":{"self":[{"href":"https:\/\/www.atravel.lt\/en\/wp-json\/wp\/v2\/product\/16603","targetHints":{"allow":["GET"]}}],"collection":[{"href":"https:\/\/www.atravel.lt\/en\/wp-json\/wp\/v2\/product"}],"about":[{"href":"https:\/\/www.atravel.lt\/en\/wp-json\/wp\/v2\/types\/product"}],"replies":[{"embeddable":true,"href":"https:\/\/www.atravel.lt\/en\/wp-json\/wp\/v2\/comments?post=16603"}],"wp:featuredmedia":[{"embeddable":true,"href":"https:\/\/www.atravel.lt\/en\/wp-json\/wp\/v2\/media\/12800"}],"wp:attachment":[{"href":"https:\/\/www.atravel.lt\/en\/wp-json\/wp\/v2\/media?parent=16603"}],"wp:term":[{"taxonomy":"product_brand","embeddable":true,"href":"https:\/\/www.atravel.lt\/en\/wp-json\/wp\/v2\/product_brand?post=16603"},{"taxonomy":"product_cat","embeddable":true,"href":"https:\/\/www.atravel.lt\/en\/wp-json\/wp\/v2\/product_cat?post=16603"},{"taxonomy":"product_tag","embeddable":true,"href":"https:\/\/www.atravel.lt\/en\/wp-json\/wp\/v2\/product_tag?post=16603"}],"curies":[{"name":"wp","href":"https:\/\/api.w.org\/{rel}","templated":true}]}}