{"id":16586,"date":"2026-04-25T22:24:44","date_gmt":"2026-04-25T20:24:44","guid":{"rendered":"https:\/\/www.atravel.lt\/produktas\/kaledine-gruzija-sakartvelas-skrydis-is-rygos\/"},"modified":"2026-05-06T10:47:24","modified_gmt":"2026-05-06T08:47:24","slug":"kaledine-gruzija-sakartvelas-skrydis-is-rygos","status":"publish","type":"product","link":"https:\/\/www.atravel.lt\/en\/product\/kaledine-gruzija-sakartvelas-skrydis-is-rygos\/","title":{"rendered":"Kal\u0117din\u0117 Gruzija (Sakartvelas) (skrydis i\u0161 Rygos)"},"content":{"rendered":"<h3 style=\"text-align: center\"><span style=\"color:#e74c3c\"><strong>YRA GALIMYB\u0116 SKRISTI I&Scaron; VILNIAUS SU PRIEMOKA NUO 120 \u20ac (VIET\u0172 KIEKIS RIBOTAS)!<\/strong><br \/> <b><strong>(d\u0117l viet\u0173 ir tikslios kainos teirautis agent\u016broje)<\/strong><\/b><\/span><\/h3>\n<hr \/>\n<h3 style=\"text-align: center\"><span style=\"color:#e74c3c\"><strong>D\u0117mesio! Nuo 2024.06.01 Gruzijoje \u012fsigalioja nauji reikalavimai, visi atvykstantys \u012f &scaron;al\u012f privalo tur\u0117ti sveikatos draudim\u0105, galiojant\u012f visos kelion\u0117s metu. Keliautojams neturintiems draudimo gresia 110$ bauda!<\/strong><\/span><\/h3>\n<hr \/>\n<p><strong>1 day <\/strong><\/p>\n<p>- Arrival at Riga Airport.<br \/> - Check-in.<br \/> \u2022 Skrydis: Ryga \u2013 Tbilisis (~12:05-18:20).<br \/> \u2022 Atskridimas \u012f Tbilis\u012f.<br \/> \u2022 Perve\u017eimas \u012f vie&scaron;but\u012f.<br \/> \u2022 \u012esik\u016brimas vie&scaron;butyje.<br \/> - Recreation.<br \/> \u2022 Nakvyn\u0117 vie&scaron;butyje.<\/p>\n<p><strong>Day 2 <\/strong><\/p>\n<p>\u2022 Pusry\u010diai vie&scaron;butyje (perkant ekskursij\u0173 paket\u0105 pusry\u010diai \u012fskai\u010diuoti).<br \/> - Tbilisi sightseeing tour.<br \/> \u2022 Sugr\u012f\u017etame \u012f vie&scaron;but\u012f.<br \/> - Recreation.<br \/> \u2022 Nakvyn\u0117 vie&scaron;butyje.<\/p>\n<p>Tbilisis &#8211; vienas gra\u017eiausi\u0173 U\u017ekaukazijos miest\u0173. \u010cia gamta tarsi susilieja su \u017emogaus k\u016bryba, palikdama savo p\u0117dsak\u0105 architekt\u016bros objektuose ir i&scaron;tisuose ansambliuose. Kilsime keltuvu \u012f Narikala tvirtov\u0119 \u2013 tai garsiausias ir seniausias Tbilisio senov\u0117s paminklas ir \u012fvairi\u0173 epoch\u0173 tvirtov\u0117s kompleksas Senajame Tbilisyje, miestie\u010diai j\u0105 vadina \u201emiesto siela ir &scaron;irdimi\u201c. Tvirtov\u0117 buvo pastatyta ant sta\u010dios Sololaksky keteros IV am\u017eiuje. I&scaron; \u010dia atsiveria nuostab\u016bs vaizdai ir \u010dia galima pasidaryti geriausias nuotraukas atminimui.<\/p>\n<p> Toliau leisim\u0117s \u012f senamiest\u012f, i&scaron; pietvakari\u0173 pus\u0117s i&scaron;eisime \u012f aik&scaron;t\u0119, gal\u0117sime v\u0117l gro\u017e\u0117tis. vir&scaron;utin\u0117s miesto tvirtov\u0117s Narikala griuv\u0117siais, kurios kabo vir&scaron; miesto. Miesto teritorija \u2013 sieros pir\u010di\u0173 vieta. Kar&scaron;to vandenilio sulfido vandens tiekia &scaron;altiniai, i&scaron;tekantys i&scaron; Tabori kalno \u012fdub\u0173. Kadaise miesto kvartalai buvo u\u017estatyti karavanais, prekybos namais ir amat\u0173 dirbtuv\u0117mis. Pasivaik&scaron;\u010diojimo senamies\u010dio gatvel\u0117mis metu pamatysite paminkl\u0105 vienam geriausi\u0173 savo laik\u0173 re\u017eisieri\u0173 &#8211; Sergo Parad\u017eanovui, Taikos tilt\u0105 &#8211; &scaron;iuolaikin\u0117s architekt\u016bros &scaron;edevr\u0105, pasivaik&scaron;\u010diosite Rike parke &#8211; nauja poilsio vieta Tbilisio centre palei Kuros up\u0119.<\/p>\n<p><strong>Day 3 <\/strong><\/p>\n<p>\u2022 Pusry\u010diai vie&scaron;butyje (perkant ekskursij\u0173 paket\u0105 pusry\u010diai \u012fskai\u010diuoti).<br \/> - Free day.<br \/> \u2022 Pageidaujantiems si\u016blome ekskursin\u0119 i&scaron;vyk\u0105 \u012f Kachetijos region\u0105 (papildomas mokestis \u2013 45 \u20ac\/asm., U\u017dSAKOMA I&Scaron; ANKSTO!).<br \/> \u2022 Sugr\u012f\u017etame \u012f vie&scaron;but\u012f.<br \/> \u2022 Pageidaujantiems si\u016blome kal\u0117din\u0119 vakarien\u0119 (papildomas mokestis).<br \/> - Recreation.<br \/> \u2022 Nakvyn\u0117 vie&scaron;butyje.<\/p>\n<p>Daugelis i&scaron; m\u016bs\u0173 yra ne kart\u0105 gird\u0117j\u0119 apie skan\u0173 Gruzijos vyn\u0105. Gruzijos vyndaryst\u0117s technologijai, kuria be galo did\u017eiuojasi visi gruzinai, daugiau nei 8000 m. Si\u016blome apsilankym\u0105 Gruzijos vyno gamykloje su degustacija (pageidaujant u\u017e papildom\u0105 mokest\u012f, \u012feina \u012f degustacin\u012f paket\u0105 \u2013 40 \u20ac\/asm.).<\/p>\n<p>T\u0119siame kelion\u0119 ir vykstame \u012f Bodbe \u2013 &Scaron;v. Nino moter\u0173 vienuolyno kompleks\u0105. &Scaron;v. Nino yra pati pagrindin\u0117 Gruzijos &scaron;ventoji, nes b\u016btent ji 4-ame am\u017eiuje atne&scaron;\u0117 \u012f Gruzij\u0105 krik&scaron;\u010dionyb\u0119. Pasak legendos, caro Miriano \u012fsakymu vienuolynas buvo pastatytas toje vietoje, kur buvo palaidota Nino. U\u017e papildom\u0105 18 \u20ac\/asm. mokest\u012f b\u016bsite pakviesti \u012f tikr\u0105 vienuolyno puot\u0105, po kurios prie &Scaron;v. Nino kapo gal\u0117site sugalvoti nor\u0105.<\/p>\n<p>Kelion\u0119 prat\u0119sime aplankant netoliese \u012fsik\u016brus\u012f Sighnaghi \u2013 tai meil\u0117s miestas, \u012fsik\u016br\u0119s tarp Alazani lauk\u0173 ir Kaukazo kaln\u0173. Miestas i&scaron;kilo senos tvirtov\u0117s vietoje, tod\u0117l \u010dia i&scaron;liko gynybin\u0117s sienos, vartai ir bok&scaron;tai. Taip pat yra XIX a. gyvenam\u0173j\u0173 nam\u0173 kompleksas, pastatytas pagal piet\u0173 Italijos klasicizmo stili\u0173 su gruzini&scaron;kais motyvais. O nuo kiekvieno bok&scaron;to atsiveria kerintis vaizdas \u012f bekra&scaron;t\u012f Alazani sl\u0117n\u012f.<\/p>\n<p>Vakare si\u016blome kal\u0117din\u0119 vakarien\u0119 (u\u017e papildom\u0105 mokest\u012f). Ji vyks tradicin\u0117je gruzini&scaron;koje aplinkoje, kur ant stalo bus patiekiami \u012fvair\u016bs nacionaliniai Gruzijos virtuv\u0117s patiekalai. Gal\u0117site m\u0117gautis puikiu muzikant\u0173 meistri&scaron;kumu \u2013 visos vakarien\u0117s metu skamb\u0117s gyva muzika.<\/p>\n<p><strong>Day 4 <\/strong><\/p>\n<p>\u2022 Pusry\u010diai vie&scaron;butyje (perkant ekskursij\u0173 paket\u0105 pusry\u010diai \u012fskai\u010diuoti).<br \/> \u2022 I&scaron;siregistravimas i&scaron; vie&scaron;bu\u010dio.<br \/> \u2022 Ekskursin\u0117 i&scaron;vyka \u201eD\u017evari vienuolynas ir Mccheta\u201c.<br \/> \u2022 Vykstame \u012f vie&scaron;but\u012f.<br \/> \u2022 \u012esik\u016brimas vie&scaron;butyje.<br \/> - Recreation.<br \/> \u2022 Nakvyn\u0117 vie&scaron;butyje.<\/p>\n<p>I&scaron;vykstame \u012f VI a. D\u017evari &scaron;ventykl\u0105 (UNESCO paveldo objektas). Nuo \u010dia atsiveria \u012fsp\u016bdingas vaizdas \u012f pirm\u0105j\u0105 Gruzijos sostin\u0119 bei dviej\u0173 upi\u0173 \u2013 Aragv\u0117s ir Kuros \u2013 santak\u0105.<\/p>\n<p>T\u0119siame ekskursij\u0105 \u012f Mcchet\u0105 \u2013 vien\u0105 seniausi\u0173 Gruzijos miest\u0173, kurio i&scaron;takos siejamos su legendinio gruzin\u0173 tautos prot\u0117vio vardu. Ekskursijos metu aplankysime XI a. Sveticchovelio katedr\u0105 \u2013 pastatyt\u0105 ant senovin\u0117s bazilikos pamat\u0173 ir iki &scaron;iol laikom\u0105 svarbiausiu Gruzijos dvasiniu centru.<\/p>\n<p>\u010cia taip pat apsilankysime vyno namuose, kur m\u016bs\u0173 lauks namini\u0173 gruzini&scaron;k\u0173 vyn\u0173 degustacija bei \u010dur\u010dchelos gamybos edukacija (pageidaujant u\u017e papildom\u0105 mokest\u012f, \u012feina \u012f degustacin\u012f paket\u0105 \u2013 40 \u20ac\/asm.).<\/p>\n<p>Toliau vyksime \u012f Upliscich\u0117s urvin\u012f miest\u0105 (papildomai apmokami \u012f\u0117jimo bilietai &#8211; 10 \u20ac\/asm.).<\/p>\n<p><strong>Day 5 <\/strong><\/p>\n<p>\u2022 Pusry\u010diai vie&scaron;butyje (perkant ekskursij\u0173 paket\u0105 pusry\u010diai \u012fskai\u010diuoti).<br \/> \u2022 I&scaron;siregistravimas i&scaron; vie&scaron;bu\u010dio.<br \/> \u2022 Vykstame link Bor\u017eomio.<br \/> \u2022 Pakeliui aplankysime Rabato tvirtov\u0119 (papildomai apmokami \u012f\u0117jimo bilietai ~ 10 \u20ac\/asm.).<br \/> \u2022 Mineralini\u0173 &scaron;altini\u0173 lankymas (papildomai apmokamas \u012f\u0117jimo bilietas ~1 \u20ac\/asm.).<br \/> \u2022 Sustosime pietums (pageidaujant u\u017e papildom\u0105 mokest\u012f, \u012feina \u012f degustacin\u012f paket\u0105 \u2013 40 \u20ac\/asm.).<br \/> \u2022 Vyktame \u012f Kutais\u012f.<br \/> \u2022 Ekskursija autobusu po Kutais\u012f.<br \/> \u2022 \u012esik\u016brimas vie&scaron;butyje.<br \/> - Recreation.<br \/> \u2022 Nakvyn\u0117 vie&scaron;butyje.<\/p>\n<p>Aplankysime senovin\u0119 Rabato tvirtov\u0119 (papildomai apmokami \u012f\u0117jimo bilietai &#8211; 10 \u20ac\/asm.). Rabato tvirtov\u0117 \u2013 i&scaron;skirtinis Piet\u0173 Gruzijos architekt\u016bros paminklas ir vienas ry&scaron;kiausi\u0173 &scaron;alies daugiakonfes\u0117s kult\u016bros simboli\u0173. \u010cia i&scaron;vysite viduram\u017ei\u0173 bok&scaron;tus, Ahmedo Pa&scaron;os me\u010det\u0119, krik&scaron;\u010dioni&scaron;k\u0105 &scaron;ventykl\u0105, turki&scaron;kas pirtis ir dar daugiau.<br \/> Tvirtov\u0117 i&scaron;kilusi vir&scaron; Pochovio up\u0117s sl\u0117nio, nuo jos atsiveria nuostab\u016bs vaizdai \u012f pagrindin\u012f regiono miest\u0105 \u2013 Achalcich\u0119.<\/p>\n<p>Bor\u017eomis \u2013 kurortinis miestas Gruzijoje, Samcch\u0117s-D\u017eavachetijos regiono &scaron;iaur\u0117s rytuose. Miestas gars\u0117ja savo \u201eBorjomi\u201c mineraliniu vandeniu, kuris u\u017eima pirm\u0105j\u0105 viet\u0105 Gruzijoje. Atvyk\u0119 i&scaron; karto gal\u0117site i&scaron;bandyti tikr\u0105j\u012f \u201eBorjomi\u201c &scaron;altinio vanden\u012f!<\/p>\n<p>Kutaisio istorija siekia &scaron;imtme\u010dius, miesto teritorijoje buvo aptiktos paleolito eros gyvenviet\u0117s. Paleolito era vaidina svarb\u0173 vaidmen\u012f Gruzijos istorijoje. Iki &scaron;iol Gruzijos teritorijoje buvo aptikta ir i&scaron;tirta daugiau nei 400 &scaron;ios eros paminkl\u0173. Gruzijoje yra 6 paleolito paminkl\u0173 paplitimo sritys. &Scaron;is miestas i&scaron;laiko savo, kaip svarbaus gruzin\u0173 kult\u016bros centro, reik&scaron;m\u0119.<\/p>\n<p><strong>Day 6 <\/strong><\/p>\n<p>\u2022 Pusry\u010diai vie&scaron;butyje (perkant ekskursij\u0173 paket\u0105 pusry\u010diai \u012fskai\u010diuoti).<br \/> \u2022 I&scaron;siregistravimas i&scaron; vie&scaron;bu\u010dio.<br \/> \u2022 Vykstame \u012f Batum\u012f.<br \/> \u2022 Pakeliui aplankysime Sataplios urv\u0173 park\u0105 \u2013 (papildomai apmokami \u012f\u0117jimo bilietai ~10 \u20ac\/asm.).<br \/> \u2022 Ap\u017evalgin\u0117 ekskursija po Batum\u012f.<br \/> \u2022 \u012esik\u016brimas vie&scaron;butyje.<br \/> - Recreation.<br \/> \u2022 Nakvyn\u0117 vie&scaron;butyje.<\/p>\n<p>Ryte vyksime \u012f gars\u0173j\u012f Sataplios urv\u0173 park\u0105 (papildomai apmokami \u012f\u0117jimo bilietai ~10 \u20ac\/asm.) \u2013 tai saugoma gamtos teritorija, gars\u0117janti \u012fsp\u016bdingais stalaktitais, stalagmitais ir po\u017eemine upe. 354 hektar\u0173 ploto rezervatas turtingas ret\u0173 augal\u0173 bei reliktini\u0173 \u0105\u017euol\u0173. Ta\u010diau did\u017eiausias &scaron;ios vietos pasidid\u017eiavimas \u2013 ma\u017edaug 120 milijon\u0173 met\u0173 senumo dinozaur\u0173 p\u0117dsak\u0173 fosilijos, vienintel\u0117s visame U\u017ekaukaz\u0117s regione.<\/p>\n<p>Batumi kurortas \u012fsik\u016br\u0119s &scaron;alies pietvakarin\u0117je dalyje, ant Juodosios j\u016bros kranto, Ad\u017earijos regione. Tai pagrindinis Gruzijos uostas ir pagrindinis turist\u0173 traukos centras, da\u017enai vadinamas antr\u0105j\u0105 Gruzijos sostine.<\/p>\n<p><strong>Day 7 <\/strong><\/p>\n<p>\u2022 Pusry\u010diai vie&scaron;butyje (perkant ekskursij\u0173 paket\u0105 pusry\u010diai \u012fskai\u010diuoti).<br \/> - Free day.<br \/> \u2022 Pageidaujantiems si\u016blome ekskursin\u0119 i&scaron;vyk\u0105 \u012f Ad\u017earij\u0105 (papildomas mokestis 45 \u20ac\/asm.).<br \/> \u2022 Pageidaujantys gal\u0117s apsilankyti Batumio botanikos sode (\u012f\u0117jimo bilieto kaina ~8 \u20ac\/asm.).<br \/> \u2022 Sugr\u012f\u017etame \u012f vie&scaron;but\u012f.<br \/> - Recreation.<br \/> \u2022 Nakvyn\u0117 vie&scaron;butyje.<\/p>\n<p>Ad\u017earija &#8211; vienas gra\u017eiausi\u0173 Gruzijos kampeli\u0173, esantis prie j\u016bros, &scaron;alies pietvakariniame kampe ir turintis sien\u0105 su Turkija.<\/p>\n<p>Trauksime link Machuntseti kriokli\u0173, taip pat aplankysime \u012fsp\u016bding\u0105 karalien\u0117s Tamaros arkin\u012f tilt\u0105.<\/p>\n<p>T\u0119siame ekskursin\u0119 i&scaron;vyk\u0105 ir vykstame \u012f seniausi\u0105 Gruzijos Gonio tvirtov\u0119 (\u012f\u0117jimo mokestis ~2 \u20ac\/asm.).<\/p>\n<p>Batumio botanikos sodas \u012fkurtas miesto pakra&scaron;tyje (&scaron;iaurin\u0117je pus\u0117je), \u017daliajame ky&scaron;ulyje, ant Juodosios j\u016bros kranto. Sodas buvo atidarytas 1912 m. (papildomai apmokami \u012f\u0117jimo bilietai ~8 \u20ac\/asm.).<\/p>\n<p><strong>Day 8 <\/strong><\/p>\n<p>\u2022 Pusry\u010diai vie&scaron;butyje (perkant ekskursij\u0173 paket\u0105 pusry\u010diai \u012fskai\u010diuoti).<br \/> \u2022 I&scaron;siregistravimas i&scaron; vie&scaron;bu\u010dio.<br \/> \u2022 Perve\u017eimas \u012f Tbilis\u012f.<br \/> \u2022 \u012esik\u016brimas vie&scaron;butyje.<br \/> - Free time.<br \/> - Recreation.<br \/> \u2022 Nakvyn\u0117 vie&scaron;butyje.<\/p>\n<p><strong>Day 9 <\/strong><\/p>\n<p>\u2022 Pusry\u010diai vie&scaron;butyje (perkant ekskursij\u0173 paket\u0105 pusry\u010diai \u012fskai\u010diuoti).<br \/> \u2022 I&scaron;siregistravimas i&scaron; vie&scaron;bu\u010dio.<br \/> \u2022 Perve\u017eimas \u012f Tbilisio oro uost\u0105.<br \/> - Check-in.<br \/> \u2022 Skrydis: Tbilisis \u2013 Ryga (~13:55-15:55).<br \/> - Arrival in Riga.<\/p>","protected":false},"excerpt":{"rendered":"<p>YRA GALIMYB\u0116 SKRISTI I&Scaron; VILNIAUS SU PRIEMOKA NUO 120 \u20ac (VIET\u0172 KIEKIS RIBOTAS)! (d\u0117l viet\u0173 ir tikslios kainos teirautis agent\u016broje) D\u0117mesio! Nuo 2024.06.0&#8230;<\/p>","protected":false},"featured_media":12798,"comment_status":"open","ping_status":"closed","template":"","meta":{"om_disable_all_campaigns":false,"_monsterinsights_skip_tracking":false,"_monsterinsights_sitenote_active":false,"_monsterinsights_sitenote_note":"","_monsterinsights_sitenote_category":0},"product_brand":[],"product_cat":[669,679],"product_tag":[],"class_list":{"0":"post-16586","1":"product","2":"type-product","3":"status-publish","4":"has-post-thumbnail","6":"atravel_country-sakartvelas-gruzija","7":"atravel_tour_type-avia","8":"atravel_currency-eurai","9":"atravel_departure_city-latvija","10":"product_cat-keliones","11":"product_cat-sakartvelas-gruzija","13":"first","14":"instock","15":"taxable","16":"shipping-taxable","17":"purchasable","18":"product-type-variable","19":"has-default-attributes"},"aioseo_notices":[],"_links":{"self":[{"href":"https:\/\/www.atravel.lt\/en\/wp-json\/wp\/v2\/product\/16586","targetHints":{"allow":["GET"]}}],"collection":[{"href":"https:\/\/www.atravel.lt\/en\/wp-json\/wp\/v2\/product"}],"about":[{"href":"https:\/\/www.atravel.lt\/en\/wp-json\/wp\/v2\/types\/product"}],"replies":[{"embeddable":true,"href":"https:\/\/www.atravel.lt\/en\/wp-json\/wp\/v2\/comments?post=16586"}],"wp:featuredmedia":[{"embeddable":true,"href":"https:\/\/www.atravel.lt\/en\/wp-json\/wp\/v2\/media\/12798"}],"wp:attachment":[{"href":"https:\/\/www.atravel.lt\/en\/wp-json\/wp\/v2\/media?parent=16586"}],"wp:term":[{"taxonomy":"product_brand","embeddable":true,"href":"https:\/\/www.atravel.lt\/en\/wp-json\/wp\/v2\/product_brand?post=16586"},{"taxonomy":"product_cat","embeddable":true,"href":"https:\/\/www.atravel.lt\/en\/wp-json\/wp\/v2\/product_cat?post=16586"},{"taxonomy":"product_tag","embeddable":true,"href":"https:\/\/www.atravel.lt\/en\/wp-json\/wp\/v2\/product_tag?post=16586"}],"curies":[{"name":"wp","href":"https:\/\/api.w.org\/{rel}","templated":true}]}}