{"id":16511,"date":"2026-04-25T22:24:39","date_gmt":"2026-04-25T20:24:39","guid":{"rendered":"https:\/\/www.atravel.lt\/produktas\/algarve-8-dienu-poilsis-portugalijoje-skrydis-is-rygos\/"},"modified":"2026-05-06T10:47:22","modified_gmt":"2026-05-06T08:47:22","slug":"algarve-8-dienu-poilsis-portugalijoje-skrydis-is-rygos","status":"publish","type":"product","link":"https:\/\/www.atravel.lt\/en\/product\/algarve-8-dienu-poilsis-portugalijoje-skrydis-is-rygos\/","title":{"rendered":"Algarv\u0117. 8 dien\u0173 poilsis Portugalijoje (skrydis i\u0161 Rygos)"},"content":{"rendered":"<h3 style=\"margin-top: 16px;margin-bottom: 16px;text-align: center\"><span style=\"font-size:16px\"><span style=\"line-height:115%\"><span><b><span style=\"line-height:115%\"><span><span style=\"color:red\">Yra galimyb\u0117 skristi i&scaron; Vilniaus su priemoka \u2013 nuo 150 \u20ac prie kelion\u0117s kainos<br \/> (d\u0117l viet\u0173 teirautis agent\u016broje, viet\u0173 kiekis ribotas!)<\/span><\/span><\/span><\/b><\/span><\/span><\/span><\/h3>\n<hr \/>\n<p><strong>1 day <\/strong><\/p>\n<p>- Arrival at Riga Airport.<br \/> \u2022 Skrydis: Ryga \u2013 Faras (~11:40-14:35).<br \/> \u2022 Atvykimas \u012f Far\u0105.<br \/> \u2022 Ekskursija po Far\u0105.<br \/> \u2022 Po ekskursijos vykstame \u012f 3* vie&scaron;but\u012f Algarv\u0117s regione.<br \/> \u2022 \u012esik\u016brimas vie&scaron;butyje.<br \/> - Recreation.<br \/> \u2022 Nakvyn\u0117 vie&scaron;butyje.<\/p>\n<p>Faras \u2013 Algarv\u0117s regiono sostin\u0117, kuri\u0105 \u012fk\u016br\u0117 finikie\u010diai Formosos up\u0117s salpoje, ir, kaip teigia mokslininkai, &scaron;ioje vietoje buvo legendinis Ossonobos miestas. Pamatysite garsi\u0105j\u0105 Carmo ba\u017eny\u010di\u0105 ir Kaul\u0173 koply\u010di\u0105 (\u012f\u0117jimo bilietas ~1 \u20ac\/asm.), Faro tvirtov\u0119 ir nepakartojamus up\u0117s kra&scaron;tovaizd\u017eius, gal\u0117site paragauti Algarv\u0117s saldumyn\u0173 i&scaron; fig\u0173, migdol\u0173 ir sald\u017ei\u0173j\u0173 pupeli\u0173 (alfarroba).<\/p>\n<p>Algarv\u0117 \u2013 pietin\u0117 Portugalijos pakrant\u0117, kurioje yra pie\u010diausias Europos ta&scaron;kas. Nuo Sagres ky&scaron;ulio iki Guadiani up\u0117s driekiasi nuostab\u016bs auksinio sm\u0117lio papl\u016bdimiai, \u012fr\u0117minti keist\u0173 uol\u0173. \u010cia gal\u0117site aplankyti arab\u0173 laikais pastatytas tvirtoves, pasim\u0117gauti puikia Atlanto virtuve ir suprasti, kas yra \u201enepakartojamas portugal\u0173 charakteris\u201c.<\/p>\n<p><strong>Day 2 <\/strong><\/p>\n<p>\u2022 Pusry\u010diai vie&scaron;butyje (perkant ekskursij\u0173 paket\u0105 pusry\u010diai \u012fskai\u010diuoti).<br \/> - Relax by the sea.<br \/> \u2022 Antroje dienos pus\u0117je vykstame \u012f &Scaron;v. Vincento ky&scaron;ul\u012f ir Lago&scaron;\u0105 miestel\u012f.<br \/> \u2022 Po ekskursijos si\u016blome pasiplaukiojim\u0105 laiveliu po grotas (Ponta de Piedade) (papildomas mokestis &#8211; 25 \u20ac\/asm.).<br \/> - Free time after the tour.<br \/> \u2022 Sugr\u012f\u017etame \u012f vie&scaron;but\u012f.<br \/> - Recreation.<br \/> \u2022 Nakvyn\u0117 vie&scaron;butyje.<\/p>\n<p>B\u016btent Lago&scaron;e, vadovaujant Henrikui J\u016brininkui, buvo \u012fkurta garsioji j\u016breivyst\u0117s mokykla, i&scaron; kurios \u012f tolimas keliones leisdavosi laivai, atv\u0117r\u0119 pasauliui naujus kra&scaron;tus. Ap\u017ei\u016br\u0117sime Lago&scaron;o tvirtov\u0119 ir fort\u0105, pasivaik&scaron;\u010diosime senamies\u010dio gatvel\u0117mis, prisodrintomis kepamos \u017euvies aromat\u0173. Pageidaujant bus galimyb\u0117 aplankyti Bandeiros fort\u0105 (\u012f\u0117jimo bilietas ~2 \u20ac\/asm.) bei Verg\u0173 turg\u0173 \u2013 li\u016bdn\u0105, ta\u010diau svarbi\u0105 miesto istorijos dal\u012f menant\u012f objekt\u0105.<\/p>\n<p>V\u0117liau vyksime \u012f vien\u0105 garsiausi\u0173 Algarv\u0117s viet\u0173, kuri\u0105 aplanko visi \u010dia atvykstantys keliautojai \u2013 Ponta da Piedade grot\u0173 kompleks\u0105. Per milijonus met\u0173 vandenyno bangos i&scaron;plov\u0117 \u012fsp\u016bdingas olas ir fantasti&scaron;kas formas i&scaron; auksaspalvio pakrant\u0117s smiltainio. Grotas galima ap\u017ei\u016br\u0117ti i&scaron; vandens, plaukiant laiveliais (pageidaujant). Pageidaujantiems si\u016blome pasiplaukiojim\u0105 laiveliais po Ponta da Piedade vandens grotus. Plaukimas vyks tik esant tinkamoms navigacijos s\u0105lygoms (papildomas mokestis \u2013 25 \u20ac\/asm.).<\/p>\n<p><strong>Day 3 <\/strong><\/p>\n<p>\u2022 Pusry\u010diai vie&scaron;butyje (perkant ekskursij\u0173 paket\u0105 pusry\u010diai \u012fskai\u010diuoti).<br \/> - Relax by the sea.<br \/> \u2022 Ekskursin\u0117 i&scaron;vyka \u012f Silve&scaron; miest\u0105.<br \/> \u2022 Sugr\u012f\u017etame \u012f vie&scaron;but\u012f.<br \/> - Relax by the sea.<br \/> \u2022 Nakvyn\u0117 vie&scaron;butyje.<\/p>\n<p>Silve&scaron; \u2013 Portugalijos istorinis miestas, kurio legendos ir istorija mena senuosius laikus. Buvusi pagrindin\u0117 rom\u0117n\u0173 gyvenviet\u0117 ir arab\u0173 Algarbo provincijos sostin\u0117. Mieste yra i&scaron;likusi i&scaron; raudono smiltainio pastatyta tvirtov\u0117. Siauros arabi&scaron;kos gatvel\u0117s leid\u017eiasi iki Arados up\u0117s ir sukuria neapsakom\u0105 pasin\u0117rimo \u012f istorij\u0105 jausm\u0105. \u010cia lengva pasiklysti ir \u012fsivaizduoti, kokie triuk&scaron;mingi buvo XII am\u017eiaus rytiniai turg\u016bs. Tur\u0117site galimyb\u0119 i&scaron;gerti skaniausi\u0173 apelsin\u0173 sul\u010di\u0173 Portugalijoje, nes Silve&scaron;as \u2013 Algarv\u0117s apelsin\u0173 sostin\u0117. Pageidaujantys tur\u0117s galimyb\u0119 apsilankyti Silve\u012f tvirtov\u0117je ~3 \u20ac\/asm.<\/p>\n<p><strong>Day 4 <\/strong><\/p>\n<p>\u2022 Pusry\u010diai vie&scaron;butyje (perkant ekskursij\u0173 paket\u0105 pusry\u010diai \u012fskai\u010diuoti).<br \/> - Free day.<br \/> \u2022 Pageidaujantiems si\u016blome ekskursin\u0119 i&scaron;vyk\u0105 po Lisabon\u0105 (papildomas mokestis \u2013 80 \u20ac\/asm.).<br \/> - Free time after the tour.<br \/> \u2022 Sugr\u012f\u017etame \u012f vie&scaron;but\u012f.<br \/> - Relax by the sea.<br \/> \u2022 Nakvyn\u0117 vie&scaron;butyje.<\/p>\n<p>Lisabona \u2013 vienas seniausi\u0173 Europos miest\u0173, pastatytas finikie\u010di\u0173. Miesto veidas per &scaron;imtme\u010dius labai pasikeit\u0117. Jame p\u0117dsakus paliko visos tragedijos, ka\u017ekada u\u017epl\u016bdusios Portugalij\u0105, o ypa\u010d 1755-\u0173j\u0173 met\u0173 \u017eem\u0117s dreb\u0117jimas. Tik nedidelis Belenio rajonas primena apie gra\u017eiausios Europos sostin\u0117s didyb\u0119. J\u016bs pamatysite Jeronimo vienuolyn\u0105 ir Belenio bok&scaron;t\u0105, kurie \u012ftraukti \u012f UNESCO paveldo s\u0105ra&scaron;\u0105. Tai pastatai i&scaron;siskiriantys savo architekt\u016briniu stiliumi \u2013 manuelino, kuris sutinkamas tik Portugalijoje. Vienuolyne palaidotas Vasko de Gama, poetas Kamoenas ir Avizos dinastijos karaliai. &Scaron;alia puikuojasi prezidento r\u016bmai, Imperijos aik&scaron;t\u0117 ir paminklas pirmiesiems atrad\u0117jams.<\/p>\n<p><strong>Day 5 <\/strong><\/p>\n<p>\u2022 Pusry\u010diai vie&scaron;butyje (perkant ekskursij\u0173 paket\u0105 pusry\u010diai \u012fskai\u010diuoti).<br \/> - Relax by the sea.<br \/> \u2022 Nakvyn\u0117 vie&scaron;butyje.<\/p>\n<p><strong>Day 6 <\/strong><\/p>\n<p>\u2022 Pusry\u010diai vie&scaron;butyje (perkant ekskursij\u0173 paket\u0105 pusry\u010diai \u012fskai\u010diuoti).<br \/> - Free day by the sea.<br \/> \u2022 Pageidaujantiems si\u016blome ekskursin\u0119 i&scaron;vyk\u0105 \u012f Sevilij\u0105 (papildomas mokestis &#8211; 65 \u20ac\/asm.).<br \/> \u2022 Sugr\u012f\u017etame \u012f vie&scaron;but\u012f.<br \/> - Recreation.<br \/> \u2022 Nakvyn\u0117 vie&scaron;butyje.<\/p>\n<p>Ekskursija po Andal\u016bzijos sostin\u0119 &#8211; Sevilij\u0105, \u012fsik\u016brusi\u0105 Gvadalkivyro up\u0117s pakrant\u0117je, \u017eada \u012ftraukiant\u012f pasivaik&scaron;\u010diojim\u0105 po miesto istorij\u0105 ir kult\u016br\u0105. Ekskursijos metu aplankysime kelet\u0105 1929 m. Iberoamerikieti&scaron;kos parodos paviljon\u0173, i&scaron;likusi\u0173 iki &scaron;i\u0173 dien\u0173. Pasivaik&scaron;\u010diosime vaizdingomis Sevilijos vietomis: Ispanijos aik&scaron;te, Marijos Luizos parku ir autenti&scaron;ku Santa Kruso \u017eyd\u0173 kvartalu.<\/p>\n<p>Taip pat pamatysime svarbiausias istorines \u012f\u017eymybes: Aukso bok&scaron;t\u0105 (Torre del Oro), seniausi\u0105 koridos aren\u0105, Ferdinando Magelano laiv\u0105 \u201eViktorija\u201c bei istorin\u0119 tabako manufakt\u016br\u0105. I&scaron;girsime \u012fdomi\u0173 pasakojim\u0173 apie legendin\u0119 \u010digon\u0119 Karmen, u\u017etrauksime serenad\u0105 prie Rozinos balkono ir pasigro\u017e\u0117sime garsiosios katedros varpin\u0117s Giralda vaizdu.<\/p>\n<p>&Scaron;i ekskursija taps \u012fkvepian\u010diu gidu po turting\u0105 ir spalving\u0105 Sevilijos kult\u016brin\u012f paveld\u0105.<\/p>\n<p><strong>Day 7 <\/strong><\/p>\n<p>\u2022 Pusry\u010diai vie&scaron;butyje (perkant ekskursij\u0173 paket\u0105 pusry\u010diai \u012fskai\u010diuoti).<br \/> - Relax by the sea.<br \/> \u2022 Nakvyn\u0117 vie&scaron;butyje.<\/p>\n<p><strong>Day 8 <\/strong><\/p>\n<p>\u2022 Pusry\u010diai vie&scaron;butyje (perkant ekskursij\u0173 paket\u0105 pusry\u010diai \u012fskai\u010diuoti).<br \/> \u2022 I&scaron;siregistravimas i&scaron; vie&scaron;bu\u010dio.<br \/> \u2022 Vykstame \u012f Faro oro uost\u0105.<br \/> - Check-in.<br \/> \u2022 Skrydis: Faras &#8211; Ryga.<br \/> - Arrival in Riga.<\/p>","protected":false},"excerpt":{"rendered":"<p>Yra galimyb\u0117 skristi i&scaron; Vilniaus su priemoka \u2013 nuo 150 \u20ac prie kelion\u0117s kainos (d\u0117l viet\u0173 teirautis agent\u016broje, viet\u0173 kiekis ribotas!) 1 diena \u2022 Atvykimas&#8230;<\/p>","protected":false},"featured_media":11820,"comment_status":"open","ping_status":"closed","template":"","meta":{"om_disable_all_campaigns":false,"_monsterinsights_skip_tracking":false,"_monsterinsights_sitenote_active":false,"_monsterinsights_sitenote_note":"","_monsterinsights_sitenote_category":0},"product_brand":[],"product_cat":[669,701],"product_tag":[],"class_list":{"0":"post-16511","1":"product","2":"type-product","3":"status-publish","4":"has-post-thumbnail","6":"atravel_country-portugalija","7":"atravel_tour_type-avia","8":"atravel_currency-eurai","9":"atravel_departure_city-latvija","10":"product_cat-keliones","11":"product_cat-portugalija","13":"first","14":"instock","15":"taxable","16":"shipping-taxable","17":"purchasable","18":"product-type-variable","19":"has-default-attributes"},"aioseo_notices":[],"_links":{"self":[{"href":"https:\/\/www.atravel.lt\/en\/wp-json\/wp\/v2\/product\/16511","targetHints":{"allow":["GET"]}}],"collection":[{"href":"https:\/\/www.atravel.lt\/en\/wp-json\/wp\/v2\/product"}],"about":[{"href":"https:\/\/www.atravel.lt\/en\/wp-json\/wp\/v2\/types\/product"}],"replies":[{"embeddable":true,"href":"https:\/\/www.atravel.lt\/en\/wp-json\/wp\/v2\/comments?post=16511"}],"wp:featuredmedia":[{"embeddable":true,"href":"https:\/\/www.atravel.lt\/en\/wp-json\/wp\/v2\/media\/11820"}],"wp:attachment":[{"href":"https:\/\/www.atravel.lt\/en\/wp-json\/wp\/v2\/media?parent=16511"}],"wp:term":[{"taxonomy":"product_brand","embeddable":true,"href":"https:\/\/www.atravel.lt\/en\/wp-json\/wp\/v2\/product_brand?post=16511"},{"taxonomy":"product_cat","embeddable":true,"href":"https:\/\/www.atravel.lt\/en\/wp-json\/wp\/v2\/product_cat?post=16511"},{"taxonomy":"product_tag","embeddable":true,"href":"https:\/\/www.atravel.lt\/en\/wp-json\/wp\/v2\/product_tag?post=16511"}],"curies":[{"name":"wp","href":"https:\/\/api.w.org\/{rel}","templated":true}]}}