{"id":16497,"date":"2026-04-25T22:24:38","date_gmt":"2026-04-25T20:24:38","guid":{"rendered":"https:\/\/www.atravel.lt\/produktas\/kaledine-praha-aplankant-dresdena\/"},"modified":"2026-05-06T10:47:21","modified_gmt":"2026-05-06T08:47:21","slug":"kaledine-praha-aplankant-dresdena","status":"publish","type":"product","link":"https:\/\/www.atravel.lt\/en\/product\/kaledine-praha-aplankant-dresdena\/","title":{"rendered":"Kal\u0117din\u0117 Praha (aplankant Dresden\u0105)"},"content":{"rendered":"<p style=\"text-align: center\"><span style=\"color:#c0392b\"><strong>*SVARBU! Perve\u017eimas autobusu\/mikroautobusu i&scaron; Vilniaus organizuojamas tik susirinkus daugiau nei 8 keliautojams, susirinkus ma\u017eesnei keliautoj\u0173 grupei Jums bus nupirkti tarpmiestinio autobuso bilietai ir iki pagrindinio autobuso (Kauno) vyksite tarpmiestiniu autobusu<\/strong><\/span><\/p>\n<hr \/>\n<p><strong>1 day <\/strong><\/p>\n<p>\u2022 Anksti ryte i&scaron;vykstame i&scaron; <span style=\"color:#c0392b\">Vilniaus*<\/span>, Kauno ir Panev\u0117\u017eio.<br \/> \u2022 Kelion\u0117 per Lietuvos ir Lenkijos teritorij\u0105.<br \/> \u2022 Atvykstame \u012f Var&scaron;uv\u0105. <br \/> \u2022 Ekskursija po Var&scaron;uvos senamiest\u012f.<br \/> \u2022 Piet\u016bs (papildomas mokestis).<br \/> \u2022 T\u0119siame kelion\u0119 per Lenkijos teritorij\u0105.<br \/> \u2022 \u012esik\u016brimas vie&scaron;butyje.<br \/> - Recreation.<br \/> \u2022 Nakvyn\u0117 vie&scaron;butyje. <\/p>\n<p>Ap\u017evalgin\u0117s ekskursijos po Var&scaron;uv\u0105 metu ap\u017ei\u016br\u0117sime Pilies aik&scaron;t\u0119 su \u017dygimanto III Vasos kolona. Pilies aik&scaron;t\u0117 yra viduram\u017ei\u0173 senamiestyje, gars\u0117jan\u010diame nuostabiais pastatais ir siauromis gatvel\u0117mis. Aik&scaron;t\u0117 tapo tradicine masini\u0173 rengini\u0173 ir did\u017ei\u0173j\u0173 koncert\u0173 vieta. Pagrindin\u0119 viet\u0105 Var&scaron;uvos pilies aik&scaron;t\u0117je u\u017eima Karali&scaron;koji pilis, kuri yra nacionalin\u0117s kult\u016bros paminklas, nuolatini\u0173 ir laikin\u0173 senov\u0117s meno parod\u0173 ekspozicij\u0173, taip pat oficiali\u0173 susitikim\u0173, koncert\u0173, simpozium\u0173 vieta. Toliau aplankysime turgaus aik&scaron;t\u0119, kur viskas paruo&scaron;ta turistams: menininkai si\u016blo savo paveikslus, koncertuoja gatv\u0117s muzikantai ir aktoriai, kursuoja senasis transportas. Turgaus aik&scaron;t\u0117je yra undin\u0117s skulpt\u016bra \u2013 tai pagrindinis miesto simbolis. Var&scaron;uva yra viena i&scaron; nedaugelio Europos sostini\u0173, kur vis dar i&scaron;saugotos miesto sienos. Dviguba miesto sien\u0173 eil\u0117 buvo pastatyta nuo XIV am\u017eiaus pirmosios pus\u0117s iki XVI am\u017eiaus vidurio. Juos sutvirtino bok&scaron;tai ir fortai. Seniausias i&scaron;lik\u0119s \u012ftvirtinim\u0173 elementas yra Barbakanas, kur\u012f sen\u0173j\u0173 miesto vart\u0173 vietoje pastat\u0117 Venecijos meistras Janbattista, nor\u0117damas apginti Naujuosius vartus. &Scaron;iaurin\u0117 Barbikano dalis yra i&scaron;likusi kaip rotu&scaron;\u0117s i&scaron;orin\u0117 siena. Ji yra sustiprinta keturiais puslankiu bok&scaron;tais. Po Antrojo pasaulinio karo niokojimo Barbakano ir dalis miesto sienos buvo atstatyti. Toliau pamatysime &Scaron;v. Jono katedros ba\u017eny\u010di\u0105 ir &Scaron;v. Onos ba\u017eny\u010di\u0105.<\/p>\n<p><strong>Day 2 <\/strong><\/p>\n<p>\u2022 Pusry\u010diai vie&scaron;butyje (perkant ekskursij\u0173 paket\u0105 pusry\u010diai \u012fskai\u010diuoti).<br \/> \u2022 I&scaron;siregistravimas i&scaron; vie&scaron;bu\u010dio.<br \/> \u2022 Ekskursin\u0117 i&scaron;vyka \u201eKarlovi Varai\u201c.<br \/> \u2022 Po ekskursijos vykstame \u012f Prah\u0105.<br \/> \u2022 \u012esik\u016brimas vie&scaron;butyje.<br \/> - Recreation.<br \/> \u2022 Nakvyn\u0117 vie&scaron;butyje. <\/p>\n<p>Karlovi Varai \u2013 kurortas, \u012fsik\u016br\u0119s vaizdingoje prie&scaron;kalni\u0173 vietov\u0117je, Tepalos up\u0117s sl\u0117nyje. Pasaulin\u0119 &scaron;lov\u0119 Karlovi Varai peln\u0117 d\u0117l gamtos, kuri &scaron;\u012f kra&scaron;t\u0105 apdovanojo gydomaisiais mineraliniais &scaron;altiniais. Prireik\u0117 &scaron;imtme\u010di\u0173, kol \u017emon\u0117s atrado gydom\u0105j\u0105 Karlovi Var\u0173 vandens gali\u0105. Kai tai \u012fvyko, &scaron;ioje vietoje i&scaron;augo miestas \u2013 Karlovi Varai, harmoningai \u012fsiliej\u0119s \u012f kaln\u0173 kra&scaron;tovaizd\u012f, apsupt\u0105 mi&scaron;king\u0173 &scaron;lait\u0173.<\/p>\n<p>&Scaron;iandien Karlovi Varai \u2013 ideali vieta k\u016bno ir sielos atgaivai. \u010cia vyrauja ramyb\u0117 ir harmonija. \u012e &scaron;\u012f miest\u0105 atvyksta \u017emon\u0117s, vertinantys gro\u017e\u012f ir sveikat\u0105, kuriems sveikas gyvenimo b\u016bdas yra s\u0117km\u0117s ir tobul\u0117jimo pagrindas. I&scaron; esm\u0117s Karlovi Varai \u2013 ne tik kurortas, bet ir miestas\u2013muziejus. Nors dauguma dabartini\u0173 pastat\u0173 pastatyti XIX a. pabaigoje, \u010dia i&scaron;lik\u0119 ir senesni\u0173 architekt\u016bros paminkl\u0173. Pavyzd\u017eiui, Karolio IV pilies bok&scaron;tas, &Scaron;vent\u0173j\u0173 Petro ir Povilo sta\u010diatiki\u0173 soboras bei &Scaron;v. Marijos Magdaliet\u0117s ba\u017eny\u010dia.<\/p>\n<p><strong>Day 3 <\/strong><\/p>\n<p>\u2022 Pusry\u010diai vie&scaron;butyje (perkant ekskursij\u0173 paket\u0105 pusry\u010diai \u012fskai\u010diuoti).<br \/> \u2022 Ekskursij\u0105 p\u0117s\u010diomis po Prahos senamiest\u012f.<br \/> \u2022 Pageidaujantiems si\u016blome pasiplaukiojim\u0105 Vltavos upe su vakariene ~30 \u20ac\/asm. (apmokama kelion\u0117s metu).<br \/> \u2022 Pageidaujantiems si\u016blome vakarin\u0119 ekskursij\u0105 &#8222;Prahos legendos&#8221; (papildomas mokestis -15 \u20ac\/asm.).<br \/> \u2022 Sugr\u012f\u017etame \u012f vie&scaron;but\u012f.<br \/> - Recreation.<br \/> \u2022 Nakvyn\u0117 vie&scaron;butyje. <\/p>\n<p>Ap\u017evalgin\u0117 p\u0117s\u010di\u0173j\u0173 ekskursija po Praha \u2013 miest\u0105 su nepaprasta istorija, nuo X a. i&scaron;laikius\u012f sostin\u0117s status\u0105 ir \u017eav\u0173 viduram\u017ei\u0173 veid\u0105. M\u016bs\u0173 pasivaik&scaron;\u010diojim\u0105 po sen\u0105j\u0105 Prah\u0105 prad\u0117sime nuo Prahos pilis \u2013 unikalaus architekt\u016bros paminklo, buvusios \u010cekijos valdov\u0173 rezidencijos. Aplankysime &Scaron;v. Vito katedra \u2013 svarbiausi\u0105 gotikin\u0117s architekt\u016bros paminkl\u0105 \u010cekijoje, kur vykdavo valdov\u0173 kar\u016bnacijos, taip pat i&scaron;vysime eleganti&scaron;k\u0105 &Scaron;v. Jurgio bazilika \u2013 dar vien\u0105 gotikos pavyzd\u012f Prahoje. Ekskursijos metu pasivaik&scaron;\u010diosime Karolio tiltas, kur norintieji gal\u0117s sugalvoti nor\u0105 prie vieno i&scaron; miesto glob\u0117j\u0173 \u2013 Jonas Nepomukas \u2013 skulpt\u016bros. Eidami vingiuotomis Prahos gatvel\u0117mis pasieksime Senamies\u010dio aik&scaron;t\u0117 Prahoje, kur senosios rotu&scaron;\u0117s pastate esantis Prahos astronominis laikrodis jau kelis &scaron;imtme\u010dius kas valand\u0105 skelbia laik\u0105 varp\u0173 d\u016b\u017eiais ir 12 apa&scaron;tal\u0173 procesija. Taip pat ap\u017ei\u016br\u0117sime &Scaron;v. Mikalojaus ba\u017eny\u010dia Prahoje, paminkl\u0105 Jan Hus bei Tyno Dievo Motinos ba\u017eny\u010dia, o v\u0117liau viduram\u017ei\u0173 gatvel\u0117mis pasieksime pagrindin\u0119 Naujojo miesto aik&scaron;t\u0119 \u2013 Vaclovo aik&scaron;t\u0117.<\/p>\n<p>Pageidaujantiems si\u016blome pasiplaukiojim\u0105 laivu Vltava upe su vakariene (u\u017e papildom\u0105 mokest\u012f). Pagrindin\u0117 Prahos \u012f\u017eymyb\u0117, be kurios neb\u016bt\u0173 &scaron;io miesto, yra b\u016btent Vltava. Vaik&scaron;tant jos krantin\u0117mis galima gro\u017e\u0117tis \u012fsp\u016bdinga architekt\u016bra \u2013 kiekvienas pastatas \u010dia palieka nei&scaron;dildom\u0105 \u012fsp\u016bd\u012f. Ta\u010diau tik pasiplaukiojimas laivu leid\u017eia visapusi&scaron;kai \u012fvertinti miesto gro\u017e\u012f.<\/p>\n<p><strong>Day 4 <\/strong><\/p>\n<p>\u2022 Pusry\u010diai vie&scaron;butyje (perkant ekskursij\u0173 paket\u0105 pusry\u010diai \u012fskai\u010diuoti).<br \/> \u2022 I&scaron;siregistravimas i&scaron; vie&scaron;bu\u010dio.<br \/> \u2022 Vykstame link Dresdeno.<br \/> \u2022 Ekskursija po Dresdeno miest\u0105 (\u012f\u0117jimo bilietai apmokami papildomai).<br \/> \u2022 Vykstame \u012f vie&scaron;but\u012f (Lenkijoje).<br \/> \u2022 \u012esik\u016brimas vie&scaron;butyje.<br \/> - Recreation.<br \/> \u2022 Nakvyn\u0117 vie&scaron;butyje. <\/p>\n<p>Dresdenas &#8211; Saksonijos sostin\u0117 ir vienas gra\u017eiausi\u0173 Vokietijos miest\u0173. Miestas, anks\u010diau vadintas \u201eFlorencija prie Elb\u0117s\u201c, visoje Europoje gars\u0117jo didinga architekt\u016bra ir meno vertyb\u0117mis.<\/p>\n<p><strong>Day 5 <\/strong><\/p>\n<p>\u2022 Pusry\u010diai vie&scaron;butyje (perkant ekskursij\u0173 paket\u0105 pusry\u010diai \u012fskai\u010diuoti).<br \/> \u2022 I&scaron;siregistravimas i&scaron; vie&scaron;bu\u010dio.<br \/> \u2022 T\u0119siame kelion\u0119 per Lenkijos teritorij\u0105.<br \/> \u2022 Nakt\u012f atvykstame \u012f namus. <\/p>","protected":false},"excerpt":{"rendered":"<p>*SVARBU! Perve\u017eimas autobusu\/mikroautobusu i&scaron; Vilniaus organizuojamas tik susirinkus daugiau nei 8 keliautojams, susirinkus ma\u017eesnei keliautoj\u0173 grupei Ju&#8230;<\/p>","protected":false},"featured_media":12794,"comment_status":"open","ping_status":"closed","template":"","meta":{"om_disable_all_campaigns":false,"_monsterinsights_skip_tracking":false,"_monsterinsights_sitenote_active":false,"_monsterinsights_sitenote_note":"","_monsterinsights_sitenote_category":0},"product_brand":[],"product_cat":[696,669],"product_tag":[],"class_list":{"0":"post-16497","1":"product","2":"type-product","3":"status-publish","4":"has-post-thumbnail","6":"atravel_country-cekijos-respublika","7":"atravel_country-vokietija","8":"atravel_tour_type-autobusas","9":"atravel_currency-eurai","10":"atravel_departure_city-latvija","11":"product_cat-cekijos-respublika","12":"product_cat-keliones","14":"first","15":"instock","16":"taxable","17":"shipping-taxable","18":"purchasable","19":"product-type-variable","20":"has-default-attributes"},"aioseo_notices":[],"_links":{"self":[{"href":"https:\/\/www.atravel.lt\/en\/wp-json\/wp\/v2\/product\/16497","targetHints":{"allow":["GET"]}}],"collection":[{"href":"https:\/\/www.atravel.lt\/en\/wp-json\/wp\/v2\/product"}],"about":[{"href":"https:\/\/www.atravel.lt\/en\/wp-json\/wp\/v2\/types\/product"}],"replies":[{"embeddable":true,"href":"https:\/\/www.atravel.lt\/en\/wp-json\/wp\/v2\/comments?post=16497"}],"wp:featuredmedia":[{"embeddable":true,"href":"https:\/\/www.atravel.lt\/en\/wp-json\/wp\/v2\/media\/12794"}],"wp:attachment":[{"href":"https:\/\/www.atravel.lt\/en\/wp-json\/wp\/v2\/media?parent=16497"}],"wp:term":[{"taxonomy":"product_brand","embeddable":true,"href":"https:\/\/www.atravel.lt\/en\/wp-json\/wp\/v2\/product_brand?post=16497"},{"taxonomy":"product_cat","embeddable":true,"href":"https:\/\/www.atravel.lt\/en\/wp-json\/wp\/v2\/product_cat?post=16497"},{"taxonomy":"product_tag","embeddable":true,"href":"https:\/\/www.atravel.lt\/en\/wp-json\/wp\/v2\/product_tag?post=16497"}],"curies":[{"name":"wp","href":"https:\/\/api.w.org\/{rel}","templated":true}]}}