{"id":12747,"date":"2026-03-21T15:44:58","date_gmt":"2026-03-21T13:44:58","guid":{"rendered":"https:\/\/www.atravel.lt\/produktas\/city-tour-3-d-ilgasis-savaitgalis-krokuvoje-skrydis-is-vilniaus\/"},"modified":"2026-03-21T15:44:58","modified_gmt":"2026-03-21T13:44:58","slug":"city-tour-3-d-ilgasis-savaitgalis-krokuvoje-skrydis-is-vilniaus","status":"publish","type":"product","link":"https:\/\/www.atravel.lt\/en\/product\/city-tour-3-d-ilgasis-savaitgalis-krokuvoje-skrydis-is-vilniaus\/","title":{"rendered":"City Tour: 3 d. Ilgasis savaitgalis Krokuvoje (skrydis i\u0161 Vilniaus)"},"content":{"rendered":"<h3 style=\"text-align: center\"><span style=\"color:#16a085\"><b>Garantuota nuo 2 asmen\u0173!<\/b><\/span><\/h3>\n<hr \/>\n<h3 style=\"text-align: center\"><span style=\"color:#e74c3c\"><b>SVARBU! EKSKURSIJ\u0172 IR PERVE\u017dIMO PAKETAS APMOKAMAS KELION\u0116S METU!<\/b><\/span><\/h3>\n<hr \/>\n<h3 style=\"text-align: center\"><b>PRIKLAUSOMAI NUO SKRYD\u017dI\u0172 LAIK\u0172 GALI KEISTIS PROGRAMOS EILI&Scaron;KUMAS!<\/b><\/h3>\n<hr \/>\n<h3 style=\"text-align: center\"><span style=\"color:#e74c3c\"><strong>Kelion\u0117 organizuojama individualiai, tod\u0117l d\u0117l l\u0117ktuvo biliet\u0173 ir vie&scaron;bu\u010dio kambari\u0173 pabrangimo, organizatorius gali atmesti rezervacij\u0105 arba pasi\u016blyti keliautojui priemok\u0105.<\/strong><\/span><\/h3>\n<hr \/>\n<p><strong>1 day<\/strong><\/p>\n<p>\u2022    Atvykimas \u012f Vilniaus oro uost\u0105.<br \/>\n\u2022    Registracija \u012f skryd\u012f.<br \/>\n\u2022    Skrydis: Vilnius \u2013 Krokuva (~09:25-09:50).<br \/>\n\u2022    Perve\u017eimas \u012f 3* vie&scaron;but\u012f, baga\u017e\u0105 galite palikti vie&scaron;bu\u010dio saugykloje) (perkant ekskursij\u0173 paket\u0105 perve\u017eimas \u012fskai\u010diuotas). <br \/>\n\u2022    Ekskursija p\u0117s\u010diomis po Krokuv\u0105 (\u012f\u0117jimo bilietai apmokami papildomai ~7 \u20ac\/asm.).<br \/>\n\u2022    \u012esik\u016brimas vie&scaron;butyje.<br \/>\n\u2022    Nakvyn\u0117 vie&scaron;butyje.    <\/p>\n<p>M\u016bs\u0173 kelion\u0117 prasid\u0117s Senamiestyje, kur kiekviena gatvel\u0117 saugo viduram\u017ei\u0173 karali\u0173, pirkli\u0173 ir meninink\u0173 atminim\u0105. Pasivaik&scaron;\u010diosime Karali&scaron;kuoju traktu, i&scaron;vysime Turgaus aik&scaron;t\u0119 \u2013 vien\u0105 did\u017eiausi\u0173 Europoje, &Scaron;v\u010d. Mergel\u0117s Marijos bazilik\u0105 su garsiuoju altoriumi bei Sukiennycas \u2013 miesto prekybin\u0117s praeities simbol\u012f.<\/p>\n<p>Pasivaik&scaron;\u010diojimo metu su\u017einosite, kaip Krokuva per am\u017eius i&scaron;liko Lenkijos kult\u016bros ir dvasiniu centru, nepaisant besikei\u010dian\u010di\u0173 epoch\u0173 ir valstybi\u0173 sien\u0173.<\/p>\n<p>Toliau kelias mus nuves \u012f Vavelio kalv\u0105 \u2013 viet\u0105, kur formavosi Lenkijos valstybingumas. \u010cia didingai st\u016bkso Karali&scaron;koji pilis ir \u012fsp\u016bdinga katedra, kuri daugel\u012f &scaron;imtme\u010di\u0173 buvo kar\u016bnacij\u0173 vieta ir i&scaron;kili\u0173 asmenybi\u0173 am\u017einojo poilsio vieta.<\/p>\n<p>Vavelio katedros viduje i&scaron;vysite karaliaus Jogailos, Stepono Batoro, Tado Kosciu&scaron;kos, Adomo Mickevi\u010diaus ir kit\u0173 i&scaron;kili\u0173 Lenkijos istorijos bei kult\u016bros veik\u0117j\u0173 kapus. Tai ne tik &scaron;ventov\u0117 \u2013 tai gyvas nacionalin\u0117s atminties muziejus.<\/p>\n<p>Nuo kalvos vir&scaron;\u016bn\u0117s atsiveria vaizdingi reginiai \u012f Vyslos up\u0119 ir sen\u0105sias miesto gatves \u2013 tai taps puikia m\u016bs\u0173 pasivaik&scaron;\u010diojimo kulminacija.<br \/>\n&Scaron;i ekskursija \u2013 puiki galimyb\u0117 pa\u017einti Krokuv\u0105, pajusti jos dvasi\u0105, didyb\u0119 ir nepakartojam\u0105 atmosfer\u0105, kurioje susilieja karali&scaron;koji praeitis ir &scaron;iuolaikinis miesto gyvenimas.<\/p>\n<p><strong>Day 2    <\/strong><\/p>\n<p>\u2022    Pusry\u010diai vie&scaron;butyje (perkant ekskursij\u0173 paket\u0105 pusry\u010diai \u012fskai\u010diuoti).<br \/>\n\u2022    Laisva diena.<br \/>\n\u2022    Nakvyn\u0117 vie&scaron;butyje.    <\/p>\n<p>Pageidaujant gal\u0117site savaranki&scaron;kai aplankyti gars\u0173j\u012f Veli\u010dkos drusk\u0173 kasykl\u0173 kompleks\u0105 \u2013 unikal\u0173 po\u017eemin\u012f pasaul\u012f, \u012ftraukt\u0105 \u012f UNESCO pasaulio paveldo s\u0105ra&scaron;\u0105. De&scaron;im\u010di\u0173 metr\u0173 gylyje slypi tikras miestas i&scaron; druskos: erdvios sal\u0117s, po\u017eeminiai e\u017eerai ir \u012fsp\u016bdinga &scaron;v. Kingos koply\u010dia, visi&scaron;kai i&scaron;kalta druskos uolienoje. Tai viena ne\u012fpras\u010diausi\u0173 viet\u0173 Lenkijoje, kur istorija ir \u017emogaus meistri&scaron;kumas sukuria i&scaron;ties nepamir&scaron;tam\u0105 patirt\u012f.<\/p>\n<p>Istorijos m\u0117g\u0117jams verta skirti laiko pasivaik&scaron;\u010diojimui po karali&scaron;k\u0105j\u0105 Vavelio kalv\u0105. \u010cia gal\u0117site neskub\u0117dami ap\u017ei\u016br\u0117ti pilies vidinius kiemus, pasigro\u017e\u0117ti Vyslos up\u0117s panorama ir dar kart\u0105 pajusti buvusios karali&scaron;kosios rezidencijos dvasi\u0105 \u2013 vietos, kurioje &scaron;imtme\u010diais buvo sprend\u017eiami visai Vidurio Europai svarb\u016bs klausimai.<\/p>\n<p>Taip pat rekomenduojame apsilankyti kunigaik&scaron;\u010di\u0173 \u010cartorisk\u0173 muziejuje \u2013 vienoje seniausi\u0173 muziejini\u0173 kolekcij\u0173 Europoje. Be visame pasaulyje garsaus Leonardo da Vin\u010dio &scaron;edevro \u201eDama su &scaron;ermuon\u0117liu\u201c, muziejus glaud\u017eiai susij\u0119s su Abiej\u0173 Taut\u0173 Respublikos ir jos rytini\u0173 \u017eemi\u0173 istorija. Ekspozicija atspindi laikotarp\u012f, kai Lenkijos ir Lietuvos istorija buvo neatsiejama, o \u010cartoriski\u0173 gimin\u0117s atstovai vaidino reik&scaron;ming\u0105 vaidmen\u012f Lietuvos Did\u017eiosios Kunigaik&scaron;tyst\u0117s politiniame ir kult\u016briniame gyvenime.<\/p>\n<p>Laisva diena suteiks galimyb\u0119 pasirinkti savo mar&scaron;rut\u0105 ir u\u017ebaigti pa\u017eint\u012f su Krokuva taip, kaip norisi b\u016btent jums \u2013 ramiai, \u012fkvepian\u010diai ir be skub\u0117jimo.<\/p>\n<p><strong>Day 3   <\/strong><\/p>\n<p>\u2022    Ankstyvas i&scaron;siregistravimas i&scaron; vie&scaron;bu\u010dio.<br \/>\n\u2022    Perve\u017eimas \u012f oro uost\u0105. <br \/>\n\u2022    Registracija \u012f skryd\u012f.<br \/>\n\u2022    Skrydis: Krokuva \u2013 Vilnius (~06:30-08:50).<br \/>\n\u2022    Atvykimas \u012f Vilni\u0173.    <\/p>","protected":false},"excerpt":{"rendered":"<p>Garantuota nuo 2 asmen\u0173! SVARBU! EKSKURSIJ\u0172 IR PERVE\u017dIMO PAKETAS APMOKAMAS KELION\u0116S METU! PRIKLAUSOMAI NUO SKRYD\u017dI\u0172 LAIK\u0172 GALI KEISTIS PROGRAMOS EILI&Scaron;KUM&#8230;<\/p>","protected":false},"featured_media":12023,"comment_status":"open","ping_status":"closed","template":"","meta":{"om_disable_all_campaigns":false,"_monsterinsights_skip_tracking":false,"_monsterinsights_sitenote_active":false,"_monsterinsights_sitenote_note":"","_monsterinsights_sitenote_category":0},"product_brand":[],"product_cat":[669],"product_tag":[],"class_list":{"0":"post-12747","1":"product","2":"type-product","3":"status-publish","4":"has-post-thumbnail","6":"product_cat-keliones","8":"first","9":"instock","10":"virtual","11":"taxable","12":"purchasable","13":"product-type-simple"},"aioseo_notices":[],"_links":{"self":[{"href":"https:\/\/www.atravel.lt\/en\/wp-json\/wp\/v2\/product\/12747","targetHints":{"allow":["GET"]}}],"collection":[{"href":"https:\/\/www.atravel.lt\/en\/wp-json\/wp\/v2\/product"}],"about":[{"href":"https:\/\/www.atravel.lt\/en\/wp-json\/wp\/v2\/types\/product"}],"replies":[{"embeddable":true,"href":"https:\/\/www.atravel.lt\/en\/wp-json\/wp\/v2\/comments?post=12747"}],"wp:featuredmedia":[{"embeddable":true,"href":"https:\/\/www.atravel.lt\/en\/wp-json\/wp\/v2\/media\/12023"}],"wp:attachment":[{"href":"https:\/\/www.atravel.lt\/en\/wp-json\/wp\/v2\/media?parent=12747"}],"wp:term":[{"taxonomy":"product_brand","embeddable":true,"href":"https:\/\/www.atravel.lt\/en\/wp-json\/wp\/v2\/product_brand?post=12747"},{"taxonomy":"product_cat","embeddable":true,"href":"https:\/\/www.atravel.lt\/en\/wp-json\/wp\/v2\/product_cat?post=12747"},{"taxonomy":"product_tag","embeddable":true,"href":"https:\/\/www.atravel.lt\/en\/wp-json\/wp\/v2\/product_tag?post=12747"}],"curies":[{"name":"wp","href":"https:\/\/api.w.org\/{rel}","templated":true}]}}