{"id":12746,"date":"2026-03-21T15:44:58","date_gmt":"2026-03-21T13:44:58","guid":{"rendered":"https:\/\/www.atravel.lt\/produktas\/city-tour-milanas-skrydis-is-vilniaus\/"},"modified":"2026-03-21T15:44:58","modified_gmt":"2026-03-21T13:44:58","slug":"city-tour-milanas-skrydis-is-vilniaus","status":"publish","type":"product","link":"https:\/\/www.atravel.lt\/en\/product\/city-tour-milanas-skrydis-is-vilniaus\/","title":{"rendered":"CITY TOUR: Milanas (skrydis i\u0161 Vilniaus)"},"content":{"rendered":"<h2 style=\"text-align: center\"><span style=\"color:#16a085\"><b>Garantuota nuo 2 asmen\u0173!<\/b><\/span><\/h2>\n<hr \/>\n<h3 style=\"text-align: center\"><b>SVARBU! EKSKURSIJ\u0172 IR PERVE\u017dIMO PAKETAS APMOKAMAS KELION\u0116S METU!<\/b><\/h3>\n<hr \/>\n<h3 style=\"text-align: center\"><span style=\"color:#e74c3c\"><strong>Kelion\u0117 organizuojama individualiai, tod\u0117l d\u0117l l\u0117ktuvo biliet\u0173 ir vie&scaron;bu\u010dio kambari\u0173 pabrangimo, organizatorius gali atmesti rezervacij\u0105 arba pasi\u016blyti keliautojui priemok\u0105.<\/strong><\/span><\/h3>\n<hr \/>\n<p><strong>1 day    <\/strong><\/p>\n<p>\u2022    Atvykimas \u012f Vilniaus oro uost\u0105. <br \/>\n\u2022    Registracija \u012f skryd\u012f.<br \/>\n\u2022    Skrydis: Vilnius \u2013 Milanas (Bergamo).<br \/>\n\u2022    Atvykimas \u012f Bergamo.<br \/>\n\u2022    Ekskursija po Bergamo.<br \/>\n\u2022    Perve\u017eimas \u012f 3* vie&scaron;but\u012f (\u012fskai\u010diuotas \u012f ekskursij\u0173 paket\u0105).<br \/>\n\u2022    \u012esik\u016brimas vie&scaron;butyje.<br \/>\n\u2022    Laisvas laikas.<br \/>\n\u2022    Nakvyn\u0117 vie&scaron;butyje. <\/p>\n<p>Bergamas \u2013 unikalus miestas, turintis itin turting\u0105 istorij\u0105, kurios i&scaron;takos siekia gili\u0105 senov\u0119. \u010cia gim\u0117 daug \u017eymi\u0173 kompozitori\u0173, architekt\u0173, karved\u017ei\u0173 ir dailinink\u0173. Mieste galima m\u0117gautis tiek Italijos Alpi\u0173, tiek Po lygumos vaizdais. Tai miestas, turintis rom\u0117ni&scaron;kas ir kelt\u0173 &scaron;aknis, tod\u0117l \u010dia i&scaron;lik\u0119 per pastaruosius 2500 met\u0173 sukurti istorijos paminklai. Pastaruosius 600 met\u0173 s\u0117kmingi &scaron;ilko gamintojai ir pirkliai rinkosi &scaron;\u012f miest\u0105 kaip nuolatin\u0119 gyvenam\u0105j\u0105 viet\u0105, tod\u0117l Bergame pastatyta daugyb\u0117 prabangi\u0173 r\u016bm\u0173, katedr\u0173 ir miesto aik&scaron;\u010di\u0173.<\/p>\n<p>Ap\u017ei\u016br\u0117sime \u017eemutin\u012f miest\u0105 bei ba\u017eny\u010di\u0105 su Lorenzo Lotto paveikslais.<\/p>\n<p><strong>Day 2    <\/strong><\/p>\n<p>\u2022    Pusry\u010diai vie&scaron;butyje (perkant ekskursij\u0173 paket\u0105 pusry\u010diai \u012fskai\u010diuoti).<br \/>\n\u2022    I&scaron;siregistravimas i&scaron; vie&scaron;bu\u010dio.<br \/>\n\u2022    Vykstame \u012f Milan\u0105.<br \/>\n\u2022    Perve\u017eimas \u012f 3* vie&scaron;but\u012f (\u012fskai\u010diuotas \u012f ekskursij\u0173 paket\u0105).<br \/>\n\u2022    Ekskursija po Milan\u0105 (papildomai apmokamas \u012fva\u017eiavimo mokestis ~5 \u20ac\/asm.).<br \/>\n\u2022    Laisvas laikas.<br \/>\n\u2022    Sugr\u012f\u017etame \u012f vie&scaron;but\u012f.<br \/>\n\u2022    Nakvyn\u0117 vie&scaron;butyje.    <\/p>\n<p>Milanas nustebins tuos, kurie i&scaron; jo tikisi vien moderni\u0173 pastat\u0173 ir auk&scaron;t\u0173j\u0173 technologij\u0173 architekt\u016bros, \u012fsp\u016bdingais istoriniais paminklais. Milan Cathedral, kuriame saugoma viena svarbiausi\u0173 krik&scaron;\u010dioni&scaron;kojo pasaulio relikvij\u0173 \u2013 viena i&scaron; Vie&scaron;paties Kry\u017eiaus vini\u0173, bei garsusis Teatro alla Scala \u2013 visa tai miestas kruop&scaron;\u010diai i&scaron;saugojo savo sve\u010diams.<\/p>\n<p>Be turtingo istorinio paveldo, Milane \u012fsik\u016br\u0119s vienas svarbiausi\u0173 Europos ekonomini\u0173 centr\u0173. Miestas buvo Expo 2015 vieta, taip pat \u010dia kasmet vyksta auk&scaron;tosios mados sezonai, pritraukiantys dizainerius ir mados gerb\u0117jus i&scaron; viso pasaulio. Ekskursijos metu aplankysime slaptas aik&scaron;t\u0117s vietas, susijusias su Ernest Hemingway, Giuseppe Verdi, taip pat i&scaron;vysime \u201eba\u017eny\u010di\u0105 ant kaul\u0173\u201c.<\/p>\n<p>Milanas \u2013 tai miestas, kuriame galima atrasti visus Italijos turtus: istorij\u0105, men\u0105, puiki\u0105 virtuv\u0119 ir madingas parduotuves.<\/p>\n<p><strong>Day 3   <\/strong><\/p>\n<p>\u2022    Pusry\u010diai vie&scaron;butyje (perkant ekskursij\u0173 paket\u0105 pusry\u010diai \u012fskai\u010diuoti).<br \/>\n\u2022    Laisva diena.<br \/>\n\u2022    Pageidaujantiems si\u016blome ekskursin\u0119 i&scaron;vyk\u0105 vie&scaron;uoju transportu prie Komo e\u017eero (papildomas mokestis 70 \u20ac\/asm. + kelto ir \u012f\u0117jimo bilietai ~20 \u20ac).<br \/>\n\u2022    Sugr\u012f\u017etame \u012f vie&scaron;but\u012f.<br \/>\n\u2022    Poilsis.<br \/>\n\u2022    Nakvyn\u0117 vie&scaron;butyje.    <\/p>\n<p>Pamatyti &scaron;\u012f e\u017eer\u0105 \u2013 tai i&scaron;vysti viet\u0105, kurioje poils\u012f renkasi garsiausi ir s\u0117kmingiausi pasaulio \u017emon\u0117s: Madonna, Michael Schumacher, George Clooney, Valentino Garavani \u2013 tai tik trumpas \u017evaig\u017ed\u017ei\u0173, m\u0117gstan\u010di\u0173 \u010dia ils\u0117tis, s\u0105ra&scaron;as. Dar rom\u0117n\u0173 laikais \u010dia stov\u0117jo patricij\u0173 vilos \u2013 juos viliojo nepaprastas gamtos gro\u017eis ir &scaron;velnus klimatas.<\/p>\n<p>Laikui b\u0117gant ma\u017eos gyvenviet\u0117s virto jaukiais, \u017eavingais miesteliais, gars\u0117jan\u010diais prabangiomis vilomis, pasaki&scaron;kais sodais ir savitomis \u017evejybos tradicijomis.<\/p>\n<p>Pasivaik&scaron;\u010diosime gra\u017eiausi\u0173 e\u017eero miesteli\u0173 pakrant\u0117mis, aplankysime &scaron;ventoves, gars\u0117jan\u010dias turtingu paveldu \u2013 ikonomis, skulpt\u016bromis ir mozaikomis. Tur\u0117sime laisvo laiko susipa\u017einti su vietos gastronomijos ypatumais bei, esant palankioms oro s\u0105lygoms, leistis \u012f pasiplaukiojim\u0105 vandeniu iki \u017eymiausi\u0173 e\u017eero miest\u0173 \u2013 Bellagio ir Varenna.<\/p>\n<p>Belad\u017eas \u012fsik\u016br\u0119s ant ky&scaron;ulio, dalijan\u010dio Komo e\u017eer\u0105 \u012f dvi dalis, ir gali pasigirti \u012fsp\u016bdinga pakrante bei Alpi\u0173 vaizdais. Siauros gr\u012fstos gatvel\u0117s su daugybe butik\u0173, itali&scaron;kos vilos ir kvapn\u016bs sodai sukuria ypating\u0105 atmosfer\u0105. Miestelis \u012fsik\u016br\u0119s tarp dviej\u0173 e\u017eero \u012flank\u0173, tod\u0117l d\u0117l didelio vandens telkinio artumo \u010dia vyrauja &scaron;velnus klimatas, primenantis Lig\u016brijos pakrant\u0119. Belad\u017eas tapo vienu pirm\u0173j\u0173 &Scaron;iaur\u0117s Italijos kurort\u0173 dar Senov\u0117s Romos laikais.<\/p>\n<p>B\u016btent \u010dia pastatytos gra\u017eiausios Komo e\u017eero vilos. Tarp j\u0173 i&scaron;siskiria istorin\u0117 vasaros rezidencija \u2013 Villa Melzi, priklausiusi hercogui Francesco Melzi d&#039;Eril, artimam Napoleon Bonaparte bendra\u017eygiui. Pats imperatorius \u010dia da\u017enai lankydavosi; vil\u0105 taip pat aplank\u0117 Stendhal ir Franz Liszt. Kompozitori\u0173 ypa\u010d \u012fkv\u0117p\u0117 sodo skulpt\u016bros \u2013 j\u0173 \u012fsp\u016bd\u017eio paveiktas jis suk\u016br\u0117 sonat\u0105 \u201ePo Dant\u0117s skaitymo\u201c.<\/p>\n<p>Kadaise Varenna buvo tik nedidel\u0117 \u017evej\u0173 gyvenviet\u0117. &Scaron;iandien tai prabangus, nors ir nedidelis (net Italijos mastais) miestelis, i&scaron;sid\u0117st\u0119s Alpi\u0173 at&scaron;ak\u0173 &scaron;laituose, tarsi sargybinis prie pat e\u017eero sankirtos. Kaskadomis besileid\u017eian\u010dios gatvel\u0117s ir puik\u016bs sodai atkartoja kalno reljef\u0105, lyg sustingusi lava, nusileid\u017eianti \u012f Komo e\u017eer\u0105.<\/p>\n<p><strong>Day 4    <\/strong><\/p>\n<p>\u2022    Pusry\u010diai vie&scaron;butyje\/sausas davinys (perkant ekskursij\u0173 paket\u0105 pusry\u010diai \u012fskai\u010diuoti) \u2013 PUSRY\u010cI\u0172 SUTEIKIMAS PRIKLAUSO NUO SKRYD\u017dIO LAIKO!<br \/>\n\u2022    Ankstyvas i&scaron;siregistravimas i&scaron; vie&scaron;bu\u010dio.<br \/>\n\u2022    Perve\u017eimas \u012f oro uost\u0105. <br \/>\n\u2022    Registracija \u012f skryd\u012f.<br \/>\n\u2022    Skrydis: Milanas \u2013 Vilnius.<br \/>\n\u2022    Atvykimas \u012f Vilni\u0173.    <\/p>","protected":false},"excerpt":{"rendered":"<p>Garantuota nuo 2 asmen\u0173! SVARBU! EKSKURSIJ\u0172 IR PERVE\u017dIMO PAKETAS APMOKAMAS KELION\u0116S METU! Kelion\u0117 organizuojama individualiai, tod\u0117l d\u0117l l\u0117ktuvo biliet\u0173 ir vie&#038;&#8230;<\/p>","protected":false},"featured_media":12021,"comment_status":"open","ping_status":"closed","template":"","meta":{"om_disable_all_campaigns":false,"_monsterinsights_skip_tracking":false,"_monsterinsights_sitenote_active":false,"_monsterinsights_sitenote_note":"","_monsterinsights_sitenote_category":0},"product_brand":[],"product_cat":[669],"product_tag":[],"class_list":{"0":"post-12746","1":"product","2":"type-product","3":"status-publish","4":"has-post-thumbnail","6":"product_cat-keliones","8":"first","9":"instock","10":"virtual","11":"taxable","12":"purchasable","13":"product-type-simple"},"aioseo_notices":[],"_links":{"self":[{"href":"https:\/\/www.atravel.lt\/en\/wp-json\/wp\/v2\/product\/12746","targetHints":{"allow":["GET"]}}],"collection":[{"href":"https:\/\/www.atravel.lt\/en\/wp-json\/wp\/v2\/product"}],"about":[{"href":"https:\/\/www.atravel.lt\/en\/wp-json\/wp\/v2\/types\/product"}],"replies":[{"embeddable":true,"href":"https:\/\/www.atravel.lt\/en\/wp-json\/wp\/v2\/comments?post=12746"}],"wp:featuredmedia":[{"embeddable":true,"href":"https:\/\/www.atravel.lt\/en\/wp-json\/wp\/v2\/media\/12021"}],"wp:attachment":[{"href":"https:\/\/www.atravel.lt\/en\/wp-json\/wp\/v2\/media?parent=12746"}],"wp:term":[{"taxonomy":"product_brand","embeddable":true,"href":"https:\/\/www.atravel.lt\/en\/wp-json\/wp\/v2\/product_brand?post=12746"},{"taxonomy":"product_cat","embeddable":true,"href":"https:\/\/www.atravel.lt\/en\/wp-json\/wp\/v2\/product_cat?post=12746"},{"taxonomy":"product_tag","embeddable":true,"href":"https:\/\/www.atravel.lt\/en\/wp-json\/wp\/v2\/product_tag?post=12746"}],"curies":[{"name":"wp","href":"https:\/\/api.w.org\/{rel}","templated":true}]}}