{"id":12745,"date":"2026-03-21T15:44:58","date_gmt":"2026-03-21T13:44:58","guid":{"rendered":"https:\/\/www.atravel.lt\/produktas\/naujametine-kelione-i-maroka-skrydis-is-vilniaus\/"},"modified":"2026-03-21T15:44:58","modified_gmt":"2026-03-21T13:44:58","slug":"naujametine-kelione-i-maroka-skrydis-is-vilniaus","status":"publish","type":"product","link":"https:\/\/www.atravel.lt\/en\/product\/naujametine-kelione-i-maroka-skrydis-is-vilniaus\/","title":{"rendered":"Naujametin\u0117 kelion\u0117 \u012f Marok\u0105 (skrydis i\u0161 Vilniaus)"},"content":{"rendered":"<p><strong>1 day    <\/strong><\/p>\n<p>\u2022    Atvykimas \u012f Vilniaus oro uost\u0105.<br \/>\n\u2022    Skrydis: Vilnius \u2013 Var&scaron;uva (~06:20-06:25).<br \/>\n\u2022    Atvykimas \u012f Var&scaron;uv\u0105.<br \/>\n\u2022    Skrydis: Var&scaron;uva &#8211; Marake&scaron;as (~09:10-13:55).<br \/>\n\u2022    Atvykimas \u012f Marok\u0105.<br \/>\n\u2022    Ekskursija po Marake&scaron;\u0105.<br \/>\n\u2022    Vykstame \u012f vie&scaron;but\u012f.<br \/>\n\u2022    \u012esik\u016brimas vie&scaron;butyje.<br \/>\n\u2022    Laisvas laikas.<br \/>\n\u2022    Nakvyn\u0117 vie&scaron;butyje.    <\/p>\n<p>Marake&scaron;as &#8211; vienas gra\u017eiausi\u0173 pasaulio miest\u0173. Marake&scaron;as buvo vienu i&scaron; karalyst\u0117s sostini\u0173, valdant trims Maroko sulton\u0173 dinastijoms, b\u016btent \u010dia sutelkta daugyb\u0117 muziej\u0173 ir architekt\u016bros paminkl\u0173, kuris kiekvienas &#8211; meno &scaron;edevras.<\/p>\n<p>Ap\u017evalgin\u0117s ekskursijos metu i&scaron;vysite pagrindinius miesto lankytinus objektus ir architekt\u016bros paminklus, tokius kaip: La Koutoubia me\u010det\u0117, Bahia r\u016bmai (\u012f\u0117jimo bilietas ~10 \u20ac\/asm.), did\u017eiausia Ben Youssef medres\u0117 (mokykla) Maroke (\u012f\u0117jimo bilietas ~6 \u20ac) ir daugyb\u0117 kit\u0173 istorini\u0173 paminkl\u0173. Aplankysime garsi\u0105j\u0105 Jamaa el Fna aik&scaron;t\u0119, tai tikras teatras po atviru dangumi. Ko \u010dia tik nepamatysi &#8211; jogai, gyva\u010di\u0173 ker\u0117tojai, burtininkai, vaisi\u0173 ir egzoti&scaron;k\u0173 prieskoni\u0173 prekeiviai.<\/p>\n<p><strong>Day 2    <\/strong><\/p>\n<p>\u2022    Pusry\u010diai vie&scaron;butyje (perkant ekskursij\u0173 paket\u0105 pusry\u010diai \u012fskai\u010diuoti).<br \/>\n\u2022    Laisva diena.<br \/>\n\u2022    Pageidaujantiems si\u016blome ekskursij\u0105 \u012f Essaouir\u0105 (papildomas mokestis \u2013 65 \u20ac\/asm.).<br \/>\n\u2022    Sugr\u012f\u017etame \u012f vie&scaron;but\u012f.<br \/>\n\u2022    Pasiruo&scaron;imas Nauj\u0173j\u0173 met\u0173 sutikimui.<br \/>\n\u2022    Pageidaujantiems si\u016blome naujametin\u0119 vakarien\u0119 (papildomas mokestis).<br \/>\n\u2022    Poilsis.<br \/>\n\u2022    Nakvyn\u0117 vie&scaron;butyje.    <\/p>\n<p>Essaouira \u2013 \u017eavus paj\u016brio miestelis Atlanto vandenyno pakrant\u0117je, \u012fsik\u016br\u0119s ma\u017edaug u\u017e 2,5 valandos kelio nuo Marake&scaron;o. Miestas gars\u0117ja jaukia prieplauka, vaizdingomis baltai m\u0117lynomis gatvel\u0117mis bei istorine medina, \u012ftraukta \u012f UNESCO pasaulio paveldo s\u0105ra&scaron;\u0105. Essaouira traukia keliautojus savo ypatinga atmosfera, meninink\u0173 dirbtuv\u0117mis, galerijomis ir turtingomis amatinink\u0173 tradicijomis.<\/p>\n<p>Ne ma\u017eiau miestas \u017einomas ir savo kulinarija. \u010cia galima paskanauti &scaron;vie\u017ei\u0173 j\u016bros g\u0117rybi\u0173 bei autenti&scaron;k\u0173 marokieti&scaron;k\u0173 patiekal\u0173 jaukiuose pakrant\u0117s restoranuose.<\/p>\n<p><strong>Day 3    <\/strong><\/p>\n<p>\u2022    Pusry\u010diai vie&scaron;butyje (perkant ekskursij\u0173 paket\u0105 pusry\u010diai \u012fskai\u010diuoti).<br \/>\n\u2022    Sugr\u012f\u017etame \u012f vie&scaron;but\u012f.<br \/>\n\u2022    Poilsis.<br \/>\n\u2022    Nakvyn\u0117 vie&scaron;butyje.    <\/p>\n<p><strong>Day 4    <\/strong><\/p>\n<p>\u2022    Pusry\u010diai vie&scaron;butyje (perkant ekskursij\u0173 paket\u0105 pusry\u010diai \u012fskai\u010diuoti).<br \/>\n\u2022    I&scaron;siregistravimas i&scaron; vie&scaron;bu\u010dio.<br \/>\n\u2022    Laisvas laikas.<br \/>\n\u2022    Antroje dienos pus\u0117je vykstame \u012f Kasablank\u0105.<br \/>\n\u2022    \u012esik\u016brimas vie&scaron;butyje.<br \/>\n\u2022    Poilsis.<br \/>\n\u2022    Nakvyn\u0117 vie&scaron;butyje.    <\/p>\n<p><strong>Day 5    <\/strong><\/p>\n<p>\u2022    Pusry\u010diai vie&scaron;butyje (perkant ekskursij\u0173 paket\u0105 pusry\u010diai \u012fskai\u010diuoti).<br \/>\n\u2022    I&scaron;siregistravimas i&scaron; vie&scaron;bu\u010dio.<br \/>\n\u2022    Ekskursin\u0117 i&scaron;vyka \u201eKasablanka &#8211; Rabatas &#8211; Meknesas\u201c.<br \/>\n\u2022    Po ekskursin\u0117s i&scaron;vykos vyksime \u012f Fes\u0105.<br \/>\n\u2022    \u012esik\u016brimas vie&scaron;butyje.<br \/>\n\u2022    Poilsis.<br \/>\n\u2022    Nakvyn\u0117 vie&scaron;butyje.    <\/p>\n<p>Viena ry&scaron;kiausi\u0173 Kasablankos \u012f\u017eymybi\u0173 \u2013 did\u017eiausia Maroko &scaron;ventov\u0117, Hasano II me\u010det\u0117. Tai \u012fsp\u016bdingas pranc\u016bz\u0173 architekto Michelo Pinseau sumanymas, \u012fgyvendintas pasitelkus pa\u017eangiausias XX a. pabaigos technologijas. Me\u010det\u0117 stebina savo i&scaron;skleid\u017eiamu stogu, galin\u010diu paversti mald\u0173 sal\u0119 atvira terasa. \u010cia taip pat st\u016bkso auk&scaron;\u010diausias pasaulyje minaretas, siekiantis beveik 200 metr\u0173. Pastatas i&scaron;puo&scaron;tas visomis tradicin\u0117mis marokie\u010di\u0173 meistr\u0173 technikomis: subtilia mozaika, rai\u017einiais, lipdiniais bei tapyba. Viduje \u012fsik\u016brusi medresa, biblioteka ir nacionalinis muziejus (\u012f\u0117jimo bilietai apmokami papildomai ~15 \u20ac\/asm.).<\/p>\n<p>&Scaron;iuolaikin\u0117s Kasablankos veid\u0105 bene geriausiai atspindi gyvybingasis Maarifo rajonas. Tai vienas i&scaron; labiausiai atpa\u017e\u012fstam\u0173 miesto kvartal\u0173, kur turistus traukia prabangios parduotuv\u0117s, madingos kavin\u0117s ir restoranai, o vir&scaron; j\u0173 i&scaron;did\u017eiai kyla dvyniai \u201eTwin Center\u201c bok&scaron;tai.<\/p>\n<p>Kelion\u0119 t\u0119sime \u012f Rabat\u0105.<\/p>\n<p>Rabatas \u2013 pasaki&scaron;kai gra\u017eus miestas Atlanto vandenyno pakrant\u0117je. Jis pasitinka keliautojus \u017eydin\u010di\u0173 sod\u0173 ir jauki\u0173 kvartal\u0173 derme, gausybe architekt\u016brini\u0173 bei istorini\u0173 paminkl\u0173, alsuojan\u010di\u0173 senosios Magribo valstyb\u0117s dvasia. Ap\u017evalgin\u0117s ekskursijos metu pamatysite Karali&scaron;kuosius r\u016bmus, XII a. Hasano minaret\u0105 \u2013 miesto simbol\u012f, memorialin\u012f Mohamedo V kompleks\u0105 bei \u012fsp\u016bding\u0105sias XII a. Udaij\u0173 vart\u0173 sienas.<\/p>\n<p>Toliau kelion\u0117 ves \u012f Meknes\u0105.<\/p>\n<p>Meknesas \u2013 vienas i&scaron; trij\u0173 imperatori&scaron;k\u0173j\u0173 Maroko miest\u0173, geriausiai i&scaron;saugoj\u0119s senov\u0117s didyb\u0117s atmosfer\u0105. U\u017e tvirtov\u0117s sien\u0173 plyti kerintys sodai, o El-Hedimo aik&scaron;t\u0117 vakaro met\u0105 prisipildo b\u016br\u0117j\u0173, \u017eonglieri\u0173, ugnies ryjan\u010di\u0173 artist\u0173 bei gyva\u010di\u0173 ker\u0117toj\u0173.<\/p>\n<p>Ap\u017evalgin\u0117s ekskursijos metu lankysim\u0117s XVII a. Mulajaus Ismailo miesto dalyje: pamatysime jo mauzoliej\u0173, did\u017eiules arklides, istorinius Bab el-Mans\u016bro vartus bei tradicines keramikos dirbtuves.<\/p>\n<p><strong>Day 6    <\/strong><\/p>\n<p>\u2022    Pusry\u010diai vie&scaron;butyje (perkant ekskursij\u0173 paket\u0105 pusry\u010diai \u012fskai\u010diuoti).<br \/>\n\u2022    Ekskursija po Fesos miest\u0105.<br \/>\n\u2022    Sugr\u012f\u017etame \u012f vie&scaron;butyje.<br \/>\n\u2022    Poilsis.<br \/>\n\u2022    Nakvyn\u0117 vie&scaron;butyje.    <\/p>\n<p>Ekskursijos po Fes\u0105 metu ap\u017ei\u016br\u0117sime Medinos lankytinas vietas: me\u010det\u0119-universitet\u0105 Karaouin (IX-XII a.), Bou Inania Madrasah (\u012f\u0117jimo bilietai apmokami papildomai ~5 \u20ac\/asm.), Dar el-Makhzen r\u016bmus, taip pat garsias odos dirbtuves, keramikos gamybos gamyklas, turgus.<\/p>\n<p><strong>Day 7    <\/strong><\/p>\n<p>\u2022    Pusry\u010diai vie&scaron;butyje (perkant ekskursij\u0173 paket\u0105 pusry\u010diai \u012fskai\u010diuoti).<br \/>\n\u2022    Laisva diena.<br \/>\n\u2022    Pageidaujantiems si\u016blome ekskursin\u0119 i&scaron;vyk\u0105 \u012f &Scaron;ef&scaron;auen\u0105 (papildomas mokestis &#8211; 60 \u20ac\/asm.).<br \/>\n\u2022    Sugr\u012f\u017etame \u012f vie&scaron;but\u012f.<br \/>\n\u2022    Laisvas laikas.<br \/>\n\u2022    Nakvyn\u0117 vie&scaron;butyje.    <\/p>\n<p>&Scaron;ef&scaron;auenas &#8211; nedidelis miestas, esantis kaln\u0173 &scaron;laituose tarp Tan\u017eero ir Tetuano. Miesto pavadinimas kil\u0119s nuo savoti&scaron;kos Rifo kalno vir&scaron;\u016bn\u0117s formos, primenan\u010dios o\u017ekos ragus. Pa\u017eod\u017eiui \u201eChef Chaouen\u201c rei&scaron;kia \u201e\u017evilgsnis \u012f ragus\u201c. Beveik visi namai senojoje miesto dalyje nuda\u017eyti dangaus m\u0117lyna ir balta spalvomis. Miestas taip pat \u017einomas d\u0117l marihuanos augintoj\u0173 su savo dideliais priemies\u010di\u0173 plantacijomis, d\u0117l kuri\u0173 &Scaron;ef&scaron;auenas buvo vadinamas \u201eha&scaron;i&scaron;o sostine\u201c.<\/p>\n<p><strong>Day 8    <\/strong><\/p>\n<p>\u2022    Pusry\u010diai vie&scaron;butyje (perkant ekskursij\u0173 paket\u0105 pusry\u010diai \u012fskai\u010diuoti).<br \/>\n\u2022    I&scaron;siregistravimas i&scaron; vie&scaron;bu\u010dio.<br \/>\n\u2022    Vykstame \u012f Beni Mellal miest\u0105.<br \/>\n\u2022    Ekskursija po Beni Mellal miest\u0105.<br \/>\n\u2022    \u012esik\u016brimas vie&scaron;butyje.<br \/>\n\u2022    Nakvyn\u0117 vie&scaron;butyje.   <\/p>\n<p>Kelias driekiasi per Viduriniojo Atlaso kalnyn\u0105. Pakeliui sustosime vadinamajame \u201eMaroko &Scaron;veicarijos\u201c mieste \u2013 Ifrane. \u010cia tur\u0117site puiki\u0105 prog\u0105 pasidaryti daugyb\u0119 panoramini\u0173 nuotrauk\u0173, o kelion\u0119 papildys trumpi sustojimai, skirti pasigro\u017e\u0117ti vaizdingais peiza\u017eais.<\/p>\n<p>Atvykus j\u016bs\u0173 lauks ekskursija po Beni-Melal\u012f \u2013 miest\u0105, \u012fsik\u016brus\u012f Viduriniojo Atlaso kaln\u0173 pap\u0117d\u0117je. Aplankysime svarbiausias miesto \u012f\u017eymybes bei pasivaik&scaron;\u010diosime po park\u0105, kuriame tryk&scaron;ta Ajn Asserduno &scaron;altinis ir tyvuliuoja ma\u017eas kaskadas.<\/p>\n<p><strong>Day 9    <\/strong><\/p>\n<p>\u2022    Pusry\u010diai vie&scaron;butyje (perkant ekskursij\u0173 paket\u0105 pusry\u010diai \u012fskai\u010diuoti).<br \/>\n\u2022    I&scaron;siregistravimas i&scaron; vie&scaron;bu\u010dio.<br \/>\n\u2022    Vykstame \u012f ekskursin\u0119 i&scaron;vyk\u0105 prie Uzud krioklio.<br \/>\n\u2022    Po ekskursijos vykstame \u012f Marake&scaron;\u0105.<br \/>\n\u2022    \u012esik\u016brimas vie&scaron;butyje.<br \/>\n\u2022    Nakvyn\u0117 vie&scaron;butyje.    <\/p>\n<p>Ekskursin\u0117 kelion\u0117 prie vieno gra\u017eiausi\u0173 ir did\u017eiausio Maroko krioklio \u2013 Uzudo \u2013 leis artimiau pa\u017einti kerin\u010di\u0105 &scaron;alies gamt\u0105. \u012esik\u016br\u0119s Atlaso kaln\u0173 pap\u0117d\u0117je, jis galingai krenta trij\u0173 kaskad\u0173 srautu i&scaron; 110 metr\u0173 auk&scaron;\u010dio. Takas \u012f Uzud\u0105 vingiuoja pro sidabro lapais spindin\u010dius alyvmed\u017eius, o art\u0117jant vakarui lankytoj\u0173 laukia ypatingas reginys \u2013 prie krioklio atsigerti susirenka gausios be\u017ed\u017eioni\u0173 b\u016breliai. Vietiniai makakos, jau \u012fpratusios prie turist\u0173 skan\u0117st\u0173, dr\u0105siai artinasi ir suteikia prog\u0105 i&scaron; ar\u010diau pa\u017evelgti \u012f j\u0173 gyvenim\u0105. Tur\u0117site galimyb\u0119 pasigro\u017e\u0117ti kriokliu ne tik nuo jo pap\u0117d\u0117s, bet ir i&scaron; vir&scaron;aus, kur atsiveria \u012fsp\u016bdinga panorama. <\/p>\n<p>Kelion\u0119 papuo&scaron; berber\u0173 moliniai namai, i&scaron;nyrantys i&scaron; u\u017e kaln\u0173 serpantino pos\u016bki\u0173 \u2013 j\u0173 ochros spalvos sienos harmoningai susilieja su aplinkiniu kra&scaron;tovaizd\u017eiu ir taps nepamir&scaron;tam\u0173 nuotrauk\u0173 fonu. Kelion\u0117s pabaigoje pasi\u016blysime papietauti autenti&scaron;kame berber\u0173 restoran\u0117lyje, kurio patiekalai leis pajusti tikr\u0105j\u0105 Atlaso regiono skonio dvasi\u0105 (piet\u016bs apmokami papildomai ~15 \u20ac\/asm.).<\/p>\n<p><strong>Day 10    <\/strong><\/p>\n<p>\u2022    Pusry\u010diai vie&scaron;butyje (perkant ekskursij\u0173 paket\u0105 pusry\u010diai \u012fskai\u010diuoti).<br \/>\n\u2022    Laisva diena.<br \/>\n\u2022    Nakvyn\u0117 vie&scaron;butyje.    <\/p>\n<p><strong>Day 11    <\/strong><\/p>\n<p>\u2022    Pusry\u010diai vie&scaron;butyje (perkant ekskursij\u0173 paket\u0105 pusry\u010diai \u012fskai\u010diuoti).<br \/>\n\u2022    I&scaron;siregistravimas i&scaron; vie&scaron;bu\u010dio.<br \/>\n\u2022    Perve\u017eimas \u012f oro uost\u0105.<br \/>\n\u2022    Registracija \u012f skryd\u012f.<br \/>\n\u2022    Skrydis: Marake&scaron;as \u2013 Var&scaron;uva (~15:55-20:45).<br \/>\n\u2022    Atvykimas \u012f Var&scaron;uv\u0105.<br \/>\n\u2022    Skrydis: Var&scaron;uva \u2013 Vilnius (~22:55-01:00*)<br \/>\n\u2022    Atvykimas \u012f Vilni\u0173 (kit\u0105 dien\u0105).    <\/p>","protected":false},"excerpt":{"rendered":"<p>1 diena \u2022 Atvykimas \u012f Vilniaus oro uost\u0105. \u2022 Skrydis: Vilnius \u2013 Var&scaron;uva (~06:20-06:25). \u2022 Atvykimas \u012f Var&scaron;uv\u0105. \u2022 Skrydis: Var&scaron;uva &#8211; Marake&#038;s&#8230;<\/p>","protected":false},"featured_media":12019,"comment_status":"open","ping_status":"closed","template":"","meta":{"om_disable_all_campaigns":false,"_monsterinsights_skip_tracking":false,"_monsterinsights_sitenote_active":false,"_monsterinsights_sitenote_note":"","_monsterinsights_sitenote_category":0},"product_brand":[],"product_cat":[669],"product_tag":[],"class_list":{"0":"post-12745","1":"product","2":"type-product","3":"status-publish","4":"has-post-thumbnail","6":"product_cat-keliones","8":"first","9":"instock","10":"virtual","11":"taxable","12":"purchasable","13":"product-type-simple"},"aioseo_notices":[],"_links":{"self":[{"href":"https:\/\/www.atravel.lt\/en\/wp-json\/wp\/v2\/product\/12745","targetHints":{"allow":["GET"]}}],"collection":[{"href":"https:\/\/www.atravel.lt\/en\/wp-json\/wp\/v2\/product"}],"about":[{"href":"https:\/\/www.atravel.lt\/en\/wp-json\/wp\/v2\/types\/product"}],"replies":[{"embeddable":true,"href":"https:\/\/www.atravel.lt\/en\/wp-json\/wp\/v2\/comments?post=12745"}],"wp:featuredmedia":[{"embeddable":true,"href":"https:\/\/www.atravel.lt\/en\/wp-json\/wp\/v2\/media\/12019"}],"wp:attachment":[{"href":"https:\/\/www.atravel.lt\/en\/wp-json\/wp\/v2\/media?parent=12745"}],"wp:term":[{"taxonomy":"product_brand","embeddable":true,"href":"https:\/\/www.atravel.lt\/en\/wp-json\/wp\/v2\/product_brand?post=12745"},{"taxonomy":"product_cat","embeddable":true,"href":"https:\/\/www.atravel.lt\/en\/wp-json\/wp\/v2\/product_cat?post=12745"},{"taxonomy":"product_tag","embeddable":true,"href":"https:\/\/www.atravel.lt\/en\/wp-json\/wp\/v2\/product_tag?post=12745"}],"curies":[{"name":"wp","href":"https:\/\/api.w.org\/{rel}","templated":true}]}}