{"id":12743,"date":"2026-03-21T15:44:58","date_gmt":"2026-03-21T13:44:58","guid":{"rendered":"https:\/\/www.atravel.lt\/produktas\/city-tour-kipras-5-d-skrydis-is-kauno\/"},"modified":"2026-03-21T15:44:58","modified_gmt":"2026-03-21T13:44:58","slug":"city-tour-kipras-5-d-skrydis-is-kauno","status":"publish","type":"product","link":"https:\/\/www.atravel.lt\/en\/product\/city-tour-kipras-5-d-skrydis-is-kauno\/","title":{"rendered":"City Tour Kipras 5 d. (skrydis i\u0161 Kauno)"},"content":{"rendered":"<h3 style=\"text-align: center\"><span style=\"color:#27ae60\"><b>Garantuota nuo 2 asmen\u0173!<\/b><\/span><\/h3>\n<hr \/>\n<h3 style=\"text-align: center\"><b>SVARBU! EKSKURSIJ\u0172 IR PERVE\u017dIMO PAKETAS APMOKAMAS KELION\u0116S METU!SVARBU! EKSKURSIJ\u0172 IR PERVE\u017dIMO PAKETAS APMOKAMAS KELION\u0116S METU!<\/b><\/h3>\n<hr \/>\n<h3 style=\"text-align: center\"><span style=\"color:#e74c3c\"><strong>Kelion\u0117 organizuojama individualiai, tod\u0117l d\u0117l l\u0117ktuvo biliet\u0173 ir vie&scaron;bu\u010dio kambari\u0173 pabrangimo, organizatorius gali atmesti rezervacij\u0105 arba pasi\u016blyti keliautojui priemok\u0105.<\/strong><\/span><\/h3>\n<p><strong>1 day <\/strong><\/p>\n<p>\u2022 Atvykimas \u012f Kauno oro uost\u0105.<br \/> - Check-in.<br \/> \u2022 Skrydis: Kaunas \u2013 Pafosas (~06:40-10:15).<br \/> \u2022 Atvykstame \u012f Kipr\u0105.<br \/> \u2022 Ekskursin\u0117 i&scaron;vyka \u201eAntikinis Pafosas\u201c + perve\u017eimas: oro uostas \u2013 vie&scaron;butis \u2013 oro uostas (papildomas mokestis \u2013 129 \u20ac\/asm. + \u012f\u0117jimo bilietai).<br \/> \u2022 Vykstame \u012f vie&scaron;but\u012f.<br \/> \u2022 \u012esik\u016brimas vie&scaron;butyje.<br \/> \u2022 Nakvyn\u0117 vie&scaron;butyje.<\/p>\n<p>Norint suprasti graik\u0173 kult\u016bros \u012ftak\u0105 Kipro vystymuisi, b\u016btina aplankyti Pafos\u0105 \u2013 salos kult\u016brin\u0119 sostin\u0119. Kelion\u0117 prasid\u0117s nuo meil\u0117s deiv\u0117s Afrodit\u0117s gimimo vietos. Tai nepaprasto gro\u017eio papl\u016bdimys, apie kur\u012f pasakojama legenda: i&scaron;simaud\u0119 &scaron;iuose vandenyse, liksite am\u017einai jauni, sveiki ir gra\u017e\u016bs.<\/p>\n<p>Toliau vyksime \u012f &scaron;iaur\u0119 nuo Pafoso uosto, kur aplankysime vien\u0105 i&scaron; UNESCO paveldo objekt\u0173 \u2013 Dioniso namo mozaikas, laikomas geriausiu senov\u0117s rom\u0117n\u0173 meno pavyzd\u017eiu. Kiekviena mozaikos detal\u0117 \u2013 tai atskira istorija, nukelianti \u012f tuos laikus.<\/p>\n<p>Ekskursijos metu taip pat pamatysime Karali&scaron;kuosius kapus \u2013 monumentali\u0105 po\u017eemin\u0119 laidojimo viet\u0105, \u012fkurt\u0105 IV a. pr. Kr., kai Kipr\u0105 vald\u0117 Egipto valdovai. Taip pat aplankysime gars\u0173j\u012f nuskendus\u012f laiv\u0105 ir pasivaik&scaron;\u010diosime po banan\u0173 plantacijas. Kelion\u0117s pabaigoje \u2013 fotosesija prie j\u016bros urv\u0173, kur steb\u0117site vienus gra\u017eiausi\u0173 saul\u0117lyd\u017ei\u0173 Kipre.<\/p>\n<p><strong>Day 2 <\/strong><\/p>\n<p>\u2022 Pusry\u010diai vie&scaron;butyje (perkant ekskursij\u0173 paket\u0105 pusry\u010diai \u012fskai\u010diuoti).<br \/> - Free day.<br \/> \u2022 Nakvyn\u0117 vie&scaron;butyje.<\/p>\n<p><strong>Day 3 <\/strong><\/p>\n<p>\u2022 Pusry\u010diai vie&scaron;butyje (perkant ekskursij\u0173 paket\u0105 pusry\u010diai \u012fskai\u010diuoti).<br \/> - Free day.<br \/> \u2022 Pageidaujantiems si\u016blome \u0117kskursin\u0119 i&scaron;vyk\u0105 \u201eKipro &scaron;irdis \u2013 Troodo kalnai\u201c (papildomas mokestis \u2013 75 \u20ac\/asm. + \u012f\u0117jimo bilietai, \u012fvyks susirinkus bent 4 keliautojams).<br \/> \u2022 Sugr\u012f\u017etame \u012f vie&scaron;but\u012f.<br \/> \u2022 Nakvyn\u0117 vie&scaron;butyje.<\/p>\n<p>Aplankysime Kipro &scaron;ird\u012f ir pasidid\u017eiavim\u0105 \u2013 Troodo kalnus bei gars\u0173j\u012f Kikko vienuolyn\u0105. &Scaron;i i&scaron;vyka padovanos daugyb\u0119 \u012fsp\u016bd\u017ei\u0173, galimyb\u0119 paragauti vietinio vyno ir pasigro\u017e\u0117ti nuostabiais kaln\u0173 peiza\u017eais.<\/p>\n<p>Did\u017eioji kelion\u0117s dalis drieksis vaizdingu Troodo kalnynu, \u017einomu d\u0117l ve&scaron;li\u0173 mi&scaron;k\u0173 ir &scaron;varaus kaln\u0173 oro. Pamatysime auk&scaron;\u010diausi\u0105 salos ta&scaron;k\u0105 \u2013 Olimpo kaln\u0105 (1952 m).<\/p>\n<p>Lauks apsilankymas senajame XI a. \u012fkurtame Kikko vienuolyne \u2013 viename turtingiausi\u0173 Kipre. \u010cia saugoma stebuklinga Mergel\u0117s Marijos ikona.<\/p>\n<p>Kaln\u0173 kaimelis Omodas leis pajusti l\u0117t\u0105 vietos gyvenimo ritm\u0105 \u2013 vaik&scaron;\u010diosime siauromis gatvel\u0117mis ir su\u017einosime, kaip vynas buvo gaminamas prie&scaron; 500 met\u0173. Vietin\u0117je vynin\u0117je gal\u0117site paragauti garsaus Kipro vyno bei tradicini\u0173 g\u0117rim\u0173 \u2013 Kommandaria ir Zivania.<\/p>\n<p>Kelion\u0117s pabaigoje \u2013 maudyn\u0117s papl\u016bdimyje, kur, pasak legendos, gim\u0117 meil\u0117s deiv\u0117 Afrodit\u0117.<\/p>\n<p><strong>Day 4 <\/strong><\/p>\n<p>\u2022 Pusry\u010diai vie&scaron;butyje (perkant ekskursij\u0173 paket\u0105 pusry\u010diai \u012fskai\u010diuoti).<br \/> - Free day.<br \/> \u2022 Nakvyn\u0117 vie&scaron;butyje.<\/p>\n<p><strong>Day 5 <\/strong><\/p>\n<p>\u2022 Pusry\u010diai vie&scaron;butyje (perkant ekskursij\u0173 paket\u0105 pusry\u010diai \u012fskai\u010diuoti).<br \/> \u2022 I&scaron;siregistravimas i&scaron; vie&scaron;bu\u010dio.<br \/> - Transfer to the airport.<br \/> - Check-in.<br \/> \u2022 Skrydis: Pafosas \u2013 Kaunas (~11:15-15:05).<br \/> \u2022 Atvykimas \u012f Kaun\u0105.<\/p>","protected":false},"excerpt":{"rendered":"<p>Garantuota nuo 2 asmen\u0173! SVARBU! EKSKURSIJ\u0172 IR PERVE\u017dIMO PAKETAS APMOKAMAS KELION\u0116S METU!SVARBU! EKSKURSIJ\u0172 IR PERVE\u017dIMO PAKETAS APMOKAMAS KELION\u0116S METU! Kelion&#8230;<\/p>","protected":false},"featured_media":12015,"comment_status":"open","ping_status":"closed","template":"","meta":{"om_disable_all_campaigns":false,"_monsterinsights_skip_tracking":false,"_monsterinsights_sitenote_active":false,"_monsterinsights_sitenote_note":"","_monsterinsights_sitenote_category":0},"product_brand":[],"product_cat":[669],"product_tag":[],"class_list":{"0":"post-12743","1":"product","2":"type-product","3":"status-publish","4":"has-post-thumbnail","6":"product_cat-keliones","8":"first","9":"instock","10":"virtual","11":"taxable","12":"purchasable","13":"product-type-simple"},"aioseo_notices":[],"_links":{"self":[{"href":"https:\/\/www.atravel.lt\/en\/wp-json\/wp\/v2\/product\/12743","targetHints":{"allow":["GET"]}}],"collection":[{"href":"https:\/\/www.atravel.lt\/en\/wp-json\/wp\/v2\/product"}],"about":[{"href":"https:\/\/www.atravel.lt\/en\/wp-json\/wp\/v2\/types\/product"}],"replies":[{"embeddable":true,"href":"https:\/\/www.atravel.lt\/en\/wp-json\/wp\/v2\/comments?post=12743"}],"wp:featuredmedia":[{"embeddable":true,"href":"https:\/\/www.atravel.lt\/en\/wp-json\/wp\/v2\/media\/12015"}],"wp:attachment":[{"href":"https:\/\/www.atravel.lt\/en\/wp-json\/wp\/v2\/media?parent=12743"}],"wp:term":[{"taxonomy":"product_brand","embeddable":true,"href":"https:\/\/www.atravel.lt\/en\/wp-json\/wp\/v2\/product_brand?post=12743"},{"taxonomy":"product_cat","embeddable":true,"href":"https:\/\/www.atravel.lt\/en\/wp-json\/wp\/v2\/product_cat?post=12743"},{"taxonomy":"product_tag","embeddable":true,"href":"https:\/\/www.atravel.lt\/en\/wp-json\/wp\/v2\/product_tag?post=12743"}],"curies":[{"name":"wp","href":"https:\/\/api.w.org\/{rel}","templated":true}]}}