{"id":12742,"date":"2026-03-21T15:44:57","date_gmt":"2026-03-21T13:44:57","guid":{"rendered":"https:\/\/www.atravel.lt\/produktas\/norvegijos-fiordai-6-d-bergenas-oslas-flamas-gudvangenas-grupe-is-lietuvos\/"},"modified":"2026-03-21T15:44:57","modified_gmt":"2026-03-21T13:44:57","slug":"norvegijos-fiordai-6-d-bergenas-oslas-flamas-gudvangenas-grupe-is-lietuvos","status":"publish","type":"product","link":"https:\/\/www.atravel.lt\/en\/product\/norvegijos-fiordai-6-d-bergenas-oslas-flamas-gudvangenas-grupe-is-lietuvos\/","title":{"rendered":"NORVEGIJOS FIORDAI 6 d. (Bergenas, Oslas, Flamas, Gudvangenas) GRUP\u0116 I\u0160 LIETUVOS!"},"content":{"rendered":"<p><strong>1 day <\/strong><\/p>\n<p>\u2022 Vidurnakt\u012f\/pary\u010diais i&scaron;vykimas i&scaron; Lietuvos (Vilniaus, Kauno ir Panev\u0117\u017eio).<br \/> \u2022 Kelion\u0117 per Latvijos, Estijos teritorij\u0105.<br \/> \u2022 Atvykimas \u012f Talin\u0105.<br \/> \u2022 Registracija \u012f kelt\u0105 plaukiant\u012f \u012f Helsink\u012f.<br \/> \u2022 I&scaron;plaukimas \u012f Helsink\u012f.<br \/> \u2022 Atvykimas \u012f Helsink\u012f.<br \/> \u2022 Ap\u017evalgin\u0117 ekskursija po Helsink\u012f.<br \/> - Free time.<br \/> \u2022 Vykstame \u012f Turk\u0173.<br \/> \u2022 Registracija \u012f kelt\u0105 plaukiant\u012f \u012f Stokholm\u0105.<br \/> \u2022 I&scaron;plaukimas \u012f Stokholm\u0105.<br \/> \u2022 Pageidaujantiems si\u016blome vakarien\u0119 kelte (papildomas mokestis).<br \/> \u2022 Nakvyn\u0117 kelto kajut\u0117se.<\/p>\n<p>Ekskursijos metu susipa\u017einsime su XVI am\u017eiuje i&scaron;kilusiu miestu ir jo lankytinomis vietomis. Kelion\u0119 t\u0119sime palei esplanad\u0105 \u2013 Helsinkio gyventoj\u0173 ir Suomijos sostin\u0117s sve\u010di\u0173 pam\u0117gt\u0105 pasivaik&scaron;\u010diojimo viet\u0105. Susipa\u017einsime su daugybe Helsinkio paminkl\u0173 \u2013 tiek istorini\u0173, kaip paminklas Janui Sibeliui, Aleksandrui II, senatoriui Michelinui, visuomen\u0117s veik\u0117jui Snellmanui, tiek visi&scaron;kai romanti&scaron;k\u0173, pavyzd\u017eiui, motinos meil\u0117s paminklu. Ap\u017evalgin\u0117s ekskursijos metu gro\u017e\u0117sit\u0117s unikalios Suomijos sostin\u0117s architekt\u016bros vaizdais \u2013 garsiuoju Senato aik&scaron;t\u0117s ansambliu ir parod\u0173 r\u016bmais Finlandia.<\/p>\n<p><strong>Day 2 <\/strong><\/p>\n<p>\u2022 Pageidaujantiems si\u016blome pusry\u010dius kelte (papildomas mokestis).<br \/> \u2022 Atvykstame \u012f Stokholm\u0105.<br \/> \u2022 Vykstame \u012f Osl\u0105.<br \/> \u2022 Antroje dienos pus\u0117je ekskursija po Osl\u0105.<br \/> \u2022 Vykstame \u012f vie&scaron;but\u012f Oslo apylink\u0117se.<br \/> \u2022 \u012esik\u016brimas vie&scaron;butyje.<br \/> - Recreation.<br \/> \u2022 Nakvyn\u0117 vie&scaron;butyje.<\/p>\n<p>Oslas yra \u012fsik\u016br\u0119s vaizdingame 100 kilometr\u0173 Oslo-fjordo prad\u017eioje, ta\u010diau miest\u0105 sudaro ne tik \u017eemynin\u0117 dalis, bet ir 40 sal\u0173, i&scaron; kuri\u0173 kiekviena gali nustebinti savo meni&scaron;kumu. &Scaron;is miestas yra unikalus ir ne tik tod\u0117l, kad jis yra Norvegijos sostin\u0117. Oslas egzistuoja &scaron;imtme\u010dius; tai miestas, kur &scaron;iuolaikiniai pastatai persipina su senoviniais, o gra\u017e\u016bs kalnai dera su mi&scaron;kais ir salomis. \u010cia nesutiksite pietin\u0117s &scaron;ilumos, visa Norvegija, ties\u0105 sakant, n\u0117ra deganti &scaron;alis, ta\u010diau pats miestas su\u017eav\u0117s jus savo ramybe ir harmonija.<\/p>\n<p><strong>Day 3<\/strong><\/p>\n<p>\u2022 Pusry\u010diai vie&scaron;butyje (perkant ekskursij\u0173 paket\u0105 pusry\u010diai \u012fskai\u010diuoti).<br \/> \u2022 I&scaron;siregistravimas i&scaron; vie&scaron;bu\u010dio.<br \/> \u2022 I&scaron;vyka \u012f Fjordus su galimybe pasiplaukioti laiveliu po Ner\u0117jaus fjordus (papildomai apmokamas pasiplaukiojimas laiveliu: suaugusiems \u2013 65 \u20ac\/asm., vaikams iki 12 met\u0173 (imtinai) \u2013 45 \u20ac\/asm.) &#8211; U\u017dSAKOMA IR APMOKAMA I&Scaron; ANKSTO!<br \/> \u2022 Vykstame link Bergeno.<br \/> \u2022 \u012esik\u016brimas vie&scaron;butyje Bergeno apylink\u0117se.<br \/> \u2022 Nakvyn\u0117 vie&scaron;butyje.<\/p>\n<p>Norvegija&#8230; B\u016btent \u010dia yra nuostab\u016bs kriokliai, kri&scaron;toliniai vandenys, kurie teka \u012f upes ir \u012flankas, \u010dia turistai gali m\u0117gautis gra\u017eiais ledynais, esan\u010diais aplinkini\u0173 kaln\u0173 vir&scaron;\u016bn\u0117se. Apsilank\u0119 &scaron;iose nuostabiose vietose, pasinersite \u012f legend\u0173 pasaul\u012f apie nuostabius velnius ir senovinius vikingus \u2013 dr\u0105sius karius ir j\u016breivius, kurie kadaise baugino vis\u0105 Europos \u017eemyn\u0105. Tai ledo \u017eem\u0117; tikriausiai \u010dia gimsta tik vikingai ir valkirijos, kuriems nebais\u016bs &scaron;altis ir sunki &scaron;iaurin\u0117 gamta.<\/p>\n<p> Ta\u010diau pagrindin\u0117 &scaron;ios &scaron;alies atrakcija, \u017einoma, yra Norvegijos fiordai! Kasmet turistai atvyksta i&scaron; viso pasaulio! Norvegijoje yra \u017einom\u0173 fiord\u0173, kurie yra \u012ftraukti \u012f UNESCO gamtos paveldo s\u0105ra&scaron;\u0105, o vienas i&scaron; j\u0173 yra \u201eNer\u0117jaus fiordas\u201c.<\/p>\n<p> Visus Norvegijos gamtos gro\u017eius ir didyb\u0119 galima pajusti tik keliaujant vandeniu. Tai kelion\u0117 laivu i&scaron; vaizdingo Flomo kaimo, patrauklaus miestelio, esan\u010dio ant Aurlando \u2013 fiordo \u012f Gudvangeno kaim\u0105 prie Ner\u0117jaus fiordo; &scaron;i kelion\u0117 leis Jums m\u0117gautis klasikiniu Norvegijos vaizdu ir auk&scaron;tomis uolomis su sniegu dengtomis vir&scaron;\u016bn\u0117mis bei skaidraus vandens lygumomis (papildomas mokestis, apmokama i&scaron; anksto).<\/p>\n<p> I&scaron;vykimas \u012f Bergen\u0105. Pakeliui tur\u0117sime nedidel\u012f sustojim\u0105 netoli vieno did\u017eiausi\u0173 Norvegijos kriokli\u0173 \u2013 Tvindefossen. D\u0117l savo prieinamumo ir ne\u012ftik\u0117tino gro\u017eio jis yra vienas i&scaron; labiausiai lankom\u0173 viet\u0173 &scaron;alyje. Yra ir kita prie\u017eastis \u2013 legenda, kad vanduo i&scaron; krioklio padidina \u201evyri&scaron;k\u0105 stiprum\u0105\u201c ir turi jauninimo savybi\u0173.<\/p>\n<p><strong>Day 4 <\/strong><\/p>\n<p>\u2022 Pusry\u010diai vie&scaron;butyje (perkant ekskursij\u0173 paket\u0105 pusry\u010diai \u012fskai\u010diuoti).<br \/> \u2022 I&scaron;siregistravimas i&scaron; vie&scaron;bu\u010dio.<br \/> \u2022 Vykstame \u012f Bergeno centr\u0105 (vie&scaron;ojo transporto bilietai apmokami pa\u010di\u0173 keliautoj\u0173 ~4,5 \u20ac\/asm.).<br \/> \u2022 Ekskursija po Bergen\u0105.<br \/> \u2022 Vykstame \u012f tranzitin\u012f vie&scaron;but\u012f.<br \/> \u2022 \u012esik\u016brimas vie&scaron;butyje.<br \/> \u2022 Nakvyn\u0117 vie&scaron;butyje.<\/p>\n<p>Bergenas yra antras pagal dyd\u012f Norvegijos miestas. \u010cia turtinga istorija glaud\u017eiai susieta su modernumu. I&scaron; \u010dia prasideda kelias \u012f vaizdingiausius Norvegijos fjordus. Pagal Norvegijos standartus Bergenas laikomas dideliu miestu, bet \u010dia komforti&scaron;ka atmosfera yra b\u016bdinga ma\u017eam miesteliui. Gyventojai did\u017eiuojasi savo miesto gro\u017eiu ir \u012fvairove, j\u016brin\u0117mis, komercin\u0117mis ir kult\u016brin\u0117mis tradicijomis. Visada draugi&scaron;ki jie d\u017eiaugiasi gal\u0117dami pasakyti jums keli\u0105 arba dalintis \u012fdomia informacija.<\/p>\n<p> Miesto istorija prasideda prie&scaron; 900 met\u0173, dar viking\u0173 laikais. Kaip vienas i&scaron; Hanzos s\u0105jungos tvirtovi\u0173 Bergenas jau kelet\u0105 &scaron;imtme\u010di\u0173 buvo klestintis Norvegijos ir kit\u0173 Europos &scaron;ali\u0173 prekybos centras. Hanzos krantin\u0117 Briugen \u2013 pagrindinis miesto istorinis paminklas, kuris \u012ftrauktas \u012f UNESCO Pasaulio paveldo s\u0105ra&scaron;\u0105. \u010cia yra daug restoran\u0173, kavini\u0173, bar\u0173, suvenyr\u0173 parduotuvi\u0173 ir muziej\u0173. Senieji Bergeno rajonai yra gyva ir vizuali istorija. \u017duvies turgus, Fl&oslash;ibanen funikulierius ir akvariumas \u2013 tai tik ma\u017ea dalis ilgo lankytin\u0173 viet\u0173 s\u0105ra&scaron;o, kuriuos tikrai verta pamatyti Bergene \u2013 mieste, septyni\u0173 kaln\u0173 apsuptyje.<\/p>\n<p><strong>Day 5 <\/strong><\/p>\n<p>\u2022 Pusry\u010diai vie&scaron;butyje (perkant ekskursij\u0173 paket\u0105 pusry\u010diai \u012fskai\u010diuoti).<br \/> \u2022 I&scaron;siregistravimas i&scaron; vie&scaron;bu\u010dio.<br \/> \u2022 Vykstame \u012f Stokholm\u0105.<br \/> \u2022 Ekskursija p\u0117s\u010diomis po Stokholm\u0105.<br \/> \u2022 Registracija \u012f kelt\u0105 plaukiant\u012f \u012f Turk\u0173.<br \/> \u2022 I&scaron;plaukimas \u012f Turk\u0173.<br \/> \u2022 Pageidaujantiems si\u016blome vakarien\u0119 kelte (papildomas mokestis).<br \/> \u2022 Nakvyn\u0117 kelto kajut\u0117se.<\/p>\n<p>Nuo XIII a. Stokholmas yra pagrindinis &scaron;alies ekonominis centras. &Scaron;iandien jis yra did\u017eiausias &Scaron;vedijos miestas. Slussen sankry\u017ea yra senoji hidraulin\u0117 konstrukcija, jungianti Milareno e\u017eero vandenis su Baltijos j\u016bra. Senamiestis \u2013 Gamla Stan \u2013 miestas tarp tilt\u0173 \u2013 istorinis Stokholmo centras. Prie&scaron; kelis &scaron;imtus met\u0173 senamiestis buvo laikomas atskiru miestu, bet v\u0117liau tapo istoriniu Stokholmo rajonu. Pastatas ka\u017ekada skirtas bajor\u0173 susirinkimams \u2013 eleganti&scaron;kas, apsuptas gerai pri\u017ei\u016brim\u0173 sod\u0173. Iki &scaron;iol jis vis dar naudojamas numatytiems tikslams, kaip vieta \u012fvairiems &Scaron;vedijos kilming\u0173 &scaron;eim\u0173 renginiams. \u201eRiteri\u0173 sala\u201c \u2013 sala, turinti septynis &scaron;imtus met\u0173 istorij\u0105, kurioje yra Riddarholmeno ba\u017eny\u010dia, laikoma viena seniausi\u0173 miesto paminkl\u0173. Nuo M&auml;laren e\u017eero kranto atsiveria gra\u017eus vaizdas \u012f Stokholmo rotu&scaron;\u0119 \u2013 vien\u0105 i&scaron; pagrindini\u0173 miesto lankytin\u0173 viet\u0173, &Scaron;vedijos sostin\u0117s simbol\u012f.<\/p>\n<p><strong>Day 6<\/strong><\/p>\n<p>\u2022 Pageidaujantiems si\u016blome pusry\u010dius kelte (papildomas mokestis).<br \/> \u2022 Atvykstame \u012f Turk\u0173.<br \/> \u2022 Perve\u017eimas \u012f Helsink\u012f.<br \/> \u2022 Registracija \u012f kelt\u0105 plaukianti \u012f Talin\u0105.<br \/> \u2022 I&scaron;plaukimas \u012f Talin\u0105.<br \/> \u2022 Atvykimas \u012f Talin\u0105.<br \/> \u2022 Kelion\u0117 atgal \u012f Lietuv\u0105.<br \/> \u2022 Atvykimas \u012f Lietuv\u0105 apie vidurnakt\u012f\/ po vidurnak\u010dio.<\/p>","protected":false},"excerpt":{"rendered":"<p>1 diena \u2022 Vidurnakt\u012f\/pary\u010diais i&scaron;vykimas i&scaron; Lietuvos (Vilniaus, Kauno ir Panev\u0117\u017eio). \u2022 Kelion\u0117 per Latvijos, Estijos teritorij\u0105. \u2022 Atvykimas \u012f Tal&#8230;<\/p>","protected":false},"featured_media":11983,"comment_status":"open","ping_status":"closed","template":"","meta":{"om_disable_all_campaigns":false,"_monsterinsights_skip_tracking":false,"_monsterinsights_sitenote_active":false,"_monsterinsights_sitenote_note":"","_monsterinsights_sitenote_category":0},"product_brand":[],"product_cat":[669],"product_tag":[],"class_list":{"0":"post-12742","1":"product","2":"type-product","3":"status-publish","4":"has-post-thumbnail","6":"product_cat-keliones","8":"first","9":"instock","10":"virtual","11":"taxable","12":"purchasable","13":"product-type-simple"},"aioseo_notices":[],"_links":{"self":[{"href":"https:\/\/www.atravel.lt\/en\/wp-json\/wp\/v2\/product\/12742","targetHints":{"allow":["GET"]}}],"collection":[{"href":"https:\/\/www.atravel.lt\/en\/wp-json\/wp\/v2\/product"}],"about":[{"href":"https:\/\/www.atravel.lt\/en\/wp-json\/wp\/v2\/types\/product"}],"replies":[{"embeddable":true,"href":"https:\/\/www.atravel.lt\/en\/wp-json\/wp\/v2\/comments?post=12742"}],"wp:featuredmedia":[{"embeddable":true,"href":"https:\/\/www.atravel.lt\/en\/wp-json\/wp\/v2\/media\/11983"}],"wp:attachment":[{"href":"https:\/\/www.atravel.lt\/en\/wp-json\/wp\/v2\/media?parent=12742"}],"wp:term":[{"taxonomy":"product_brand","embeddable":true,"href":"https:\/\/www.atravel.lt\/en\/wp-json\/wp\/v2\/product_brand?post=12742"},{"taxonomy":"product_cat","embeddable":true,"href":"https:\/\/www.atravel.lt\/en\/wp-json\/wp\/v2\/product_cat?post=12742"},{"taxonomy":"product_tag","embeddable":true,"href":"https:\/\/www.atravel.lt\/en\/wp-json\/wp\/v2\/product_tag?post=12742"}],"curies":[{"name":"wp","href":"https:\/\/api.w.org\/{rel}","templated":true}]}}