{"id":12740,"date":"2026-03-21T15:44:57","date_gmt":"2026-03-21T13:44:57","guid":{"rendered":"https:\/\/www.atravel.lt\/produktas\/pietu-kinija-su-poilsiu-hainanio-saloje-skrydis-is-rygos\/"},"modified":"2026-03-21T15:44:57","modified_gmt":"2026-03-21T13:44:57","slug":"pietu-kinija-su-poilsiu-hainanio-saloje-skrydis-is-rygos","status":"publish","type":"product","link":"https:\/\/www.atravel.lt\/en\/product\/pietu-kinija-su-poilsiu-hainanio-saloje-skrydis-is-rygos\/","title":{"rendered":"Piet\u0173 Kinija su poilsiu Hainanio saloje (skrydis i\u0161 Rygos)"},"content":{"rendered":"<p style=\"text-align: center\"><strong><span style=\"color:#e74c3c\">VYKSTANT \u012e KINIJ\u0104 LIETUVOS RESPUBLIKOS PILIE\u010cIAMS REIKALINGA VIZA, KURIA KELIAUTOJAI R\u016aPINASI SAVARANKI&Scaron;KAI!<br \/> D\u0116MESIO! KADANGI<\/span> <\/strong><strong><a href=\"http:\/\/keliauk.urm.lt\/lt\/countries\/view\/kinija\">KINIJOS AMBASADOS VEIKLA LIETUVOJE<\/a><\/strong><strong> <span style=\"color:#e74c3c\">LAIKINAI SUSTABDYTA, D\u0116L VIZ\u0172 PRA&Scaron;OME KREIPTIS \u012e <\/span><\/strong><strong><a href=\"http:\/\/lv.china-embassy.gov.cn\/eng\/sgxx\/\">KINIJOS AMBASAD\u0104 RYGOJE<\/a><span style=\"color:#e74c3c\">, <\/span><\/strong><span style=\"color:#e74c3c\"><strong>D\u0116L VIZ\u0172 REKOMENDUOJAME KREIPTIS NE ANKS\u010cIAU KAIP PRIE&Scaron; 2 M\u0116NESIUS IKI KELION\u0116S!<\/strong><\/span><\/p>\n<hr \/>\n<p><strong>1 day <\/strong><\/p>\n<p>- Arrival at Riga Airport.<br \/> - Check-in.<br \/> \u2022 Skrydis: Ryga \u2013 Stambulas (~20:00-23:20).<br \/> \u2022 Atvykimas \u012f Stambul\u0105.<\/p>\n<p><strong>Day 2 <\/strong><\/p>\n<p>\u2022 Skrydis: Stambulas \u2013 Honkongas (~01:35-17:15).<br \/> \u2022 Atvykimas \u012f Honkong\u0105.<br \/> \u2022 Perve\u017eimas \u012f &Scaron;end\u017een\u0105.<br \/> \u2022 \u012esik\u016brimas vie&scaron;butyje.<br \/> - Recreation.<br \/> \u2022 Nakvyn\u0117 vie&scaron;butyje.<\/p>\n<p><strong>Day 3 <\/strong><\/p>\n<p>\u2022 Pusry\u010diai vie&scaron;butyje (perkant ekskursij\u0173 paket\u0105 pusry\u010diai \u012fskai\u010diuoti).<br \/> \u2022 Ekskursija po &Scaron;end\u017een\u0105 (\u012f\u0117jimo bilietai apmokami atskirai).<br \/> - Free time after the tour.<br \/> \u2022 Gr\u012f\u017eimas \u012f vie&scaron;but\u012f.<br \/> \u2022 Nakvyn\u0117 vie&scaron;butyje.<\/p>\n<p>Ekskursija po &Scaron;end\u017een\u0105 prasideda nuo apsilankymo &scaron;alia \u012fsp\u016bdingo Ping An Finance Center dangorai\u017eio, tikro Piet\u0173 Kinijos mil\u017eino. Tai vienas auk&scaron;\u010diausi\u0173 statini\u0173 visame pasaulyje, kurio bok&scaron;tas yra \u012fsir\u0117m\u0119s \u012f dang\u0173 beveik 600 metr\u0173 auk&scaron;tyje. Plienin\u012f dangorai\u017eio siluet\u0105 galima pamatyti net u\u017e de&scaron;im\u010di\u0173 kilometr\u0173, o jo viduje slepiasi susitelkusi visa moderni technin\u0117 miesto galia. Keliautojai u\u017esuka \u010dia pakilimui \u012f ap\u017evalgos aik&scaron;t\u0119 net 118-ame pastato auk&scaron;te, nuo kurios atsiveria beveik viso &Scaron;end\u017eeno panorama \u2013 \u012f tol\u012f i&scaron;sirikiav\u0119 dangorai\u017eiai, t\u016bkstan\u010diai miesto &scaron;vies\u0173 bei eil\u0117s gyvybing\u0173 kvartal\u0173. Ping An Finance Center dangorai\u017eis \u2013 puiki vieta norintiems pa\u017evelgti \u012f klestintint\u012f Kinijos miest\u0105 tarytum i&scaron; pauk&scaron;\u010dio skryd\u017eio.<\/p>\n<p>Toliau laukia i&scaron;vyka \u012f gyvybe alsuojan\u010di\u0105 sen\u0173j\u0173 Kinijos taut\u0173 enciklopedij\u0105 \u2013 ne\u012ftik\u0117tin\u0105 Folk Culture Village park\u0105. Did\u017eiul\u0117je parko teritorijoje galima atrasti tikslias net 56-i\u0173 etnini\u0173 &scaron;alies taut\u0173 rekonstrukcijas \u2013 nuo pietini\u0173 region\u0173 gen\u010di\u0173 iki &scaron;iaur\u0117s gyventoj\u0173 grupi\u0173; kiekviena i&scaron; j\u0173 atskleid\u017eia unikalias Kinijos tradicijas ir praeities kasdienyb\u0119. \u010cia galima pasivaik&scaron;\u010dioti po senovini\u0173 kaimeli\u0173 kampelius, susipa\u017einti su tenyk&scaron;\u010dia etnini\u0173 ma\u017eum\u0173 buitimi ir architekt\u016bra bei steb\u0117ti spalvingus pasirodymus, triuk&scaron;mingus festivalius ir u\u017eburian\u010dius ritualinius &scaron;okius.<\/p>\n<p>Paskutin\u0117 ekskursijos dalis \u2013 stotel\u0117 &scaron;alia &scaron;iuolaikinio &Scaron;end\u017eeno pakrant\u0117s. Tai viena nuostabiausi\u0173 ir jaukiausi\u0173 miesto viet\u0173 \u2013 i&scaron; \u010dia galima steb\u0117ti miesto \u012flankos horizont\u0105, pasivaik&scaron;\u010dioti didel\u0117mis p\u0117&scaron;\u010di\u0173j\u0173 zonomis ir pasim\u0117gauti gaiviais \u012flankos v\u0117jais bei futuristini\u0173 dangorai\u017ei\u0173 vaizdais. \u010cia galima pasim\u0117gauti nuolat judan\u010dio, niekada nesustojan\u010dio didmies\u010dio atmosfera.<\/p>\n<p><strong>Day 4 <\/strong><\/p>\n<p>\u2022 Pusry\u010diai vie&scaron;butyje (perkant ekskursij\u0173 paket\u0105 pusry\u010diai \u012fskai\u010diuoti).<br \/> \u2022 Laisvas laikas arba pageidaujantiems \u2013 ekskursin\u0117 i&scaron;vyka \u012f Makao (papildomas mokestis \u2013 100 \u20ac\/asm. + \u012f\u0117jimo bilietai).<br \/> \u2022 Gr\u012f\u017eimas \u012f vie&scaron;but\u012f.<br \/> \u2022 Nakvyn\u0117 vie&scaron;butyje.<\/p>\n<p>Viena \u012fdomiausi\u0173 Makao miesto ypatybi\u0173 \u2013 Portugalijos kolonialist\u0173 palikimas \u012fsp\u016bdingai susipinantis su Kinijos kult\u016bros elementais ir tradicijomis. \u010cia tradiciniai statiniai \u012fsp\u016bdingai kontrastuoja su &scaron;iuolaikiniais kazino, o miesto atmosfera nuolat atspindi Europos \u012ftakas bei vietin\u0119 Azijos dvasi\u0105.<\/p>\n<p>Ekskursijos metu Makao lankytojus kvie\u010dia pamatyti pagrindin\u0119 miesto aik&scaron;t\u0119 \u2013 Senado \u2013 pa\u010di\u0105 Makao senamies\u010dio &scaron;ird\u012f. \u010cia galima pamatyti \u012fvairiausius portugal\u0173 gyvavimo epochos statinius \u2013 \u017eym\u0173j\u012f Santa Casa da Miseric&oacute;rdia pastat\u0105 ar geltonuojan\u010di\u0105 &Scaron;v. Dominyko ba\u017eny\u010di\u0105. Tamsiomis ir &scaron;viesiomis bangomis vilnijantis aik&scaron;t\u0117s grindinys veda ir bene garsiausio vietos objekto link \u2013 ne\u012ftik\u0117tin\u0173 &Scaron;v. Pauliaus katedros griuv\u0117si\u0173. Didingas akmeninis griuv\u0117si\u0173 fasadas, \u010dia stovintis nuo XVII a., kadaise i&scaron;gyveno stipr\u0173 gaisr\u0105; &Scaron;v. Pauliaus katedra anks\u010diau buvusi pagrindiniu krik&scaron;\u010dioni\u0173 centru vakarin\u0117je Azijoje, dabar gyvuoja kaip istorinis paminklas, didingai i&scaron;kil\u0119s vir&scaron; senamies\u010dio stog\u0173.<\/p>\n<p>&Scaron;imtme\u010dius skai\u010diuojanti Fortaleza de Monte tvirtov\u0117 Makao mieste i&scaron;kilo dar XVII a. Portugalijos kolonijai apginti. Dabar tvirtov\u0117 yra ap\u017eeldinta \u012fvairiaspalve augmenija, palei jos sienas rikiuojasi senovin\u0117s patrakos, o nuo jos ap\u017evalgos aik&scaron;t\u0117s atsiveria nuostabi panorama \u012f Makao ir jo dangora\u017eius.<\/p>\n<p>Paslaptinga A-Ma &scaron;ventykla \u2013 seniausia visame mieste. Skirta deivei A-Ma, r\u016bpestingai globojan\u010diai vietinius j\u016breivius, &scaron;ventykla vilioja pamatyti po tradiciniais kin\u0173 stogais pasisl\u0117pus\u012f kompleks\u0105, kur\u012f puo&scaron;ia \u012fvairiaspalviai paveikslai, o jo atmosferoje tvyro kvapn\u016bs smilkalai. Yra manoma, kad Makau miesto pavadinimas yra kil\u0119s b\u016btent i&scaron; deiv\u0117s A-Ma vardo.<\/p>\n<p>Tuo tarpu ne\u012ftik\u0117tinas The Venetian kazino yra vienas did\u017eiausi\u0173 pramog\u0173 kompleks\u0173 visame pasaulyje, kuriame galima pamatyti Venecijos gatvi\u0173 kopijas bei kanalus su pro &scaron;al\u012f praplaukian\u010diomis gondolomis. \u010cia galima pasivaik&scaron;\u010dioti itin prabangaus interjero apsuptyje, u\u017esukti \u012f pra&scaron;matnias parduotuves ar i&scaron;bandyti laim\u0119 did\u017eiuliame kazino.<\/p>\n<p><strong>Day 5 <\/strong><\/p>\n<p>\u2022 Pusry\u010diai vie&scaron;butyje (perkant ekskursij\u0173 paket\u0105 pusry\u010diai \u012fskai\u010diuoti).<br \/> \u2022 I&scaron;siregistravimas i&scaron; vie&scaron;bu\u010dio.<br \/> - Transfer to the airport.<br \/> - Check-in.<br \/> \u2022 Skrydis: &Scaron;end\u017eenas\/Honkongas \u2013 Sanja.<br \/> \u2022 Atvykimas \u012f Sanj\u0105 (Hainanio sala).<br \/> \u2022 Perve\u017eimas \u012f vie&scaron;but\u012f.<br \/> - Recreation.<br \/> \u2022 Nakvyn\u0117 vie&scaron;butyje.<\/p>\n<p><strong>Day 6 <\/strong><\/p>\n<p>\u2022 Pusry\u010diai vie&scaron;butyje (perkant ekskursij\u0173 paket\u0105 pusry\u010diai \u012fskai\u010diuoti).<br \/> - Free time by the sea.<br \/> \u2022 Po piet\u0173 i&scaron;vyka \u012f Luhuitou (\u201eElnio, pasukusio galv\u0105\u201c) park\u0105 ir laisvas laikas apsipirkimams (\u012f\u0117jimo bilietai apmokami atskirai).<br \/> \u2022 Gr\u012f\u017eimas \u012f vie&scaron;but\u012f.<br \/> \u2022 Nakvyn\u0117 vie&scaron;butyje.<\/p>\n<p>Luihutou (\u201eElnio, pasukusio galv\u0105\u201c) parke galima susipa\u017einti beveik su visa tropine augalija, kuri\u0105 galima atrasti Hainanio saloje. Visas parkas yra apgaubtas senos legendos apie elni\u0105 ir jaun\u0105 med\u017eiotoj\u0105 mistika \u2013 anot jos, kadaise, kai pa\u010dioje kalno vir&scaron;\u016bn\u0117je med\u017eiotojas pasivijo \u012fsp\u016bding\u0105 elni\u0105 ir i&scaron;k\u0117l\u0117 savo lank\u0105 su str\u0117le, \u017ev\u0117ris pasisuko ir pavirto \u012f ne\u012ftik\u0117tino gro\u017eio mergin\u0105. &Scaron;iam stebuklingam virsmui atminti kalno vir&scaron;\u016bn\u0117je buvo i&scaron;kelta akmenin\u0117 elnio statula, atstojanti tyros ir nuo&scaron;ird\u017eios meil\u0117s simbol\u012f. Lankytojai \u010dia atvyksta pavaik&scaron;tin\u0117ti atogra\u017e\u0173 augalijos apsuptyje ir nuo parko ap\u017evalgos aik&scaron;t\u0117l\u0117s pasigro\u017e\u0117ti magi&scaron;kais Sanjos ir vietos apylinki\u0173 vaizdais.<\/p>\n<p>Aplankysite rykli\u0173 tauk\u0173 fabrik\u0105, &scaron;ilko fabrik\u0105 ir dalyvausite arbatos ceremonijoje.<\/p>\n<p><strong>Day 7 <\/strong><\/p>\n<p>\u2022 Pusry\u010diai vie&scaron;butyje (perkant ekskursij\u0173 paket\u0105 pusry\u010diai \u012fskai\u010diuoti).<br \/> \u2022 Ekskursin\u0117 i&scaron;vyka \u012f etnin\u012f kaimel\u012f ir Yanoda atogr\u0105\u017e\u0173 mi&scaron;ko park\u0105 (papildomai apmokami \u012f\u0117jimo bilietai).<br \/> \u2022 Gr\u012f\u017eimas \u012f vie&scaron;but\u012f.<br \/> \u2022 Nakvyn\u0117 vie&scaron;butyje.<\/p>\n<p>Etnografinis Li ir Miao kaimas \u2013 did\u017eiausias kult\u016brinis Hainanio kompleksas, kvie\u010diantis pasinerti \u012f senov\u0117s salos gyventoj\u0173 tradicijas. Li gentainiai Hainanyje gyveno dar prie&scaron; kin\u0173 atvykim\u0105 \u012f sal\u0105, o &scaron;iek tiek v\u0117liau pas juos atsik\u0117l\u0117 ir Miao grup\u0117s atstov\u0173. Dabar abi grup\u0117s yra oficialiai pripa\u017eintos vietin\u0117s etnin\u0117s ma\u017eumos; jos iki &scaron;i\u0173 lak\u0173 i&scaron;saugojo ir i&scaron;puosel\u0117jo unikalias tradicijas, kurios puikiai atsispindi ir Hainanio etnografiniame kaimelyje. Lankytojai \u010dia u\u017esuka susipa\u017einti su praeities Li ir Miao gyventoj\u0173 kasdienybe \u2013 med\u017eiokl\u0117s ypatumais, ry\u017ei\u0173 perdibimo procesais ar vietiniais amatais. \u010cia galima pamatyti ir spalvingus pasirodymus, skirtus atskleisti vedyb\u0173 ceremonijos elementus, tradicinius &scaron;okius ar liaudies \u017eaidimus. Li ir Miao kaimelis \u2013 ideali vieta norintiems susipa\u017einti su autenti&scaron;ka salos kult\u016bra, i&scaron;saugota pa\u010di\u0173 senov\u0117s gen\u010di\u0173 palikuoni\u0173.<\/p>\n<p>Yanoda atogr\u0105\u017e\u0173 mi&scaron;ko parkas ya i&scaron;sid\u0117st\u0119s vienintel\u0117je tikroje Kinijos atogr\u0105\u017e\u0173 mi&scaron;k\u0173 zonoje. \u010cia visa supantys kra&scaron;tovaizd\u017eiai yra beveik nepaliesti \u017emogaus rank\u0173 \u2013 ve&scaron;l\u016bs fikusai, ilgaam\u017eiai vijokliai, reti taur\u0117papar\u010diai, vaistiniai lingzhi grybai laukin\u0117s palm\u0117s ir orchid\u0117jos kuria ne\u012ftik\u0117tin\u0105 pirmyk&scaron;t\u0117s gamtos atmosfer\u0105. Parke galima pasivaik&scaron;\u010dioti ir \u012fsp\u016bdingu stikliniu 108 metr\u0173 plo\u010dio ir 365 metr\u0173 ilgio tiltu, i&scaron;kilusiu beveik 400 metr\u0173 auk&scaron;tyje vir&scaron; j\u016bros lygio. Pro skaidrias tilto grindis atsiveria stebuklingi vietin\u0117s gamtos vaizdai bei svaiginanti Wuzhishan kaln\u0173 masyvo panorama.<\/p>\n<p><strong>Day 8 <\/strong><\/p>\n<p>\u2022 Pusry\u010diai vie&scaron;butyje (perkant ekskursij\u0173 paket\u0105 pusry\u010diai \u012fskai\u010diuoti).<br \/> - Free time by the sea.<br \/> \u2022 Nakvyn\u0117 vie&scaron;butyje.<\/p>\n<p><strong>Day 9 <\/strong><\/p>\n<p>\u2022 Pusry\u010diai vie&scaron;butyje (perkant ekskursij\u0173 paket\u0105 pusry\u010diai \u012fskai\u010diuoti).<br \/> \u2022 Ekskursin\u0117 i&scaron;vyka \u012f Nan&scaron;ano budizmo kult\u016bros zon\u0105 ir Fenikso gamtos park\u0105 (papildomai apmokami \u012f\u0117jimo bilietai).<br \/> \u2022 Gr\u012f\u017eimas \u012f vie&scaron;but\u012f.<br \/> \u2022 Nakvyn\u0117 vie&scaron;butyje.<\/p>\n<p>Nan&scaron;ano budizmo kult\u016bros zona, i&scaron;sid\u0117s\u010diusi vakaruose nuo Sanjos, yra vienas did\u017eiausi\u0173 budizmo centr\u0173 Azijoje. Atidaryta 1997 m. &scaron;i zona u\u017eima apie 50 kv. km. ir savo teritorijoje kvie\u010dia pamatyti restauruot\u0105 senovin\u0119 &scaron;ventykl\u0105 bei pasivaik&scaron;\u010dioti erdviu kra&scaron;tovaizd\u017eio parku, kuriame harmoningai dera vietin\u0117 gamta ir \u012fmantri architekt\u016bra. &Scaron;alia nutolusi nuo pakrant\u0117s, ant nedidel\u0117s dirbtin\u0117s salos, stovi auk&scaron;\u010diausia pasaulyje bronzin\u0117 bodhisatvos Guanyin statula, kuri\u0105 su pakrante jungia platus p\u0117s\u010di\u0173j\u0173 tiltas. Netoliese, atskirame paviljone, yra saugoma dar viena unikali vietos reklivija \u2013 did\u017eiausia auksin\u0117 bodhisatvos Guanyin statula, sveranti net 140 kilogram\u0173! &Scaron;i yra i&scaron;puo&scaron;ta \u012fvairiausiais brangakmeniais ir sau namus radusi ant lotoso formos pjedestalo, i&scaron;dro\u017eto i&scaron; baltojo nefrito. Auksin\u0117 bodhisatva yra viena did\u017eiausi\u0173 budist\u0173 reklivij\u0173 ir yra \u012ftraukta \u012f Gineso rekord\u0173 knyg\u0105; ji taip pat saugo ir dal\u012f paties Budos &Scaron;akjamunio, gyvenusio prie&scaron; 2500 m., pelen\u0173!<\/p>\n<p>Fenikso gamtos parkas yra i&scaron;sid\u0117st\u0119s ant kalvos, i&scaron;kilusios net 400 m vir&scaron; j\u016bros lygio. \u012e pa\u010dias parko au&scaron;tumas lankytojai kyla lyniniais keltuvais \u2013 i&scaron; \u010dia \u012fkurt\u0173 ap\u017evalgos aik&scaron;teli\u0173 atsiveria penki\u0173 \u017eymiausi\u0173 Sanjos \u012flank\u0173 panorama: Dadonghai, Xiadonghai, Sanya, Yalong ir Yuling. Tuo tarpu paties parko teritorij\u0105 puo&scaron;ia did\u017eiul\u0117, auksin\u0117 Fenikso statula \u2013 vienas svarbiausi\u0173 Kinijos kult\u016bros simboli\u0173, o parko kaln\u0173 &scaron;laitais driekiasi itin vaizdingi net 2 km ilgio takai, kuriuos supa Hainanio atogr\u0105\u017e\u0173 mi&scaron;kai. Vaik&scaron;tin\u0117jant takais galima pamatyti ir aplankyti:<\/p>\n<ol>\n<li>tiltelius ir ap\u017evalgos aik&scaron;teles, kuriose sve\u010diai m\u0117gaujasi nuostabia aplinka, klausosi pauk&scaron;\u010di\u0173 \u010diulbesio bei turi galimyb\u0119 susipa\u017einti su vietine fauna \u2013 \u010dia gyvenan\u010diais grau\u017eikais ir drie\u017eais;<\/li>\n<li>\u201e\u012esimyl\u0117j\u0117li\u0173 tak\u0105\u201c \u2013 medin\u012f takel\u012f, kur\u012f puo&scaron;ia daugyb\u0117 Kupidono statul\u0117li\u0173, kurian\u010di\u0173 itin romanti&scaron;k\u0105 atmosfer\u0105.<\/li>\n<\/ol>\n<p><strong>Day 10 <\/strong><\/p>\n<p>\u2022 Pusry\u010diai vie&scaron;butyje (perkant ekskursij\u0173 paket\u0105 pusry\u010diai \u012fskai\u010diuoti).<br \/> - Free time by the sea.<br \/> \u2022 Po piet\u0173 pageidaujantiems \u2013 ekskursin\u0117 i&scaron;vyka \u012f be\u017ed\u017eioni\u0173 sal\u0105 (\u012f\u0117jimo bilietai \u012fskai\u010diuoti) (papildomas mokestis \u2013 50\u20ac).<br \/> \u2022 Gr\u012f\u017eimas \u012f vie&scaron;but\u012f.<br \/> \u2022 Nakvyn\u0117 vie&scaron;butyje.<\/p>\n<p>Be\u017ed\u017eioni\u0173 sala \u2013 unikalus gamtos rezervatas, kuriame laisvai klajoja daugiau nei 1500 laukini\u0173 makak\u0173. Lankytojai \u010dia keliauja dviem b\u016bdais \u2013 j\u016bra kursuojan\u010diu kateriu arba vaizdingu lyniniu keltuvu. Pa\u010diame rezervate yra \u012fkurtas nedidelis cirkas, kuriame vikrios be\u017ed\u017eion\u0117l\u0117s atlieka \u012fvairiausius pasirodymus, o j\u0173 veido i&scaron;rai&scaron;kos bei nuotaikingos i&scaron;daigos priver\u010dia nusi&scaron;ypsoti net ir pa\u010dius sant\u016briausius lankytojus. Apsilankymas saloje kiekvienam keliautojui dovanoja mil\u017eini&scaron;k\u0105 \u012fvairiausi\u0173 emocij\u0173 palet\u0119, kuri\u0105 ne vienas i&scaron;sine&scaron;a kartu su &scaron;il\u010diausiais prisiminimais ir \u017eaismingomis laukini\u0173 gyventoj\u0173 nuotraukomis.<\/p>\n<p><strong>Day 11 <\/strong><\/p>\n<p>\u2022 Pusry\u010diai vie&scaron;butyje (perkant ekskursij\u0173 paket\u0105 pusry\u010diai \u012fskai\u010diuoti).<br \/> - Free time by the sea.<br \/> \u2022 Nakvyn\u0117 vie&scaron;butyje.<\/p>\n<p><strong>Day 12 <\/strong><\/p>\n<p>\u2022 Pusry\u010diai vie&scaron;butyje (perkant ekskursij\u0173 paket\u0105 pusry\u010diai \u012fskai\u010diuoti).<br \/> \u2022 I&scaron;siregistravimas i&scaron; vie&scaron;bu\u010dio.<br \/> - Transfer to the airport.<br \/> - Check-in.<br \/> \u2022 Skrydis: Sanja \u2013 &Scaron;end\u017eenas\/Honkongas.<br \/> \u2022 Ekskursija po Honkong\u0105.<br \/> - Transfer to the airport.<br \/> - Check-in.<br \/> \u2022 Skrydis: Honkongas \u2013 Stambulas (~22:30-04:55*).<\/p>\n<p>Honkongas \u2013 ne\u012ftik\u0117tinai stulbinantis metropolis, kurio dangorai\u017ei\u0173 vir&scaron;\u016bn\u0117s slepiasi pa\u010diose debesyse, o visa aplink supan\u010di\u0173 \u017ealiuojan\u010di\u0173 kalv\u0173 pap\u0117d\u0117se verda judrus miesto gyvenimas. \u017dymioji Viktorijos vir&scaron;ukaln\u0117 kvie\u010dia pasigro\u017e\u0117ti viena \u012fsp\u016bdingiausi\u0173 visos Azijos panoram\u0173 \u2013 nuo paties vir&scaron;aus galima pamatyti vis\u0105 \u017evilgan\u010di\u0173 bok&scaron;t\u0173, m\u0117lynuojan\u010dio Viktorijos uosto ir kalv\u0173 &scaron;lait\u0173 kaleidoskop\u0105. Pietin\u0117je miesto pakrant\u0117je slepiasi vaizdinga Repulse \u012flanka; jos krantuose geltonuoja jaukus sm\u0117lio papl\u016bdimys, kur\u012f skalauja \u017eydras \u012flankos vanduo \u2013 puiki vieta poilsiui vietiniams ir ne tik bet kuriuo met\u0173 laiku. O tikrasis Honkongo savitumas atsispindi unikalaus rajono \u2013 Aberdeen \u2013 spalvose. &Scaron;iame rajone iki &scaron;i\u0173 dien\u0173 gyventojai gyvena nedideliuose laivuose, taip i&scaron;saugojantys ir puosel\u0117dami kadaise \u010dia klest\u0117jusio \u017evej\u0173 kaimelio dvasi\u0105. Pasivaik&scaron;\u010diojimai Aberdeen pakrant\u0117mis bei apsilankymai jaukiuose ant vandens plaukiojan\u010diuose restoranuose lankytojams leid\u017eia susipa\u017einti su autenti&scaron;ka, tradicine Honkongo puse, neretai pasisl\u0117pusi\u0105 klestin\u010dio miesto &scaron;vies\u0173 &scaron;e&scaron;\u0117liuose.<\/p>\n<p><strong>Day 13 <\/strong><\/p>\n<p>\u2022 Atvykims \u012f Stambul\u0105.<br \/> \u2022 Skrydis: Stambulas \u2013 Ryga (~06:55-10:00).<br \/> \u2022 Atvykimas \u012f Ryg\u0105.<\/p>","protected":false},"excerpt":{"rendered":"<p>VYKSTANT \u012e KINIJ\u0104 LIETUVOS RESPUBLIKOS PILIE\u010cIAMS REIKALINGA VIZA, KURIA KELIAUTOJAI R\u016aPINASI SAVARANKI&Scaron;KAI! D\u0116MESIO! KADANGI KINIJOS AMBASADOS VEIKLA LI&#8230;<\/p>","protected":false},"featured_media":11981,"comment_status":"open","ping_status":"closed","template":"","meta":{"om_disable_all_campaigns":false,"_monsterinsights_skip_tracking":false,"_monsterinsights_sitenote_active":false,"_monsterinsights_sitenote_note":"","_monsterinsights_sitenote_category":0},"product_brand":[],"product_cat":[669],"product_tag":[],"class_list":{"0":"post-12740","1":"product","2":"type-product","3":"status-publish","4":"has-post-thumbnail","6":"product_cat-keliones","8":"first","9":"instock","10":"virtual","11":"taxable","12":"purchasable","13":"product-type-simple"},"aioseo_notices":[],"_links":{"self":[{"href":"https:\/\/www.atravel.lt\/en\/wp-json\/wp\/v2\/product\/12740","targetHints":{"allow":["GET"]}}],"collection":[{"href":"https:\/\/www.atravel.lt\/en\/wp-json\/wp\/v2\/product"}],"about":[{"href":"https:\/\/www.atravel.lt\/en\/wp-json\/wp\/v2\/types\/product"}],"replies":[{"embeddable":true,"href":"https:\/\/www.atravel.lt\/en\/wp-json\/wp\/v2\/comments?post=12740"}],"wp:featuredmedia":[{"embeddable":true,"href":"https:\/\/www.atravel.lt\/en\/wp-json\/wp\/v2\/media\/11981"}],"wp:attachment":[{"href":"https:\/\/www.atravel.lt\/en\/wp-json\/wp\/v2\/media?parent=12740"}],"wp:term":[{"taxonomy":"product_brand","embeddable":true,"href":"https:\/\/www.atravel.lt\/en\/wp-json\/wp\/v2\/product_brand?post=12740"},{"taxonomy":"product_cat","embeddable":true,"href":"https:\/\/www.atravel.lt\/en\/wp-json\/wp\/v2\/product_cat?post=12740"},{"taxonomy":"product_tag","embeddable":true,"href":"https:\/\/www.atravel.lt\/en\/wp-json\/wp\/v2\/product_tag?post=12740"}],"curies":[{"name":"wp","href":"https:\/\/api.w.org\/{rel}","templated":true}]}}