{"id":12738,"date":"2026-03-21T15:44:57","date_gmt":"2026-03-21T13:44:57","guid":{"rendered":"https:\/\/www.atravel.lt\/produktas\/kinija-12-d-skrydis-is-rygos\/"},"modified":"2026-03-21T15:44:57","modified_gmt":"2026-03-21T13:44:57","slug":"kinija-12-d-skrydis-is-rygos","status":"publish","type":"product","link":"https:\/\/www.atravel.lt\/en\/product\/kinija-12-d-skrydis-is-rygos\/","title":{"rendered":"KINIJA 12 D. (skrydis i\u0161 Rygos)"},"content":{"rendered":"<p style=\"text-align: center\"><strong><span style=\"color:#e74c3c\">VYKSTANT \u012e KINIJ\u0104 LIETUVOS RESPUBLIKOS PILIE\u010cIAMS REIKALINGA VIZA, KURIA KELIAUTOJAI R\u016aPINASI SAVARANKI&Scaron;KAI!<br \/> D\u0116MESIO! KADANGI<\/span> <\/strong><strong><a href=\"http:\/\/keliauk.urm.lt\/lt\/countries\/view\/kinija\">KINIJOS AMBASADOS VEIKLA LIETUVOJE<\/a><\/strong><strong> <span style=\"color:#e74c3c\">LAIKINAI SUSTABDYTA, D\u0116L VIZ\u0172 PRA&Scaron;OME KREIPTIS \u012e<\/span> <\/strong><strong><a href=\"http:\/\/lv.china-embassy.gov.cn\/eng\/sgxx\/\">KINIJOS AMBASAD\u0104 RYGOJE<\/a><span style=\"color:#e74c3c\">, <\/span><\/strong><span style=\"color:#e74c3c\"><strong>D\u0116L VIZ\u0172 REKOMENDUOJAME KREIPTIS NE ANKS\u010cIAU KAIP PRIE&Scaron; 2 M\u0116NESIUS IKI KELION\u0116S!<\/strong><\/span><\/p>\n<hr \/>\n<p><strong>1 day <\/strong><\/p>\n<p>- Arrival at Riga Airport.<br \/> - Check-in.<br \/> \u2022 Skrydis: Ryga \u2013 Stambulas (~11:40-15:55).<br \/> \u2022 Atvykimas \u012f Stambul\u0105.<br \/> \u2022 Skrydis: Stambulas \u2013 Pekinas (~17:05-07:15*).<\/p>\n<p><strong>Day 2 <\/strong><\/p>\n<p>\u2022 Atvykimas \u012f Pekin\u0105.<br \/> \u2022 Ekskursin\u0117 i&scaron;vyka \u201eDangi&scaron;kosios ramyb\u0117s vartai\u201c (papildomai apmokamas PRIVALOMAS mokestis u\u017e \u012f\u0117jimo bilietus ~9 $\/asm.).<br \/> \u2022 Vykstame prie Did\u017eiosios kin\u0173 sienos.<br \/> \u2022 Po ekskursijos vykstame \u012f vie&scaron;but\u012f.<br \/> \u2022 \u012esik\u016brimas vie&scaron;butyje.<br \/> - Recreation.<br \/> \u2022 Nakvyn\u0117 vie&scaron;butyje.<\/p>\n<p>Tiananmenis yra ne tik Pekino, bet ir visos Kinijos &scaron;irdis.<\/p>\n<p>Liaudies asambl\u0117jos r\u016bmai, Nacionalinis muziejus, Mao Dzedongo memorialinis namas, Paminklas kovotojams u\u017e Kinijos \u017emoni\u0173 i&scaron;sivadavim\u0105 \u2013 unikal\u016bs sovietinio monumentaliojo klasicizmo ir kin\u0173 r\u016bm\u0173 stiliaus derinio pavyzd\u017eiai. \u012evykiai, palik\u0119 svarbiausi\u0105 p\u0117dsak\u0105 Kinijos istorijoje, vyko pagrindin\u0117je &scaron;alies aik&scaron;t\u0117je, kuri, be jokios abejon\u0117s, yra viena ry&scaron;kiausi\u0173 sostin\u0117s \u012f\u017eymybi\u0173. Daugel\u012f turist\u0173 vilioja ne tik galimyb\u0117 nusifotografuoti tautin\u0117s simbolikos fone, bet ir kasdien\u0117 nacionalin\u0117s v\u0117liavos pak\u0117limo ir nuleidimo ceremonija. &Scaron;iaurin\u0117je aik&scaron;t\u0117s dalyje yra \u201eDangi&scaron;kosios ramyb\u0117s vartai\u201c \u2013 \u012f\u0117jimas \u012f U\u017edraust\u0105j\u012f miest\u0105, beveik &scaron;e&scaron;is &scaron;imtme\u010dius u\u017edarytas paprastiems \u017emon\u0117ms. Po restauracijos 1989 m. duris atv\u0117r\u0117 U\u017edraustasis miestas ir Imperatori&scaron;kieji r\u016bmai, ta\u010diau iki &scaron;iol saugo daug paslap\u010di\u0173 (papildomai apmokamas PRIVALOMAS mokestis u\u017e \u012f\u0117jimo bilietus ~9 $\/asm.).<\/p>\n<p>Vykstame link Did\u017eiosios kin\u0173 sienos. Did\u017eiosios kin\u0173 sienos Juyongguan forpostas buvo paskutin\u0117 kli\u016btis kelyje \u012f sostin\u0119, tod\u0117l buvo \u012ftvirtinta ypa\u010d gerai. \u010cia gal\u0117site pamatyti Mao Dzedongo autograf\u0105 \u201eTas n\u0117ra tikras didvyris, kuris nesilank\u0117 Did\u017eiojoje kin\u0173 sienoje\u201c, ir aplankyti buvus\u012f vadaviet\u0119, kareivines, taip pat vieno i&scaron; legendini\u0173 Trij\u0173 karalys\u010di\u0173 eros Kinijos didvyri\u0173 &scaron;ventykl\u0105, o dabar karo ir turto dievyb\u0117 \u2013 Guan Yu.<\/p>\n<p><strong>Day 3 <\/strong><\/p>\n<p>\u2022 Pusry\u010diai vie&scaron;butyje (perkant ekskursij\u0173 paket\u0105 pusry\u010diai \u012fskai\u010diuoti).<br \/> \u2022 I&scaron;siregistravimas i&scaron; vie&scaron;bu\u010dio.<br \/> \u2022 Ekskursija po Pekin\u0105.<br \/> \u2022 \u012esik\u016brimas vie&scaron;butyje.<br \/> - Recreation.<br \/> \u2022 Nakvyn\u0117 vie&scaron;butyje.<\/p>\n<p>Did\u017eiausias lamaist\u0173 budist\u0173 vienuolynas Pekine yra Yonghegong. Vienuolynas buvo pastatytas 1694 m. I&scaron; prad\u017ei\u0173 jis buvo viena i&scaron; imperatoriaus rezidencij\u0173. &Scaron;iandien &scaron;ventykloje yra 6 metr\u0173 Tsonghawa statula. Prie i&scaron;\u0117jimo galima pamatyti sandalmed\u017eio kalno atvaizd\u0105 su 500 Budos mokini\u0173 fig\u016br\u0117l\u0117mis, pagamintomis i&scaron; aukso, bronzos, alavo ir gele\u017eies.<\/p>\n<p>Vienas pagrindini\u0173 Pekino simboli\u0173 yra Tian Tan Dangaus &scaron;ventykla \u2013 &scaron;ventyklos ir vienuolyno kompleksas m. centrinis Pekinas, kuriame yra vienintel\u0117 apvalios formos &scaron;ventykla, skirta simbolizuoti dang\u0173. \u012etrauktas \u012f UNESCO Pasaulio paveldo s\u0105ra&scaron;\u0105. Kompleksas buvo pastatytas 1420 m., Ming\u0173 dinastijos laikais, imperatoriaus Yong Le.<\/p>\n<p><strong>Day 4 <\/strong><\/p>\n<p>\u2022 Pusry\u010diai vie&scaron;butyje (perkant ekskursij\u0173 paket\u0105 pusry\u010diai \u012fskai\u010diuoti).<br \/> \u2022 I&scaron;siregistravimas i&scaron; vie&scaron;bu\u010dio.<br \/> \u2022 Ekskursin\u0117 i&scaron;vyka \u201eVasaros imperatori&scaron;koji rezidencija \u2013 Yiheyuan\u201c.<br \/> - Free time.<br \/> \u2022 Vykstame \u012f traukini\u0173 stot\u012f.<br \/> \u2022 Kelion\u0117 greituoju traukiniu \u012f Hangd\u017eou miest\u0105 (papildomas mokestis u\u017e traukinio biliet\u0105 \u2013 110 \u20ac\/asm., apmokama kelion\u0117s metu, bet u\u017esakomas i&scaron; anksto!).<br \/> \u2022 Perve\u017eimas i&scaron; traukini\u0173 stoties \u012f vie&scaron;but\u012f (\u012fskai\u010diuota \u012f ekskursij\u0173 ir perve\u017eim\u0173 paket\u0105).<br \/> \u2022 \u012esik\u016brimas vie&scaron;butyje.<br \/> - Recreation.<br \/> \u2022 Nakvyn\u0117 vie&scaron;butyje.<\/p>\n<p>Viena i&scaron; trij\u0173 Kinijos Mand\u017ei\u016br\u0173 valdov\u0173 vasaros rezidencij\u0173, pastatyta imperatoriaus Qianlongo 1750 metais kaip dovana savo motinai. Imperatori&scaron;kojo parko ansamblis, eleganti&scaron;kai apjungiantis tiek poilsio ir pramog\u0173 vietas, tiek didingas &scaron;ventyklas ir oficialius pastatus. Pamatysime pastat\u0105 \u2013 Pekino operos lop&scaron;\u012f, gro\u017e\u0117sim\u0117s grak&scaron;\u010diu Septyniolikos perl\u0173 tiltu, deiv\u0117s Guanyin paviljonu, i&scaron;girsime daugyb\u0119 pasakojim\u0173 i&scaron; paskutin\u0117s Kinijos valdov\u0117s \u2013 \u017eiaurios ir gudrios Cixi gyvenimo. Kunminghu e\u017eeras, ant kurio pastatyta rezidencija, yra did\u017eiausias vandens telkinys Pekine. Did\u017eiausia i&scaron; trij\u0173 jo dali\u0173 naudojama vandens kelion\u0117ms vasar\u0105 ir ledo pramogoms \u017eiem\u0105, dvi ma\u017eesn\u0117s \u2013 lotosams ir g\u0117lavandeniams perlams auginti. B\u016btinai supa\u017eindinsime su perl\u0173 gamybos technologija.<\/p>\n<p>Laisvas laikas, galimyb\u0117 papietauti (papildomas mokestis).<\/p>\n<p><strong>Day 5 <\/strong><\/p>\n<p>\u2022 Pusry\u010diai vie&scaron;butyje (perkant ekskursij\u0173 paket\u0105 pusry\u010diai \u012fskai\u010diuoti).<br \/> \u2022 Ekskursija po Hangd\u017eou miest\u0105.<br \/> - Free time.<br \/> \u2022 Sugr\u012f\u017etame \u012f vie&scaron;but\u012f.<br \/> - Recreation.<br \/> \u2022 Nakvyn\u0117 vie&scaron;butyje.<\/p>\n<p>Pastatytas VI m\u016bs\u0173 eros am\u017eiuje, Hangd\u017eou jau seniai peln\u0117 vieno gra\u017eiausi\u0173 Kinijos miest\u0173 &scaron;lov\u0119. \u201eDanguje rojus &#8211; dangi&scaron;koje Sud\u017eou ir Hangd\u017eou\u201c, \u2013 sako sena kin\u0173 patarl\u0117. &Scaron;iuo metu Hangd\u017eou yra Zhejiang provincijos administracinis centras, kurios teritorijoje yra ir &Scaron;anchajus, ta\u010diau i&scaron;gars\u0117jo jis XII am\u017eiaus antroje pus\u0117je, b\u016bdamas Piet\u0173 Song dinastijos sostine. Daugelis poet\u0173 yra dainav\u0119 apie miesto gro\u017e\u012f ir jo perl\u0105 Xihu e\u017eer\u0105, kur vyko dvi i&scaron; keturi\u0173 klasikini\u0173 meil\u0117s istorij\u0173. Ne\u017eengsite n\u0117 \u017eingsnio nepamin\u0117dami kokios nors istorijos ar legendos.<\/p>\n<p>Supan\u010dio kra&scaron;tovaizd\u017eio gro\u017eio nustebintas IV m\u016bs\u0173 eros am\u017eiuje vienuolis Hui Li \u012fk\u016br\u0117 &scaron;ventykl\u0105 pavadinimu \u201eLingyinsi\u201c \u2013 sielos prieglobs\u010dio &scaron;ventykl\u0105. Dabar tai yra &scaron;iaurin\u0117 Hangd\u017eou dalis. \u010cia susipa\u017einsime su nuostabiu kalnu, pamatysime Budos atvaizd\u0105, taip pat daugyb\u0119 uoloje i&scaron;kalt\u0173 \u017emogaus sukurt\u0173 vaizd\u0173 \u2013 paskutinis i&scaron; j\u0173 datuojamas XIV a.<\/p>\n<p>Arbata nuo seno buvo auginama vaizdingose Longjing kaimo kalvose, kurioms suteiktas garb\u0117s vardas \u201eGarsioji Kinijos arbata\u201c. Pasivaik&scaron;\u010diosime po Dragon Well plantacij\u0105, susipa\u017einsime su subtiliausi\u0173 arbatos lapeli\u0173 rinkimo ir apdorojimo technologija bei i&scaron;skirtin\u0117mis \u017ealiosios arbatos savyb\u0117mis.<\/p>\n<p><strong>Day 6 <\/strong><\/p>\n<p>\u2022 Pusry\u010diai vie&scaron;butyje (perkant ekskursij\u0173 paket\u0105 pusry\u010diai \u012fskai\u010diuoti).<br \/> \u2022 I&scaron;siregistravimas i&scaron; vie&scaron;bu\u010dio.<br \/> \u2022 Vykstame \u012f Sud\u017eou (trukm\u0117 ~3 val.).<br \/> \u2022 Ekskursija po Sud\u017eou miest\u0105.<br \/> \u2022 Po ekskursijos susipa\u017einsime su kinieti&scaron;ko &scaron;ilko gamyba.<br \/> \u2022 Vykstame \u012f vie&scaron;but\u012f.<br \/> \u2022 \u012esik\u016brimas vie&scaron;butyje.<br \/> - Recreation.<br \/> \u2022 Nakvyn\u0117 vie&scaron;butyje.<\/p>\n<p>VI am\u017eiuje prie&scaron; Krist\u0173 Vu dinastijos valdovas \u012fsak\u0117 pastatyti miest\u0105, kuris b\u016bt\u0173 gra\u017eiausias pasaulyje. Taip atsirado Sud\u017eou \u2013 roji&scaron;ka vieta \u017dem\u0117je. Miesto \u012fk\u016br\u0117jo He Lu vardas siejamas su m\u016bs\u0173 pirmosios ekskursijos vieta &#8211; Tigro kalvu. Legenda byloja, kad b\u016btent \u010dia po valdovo palaidojimo staiga pasirod\u0117 baltas tigras, kuris tris dienas praleido ant jo kapo. Pamatysime daug \u012fdomi\u0173 viet\u0173: Kvaili\u0173 &scaron;ulin\u012f ir I&scaron;bandymo akmen\u012f, Ilgaam\u017ei&scaron;kumo persik\u0105 ir Kard\u0173 tvenkin\u012f. Kalvos vir&scaron;\u016bn\u0119 vainikuoja Yunyanta pagoda, kuri savo nuolyd\u017eiu primena Pizos bok&scaron;t\u0105.<\/p>\n<p>Nuostabus &scaron;velnus klimatas u\u017etikrino miesto klest\u0117jim\u0105. &Scaron;is regionas vadinamas \u201ery\u017ei\u0173 ir \u017euvies regionu\u201c, be to, b\u016btent \u010dia smulkieji &scaron;ilkaverpi\u0173 vik&scaron;rai gali pagaminti dvigubai daugiau &scaron;ilko si\u016bl\u0173 nei bet kur kitur. Lankysim\u0117s Sud\u017eou &scaron;ilko fabrike Nr. 1, kur susipa\u017einsime su &scaron;ilko gamybos technologija bei unikaliais &scaron;ilko siuv\u0117j\u0173 darbais.<\/p>\n<p><strong>Day 7 <\/strong><\/p>\n<p>\u2022 Pusry\u010diai vie&scaron;butyje (perkant ekskursij\u0173 paket\u0105 pusry\u010diai \u012fskai\u010diuoti).<br \/> \u2022 I&scaron;siregistravimas i&scaron; vie&scaron;bu\u010dio.<br \/> \u2022 T\u0119siame pa\u017eint\u012f su Sud\u017eou miestu.<br \/> \u2022 Vykstame \u012f &Scaron;anchaj\u0173.<br \/> \u2022 Ekskursija po &Scaron;anchaj\u0173.<br \/> \u2022 Vykstame \u012f vie&scaron;but\u012f.<br \/> \u2022 \u012esik\u016brimas vie&scaron;butyje.<br \/> - Recreation.<br \/> \u2022 Nakvyn\u0117 vie&scaron;butyje.<\/p>\n<p>Sud\u017eou &#8211; n\u0117ra pana&scaron;us \u012f jokius kitus Kinijos miestus, jo i&scaron;vaizd\u0105 visi&scaron;kai suformuoja vanduo ir sodai. XIII am\u017eiuje Marco Polo, keliaudamas po Kinij\u0105, pasteb\u0117jo, kad miestas yra pana&scaron;us \u012f jo gimt\u0105j\u0105 Venecij\u0105. Tuo metu vietiniai gyventojai po miest\u0105 keliaudavo daugiausiai valtimis, o kiekvienas kvadratinis kilometras miesto aik&scaron;t\u0117s tur\u0117jo iki 15 tilt\u0173! Ta\u010diau \u201eRyt\u0173 Venecija\u201c ypa\u010d gars\u0117ja ne tik savo tiltais ir kanalais, kuri\u0173 yra daugyb\u0117 Jiangsu ir kaimyniniame D\u017eedziange (mes tikrai juos pamatysime, bet u\u017e papildom\u0105 mokest\u012f gal\u0117sime pasiplaukioti laivu) bet ir unikaliais pietiniais priva\u010diais sodais. Mingo ir \u010cingo laikais turtingieji kinai pasistat\u0117 \u010dia savo rezidencijas. Vienatv\u0117s sodas, nuolanki\u0173j\u0173 valdinink\u0173 sodas, tinkl\u0173 audimo meistro sodas yra \u012ftraukti \u012f UNESCO istorini\u0173 ir kult\u016brini\u0173 paveldo s\u0105ra&scaron;\u0105, &scaron;ie objektai yra turist\u0173 piligrimyst\u0117s objektai. Pasivaik&scaron;\u010diosime ir susipa\u017einsime su kiekvienu klasikinio kin\u0173 sodo elementu. Vyksime turistiniu autobusu \u012f &Scaron;anchaj\u0173 (kelion\u0117s trukm\u0117 ~2 valandos).<\/p>\n<p>&Scaron;anchajus &#8211; vienas i&scaron; jauniausi\u0173 Jiangnan (Jangdz\u0117s up\u0117s deltos) miest\u0173, ta\u010diau be jokios abejon\u0117s, garsiausias ir grei\u010diausiai augantis. Ir net jei greitos pl\u0117tros impulsas buvo li\u016bdni \u012fvykiai Kinijoje ir u\u017esienie\u010di\u0173 atvykimas \u012f Kinijos teritorij\u0105, rezultatas nenustoja visus &scaron;okiruoti. Pra\u0117jusio am\u017eiaus prad\u017eioje jis da\u017enai buvo vadinamas \u201eRyt\u0173 Pary\u017eiumi\u201c, dabar &#8211; vienu labiausiai europieti&scaron;k\u0173 Kinijos miest\u0173&#8221;.<\/p>\n<p><strong>Day 8 <\/strong><\/p>\n<p>\u2022 Pusry\u010diai vie&scaron;butyje (perkant ekskursij\u0173 paket\u0105 pusry\u010diai \u012fskai\u010diuoti).<br \/> \u2022 I&scaron;siregistravimas i&scaron; vie&scaron;bu\u010dio.<br \/> \u2022 Ekskursin\u0117 i&scaron;vyka \u201ePagrindin\u0117 &Scaron;anchajaus aik&scaron;t\u0117 \u2013 Liaudies aik&scaron;t\u0117\u201c.<br \/> \u2022 Laisvas laikas po ekskursij\u0173.<br \/> \u2022 \u012esik\u016brimas vie&scaron;butyje.<br \/> - Recreation.<br \/> \u2022 Nakvyn\u0117 vie&scaron;butyje.<\/p>\n<p>Liaudies aik&scaron;t\u0117 &#8211; pagrindin\u0117 &Scaron;anchajaus aik&scaron;t\u0117. Kadaise \u010dia buvo \u012fsik\u016br\u0119s hipodromas, \u201eJockey Club\u201c pastatas i&scaron;liko iki &scaron;i\u0173 dien\u0173. 1995 m. &scaron;iaurin\u0117je miesto dalyje buvo pastatytas naujas &Scaron;anchajaus vyriausyb\u0117s pastatas, o aik&scaron;t\u0117 buvo pertvarkyta. G\u0117l\u0117s ir fontanai, &scaron;e&scaron;\u0117liniai kampai Tautiniame parke, kurie u\u017e\u0117m\u0117 dal\u012f teritorijos, tapo m\u0117gstamiausia vieta pasivaik&scaron;\u010diojimams diena ir pasimatymams. Aik&scaron;t\u0117je buvo pastatyti unikal\u016bs Miesto planavimo centro, Did\u017eiojo teatro ir &Scaron;anchajaus muziejaus pastatai su keturiais auk&scaron;tais su nuostabiomis senov\u0117s tapybos ir kaligrafijos kolekcijomis, nefrito ir bronzos dirbiniais, monetomis ir baldais. I&scaron;vykimas \u012f Nefritinio Budos &scaron;ventykl\u0105.<\/p>\n<p>Komplekso, pastatyto \u201eSuna\u201c stiliumi, statyba buvo baigta 1928 m., Jame yra dvi nefritin\u0117s Budos statulos, atve\u017etos i&scaron; Birmos. Nuo 1983 m. &Scaron;anchajaus budizmo institutas buvo \u012fsik\u016br\u0119s &scaron;ventykloje, o nuo 1985 m. atnaujino sutr\u0173, meditacijos ir budizmo ritual\u0173 paskaitos. Galb\u016bt ir mums pasiseks pamatyti vien\u0105 i&scaron; &scaron;i\u0173 ritual\u0173.<\/p>\n<p>Bundo (Vaitan) krantin\u0119 galima pavadinti pasaulio architekt\u016bros muziejumi. Jo pusantro metro atkarpoje yra kruop&scaron;\u010diai i&scaron;saugoti 52 \u012fvairi\u0173 architekt\u016bros stili\u0173 pastatai: klasicizmo, gotikos, neoklasicizmo, baroko ir viena turtingiausi\u0173 art deco pastat\u0173 kolekcij\u0173 pasaulyje. Krantin\u0117 prasid\u0117jo nuo Huangpu sodo, kurio vartuose galima buvo pamatyti gars\u0173j\u012f \u017eenkl\u0105 \u201e&Scaron;unims ir kinams be savinink\u0173 \u012feiti draud\u017eiama\u201c. Nanjinglu p\u0117s\u010di\u0173j\u0173 gatv\u0117 yra viena pagrindini\u0173 &Scaron;anchajaus prekybos gatvi\u0173. Kavin\u0117s, restoranai, parduotuv\u0117l\u0117s ir parduotuv\u0117s, kur gal\u0117site \u012fsigyti visko &#8211; nuo nebrangi\u0173 suvenyr\u0173 iki antikvarini\u0173 daikt\u0173.<\/p>\n<p><strong>Day 9 <\/strong><\/p>\n<p>\u2022 Pusry\u010diai vie&scaron;butyje (perkant ekskursij\u0173 paket\u0105 pusry\u010diai \u012fskai\u010diuoti).<br \/> \u2022 Ekskursin\u0117 i&scaron;vyka \u012f Zhujiajiao.<br \/> \u2022 Sugr\u012f\u017etame \u012f vie&scaron;but\u012f.<br \/> - Recreation.<br \/> \u2022 Nakvyn\u0117 vie&scaron;butyje.<\/p>\n<p>Vakariniame &Scaron;anchajaus priemiestyje prie Dyanshan e\u017eero, 50 km nuo miesto centro, yra Kinijai ne\u012fprasta vieta, vadinama &Scaron;anchajaus Venecija, senovinis miestas ant vandens &#8211; Zhujiajiao. Gra\u017eiais kanalais, trisde&scaron;imt &scaron;e&scaron;iais lenktais akmeniniais tiltais su savo pavadinimu ir istorija, senoviniais grindiniais ir daugiau nei de&scaron;im\u010dia t\u016bkstan\u010di\u0173 nam\u0173, pastatyt\u0173 Mingo (1368-1644) ir \u010cingo (1644-1911) epochoje, Zhujiajiao pakeit\u0117 \u010dia egzistavusi\u0105 gyvenviet\u0119 Trij\u0173 karalys\u010di\u0173 laikais.<\/p>\n<p>Zhujiajiao yra viena i&scaron; viet\u0173, kurios istorija siekia 1700 met\u0173, senov\u0117s Kinijos atmosfera joje i&scaron;liko ne\u012ftik\u0117tinai nepakitusi. Tai matyti visame kame: senovin\u0117se gatv\u0117se ir architekt\u016broje, vietini\u0173 gyventoj\u0173 papro\u010diuose, miestieti&scaron;kuose, b\u016bdinguose Kinijos pietry\u010diams, vandens peiza\u017euose. \u010cia yra gro\u017eio, ramyb\u0117s ir tylos karalyst\u0117.<\/p>\n<p>Siauros gatvel\u0117s, istoriniai paminklai, senoviniai tiltai ir parduotuv\u0117s suteiks didel\u012f malonum\u0105 visiems Zhujiajiao sve\u010diams. Po &scaron;urmuliuojan\u010dio &scaron;iuolaikinio &Scaron;anchajaus gyvenimo, &scaron;is kaimi&scaron;k\u0105 autenti&scaron;k\u0105 \u017eaves\u012f i&scaron;laik\u0119s senamiestis stebina lankytojus.<\/p>\n<p><strong>Day 10 <\/strong><\/p>\n<p>\u2022 Pusry\u010diai vie&scaron;butyje (perkant ekskursij\u0173 paket\u0105 pusry\u010diai \u012fskai\u010diuoti).<br \/> \u2022 I&scaron;siregistravimas i&scaron; vie&scaron;bu\u010dio.<br \/> \u2022 Ekskursija po &Scaron;anchajaus senamiest\u012f.<br \/> \u2022 Perve\u017eimas \u012f vie&scaron;but\u012f.<br \/> \u2022 \u012esik\u016brimas vie&scaron;butyje.<br \/> \u2022 Nakvyn\u0117 vie&scaron;butyje.<\/p>\n<p>XIX am\u017eiaus viduryje statant gyvenvietes, kuriose gyveno u\u017esienie\u010diai ir galiojo j\u0173 valstybi\u0173 \u012fstatymai, &Scaron;anchajuje kinams gyventi liko tik nedidelis \u017eem\u0117s plotas. Aplankysime senamiest\u012f \u2013 Kinijos &Scaron;anchaj\u0173, kuriame yra prekybos rajonai, Miesto diev\u0173 &scaron;ventykla ir pagrindinis traukos objektas \u2013 D\u017eiaugsmo sodas (\u201eYuyuan\u201c), pastatytas XVI a. Kitas puikus priva\u010di\u0173 pietini\u0173 sod\u0173 pavyzdys susideda i&scaron; dviej\u0173 dali\u0173 \u2013 atviros (Lotoso tvenkinys, Paviljonas e\u017eero &scaron;irdyje, Devyni\u0173 vingi\u0173 tiltas) ir u\u017edaros &#8211; rezidencijos. Pamatysime &scaron;eimininko nam\u0105 ir darbo kambar\u012f, moter\u0173 namo pus\u0119, teatr\u0105, susipa\u017einsime su vizualinio erdv\u0117s i&scaron;pl\u0117timo b\u016bdais, pamaitinsime auksines \u017euveles tvenkiniuose.<\/p>\n<p>Laisvas laikas, galimyb\u0117 papietauti.<\/p>\n<p>Sunku \u012fsivaizduoti, kad prie&scaron; ketvirt\u012f am\u017eiaus rytiniame Hanpu-Pudongo up\u0117s krante buvo tik ry\u017ei\u0173 laukai ir vieno auk&scaron;to uosto pastatai. 2015 metais buvo baigtas statyti 632 metr\u0173 &Scaron;anchajaus bok&scaron;tas \u2013 tre\u010dias pagal auk&scaron;t\u012f laisvai stovintis pastatas pasaulyje. Pasivaik&scaron;\u010diosime apskrito oro taku, esan\u010diu rajono centre, ir gal\u0117sime pasidaryti nuotraukas &scaron;iuolaikin\u0117s architekt\u016bros &scaron;edevr\u0173 fone: &Scaron;anchajaus perlo bok&scaron;to, Kinijos banko, &Scaron;anchajaus finans\u0173 centro, Jin Mao pastato ir kit\u0173 Pudongo dangorai\u017ei\u0173. Toliau ap\u017evalgin\u0117s ekskursijos metu m\u016bs\u0173 laukia T\u016bkstantme\u010dio aik&scaron;t\u0117, su mil\u017eini&scaron;ku saul\u0117s laikrod\u017eiu, meno muziejais ir mokslo bei technikos muziejumi.<\/p>\n<p><strong>Day 11 <\/strong><\/p>\n<p>\u2022 Ankstyvas i&scaron;siregistravimas i&scaron; vie&scaron;bu\u010dio.<br \/> - Transfer to the airport.<br \/> - Check-in.<br \/> \u2022 Skrydis: &Scaron;anchajus \u2013 Stambulas (~10:10-17:10).<br \/> \u2022 Atvykimas \u012f Stambul\u0105.<br \/> \u2022 Perve\u017eimas \u012f vie&scaron;but\u012f.<br \/> \u2022 \u012esik\u016brimas vie&scaron;butyje.<br \/> \u2022 Nakvyn\u0117 vie&scaron;butyje.<\/p>\n<p><strong>Day 12 <\/strong><\/p>\n<p>\u2022 Ankstyvas i&scaron;siregistravimas i&scaron; vie&scaron;bu\u010dio.<br \/> - Transfer to the airport.<br \/> \u2022 Skrydis: Stambulas \u2013 Ryga (~08:30-10:45).<br \/> \u2022 Atvykimas \u012f Ryg\u0105.<\/p>","protected":false},"excerpt":{"rendered":"<p>VYKSTANT \u012e KINIJ\u0104 LIETUVOS RESPUBLIKOS PILIE\u010cIAMS REIKALINGA VIZA, KURIA KELIAUTOJAI R\u016aPINASI SAVARANKI&Scaron;KAI! D\u0116MESIO! KADANGI KINIJOS AMBASADOS VEIKLA LI&#8230;<\/p>","protected":false},"featured_media":11979,"comment_status":"open","ping_status":"closed","template":"","meta":{"om_disable_all_campaigns":false,"_monsterinsights_skip_tracking":false,"_monsterinsights_sitenote_active":false,"_monsterinsights_sitenote_note":"","_monsterinsights_sitenote_category":0},"product_brand":[],"product_cat":[669],"product_tag":[],"class_list":{"0":"post-12738","1":"product","2":"type-product","3":"status-publish","4":"has-post-thumbnail","6":"product_cat-keliones","8":"first","9":"instock","10":"virtual","11":"taxable","12":"purchasable","13":"product-type-simple"},"aioseo_notices":[],"_links":{"self":[{"href":"https:\/\/www.atravel.lt\/en\/wp-json\/wp\/v2\/product\/12738","targetHints":{"allow":["GET"]}}],"collection":[{"href":"https:\/\/www.atravel.lt\/en\/wp-json\/wp\/v2\/product"}],"about":[{"href":"https:\/\/www.atravel.lt\/en\/wp-json\/wp\/v2\/types\/product"}],"replies":[{"embeddable":true,"href":"https:\/\/www.atravel.lt\/en\/wp-json\/wp\/v2\/comments?post=12738"}],"wp:featuredmedia":[{"embeddable":true,"href":"https:\/\/www.atravel.lt\/en\/wp-json\/wp\/v2\/media\/11979"}],"wp:attachment":[{"href":"https:\/\/www.atravel.lt\/en\/wp-json\/wp\/v2\/media?parent=12738"}],"wp:term":[{"taxonomy":"product_brand","embeddable":true,"href":"https:\/\/www.atravel.lt\/en\/wp-json\/wp\/v2\/product_brand?post=12738"},{"taxonomy":"product_cat","embeddable":true,"href":"https:\/\/www.atravel.lt\/en\/wp-json\/wp\/v2\/product_cat?post=12738"},{"taxonomy":"product_tag","embeddable":true,"href":"https:\/\/www.atravel.lt\/en\/wp-json\/wp\/v2\/product_tag?post=12738"}],"curies":[{"name":"wp","href":"https:\/\/api.w.org\/{rel}","templated":true}]}}