{"id":12736,"date":"2026-03-21T15:44:57","date_gmt":"2026-03-21T13:44:57","guid":{"rendered":"https:\/\/www.atravel.lt\/produktas\/gruzija-pazistama-ir-nauja-skrydis-is-rygos\/"},"modified":"2026-03-21T15:44:57","modified_gmt":"2026-03-21T13:44:57","slug":"gruzija-pazistama-ir-nauja-skrydis-is-rygos","status":"publish","type":"product","link":"https:\/\/www.atravel.lt\/en\/product\/gruzija-pazistama-ir-nauja-skrydis-is-rygos\/","title":{"rendered":"Gruzija &#8211; pa\u017e\u012fstama ir nauja (skrydis i\u0161 Rygos)"},"content":{"rendered":"<h3 style=\"text-align: center\"><span style=\"color:#e74c3c\"><strong>YRA GALIMYB\u0116 SKRISTI I&Scaron; VILNIAUS SU PRIEMOKA NUO 100 \u20ac (VIET\u0172 KIEKIS RIBOTAS)!<\/strong><br \/> <b><strong>(d\u0117l viet\u0173 ir tikslios kainos teirautis agent\u016broje)<\/strong><\/b><\/span><\/h3>\n<hr \/>\n<h3 style=\"text-align: center\"><span style=\"color:#e74c3c\"><strong>D\u0117mesio! Nuo 2024.06.01 Gruzijoje \u012fsigalioja nauji reikalavimai, visi atvykstantys \u012f &scaron;al\u012f privalo tur\u0117ti sveikatos draudim\u0105, galiojant\u012f visos kelion\u0117s metu. Keliautojams neturintiems draudimo gresia 110$ bauda!<\/strong><\/span><\/h3>\n<hr \/>\n<p><strong>1 day <\/strong><\/p>\n<p>- Arrival at Riga Airport.<br \/> - Check-in.<br \/> \u2022 Skrydis: Ryga \u2013 Tbilisis (~23:50-05:15*).<\/p>\n<p><strong>Day 2 <\/strong><\/p>\n<p>\u2022 Atskridimas \u012f Tbilis\u012f.<br \/> \u2022 Perve\u017eimas \u012f vie&scaron;but\u012f.<br \/> \u2022 \u012esik\u016brimas vie&scaron;butyje.<br \/> \u2022 Pusry\u010diai vie&scaron;butyje (perkant ekskursij\u0173 paket\u0105 pusry\u010diai \u012fskai\u010diuoti).<br \/> \u2022 Ekskursija p\u0117s\u010diomis po Tbilis\u012f.<br \/> - Free time after the city tour.<br \/> \u2022 Sugr\u012f\u017etame \u012f vie&scaron;but\u012f.<br \/> - Recreation.<br \/> \u2022 Nakvyn\u0117 vie&scaron;butyje.<\/p>\n<p>P\u0117s\u010di\u0173j\u0173 ekskursija po Tbilis\u012f \u2013 vien\u0105 gra\u017eiausi\u0173 U\u017ekaukaz\u0117s miest\u0173.<\/p>\n<p>\u010cia gamta tarsi susilieja su \u017emogaus k\u016bryba, palikdama savo p\u0117dsak\u0105 architekt\u016broje ir i&scaron;tisuose miesto ansambliuose. Leisim\u0117s \u012f autorin\u0119 ekskursij\u0105 su vietiniu gidu \u201eBohemi&scaron;kas miestas imperij\u0173 kry\u017ekel\u0117je\u201c. Susipa\u017einsime su unikalia Tbilisio kult\u016bra, aptarsime daugyb\u0119 \u012ftak\u0173, per &scaron;imtme\u010dius formavusi\u0173 miesto veid\u0105. Aplankysime spalvingus kiemelius ir senovines &scaron;ventyklas, kad pajustume nepakartojam\u0105 sostin\u0117s atmosfer\u0105.<\/p>\n<p>Vakare, pageidaujantiems, si\u016blome i&scaron;kilming\u0105 vakarien\u0119 viename geriausi\u0173 &scaron;alies restoran\u0173 (papildoma priemoka \u2013 40 \u20ac). Vakarien\u0117s metu gal\u0117site paragauti tradicini\u0173 gruzini&scaron;k\u0173 patiekal\u0173, pasim\u0117gauti folkloro programa, gyva muzika ir &scaron;okiais. Visa programa vyks autenti&scaron;koje gruzini&scaron;koje aplinkoje.<\/p>\n<p><strong>Day 3 <\/strong><\/p>\n<p>\u2022 Pusry\u010diai vie&scaron;butyje (perkant ekskursij\u0173 paket\u0105 pusry\u010diai \u012fskai\u010diuoti).<br \/> \u2022 Ekskursin\u0117 i&scaron;vyka \u012f Kachetijos region\u0105.<br \/> \u2022 Po ekskursijos sugr\u012f\u017etame \u012f vie&scaron;but\u012f.<br \/> - Recreation.<br \/> \u2022 Nakvyn\u0117 vie&scaron;butyje.<\/p>\n<p>Atvykimas \u012f kunigaik&scaron;\u010di\u0173 \u010cav\u010davadz\u0117s r\u016bmus Cinandalyje (\u012f\u0117jimo bilietas ~8 \u20ac\/asm.). R\u016bmus supa vaizdingas parkas, o XIX a. tai buvo vienas svarbiausi\u0173 Gruzijos kult\u016brinio gyvenimo centr\u0173. B\u016btent \u010dia buvo pagamintas pirmasis gruzini&scaron;kas vynas pagal europieti&scaron;k\u0105 technologij\u0105, o r\u016bm\u0173 interjerai atspind\u0117jo to meto rafinuot\u0105 skon\u012f ir prabang\u0105. Cinandalyje lank\u0117si Pu&scaron;kinas, Lermontovas, o Aleksandras Gribojedovas \u010dia skait\u0117 savo komedijos \u201eVargas d\u0117l proto\u201c i&scaron;traukas.<\/p>\n<p>Vyno tunelio Kvarelyje lankymas (\u012f\u0117jimo bilietas nuo 8 \u20ac). Tunelis \u012frengtas XX a. 7-ajame de&scaron;imtmetyje Kaukazo kalnuose ir &scaron;iandien yra viena did\u017eiausi\u0173 vyno saugykl\u0173 Gruzijoje (apie 7,7 km ilgio). \u010cia palaikomas nat\u016bralus mikroklimatas, idealiai tinkantis vynui brandinti. Ekskursijos metu \u2013 firmini\u0173 gruzini&scaron;k\u0173 vyn\u0173 degustacija.<\/p>\n<p>Taip pat aplankysime Alaverd\u017eio vienuolyno kompleks\u0105 \u2013 vien\u0105 seniausi\u0173 ir reik&scaron;mingiausi\u0173 Gruzijos dvasini\u0173 centr\u0173.<\/p>\n<p><strong>Day 4 <\/strong><\/p>\n<p>\u2022 Pusry\u010diai vie&scaron;butyje (perkant ekskursij\u0173 paket\u0105 pusry\u010diai \u012fskai\u010diuoti).<br \/> \u2022 I&scaron;siregistravimas i&scaron; vie&scaron;bu\u010dio.<br \/> \u2022 Vykstame \u012f Samcche\u2013D\u017eavachetijos region\u0105.<br \/> \u2022 Atvykimas \u012f Achalcich\u0119.<br \/> \u2022 Pageidaujantiems si\u016blome ekskursin\u0119 i&scaron;vyk\u0105 \u012f Samcche\u2013D\u017eavachetijos region\u0105 (papildomas mokestis \u2013 30 \u20ac\/asm. + \u012f\u0117jimo bilietai ~20 \u20ac).<br \/> \u2022 Po ekskursijos sugr\u012f\u017etame \u012f vie&scaron;but\u012f.<br \/> \u2022 \u012esik\u016brimas vie&scaron;butyje.<br \/> - Recreation.<br \/> \u2022 Nakvyn\u0117 vie&scaron;butyje.<\/p>\n<p>Apsilankymas did\u017eiausiame U\u017ekaukaz\u0117s uoliniame mieste \u2013 Vardzijoje. Tvirtov\u0117s statybas prad\u0117jo karalius Georgijus III, o jas u\u017ebaig\u0117 jo dukt\u0117, karalien\u0117 Tamara, pavertusi Vardzij\u0105 svarbiu gynybiniu ir vienuoliniu kompleksu. Miestas daugiausia buvo statomas 1156\u20131203 m. Auk&scaron;\u010diausia komplekso ola yra 1462 m vir&scaron; j\u016bros lygio. Vardzij\u0105 sudar\u0117 apie 15 &scaron;ventykl\u0173, vienoje j\u0173 iki &scaron;iol i&scaron;likusi unikali karalien\u0117s Tamaros freska.<\/p>\n<p>Toliau \u2013 Chertvisio tvirtov\u0117, viduram\u017ei\u0173 kompleksas, \u012fsik\u016br\u0119s Paravanio ir Mtkvario upi\u0173 santakoje. Feodaliniu laikotarpiu Chertvisis buvo svarbus gynybinis punktas.<br \/> Nuo 2007 m. spalio 24 d. tvirtov\u0117 \u012ftraukta \u012f preliminar\u0173 UNESCO pasaulio paveldo s\u0105ra&scaron;\u0105.<\/p>\n<p>Rabato tvirtov\u0117. \u017dodis \u201erabatas\u201c yra arab\u0173 kilm\u0117s ir rei&scaron;kia \u201e\u012ftvirtint\u0105 viet\u0105\u201c. I&scaron; prad\u017ei\u0173 taip buvo vadinamas prekybinis kvartalas prie tvirtov\u0117s, ta\u010diau laikui b\u0117gant pavadinimas prigijo visam kompleksui. Tai vienas gra\u017eiausi\u0173 regiono objekt\u0173, apimantis muziej\u0173, ba\u017eny\u010di\u0105, me\u010det\u0119 ir maur\u0173 galerij\u0105.<\/p>\n<p><strong>Day 5 <\/strong><\/p>\n<p>\u2022 Pusry\u010diai vie&scaron;butyje (perkant ekskursij\u0173 paket\u0105 pusry\u010diai \u012fskai\u010diuoti).<br \/> \u2022 I&scaron;siregistravimas i&scaron; vie&scaron;bu\u010dio.<br \/> \u2022 Vykstame \u012f Kutais\u012f.<br \/> \u2022 Pageidaujantiems si\u016blome ekskursij\u0105 po Imeretijos region\u0105 (papildomas mokestis \u2013 30 \u20ac\/asm. + \u012f\u0117jimo bilietai).<br \/> \u2022 Vykstame \u012f vie&scaron;but\u012f.<br \/> \u2022 \u012esik\u016brimas vie&scaron;butyje.<br \/> \u2022 Nakvyn\u0117 vie&scaron;butyje.<\/p>\n<p>Kutaisis \u2013 vienas seniausi\u0173 Gruzijos miest\u0173, kurio istorija siekia paleolito laikus. Miestas visada i&scaron;liko svarbiu Gruzijos kult\u016bros centru.<\/p>\n<p>Promet\u0117jo (Kumistavio) urvo lankymas netoli Cchaltubo \u2013 did\u017eiausias urvas Gruzijoje.<\/p>\n<p>Vykstame \u012f Sataplijos kompleks\u0105 \u2013 \u010dia aptikti vieninteliai regione dinozaur\u0173 p\u0117dsakai, \u012frengtas gamtos takas ir karstiniai urvai (\u012f\u0117jimo bilietas ~8 \u20ac).<\/p>\n<p><strong>Day 6 <\/strong><\/p>\n<p>\u2022 Pusry\u010diai vie&scaron;butyje (perkant ekskursij\u0173 paket\u0105 pusry\u010diai \u012fskai\u010diuoti).<br \/> \u2022 I&scaron;siregistravimas i&scaron; vie&scaron;bu\u010dio.<br \/> \u2022 Ekskursin\u0117 i&scaron;vyka \u012f Megrelijos region\u0105.<br \/> \u2022 Pageidaujantiems si\u016blome pietus su kulinariniu meistri&scaron;kumo u\u017esi\u0117mimu (papildomas mokestis &#8211; 35 \u20ac\/asm.).<br \/> \u2022 Vykstame link Batumio.<br \/> \u2022 \u012esik\u016brimas vie&scaron;butyje.<br \/> - Recreation.<br \/> \u2022 Nakvyn\u0117 vie&scaron;butyje.<\/p>\n<p>I&scaron;vykimas \u012f Dadiani\u0173 r\u016bmus (\u012f\u0117jimo bilietas ~7 \u20ac, kanjono lankymas ~10 \u20ac).<\/p>\n<p>Megrel\u0173 kunigaik&scaron;\u010di\u0173 Dadiani\u0173 gimin\u0117s r\u016bmai \u2013 pagrindin\u0117 Zugdid\u017eio miesto \u012f\u017eymyb\u0117 ir svarbus Vakar\u0173 Gruzijos istorijos paminklas. R\u016bmai priklaus\u0117 vienai \u012ftakingiausi\u0173 regiono aristokrat\u0173 dinastij\u0173. Dadiani\u0173 &scaron;eima palaik\u0117 glaud\u017eius ry&scaron;ius su Europos valdov\u0173 namais: kunigaik&scaron;tien\u0117 Jekaterina Dadiani buvo i&scaron;tek\u0117jusi u\u017e Achilo Murato \u2013 Napoleono Bonaparto s\u016bn\u0117no ir imperatorien\u0117s \u017dozefinos giminai\u010dio.<\/p>\n<p>Martvilio kanjonas \u2013 viena vaizdingiausi\u0173 Megrelijos gamtos \u012f\u017eymybi\u0173. Subtropin\u0117 augmenija, auk&scaron;tos uol\u0117tos sienos ir turkio spalvos vanduo sukuria \u012fsp\u016bdingus kra&scaron;tovaizd\u017eius. Kanjonas driekiasi apie 2,5 km, o uol\u0173 auk&scaron;tis kai kur siekia daugiau nei 40 metr\u0173. Ekskursijos metu leisim\u0117s plaukimu valtimi upe link krioklio (pageidaujant u\u017e papildom\u0105 mokest\u012f), kur gal\u0117sime pasigro\u017e\u0117ti galingais vandens srautais, krintan\u010diais \u012f akmenin\u012f tarpekl\u012f.<\/p>\n<p><strong>Day 7 <\/strong><\/p>\n<p>\u2022 Pusry\u010diai vie&scaron;butyje (perkant ekskursij\u0173 paket\u0105 pusry\u010diai \u012fskai\u010diuoti).<br \/> \u2022 Ekskursija po Batum\u012f.<br \/> - Free time after the tour.<br \/> - Recreation.<br \/> \u2022 Nakvyn\u0117 vie&scaron;butyje.<\/p>\n<p>Batumi \u2013 miestas ir uostas Juodosios j\u016bros pakrant\u0117je. Tai Ad\u017earijos sostin\u0117 ir pagrindinis &scaron;iuolaikin\u0117s Gruzijos turizmo centras, traukiantis keliautojus savo istoriniu senamies\u010diu, jaukiomis gatvel\u0117mis ir paj\u016brio atmosfera.<\/p>\n<p><strong>Day 8 <\/strong><\/p>\n<p>\u2022 Pusry\u010diai vie&scaron;butyje (perkant ekskursij\u0173 paket\u0105 pusry\u010diai \u012fskai\u010diuoti).<br \/> \u2022 I&scaron;siregistravimas i&scaron; vie&scaron;bu\u010dio.<br \/> \u2022 I&scaron;vykstame link Tbilisio.<br \/> \u2022 Pakeliui sustosime pietums (pageidaujant u\u017e papildom\u0105 mokest\u012f \u2013 20 \u20ac\/asm.).<br \/> - We arrive in Tbilisi.<br \/> \u2022 \u012esik\u016brimas vie&scaron;butyje.<br \/> - Recreation.<br \/> \u2022 Nakvyn\u0117 vie&scaron;butyje.<\/p>\n<p><strong>Day 9 <\/strong><\/p>\n<p>\u2022 Ankstyvas i&scaron;siregistravimas i&scaron; vie&scaron;bu\u010dio.<br \/> - Transfer to the airport.<br \/> - Check-in.<br \/> \u2022 Skrydis: Tbilisis \u2013 Ryga (~06:00-09:25).<br \/> - Arrival at Riga Airport.<\/p>","protected":false},"excerpt":{"rendered":"<p>YRA GALIMYB\u0116 SKRISTI I&Scaron; VILNIAUS SU PRIEMOKA NUO 100 \u20ac (VIET\u0172 KIEKIS RIBOTAS)! (d\u0117l viet\u0173 ir tikslios kainos teirautis agent\u016broje) D\u0117mesio! Nuo 2024.06.0&#8230;<\/p>","protected":false},"featured_media":11977,"comment_status":"open","ping_status":"closed","template":"","meta":{"om_disable_all_campaigns":false,"_monsterinsights_skip_tracking":false,"_monsterinsights_sitenote_active":false,"_monsterinsights_sitenote_note":"","_monsterinsights_sitenote_category":0},"product_brand":[],"product_cat":[669],"product_tag":[],"class_list":{"0":"post-12736","1":"product","2":"type-product","3":"status-publish","4":"has-post-thumbnail","6":"product_cat-keliones","8":"first","9":"instock","10":"virtual","11":"taxable","12":"purchasable","13":"product-type-simple"},"aioseo_notices":[],"_links":{"self":[{"href":"https:\/\/www.atravel.lt\/en\/wp-json\/wp\/v2\/product\/12736","targetHints":{"allow":["GET"]}}],"collection":[{"href":"https:\/\/www.atravel.lt\/en\/wp-json\/wp\/v2\/product"}],"about":[{"href":"https:\/\/www.atravel.lt\/en\/wp-json\/wp\/v2\/types\/product"}],"replies":[{"embeddable":true,"href":"https:\/\/www.atravel.lt\/en\/wp-json\/wp\/v2\/comments?post=12736"}],"wp:featuredmedia":[{"embeddable":true,"href":"https:\/\/www.atravel.lt\/en\/wp-json\/wp\/v2\/media\/11977"}],"wp:attachment":[{"href":"https:\/\/www.atravel.lt\/en\/wp-json\/wp\/v2\/media?parent=12736"}],"wp:term":[{"taxonomy":"product_brand","embeddable":true,"href":"https:\/\/www.atravel.lt\/en\/wp-json\/wp\/v2\/product_brand?post=12736"},{"taxonomy":"product_cat","embeddable":true,"href":"https:\/\/www.atravel.lt\/en\/wp-json\/wp\/v2\/product_cat?post=12736"},{"taxonomy":"product_tag","embeddable":true,"href":"https:\/\/www.atravel.lt\/en\/wp-json\/wp\/v2\/product_tag?post=12736"}],"curies":[{"name":"wp","href":"https:\/\/api.w.org\/{rel}","templated":true}]}}