{"id":12735,"date":"2026-03-21T15:44:57","date_gmt":"2026-03-21T13:44:57","guid":{"rendered":"https:\/\/www.atravel.lt\/produktas\/sicilija-kalabrija-su-poilsiu-prie-juros-skrydis-is-rygos-su-airbaltic-grupe-tik-is-lietuvos\/"},"modified":"2026-03-21T15:44:57","modified_gmt":"2026-03-21T13:44:57","slug":"sicilija-kalabrija-su-poilsiu-prie-juros-skrydis-is-rygos-su-airbaltic-grupe-tik-is-lietuvos","status":"publish","type":"product","link":"https:\/\/www.atravel.lt\/en\/product\/sicilija-kalabrija-su-poilsiu-prie-juros-skrydis-is-rygos-su-airbaltic-grupe-tik-is-lietuvos\/","title":{"rendered":"Sicilija &#8211; Kalabrija su poilsiu prie j\u016bros (skrydis i\u0161 Rygos su AirBaltic) GRUP\u0116 TIK I\u0160 LIETUVOS!"},"content":{"rendered":"<h3 style=\"text-align: center\"><strong><span style=\"color:#e74c3c\">Yra galimyb\u0117 skristi i&scaron; Vilniaus (su pers\u0117dimu Rygoje) \u2013 nuo 150 \u20ac\/asm. (viet\u0173 skai\u010dius ribotas)!<\/span><\/strong><\/h3>\n<hr \/>\n<p><strong>1 day <\/strong><\/p>\n<p>- Arrival at Riga Airport.<br \/>\n\u2022 Skrydis: Ryga \u2013 Katanija (~14:40-17:10).<br \/>\n\u2022 Atskrendame \u012f Katanij\u0105.<br \/>\n\u2022 Perve\u017eimas \u012f vie&scaron;but\u012f (Kalabrija).<br \/>\n\u2022 \u012esik\u016brimas Villaggio Club Altalia 4* vie&scaron;butyje arba 3* vie&scaron;bu\u010dio HV-Holiday Village apartamentuose (priklauso nuo kelion\u0117s datos).<br \/>\n\u2022 Pageidaujantiems si\u016blome vakarien\u0119 vie&scaron;butyje (papildomas mokestis).<br \/>\n- Recreation.<br \/>\n\u2022 Nakvyn\u0117 vie&scaron;butyje.<\/p>\n<p>4* vie&scaron;butis Villaggio Club Altalia yra \u012fsik\u016br\u0119s ma\u017edaug u\u017e 200 metr\u0173 nuo papl\u016bdimio. Vie&scaron;butyje yra keli\u0173 tip\u0173 kambariai: pagrindiniame pastate esantys kambariai ir apartamentai. Kiekvienam kambariui priklauso nemokamas belaidis internetas, 1 sk\u0117tis ir 2 gultai.<\/p>\n<p><strong>Day 2 <\/strong><\/p>\n<p>\u2022 Pusry\u010diai vie&scaron;butyje (perkant ekskursij\u0173 paket\u0105 pusry\u010diai \u012fskai\u010diuoti).<br \/>\n- Free day.<br \/>\n\u2022 Pageidaujantiems si\u016blome vakarien\u0119 vie&scaron;butyje (papildomas mokestis).<br \/>\n- Relax by the sea.<br \/>\n\u2022 Nakvyn\u0117 vie&scaron;butyje.<\/p>\n<p><strong>Day 3 <\/strong><\/p>\n<p>\u2022 Pusry\u010diai vie&scaron;butyje (perkant ekskursij\u0173 paket\u0105 pusry\u010diai \u012fskai\u010diuoti).<br \/>\n\u2022 Pirmoje dienos pus\u0117je ekskursin\u0117 i&scaron;vyka \u201eReggio di Calabria ir miestas-vaiduoklis Pentidattilo&#8221; su galimybe i&scaron;simaudyti (pasiimkite su savimi maudymosi kostium\u0117lius).<br \/>\n\u2022 Sugr\u012f\u017etame \u012f vie&scaron;but\u012f.<br \/>\n\u2022 Pageidaujantiems si\u016blome vakarien\u0119 vie&scaron;butyje (papildomas mokestis).<br \/>\n- Relax by the sea.<br \/>\n\u2022 Nakvyn\u0117 vie&scaron;butyje.<\/p>\n<p>Reggio di Calabria pasivaik&scaron;\u010diosite promenada, kaip garsus poetas Gabriele D Annunzio j\u012f pavadino \u2013 \u201egra\u017eiausias Italijos kilometras&#8221;, sustosite prie graiki&scaron;k\u0173 sien\u0173 ir rom\u0117n\u0173 pir\u010di\u0173, u\u017elipsite \u012f katedr\u0105. Tada nusileisite \u012f pagrindin\u0119 Corso Garibaldi gatv\u0119.<\/p>\n<p>Vykstame \u012f miest\u0105-vaiduokl\u012f Pentidattilo. Vaizdingas miestas-vaiduoklis Pentidattilo yra \u012fsik\u016br\u0119s ant Golgotos kalno uolos, kurios b\u016bdinga forma primena mil\u017eini&scaron;k\u0105 rank\u0105 su penkiais pir&scaron;tais ir nuo kurios kilo pavadinimas \u201edaktylos Penta\u201c \u2013 penki pir&scaron;tai. Kalno pap\u0117d\u0117je yra apleistas miestas. \u017dmon\u0117s j\u012f paliko prie&scaron; daugel\u012f met\u0173. Nuo ap\u017evalgos aik&scaron;tel\u0117s atsiveria nuostab\u016bs Jonijos j\u016bros ir gretim\u0173 kalv\u0173 vaizdai. Tai viena romanti&scaron;kiausi\u0173 viet\u0173 pasaulyje. \u010cia pajusite, kad visas miestas priklauso tik jums.<\/p>\n<p>Vaik&scaron;\u010diosime senamies\u010dio gatvel\u0117mis, pakeliui atkurdami legend\u0105 apie grafo Alberti ir barono Abenavoli gimin\u0119 apie baisias \u017eudynes, kurios \u012fvyko gra\u017eiosios grafien\u0117s Antoniettos ir apie tragi&scaron;k\u0105 &scaron;i\u0173 &scaron;eim\u0173 nari\u0173 likim\u0105.<\/p>\n<p><strong>Day 4 <\/strong><\/p>\n<p>\u2022 Pusry\u010diai vie&scaron;butyje (perkant ekskursij\u0173 paket\u0105 pusry\u010diai \u012fskai\u010diuoti).<br \/>\n\u2022 Pirmoje dienos pus\u0117je ekskursin\u0117 i&scaron;vyka \u201eMusaba &#8211; Gerace\u201c (\u012f\u0117jimo bilietai apmokami papildomai: Musaba ~10 \u20ac, Gerace katedra ~3 \u20ac, &Scaron;v. Pranci&scaron;kaus ba\u017eny\u010dia ~3 \u20ac).<br \/>\n\u2022 Sugr\u012f\u017etame \u012f vie&scaron;but\u012f.<br \/>\n\u2022 Pageidaujantiems si\u016blome vakarien\u0119 vie&scaron;butyje (papildomas mokestis).<br \/>\n- Relax by the sea.<br \/>\n\u2022 Nakvyn\u0117 vie&scaron;butyje.<\/p>\n<p>Musaba &#8211; vienintelis Kalabrijos muziejus po atviru dangumi, vienas i&scaron; nedaugelio Europoje, kuris taip pat yra menini\u0173 eksperiment\u0173 ir kra&scaron;tovaizd\u017eio apsaugos laboratorija.<\/p>\n<p>Did\u017eiul\u0117je jo teritorijoje yra mozaikin\u0117s drie\u017eo fig\u016bros ir pilnaviduris dama-fontanas, gele\u017einis mil\u017einas, ry&scaron;ki\u0173 mozaik\u0173 labirintas ant sve\u010di\u0173 nam\u0173 sien\u0173. O po arkiniais senovinio pastato skliautais kvap\u0105 gniau\u017eiantis ciklas \u201eJok\u016bbo sapnas\u201c, persona\u017e\u0173 bruo\u017euose galima atpa\u017einti pa\u010dius muziejaus \u012fk\u016br\u0117jus. \u010cia viskas alsuoja ypatinga prasme ir simboliais, kiekviename \u017eingsnyje laukia netik\u0117ti atradimai.<\/p>\n<p>Be Nicko Spatari k\u016brybos, daug ir kit\u0173 meninink\u0173 k\u016brini\u0173 i&scaron; viso pasaulio. \u017dmon\u0117s \u010dia atvyksta mokytis, keistis id\u0117jomis ir patirtimi, palieka \u010dia savo p\u0117dsak\u0105 ir dal\u012f sielos. Tai unikali vieta, \u010dia gyvena nepakartojami \u017emon\u0117s, kuri\u0173 susitikimas am\u017eiams i&scaron;liks j\u016bs\u0173 &scaron;irdyje.<\/p>\n<p>Pageidaujantiems si\u016blome apsilankyti autenti&scaron;kame restorane (papildomas mokestis \u2013 25 \u20ac\/asm.).<\/p>\n<p>Tada aplankysime Gerace, ma\u017e\u0105 vaizding\u0105 miestel\u012f ant 500 metr\u0173 uolos. Miesto pavadinimas kil\u0119s i&scaron; graik\u0173 kalbos \u017eod\u017eio, kuris ver\u010diamas kaip \u201evanagas\u201c. Pasak legendos, pirmieji &scaron;i\u0173 viet\u0173 gyventojai, 915 metais pab\u0117g\u0119 nuo sarac\u0117n\u0173, sek\u0117 vanag\u0105, nuvedus\u012f juos \u012f kalnus&#8230;<\/p>\n<p>Tai gra\u017eus ir prakti&scaron;kas viduram\u017ei\u0173 miestas, nepaliestas civilizacijos. Ypatinga jo \u012f\u017eymyb\u0117 \u2013 Norman\u0173 katedra (XII a. prad\u017eios), kurios centrin\u012f \u012f\u0117jim\u0105 puo&scaron;ia Romos imperijos laik\u0173 kolonos. Labai \u012fdomi ir koply\u010dia, kurioje yra senov\u0117s Graikijos turtai.<\/p>\n<p><strong>Day 5 <\/strong><\/p>\n<p>\u2022 Pusry\u010diai vie&scaron;butyje (perkant ekskursij\u0173 paket\u0105 pusry\u010diai \u012fskai\u010diuoti).<br \/>\n- Free day.<br \/>\n\u2022 Pageidaujantiems si\u016blome ekskursin\u0119 i&scaron;vyk\u0105 \u201eMitin\u0117 Scilla&#8221; (papildomas mokestis \u2013 45 \u20ac\/asm.).<br \/>\n\u2022 Po ekskursijos pageidaujantiems si\u016blome pasiplaukioti valtimi (papildomas mokestis ~12 \u20ac\/asm.).<br \/>\n\u2022 Sugr\u012f\u017etame \u012f vie&scaron;but\u012f.<br \/>\n\u2022 Pageidaujantiems si\u016blome vakarien\u0119 vie&scaron;butyje (papildomas mokestis).<br \/>\n- Relax by the sea.<br \/>\n\u2022 Nakvyn\u0117 vie&scaron;butyje.<\/p>\n<p>Vykstame \u012f Scill\u0105, itali&scaron;kai tariama &Scaron;illa. &Scaron;i vieta siejama su legendiniu Spartaku, \u010dia jis \u012fsireng\u0117 stovykl\u0105 tik\u0117damasis persikelti \u012f Sicilij\u0105, kas jam taip ir nepavyko. &Scaron;iandien tai \u017eavus miestelis, \u012fsik\u016br\u0119s pa\u010dioje vaizdingiausioje ky&scaron;ulio vietoje prie \u012f\u0117jimo \u012f Mesinos s\u0105siaur\u012f, kur atstumas tarp Kalabrijos ir Sicilijos yra trumpiausias.<\/p>\n<p>Pamatysime viduram\u017ei\u0173 Ruffo pil\u012f, &Scaron;ventosios Dvasios ba\u017eny\u010di\u0105, Cianalea \u017evej\u0173 kaimel\u012f, kur prie pat \u012f\u0117jimo \u012f namus &scaron;niok&scaron;\u010dia j\u016bra.<\/p>\n<p>Ekskursijos pabaigoje tur\u0117site galimyb\u0119 pasiplaukioti valtimi (papildomas mokestis ~12 \u20ac\/asm.), i&scaron; kurios atsiveria nuostab\u016bs salos vaizdai.<\/p>\n<p><strong>Day 6<\/strong><\/p>\n<p>\u2022 Pusry\u010diai vie&scaron;butyje (perkant ekskursij\u0173 paket\u0105 pusry\u010diai \u012fskai\u010diuoti).<br \/>\n- Relax by the sea.<br \/>\n\u2022 Pageidaujantiems si\u016blome ekskursin\u0119 i&scaron;vyk\u0105 \u201eTrop\u0117ja \u2013 Kalabrijos perlas ir viduram\u017ei\u0173 Pizzo\u201c su galimybe i&scaron;simaudyti (papildomas mokestis &#8211; 50 \u20ac\/asm. + \u012f\u0117jimo bilietai ~6,50 \u20ac).<br \/>\n\u2022 Sugr\u012f\u017etame \u012f vie&scaron;but\u012f.<br \/>\n\u2022 Pageidaujantiems si\u016blome vakarien\u0119 vie&scaron;butyje (papildomas mokestis).<br \/>\n- Recreation.<br \/>\n\u2022 Nakvyn\u0117 vie&scaron;butyje.<\/p>\n<p>Trop\u0117ja \u2013 kurortinis miestas Tir\u0117n\u0173 j\u016bros pakrant\u0117je. Einant &scaron;io miestelio istorinio centro gatvel\u0117mis, galima pamatyti senovinius bajor\u0173 r\u016bmus, ba\u017eny\u010dias, ma\u017eas aik&scaron;tes su vaizdu \u012f smaragdin\u0119 j\u016br\u0105. Didel\u012f susidom\u0117jim\u0105 kelia rom\u0117n\u0173-norman\u0173 katedra. I&scaron; jo pagrindinio balkono atsiveria nuostabus vaizdas \u012f vis\u0105 Tir\u0117n\u0173 j\u016bros pakrant\u0119, taip pat matosi &Scaron;v. Marijos sala su jai b\u016bdinga &scaron;ventove.<\/p>\n<p>I&scaron;vykimas \u012f Pizzo.<br \/>\nPizzo &#8211; viduram\u017ei\u0173 terasinis miestas, pasi\u017eymintis b\u016bdingomis architekt\u016brin\u0117mis savyb\u0117mis.<br \/>\nPamatysime pil\u012f, pastatyt\u0105 1492 metais Ferdinando D&#039;Aragono \u012fsakymu. &Scaron;i pilis i&scaron;gars\u0117jo tuo, kad joje kaip kalinys buvo laikomas karalius Gioachino Muratas (Napoleono svainis). &Scaron;ioje pilyje jis buvo su&scaron;audytas 1815 met\u0173 spalio 13 dien\u0105. Pilies sal\u0117se iki &scaron;iol saugomi tos epochos dokumentai ir paveikslai.<br \/>\nAplankysime baroko epochoje pastatyt\u0105 San Giorgio ba\u017eny\u010di\u0105. \u010cia gal\u0117site pamatyti skulpt\u016bras, datuojamas m\u016bs\u0173 eros 500-aisiais metais.<br \/>\nNegal\u0117site palikti \u201ePizzo\u201c miesto neapsilank\u0119 nors viename i&scaron; daugyb\u0117s aik&scaron;t\u0117s bar\u0173 ir neparagav\u0119 garsi\u0173j\u0173 led\u0173, kuri\u0173 vienas i&scaron;skirtini\u0173 skoni\u0173 yra \u201eTartuffe\u201c.<\/p>\n<p><strong>Day 7 <\/strong><\/p>\n<p>\u2022 Pusry\u010diai vie&scaron;butyje (perkant ekskursij\u0173 paket\u0105 pusry\u010diai \u012fskai\u010diuoti).<br \/>\n- Free day.<br \/>\n\u2022 Pageidaujantiems si\u016blome ekskursin\u0119 i&scaron;vyk\u0105 \u201eMesina \u2013 Sicilijos vartai\u201c su galimybe i&scaron;simaudyti (papildomas mokestis &#8211; 50 \u20ac\/asm., \u012f kain\u0105 \u012fskai\u010diuotas katerio bilietas).<br \/>\n- Relax by the sea.<br \/>\n\u2022 Pageidaujantiems si\u016blome vakarien\u0119 vie&scaron;butyje (papildomas mokestis).<br \/>\n\u2022 Nakvyn\u0117 vie&scaron;butyje.<\/p>\n<p>Persik\u0117limas kateriu \u012f Mesina.<br \/>\nAtvykus \u2013 pasivaik&scaron;\u010diosime po istorin\u012f miesto centr\u0105: pro Vokie\u010di\u0173 (Teuton\u0173) riteri\u0173 ba\u017eny\u010di\u0105 Santa Maria Alemanna, katalonie\u010di\u0173 ba\u017eny\u010di\u0105 (XIII a.) ir paminkl\u0105 Donui Chuanui Austrui \u2013 &Scaron;ventosios Lygos vadui, nugal\u0117jusiam turkus Lepanto m\u016b&scaron;yje.<\/p>\n<p>Sustosime Katedros aik&scaron;t\u0117je, kur lygiai vidurdien\u012f vyksta unikalus mechanini\u0173 fig\u016br\u0117li\u0173 spektaklis katedros varpin\u0117je. &Scaron;onin\u0117je varpin\u0117s pus\u0117je \u012frengtas did\u017eiausias pasaulyje astronominis laikrodis. Aik&scaron;t\u0117je taip pat stovi XVI a. Oriono fontanas, dekoruotas ezoteriniais simboliais. Katedros viduje \u2013 dar vienas netik\u0117tumas: neobizantin\u0117 mozaika centrin\u0117je apsidoje.<\/p>\n<p>V\u0117liau Mesinos Europos S\u0105jungos aik&scaron;t\u0117je su\u017einosime, kad b\u016btent \u010dia buvo pad\u0117ti pagrindai b\u016bsimos ES k\u016brimui. Po \u017eem\u0117s dreb\u0117jimo i&scaron;likusiam teatre gal\u0117site pasigro\u017e\u0117ti Renato Guttuso freska \u201eKolia\u2013\u017euv\u0117\u201c, vaizduojan\u010dia legendin\u012f Sicilijos pasak\u0173 persona\u017e\u0105, primenant\u012f Ichtiandr\u0105.<\/p>\n<p>Toliau pasivaik&scaron;\u010diosime po Mesinos pakrant\u0119, kur pu&scaron;\u0173 paunksm\u0117je stovi jautrus paminklas j\u016breiviams, i&scaron;gelb\u0117jusiems 2,5 t\u016bkst. miesto gyventoj\u0173 po 1908 m. \u017eem\u0117s dreb\u0117jimo. &Scaron;alia \u2013 admirolo U&scaron;akovo biustas, primenantis jo istorinius ry&scaron;ius su Sicilija.<\/p>\n<p>Netoliese puikuojasi baltasis Nept\u016bno fontanas, kurio pap\u0117d\u0117je pavaizduotos grandin\u0117mis surakintos Scilla ir Charibd\u0117. &Scaron;\u012f fontan\u0105, kaip ir Oriono fontan\u0105 Katedros aik&scaron;t\u0117je, suk\u016br\u0117 Mikeland\u017eelo mokinys \u2013 skulptorius Montorsoli.<\/p>\n<p><strong>Day 8<\/strong><\/p>\n<p>\u2022 Ankstyvas i&scaron;siregistravimas i&scaron; vie&scaron;bu\u010dio.<br \/>\n\u2022 Pusry\u010diai vie&scaron;butyje \u2013 sausas davinys (perkant ekskursij\u0173 paket\u0105 pusry\u010diai \u012fskai\u010diuoti).<br \/>\n\u2022 Vykstame \u012f Taormin\u0105.<br \/>\n\u2022 Ap\u017evalgin\u0117 ekskursija po Taormin\u0105 ir Katanij\u0105.<br \/>\n- Going to the airport.<br \/>\n- Check-in.<br \/>\n\u2022 Skrydis: Katanija \u2013 Ryga (~17:55-22:15).<br \/>\n- Arrival at Riga Airport.<\/p>\n<p>Apsilankysime Taormina miestelyje \u2013 \u201egra\u017ei g\u0117l\u0117 Sicilijos sagos skylut\u0117je\u201c (papildomai apmokamas \u012fva\u017eiavimo mokestis ~5 \u20ac\/asm.).<br \/>\nTaormina vadinama Vidur\u017eemio j\u016bros perlu. Reikia pa\u017eym\u0117ti, kad pasakos, legendos ir mitai yra glaud\u017eiai susipyn\u0119 su &scaron;io miesto istorija. Taormina aplink Tauro &scaron;laitus vingiuoja terasomis 250 m vir&scaron; j\u016bros lygio auk&scaron;tyje ir yra padalinta \u012f dvi zonas: istorin\u0119 ir pakrant\u0117s. I&scaron; bet kurios miesto vietos atsiveria kvap\u0105 gniau\u017eiantys vaizdai.<\/p>\n<p>M\u016bs\u0173 pasivaik&scaron;\u010diojimas Taorminoje prasid\u0117s nuo garsi\u0173j\u0173 Mesinian vart\u0173 ir t\u0119sis Corso Umberto. Pamatysime pagrindines istorines Taorminos \u012f\u017eymybes: graik\u0173-rom\u0117n\u0173 teatr\u0105, Naumachia r\u016bm\u0173 griuv\u0117sius, Baland\u017eio devintosios aik&scaron;t\u0119, Domo aik&scaron;t\u0119 su XIII am\u017eiaus katedra ir keistos b\u016btyb\u0117s fig\u016bra vainikuot\u0105 fontan\u0105 &#8211; Taorminos simbol\u012f.<\/p>\n<p>Vyksime \u012f ap\u017evalgin\u0119 ekskursij\u0105 po Katanij\u0105. Susipa\u017einsime su pagrindiniais lankytinais objektais: Romos amfiteatru, Via Etnea gatve, Katedra, Dramblio fontanu, &Scaron;v. Pranci&scaron;kaus aik&scaron;te, Massimo Bellini teatru ir kitomis \u012fdomyb\u0117mis.<\/p>","protected":false},"excerpt":{"rendered":"<p>Yra galimyb\u0117 skristi i&scaron; Vilniaus (su pers\u0117dimu Rygoje) \u2013 nuo 150 \u20ac\/asm. (viet\u0173 skai\u010dius ribotas)! 1 diena \u2022 Atvykimas \u012f Rygos oro uost\u0105. \u2022 Skrydis: Ryga&#8230;<\/p>","protected":false},"featured_media":11976,"comment_status":"open","ping_status":"closed","template":"","meta":{"om_disable_all_campaigns":false,"_monsterinsights_skip_tracking":false,"_monsterinsights_sitenote_active":false,"_monsterinsights_sitenote_note":"","_monsterinsights_sitenote_category":0},"product_brand":[],"product_cat":[669],"product_tag":[],"class_list":{"0":"post-12735","1":"product","2":"type-product","3":"status-publish","4":"has-post-thumbnail","6":"product_cat-keliones","8":"first","9":"instock","10":"virtual","11":"taxable","12":"purchasable","13":"product-type-simple"},"aioseo_notices":[],"_links":{"self":[{"href":"https:\/\/www.atravel.lt\/en\/wp-json\/wp\/v2\/product\/12735","targetHints":{"allow":["GET"]}}],"collection":[{"href":"https:\/\/www.atravel.lt\/en\/wp-json\/wp\/v2\/product"}],"about":[{"href":"https:\/\/www.atravel.lt\/en\/wp-json\/wp\/v2\/types\/product"}],"replies":[{"embeddable":true,"href":"https:\/\/www.atravel.lt\/en\/wp-json\/wp\/v2\/comments?post=12735"}],"wp:featuredmedia":[{"embeddable":true,"href":"https:\/\/www.atravel.lt\/en\/wp-json\/wp\/v2\/media\/11976"}],"wp:attachment":[{"href":"https:\/\/www.atravel.lt\/en\/wp-json\/wp\/v2\/media?parent=12735"}],"wp:term":[{"taxonomy":"product_brand","embeddable":true,"href":"https:\/\/www.atravel.lt\/en\/wp-json\/wp\/v2\/product_brand?post=12735"},{"taxonomy":"product_cat","embeddable":true,"href":"https:\/\/www.atravel.lt\/en\/wp-json\/wp\/v2\/product_cat?post=12735"},{"taxonomy":"product_tag","embeddable":true,"href":"https:\/\/www.atravel.lt\/en\/wp-json\/wp\/v2\/product_tag?post=12735"}],"curies":[{"name":"wp","href":"https:\/\/api.w.org\/{rel}","templated":true}]}}