{"id":12734,"date":"2026-03-21T15:44:57","date_gmt":"2026-03-21T13:44:57","guid":{"rendered":"https:\/\/www.atravel.lt\/produktas\/normandija-5-d-skrydis-is-rygos\/"},"modified":"2026-03-21T15:44:57","modified_gmt":"2026-03-21T13:44:57","slug":"normandija-5-d-skrydis-is-rygos","status":"publish","type":"product","link":"https:\/\/www.atravel.lt\/en\/product\/normandija-5-d-skrydis-is-rygos\/","title":{"rendered":"Normandija 5 d. (skrydis i\u0161 Rygos)"},"content":{"rendered":"<h3 style=\"text-align: center\"><span style=\"color:#e74c3c\"><strong>Kelion\u0117 organizuojama reisiniais skryd\u017eiais, tod\u0117l d\u0117l l\u0117ktuvo biliet\u0173 pabrangimo, organizatorius gali atmesti rezervacij\u0105 arba pasi\u016blyti keliautojui priemok\u0105.<\/strong><\/span><\/h3>\n<hr \/>\n<p><strong>1 day <\/strong><\/p>\n<p>- Arrival at Riga Airport.<br \/> - Check-in.<br \/> \u2022 Skrydis: Ryga &#8211; Briuselis (&Scaron;arlerua) (~05:50-07:20).<br \/> \u2022 Perve\u017eimas tranzitu per Belgijos ir Pranc\u016bzijos teritorij\u0105.<br \/> \u2022 \u012esik\u016brimas tranzitiniame vie&scaron;butyje.<br \/> - Recreation.<br \/> \u2022 Nakvyn\u0117 vie&scaron;butyje.<\/p>\n<p><strong>Day 2 <\/strong><\/p>\n<p>\u2022 Pusry\u010diai vie&scaron;butyje (perkant ekskursij\u0173 paket\u0105 pusry\u010diai \u012fskai\u010diuoti).<br \/> \u2022 I&scaron;siregistravimas i&scaron; vie&scaron;bu\u010dio.<br \/> \u2022 Ekskursin\u0117 i&scaron;vyka \u201eMon Sen Mi&scaron;elis \u2013 Sen Malo\u201c.<br \/> \u2022 Vykstame \u012f tranzitin\u012f vie&scaron;but\u012f<br \/> \u2022 \u012esik\u016brimas vie&scaron;butyje.<br \/> \u2022 Nakvyn\u0117 vie&scaron;butyje.<\/p>\n<p>Lankysite gars\u0173j\u012f abatij\u0105 \u2013 vien\u0105 did\u017eiausi\u0173 Pranc\u016bzijos simboli\u0173 (\u012f\u0117jimo bilietas nuo 16 \u20ac).<br \/> Abatija \u017eavi ne tik didinga istorija ir dvasine galia, bet ir nepaprasta vieta: tai sala, gyvenanti pagal vandenyno ritm\u0105. Atosl\u016bgio metu Mon Sen Mi&scaron;elis atsiveria pasauliui \u2013 aplink plyti begalin\u0117s sm\u0117lio seklumos, o iki abatijos galima nueiti p\u0117s\u010diomis arba pakilti siaura dambos keliu, tarsi senoviniu piligrim\u0173 taku. Ta\u010diau vos prasid\u0117jus potvyniui, ypa\u010d per pilnat\u012f, vanduo staigiai kyla, u\u017elieja vis\u0105 \u012flank\u0105, ir Mon Sen Mi&scaron;elis v\u0117l tampa ne\u012fveikiama tvirtove, i&scaron; vis\u0173 pusi\u0173 apsupta j\u016bros.<\/p>\n<p>Perve\u017eimas \u012f Sen Malo \u2013 tvirtov\u0119, uost\u0105 ir Bretan\u0117s kurort\u0105. Miestas, \u012fkurtas VI am\u017eiuje, gars\u0117ja galinga gynybine siena, nesibaigian\u010diais papl\u016bdimiais, uolomis ir turtinga j\u016brine istorija.<\/p>\n<p><strong>Day 3 <\/strong><\/p>\n<p>\u2022 Pusry\u010diai vie&scaron;butyje (perkant ekskursij\u0173 paket\u0105 pusry\u010diai \u012fskai\u010diuoti).<br \/> \u2022 I&scaron;siregistravimas i&scaron; vie&scaron;bu\u010dio.<br \/> \u2022 Ekskursin\u0117 i&scaron;vyka \u012f Granvil\u012f.<br \/> \u2022 Pageidaujantiems si\u016blome apsilankyti Christiano Dioro namuose-muziejuje (papildomas mokestis ~10 \u20ac\/asm.).<br \/> \u2022 Vykstame \u012f tranzitin\u012f vie&scaron;but\u012f<br \/> \u2022 \u012esik\u016brimas vie&scaron;butyje.<br \/> \u2022 Nakvyn\u0117 vie&scaron;butyje.<\/p>\n<p>Granvilis \u2013 \u201e&Scaron;iaur\u0117s Monakas\u201c, &scaron;is miestas \u017eavi kontrastais: ant uolos \u012fsik\u016br\u0119s Auk&scaron;tutinis miestas, apsuptas galing\u0173 pylim\u0173, o pap\u0117d\u0117je \u2013 jaukus \u017evej\u0173 uostas. Granvilis \u2013 garsiojo Christiano Dioro gimtin\u0117.<\/p>\n<p>Pageidaujantiems si\u016blome apsilankyti Christiano Dioro namuose-muziejuje (papildomai apmokamas \u012f\u0117jimo bilietas &#8211; nuo 10 \u20ac\/asm.).<\/p>\n<p><strong>Day 4 <\/strong><\/p>\n<p>\u2022 Pusry\u010diai vie&scaron;butyje (perkant ekskursij\u0173 paket\u0105 pusry\u010diai \u012fskai\u010diuoti).<br \/> \u2022 Vykstame \u012f Briusel\u012f.<br \/> \u2022 Ekskursin\u0117 i&scaron;vyka \u201eOnfleris \u2013 Dovilis \u2013 Truvilis\u201c.<br \/> \u2022 Vykstame \u012f tranzitin\u012f vie&scaron;but\u012f<br \/> \u2022 \u012esik\u016brimas vie&scaron;butyje.<br \/> \u2022 Nakvyn\u0117 vie&scaron;butyje.<\/p>\n<p>Onfleris \u017eavi Senojo uosto romantika, siaur\u0173 gatveli\u0173 labirintais ir turtingu kult\u016briniu paveldu.<\/p>\n<p>Dovilis \u2013 kult\u016brin\u0117 Normandijos sostin\u0117, gars\u0117janti Amerikos kino festivaliu, eleganti&scaron;ka architekt\u016bra ir rafinuota pranc\u016bzi&scaron;ko poilsio atmosfera.<\/p>\n<p>Truvilis \u2013 pirmasis Normandijos kurortas, i&scaron;gars\u0117j\u0119s Flaubero ir Diuma d\u0117ka. Iki &scaron;iol \u017einomas savo i&scaron;skirtin\u0117mis vilomis, i&scaron;puosel\u0117ta pakrante, restoranais ir kazino.<\/p>\n<p>Perve\u017eimas \u012f Etreta miestel\u012f, kur i&scaron;vysite legendines balt\u0105sias kreidos uolas, ark\u0173 ir grot\u0173 kompleks\u0105, \u012fkv\u0117pus\u012f Monet ir kitus dailininkus. Apsilankymas ap\u017evalgos aik&scaron;tel\u0117se.<\/p>\n<p><strong>Day 5 <\/strong><\/p>\n<p>\u2022 Pusry\u010diai vie&scaron;butyje (perkant ekskursij\u0173 paket\u0105 pusry\u010diai \u012fskai\u010diuoti).<br \/> \u2022 I&scaron;siregistravimas i&scaron; vie&scaron;bu\u010dio.<br \/> \u2022 Ekskursin\u0117 i&scaron;vyka \u012f Ruan\u0105.<br \/> \u2022 Po ekskursijos vykstame \u012f oro uost\u0105.<br \/> - Check-in.<br \/> \u2022 Skrydis: Briuselis (&Scaron;arlerua) \u2013 Ryga (~19:50-23:10).<br \/> - Arrival in Riga.<\/p>\n<p>Ruanas \u2013 Normandijos sostin\u0117 ir vienas \u012fsp\u016bdingiausi\u0173 istorini\u0173 Pranc\u016bzijos miest\u0173. Jis dar vadinamas \u201e&scaron;imto varpini\u0173 miestu\u201c, nes \u010dia gausu gotikini\u0173 ba\u017eny\u010di\u0173. Pagrindiniai miesto perlai \u2013 didingasis Ruano Dievo Motinos katedra, viduram\u017ei\u0173 fachverkiniai kvartalai ir Senosios turgaus aik&scaron;t\u0117, kurioje buvo \u012fvykdyta \u017danos d\u2019Ark egzekucija. Ruanas alsuoja viduram\u017ei\u0173 dvasia ir \u012fkv\u0117p\u0117 daugel\u012f meninink\u0173, tarp j\u0173 \u2013 ir Klodas Mon\u0117 (pranc. Claude Monet).<\/p>","protected":false},"excerpt":{"rendered":"<p>Kelion\u0117 organizuojama reisiniais skryd\u017eiais, tod\u0117l d\u0117l l\u0117ktuvo biliet\u0173 pabrangimo, organizatorius gali atmesti rezervacij\u0105 arba pasi\u016blyti keliautojui priemok\u0105&#8230;.<\/p>","protected":false},"featured_media":11975,"comment_status":"open","ping_status":"closed","template":"","meta":{"om_disable_all_campaigns":false,"_monsterinsights_skip_tracking":false,"_monsterinsights_sitenote_active":false,"_monsterinsights_sitenote_note":"","_monsterinsights_sitenote_category":0},"product_brand":[],"product_cat":[669],"product_tag":[],"class_list":{"0":"post-12734","1":"product","2":"type-product","3":"status-publish","4":"has-post-thumbnail","6":"product_cat-keliones","8":"first","9":"instock","10":"virtual","11":"taxable","12":"purchasable","13":"product-type-simple"},"aioseo_notices":[],"_links":{"self":[{"href":"https:\/\/www.atravel.lt\/en\/wp-json\/wp\/v2\/product\/12734","targetHints":{"allow":["GET"]}}],"collection":[{"href":"https:\/\/www.atravel.lt\/en\/wp-json\/wp\/v2\/product"}],"about":[{"href":"https:\/\/www.atravel.lt\/en\/wp-json\/wp\/v2\/types\/product"}],"replies":[{"embeddable":true,"href":"https:\/\/www.atravel.lt\/en\/wp-json\/wp\/v2\/comments?post=12734"}],"wp:featuredmedia":[{"embeddable":true,"href":"https:\/\/www.atravel.lt\/en\/wp-json\/wp\/v2\/media\/11975"}],"wp:attachment":[{"href":"https:\/\/www.atravel.lt\/en\/wp-json\/wp\/v2\/media?parent=12734"}],"wp:term":[{"taxonomy":"product_brand","embeddable":true,"href":"https:\/\/www.atravel.lt\/en\/wp-json\/wp\/v2\/product_brand?post=12734"},{"taxonomy":"product_cat","embeddable":true,"href":"https:\/\/www.atravel.lt\/en\/wp-json\/wp\/v2\/product_cat?post=12734"},{"taxonomy":"product_tag","embeddable":true,"href":"https:\/\/www.atravel.lt\/en\/wp-json\/wp\/v2\/product_tag?post=12734"}],"curies":[{"name":"wp","href":"https:\/\/api.w.org\/{rel}","templated":true}]}}