{"id":12731,"date":"2026-03-21T15:44:56","date_gmt":"2026-03-21T13:44:56","guid":{"rendered":"https:\/\/www.atravel.lt\/produktas\/pasakiskoji-bavarija-su-ispudingu-bavarijos-piliu-lankymu-autobusu-grupe-is-lietuvos\/"},"modified":"2026-03-21T15:44:56","modified_gmt":"2026-03-21T13:44:56","slug":"pasakiskoji-bavarija-su-ispudingu-bavarijos-piliu-lankymu-autobusu-grupe-is-lietuvos","status":"publish","type":"product","link":"https:\/\/www.atravel.lt\/en\/product\/pasakiskoji-bavarija-su-ispudingu-bavarijos-piliu-lankymu-autobusu-grupe-is-lietuvos\/","title":{"rendered":"PASAKI\u0160KOJI BAVARIJA su \u012fsp\u016bding\u0173 Bavarijos pili\u0173 lankymu (autobusu) GRUP\u0116 I\u0160 LIETUVOS!"},"content":{"rendered":"<p><strong>1 day   <\/strong><\/p>\n<p>\u2022    I&scaron;vykimas anksti ryte i&scaron; Vilniaus ir Kauno.<br \/>\n\u2022    Vykstame link Var&scaron;uvos.<br \/>\n\u2022    Ekskursija po Var&scaron;uv\u0105.<br \/>\n\u2022    Vykstame link Vokietijos.<br \/>\n\u2022    \u012esik\u016brimas tranzitiniame vie&scaron;butyje (Lenkijoje).<br \/>\n\u2022    Poilsis.<br \/>\n\u2022    Nakvyn\u0117 vie&scaron;butyje.    <\/p>\n<p>Ap\u017evalgin\u0117s ekskursijos po Var&scaron;uv\u0105 metu ap\u017ei\u016br\u0117sime Pilies aik&scaron;t\u0119 su \u017dygimanto III Vasos kolona. Pilies aik&scaron;t\u0117 yra viduram\u017ei\u0173 senamiestyje, gars\u0117jan\u010diame nuostabiais pastatais ir siauromis gatvel\u0117mis. Aik&scaron;t\u0117 tapo tradicine masini\u0173 rengini\u0173 ir did\u017ei\u0173j\u0173 koncert\u0173 vieta. Pagrindin\u0119 viet\u0105 Var&scaron;uvos pilies aik&scaron;t\u0117je u\u017eima Karali&scaron;koji pilis, kuri yra nacionalin\u0117s kult\u016bros paminklas, nuolatini\u0173 ir laikin\u0173 senov\u0117s meno parod\u0173 ekspozicij\u0173, taip pat oficiali\u0173 susitikim\u0173, koncert\u0173, simpozium\u0173 vieta. Toliau aplankysime turgaus aik&scaron;t\u0119, kur viskas paruo&scaron;ta turistams: menininkai si\u016blo savo paveikslus, koncertuoja gatv\u0117s muzikantai ir aktoriai, kursuoja senasis transportas. Turgaus aik&scaron;t\u0117je yra undin\u0117s skulpt\u016bra \u2013 tai pagrindinis miesto simbolis. Var&scaron;uva yra viena i&scaron; nedaugelio Europos sostini\u0173, kur vis dar i&scaron;saugotos miesto sienos. Dviguba miesto sien\u0173 eil\u0117 buvo pastatyta nuo XIV am\u017eiaus pirmosios pus\u0117s iki XVI am\u017eiaus vidurio. Juos sutvirtino bok&scaron;tai ir fortai. Seniausias i&scaron;lik\u0119s \u012ftvirtinim\u0173 elementas yra Barbakanas, kur\u012f sen\u0173j\u0173 miesto vart\u0173 vietoje pastat\u0117 Venecijos meistras Janbattista, nor\u0117damas apginti Naujuosius vartus. &Scaron;iaurin\u0117 Barbikano dalis yra i&scaron;likusi kaip rotu&scaron;\u0117s i&scaron;orin\u0117 siena. Ji yra sustiprinta keturiais puslankiu bok&scaron;tais. Po Antrojo pasaulinio karo niokojimo Barbakano ir dalis miesto sienos buvo atstatyti. Toliau pamatysime &Scaron;v. Jono katedros ba\u017eny\u010di\u0105 ir &Scaron;v. Onos ba\u017eny\u010di\u0105.<\/p>\n<p><strong>Day 2   <\/strong><\/p>\n<p>\u2022    Pusry\u010diai vie&scaron;butyje (perkant ekskursij\u0173 paket\u0105 pusry\u010diai \u012fskai\u010diuoti).<br \/>\n\u2022    I&scaron;siregistravimas i&scaron; vie&scaron;bu\u010dio.<br \/>\n\u2022    Vykstame \u012f Niurnberg\u0105.<br \/>\n\u2022    Ekskursija po miest\u0105.<br \/>\n\u2022    Laisvas laikas.<br \/>\n\u2022    Sugr\u012f\u017etame \u012f vie&scaron;but\u012f.<br \/>\n\u2022    Poilsis.<br \/>\n\u2022    Nakvyn\u0117 vie&scaron;butyje. <\/p>\n<p>Niurnbergas \u2013 modernus, gyvybingas miestas, kuriame gyvena apie pus\u0119 milijono \u017emoni\u0173. Jis spinduliuoja ypatinga atmosfera ir jaukumu, kvie\u010dian\u010diu pasivaik&scaron;\u010dioti siauromis gatvel\u0117mis, ap\u017ei\u016br\u0117ti architekt\u016bros paminklus bei atrasti netik\u0117t\u0173 siurpriz\u0173. &Scaron;i ypatinga miesto dvasia geriausiai juntama senamiestyje, kur gausu istorini\u0173 pastat\u0173 ir nebrangi\u0173 parduotuvi\u0173. &Scaron;v. Lauryno ba\u017eny\u010dios &scaron;e&scaron;\u0117lyje skamba gatv\u0117s muzikant\u0173 i&scaron; viso pasaulio melodijos, o netoli Diurerio nam\u0173 vasaros vakarais renkasi &scaron;iuolaikinio gyvenimo gurmanai. \u010cia darniai susilieja sena ir nauja, istorin\u0117 praeitis ir moderni dabartis, kas suteikia miestui ypatingo \u017eavesio.<\/p>\n<p><strong>Day 3    <\/strong><\/p>\n<p>\u2022    Pusry\u010diai vie&scaron;butyje (perkant ekskursij\u0173 paket\u0105 pusry\u010diai \u012fskai\u010diuoti).<br \/>\n\u2022    Ekskursin\u0117 i&scaron;vyka \u012f Miunchen\u0105.<br \/>\n\u2022    Laisvas laikas.<br \/>\n\u2022    Pageidaujantiems apsilankymas BMW muziejuje (papildomas mokestis ~16 \u20ac\/asm.).<br \/>\n\u2022    Sugr\u012f\u017etame \u012f vie&scaron;but\u012f.<br \/>\n\u2022    Poilsis.<br \/>\n\u2022    Nakvyn\u0117 vie&scaron;butyje.    <\/p>\n<p>Miunchenas \u2013 Bavarijos sostin\u0117 ir neabejotina pasaulio alaus sostin\u0117. Tai vienas turtingiausi\u0173, jaukiausi\u0173 ir svetingiausi\u0173 Vokietijos miest\u0173. Ekskursijos metu susipa\u017einsite su centrine miesto aik&scaron;te \u2013 Marienplacu su garsiuoju laikrod\u017eiu, did\u017eiausia miesto ba\u017eny\u010dia \u2013 Frauenkirche, &Scaron;v. Mykolo katedra, legendiniu Hofbr&auml;uhaus alaus r\u016bmais bei kitomis miesto \u012f\u017eymyb\u0117mis. Laisvu laiku gal\u0117site pasivaik&scaron;\u010dioti po Angl\u0173 sod\u0105 arba aplankyti BMW muziej\u0173 (papildomai apmokamas \u012f\u0117jimo bilietas ~10 \u20ac\/asm.). Atidarytas 1972 m., muziejus kartu su firmin\u0117s b\u016bstin\u0117s pastatu tapo architekt\u016briniu simboliu. Pastatas, primenantis keturi\u0173 cilindr\u0173 varikl\u012f, \u012ftrauktas \u012f Miuncheno architekt\u016bros paminkl\u0173 s\u0105ra&scaron;\u0105, o pat\u012f muziej\u0173 vietos gyventojai meiliai vadina \u201esriubos dubeniu\u201c.<\/p>\n<p><strong>Day 4   <\/strong><\/p>\n<p>\u2022    Pusry\u010diai vie&scaron;butyje (perkant ekskursij\u0173 paket\u0105 pusry\u010diai \u012fskai\u010diuoti).<br \/>\n\u2022    Laisva diena.<br \/>\n\u2022    Pageidaujantiems si\u016blome ekskursin\u0119 i&scaron;vyk\u0105 \u201eBavarijos pilys\u201c (papildomas mokestis \u2013 60 \u20ac\/asm. + j\u0117jimo mokestis).<br \/>\n\u2022    Sugr\u012f\u017etame \u012f vie&scaron;but\u012f.<br \/>\n\u2022    Poilsis.<br \/>\n\u2022    Nakvyn\u0117 vie&scaron;butyje.    <\/p>\n<p>&Scaron;vangaus kaimelis, \u012fsik\u016br\u0119s ant kalvos tarp tanki\u0173 Bavarijos mi&scaron;k\u0173, i&scaron;gars\u0117jo d\u0117l Hohenschwangau pilies (papildomai apmokamas \u012f\u0117jimo bilietas ~25 \u20ac\/asm., vyresniems nei 18 met\u0173). Viduram\u017eiais j\u0105 pastat\u0117 &Scaron;vangaus riteriai, ta\u010diau XVI a. gimin\u0117 i&scaron;nyko, ir pilis prad\u0117jo nykti. Jos pavadinimas rei&scaron;kia \u201eauk&scaron;toji gulbi\u0173 \u017eem\u0117\u201c. Karalius Liudvikas II nuo vaikyst\u0117s \u017eav\u0117josi gulb\u0117mis, tod\u0117l j\u0173 motyvai gausiai puo&scaron;ia pil\u012f \u2013 nuo fontan\u0173 kieme iki sien\u0173 dekoracij\u0173. Pil\u012f XIX a. atk\u016br\u0117 Bavarijos karalius Maksimilijonas II, o 1836 m. ji tapo karali&scaron;kosios &scaron;eimos vasaros rezidencija. Interjeras spindi purpuriniais atspalviais ir auksu, o tarp relikvij\u0173 \u2013 fortepijonas, kuriuo grojo Richardas Vagneris. I&scaron; pilies atsiveria vaizdas \u012f \u017eaving\u0105 Alpz\u0117 e\u017eer\u0105. Netoliese st\u016bkso kita \u012fsp\u016bdinga pilis \u2013 Neuschwanstein (papildomai apmokamas \u012f\u0117jimo bilietas ~25 \u20ac\/asm., vyresniems nei 18 met\u0173), Liudviko II svajoni\u0173 k\u016brinys, tap\u0119s Disn\u0117jaus \u201eMiegan\u010diosios gra\u017euol\u0117s\u201c pilies prototipu. Jos pasaki&scaron;kas gro\u017eis \u012fkv\u0117p\u0117 Piotr\u0105 \u010caikovskj \u201eGulbi\u0173 e\u017eero\u201c baletui. Pilis, tarytum pakibusi vir&scaron; kaln\u0173, stebina savo romantine didybe, o po restauracijos 2009 m. tapo dar \u012fsp\u016bdingesn\u0117.<\/p>\n<p><strong>Day 5   <\/strong><\/p>\n<p>\u2022    Pusry\u010diai vie&scaron;butyje (perkant ekskursij\u0173 paket\u0105 pusry\u010diai \u012fskai\u010diuoti).<br \/>\n\u2022    I&scaron;siregistravimas i&scaron; vie&scaron;bu\u010dio.<br \/>\n\u2022    Vykstame \u012f Viurcburg\u0105.<br \/>\n\u2022    Ekskursija po miest\u0105.<br \/>\n\u2022    Pageidaujantiems si\u016blome ekskursij\u0105 vynin\u0117je bei vyno degustacij\u0105 (papildomas mokestis \u2013 nuo 25 \u20ac\/asm.).<br \/>\n\u2022    Laisvas laikas po ekskursijos.<br \/>\n\u2022    Vykstame link Lenkijos.<br \/>\n\u2022    \u012esik\u016brimas tranzitiniame vie&scaron;butyje.<br \/>\n\u2022    Poilsis.<br \/>\n\u2022    Nakvyn\u0117 vie&scaron;butyje.   <\/p>\n<p>Viurcburgas &#8211; \u012fsik\u016br\u0119s Bavarijos &scaron;iaur\u0117s vakaruose, gars\u0117ja architekt\u016bra ir vynais. \u010cia esanti Viurcburgo rezidencija \u2013 vienas puo&scaron;niausi\u0173 baroko statini\u0173 Vokietijoje, \u012ftrauktas \u012f UNESCO pasaulio paveldo s\u0105ra&scaron;\u0105. Miestas taip pat \u017einomas d\u0117l savo festivali\u0173: be tradicini\u0173 vyno &scaron;ven\u010di\u0173 \u010dia vyksta Mocarto, Bacho,  Afrikos  kult\u016bros,  d\u017eiazo  bei  kino festivaliai.<\/p>\n<p>Vyno degustacija bei ekskursija po vyno r\u016bsius. Leiskit\u0117s \u012f kelion\u0119 po istorinius kunigaik&scaron;tyst\u0117s pastato r\u016bsius, kur tradicijos susipina su novatori&scaron;ka vyno gamyba. \u010cia atsivers visas vyno pasaulis \u2013 \u012fdomiausios vynin\u0117s istorijos ir vyn\u0173 detal\u0117s, kurios ne kart\u0105 nub\u0117gs &scaron;iurpuliukais per k\u016bn\u0105. Vyno degustacijos metu sve\u010diai gal\u0117s ne tik paragauti i&scaron;skirtini\u0173 g\u0117rim\u0173, bet ir patys pajusti, k\u0105 rei&scaron;kia apsilankyti puikaus vyno gimtin\u0117je.<\/p>\n<p><strong>Day 6    <\/strong><\/p>\n<p>\u2022    Pusry\u010diai vie&scaron;butyje (perkant ekskursij\u0173 paket\u0105 pusry\u010diai \u012fskai\u010diuoti).<br \/>\n\u2022    I&scaron;siregistravimas i&scaron; vie&scaron;bu\u010dio.<br \/>\n\u2022    V\u0117lai vakare\/nakt\u012f sugr\u012f\u017etame \u012f Vilni\u0173.    <\/p>","protected":false},"excerpt":{"rendered":"<p>1 diena \u2022 I&scaron;vykimas anksti ryte i&scaron; Vilniaus ir Kauno. \u2022 Vykstame link Var&scaron;uvos. \u2022 Ekskursija po Var&scaron;uv\u0105. \u2022 Vykstame link Vokietijos&#8230;.<\/p>","protected":false},"featured_media":11972,"comment_status":"open","ping_status":"closed","template":"","meta":{"om_disable_all_campaigns":false,"_monsterinsights_skip_tracking":false,"_monsterinsights_sitenote_active":false,"_monsterinsights_sitenote_note":"","_monsterinsights_sitenote_category":0},"product_brand":[],"product_cat":[669],"product_tag":[],"class_list":{"0":"post-12731","1":"product","2":"type-product","3":"status-publish","4":"has-post-thumbnail","6":"product_cat-keliones","8":"first","9":"instock","10":"virtual","11":"taxable","12":"purchasable","13":"product-type-simple"},"aioseo_notices":[],"_links":{"self":[{"href":"https:\/\/www.atravel.lt\/en\/wp-json\/wp\/v2\/product\/12731","targetHints":{"allow":["GET"]}}],"collection":[{"href":"https:\/\/www.atravel.lt\/en\/wp-json\/wp\/v2\/product"}],"about":[{"href":"https:\/\/www.atravel.lt\/en\/wp-json\/wp\/v2\/types\/product"}],"replies":[{"embeddable":true,"href":"https:\/\/www.atravel.lt\/en\/wp-json\/wp\/v2\/comments?post=12731"}],"wp:featuredmedia":[{"embeddable":true,"href":"https:\/\/www.atravel.lt\/en\/wp-json\/wp\/v2\/media\/11972"}],"wp:attachment":[{"href":"https:\/\/www.atravel.lt\/en\/wp-json\/wp\/v2\/media?parent=12731"}],"wp:term":[{"taxonomy":"product_brand","embeddable":true,"href":"https:\/\/www.atravel.lt\/en\/wp-json\/wp\/v2\/product_brand?post=12731"},{"taxonomy":"product_cat","embeddable":true,"href":"https:\/\/www.atravel.lt\/en\/wp-json\/wp\/v2\/product_cat?post=12731"},{"taxonomy":"product_tag","embeddable":true,"href":"https:\/\/www.atravel.lt\/en\/wp-json\/wp\/v2\/product_tag?post=12731"}],"curies":[{"name":"wp","href":"https:\/\/api.w.org\/{rel}","templated":true}]}}