{"id":12730,"date":"2026-03-21T15:44:56","date_gmt":"2026-03-21T13:44:56","guid":{"rendered":"https:\/\/www.atravel.lt\/produktas\/klasikine-meksika-skrydis-is-rygos-16-dienu\/"},"modified":"2026-03-21T15:44:56","modified_gmt":"2026-03-21T13:44:56","slug":"klasikine-meksika-skrydis-is-rygos-16-dienu","status":"publish","type":"product","link":"https:\/\/www.atravel.lt\/en\/product\/klasikine-meksika-skrydis-is-rygos-16-dienu\/","title":{"rendered":"Klasikin\u0117 Meksika (skrydis i\u0161 Rygos) 16 dien\u0173"},"content":{"rendered":"<p><strong>1 day   <\/strong> <\/p>\n<p>\u2022    Atvykimas \u012f Rygos oro uost\u0105.<br \/>\n\u2022    Registracija \u012f skryd\u012f.<br \/>\n\u2022    Skrydis: Ryga \u2013 Stambulas (~20:00-23:20).<br \/>\n\u2022    Atvykimas \u012f Stambul\u0105.      <\/p>\n<p><strong>Day 2    <\/strong><\/p>\n<p>\u2022    Skrydis: Stambulas \u2013 Meksikas (~01:45-07:00).<br \/>\n\u2022    Atvykimas \u012f Meksik\u0105.<br \/>\n\u2022    Ap\u017evalgin\u0117 ekskursija po Meksiko.<br \/>\n\u2022    Perve\u017eimas \u012f vie&scaron;but\u012f.<br \/>\n\u2022    \u012esik\u016brimas vie&scaron;butyje.<br \/>\n\u2022    Poilsis.<br \/>\n\u2022    Nakvyn\u0117 vie&scaron;butyje.    <\/p>\n<p>M\u016bs\u0173 pa\u017eintis su Meksiku prasid\u0117s nuo ap\u017evalgin\u0117s ekskursijos po istorin\u012f vienos did\u017eiausi\u0173 ir daugiausiai veid\u0173 turin\u010di\u0173 pasaulio sostini\u0173 centr\u0105. Aplink centrin\u0119 Sokalo aik&scaron;t\u0119 yra i&scaron;sid\u0117st\u0119 svarbiausi miesto istorijos ir architekt\u016bros paminklai, susij\u0119 su reik&scaron;mingiausiais Meksiko raidos etapais: senovinio actek\u0173 miesto Teno\u010dtitlano griuv\u0117siai ir j\u0173 pagrindinio &scaron;ventyklos pamatai, Metropoliteno katedra, Prezidento r\u016bmai ir &Scaron;vietimo ministerijos pastatas su Diego Riveros freskomis.<br \/>\nToliau programoje \u2013 apsilankymas pasaulyje garsiajame Meksiko Nacionaliniame antropologijos muziejuje, kuriame surinkti eksponatai, priklausantys \u012fvairioms prie&scaron;ispaninio laikotarpio Meksikos kult\u016broms.<\/p>\n<p><strong>Day 3  <\/strong><\/p>\n<p>\u2022    Pusry\u010diai vie&scaron;butyje (perkant ekskursij\u0173 paket\u0105 pusry\u010diai \u012fskai\u010diuoti).<br \/>\n\u2022    I&scaron;siregistravimas i&scaron; vie&scaron;bu\u010dio.<br \/>\n\u2022    Ekskursin\u0117 i&scaron;vyka \u201eTeotihuakanas \u2013 Gvadalup\u0117s Mergel\u0117s Marijos bazilika &#8211; Xochimilco\u201c.<br \/>\n\u2022    Perve\u017eimas \u012f vie&scaron;but\u012f.<br \/>\n\u2022    \u012esik\u016brimas vie&scaron;butyje.<br \/>\n\u2022    Poilsis.<br \/>\n\u2022    Nakvyn\u0117 vie&scaron;butyje.    <\/p>\n<p>Dien\u0105 prad\u0117sime nuo apsilankymo Teotihuakano archeologin\u0117je zonoje (papildomas mokestis 100 pes\u0173) \u2013 senov\u0117s ind\u0117n\u0173 kulto centre, stebinan\u010diame savo mastu ir didybe. \u010cia i&scaron;vysite Saul\u0117s ir M\u0117nulio piramides, pasivaik&scaron;\u010diosite \u017eymiuoju Mirusi\u0173j\u0173 prospektu ir pajusite vienos paslaptingiausi\u0173 senov\u0117s civilizacij\u0173 dvasi\u0105.<\/p>\n<p>Po piet\u0173 m\u016bs\u0173 laukia viena svarbiausi\u0173 Meksikos religini\u0173 &scaron;ventovi\u0173 \u2013 Gvadalup\u0117s Mergel\u0117s Marijos bazilika, kur saugomas stebuklingas, ne \u017emoni\u0173 rank\u0173 sukurtas Dievo Motinos atvaizdas.<\/p>\n<p>Vakare \u2013 pasiplaukiojimas spalvingomis trajineromis Xochimilco kanalais, garsiuoju \u201eplaukiojan\u010diu turgumi\u201c Meksiko pietuose (papildomas mokestis ~220 pes\u0173). Tai ry&scaron;ki ir spalvinga vieta, kur muzika, spalvos ir &scaron;ventin\u0117 atmosfera palieka nei&scaron;dildom\u0105 \u012fsp\u016bd\u012f.<\/p>\n<p><strong>Day 4    <\/strong><\/p>\n<p>\u2022    Pusry\u010diai vie&scaron;butyje (perkant ekskursij\u0173 paket\u0105 pusry\u010diai \u012fskai\u010diuoti).<br \/>\n\u2022    I&scaron;siregistravimas i&scaron; vie&scaron;bu\u010dio.<br \/>\n\u2022    Ekskursin\u0117 i&scaron;vyka \u201eMeksikas \u2013 Puebla \u2013 Oachaka\u201c.<br \/>\n\u2022    Vakare vyksime \u012f Oachakos miest\u0105.<br \/>\n\u2022    \u012esik\u016brimas vie&scaron;butyje.<br \/>\n\u2022    Poilsis.<br \/>\n\u2022    Nakvyn\u0117 vie&scaron;butyje.  <\/p>\n<p>Ryte paliksime triuk&scaron;ming\u0105 ir &scaron;urmuliuojant\u012f Meksiko didmiest\u012f ir vyksime \u012f nuostab\u0173 kolonijin\u012f Puebl\u0105 (\u201eAngel\u0173 miestas\u201c), gars\u0117jant\u012f istoriniais ir architekt\u016briniais paminklais (Miesto katedra \u2013 antra pagal dyd\u012f Meksikoje, Rosario koply\u010dia, Santo Domingo vienuolynas), muziejai, keramika, legendinis &scaron;okolado pada\u017eas \u201emole\u201c ir nuostabi virtuv\u0117. \u010cia ap\u017ei\u016br\u0117sime istorin\u012f miesto centr\u0105, kuris yra saugomas UNESCO, pamatysime daug unikali\u0173 kolonijin\u0117s eros pastat\u0173, b\u016bding\u0173 Pueblai su raudon\u0173 plyt\u0173 apdaila ir rank\u0173 darbo plytel\u0117mis. Laisvas laikas El Parian suvenyr\u0173 turguje&#8230; <br \/>\nVakare vyksime \u012f Oachakos miest\u0105.<\/p>\n<p><strong>Day 5<\/strong>   <\/p>\n<p>\u2022    Pusry\u010diai vie&scaron;butyje (perkant ekskursij\u0173 paket\u0105 pusry\u010diai \u012fskai\u010diuoti).<br \/>\n\u2022    I&scaron;siregistravimas i&scaron; vie&scaron;bu\u010dio.<br \/>\n\u2022    Ekskursin\u0117 i&scaron;vyka \u201eOachaka \u2013 Tradicinis turgus \u2013 Monte Albano griuv\u0117siai \u2013 Tule medis \u2013 Meskalio gamykla \u2013 Tehuantepec\u201c.<br \/>\n\u2022    Perve\u017eimas \u012f vie&scaron;but\u012f.<br \/>\n\u2022    \u012esik\u016brimas vie&scaron;butyje.<br \/>\n\u2022    Nakvyn\u0117 vie&scaron;butyje.    <\/p>\n<p>Ryte vyksime \u012f tradicin\u012f turg\u0173 ragauti kakavos, \u017eiog\u0173, s\u016brio ir Mexcal. Apsilankymas Monte Albinoje \u2013 senovin\u0117je Zapotec\u0173 sostin\u0117je.<\/p>\n<p>Susipa\u017einsime su did\u017eiausiu ir seniausiu Meksikos med\u017eiu. Pakeliui i&scaron;vysime nesibaigian\u010dias magej\u0173 ir m\u0117lynosios agavos plantacijas, o taip pat b\u016btinai u\u017esuksime paragauti garsiojo Oachakos meskalio.<\/p>\n<p><strong>Day 6    <\/strong><\/p>\n<p>\u2022    Pusry\u010diai vie&scaron;butyje (perkant ekskursij\u0173 paket\u0105 pusry\u010diai \u012fskai\u010diuoti).<br \/>\n\u2022    I&scaron;siregistravimas i&scaron; vie&scaron;bu\u010dio.<br \/>\n\u2022    Ekskursin\u0117 i&scaron;vyka \u201eTehuantepec \u2013 Kanjonas de Sumidero \u2013 San Chuan Chamula \u2013 San Kristobal de las Kasas\u201c.<br \/>\n\u2022    Perve\u017eimas \u012f vie&scaron;but\u012f.<br \/>\n\u2022    \u012esik\u016brimas vie&scaron;butyje.<br \/>\n\u2022    Poilsis.<br \/>\n\u2022    Nakvyn\u0117 vie&scaron;butyje.  <\/p>\n<p>Ryte leisim\u0117s \u012f \u010ciapaso valstijos kalnus. \u010cia m\u016bs\u0173 laukia \u012fsp\u016bdinga kelion\u0117 laivu po gars\u0173j\u012f Sumidero kanjon\u0105, kurio gylis kai kuriose vietose siekia net vien\u0105 kilometr\u0105. V\u0117liau aplankysime San Cristobal de las Casas \u2013 nuostab\u0173 kolonijin\u012f miestel\u012f, \u012fsik\u016brus\u012f sl\u0117nyje, apsuptame kaln\u0173 su spygliuo\u010di\u0173 mi&scaron;kais. \u010cia susipa\u017einsime su vietin\u0117mis \u012f\u017eymyb\u0117mis ir maj\u0173 ind\u0117n\u0173 tautodail\u0117s tradicijomis.<\/p>\n<p>Vakare \u2013 laisvas laikas, kur\u012f galima skirti pasivaik&scaron;\u010diojimams siauromis senamies\u010dio gatvel\u0117mis, kur ore tvyro sodrus \u010ciapaso kavos aromatas, arba apsilankyti gausyb\u0117je parduotuvi\u0173, si\u016blan\u010di\u0173 nefrito ir vietinio gintaro dirbinius.<\/p>\n<p><strong>Day 7   <\/strong><\/p>\n<p>\u2022    Pusry\u010diai vie&scaron;butyje (perkant ekskursij\u0173 paket\u0105 pusry\u010diai \u012fskai\u010diuoti).<br \/>\n\u2022    I&scaron;siregistravimas i&scaron; vie&scaron;bu\u010dio.<br \/>\n\u2022    Ekskursin\u0117 i&scaron;vyka \u201eSan Kristobal de las Kasas \u2013 Agua Azul \u2013 Misol-Ha krioklys \u2013 Palenk\u0117\u201c.<br \/>\n\u2022    Perve\u017eimas \u012f vie&scaron;but\u012f.<br \/>\n\u2022    \u012esik\u016brimas vie&scaron;butyje.<br \/>\n\u2022    Poilsis.<br \/>\n\u2022    Nakvyn\u0117 vie&scaron;butyje.    <\/p>\n<p>&Scaron;i\u0105 dien\u0105 prad\u0117sime nuo apsilankymo netoli San Kristobal de las Kasas esan\u010diame maj\u0173 tsotzili\u0173 kaime San Chuan \u010camula, gars\u0117jan\u010diame savo ne\u012fprasta ba\u017eny\u010dia, kurioje susipina, rodos, nesuderinami katalik\u0173 ritualai ir ikiispani&scaron;koji pagonyb\u0117.<br \/>\nV\u0117liau vyksime \u012f Palenk\u0119 ir gal\u0117sime pamatyti, kaip greitai Meksikoje kei\u010diasi gamtovaizdis: nuo spygliuo\u010di\u0173 mi&scaron;k\u0173 iki kerin\u010dios subtropin\u0117s d\u017eiungli\u0173 \u017ealumos. Pakeliui sustosime d\u017eiungl\u0117se ir i&scaron;simaudysime viename i&scaron; \u012fsp\u016bdingiausi\u0173 kriokli\u0173, kuriais gars\u0117ja Palenk\u0117s apylink\u0117s.<\/p>\n<p><strong>Day 8    <\/strong><\/p>\n<p>\u2022    Pusry\u010diai vie&scaron;butyje (perkant ekskursij\u0173 paket\u0105 pusry\u010diai \u012fskai\u010diuoti).<br \/>\n\u2022    Laisva diena.<br \/>\n\u2022    Pageidaujantiems si\u016blome ekskursin\u0119 i&scaron;vyk\u0105 \u201eYaxchilan \u2013 Usumasintos up\u0117 \u2013 Bonampak \u2013 Roberto Barrios krioklys\u201c (papildomas mokestis \u2013 95 \u20ac\/asm.).<br \/>\n\u2022    Sugr\u012f\u017eimas \u012f vie&scaron;but\u012f.<br \/>\n\u2022    Nakvyn\u0117 vie&scaron;butyje.    <\/p>\n<p>J\u016bs\u0173 laukia kelion\u0117 link Gvatemalos sienos, kuri u\u017etruks apie 4 valandas. Toliau laukia beveik valandos trukm\u0117s plaukimas Usumasintos upe, kuri yra nat\u016brali riba tarp Meksikos ir Gvatemalos. Mes atsidursime sunkiausiai pasiekiamoje viso mar&scaron;ruto vietoje \u2013 tvirtov\u0117s mieste, tikrame senov\u0117s maj\u0173 forposte \u2013 Yaxchilan, kylant\u012f ant uolos tiesiai vir&scaron; up\u0117s. Miesto pavadinimas rei&scaron;kia \u201e\u017dali\u0173j\u0173 akmen\u0173 miestas\u201c, nes d\u0117l beveik 100 % dr\u0117gm\u0117s dauguma maj\u0173 statini\u0173 \u2013 piramid\u0117s, r\u016bmai, &scaron;ventyklos, stadionai ir kt. \u2013 padengti storu smaragdinio samanos sluoksniu. \u010cia \u2013 mil\u017eini&scaron;ki ceibos med\u017eiai, apraizgyti vijokliais, dr\u0117gnas, sunkokas oras, be\u017ed\u017eioni\u0173 gaujos, pauk&scaron;\u010diai, kalbantys vieni su kitais d\u017eiungl\u0117se, ir kartais girdimi keisti riksmeliai \u2013 gal tai riaumojan\u010dios be\u017ed\u017eion\u0117s, o gal jaguarai.<\/p>\n<p>Po to \u2013 dar viena kelion\u0117 upe, galimyb\u0117 pamatyti daug Usumasintos pakrant\u0117je besiganan\u010di\u0173 krokodil\u0173, \u017emones, kurie maudosi, skutasi ar plauna skalbinius &scaron;okolado spalvos up\u0117je.<\/p>\n<p>Piet\u016bs prie Usumasintos up\u0117s kranto.<\/p>\n<p>Po piet\u0173 \u2013 apsilankymas u\u017edraustoje Lacandon d\u017eiungli\u0173 zonoje, kur gyvena paskutiniai tikrieji majai \u2013 lacandonai. &Scaron;imtme\u010dius slapst\u0119si nuo ispan\u0173 konkistador\u0173 tankiuose neprava\u017eiuojamuose mi&scaron;kuose, &scaron;iandien lacandonai turi unikali\u0105 ind\u0117ni&scaron;k\u0105 kalb\u0105, atlieka senovinius pagoni&scaron;kus ritualus ir saugo did\u017eiausi\u0105 maj\u0173 kult\u016bros lob\u012f \u2013 Bonampak miesto griuv\u0117sius, gars\u0117jan\u010dius unikaliais fresk\u0173 vaizdais.<\/p>\n<p>Maudyn\u0117s Roberto Barrios krioklyje (priklausomai nuo oro s\u0105lyg\u0173).<\/p>\n<p><strong>Day 9    <\/strong><\/p>\n<p>\u2022    I&scaron;siregistravimas i&scaron; vie&scaron;bu\u010dio.<br \/>\n\u2022    Ekskursin\u0117 i&scaron;vyka \u201ePalenk\u0117 \u2013 Meksikos \u012flanka \u2013 Kampe\u010d\u0117\u201c.<br \/>\n\u2022    Perve\u017eimas \u012f vie&scaron;but\u012f.<br \/>\n\u2022    \u012esik\u016brimas vie&scaron;butyje.<br \/>\n\u2022    Poilsis.<br \/>\n\u2022    Nakvyn\u0117 vie&scaron;butyje.    <\/p>\n<p>Aplankysime Palenk\u0119 \u2013 senovin\u012f maj\u0173 miest\u0105, pasisl\u0117pus\u012f d\u017eiungl\u0117se, klest\u0117jus\u012f VI\u2013VIII a. m\u016bs\u0173 eros laikotarpiu. Palenk\u0117 pripa\u017e\u012fstama gra\u017eiausiu maj\u0173 miestu ir yra \u012ftraukta \u012f UNESCO pasaulio paveldo s\u0105ra&scaron;\u0105.<\/p>\n<p>Dienos metu bus numatyta trumpa sustojimo pauz\u0117 Meksikos \u012flankos laukiniame papl\u016bdimyje.<\/p>\n<p>Vakarop atvykimas \u012f Kampe\u010d\u0119 \u2013 miest\u0105, kuris ne kart\u0105 kent\u0117jo garsiausi\u0173 XVII a. pirat\u0173, \u012fskaitant F. Dreik\u0105, atakas. Pasivaik&scaron;\u010diosime po vaizdingas kolonijines Kampe\u010d\u0117s gatves ir ap\u017ei\u016br\u0117sime iki &scaron;i\u0173 dien\u0173 i&scaron;likusi\u0173 senovini\u0173 miesto tvirtovi\u0173, pastatyt\u0173 miesto apsaugai nuo pirat\u0173. &Scaron;ios tvirtov\u0117s taip pat buvo naudojamos kaip dekoracijos daugelyje istorini\u0173 film\u0173 ir serial\u0173.<\/p>\n<p><strong>Day 10    <\/strong><\/p>\n<p>\u2022    I&scaron;siregistravimas i&scaron; vie&scaron;bu\u010dio.<br \/>\n\u2022    Ekskursin\u0117 i&scaron;vyka \u201eKampe\u010d\u0117 \u2013 Selestunas \u2013 U&scaron;malis \u2013 Merida\u201c.<br \/>\n\u2022    Perve\u017eimas \u012f vie&scaron;but\u012f.<br \/>\n\u2022    \u012esik\u016brimas vie&scaron;butyje.<br \/>\n\u2022    Poilsis.<br \/>\n\u2022    Nakvyn\u0117 vie&scaron;butyje.    <\/p>\n<p>Anksti ryte i&scaron;vykstame \u012f Selestuno gamtos rezervat\u0105, kuriame gyvena daugiau nei 250 pauk&scaron;\u010di\u0173 r\u016b&scaron;i\u0173. M\u016bs\u0173 laukia nepamir&scaron;tama plaukimo ekskursija laiveliais per mangrovi\u0173 giraites ir susitikimas su krokodilais bei flamingais.<br \/>\nPo piet\u0173 aplankysime grandiozin\u012f U&scaron;malio miest\u0105, vien\u0105 i&scaron; sen\u0173j\u0173 maj\u0173 sostini\u0173.<br \/>\nVakarop \u2013 p\u0117s\u010di\u0173j\u0173 ekskursija po Merid\u0105.<\/p>\n<p><strong>Day 11     <\/strong><\/p>\n<p>\u2022    I&scaron;siregistravimas i&scaron; vie&scaron;bu\u010dio.<br \/>\n\u2022    Ekskursin\u0117 i&scaron;vyka \u201eMerida \u2013 \u010ci\u010den Itza \u2013 Cenote Ik-Kil \u2013 Playa del Carmen\u201c.<br \/>\n\u2022    Perve\u017eimas \u012f vie&scaron;but\u012f.<br \/>\n\u2022    \u012esik\u016brimas vie&scaron;butyje.<br \/>\n\u2022    Poilsis.<br \/>\n\u2022    Nakvyn\u0117 vie&scaron;butyje.   <\/p>\n<p>Ryte paliekame Merid\u0105 ir vykstame \u012f \u010ci\u010den Itz\u0105 \u2013 svarbiausi\u0105 maj\u0173-tolt&eacute;k\u0173 ceremonij\u0173 centr\u0105, \u012ftraukt\u0105 \u012f Naujuosius pasaulio stebuklus. \u010cia pamatysime garsi\u0105j\u0105 Kukulkan piramid\u0119, Observatorij\u0105, &Scaron;vent\u0105j\u012f Cenot\u0105 (nat\u016bral\u0173 &scaron;ulin\u012f, naudojam\u0105 lietaus dievui Chaak skirtoje ceremonijoje) ir did\u017eiausi\u0105 Mesoamerikoje kamuolio \u017eaidimo aik&scaron;tel\u0119.<br \/>\nMaudysimes kri&scaron;tolo skaidrumo Ik-Kil cenote vandenyse, gra\u017eiausiame Yukatano pusiasalio cenote.<br \/>\nKelion\u0117s pabaigoje vyksime \u012f Maj\u0173 Rivjeros pakrant\u0119.<\/p>\n<p><strong>Day 12     <\/strong><\/p>\n<p>\u2022    Pusry\u010diai vie&scaron;butyje (perkant ekskursij\u0173 paket\u0105 pusry\u010diai \u012fskai\u010diuoti).<br \/>\n\u2022    Laisva diena.<br \/>\n\u2022    Poilsis prie j\u016bros.<br \/>\n\u2022    Nakvyn\u0117 vie&scaron;butyje.    <\/p>\n<p><strong>Day 13    <\/strong><\/p>\n<p>\u2022    Pusry\u010diai vie&scaron;butyje (perkant ekskursij\u0173 paket\u0105 pusry\u010diai \u012fskai\u010diuoti).<br \/>\n\u2022    Laisva diena.<br \/>\n\u2022    Poilsis prie j\u016bros.<br \/>\n\u2022    Nakvyn\u0117 vie&scaron;butyje.    <\/p>\n<p><strong>Day 14    <\/strong><\/p>\n<p>\u2022    Pusry\u010diai vie&scaron;butyje (perkant ekskursij\u0173 paket\u0105 pusry\u010diai \u012fskai\u010diuoti).<br \/>\n\u2022    Laisva diena.<br \/>\n\u2022    Poilsis prie j\u016bros.<br \/>\n\u2022    Nakvyn\u0117 vie&scaron;butyje.    <\/p>\n<p><strong>Day 15    <\/strong><\/p>\n<p>\u2022    Pusry\u010diai vie&scaron;butyje (perkant ekskursij\u0173 paket\u0105 pusry\u010diai \u012fskai\u010diuoti).<br \/>\n\u2022    I&scaron;siregistravimas i&scaron; vie&scaron;bu\u010dio.<br \/>\n\u2022    Perve\u017eimas \u012f oro uost\u0105.<br \/>\n\u2022    Registracija \u012f skryd\u012f.<br \/>\n\u2022    Skrydis: Kankunas \u2013 Stambulas (~13:50-10:10*).    <\/p>\n<p><strong>16 diena    <\/strong><\/p>\n<p>\u2022    Atvykstame \u012f Stambul\u0105.<br \/>\n\u2022    Skrydis: Stambulas \u2013 Ryga (~16:00-19:05).<br \/>\n\u2022    Atskridimas \u012f Ryg\u0105.    <\/p>","protected":false},"excerpt":{"rendered":"<p>1 diena \u2022 Atvykimas \u012f Rygos oro uost\u0105. \u2022 Registracija \u012f skryd\u012f. \u2022 Skrydis: Ryga \u2013 Stambulas (~20:00-23:20). \u2022 Atvykimas \u012f Stambul\u0105. 2 diena \u2022 Skrydis: Stambulas&#8230;<\/p>","protected":false},"featured_media":11971,"comment_status":"open","ping_status":"closed","template":"","meta":{"om_disable_all_campaigns":false,"_monsterinsights_skip_tracking":false,"_monsterinsights_sitenote_active":false,"_monsterinsights_sitenote_note":"","_monsterinsights_sitenote_category":0},"product_brand":[],"product_cat":[669],"product_tag":[],"class_list":{"0":"post-12730","1":"product","2":"type-product","3":"status-publish","4":"has-post-thumbnail","6":"product_cat-keliones","8":"first","9":"instock","10":"virtual","11":"taxable","12":"purchasable","13":"product-type-simple"},"aioseo_notices":[],"_links":{"self":[{"href":"https:\/\/www.atravel.lt\/en\/wp-json\/wp\/v2\/product\/12730","targetHints":{"allow":["GET"]}}],"collection":[{"href":"https:\/\/www.atravel.lt\/en\/wp-json\/wp\/v2\/product"}],"about":[{"href":"https:\/\/www.atravel.lt\/en\/wp-json\/wp\/v2\/types\/product"}],"replies":[{"embeddable":true,"href":"https:\/\/www.atravel.lt\/en\/wp-json\/wp\/v2\/comments?post=12730"}],"wp:featuredmedia":[{"embeddable":true,"href":"https:\/\/www.atravel.lt\/en\/wp-json\/wp\/v2\/media\/11971"}],"wp:attachment":[{"href":"https:\/\/www.atravel.lt\/en\/wp-json\/wp\/v2\/media?parent=12730"}],"wp:term":[{"taxonomy":"product_brand","embeddable":true,"href":"https:\/\/www.atravel.lt\/en\/wp-json\/wp\/v2\/product_brand?post=12730"},{"taxonomy":"product_cat","embeddable":true,"href":"https:\/\/www.atravel.lt\/en\/wp-json\/wp\/v2\/product_cat?post=12730"},{"taxonomy":"product_tag","embeddable":true,"href":"https:\/\/www.atravel.lt\/en\/wp-json\/wp\/v2\/product_tag?post=12730"}],"curies":[{"name":"wp","href":"https:\/\/api.w.org\/{rel}","templated":true}]}}