{"id":12729,"date":"2026-03-21T15:44:56","date_gmt":"2026-03-21T13:44:56","guid":{"rendered":"https:\/\/www.atravel.lt\/produktas\/kampanija-pietu-italijos-perlas-skrydis-is-rygos\/"},"modified":"2026-03-21T15:44:56","modified_gmt":"2026-03-21T13:44:56","slug":"kampanija-pietu-italijos-perlas-skrydis-is-rygos","status":"publish","type":"product","link":"https:\/\/www.atravel.lt\/en\/product\/kampanija-pietu-italijos-perlas-skrydis-is-rygos\/","title":{"rendered":"Kampanija \u2013 Piet\u0173 Italijos perlas (skrydis i\u0161 Rygos)"},"content":{"rendered":"<p><strong>1 day <\/strong><\/p>\n<p>- Arrival at Riga Airport.<br \/> \u2022 Skrydis: Ryga \u2013 Neapolis (~07:20-09:25).<br \/> \u2022 Perve\u017eimas \u012f 4* vie&scaron;but\u012f.<br \/> \u2022 \u012esik\u016brimas vie&scaron;butyje.<br \/> - Recreation.<br \/> \u2022 Vakarien\u0117 vie&scaron;butyje (papildomas mokestis).<br \/> \u2022 Nakvyn\u0117 vie&scaron;butyje.<\/p>\n<p><strong>Day 2 <\/strong><\/p>\n<p>\u2022 Pusry\u010diai vie&scaron;butyje (perkant ekskursij\u0173 paket\u0105 pusry\u010diai \u012fskai\u010diuoti).<br \/> \u2022 Ekskursin\u0117 i&scaron;vyka \u201eNeatrastas Neapolis\u201c.<br \/> \u2022 Sugr\u012f\u017etame \u012f vie&scaron;but\u012f.<br \/> \u2022 Vakarien\u0117 vie&scaron;butyje (papildomas mokestis).<br \/> - Recreation.<br \/> \u2022 Nakvyn\u0117 vie&scaron;butyje.<\/p>\n<p>J\u016bs\u0173 laukia senamies\u010dio legendos, siaur\u0173 gatveli\u0173 paslaptys ir tikroji miesto atmosfera. Aplankysite &Scaron;v. Januaro katedr\u0105, su\u017einosite apie stebukl\u0105, pamatysite jo relikvijas. U\u017esuksite \u012f dirbtuves, kur kuriamos garsiosios prakart\u0117l\u0117s. Kelion\u0119 vainikuos neapolieti&scaron;kos picos ir led\u0173 degustacija.<\/p>\n<p><strong>Day 3 <\/strong><\/p>\n<p>\u2022 Pusry\u010diai vie&scaron;butyje (perkant ekskursij\u0173 paket\u0105 pusry\u010diai \u012fskai\u010diuoti).<br \/> - Free day by the sea.<br \/> \u2022 Pageidaujantiems si\u016blome ekskursin\u0119 i&scaron;vyk\u0105 \u201ePositano &#8211; Amalfis\u201c (papildomas mokestis &#8211; 60 \u20ac\/asm. + kelto bilietai ~45 \u20ac\/asm., U\u017dSAKOMA I&Scaron; ANKSTO!).<br \/> \u2022 Sugr\u012f\u017etame \u012f vie&scaron;but\u012f.<br \/> \u2022 Vakarien\u0117 vie&scaron;butyje (papildomas mokestis).<br \/> - Recreation.<br \/> \u2022 Nakvyn\u0117 vie&scaron;butyje.<\/p>\n<p>Amalfio pakrant\u0117 \u2013 tai svajon\u0117, virtusi tikrove. \u017dydras j\u016bros vanduo, spalvingi namukai, tarsi pakib\u0119 ant uol\u0173, kvapnios citrinmed\u017ei\u0173 girait\u0117s ir j\u016bros aromatas ore<\/p>\n<p>Kiekvienas miestelis \u010dia \u2013 lyg atvirukas:<br \/> \u2022 Pocitanas su savo \u012fsp\u016bdingais laiptais ir butikais-vie&scaron;bu\u010diais,<br \/> \u2022 Amalfis \u2013 su senovine katedra ir romanti&scaron;ka istorine atmosfera.<\/p>\n<p>\u010cia galima plaukti laiveliu palei pakrant\u0119, ragauti limon\u010delo saul\u0117lyd\u017eio metu ir pasijusti it itali&scaron;ko filmo herojumi. Amalfio pakrant\u0117 \u2013 tai ne tik poilsis. Tai emocijos, vaizdai ir tikras Italijos skonis, kuris i&scaron;lieka ilgam.<\/p>\n<p><strong>Day 4 <\/strong><\/p>\n<p>\u2022 Pusry\u010diai vie&scaron;butyje (perkant ekskursij\u0173 paket\u0105 pusry\u010diai \u012fskai\u010diuoti).<br \/> - Free day by the sea.<br \/> \u2022 Pageidaujantiems si\u016blome i&scaron;vyk\u0105 \u012f Kazert\u0105 (papildomas mokestis &#8211; 40 \u20ac\/asm. + \u012f\u0117jimo bilietai ~18 \u20ac\/asm.).<br \/> \u2022 Sugr\u012f\u017etame \u012f vie&scaron;but\u012f.<br \/> \u2022 Vakarien\u0117 vie&scaron;butyje (papildomas mokestis).<br \/> - Recreation.<br \/> \u2022 Nakvyn\u0117 vie&scaron;butyje.<\/p>\n<p>Kazertos karali&scaron;kieji r\u016bmai \u2013 tai Italijos \u201eVersalis\u201c, tik jaukesnis. XVIII a. statytas kompleksas turi daugiau kaip 1200 sali\u0173, nuostabius karali&scaron;kuosius apartamentus ir mil\u017eini&scaron;k\u0105 park\u0105 su kaskadiniais fontanais, skulpt\u016bromis ir al\u0117jomis. R\u016bmuose filmavo scenas i&scaron; film\u0173 \u201e\u017dvaig\u017ed\u017ei\u0173 karai\u201c ir \u201eAngelai ir demonai\u201c.Tai puiki vieta pasijusti lyg karali&scaron;koje pasakoje, pasinerti \u012f baroko epoch\u0105 ir atrasti vien\u0105 labiausiai ne\u012fvertint\u0173 Italijos brangakmeni\u0173.<\/p>\n<p><strong>Day 5 <\/strong><\/p>\n<p>\u2022 Pusry\u010diai vie&scaron;butyje (perkant ekskursij\u0173 paket\u0105 pusry\u010diai \u012fskai\u010diuoti).<br \/> \u2022 Ekskursin\u0117 i&scaron;vyka \u012f Herkulanum\u0105 (papildomai apmokami \u012f\u0117jimo bilietai ~16 \u20ac\/asm.).<br \/> \u2022 Sugr\u012f\u017etame \u012f vie&scaron;but\u012f.<br \/> \u2022 Vakarien\u0117 vie&scaron;butyje (papildomas mokestis).<br \/> - Recreation.<br \/> \u2022 Nakvyn\u0117 vie&scaron;butyje.<\/p>\n<p>Herkulanumas \u2013 tai miestas, susting\u0119s nuo 79 m. Vezuvijaus i&scaron;siver\u017eimo. Puikiai i&scaron;lik\u0119 namai, freskos ir mozaikos leid\u017eia pajusti senov\u0117s rom\u0117n\u0173 kasdienyb\u0119.<\/p>\n<p>Pageidaujantiems si\u016blome vyn\u0173 degustacij\u0105 (papildomas mokestis ~20 \u20ac\/asm), kurioje paragausite Kampanijos regiono g\u0117rim\u0173.<\/p>\n<p><strong>Day 6 <\/strong><\/p>\n<p>\u2022 Pusry\u010diai vie&scaron;butyje (perkant ekskursij\u0173 paket\u0105 pusry\u010diai \u012fskai\u010diuoti).<br \/> \u2022 Ekskursin\u0117 i&scaron;vyka \u012f Pro\u010didos sal\u0105 (papildomai apmokami kelto bilietai ~50 \u20ac\/asm.).<br \/> \u2022 Sugr\u012f\u017etame \u012f vie&scaron;but\u012f.<br \/> \u2022 Vakarien\u0117 vie&scaron;butyje (papildomas mokestis).<br \/> - Recreation.<br \/> \u2022 Nakvyn\u0117 vie&scaron;butyje.<\/p>\n<p>Pro\u010dida \u2013 spalvinga, jauki ir itin fotogeni&scaron;ka sala, kurioje slypi tikras itali&scaron;kas paj\u016brio \u017eavesys. Ry&scaron;k\u016bs namai, \u017evej\u0173 laiveliai, siauri skersgatviai \u2013 tikra fotograf\u0173 svajon\u0117.<br \/> Tur\u0117site laisvo laiko pasivaik&scaron;\u010dioti ir pasim\u0117gauti gaiviu j\u016bros v\u0117jeliu.<\/p>\n<p><strong>Day 7 <\/strong><\/p>\n<p>\u2022 Pusry\u010diai vie&scaron;butyje (perkant ekskursij\u0173 paket\u0105 pusry\u010diai \u012fskai\u010diuoti).<br \/> - Free day by the sea.<br \/> \u2022 Pageidaujantiems si\u016blome ekskursin\u0119 i&scaron;vyk\u0105 \u201eGaeta ir Sperlonga\u201c (papildomas mokestis &#8211; 40 \u20ac\/asm.).<br \/> \u2022 Sugr\u012f\u017etame \u012f vie&scaron;but\u012f.<br \/> \u2022 Vakarien\u0117 vie&scaron;butyje (papildomas mokestis).<br \/> - Recreation.<br \/> \u2022 Nakvyn\u0117 vie&scaron;butyje.<\/p>\n<p>Gaeta \u2013 senovinis, uostamiestis ant uol\u0117to i&scaron;ky&scaron;ulio. Vir&scaron; miesto i&scaron;kilusi Aragono pilis, o senojoje miesto dalyje pamatysime daugyb\u0119 senovini\u0173 &scaron;ventykl\u0173, tarp kuri\u0173 \u2013 Erazmo ir Marciano katedra, &Scaron;v. Pranci&scaron;kaus ba\u017eny\u010dia, Bizantijos San Giovanni-a-Mare ba\u017eny\u010dia ir daug kit\u0173 objekt\u0173.<\/p>\n<p>Toliau vyksime \u012f Sperlong\u0105. Nedidelis vaizdingas miestelis \u2013 vadinamas Baltuoju miestu. Jo istorinis miesto centras pastatytas tarsi labirintas!<br \/> Tur\u0117site galimyb\u0119 apsipirkti, apsilankyti kavin\u0117se ir pasidaryti nuotraukas.<\/p>\n<p><strong>Day 8 <\/strong><\/p>\n<p>\u2022 Pusry\u010diai vie&scaron;butyje\/sausas davinys (perkant ekskursij\u0173 paket\u0105 pusry\u010diai \u012fskai\u010diuoti).<br \/> \u2022 Ankstyvas i&scaron;siregistravimas i&scaron; vie&scaron;bu\u010dio.<br \/> \u2022 Perve\u017eimas \u012f Neapolio oro uost\u0105.<br \/> \u2022 Skrydis: Neapolis \u2013 Ryga (~10:15-14:10).<br \/> - Arrival in Riga.<\/p>","protected":false},"excerpt":{"rendered":"<p>1 diena \u2022 Atvykimas \u012f Rygos oro uost\u0105. \u2022 Skrydis: Ryga \u2013 Neapolis (~07:20-09:25). \u2022 Perve\u017eimas \u012f 4* vie&scaron;but\u012f. \u2022 \u012esik\u016brimas vie&scaron;butyje. \u2022 Poilsis&#8230;.<\/p>","protected":false},"featured_media":11970,"comment_status":"open","ping_status":"closed","template":"","meta":{"om_disable_all_campaigns":false,"_monsterinsights_skip_tracking":false,"_monsterinsights_sitenote_active":false,"_monsterinsights_sitenote_note":"","_monsterinsights_sitenote_category":0},"product_brand":[],"product_cat":[669],"product_tag":[],"class_list":{"0":"post-12729","1":"product","2":"type-product","3":"status-publish","4":"has-post-thumbnail","6":"product_cat-keliones","8":"first","9":"instock","10":"virtual","11":"taxable","12":"purchasable","13":"product-type-simple"},"aioseo_notices":[],"_links":{"self":[{"href":"https:\/\/www.atravel.lt\/en\/wp-json\/wp\/v2\/product\/12729","targetHints":{"allow":["GET"]}}],"collection":[{"href":"https:\/\/www.atravel.lt\/en\/wp-json\/wp\/v2\/product"}],"about":[{"href":"https:\/\/www.atravel.lt\/en\/wp-json\/wp\/v2\/types\/product"}],"replies":[{"embeddable":true,"href":"https:\/\/www.atravel.lt\/en\/wp-json\/wp\/v2\/comments?post=12729"}],"wp:featuredmedia":[{"embeddable":true,"href":"https:\/\/www.atravel.lt\/en\/wp-json\/wp\/v2\/media\/11970"}],"wp:attachment":[{"href":"https:\/\/www.atravel.lt\/en\/wp-json\/wp\/v2\/media?parent=12729"}],"wp:term":[{"taxonomy":"product_brand","embeddable":true,"href":"https:\/\/www.atravel.lt\/en\/wp-json\/wp\/v2\/product_brand?post=12729"},{"taxonomy":"product_cat","embeddable":true,"href":"https:\/\/www.atravel.lt\/en\/wp-json\/wp\/v2\/product_cat?post=12729"},{"taxonomy":"product_tag","embeddable":true,"href":"https:\/\/www.atravel.lt\/en\/wp-json\/wp\/v2\/product_tag?post=12729"}],"curies":[{"name":"wp","href":"https:\/\/api.w.org\/{rel}","templated":true}]}}