{"id":12725,"date":"2026-03-21T15:44:56","date_gmt":"2026-03-21T13:44:56","guid":{"rendered":"https:\/\/www.atravel.lt\/produktas\/panama-kosta-rika-17-d-skrydis-is-rygos\/"},"modified":"2026-03-21T15:44:56","modified_gmt":"2026-03-21T13:44:56","slug":"panama-kosta-rika-17-d-skrydis-is-rygos","status":"publish","type":"product","link":"https:\/\/www.atravel.lt\/en\/product\/panama-kosta-rika-17-d-skrydis-is-rygos\/","title":{"rendered":"PANAMA &#8211; KOSTA RIKA 17 D. (skrydis i\u0161 Rygos)"},"content":{"rendered":"<p><strong>1 day <\/strong><\/p>\n<p>- Arrival at Riga Airport.<br \/> - Check-in.<br \/> \u2022 Skrydis: Ryga \u2013 Stambulas (~11:40-15:55).<br \/> \u2022 Atvykimas \u012f Stambul\u0105.<br \/> \u2022 Perve\u017eimas \u012f vie&scaron;but\u012f.<br \/> \u2022 \u012esik\u016brimas vie&scaron;butyje.<br \/> - Recreation.<br \/> \u2022 Nakvyn\u0117 vie&scaron;butyje. <\/p>\n<p><strong>Day 2 <\/strong><\/p>\n<p>\u2022 Ankstyvas i&scaron;siregistravimas i&scaron; vie&scaron;bu\u010dio.<br \/> \u2022 Perve\u017eimas \u012f Stambulo oro uost\u0105.<br \/> \u2022 Skrydis: Stambulas \u2013 Panama (~08:00-17:05).<br \/> \u2022 Atvykimas \u012f Panam\u0105.<br \/> \u2022 Perve\u017eimas \u012f vie&scaron;but\u012f.<br \/> \u2022 \u012esik\u016brimas vie&scaron;butyje.<br \/> - Recreation.<br \/> \u2022 Nakvyn\u0117 vie&scaron;butyje. <\/p>\n<p><strong>Day 3 <\/strong><\/p>\n<p>\u2022 Pusry\u010diai vie&scaron;butyje (perkant ekskursij\u0173 paket\u0105 pusry\u010diai \u012fskai\u010diuoti).<br \/> \u2022 Ap\u017evalgin\u0117 ekskursija po Panamos miest\u0105 ir Panamos kanal\u0105.<br \/> \u2022 Sugr\u012f\u017etame \u012f vie&scaron;but\u012f.<br \/> - Recreation.<br \/> \u2022 Nakvyn\u0117 vie&scaron;butyje. <\/p>\n<p>Panama miestas, \u012fkurtas konkistador\u0173 XVI am\u017eiuje, buvo pirmasis ispan\u0173 uostas Ramiojo vandenyno pakrant\u0117je. &Scaron;iandien Panamoje egzistuoja du miestai: Senoji Panama (Panam&aacute; Viejo) ir Naujoji Panama.<\/p>\n<p>Aplankysime Kasko Antiguo \u2013 spalving\u0105 kolonijin\u012f miesto rajon\u0105, \u012ftraukt\u0105 \u012f UNESCO pasaulio paveldo s\u0105ra&scaron;\u0105. \u010cia pasivaik&scaron;\u010diosime siauromis gatvel\u0117mis, aik&scaron;t\u0117mis ir parkais, pamatysime Nacionalin\u012f teatr\u0105 \u2013 Panamos neoklasicizmo perl\u0105, Pranc\u016bzijos aik&scaron;t\u0119, San Chos\u0117s ba\u017eny\u010di\u0105 su garsiuoju auksiniu altoriumi ir San Felip\u0117 Nerio &scaron;ventov\u0119.<\/p>\n<p>Kelion\u0117 t\u0119sis Balbos bulvaru \u2013 viena gra\u017eiausi\u0173 sostin\u0117s gatvi\u0173 \u2013 ir buvusia amerikie\u010di\u0173 Kanalo zona.<\/p>\n<p>V\u0117liau lankysim\u0117s Mira\ufb02oreso &scaron;liuz\u0173 lankytoj\u0173 centre, kur gal\u0117sime steb\u0117ti laiv\u0173 per\u0117jim\u0105 per kanal\u0105 ir susipa\u017einti su \u012fsp\u016bdingu Panamos kanalo veikimu. Dokumentinis filmas atskleis &scaron;io XX am\u017eiaus in\u017einerinio stebuklo, vadinamo \u201ea&scaron;tuntuoju pasaulio stebuklu\u201c, istorij\u0105.<\/p>\n<p>Ekskursij\u0105 u\u017ebaigsime pasivaik&scaron;\u010diojimu Kosu\u0117jaus Amadoro pakrante, jungian\u010dia tris salas \u2013 Naos\u0105, Perik\u0105 ir Flamenk\u0105. I&scaron; \u010dia atsiveria kvap\u0105 gniau\u017eiantys Panamos miesto ir \u012flankos vaizdai.<\/p>\n<p><strong>Day 4 <\/strong><\/p>\n<p>\u2022 Pusry\u010diai vie&scaron;butyje (perkant ekskursij\u0173 paket\u0105 pusry\u010diai \u012fskai\u010diuoti).<br \/> \u2022 Ekskursin\u0117 i&scaron;vyka \u201e\u010cagreso nacionalinis parkas ir ind\u0117n\u0173 Ember\u0173 kaimas\u201c (papildomai apmokami \u012f\u0117jimo bilietai ~5 \u20ac\/asm. + turistinis \u012fva\u017eiavimo mokestis ~55 $\/asm.).<br \/> \u2022 Sugr\u012f\u017etame \u012f vie&scaron;but\u012f.<br \/> - Recreation.<br \/> \u2022 Nakvyn\u0117 vie&scaron;butyje. <\/p>\n<p>Anksti ryte i&scaron;vykstame \u012f \u010cagreso nacionalin\u012f park\u0105, kur prasid\u0117s kelion\u0117 upe tradicin\u0117mis ind\u0117n\u0173 valtel\u0117mis. M\u016bs\u0173 laukia sustojimas prie \u010corro del Mono krioklio, kur gal\u0117sime i&scaron;simaudyti ir pamatyti kapucinus \u2013 ma\u017eas, smalsias be\u017ed\u017eion\u0117les.<\/p>\n<p>Toliau vyksime \u012f Ember\u0173 genties kaim\u0105, kur susipa\u017einsime su vietos \u017emoni\u0173 gyvenimu, papro\u010diais, amatais ir senosiomis tradicijomis. Emberai pademonstruos savo &scaron;okius, pakvies prisijungti ir pavai&scaron;ins tradiciniais patiekalais \u2013 kepta tilapijos \u017euvimi bei keptais bananais.<\/p>\n<p>&Scaron;i i&scaron;vyka \u2013 ne tik ekskursija, bet ir reta galimyb\u0117 prisiliesti prie autenti&scaron;kos Panamos kult\u016bros bei patirti vienyb\u0119 su gamta.<\/p>\n<p><strong>Day 5 <\/strong><\/p>\n<p>\u2022 Pusry\u010diai vie&scaron;butyje (perkant ekskursij\u0173 paket\u0105 pusry\u010diai \u012fskai\u010diuoti).<br \/> - Free day.<br \/> \u2022 Pageidaujantiems si\u016blome i&scaron;vyk\u0105 \u012f Tabogos sal\u0105 (papildomas mokestis \u2013 100 \u20ac\/asm.).<br \/> \u2022 Sugr\u012f\u017etame \u012f vie&scaron;but\u012f.<br \/> - Recreation.<br \/> \u2022 Nakvyn\u0117 vie&scaron;butyje. <\/p>\n<p>Po pusry\u010di\u0173 i&scaron;vyksime \u012f Amadoro jacht\u0173 klub\u0105, kur s\u0117sime \u012f kelt\u0105, plaukiant\u012f \u012f Tabogos sal\u0105 \u2013 \u017eaving\u0105 Panamos \u012flankos kampel\u012f, esant\u012f vos u\u017e 12 j\u016brmyli\u0173 nuo Panamos miesto. Kelion\u0117 trunka apie 30 minu\u010di\u0173, o nuo kelto atsiveria \u012fsp\u016bdinga miesto dangorai\u017ei\u0173 panorama bei Amerikos tiltas.<\/p>\n<p>Tabogos sala, dar vadinama \u201eG\u0117li\u0173 sala\u201c, gars\u0117ja ramybe, \u017ealiuojan\u010diomis kalvomis ir jaukiais auksinio sm\u0117lio papl\u016bdimiais. \u010cia galima pasivaik&scaron;\u010dioti kolonijinio laikotarpio dvasia alsuojan\u010diomis gatvel\u0117mis, aplankyti senovin\u0119 San Pedro ba\u017eny\u010di\u0105 \u2013 vien\u0105 seniausi\u0173 \u017eemyne \u2013 ir pasim\u0117gauti tropini\u0173 g\u0117li\u0173 aromatu.<\/p>\n<p>Po pasivaik&scaron;\u010diojimo \u2013 poilsis papl\u016bdimyje, maudyn\u0117s &scaron;iltuose Panamos \u012flankos vandenyse, galimyb\u0117 nardyti su kauke ar i&scaron;sinuomoti kajak\u0105. Piet\u016bs viename i&scaron; salos restoran\u0117li\u0173 \u2013 \u017euvies patiekalas \u010desnak\u0173 pada\u017ee arba kreol\u0173 stiliaus vi&scaron;tiena su kokos\u0173 ry\u017eiais, salotomis ir desertu.<\/p>\n<p>Turistams saloje suteikiami gultai, sk\u0117\u010diai, du&scaron;ai ir persirengimo kabinos. Po piet\u0173 \u2013 laisvas laikas poilsiui arba pasivaik&scaron;\u010diojimui promenada su nuostabiais Panamos miesto vaizdais.<\/p>\n<p><strong>Day 6 <\/strong><\/p>\n<p>\u2022 Pusry\u010diai vie&scaron;butyje (perkant ekskursij\u0173 paket\u0105 pusry\u010diai \u012fskai\u010diuoti).<br \/> \u2022 I&scaron;siregistravimas i&scaron; vie&scaron;bu\u010dio.<br \/> - Going to the airport.<br \/> - Check-in.<br \/> \u2022 Skrydis: Panama \u2013 San Chos\u0117 (papildomas mokestis u\u017e skryd\u017eius Panama \u2013 San Chos\u0117 \u2013 Panama \u2013 nuo 300 \u20ac\/asm.).<br \/> \u2022 Atvykimas \u012f San Chos\u0117 (Kosta Rika).<br \/> \u2022 Ap\u017evalgin\u0117 ekskursija po San Chos\u0117 miest\u0105.<br \/> \u2022 Po ekskursijos vyksime \u012f Karib\u0173 pakrant\u0119 (~5 val. kelion\u0117), \u012f kurortin\u012f miestel\u012f Puerto Vieho (ar jo apylinkes).<br \/> \u2022 \u012esik\u016brimas 3* sve\u010di\u0173 namuose.<br \/> - Recreation.<br \/> \u2022 Nakvyn\u0117 sve\u010di\u0173 namuose. <\/p>\n<p>Ap\u017evalgin\u0117 ekskursija po San Chos\u0117: Kult\u016bros aik&scaron;t\u0117, centrin\u0117 miesto turgaviet\u0117 \u2013 tikra kostarikie\u010di\u0173 kasdienio gyvenimo &scaron;irdis, kur galima pajusti autenti&scaron;k\u0105 sostin\u0117s dvasi\u0105 ir ry&scaron;k\u0173 vietos kolorit\u0105.<\/p>\n<p><strong>Day 7 <\/strong><\/p>\n<p>\u2022 Pusry\u010diai vie&scaron;butyje (perkant ekskursij\u0173 paket\u0105 pusry\u010diai \u012fskai\u010diuoti).<br \/> \u2022 Ekskursin\u0117 i&scaron;vyka \u201eInd\u0117n\u0173 kult\u016bra ir laukin\u0117 Karib\u0173 gamta\u201c.<br \/> \u2022 Gr\u012f\u017eimas \u012f sve\u010di\u0173 namus.<br \/> - Recreation.<br \/> \u2022 Nakvyn\u0117 sve\u010di\u0173 namuose. <\/p>\n<p>Apsilankymas Bribri genties ind\u0117n\u0173 kaime \u2013 susipa\u017einsime su senov\u0117s genties tradicijomis ir gyvenimo b\u016bdu, apsilankysime &scaron;okolado gamybos dirbtuv\u0117se, su\u017einosime apie nuoding\u0105sias varles ir vaistinius augalus (papildomas mokestis 10 $\/asm.).<\/p>\n<p>Toliau apsilankysime Cahuita nacionaliniame parke (papildomas mokestis 15 $\/asm.) \u2013 tai tikras laukin\u0117s gamtos kampelis, kur tarp palmi\u0173 ir tropini\u0173 d\u017eiungli\u0173 galima pamatyti be\u017ed\u017eiones, koatis, tinginius ir ry&scaron;kias tropines pauk&scaron;\u010di\u0173 r\u016b&scaron;is.<\/p>\n<p><strong>Day 8 <\/strong><\/p>\n<p>\u2022 Pusry\u010diai vie&scaron;butyje (perkant ekskursij\u0173 paket\u0105 pusry\u010diai \u012fskai\u010diuoti).<br \/> \u2022 I&scaron;siregistravimas i&scaron; vie&scaron;bu\u010dio.<br \/> \u2022 Ekskursin\u0117 i&scaron;vyka \u201eLimonas-Kolumbo p\u0117dsakai\u201c.<br \/> \u2022 Perve\u017eimas \u012f La Fort\u016bna (~4 val.).<br \/> \u2022 \u012esik\u016brimas sve\u010di\u0173 namuose.<br \/> - Recreation.<br \/> \u2022 Nakvyn\u0117 sve\u010di\u0173 namuose. <\/p>\n<p>Kelion\u0117 \u012f Limon\u0105 \u2013 sen\u0105j\u012f uost\u0105, kuriame kadaise i&scaron;silaipino Kristupas Kolumbas. Pasivaik&scaron;\u010diojimas vaizdinga pakrante ir pa\u017eintis su Karib\u0173 pakrant\u0117s atmosfera.<\/p>\n<p>Perve\u017eimas (~4 val.) \u012f La Fort\u016bna \u2013 jauk\u0173 miestel\u012f prie aktyvaus Arenalio ugnikalnio pap\u0117d\u0117s. Pakeliui atsiveria vaizdai \u012f \u017ealius kalvotus kra&scaron;tovaizd\u017eius ir ananas\u0173 plantacijas.<\/p>\n<p><strong>Day 9 <\/strong><\/p>\n<p>\u2022 Pusry\u010diai vie&scaron;butyje (perkant ekskursij\u0173 paket\u0105 pusry\u010diai \u012fskai\u010diuoti).<br \/> \u2022 Ekskursin\u0117 i&scaron;vyka \u201eLa Fort\u016bna krioklys ir pakabinami tiltai\u201c.<br \/> \u2022 Sugr\u012f\u017etame \u012f sve\u010di\u0173 namus.<br \/> \u2022 Vakare pageidaujantiems si\u016blome apsilankyti terminiuose &scaron;altiniuose (papildomas mokestis ~25 $\/asm.).<br \/> - Recreation.<br \/> \u2022 Nakvyn\u0117 sve\u010di\u0173 namuose. <\/p>\n<p>Apsilankymas La Fortuna krioklyje (papildomas mokestis ~20 $\/asm.) \u2013 galingas 70 m auk&scaron;\u010dio vandens srautas krinta \u012f turkio spalvos lag\u016bn\u0105. Pageidaujant \u2013 maudyn\u0117s krioklio pap\u0117d\u0117je.<\/p>\n<p>Pasivaik&scaron;\u010diojimas kaban\u010diais tiltais (papildomas mokestis ~37 $\/asm.) \u2013 unikali galimyb\u0117 eiti vir&scaron; d\u017eiungli\u0173 med\u017ei\u0173 laj\u0173 ir pamatyti egzotinius pauk&scaron;\u010dius bei be\u017ed\u017eiones.<\/p>\n<p>Vakare \u2013 poilsis kar&scaron;tuosiuose terminiuose &scaron;altiniuose (papildomas mokestis ~25 $\/asm.), kuriuos &scaron;ildo Arenalio ugnikalnis.<\/p>\n<p><strong>Day 10 <\/strong><\/p>\n<p>\u2022 Pusry\u010diai vie&scaron;butyje (perkant ekskursij\u0173 paket\u0105 pusry\u010diai \u012fskai\u010diuoti).<br \/> \u2022 I&scaron;siregistravimas i&scaron; vie&scaron;bu\u010dio.<br \/> \u2022 Ekskursin\u0117 i&scaron;vyka \u201eKrokodil\u0173 up\u0117 ir Ramusis vandenynas\u201c.<br \/> \u2022 Perve\u017eimas \u012f vie&scaron;but\u012f.<br \/> \u2022 \u012esik\u016brimas vie&scaron;butyje.<br \/> - Recreation.<br \/> \u2022 Nakvyn\u0117 vie&scaron;butyje. <\/p>\n<p>I&scaron;vykimas i&scaron; La Fort\u016bnos. Pakeliui \u2013 ekskursija T&aacute;rcoles upe (papildomas mokestis ~40 $\/asm.), kur nat\u016bralioje aplinkoje gyvena mil\u017eini&scaron;ki krokodilai, garnios ir iguanos.<\/p>\n<p>Toliau vyksime \u012f Manuel Antonio pakrant\u0119 \u2013 vien\u0105 gra\u017eiausi\u0173 Ramiojo vandenyno viet\u0173.<\/p>\n<p><strong>Day 11 <\/strong><\/p>\n<p>\u2022 Pusry\u010diai vie&scaron;butyje (perkant ekskursij\u0173 paket\u0105 pusry\u010diai \u012fskai\u010diuoti).<br \/> \u2022 I&scaron;vyka \u012f Manuel Antonio nacionalin\u012f park\u0105 (papildomai apmokami \u012f\u0117jimo bilietai ~20 $\/asm., U\u017dSAKOMI I&Scaron; ANKSTO!).<br \/> - Free time.<br \/> \u2022 Sugr\u012f\u017etame \u012f vie&scaron;but\u012f.<br \/> \u2022 Nakvyn\u0117 vie&scaron;butyje. <\/p>\n<p>Apsilankymas Manuel Antonio nacionaliniame parke \u2013 tikroje Kosta Rikos perlo vietoje, kur balto sm\u0117lio papl\u016bdimiai susilieja su tankiais tropiniais mi&scaron;kais (papildomai apmokami \u012f\u0117jimo bilietai ~20 $\/asm., U\u017dSAKOMI I&Scaron; ANKSTO!).. \u010cia galima pamatyti tinginius, kapucin\u0173 be\u017ed\u017eiones, koatis ir maudytis kri&scaron;tolo skaidrumo lag\u016bnose. Poilsis parko papl\u016bdimiuose \u2013 Playa Escondida ir Playa Manuel Antonio.<\/p>\n<p><strong>Day 12 <\/strong><\/p>\n<p>\u2022 Pusry\u010diai vie&scaron;butyje (perkant ekskursij\u0173 paket\u0105 pusry\u010diai \u012fskai\u010diuoti).<br \/> - Free day.<br \/> \u2022 Pageidaujantiems si\u016blome i&scaron;vyk\u0105 \u012f Uvita rezervat\u0105 (papildomas mokestis \u2013 100 \u20ac\/asm. + \u012f\u0117jimo bilietai ~56 $\/asm.).<br \/> \u2022 Sugr\u012f\u017etame \u012f vie&scaron;but\u012f.<br \/> \u2022 Nakvyn\u0117 vie&scaron;butyje. <\/p>\n<p>Ekskursija \u012f Uvita rezervat\u0105 (Marino Ballena nacionalinis parkas). Priklausomai nuo sezono (gruodis\u2013balandis, liepa\u2013lapkritis), \u010dia galima pamatyti kuprotuosius banginius, delfinus ir j\u016bros v\u0117\u017elius (papildomai apmokami \u012f\u0117jimo bilietai ~56$\/asm.).<\/p>\n<p><strong>Day 13 <\/strong><\/p>\n<p>\u2022 Pusry\u010diai vie&scaron;butyje (perkant ekskursij\u0173 paket\u0105 pusry\u010diai \u012fskai\u010diuoti).<br \/> \u2022 I&scaron;siregistravimas i&scaron; vie&scaron;bu\u010dio.<br \/> \u2022 Ekskursin\u0117 i&scaron;vyka \u201cLa Paz kriokliai ir Starbucks kavos plantacija\u201d (papildomai apmokami \u012f\u0117jimo bilietai ir piet\u016bs ~78 $\/asm.).<br \/> \u2022 Perve\u017eimas \u012f vie&scaron;but\u012f.<br \/> \u2022 \u012esik\u016brimas vie&scaron;butyje.<br \/> \u2022 Nakvyn\u0117 vie&scaron;butyje. <\/p>\n<p>Perve\u017eimas ir apsilankymas La Paz Waterfall Gardens \u2013 \u201eLa Paz soduose\u201c. \u010cia \u2013 penki kriokliai, takai per debes\u0173 mi&scaron;k\u0105, drugeli\u0173 ir kolibri\u0173 paviljonai bei jaguar\u0173 prieglobstis.<br \/> (papildomai apmokami \u012f\u0117jimo bilietai ir piet\u016bs ~78 $\/asm.).<\/p>\n<p>V\u0117liau \u2013 kavos pertrauka vienintel\u0117je pasaulyje Starbucks kavos plantacijoje, kur galima paragauti &scaron;vie\u017eiai paruo&scaron;tos kavos.<\/p>\n<p><strong>Day 14 <\/strong><\/p>\n<p>\u2022 I&scaron;siregistravimas i&scaron; vie&scaron;bu\u010dio.<br \/> - Going to the airport.<br \/> - Check-in.<br \/> \u2022 Skrydis: San Chos\u0117 &#8211; Panama (papildomas mokestis u\u017e skryd\u017eius Panama \u2013 San Chos\u0117 \u2013 Panama \u2013 nuo 300 \u20ac\/asm.).<br \/> \u2022 Atvykimas \u012f Panam\u0105.<br \/> \u2022 Vykstame \u012f vie&scaron;but\u012f.<br \/> \u2022 \u012esik\u016brimas vie&scaron;butyje. <br \/> - Recreation.<br \/> \u2022 Nakvyn\u0117 vie&scaron;butyje. <\/p>\n<p><strong>Day 15 <\/strong><\/p>\n<p>\u2022 Pusry\u010diai vie&scaron;butyje (perkant ekskursij\u0173 paket\u0105 pusry\u010diai \u012fskai\u010diuoti).<br \/> \u2022 I&scaron;siregistravimas i&scaron; vie&scaron;bu\u010dio.<br \/> - Free time.<br \/> \u2022 Perve\u017eimas \u012f Panamos oro uost\u0105.<br \/> - Check-in.<br \/> \u2022 Skrydis: Panama \u2013 Stambulas (~18:45-15:30*). <\/p>\n<p><strong>16 diena <\/strong><\/p>\n<p>- We arrive in Istanbul.<br \/> \u2022 Vykstame \u012f vie&scaron;but\u012f.<br \/> \u2022 \u012esik\u016brimas vie&scaron;butyje. <br \/> - Recreation.<br \/> \u2022 Nakvyn\u0117 vie&scaron;butyje. <\/p>\n<p><strong>17 diena <\/strong><\/p>\n<p>\u2022 Ankstyvas i&scaron;siregistravimas i&scaron; vie&scaron;bu\u010dio.<br \/> \u2022 Perve\u017eimas \u012f Stambulo oro uost\u0105.<br \/> \u2022 Skrydis: Stambulas \u2013 Ryga (~08:30-10:45).<br \/> \u2022 Atvykstame \u012f Ryg\u0105. <\/p>","protected":false},"excerpt":{"rendered":"<p>1 diena \u2022 Atvykimas \u012f Rygos oro uost\u0105. \u2022 Registracija \u012f skryd\u012f. \u2022 Skrydis: Ryga \u2013 Stambulas (~11:40-15:55). \u2022 Atvykimas \u012f Stambul\u0105. \u2022 Perve\u017eimas \u012f vie&scaron;bu&#8230;<\/p>","protected":false},"featured_media":11965,"comment_status":"open","ping_status":"closed","template":"","meta":{"om_disable_all_campaigns":false,"_monsterinsights_skip_tracking":false,"_monsterinsights_sitenote_active":false,"_monsterinsights_sitenote_note":"","_monsterinsights_sitenote_category":0},"product_brand":[],"product_cat":[669],"product_tag":[],"class_list":{"0":"post-12725","1":"product","2":"type-product","3":"status-publish","4":"has-post-thumbnail","6":"product_cat-keliones","8":"first","9":"instock","10":"virtual","11":"taxable","12":"purchasable","13":"product-type-simple"},"aioseo_notices":[],"_links":{"self":[{"href":"https:\/\/www.atravel.lt\/en\/wp-json\/wp\/v2\/product\/12725","targetHints":{"allow":["GET"]}}],"collection":[{"href":"https:\/\/www.atravel.lt\/en\/wp-json\/wp\/v2\/product"}],"about":[{"href":"https:\/\/www.atravel.lt\/en\/wp-json\/wp\/v2\/types\/product"}],"replies":[{"embeddable":true,"href":"https:\/\/www.atravel.lt\/en\/wp-json\/wp\/v2\/comments?post=12725"}],"wp:featuredmedia":[{"embeddable":true,"href":"https:\/\/www.atravel.lt\/en\/wp-json\/wp\/v2\/media\/11965"}],"wp:attachment":[{"href":"https:\/\/www.atravel.lt\/en\/wp-json\/wp\/v2\/media?parent=12725"}],"wp:term":[{"taxonomy":"product_brand","embeddable":true,"href":"https:\/\/www.atravel.lt\/en\/wp-json\/wp\/v2\/product_brand?post=12725"},{"taxonomy":"product_cat","embeddable":true,"href":"https:\/\/www.atravel.lt\/en\/wp-json\/wp\/v2\/product_cat?post=12725"},{"taxonomy":"product_tag","embeddable":true,"href":"https:\/\/www.atravel.lt\/en\/wp-json\/wp\/v2\/product_tag?post=12725"}],"curies":[{"name":"wp","href":"https:\/\/api.w.org\/{rel}","templated":true}]}}