{"id":12723,"date":"2026-03-21T15:44:55","date_gmt":"2026-03-21T13:44:55","guid":{"rendered":"https:\/\/www.atravel.lt\/produktas\/kelione-i-tibeta-skrydis-is-rygos\/"},"modified":"2026-03-21T15:44:55","modified_gmt":"2026-03-21T13:44:55","slug":"kelione-i-tibeta-skrydis-is-rygos","status":"publish","type":"product","link":"https:\/\/www.atravel.lt\/en\/product\/kelione-i-tibeta-skrydis-is-rygos\/","title":{"rendered":"Kelion\u0117 \u012f Tibet\u0105 (Skrydis i\u0161 Rygos)"},"content":{"rendered":"<p style=\"text-align: center\"><span style=\"color:#e74c3c\"><strong>D\u0116MESIO! Kelion\u0117 \u012f Tibet\u0105 puikiai tinka tiems, kurie m\u0117gsta kalnus, dvasines praktikas ir ie&scaron;ko nuotyki\u0173. Vis d\u0117lto, d\u0117l didelio auk&scaron;\u010dio (3500\u20135000 metr\u0173 vir&scaron; j\u016bros lygio), &scaron;i kelion\u0117 turi tam tikr\u0173 apribojim\u0173. Ji nerekomenduojama \u017emon\u0117ms, sergantiems &scaron;irdies ir kraujagysli\u0173 ar kv\u0117pavimo tak\u0173 ligomis, taip pat n\u0117&scaron;\u010dioms moterims, sunkia diabeto forma sergantiems asmenims, vaikams ir vyresnio am\u017eiaus \u017emon\u0117ms, turintiems l\u0117tini\u0173 sveikatos problem\u0173. <\/strong><\/span><\/p>\n<p style=\"text-align: center\"><span style=\"color:#e74c3c\"><strong>Prie&scaron; kelion\u0119 b\u016btina pasikonsultuoti su gydytoju, pasir\u016bpinti reikiamais vaistais ir skirti 2\u20133 dienas aklimatizacijai \u017eemesnio auk&scaron;\u010dio vietov\u0117se, kad organizmas prisitaikyt\u0173 prie kaln\u0173 s\u0105lyg\u0173 ir suma\u017e\u0117t\u0173 sveikatos rizikos keliaujant \u012f dar auk&scaron;tesnes vietas.<\/strong><\/span><\/p>\n<hr \/>\n<h3 style=\"text-align: center\"><span style=\"color:#e74c3c\"><strong>VYKSTANT \u012e KINIJ\u0104 LIETUVOS RESPUBLIKOS PILIE\u010cIAMS REIKALINGA VIZA,KURIA <\/strong><\/span><span style=\"color:#e74c3c\"><strong>KELIAUTOJAI R\u016aPINASI SAVARANKI&Scaron;KAI<br \/> (REKOMENDUOJAME KREIPTIS \u012e <a href=\"https:\/\/keliauk.urm.lt\/lt\/countries\/view\/kinija\">KINIJOS AMBASAD\u0104<\/a> <\/strong><\/span><span style=\"color:#e74c3c\"><strong>NE V\u0116LIAU KAIP PRIE&Scaron; 2 M\u0116NESIUS IKI KELION\u0116S)!<\/strong><\/span><\/h3>\n<hr \/>\n<p><strong>1 day <\/strong><\/p>\n<p>- Arrival at Riga Airport.<br \/> - Check-in.<br \/> \u2022 Skrydis: Ryga \u2013 Stambulas (~19:50-23:10).<br \/> \u2022 Pers\u0117dimas \u012f kit\u0105 skryd\u012f. <\/p>\n<p><strong>Day 2 <\/strong><\/p>\n<p>\u2022 Skrydis: Stambulas \u2013 Pekinas (~01:30-15:35).<br \/> \u2022 Perve\u017eimas i&scaron; oro uosto \u012f vie&scaron;but\u012f (\u012fskai\u010diuota \u012f perve\u017eim\u0173 ir ekskursij\u0173 paket\u0105).<br \/> \u2022 \u012esik\u016brimas vie&scaron;butyje.<br \/> - Recreation.<br \/> \u2022 Nakvyn\u0117 vie&scaron;butyje. <\/p>\n<p><strong>Day 3 <\/strong><\/p>\n<p>\u2022 Pusry\u010diai vie&scaron;butyje (perkant ekskursij\u0173 paket\u0105 pusry\u010diai \u012fskai\u010diuoti).<br \/> \u2022 I&scaron;siregistravimas i&scaron; vie&scaron;bu\u010dio.<br \/> \u2022 Perve\u017eimas \u012f oro uost\u0105 (\u012fskai\u010diuota \u012f perve\u017eim\u0173 ir ekskursij\u0173 paket\u0105).<br \/> - Check-in.<br \/> \u2022 Vidinis skrydis: Pekinas \u2013 Lasa (papildomai apmokami skryd\u017eio bilietai \u2013 nuo 700 \u20ac\/asm.\/ \u012f abi puses).<br \/> \u2022 Perve\u017eimas \u012f vie&scaron;but\u012f.<br \/> \u2022 \u012esik\u016brimas vie&scaron;butyje.<br \/> - Recreation.<br \/> \u2022 Nakvyn\u0117 vie&scaron;butyje. <\/p>\n<p><strong>Day 4 <\/strong><\/p>\n<p>\u2022 Pusry\u010diai vie&scaron;butyje (perkant ekskursij\u0173 paket\u0105 pusry\u010diai \u012fskai\u010diuoti).<br \/> \u2022 Ekskursin\u0117 i&scaron;vyka \u201eLasos vienuolynai\u201c.<br \/> \u2022 Gr\u012f\u017eimas \u012f vie&scaron;but\u012f.<br \/> - Recreation.<br \/> \u2022 Nakvyn\u0117 vie&scaron;butyje. <\/p>\n<p>Sve\u010di\u0173 nuolat laukia vienas \u017eymiausi\u0173 Laso (3658 m vir&scaron; j\u016bros lygio) vienuolyn\u0173 \u2013 \u012fsp\u016bdingasis Drepung! I&scaron;sid\u0117st\u0119s atokiau nuo Laso, pa\u010dioje Gephel kalno pap\u0117d\u0117je, vienuolynas globoja t\u016bkstan\u010dius vienuoli\u0173, o lankytojams si\u016blo pamatyti savo maldos sali\u0173, &scaron;ventykl\u0173 bei gyvenam\u0173j\u0173 patalp\u0173 gausyb\u0119. Visai &scaron;alie paties vienuolyno yra i&scaron;sid\u0117s\u010diusi ir jauki Nechung budistin\u0117 &scaron;ventykla, kadaise buvusi valstybinio orakulo rezidencija, dabar puikiai kontrastuoja su baltuojan\u010diomis Drepung sienomis bei aplink supan\u010di\u0173 kaln\u0173 &scaron;e&scaron;\u0117liais.<\/p>\n<p>Toliau, apsilankyti traukia ir paslaptingas Sera vienuolynas. \u010cia galima steb\u0117ti tradicinius filosofinius vienuoli\u0173 debatus, o ilgo pasivaik&scaron;\u010diojimo apie vienuolyn\u0105 metu pasigro\u017e\u0117ti stulbinan\u010dia architekt\u016bra bei visa aplink supan\u010dios gamtos panoramomis.<\/p>\n<p><strong>Day 5 <\/strong><\/p>\n<p>\u2022 Pusry\u010diai vie&scaron;butyje (perkant ekskursij\u0173 paket\u0105 pusry\u010diai \u012fskai\u010diuoti).<br \/> \u2022 Ekskursin\u0117 i&scaron;vyka \u201ePotalo r\u016bmai ir D\u017eokango &scaron;ventykla\u201c.<br \/> \u2022 Gr\u012f\u017eimas \u012f vie&scaron;but\u012f.<br \/> - Recreation.<br \/> \u2022 Nakvyn\u0117 vie&scaron;butyje. <\/p>\n<p>Pirmasis dienos tikslas \u2013 ne\u012ftik\u0117tini Potalo r\u016bmai \u2013 did\u017eiausias Tibeto dvaras, i&scaron;kil\u0119s netgi 13 auk&scaron;t\u0173 auk&scaron;tyn. Pastatytas dar 637 m., jis t\u016bkstant\u012f met\u0173 buvo paties Dalai Lamos rezidencija; dabar &scaron;is paslaptingas pastatas saugo gili\u0105 regiono istorij\u0105.<\/p>\n<p>Toliau kelias veda ir \u012f ne\u012ftik\u0117tinai spalving\u0105 D\u017eokango &scaron;ventykl\u0105, \u012fsik\u016brusi\u0105 pa\u010diame Laso centre. \u010cia st\u016bkso i&scaron;kilusi ir \u017eymioji Budos statula, prie kurios piligrimai i&scaron; viso Tibeto susirenka pagarbai parodyti. Aplink D\u017eokang\u0105 vyniojasi ir Bakhor turgus, kuriame galima paragauti tibetieti&scaron;k\u0173 u\u017ekand\u017ei\u0173 ar \u012fsigyti suvenyr\u0173 tiek i&scaron; Tibeto, tiek i&scaron; Nepalo, tiek ir i&scaron; Indijos. O visai netoliese sve\u010diai ir ne tik renkasi pasim\u0117gauti arbata vienoje i&scaron; daugyb\u0117s \u010dia esan\u010di\u0173 tradicini\u0173 arbatos u\u017eeig\u0173 \u2013 arbat\u0105 paskanina &scaron;i\u0173 \u012fstaig\u0173 stogams mirksin\u010dios judriojo Bakhor &scaron;viesos.<\/p>\n<p><strong>Day 6 <\/strong><\/p>\n<p>\u2022 Pusry\u010diai vie&scaron;butyje (perkant ekskursij\u0173 paket\u0105 pusry\u010diai \u012fskai\u010diuoti).<br \/> \u2022 I&scaron;siregistravimas i&scaron; vie&scaron;bu\u010dio.<br \/> \u2022 Ekskursin\u0117 i&scaron;vyka \u201eYarlung Tsangpo\/Brahmaputros up\u0117s sl\u0117nis ir Shigatse miestas\u201c.<br \/> \u2022 Perve\u017eimas \u012f vie&scaron;but\u012f.<br \/> \u2022 \u012esik\u016brimas vie&scaron;butyje.<br \/> - Recreation.<br \/> \u2022 Nakvyn\u0117 vie&scaron;butyje. <\/p>\n<p>Kelion\u0119 po Himalajus yra verta prad\u0117ti nuo pasaki&scaron;ko Shigatse miesto, \u012fsitaisiusio netoli did\u017eiul\u0117s Yarlung Tsangpo arba Brahmaputros up\u0117s ir saugan\u010dio aplink i&scaron;sibars\u010diusiu nedidelius kaimelius \u2013 bent viename i&scaron; j\u0173 apsilankyti yra b\u016btina kiekvienam keliautojui. Antras pagal dyd\u012f Centrinio Tibeto miestas, Shigatse, visus savo sve\u010dius pasitinka ne\u012ftik\u0117tino Ta&scaron;ilhunpo vienuolyno stogais, pasakodamas apie \u010dia saugojamo mil\u017eini&scaron;ko Budos Maitr\u0117jos statulos istorij\u0105. Ta&scaron;ilhunpas yra \u017einomas ne tik kaip vienas did\u017eiausi\u0173 vienuolyn\u0173 Shigatse apylink\u0117se, bet ir kaip Panchen Lamos \u2013 antrojo pagal rang\u0105 po Dalai Lamos \u2013 rezidencija. Sve\u010diai kartu su Tibeto piligrimais yra kvie\u010diami leistis \u012f procesij\u0105 apie vis\u0105 &scaron;ventykl\u0105, kurios metu atsiveria \u012fsp\u016bdingi vaizdai \u012f Shigatse Dzong tvirtov\u0119 bei vis\u0105 Shigatse miesto panoram\u0105.<\/p>\n<p>Likus laikui keliautojai leid\u017eiasi ir \u012f pasivaik&scaron;\u010diojimus po sen\u0105j\u0105 miesto gatv\u0119, kurioje galima aplankyti tradicines tibetieti&scaron;kas parduotves ir susipa\u017einti su vietini\u0173 gyventoj\u0173 bei vienuolyn\u0173 naudojamais kasdieniais produktais bei buitiniais \u012frankiais. \u010cia taip pat galima \u012fsigyti ir suvenyr\u0173 ar paragauti tibetieti&scaron;k\u0173 u\u017ekand\u017ei\u0173. <\/p>\n<p><strong>Day 7 <\/strong><\/p>\n<p>\u2022 Pusry\u010diai vie&scaron;butyje (perkant ekskursij\u0173 paket\u0105 pusry\u010diai \u012fskai\u010diuoti).<br \/> \u2022 I&scaron;siregistravimas i&scaron; vie&scaron;bu\u010dio.<br \/> \u2022 Ekskursin\u0117 i&scaron;vyka \u201eGyatso La per\u0117ja ir Rongbuko vienuolynas\u201c.<br \/> \u2022 Perve\u017eimas \u012f vie&scaron;but\u012f.<br \/> \u2022 \u012esik\u016brimas vie&scaron;butyje.<br \/> - Recreation.<br \/> \u2022 Nakvyn\u0117 vie&scaron;butyje. <\/p>\n<p>Kylant \u012f Tibeto auk&scaron;tumas yra ne\u012fmonama pro autobuso langus praleisti Tsola (4500 m vir&scaron; j\u016bros lygio) ir Gyatso La (5252 m vir&scaron; j\u016bros lygio) per\u0117j\u0173, vedan\u010di\u0173 tiesiai \u012fsp\u016bdingo Rongbuko vienuolyno link (5000 m vir&scaron; j\u016bros lygio). &Scaron;is seniausiai tibetie\u010di\u0173 budizmo mokyklai \u2013 Nyingma \u2013 priklausantis pastatas yra auk&scaron;\u010diausiai i&scaron;sid\u0117st\u0119s vienuolynas visame pasaulyje; &scaron;alia savo &scaron;ventos ramyb\u0117s vienuolynas taip pat kvie\u010dia patirti ir pro jo langus atsiverian\u010dius \u012fsp\u016bdingus Everesto vir&scaron;\u016bn\u0117s vaizdus. Keliautojai \u010dia susirenka neskubant susipa\u017einti su pa\u010diu vienuolynu bei jo kasdienybe ir pamedituoti vienuolyno stup\u0173, budizmo maldos rat\u0173 bei auk\u010diausios pasaulio vir&scaron;\u016bn\u0117s fone.<\/p>\n<p><strong>Day 8 <\/strong><\/p>\n<p>\u2022 Pusry\u010diai vie&scaron;butyje (perkant ekskursij\u0173 paket\u0105 pusry\u010diai \u012fskai\u010diuoti).<br \/> \u2022 Ekskursija po Lhatse miestel\u012f.<br \/> \u2022 Gr\u012f\u017eimas \u012f vie&scaron;but\u012f.<br \/> - Recreation.<br \/> \u2022 Nakvyn\u0117 vie&scaron;butyje. <\/p>\n<p>Prava\u017eiavus pro dvi vienas didingiausi\u0173 kaln\u0173 per\u0117j\u0173 keliautojai pasiekia Lhatse \u2013 nedidel\u012f tibetie\u010di\u0173 miestel\u012f, kuriame gyvena vos keletas t\u016bkstan\u010di\u0173 \u017emoni\u0173. \u010cia galima apsilankyti nedideliame, bet \u012fsp\u016bdingame Gelug budizmo mokyklos vienuolyne, o auk&scaron;tyn nuo jo nukopti ir &scaron;alia Lhatse Dzong tvirtov\u0117s griuv\u0117si\u0173, nuo kuri\u0173 atsiveria ne\u012ftik\u0117tinos Yarlung Tsangpo up\u0117s kanjono panoramos.<\/p>\n<p><strong>Day 9 <\/strong><\/p>\n<p>\u2022 Pusry\u010diai vie&scaron;butyje (perkant ekskursij\u0173 paket\u0105 pusry\u010diai \u012fskai\u010diuoti).<br \/> \u2022 I&scaron;siregistravimas i&scaron; vie&scaron;bu\u010dio.<br \/> \u2022 Ekskursin\u0117 i&scaron;vyka \u201eGyantse miestelis ir Jamdroko e\u017eeras\u201c.<br \/> \u2022 Perve\u017eimas \u012f vie&scaron;but\u012f.<br \/> \u2022 \u012esik\u016brimas vie&scaron;butyje.<br \/> - Recreation.<br \/> \u2022 Nakvyn\u0117 vie&scaron;butyje. <\/p>\n<p>Ryte keliautojai renkasi \u012f dviej\u0173 valand\u0173 trukm\u0117s kelion\u0119 \u012f Gyantse miestel\u012f. \u010cia laukia ekskursija po Pelkor Chode vienuolyn\u0105 ir pa\u017eintis su jo Kumbum stupa, kurie miesto &scaron;iaur\u0117s vakarin\u0117je dalyje i&scaron;kilo dar XV a., o dabar nuo pa\u010dios Kumbum stupos atsiveria \u012fsp\u016bdingi vaizdai \u012f Gyantse Dzong tvirtov\u0119.<\/p>\n<p>Kelion\u0117s Jamdroko e\u017eero link metu lydi ne\u012ftik\u0117tini Simila ir Karola per\u0117j\u0173 horizontai. O pats Jamdrokas \u2013 vienas i&scaron; keturi\u0173 labiausiai gerbiam\u0173 ir mylim\u0173 e\u017eer\u0173 Tibete; esant geram orui keliautojai susirenka pasivaik&scaron;\u010dioti ramiais jo krantais bei pasigro\u017e\u0117ti \u012fsp\u016bdingais Nojin Kansang kalno vir&scaron;\u016bn\u0117mis, atsispindin\u010diomis e\u017eero vandens pavir&scaron;iuje.<\/p>\n<p>Toliau laukia stotel\u0117 &scaron;alia Kambala kaln\u0173 per\u0117jos (4794 m vir&scaron; j\u016bros lygio), nuo kurios dar kart\u0105 atsiveria ne\u012ftik\u0117tinos Jadroko bang\u0173 bei Nojin Kansang vir&scaron;\u016bn\u0117s panoramos. <\/p>\n<p>Gr\u012f\u017eus atgal \u012f Lasa laukia pasivaik&scaron;\u010diojimai miesto senamies\u010dio al\u0117jomis, kurios i&scaron; vis\u0173 pusi\u0173 yra \u012fr\u0117mintos parduotuvi\u0173 ir amatinink\u0173 dirbtuvi\u0173 grandin\u0117mis \u2013 \u010dia privalu paragauti vietin\u0117s virtuv\u0117s, \u012fsigyti suvenyr\u0173 ar dar kart\u0105 sugr\u012f\u017eti \u012f jau prie&scaron; tai pam\u0117gt\u0105 retoran\u0105.<\/p>\n<p><strong>Day 10 <\/strong><\/p>\n<p>\u2022 Pusry\u010diai vie&scaron;butyje (perkant ekskursij\u0173 paket\u0105 pusry\u010diai \u012fskai\u010diuoti).<br \/> \u2022 I&scaron;siregistravimas i&scaron; vie&scaron;bu\u010dio.<br \/> - Transfer to the airport.<br \/> \u2022 Vidinis skrydis: Lasa \u2013 Pekinas (papildomai apmokami skryd\u017eio bilietai \u2013 nuo 700 \u20ac\/asm.\/ \u012f abi puses).<br \/> \u2022 Perve\u017eimas \u012f vie&scaron;but\u012f.<br \/> \u2022 \u012esik\u016brimas vie&scaron;butyje.<br \/> \u2022 Nakvyn\u0117 vie&scaron;butyje. <\/p>\n<p><strong>Day 11 <\/strong><\/p>\n<p>\u2022 Pusry\u010diai vie&scaron;butyje (perkant ekskursij\u0173 paket\u0105 pusry\u010diai \u012fskai\u010diuoti).<br \/> \u2022 Laisva diena arba papildoma ekskursin\u0117 i&scaron;vyka po Pekin\u0105 (papildomas mokestis \u2013 60 \u20ac\/asm.).<br \/> - Free time.<br \/> \u2022 Gr\u012f\u017eimas \u012f vie&scaron;but\u012f.<br \/> \u2022 Nakvyn\u0117 vie&scaron;butyje. <\/p>\n<p>Vienas svarbiausi\u0173 Pekino simboli\u0173 \u2013 Dangaus &scaron;venkla (kin. \u5929\u58c7, pinyin: Ti\u0101nt&aacute;n). Pastatytas dar 1420 m. Ming dinastijos imperatoriaus Yongle valdymo metais &scaron;is &scaron;ventovi\u0173 kompleksas dabar yra trauktas \u012f UNESCO pasaulinio paveldo s\u0105ra&scaron;\u0105. \u012esitaisiusi centrin\u0117je Pekino dalyje Dangaus &scaron;ventykla lankytojams si\u016blo pasi\u017evalgyti po dangaus simbol\u012f atstojan\u010di\u0105 \u012fsp\u016bding\u0105 apvalios formos &scaron;ventykl\u0105 bei susipa\u017einti su turtinga jos \u012fk\u016brimo istorija.<\/p>\n<p><strong>Day 12 <\/strong><\/p>\n<p>\u2022 Pusry\u010diai vie&scaron;butyje (perkant ekskursij\u0173 paket\u0105 pusry\u010diai \u012fskai\u010diuoti).<br \/> \u2022 I&scaron;siregistravimas i&scaron; vie&scaron;bu\u010dio.<br \/> \u2022 Laisva diena arba papildoma ekskursin\u0117 i&scaron;vyka \u012f Yiheyuan Vasaros r\u016bmus (papildomas mokestis \u2013 60 \u20ac\/asm.).<br \/> \u2022 Po ekskursijos \u2013 laivas laikas.<br \/> \u2022 Vakare perve\u017eimas \u012f oro uost\u0105.<br \/> - Check-in. <\/p>\n<p>Viena i&scaron; Kinijos mand\u017ei\u016br\u0173 valdovams priklausi\u0173si\u0173 rezidencij\u0173 Yiheyuan buvo pastatyta 1750 m. kaip dovana \u010cing\u0173 dinastijos imperatoriaus \u010cianlongo motinai. Imperatori&scaron;kasis park\u0173 ansamblis puikiai konstratuoja ne tik kaip puiki vieta poilsiui ir pramogoms, bet ir kaip diding\u0173 &scaron;ventykl\u0173 bei gr\u0117sming\u0173 oficiali\u0173 pastat\u0173 saugojimo vieta. \u010cia galima susipa\u017einti su Pekino operos i&scaron;tak\u0173 namais, pasigro\u017e\u0117ti \u012fsp\u016bdingu Septyniolikos perl\u0173 tiltu, pamatyti nuostab\u0173 deiv\u0117s Guanyin paviljon\u0105 ar pasiklausyti daugyb\u0117s istorij\u0173 i&scaron; paskutin\u0117s Kinijos imperator\u0117s \u2013 grie\u017etos ir gudrios \u2013 Ci&scaron;i (Cixi) gyvenimo. Tuo tarpu Kunmingo e\u017eeras, &scaron;alia kurio yra \u012fsitaisiusi ir pati rezidencija, yra laikomas vienu did\u017eiausiu vandens rezervuaru visoje Kinijoje ir \u017eavi savo skaidraus vandens raibuliais. Did\u017eiulis Kunmingo tre\u010ddalis vasar\u0105 lankytojams yra atidaromas kaip puiki pasivaik&scaron;iojim\u0173 vieta, o \u017eiem\u0105 \u2013 sniego ir slidin\u0117jimo pramog\u0173 erdv\u0117; tuo tapu likusi e\u017eero dalis yra naudojama lotosams bei g\u0117lavandeni\u0173 perl\u0173 auginimui \u2013 su pastar\u0173j\u0173 gamyba susipa\u017einti yra kvie\u010diami ir rezidencijos sve\u010diai.<\/p>\n<p><strong>Day 13 <\/strong><\/p>\n<p>\u2022 Skrydis: Pekinas \u2013 Stambulas (~00:10-05:30).<br \/> \u2022 Pers\u0117dimas \u012f kit\u0105 skryd\u012f.<br \/> \u2022 Skrydis: Stambulas \u2013 Ryga (~07:05-10:10).<br \/> \u2022 Atvykimas \u012f Ryg\u0105.<\/p>","protected":false},"excerpt":{"rendered":"<p>D\u0116MESIO! Kelion\u0117 \u012f Tibet\u0105 puikiai tinka tiems, kurie m\u0117gsta kalnus, dvasines praktikas ir ie&scaron;ko nuotyki\u0173. Vis d\u0117lto, d\u0117l didelio auk&scaron;\u010dio (3500\u2013500&#8230;<\/p>","protected":false},"featured_media":11963,"comment_status":"open","ping_status":"closed","template":"","meta":{"om_disable_all_campaigns":false,"_monsterinsights_skip_tracking":false,"_monsterinsights_sitenote_active":false,"_monsterinsights_sitenote_note":"","_monsterinsights_sitenote_category":0},"product_brand":[],"product_cat":[669],"product_tag":[],"class_list":{"0":"post-12723","1":"product","2":"type-product","3":"status-publish","4":"has-post-thumbnail","6":"product_cat-keliones","8":"first","9":"instock","10":"virtual","11":"taxable","12":"product-type-simple"},"aioseo_notices":[],"_links":{"self":[{"href":"https:\/\/www.atravel.lt\/en\/wp-json\/wp\/v2\/product\/12723","targetHints":{"allow":["GET"]}}],"collection":[{"href":"https:\/\/www.atravel.lt\/en\/wp-json\/wp\/v2\/product"}],"about":[{"href":"https:\/\/www.atravel.lt\/en\/wp-json\/wp\/v2\/types\/product"}],"replies":[{"embeddable":true,"href":"https:\/\/www.atravel.lt\/en\/wp-json\/wp\/v2\/comments?post=12723"}],"wp:featuredmedia":[{"embeddable":true,"href":"https:\/\/www.atravel.lt\/en\/wp-json\/wp\/v2\/media\/11963"}],"wp:attachment":[{"href":"https:\/\/www.atravel.lt\/en\/wp-json\/wp\/v2\/media?parent=12723"}],"wp:term":[{"taxonomy":"product_brand","embeddable":true,"href":"https:\/\/www.atravel.lt\/en\/wp-json\/wp\/v2\/product_brand?post=12723"},{"taxonomy":"product_cat","embeddable":true,"href":"https:\/\/www.atravel.lt\/en\/wp-json\/wp\/v2\/product_cat?post=12723"},{"taxonomy":"product_tag","embeddable":true,"href":"https:\/\/www.atravel.lt\/en\/wp-json\/wp\/v2\/product_tag?post=12723"}],"curies":[{"name":"wp","href":"https:\/\/api.w.org\/{rel}","templated":true}]}}