{"id":12722,"date":"2026-03-21T15:44:55","date_gmt":"2026-03-21T13:44:55","guid":{"rendered":"https:\/\/www.atravel.lt\/produktas\/city-tour-5-d-ilgasis-savaitgalis-paryziuje-skrydis-is-vilniaus\/"},"modified":"2026-03-21T15:44:55","modified_gmt":"2026-03-21T13:44:55","slug":"city-tour-5-d-ilgasis-savaitgalis-paryziuje-skrydis-is-vilniaus","status":"publish","type":"product","link":"https:\/\/www.atravel.lt\/en\/product\/city-tour-5-d-ilgasis-savaitgalis-paryziuje-skrydis-is-vilniaus\/","title":{"rendered":"City Tour: 5 d. Ilgasis savaitgalis Pary\u017eiuje (skrydis i\u0161 Vilniaus)"},"content":{"rendered":"<h3 style=\"text-align: center\"><span style=\"color:#27ae60\"><span style=\"font-size:16px\"><b>Garantuota nuo 2 asmen\u0173!<\/b><\/span><\/span><\/h3>\n<hr \/>\n<h3 style=\"text-align: center\"><span style=\"font-size:16px\"><b>SVARBU! EKSKURSIJ\u0172 IR PERVE\u017dIMO PAKETAS APMOKAMAS KELION\u0116S METU!<\/b><\/span><\/h3>\n<hr \/>\n<h3 style=\"text-align: center\"><span style=\"font-size:16px\"><span style=\"color:#e74c3c\"><b>PRIKLAUSOMAI NUO SKRYD\u017dI\u0172 LAIK\u0172 GALI KEISTIS PROGRAMOS EILI&Scaron;KUMAS!<\/b><\/span><\/span><\/h3>\n<hr \/>\n<h3 style=\"text-align: center\"><span style=\"font-size:16px\"><span style=\"color:#e74c3c\"><strong>Kelion\u0117 organizuojama individualiai, tod\u0117l d\u0117l l\u0117ktuvo biliet\u0173 ir vie&scaron;bu\u010dio kambari\u0173 pabrangimo, organizatorius gali atmesti rezervacij\u0105 arba pasi\u016blyti keliautojui priemok\u0105.<\/strong><\/span><\/span><\/h3>\n<hr \/>\n<p><strong>1 day <\/strong><\/p>\n<p>- Arrival at Vilnius Airport.<br \/> - Check-in.<br \/> \u2022 Skrydis: Vilnius \u2013 Pary\u017eius (~16:05-17:50).<br \/> \u2022 Perve\u017eimas \u012f 3* vie&scaron;but\u012f (papildomas mokestis, perkant ekskursij\u0173 paket\u0105 perve\u017eimas \u012fskai\u010diuotas).<br \/> \u2022 \u012esik\u016brimas vie&scaron;butyje.<br \/> \u2022 Nakvyn\u0117 vie&scaron;butyje.<\/p>\n<p><strong>Day 2 <\/strong><\/p>\n<p>\u2022 Pusry\u010diai vie&scaron;butyje (perkant ekskursij\u0173 paket\u0105 pusry\u010diai \u012fskai\u010diuoti).<br \/> \u2022 Ap\u017evalgin\u0117 ekskursija p\u0117s\u010diomis po Pary\u017ei\u0173 (papildomai apmokami metro bilietai ~2 \u20ac\/1 kelion\u0117s bilietas).<br \/> \u2022 Sugr\u012f\u017etame \u012f vie&scaron;but\u012f.<br \/> \u2022 Nakvyn\u0117 vie&scaron;butyje.<\/p>\n<p>Po Pary\u017ei\u0173 jud\u0117sime metro (bilieto kaina ~2 \u20ac u\u017e vien\u0105 kelion\u0119, bilietai apmokami papildomai).<\/p>\n<p>Ekskursijos p\u0117s\u010diomis metu susipa\u017einsite su tokiais objektais kaip Triumfo arka, Eliziejaus laukai, Didieji ir Ma\u017eieji r\u016bmai, Aleksandro lll tiltas, Les Invalides esplanada. Nuo Senos up\u0117s krantin\u0117s gro\u017e\u0117sit\u0117s Eifelio bok&scaron;tu. Pamatysite Pary\u017eiaus \u201eistorin\u0119 a&scaron;\u012f\u201c: Place de la Concorde, Tiuleri, Luvr\u0105, Men\u0173 ir Nauj\u0105j\u012f tilt\u0105. Ekskursij\u0105 u\u017ebaigsime Cit&eacute; saloje \u2013 Pary\u017eiaus lop&scaron;yje, kurioje yra Pary\u017eiaus Dievo Motinos katedra (Notre-Dame de Paris).<\/p>\n<p><strong>Day 3 <\/strong><\/p>\n<p>\u2022 Pusry\u010diai vie&scaron;butyje (perkant ekskursij\u0173 paket\u0105 pusry\u010diai \u012fskai\u010diuoti).<br \/> \u2022 Ekskursija p\u0117s\u010diomis po Pary\u017eiaus siel\u0105 \u2013 Monmartr\u0105 ir \u012f\u017eymias aik&scaron;tes (papildomai apmokami metro bilietai ~2 \u20ac\/1 kelion\u0117s bilietas).<br \/> \u2022 Sugr\u012f\u017etame \u012f vie&scaron;but\u012f.<br \/> \u2022 Nakvyn\u0117 vie&scaron;butyje.<\/p>\n<p>Po Pary\u017ei\u0173 jud\u0117sime metro (bilieto kaina ~2 \u20ac u\u017e vien\u0105 kelion\u0119, bilietai apmokami papildomai).<\/p>\n<p>Monmartras vadinamas \u201ePary\u017eiaus siela\u201c. Tai ypatingos atmosferos ir spalvingumo kvartalas, kur susilieja senoviniai skverai, krik&scaron;\u010dioni&scaron;kos &scaron;ventov\u0117s ir bohemi&scaron;ki restoran\u0117liai. Siauros gatvel\u0117s ir stat\u016bs laiptai mena garsius menininkus, ra&scaron;ytojus ir aktorius, tokius kaip Tul\u016bza-Lotrekas, Gogenas, Renuaras, Modiljanis, Pikasas, Dalida ir kt.<\/p>\n<p>Ekskursijos t\u0119sinys drieksis prospektais ir bulvarais, apsuptais XVII\u2013XIX a. pastat\u0173. Aplankysime Madlenos aik&scaron;t\u0119 su pagrindiniu jos akcentu \u2013 klasikin\u0117s architekt\u016bros &scaron;edevru, &Scaron;v. Marijos Magdaliet\u0117s ba\u017eny\u010dia. Toliau \u2013 didinga Vandomo aik&scaron;t\u0117 su \u012fsp\u016bdinga kolona ir garsioji Garnj\u0117 opera, kuri per savo istorij\u0105 keit\u0117 pavadinimus ir i&scaron;vaizd\u0105, ta\u010diau visuomet buvo Pary\u017eiaus kult\u016brin\u0117s veiklos centras.<\/p>\n<p><strong>Day 4 <\/strong><\/p>\n<p>\u2022 Pusry\u010diai vie&scaron;butyje (perkant ekskursij\u0173 paket\u0105 pusry\u010diai \u012fskai\u010diuoti).<br \/> - Free day.<br \/> \u2022 Pageidaujantiems si\u016blome ekskursij\u0105 su gidu po Luvro muziej\u0173 \u2013 nuo 80 \u20ac\/asm. + \u012f\u0117jimo bilietas ~17 \u20ac\/asm.<br \/> \u2022 Sugr\u012f\u017etame \u012f vie&scaron;but\u012f.<br \/> \u2022 Nakvyn\u0117 vie&scaron;butyje.<\/p>\n<p>Po Pary\u017ei\u0173 jud\u0117sime metro (bilieto kaina ~2 \u20ac u\u017e vien\u0105 kelion\u0119, bilietai apmokami papildomai).<\/p>\n<p>Luvras \u2013 vienas seniausi\u0173 muziej\u0173 pasaulyje, turintis \u012fsp\u016bding\u0105 istorini\u0173, menini\u0173 ir antikini\u0173 vertybi\u0173 kolekcij\u0105 nuo senov\u0117s iki XIX a.<\/p>\n<p>Dvieju\u0328 valand\u0173 trukm\u0117s ap\u017evalgin\u0117 ekskursija supa\u017eindins Jus su trimis garsiausiais Luvro &scaron;edevrais, kurie da\u017enai vadinami \u201eTrimis Luvro damomis\u201c: paslaptingai besi&scaron;ypsan\u010dia Mona Liza, sparnuota pergal\u0117s deive Nike i&scaron; Samotrak\u0117s ir gro\u017eio deive Venera Milo.<\/p>\n<p>Ekskursijos metu taip pat i&scaron;girsite apie Luvro pastato daugiau nei a&scaron;tuonis &scaron;imtme\u010dius trunkan\u010di\u0105 istorij\u0105: nuo viduram\u017ei\u0173 tvirtov\u0117s, pastatytos karaliaus Pilypo Augusto \u012fsakymu, iki karali&scaron;kosios rezidencijos &scaron;imtamet\u0117s karo i&scaron;vakar\u0117se ir v\u0117liau \u2013 pagrindinio Pranc\u016bzijos muziejaus po Pranc\u016bzijos revoliucijos.<\/p>\n<p>Ekskursija baigsis sal\u0117se, kuriose eksponuojami garsiausi pranc\u016bz\u0173 ir ital\u0173 dailinink\u0173 darbai: Delakrua, \u017deriko, Davydo, Enr\u0117, Gro. Be gido d\u0117mesio neliks ir Italijos renesanso meistrai: Mantanja, da Vin\u010d\u012f, Ticijanas, Veronez\u0119 ir Rafaelis.<\/p>\n<p><strong>Day 5 <\/strong><\/p>\n<p>\u2022 Pusry\u010diai vie&scaron;butyje (perkant ekskursij\u0173 paket\u0105 pusry\u010diai \u012fskai\u010diuoti) \u2013 PRIKLAUSO NUO SKRYD\u017dI\u0172 LAIK\u0172!<br \/> \u2022 I&scaron;siregistravimas i&scaron; vie&scaron;bu\u010dio.<br \/> \u2022 Laisvas laikas (priklauso nuo skryd\u017ei\u0173 laik\u0173).<br \/> \u2022 Perve\u017eimas \u012f Pary\u017eiaus oro uost\u0105 (papildomas mokestis, perkant ekskursij\u0173 paket\u0105 perve\u017eimas \u012fskai\u010diuotas).<br \/> - Check-in.<br \/> \u2022 Skrydis: Pary\u017eius \u2013 Vilnius (~16:20-19:55).<br \/> \u2022 Atvykimas \u012f Vilni\u0173.<\/p>","protected":false},"excerpt":{"rendered":"<p>Garantuota nuo 2 asmen\u0173! SVARBU! EKSKURSIJ\u0172 IR PERVE\u017dIMO PAKETAS APMOKAMAS KELION\u0116S METU! PRIKLAUSOMAI NUO SKRYD\u017dI\u0172 LAIK\u0172 GALI KEISTIS PROGRAMOS EILI&Scaron;KUM&#8230;<\/p>","protected":false},"featured_media":11962,"comment_status":"open","ping_status":"closed","template":"","meta":{"om_disable_all_campaigns":false,"_monsterinsights_skip_tracking":false,"_monsterinsights_sitenote_active":false,"_monsterinsights_sitenote_note":"","_monsterinsights_sitenote_category":0},"product_brand":[],"product_cat":[669],"product_tag":[],"class_list":{"0":"post-12722","1":"product","2":"type-product","3":"status-publish","4":"has-post-thumbnail","6":"product_cat-keliones","8":"first","9":"instock","10":"virtual","11":"taxable","12":"purchasable","13":"product-type-simple"},"aioseo_notices":[],"_links":{"self":[{"href":"https:\/\/www.atravel.lt\/en\/wp-json\/wp\/v2\/product\/12722","targetHints":{"allow":["GET"]}}],"collection":[{"href":"https:\/\/www.atravel.lt\/en\/wp-json\/wp\/v2\/product"}],"about":[{"href":"https:\/\/www.atravel.lt\/en\/wp-json\/wp\/v2\/types\/product"}],"replies":[{"embeddable":true,"href":"https:\/\/www.atravel.lt\/en\/wp-json\/wp\/v2\/comments?post=12722"}],"wp:featuredmedia":[{"embeddable":true,"href":"https:\/\/www.atravel.lt\/en\/wp-json\/wp\/v2\/media\/11962"}],"wp:attachment":[{"href":"https:\/\/www.atravel.lt\/en\/wp-json\/wp\/v2\/media?parent=12722"}],"wp:term":[{"taxonomy":"product_brand","embeddable":true,"href":"https:\/\/www.atravel.lt\/en\/wp-json\/wp\/v2\/product_brand?post=12722"},{"taxonomy":"product_cat","embeddable":true,"href":"https:\/\/www.atravel.lt\/en\/wp-json\/wp\/v2\/product_cat?post=12722"},{"taxonomy":"product_tag","embeddable":true,"href":"https:\/\/www.atravel.lt\/en\/wp-json\/wp\/v2\/product_tag?post=12722"}],"curies":[{"name":"wp","href":"https:\/\/api.w.org\/{rel}","templated":true}]}}