{"id":12721,"date":"2026-03-21T15:44:55","date_gmt":"2026-03-21T13:44:55","guid":{"rendered":"https:\/\/www.atravel.lt\/produktas\/australija-naujoji-zelandija-14-d-skrydis-is-rygos\/"},"modified":"2026-03-21T15:44:55","modified_gmt":"2026-03-21T13:44:55","slug":"australija-naujoji-zelandija-14-d-skrydis-is-rygos","status":"publish","type":"product","link":"https:\/\/www.atravel.lt\/en\/product\/australija-naujoji-zelandija-14-d-skrydis-is-rygos\/","title":{"rendered":"AUSTRALIJA &#8211; NAUJOJI ZELANDIJA 14 D. (skrydis i\u0161 Rygos)"},"content":{"rendered":"<h3 style=\"text-align:center\"><span style=\"font-size:18px\"><span style=\"color:#e74c3c\"><strong>D\u0116MESIO! REIKALAVIMAI VYKSTANT \u012e KELION\u0118:<\/strong><\/span><\/span><\/h3>\n<hr \/>\n<p style=\"text-align:center\"><strong><span style=\"color:#e74c3c\">Visi atvykstantys \u012f Australij\u0105 privalo u\u017epildyti ir gauti el. leidim\u0105 &#8211;<\/span> <a href=\"https:\/\/immi.homeaffairs.gov.au\/visas\/getting-a-visa\/visa-listing\/evisitor-651\"><span style=\"color:#2980b9\">eVisitor<\/span><\/a> <\/strong><br \/> <span style=\"color:#e74c3c\"><strong>(DEKLARACIJ\u0104 REKOMENDUOJAME PILDYTI PRIE&Scaron; 1-2 MEN\u0116S\u012e IKI ATVYKIMO \u012e &Scaron;AL\u012e)<\/strong><\/span><\/p>\n<hr style=\"text-align:center\" \/>\n<p style=\"text-align:center\"><strong><span style=\"color:#e74c3c\">Visi atvykstantys \u012f Nauj\u0105j\u0105 Zelandij\u0105 privalo u\u017epildyti ir gauti el. leidim\u0105 &#8211; <\/span><a href=\"https:\/\/www.immigration.govt.nz\/new-zealand-visas\/visas\/visa\/nzeta\"><span style=\"color:#2980b9\">NZeTA (New Zealand Electronic Travel Authority)<\/span><\/a><\/strong><br \/> <span style=\"color:#e74c3c\"><strong>(DEKLARACIJ\u0104 REKOMENDUOJAME PILDYTI PRIE&Scaron; 1-2 MEN\u0116S\u012e IKI ATVYKIMO \u012e &Scaron;AL\u012e)<\/strong><\/span><\/p>\n<hr \/>\n<p><strong>1 day <\/strong><\/p>\n<p>- Arrival at Riga Airport.<br \/> - Check-in.<br \/> \u2022 Skrydis: Ryga \u2013 Stambulas (~11:40-15:55).<br \/> - Arrival in Istanbul.<br \/> \u2022 Skrydis: Stambulas \u2013 Melburnas (~17:15-21:00*).<\/p>\n<p><strong>Day 2 <\/strong><\/p>\n<p>\u2022 Atskridimas \u012f Melburn\u0105.<br \/> \u2022 Perve\u017eimas \u012f vie&scaron;but\u012f.<br \/> \u2022 \u012esik\u016brimas vie&scaron;butyje.<br \/> \u2022 Nakvyn\u0117 vie&scaron;butyje.<\/p>\n<p><strong>Day 3 <\/strong><\/p>\n<p>\u2022 Pusry\u010diai vie&scaron;butyje (perkant ekskursij\u0173 paket\u0105 pusry\u010diai \u012fskai\u010diuoti).<br \/> \u2022 Ap\u017evalgin\u0117 ekskursija po Melburn\u0105.<br \/> \u2022 Sugr\u012f\u017etame \u012f vie&scaron;but\u012f.<br \/> \u2022 Nakvyn\u0117 vie&scaron;butyje.<\/p>\n<p>Melburnas \u2013 Viktorijos valstijos sostin\u0117 ir antras pagal dyd\u012f Australijos miestas su\u017eav\u0117s Jus savo istorija ir gro\u017eiu. U\u017e spart\u0173 augim\u0105 miestas pirmiausia skolingas auksui.<\/p>\n<p>Kombinuotos ekskursijos po Melburn\u0105 metu susipa\u017einsime su miesto istorija, pamatysime i&scaron;likusius senovinius pastatus ir modernius statinius. Gidas papasakos apie Melburno vystym\u0105si, konkurencij\u0105 su Sidn\u0117jumi ir parodys svarbius miesto objektus.<br \/> Ekskursijos po Melburn\u0105 metu pamatysime: Parlamento r\u016bmus, I\u017edo pastat\u0105, Karali&scaron;k\u0105j\u012f parod\u0173 centr\u0105 ir Karalien\u0117s Viktorijos turg\u0173.<\/p>\n<p><strong>Day 4 <\/strong><\/p>\n<p>\u2022 Pusry\u010diai vie&scaron;butyje (perkant ekskursij\u0173 paket\u0105 pusry\u010diai \u012fskai\u010diuoti).<br \/> \u2022 I&scaron;siregistravimas i&scaron; vie&scaron;bu\u010dio.<br \/> \u2022 Vakare perve\u017eimas \u012f oro uost\u0105.<br \/> - Check-in.<br \/> \u2022 Skrydis: Melburnas \u2013 Oklendas (privalomas mokestis u\u017e skryd\u017eius: Melburnas &#8211; Oklendas &#8211; Sidn\u0117jus &#8211; nuo 500 \u20ac\/asm.).<\/p>\n<p>Pasivaik&scaron;\u010diojimas p\u0117s\u010diomis po miest\u0105, aplankysime Karali&scaron;k\u0105j\u012f botanikos sod\u0105, Atminimo &scaron;ventov\u0119, pageidaujantys gal\u0117s aplankyti Olimpin\u012f bulvar\u0105 ir pasivaik&scaron;\u010dioti papl\u016bdimiu.<\/p>\n<p><strong>Day 5 <\/strong><\/p>\n<p>\u2022 Atskridimas \u012f Oklend\u0105.<br \/> \u2022 Perve\u017eimas \u012f vie&scaron;but\u012f.<br \/> \u2022 \u012esik\u016brimas vie&scaron;butyje.<br \/> - Recreation.<br \/> \u2022 Pusry\u010diai vie&scaron;butyje (perkant ekskursij\u0173 paket\u0105 pusry\u010diai \u012fskai\u010diuoti).<br \/> \u2022 Ap\u017evalgin\u0117 ekskursija autobusu po Oklend\u0105.<br \/> \u2022 Sugr\u012f\u017etame \u012f vie&scaron;but\u012f.<br \/> \u2022 Nakvyn\u0117 vie&scaron;butyje.<\/p>\n<p>Oklendas &#8211; pirmoji Naujosios Zelandijos sostin\u0117, 1864 metais perdav\u0117 savo administracines funkcijas Velingtonui d\u0117l palankesn\u0117s geografin\u0117s pad\u0117ties. Oklendas \u2013 tai lietaus ir u\u017egesusi\u0173 ugnikalni\u0173 miestas, park\u0173 oaz\u0117 (daugiau nei 37 t\u016bkstan\u010diai hektar\u0173 \u017ealumos, i&scaron;sibars\u010diusios po vis\u0105 miesto \u017eem\u0117lap\u012f) ir pasivaik&scaron;\u010diojimo tak\u0173 labirintas (daugiau nei 500 kilometr\u0173). Taip pat \u010dia stovi auk&scaron;\u010diausias bok&scaron;tas piet\u0173 pusrutulyje.<\/p>\n<p>Oklendas gars\u0117ja savo daugybe lankytin\u0173 viet\u0173 ir tapo presti\u017eini\u0173 rengini\u0173, toki\u0173 kaip Amerikos taur\u0117s (garsios burlaivi\u0173 regatos), vieta. Vietiniai gyventojai su pasidid\u017eiavimu teigia, kad Oklendas elegancija pralenk\u0117 visus kitus Naujosios Zelandijos miestus. Miestas spinduliuoja u\u017ekre\u010dian\u010dia energija, o kiekvienas, nusprend\u0119s j\u012f aplankyti, pasiners \u012f pa\u010di\u0105 Naujosios Zelandijos subtropik\u0173 &scaron;ird\u012f.<\/p>\n<p>Oklendas taip pat \u017einomas kaip \u201eBuri\u0173 miestas\u201c. Nepaisant didelio ugnikalni\u0173 skai\u010diaus, \u010dia gyvena daugiau nei 1,3 milijono \u017emoni\u0173. Tai did\u017eiausias polinezieti&scaron;kas miestas pasaulyje. \u010cia laiv\u0173 skai\u010dius vienam gyventojui vir&scaron;ija bet kur\u012f kit\u0105 miest\u0105. Kasdienis lietus da\u017eniausiai neu\u017esit\u0119sia, ta\u010diau Oklendas, apsuptas vandens i&scaron; vis\u0173 pusi\u0173, pasi\u017eymi didele dr\u0117gme ir dr\u0117gnu klimatu.<\/p>\n<p>Vietiniai Oklend\u0105 vadina \u201ema\u017euoju Sidn\u0117jumi\u201c ir labai juo did\u017eiuojasi. Tai nuostabus \u201e\u017ealias\u201c miestas su u\u017ekre\u010dian\u010dia energija. Investuotos milijonin\u0117s sumos suteik\u0117 miestui spindesio, paversdamos j\u012f tikru Naujosios Zelandijos kult\u016bros paveldo perlu.<\/p>\n<p><strong>Day 6 <\/strong><\/p>\n<p>\u2022 Pusry\u010diai vie&scaron;butyje (perkant ekskursij\u0173 paket\u0105 pusry\u010diai \u012fskai\u010diuoti).<br \/> \u2022 I&scaron;siregistravimas i&scaron; vie&scaron;bu\u010dio.<br \/> \u2022 Ekskursin\u0117 i&scaron;vyka \u201eHamiltono sodai ir Vaitomo urvai\u201c (\u012f\u0117jimo bilietai u\u017esakomi ir apmokami i&scaron; anksto!).<br \/> \u2022 Perve\u017eimas \u012f vie&scaron;but\u012f.<br \/> \u2022 \u012esik\u016brimas vie&scaron;butyje.<br \/> - Recreation.<br \/> \u2022 Nakvyn\u0117 vie&scaron;butyje.<\/p>\n<p>Paliksime Oklendo platybes ir leisim\u0117s \u012f \u012fsp\u016bding\u0105 kelion\u0119 po vaizdingas miesto apylinkes. Pirmoji m\u016bs\u0173 stotel\u0117 \u2013 prie Vaikatos up\u0117s krant\u0173, kur pasivaik&scaron;\u010diosime po nuostabius teminius botanikos sodus, kuriuose Rytai susitinka su Vakarais magi&scaron;koje vienyb\u0117je. Pasisemsime \u012fkv\u0117pimo i&scaron; &scaron;i\u0173 sod\u0173 paslaptingo pasaulio. Vos prie&scaron; pus\u0119 am\u017eiaus &scaron;ioje vietoje buvo s\u0105vartynas, o &scaron;iandien tai daugyb\u0119 apdovanojim\u0173 peln\u0119s objektas, unikaliu b\u016bdu pasakojantis pasaulio istorij\u0105 sod\u0173 kalba.<\/p>\n<p>Pasitelk\u0119 kvap\u0105 gniau\u017eian\u010dias Hamilton Gardens kolekcijas, leisim\u0117s tyrin\u0117ti \u012fvairi\u0173 civilizacij\u0173 palikimo. \u010cia atkurti istoriniai sod\u0173 stiliai i&scaron; viso pasaulio kampeli\u0173.<\/p>\n<p>Vaitomo urvai \u2013 kvap\u0105 gniau\u017eiantis po\u017eemini\u0173 stebukl\u0173 pasaulis, gars\u0117jantis unikaliomis gamtos formacijomis, tokiomis kaip stalaktitai ir stalagmitai. \u012esik\u016br\u0119 pa\u010dioje Naujosios Zelandijos &scaron;irdyje, jie yra gyvas senov\u0117s laik\u0173 ir gamtos k\u016brybi&scaron;kumo liudijimas. &Scaron;iandien Vaitomo urvai yra vienas i&scaron; 20 geriausi\u0173 turistini\u0173 objekt\u0173 pasaulyje.<\/p>\n<p>Milijonus met\u0173 gamta k\u016br\u0117 &scaron;\u012f nepaprast\u0105 po\u017eemin\u012f kra&scaron;tovaizd\u012f. I&scaron; kriaukli\u0173, \u017euv\u0173 ir moliusk\u0173 liekan\u0173 bei koral\u0173 susiformavo klinties sluoksnis, siekiantis daugiau nei 200 metr\u0173 storio. V\u0117liau vandenynas sluoksnis po sluoksnio i&scaron;plov\u0117 mink&scaron;tesnes med\u017eiagas, taip formuodamas \u012fmantrias po\u017eemines ertmes, kurios v\u0117liau tapo \u017einomos kaip urvai, grotos ir tuneliai. &Scaron;iam sud\u0117tingam kompleksui jau apie du milijonus met\u0173.<\/p>\n<p>Vaitomo urvai i&scaron;gars\u0117jo visame pasaulyje d\u0117l savo unikalios gamtos, ta\u010diau tikrasis j\u0173 i&scaron;skirtinumas slypi &scaron;vytin\u010diuose jonvabaliuose, kurie paslaptingai ap&scaron;vie\u010dia tamsius po\u017eeminio labirinto kampelius. &Scaron;is rei&scaron;kinys, paver\u010diantis tamsius pra\u0117jimus magi&scaron;ku reginiu, primena Pauk&scaron;\u010di\u0173 Tak\u0105 giedr\u0105 nakt\u012f arba u\u017eburian\u010dius \u201e\u012esik\u016bnijimo\u201c (\u201eAvatar\u201c) filmo vaizdus. Atrodo, tarsi \u017evaig\u017ed\u0117tas dangus b\u016bt\u0173 nusileid\u0119s \u012f \u017eem\u0117s &scaron;ird\u012f. Daugelis patyrusi\u0173 keliautoj\u0173 Vaitomo urvus vadina \u201ea&scaron;tuntuoju pasaulio stebuklu\u201c. Tai tikrai unikali vieta, sulaukusi pasaulinio pripa\u017einimo per gars\u0173j\u012f BBC kanal\u0105 ir patekusi \u012f dokumentini\u0173 film\u0173 serij\u0105 \u201e\u017dem\u0117s Planeta\u201c.<\/p>\n<p><strong>Day 7 <\/strong><\/p>\n<p>\u2022 Pusry\u010diai vie&scaron;butyje (perkant ekskursij\u0173 paket\u0105 pusry\u010diai \u012fskai\u010diuoti).<br \/> \u2022 I&scaron;siregistravimas i&scaron; vie&scaron;bu\u010dio.<br \/> \u2022 Ekskursin\u0117 i&scaron;vyka \u201cSve\u010diuose pas hobitus\u201c (\u012f\u0117jimo bilietai u\u017esakomi ir apmokami i&scaron; anksto!).<br \/> - Free time.<br \/> \u2022 Vykstame link Rotorua miesto.<br \/> \u2022 \u012esik\u016brimas vie&scaron;butyje.<br \/> - Recreation.<br \/> \u2022 Nakvyn\u0117 vie&scaron;butyje.<\/p>\n<p>Pasivaik&scaron;\u010diojimas po Hobitono kaimel\u012f (\u012f\u0117jimo bilietas apmokamas papildomai u\u017esakant i&scaron; anksto ~70 \u20ac\/asm.), apsupt\u0105 pastoralini\u0173 Naujosios Zelandijos peiza\u017e\u0173, lydimas \u012fdomi\u0173 pasakojim\u0173. Net tie, kurie niekada negird\u0117jo apie Tolkino k\u016bryb\u0105 ar nebuvo pasin\u0117r\u0119 \u012f legendin\u0119 \u201e\u017died\u0173 valdovas\u201c ar \u201eHobitas\u201c trilogij\u0105, neliks abejingi &scaron;ios vietos \u017eavesiui. Be nuostabi\u0173 kra&scaron;tovaizd\u017ei\u0173 ir jauki\u0173 nameli\u0173, tur\u0117sime galimyb\u0119 apsilankyti viename i&scaron; j\u0173, kad akimirkai \u012fsivaizduotume kasdien\u012f &scaron;i\u0173 linksm\u0173 Vidur\u017eemio gyventoj\u0173 gyvenim\u0105.<\/p>\n<p><strong>Day 8 <\/strong><\/p>\n<p>\u2022 Pusry\u010diai vie&scaron;butyje (perkant ekskursij\u0173 paket\u0105 pusry\u010diai \u012fskai\u010diuoti).<br \/> \u2022 Ekskursin\u0117 i&scaron;vyka \u201eGeizeri\u0173 sl\u0117nis\u201c (\u012f\u0117jimo bilietai u\u017esakomi ir apmokami i&scaron; anksto!).<br \/> \u2022 Sugr\u012f\u017etame \u012f vie&scaron;but\u012f.<br \/> - Recreation.<br \/> \u2022 Nakvyn\u0117 vie&scaron;butyje.<\/p>\n<p>Pohutu \u2013 garsiausias ir labiausiai lankomas geizeris Naujojoje Zelandijoje. Jis \u012fsik\u016br\u0119s legendiniame ir paslaptingame Rotorua kar&scaron;t\u0173j\u0173 versmi\u0173 sl\u0117nyje, u\u017eiman\u010diame senovin\u012f vulkanin\u012f Taupo plok&scaron;\u010diakaln\u012f centrin\u0117je &Scaron;iaur\u0117s salos dalyje.<\/p>\n<p>Maori\u0173 kaimas Tamaki Naujojoje Zelandijoje yra nuostabus Rotorua perlas \u2013 spalvinga ir autenti&scaron;ka Rotorua gyvenviet\u0117.<\/p>\n<p>Tamaki kaimas yra \u012ftraukianti unikalios maori\u0173 kult\u016bros ir paveldo patirtis. \u010cia, skambant energingiems ritualinio karo &scaron;okio kapa haka garsams ir judesiams, prie&scaron; \u017ei\u016brov\u0173 akis atgyja originali\u0173 Naujosios Zelandijos \u017emoni\u0173 papro\u010diai ir tradicijos. Skanus ir aplink\u0105 tausojantis maistas kaime gaminamas senoviniu b\u016bdu \u2013 geotermin\u0117se krosnyse \u2013 hangi. Netgi pa\u017e\u012fstami patiekalai, pavyzd\u017eiui, m\u0117sa su dar\u017eov\u0117mis, kukur\u016bz\u0173 burbuol\u0117s, pyragas ar pudingas, paruo&scaron;ti tokiu ne\u012fprastu b\u016bdu, pasirodo labai patraukl\u016bs ir visi&scaron;kai ypatingi, nes yra pripildyti pa\u010dios \u017dem\u0117s energijos &#8211; senovinis gyvyb\u0117s &scaron;altinis, pagal maori\u0173 \u012fsitikinimus. Be to, kelion\u0117s \u012f Tamaki kaim\u0105 Naujojoje Zelandijoje metu gal\u0117site aplankyti maori\u0173 &scaron;ventov\u0119, vadinam\u0105 marae. Taip pat bus \u012fdomu pasi\u017evalgyti po vietines med\u017eio dro\u017eybos dirbtuves, kuriose liaudies amatininkai, t\u0119sdami praeities tradicijas, gamina karines baidares, \u017emoni\u0173 fig\u016br\u0117les suapval\u0117jusiomis akimis ir i&scaron;siki&scaron;usiais lie\u017euviais \u2013 vietin\u012f nuo&scaron;irdumo ir draugi&scaron;kumo simbol\u012f.<\/p>\n<p><strong>Day 9 <\/strong><\/p>\n<p>\u2022 Pusry\u010diai vie&scaron;butyje (perkant ekskursij\u0173 paket\u0105 pusry\u010diai \u012fskai\u010diuoti).<br \/> \u2022 I&scaron;siregistravimas i&scaron; vie&scaron;bu\u010dio.<br \/> \u2022 Vykstame link Oklendo.<br \/> \u2022 Pakeliui u\u017esuksime \u012f sekvoj\u0173 mi&scaron;k\u0105.<br \/> - Transfer to the airport.<br \/> - Check-in.<br \/> \u2022 Skrydis: Oklendas \u2013 Sidn\u0117jus (privalomas mokestis u\u017e skryd\u017eius: Melburnas &#8211; Oklendas &#8211; Sidn\u0117jus &#8211; nuo 500 \u20ac\/asm.).<br \/> \u2022 Atskridimas \u012f Sidn\u0117j\u0173.<br \/> \u2022 Perve\u017eimas \u012f vie&scaron;but\u012f.<br \/> \u2022 \u012esik\u016brimas vie&scaron;butyje.<br \/> \u2022 Nakvyn\u0117 vie&scaron;butyje.<\/p>\n<p>Sveiki atvyk\u0119 \u012f stebukling\u0105 Naujosios Zelandijos mi&scaron;ko pasaul\u012f, kur pasivaik&scaron;\u010diojimas virsta tikru nuotykiu tarp mil\u017eini&scaron;k\u0173 sekvoj\u0173 ir med\u017ei\u0173 papar\u010di\u0173.<\/p>\n<p>Sekvoj\u0173 mi&scaron;kas \u2013 tai unikali vieta, persmelkta didyb\u0117s atmosfera, kur galing\u0173 sekvoj\u0173 &scaron;akos kyla \u012f dang\u0173 tarsi laiko sargai. &Scaron;ie mil\u017eini&scaron;ki med\u017eiai tampa gamtos istorijos vedliais, daugyb\u0117s epoch\u0173 liudininkais ir paslapting\u0173 \u012fvyki\u0173 saugotojais. Specialiais takeliais med\u017ei\u0173 laj\u0173 lygyje galima pakilti iki vidurini\u0173 sekvoj\u0173 kamien\u0173 (u\u017e papildom\u0105 mokest\u012f). &Scaron;i \u012fsp\u016bdinga kelion\u0117 \u012f mi&scaron;ko vir&scaron;\u016bnes leid\u017eia m\u0117gautis kvap\u0105 gniau\u017eian\u010diais vaizdais ir pajusti &scaron;i\u0173 senovini\u0173 med\u017ei\u0173 gali\u0105 bei didyb\u0119.<\/p>\n<p>Vienas i&scaron; didingiausi\u0173 Naujosios Zelandijos simboli\u0173 \u2013 sidabrinis papartis. Jo grak&scaron;\u010diai i&scaron;siraizg\u0119 lapai, tarsi brangakmeni\u0173 n\u0117riniai, mi&scaron;kui suteikia ypatingos mistin\u0117s atmosferos. Pasivaik&scaron;\u010diojimas tarp &scaron;i\u0173 senovini\u0173 augal\u0173 palieka nei&scaron;dildom\u0105 \u012fsp\u016bd\u012f ir nukelia \u012f prie&scaron;istorinius laikus.<\/p>\n<p>Nenustebkite, jei pajusite lengv\u0105 v\u0117jo dvelksm\u0105 ar i&scaron;girsite gido pok&scaron;tus apie dinozaurus. Tai dalis \u017eaismingos atmosferos, kuri sukuria linksm\u0105 ir nepamir&scaron;tam\u0105 kelion\u0119.<\/p>\n<p>Pasinersite \u012f Naujosios Zelandijos mi&scaron;ko pasaul\u012f, kur susipina istorija, gamta ir magija, sukurdami unikal\u0173 nuotyk\u012f kiekvienam keliautojui.<\/p>\n<p><strong>Day 10<\/strong><\/p>\n<p>\u2022 Pusry\u010diai vie&scaron;butyje (perkant ekskursij\u0173 paket\u0105 pusry\u010diai \u012fskai\u010diuoti).<br \/> \u2022 Autobusin\u0117 ekskursija po Sidn\u0117j\u0173.<br \/> \u2022 Sugr\u012f\u017etame \u012f vie&scaron;but\u012f.<br \/> - Recreation.<br \/> \u2022 Nakvyn\u0117 vie&scaron;butyje.<\/p>\n<p>Sidn\u0117jus &#8211; did\u017eiausias ir seniausias miestas bei Naujojo Piet\u0173 Velso valstijos sostin\u0117. Miest\u0105 1788 m. \u012fk\u016br\u0117 Arturas Filipas, kuris atvyko Pirmojo laivyno vadovu, ir buvo pirmosios kolonijin\u0117s europie\u010di\u0173 gyvenviet\u0117s Australijoje vieta. Miest\u0105 kolonistai pavadino lordo Sidnio, kuris tuo metu buvo Did\u017eiosios Britanijos kolonij\u0173 ministras, garbei.<\/p>\n<p>Sidn\u0117jus yra, ko gero, nuostabiausiame \u017eemyne \u017dem\u0117je arba, kaip jis dar vadinamas \u017ealiuoju \u017eemynu, pietrytin\u0117je Australijos pakrant\u0117je. Gyvenviet\u0117 buvo pastatyta ant nedidel\u0117s apvalios Sidn\u0117jaus \u012flankos \u2013 esan\u010dios Sidn\u0117jaus uosto ilgosios \u012flankos vidurin\u0117je dalyje \u2013 pietin\u0117s Port D\u017eeksono \u012flankos at&scaron;akos, atskirtos siauru s\u0105siauriu nuo Tasmano j\u016bros.<\/p>\n<p>Lankytinos vietos, su kuriomis susipa\u017einsime ekskursijos metu: Sidn\u0117jaus tiltas, susipa\u017einsime su Oksfordo gatve, aplankysite King&#039;s Cross \u2013 naktinio gyvenimo viet\u0105 Sidn\u0117juje, Bondi papl\u016bdim\u012f ir savi\u017eud\u017ei\u0173 uol\u0105 nacionaliniame Gap parke. Pamatysite elitin\u012f rajon\u0105 Paddington, atsid\u016brus kuriame jautiesi tarsi Viktorijos laik\u0173 epochoje. Toliau vyksime \u012f Karali&scaron;k\u0105j\u012f botanikos sod\u0105. Pamatysite ponios Maguire fotel\u012f, Nacionalin\u0119 dail\u0117s galerij\u0105. Pamatysite Sidn\u0117jaus rotu&scaron;\u0119, &Scaron;v. Andriejaus katedr\u0105, ap\u017ei\u016br\u0117site karalien\u0117s Viktorijos pastat\u0105, aplankysite kin\u0173 kvartal\u0105 ir Darlingo uost\u0105 \u2013 San Francisko \u201eFisherman&#039;s Wharf\u201c rajono analog\u0105.<\/p>\n<p><strong>Day 11<\/strong><\/p>\n<p>\u2022 Pusry\u010diai vie&scaron;butyje (perkant ekskursij\u0173 paket\u0105 pusry\u010diai \u012fskai\u010diuoti).<br \/> \u2022 Ekskursin\u0117 i&scaron;vyka \u201eM\u0117lyn\u0173j\u0173 kaln\u0173 nacionalinis parkas ir Australijos laukin\u0117s gamtos parkas\u201c (\u012f\u0117jimo bilietai apmokami papildomai ~40 AUD\/asm.).<br \/> - Free time.<br \/> \u2022 Sugr\u012f\u017etame \u012f vie&scaron;but\u012f.<br \/> - Recreation.<br \/> \u2022 Nakvyn\u0117 vie&scaron;butyje.<\/p>\n<p>&Scaron;ios ekskursijos metu aplankysime Australijos laukin\u0117s gamtos park\u0105 (\u012f\u0117jimo bilietas apmokamas papildomai ~40 AUD\/asm.), gal\u0117site pamaitinti keng\u016br\u0105, o pageidaujantys nusifotografuoti su koala. Tasmanijos velnias, vombatas, dingo &scaron;uo, krokodilas Ngukuras \u2013 visi &scaron;ie Australijos gyv\u016bnai nekantriai laukia susitikimo b\u016btent su Jumis.<\/p>\n<p>Tada vyksime \u012f M\u0117lyn\u0173j\u0173 kaln\u0173 nacionalin\u012f park\u0105, i&scaron; kur atsiveria nuostabi M\u0117lyn\u0173j\u0173 kaln\u0173 panorama. I&scaron;girsite legend\u0105 \u201eTris seseris\u201c. Ramus pasivaik&scaron;\u010diojimas po eukalipt\u0173 mi&scaron;kus, apsilankymas Leuroje \u2013 nuostabiame istoriniame M\u0117lyn\u0173j\u0173 kaln\u0173 kaimelyje ir skan\u016bs piet\u016bs viename i&scaron; tradicini\u0173 &scaron;io nedidelio jaukaus kaimelio restoran\u0117li\u0173 \u2013 visa tai tikrai i&scaron;liks j\u016bs\u0173 atmintyje daugel\u012f met\u0173 (papildomas mokestis).<\/p>\n<p><strong>Day 12 <\/strong><\/p>\n<p>\u2022 Pusry\u010diai vie&scaron;butyje (perkant ekskursij\u0173 paket\u0105 pusry\u010diai \u012fskai\u010diuoti).<br \/> - Free day.<br \/> \u2022 Nakvyn\u0117 vie&scaron;butyje.<\/p>\n<p><strong>Day 13<\/strong><\/p>\n<p>\u2022 Pusry\u010diai vie&scaron;butyje (perkant ekskursij\u0173 paket\u0105 pusry\u010diai \u012fskai\u010diuoti).<br \/> \u2022 I&scaron;siregistravimas i&scaron; vie&scaron;bu\u010dio.<br \/> - Free time.<br \/> \u2022 Vakare perve\u017eimas \u012f Sidn\u0117jaus oro uost\u0105.<br \/> - Check-in.<br \/> \u2022 Skrydis: Sidn\u0117jus &#8211; Stambulas (~21:45-11:25*).<\/p>\n<p><strong>Day 14<\/strong><\/p>\n<p>\u2022 Atvykimas \u012f Stambul\u0105.<br \/> \u2022 Skrydis: Stambulas \u2013 Ryga (~15:50-18:05).<br \/> - Arrival in Riga.<\/p>","protected":false},"excerpt":{"rendered":"<p>D\u0116MESIO! REIKALAVIMAI VYKSTANT \u012e KELION\u0118: Visi atvykstantys \u012f Australij\u0105 privalo u\u017epildyti ir gauti el. leidim\u0105 &#8211; eVisitor (DEKLARACIJ\u0104 REKOMENDUOJAME PILDYTI P&#8230;<\/p>","protected":false},"featured_media":12013,"comment_status":"open","ping_status":"closed","template":"","meta":{"om_disable_all_campaigns":false,"_monsterinsights_skip_tracking":false,"_monsterinsights_sitenote_active":false,"_monsterinsights_sitenote_note":"","_monsterinsights_sitenote_category":0},"product_brand":[],"product_cat":[669],"product_tag":[],"class_list":{"0":"post-12721","1":"product","2":"type-product","3":"status-publish","4":"has-post-thumbnail","6":"product_cat-keliones","8":"first","9":"instock","10":"virtual","11":"taxable","12":"purchasable","13":"product-type-simple"},"aioseo_notices":[],"_links":{"self":[{"href":"https:\/\/www.atravel.lt\/en\/wp-json\/wp\/v2\/product\/12721","targetHints":{"allow":["GET"]}}],"collection":[{"href":"https:\/\/www.atravel.lt\/en\/wp-json\/wp\/v2\/product"}],"about":[{"href":"https:\/\/www.atravel.lt\/en\/wp-json\/wp\/v2\/types\/product"}],"replies":[{"embeddable":true,"href":"https:\/\/www.atravel.lt\/en\/wp-json\/wp\/v2\/comments?post=12721"}],"wp:featuredmedia":[{"embeddable":true,"href":"https:\/\/www.atravel.lt\/en\/wp-json\/wp\/v2\/media\/12013"}],"wp:attachment":[{"href":"https:\/\/www.atravel.lt\/en\/wp-json\/wp\/v2\/media?parent=12721"}],"wp:term":[{"taxonomy":"product_brand","embeddable":true,"href":"https:\/\/www.atravel.lt\/en\/wp-json\/wp\/v2\/product_brand?post=12721"},{"taxonomy":"product_cat","embeddable":true,"href":"https:\/\/www.atravel.lt\/en\/wp-json\/wp\/v2\/product_cat?post=12721"},{"taxonomy":"product_tag","embeddable":true,"href":"https:\/\/www.atravel.lt\/en\/wp-json\/wp\/v2\/product_tag?post=12721"}],"curies":[{"name":"wp","href":"https:\/\/api.w.org\/{rel}","templated":true}]}}