{"id":12719,"date":"2026-03-21T15:44:55","date_gmt":"2026-03-21T13:44:55","guid":{"rendered":"https:\/\/www.atravel.lt\/produktas\/tailando-karalyste-16-dienu-su-poilsiu-prie-juros-skrydis-is-vilniaus-grupe-is-lietuvos\/"},"modified":"2026-03-21T15:44:55","modified_gmt":"2026-03-21T13:44:55","slug":"tailando-karalyste-16-dienu-su-poilsiu-prie-juros-skrydis-is-vilniaus-grupe-is-lietuvos","status":"publish","type":"product","link":"https:\/\/www.atravel.lt\/en\/product\/tailando-karalyste-16-dienu-su-poilsiu-prie-juros-skrydis-is-vilniaus-grupe-is-lietuvos\/","title":{"rendered":"Tailando Karalyst\u0117 16 dien\u0173 su poilsiu prie j\u016bros (skrydis i\u0161 Vilniaus) GRUP\u0116 I\u0160 LIETUVOS!"},"content":{"rendered":"<p style=\"text-align: center\"><span style=\"font-size:16px\"><span><span style=\"font-weight:500\"><span style=\"line-height:1.2\"><span style=\"text-shadow:#000000 1px 1px 1px !important\"><span style=\"text-transform:uppercase !important\"><span style=\"color:#b58129 !important\"><span style=\"font-family:Nunito, sans-serif\"><span style=\"font-style:normal\"><span><span style=\"white-space:normal\"><span><span><span><span><span><span style=\"color:#e74c3c\"><strong style=\"font-weight:bolder\">D\u0116MESIO! NUo 2025 m. gegu\u017e\u0117s 1 d. Visi atvykstantys \u012f TAILAND\u0104 privalo u\u017epildyti <a href=\"https:\/\/tdac.immigration.go.th\/arrival-card\/#\/home\">atvykimo deklaracij\u0105 TDAC (Thailand Digital Arrival Card)<\/a>.<\/strong><\/span><\/span><\/span><\/span><\/span><\/span><\/span><\/span><\/span><\/span><\/span><br \/> <span style=\"color:#e74c3c\"><span style=\"font-family:Nunito, sans-serif\"><span style=\"font-style:normal\"><span><span style=\"white-space:normal\"><span><span><span><span><span><strong style=\"font-weight:bolder\">deklaracij\u0105 galima prad\u0117ti pildyti TIK prie&scaron; 3 dienas iki atvykimo \u012f &Scaron;AL\u012e!<\/strong><\/span><\/span><\/span><\/span><\/span><\/span><\/span><\/span><\/span><\/span><\/span><\/span><\/span><\/span><\/span><\/span><\/p>\n<hr \/>\n<p><strong>1 day <\/strong><\/p>\n<p>- Arrival at Vilnius Airport.<br \/> - Check-in.<br \/> \u2022 Skrydis: Vilnius &#8211; Stambulas (~11:35-14:40).<br \/> \u2022 Atvykimas \u012f Stambul\u0105.<br \/> \u2022 Skrydis: Stambulas &#8211; Bankokas (~15:50-05:10*).<\/p>\n<p><strong>Day 2 <\/strong><\/p>\n<p>- Arrive in Bangkok.<br \/> \u2022 Perve\u017eimas \u012f vie&scaron;but\u012f.<br \/> \u2022 \u012esik\u016brimas 3* vie&scaron;butyje.<br \/> - Recreation.<br \/> \u2022 Ap\u017evalgin\u0117 ekskursija po Bankok\u0105.<br \/> \u2022 Sugr\u012f\u017etame \u012f vie&scaron;but\u012f.<br \/> \u2022 Nakvyn\u0117 vie&scaron;butyje.<\/p>\n<p>Bankokas yra vienas i&scaron; labiausiai lankom\u0173 miest\u0173 Pietry\u010di\u0173 Azijoje. I&scaron; nedidelio prekybinio kaimo jis i&scaron;augo \u012f didmiest\u012f, o XVIII a. pabaigoje, sunaikinus tuometin\u0119 sostin\u0119 Ayutthaya, u\u017e\u0117m\u0117 pagrindinio Tailando miesto vaidmen\u012f.<\/p>\n<p>Prad\u0117sime m\u016bs\u0173 pa\u017eint\u012f su Tailando Karalyste nuo jos pagrindin\u0117s lankytinos vietos &#8211; Did\u017ei\u0173j\u0173 karali&scaron;k\u0173j\u0173 r\u016bm\u0173 (\u012f\u0117jimo bilietai ~500 Tailando bat\u0173). &Scaron;iuo metu r\u016bmai yra naudojami svarbioms ceremonijoms, o Tailando karalius gyvena kitur. R\u016bm\u0173 komplekso teritorija yra did\u017eiul\u0117 ir turi daugiau nei 20 pastat\u0173, tarp kuri\u0173 i&scaron;siskiria Emerald Budos &scaron;ventykla. Tai &#8211; &scaron;ven\u010diausi\u0173 Tailando \u017emoni\u0173 relikvij\u0173 vieta. Smaragdas Buda &#8211; tamsiai \u017ealio nefrito statula, jai jau yra daugiau kaip 2 t\u016bkst. met\u0173. Ji laikoma Tailando didyb\u0117s atvaizdu.<\/p>\n<p>Toliau mes eisime \u012f Wat Pho (gulin\u010dio Budos &scaron;ventykla), papildomai apmokami \u012f\u0117jimo bilietai ~300 Tailando bat\u0173. Budos fig\u016bros dydis daro \u012fsp\u016bd\u012f kiekvienam atvykusiam keliautojui: statulos ilgis siekia 45, o jos auk&scaron;tis &#8211; 15 metr\u0173. Budos fig\u016bra padengta aukso lapais. Komplekso teritorijoje taip pat rasite daug Budos vaizd\u0173, akmens statul\u0173 ir kt.<\/p>\n<p>Kitas m\u016bs\u0173 ekskursijos tikslas &#8211; Auksinio kalno &scaron;ventykla (papildomai apmokami \u012f\u0117jimo bilietai ~50 Tailando bat\u0173). Ji buvo pastatyta tais laikais, kai Ayutthaya miestas dar buvo Tailando sostin\u0117. Gyventojai teigia, kad kalno pap\u0117d\u0117je, kurioje yra &scaron;ventykla, yra palaidota apie 60 t\u016bkst. \u017emoni\u0173. I&scaron; ties\u0173, perk\u0117lus sostin\u0119 \u012f Bankok\u0105, &scaron;ventykla buvo naudojama kaip krematoriumas, visai \u012fmanoma, kad &scaron;i informacija yra pagr\u012fsta. Vienu metu &scaron;ventykla buvo auk&scaron;\u010diausias pastatas rytin\u0117je Chao Phraya up\u0117s pakrant\u0117je.<\/p>\n<p><strong>Day 3 <\/strong><\/p>\n<p>\u2022 Ankstyvas i&scaron;siregistravimas i&scaron; vie&scaron;bu\u010dio.<br \/> \u2022 Ekskursin\u0117 i&scaron;vyka \u201eTailando &scaron;iaur\u0117 (I dalis)\u201c.<br \/> - We go to Erawan National Park (entrance tickets are paid by the tourists themselves ~300 Thai Baht).<br \/> \u2022 Po ekskursijos vykstame \u012f vie&scaron;but\u012f ant vandens.<br \/> \u2022 \u012esik\u016brimas vie&scaron;butyje.<br \/> - Recreation.<br \/> \u2022 Nakvyn\u0117 vie&scaron;butyje.<\/p>\n<p>Ekskursija tradiciniu mar&scaron;rutu supa\u017eindins su Tailando gyvenimo b\u016bdu, mentalitetu, religija, kult\u016bra ir istorija.<\/p>\n<p>Pasiplaukiosime valtimis palei Damnoen Saduak kaimo kanalus (papildomai apmokami \u012f\u0117jimo bilietai ~300 bat\u0173). Kaimas gars\u0117ja plaukiojan\u010diu turgumi, kuriame parduodami vaisiai, suvenyrai, balzamai ir daug daugiau, \u010dia gal\u0117site pasim\u0117gauti tradiciniais taj\u0173 patiekalais.<\/p>\n<p>Vykstame \u012f Eravano nacionalin\u012f park\u0105 (papildomai apmokami \u012f\u0117jimo bilietai ~300 bat\u0173).<\/p>\n<p>Eravano nacionalinis parkas yra vienas garsiausi\u0173 Kanchanaburi provincijos gamtos objekt\u0173. Jo teritorijoje yra k\u0105 pamatyti: \u012fsp\u016bdingi urvai, kai kurie i&scaron; j\u0173 i&scaron;saugojo senus pie&scaron;inius ant uol\u0173, Kwai up\u0117, atogr\u0105\u017e\u0173 mi&scaron;kai, kuriuose gyvena didel\u0117s skraidan\u010dios vover\u0117s, tigrai, drambliai, karali&scaron;kosios kobros. Parko dominuojanti ypatyb\u0117 yra gra\u017eus septyni\u0173 kaskad\u0173 krioklys, apsuptas \u017eali\u0173j\u0173 d\u017eiungli\u0173. Krioklio bendras ilgis yra 1,7 km. Kiekvieno kaskado pakra&scaron;tyje yra baseinai su gra\u017eiu smaragdiniu vandeniu, kuriuose m\u0117gsta maudytis turistai. Krioklio pavadinimas kilo d\u0117l to, kad vienas i&scaron; jo kaskad\u0173 buvo pana&scaron;us \u012f senovin\u012f mitin\u012f gyv\u016bn\u0105 \u2013 Eravan\u0105, tai trigalvis dramblys. Vandens krioklio baseinuose yra ma\u017eos \u017euvyt\u0117s Garra Rufa, jos maitinasi surag\u0117jusia oda. SPA centre, odos atjauninimo proced\u016bra su j\u0173 pagalba kainuoja nema\u017eai pinig\u0173, ta\u010diau \u010dia gal\u0117site tai padaryti nemokamai.<\/p>\n<p>Pakeliui, mes sustosime prie kar&scaron;t\u0173 radono voni\u0173. Trumpas, bet nepamir&scaron;tamas maudymasis radono &scaron;altiniuose turi gydom\u0105j\u012f poveik\u012f k\u016bnui (papildomai apmokami \u012f\u0117jimo bilietai ~60 bat\u0173).<\/p>\n<p><strong>Day 4 <\/strong><\/p>\n<p>\u2022 Pusry\u010diai vie&scaron;butyje (perkant ekskursij\u0173 paket\u0105 pusry\u010diai \u012fskai\u010diuoti).<br \/> \u2022 I&scaron;siregistravimas i&scaron; vie&scaron;bu\u010dio.<br \/> \u2022 T\u0119siame ekskursin\u0119 i&scaron;vyk\u0105 \u201eTailando &scaron;iaur\u0117 (II dalis)\u201c.<br \/> \u2022 Po ekskursijos vykstame \u012f Bankoko oro uost\u0105.<br \/> - Check-in.<br \/> \u2022 Skrydis: Bankokas &#8211; Krabi (privalomas mokestis u\u017e skryd\u017eius: Bankokas \u2013 Krabi \/ Puketas &#8211; Bankokas &#8211; nuo 150 \u20ac\/asm. \u012f abi puses).<br \/> \u2022 Atvykimas \u012f Krab\u012f.<br \/> \u2022 Perve\u017eimas \u012f vie&scaron;but\u012f.<br \/> \u2022 \u012esik\u016brimas vie&scaron;butyje.<br \/> - Recreation.<br \/> \u2022 Nakvyn\u0117 vie&scaron;butyje.<\/p>\n<p>Pirmasis objektas, kur\u012f aplankysime &scaron;i\u0105 dien\u0105, bus Nojaus krioklys (Sayok Noy) (\u012f\u0117jimo mokestis ~300 bat\u0173). Jo auk&scaron;tis siekia 10 metr\u0173, o ypatumas tame, kad krioklio vandenys teka tiesiai \u012f Kwai up\u0119. Kaip ir Eravano atveju, j\u016bs gal\u0117site ne tik m\u0117gautis estetiniu gro\u017eiu jos gro\u017eiu, bet ir pasiplaukioti jame.<\/p>\n<p>Pakeliui \u012f drambli\u0173 kaim\u0105 sustosime prie Mirties tilto. Tiltas yra garsiausia Mirties kelio dalis, pastatyta per Antr\u0105j\u012f pasaulin\u012f kar\u0105 Japonijos imperatoriaus \u012fsakymu, kad jo kariai gal\u0117t\u0173 patekti i&scaron; Tailando \u012f Birm\u0105; tiesiant buvo panaudotas nuteist\u0173j\u0173 ir karo belaisvi\u0173 darbas, v\u0117liau kelio tiesim\u0105 pripa\u017eino karo nusikaltimu.<\/p>\n<p>Drambli\u0173 kaimas yra d\u017eiungl\u0117se tarp palmi\u0173 ir mangrovi\u0173 med\u017ei\u0173. B\u016bsime \u012fdomiausio drambli\u0173 &scaron;ou \u017ei\u016brovai: suaug\u0119 drambliai ir ma\u017eieji drambliukai &scaron;oka ir m\u0117to krep&scaron;inio kamuolius \u012f krep&scaron;\u012f bei lipa ant tabure\u010di\u0173. Pageidaujantys, gal\u0117s pajodin\u0117ti drambliais (papildomai apmokami ~600 bat\u0173).<\/p>\n<p><strong>Day 5 <\/strong><\/p>\n<p>\u2022 Pusry\u010diai vie&scaron;butyje (perkant ekskursij\u0173 paket\u0105 pusry\u010diai \u012fskai\u010diuoti).<br \/> - Free day.<br \/> - Relax by the sea.<br \/> \u2022 Nakvyn\u0117 vie&scaron;butyje.<\/p>\n<p>Krabi &#8211; viena i&scaron; Tailando provincij\u0173, esanti &scaron;alies pietuose Andamano j\u016bros pakrant\u0117je. Ji yra \u017einoma d\u0117l savo gra\u017ei\u0173 sm\u0117lio papl\u016bdimi\u0173, karsto uol\u0173, i&scaron;kilusi\u0173 i&scaron; vandens, vaizding\u0173 tropini\u0173 sal\u0173, lietaus mi&scaron;k\u0173 bei daugyb\u0117s urv\u0173.<\/p>\n<p><strong>Day 6 <\/strong><\/p>\n<p>\u2022 Pusry\u010diai vie&scaron;butyje (perkant ekskursij\u0173 paket\u0105 pusry\u010diai \u012fskai\u010diuoti).<br \/> \u2022 Ekskursin\u0117 i&scaron;vyka \u201eKrabio perlai\u201c (piet\u016bs ir \u012f\u0117jimo bilietai \u012fskai\u010diuoti).<br \/> \u2022 Sugr\u012f\u017etame \u012f vie&scaron;but\u012f.<br \/> - Recreation.<br \/> \u2022 Nakvyn\u0117 vie&scaron;butyje.<\/p>\n<p>Dienos prad\u017eioje mes aplankysime \u201eTigro uolos &scaron;ventykl\u0105\u201c, tai yra viena garsiausi\u0173 Krabi provincijos lankytin\u0173 viet\u0173. &Scaron;\u012f pavadinim\u0105 &scaron;ventykla gavo d\u0117l 270 metr\u0173 ilgio uolos, primenan\u010dios \u017ev\u0117ries (tigro) nag\u0105. &Scaron;ventykloje yra daug Budos ir tigr\u0173 statul\u0173, o vienoje i&scaron; ma\u017e\u0173 urv\u0173 erdvi\u0173 yra Budos p\u0117dsakas. Ta\u010diau dauguma turist\u0173 \u010dia atvyksta ne tik d\u0117l &scaron;ventyklos, bet ir d\u0117l \u201egryninimo tako\u201c, esan\u010dio &scaron;alia jos. &Scaron;is takas driekiasi nuo kalno pap\u0117d\u0117s iki vir&scaron;aus, kuris yra 600 metr\u0173 auk&scaron;tyje. Nor\u0117dami pakilti \u012f Budos statulos kaln\u0105, reikia \u012fveikti 1237 laipt\u0173, nepasiruo&scaron;usiam \u017emogui kilimas u\u017etrunka apie 30-40 min. Pakilus \u012f vir&scaron;\u0173, atsiveria puiki beveik visos Krabi provincijos panorama.<\/p>\n<p>V\u0117liau keliausime prie kar&scaron;t\u0173j\u0173 &scaron;altini\u0173. &Scaron;altiniuose yra mineral\u0173, kurie yra naudingi \u017emogaus organizmui, vanduo skirtingos temperat\u016bros (nuo 28 iki 45 laipsni\u0173 celsijaus). Maudymasis &scaron;iuose vandenyse suma\u017eina stres\u0105, pakrauna teigiama energija ir atgaivina po nelengvo kilimo \u012f Tigro &scaron;ventyklos kaln\u0105.<\/p>\n<p>Paskutinis &scaron;io mar&scaron;ruto ta&scaron;kas &#8211; apsilankymas \u201eEmerald Lake\u201c. E\u017eeras yra vaizdingoje vietov\u0117je, kurioje pastatyti nedideli mediniai tiltai. Prie \u012f\u0117jimo \u012f kompleks\u0105 pirmasis objektas, kur\u012f pamatysime, bus kitas e\u017eeras \u2013 Kri&scaron;tolas (Crystal), pa\u017evelgus \u012f j\u012f, atrodo, kad lietaus mi&scaron;kai auga i&scaron; pat apa\u010dios. Smaragdinis e\u017eeras turi dirbtin\u0119 kilm\u0119, vietiniai gyventojai j\u012f i&scaron;kas\u0117 uoloje up\u0117s srauto kelyje. Rezervuaras yra pripildytas mineralini\u0173 med\u017eiag\u0173 turin\u010diu vandeniu, kuris suteikia jam nuostab\u0173 smaragdo atspalv\u012f. Nedaug \u017emoni\u0173 gali atsispirti norui pasiplaukioti jame.<\/p>\n<p><strong>Day 7 <\/strong><\/p>\n<p>\u2022 Pusry\u010diai vie&scaron;butyje (perkant ekskursij\u0173 paket\u0105 pusry\u010diai \u012fskai\u010diuoti).<br \/> \u2022 Ekskursin\u0117 i&scaron;vyka \u201ePhi-Phi salos\u201c (laivo ir nardymo \u012frangos nuoma, piet\u016bs ir \u012f\u0117jimo bilietai \u012fskai\u010diuoti).<br \/> \u2022 Sugr\u012f\u017etame \u012f vie&scaron;but\u012f.<br \/> - Recreation.<br \/> \u2022 Nakvyn\u0117 vie&scaron;butyje.<\/p>\n<p>&Scaron;i ekskursin\u0117 programa laikoma viena i&scaron; m\u0117gstamiausi\u0173 turist\u0173, keliaujan\u010di\u0173 aplink Tailando teritorij\u0105. Mes pamatysime Maya \u012flank\u0105, \u017einom\u0105 d\u0117l to, kad b\u016btent \u010dia buvo filmuotos scenos i&scaron; garsaus filmo \u201eThe Beach\u201c su Leonardo di Caprio. M\u016bs\u0173 laukia Vikingo urvas &#8211; vaizdinga vieta, kuri tapo kregzd\u017ei\u0173 namais. Pakeliui \u012f kit\u0105 sal\u0105 sustosime, kad kiekvienas gal\u0117t\u0173 pasiplaukioti ir pasim\u0117gauti turtingu povandeniniu pasauliu Andamano j\u016broje.<\/p>\n<p>Sekantis sustojimas bus lag\u016bna Pile arba \u201eatgaivinimo\u201c lag\u016bna. Sklando legenda, kad maudyn\u0117s joje turi jauninant\u012f poveik\u012f. Lag\u016bna pasl\u0117pta nuo prava\u017eiuojan\u010di\u0173 \u017evej\u0173 ir turist\u0173 aki\u0173, norint iki jos patekti reikia prasibrauti per d\u017eiungles ir uolas.<\/p>\n<p>Galutinis sustojimas bus Bambuko saloje &#8211; palm\u0117s, sniego baltumo papl\u016bdimys, \u017eydras vanduo. Populiarioje reklamoje &scaron;i sala dar vadinama Bounty sala.<\/p>\n<p><strong>Day 8 <\/strong><\/p>\n<p>\u2022 Pusry\u010diai vie&scaron;butyje (perkant ekskursij\u0173 paket\u0105 pusry\u010diai \u012fskai\u010diuoti).<br \/> - Free day.<br \/> \u2022 Pageidaujantiems si\u016blome ekskursin\u0119 i&scaron;vyk\u0105 kateriu \u012f Hong Krabi sal\u0105 \u2013 55 \u20ac\/asm.<br \/> \u2022 Sugr\u012f\u017etame \u012f vie&scaron;but\u012f.<br \/> - Recreation.<br \/> \u2022 Nakvyn\u0117 vie&scaron;butyje.<\/p>\n<p>Ap\u017ei\u016brime nuostabias Pak Bia ir Lao Lading saleles, apsuptas nuostabi\u0173 lag\u016bn\u0173 su kri&scaron;tolo skaidrumo vandeniu. Sustosime pavir&scaron;iniam nardymui ir papl\u016bdimio poilsiui. Pasigro\u017e\u0117site vertikaliais kalkakmenio uolomis, sodriomis \u017ealiomis d\u017eiungl\u0117mis, baltais papl\u016bdimiais ir turkio spalvos lag\u016bnomis.<\/p>\n<p>The road continues to Hong Krabi Island. Like its neighbour Phi Phi, Hong Krabi Island has also appeared on TV, where the film 'The Jungle' was shot.<\/p>\n<p>Galiausiai, aplankysime papl\u016bdim\u012f romanti&scaron;ku pavadinimu \u201eParadise\u201c (liet. Rojus).<\/p>\n<p><strong>Day 9 <\/strong><\/p>\n<p>\u2022 Pusry\u010diai vie&scaron;butyje (perkant ekskursij\u0173 paket\u0105 pusry\u010diai \u012fskai\u010diuoti).<br \/> - Free day.<br \/> - Relax by the sea.<br \/> \u2022 Nakvyn\u0117 vie&scaron;butyje.<\/p>\n<p><strong>Day 10 <\/strong><\/p>\n<p>\u2022 Pusry\u010diai vie&scaron;butyje (perkant ekskursij\u0173 paket\u0105 pusry\u010diai \u012fskai\u010diuoti).<br \/> \u2022 I&scaron;siregistravimas i&scaron; vie&scaron;bu\u010dio.<br \/> \u2022 Perve\u017eimas i&scaron; Krabi \u012f Puket\u0105.<br \/> \u2022 Pageidaujantiems si\u016blome ap\u017evalgin\u0119 ekskursij\u0105 po Puket\u0105 (papildomas mokestis &#8211; 30 \u20ac\/asm.).<br \/> \u2022 Perve\u017eimas \u012f vie&scaron;but\u012f.<br \/> \u2022 \u012esik\u016brimas vie&scaron;butyje.<br \/> - Recreation.<br \/> \u2022 Nakvyn\u0117 vie&scaron;butyje.<\/p>\n<p>Puketas \u2013 tropinio klimato, kolonijin\u0117s architekt\u016bros ir laukin\u0117s gamtos sintez\u0117. Tai did\u017eiausia Tailando sala, vietini\u0173 vadinama<br \/> \u201eLobi\u0173 sala\u201c.<\/p>\n<p>Nor\u0117dami pasigro\u017e\u0117ti apylink\u0117mis i&scaron; pauk&scaron;\u010dio skryd\u017eio, vyksime \u012f pie\u010diausi\u0105 Puketo ta&scaron;k\u0105 \u2013 Promthep ky&scaron;ul\u012f, kuris taj\u0173 kalba rei&scaron;kia \u201eDievo ky&scaron;ulys\u201c. Nuo kalvos vir&scaron;\u016bn\u0117s atsiveria nuostab\u016bs Andaman\u0173 j\u016bros ir dalies Puketo vaizdai. Toliau vyksime \u012f Chalong rajon\u0105, kur ant Nakaked kalno lotoso pozoje s\u0117di sniego<br \/> baltumo marmurinis Buda, saugodamas jam skirt\u0105 &scaron;ventykl\u0105. Statula matoma beveik i&scaron; vis\u0173 salos viet\u0173, ir tai nenuostabu, nes ji i&scaron;kilusi beveik 0,5 km auk&scaron;tyje.<\/p>\n<p>Tailande labai populiari tradicin\u0117 medicina, vienoje i&scaron; karali&scaron;k\u0173j\u0173 vaistini\u0173 tur\u0117site galimyb\u0119 \u012fsigyti nat\u016bralios kosmetikos.<\/p>\n<p>Pukete yra vir&scaron; 30 budist\u0173 &scaron;ventykl\u0173, ta\u010diau mes aplankysime \u017eymiausi\u0105 \u2013 Wat Chalong. Diskutuojama d\u0117l tikslios \u012fk\u016brimo datos, ta\u010diau yra ra&scaron;ytini\u0173 \u012frodym\u0173, kad vienuolynas buvo pastatytas daugiau nei prie&scaron; 150 met\u0173. &Scaron;ventyklos komplekse yra vieta, kur galima pamatyti gabal\u0117l\u012f Budos \u017eastikaulio.<\/p>\n<p>Taip pat &scaron;i\u0105 dien\u0105 m\u016bs\u0173 lauks egzoti&scaron;kos pramogos &#8211; &scaron;ou su krokodilais ir &scaron;ou su gyvat\u0117mis!<\/p>\n<p>Ir ekskursijos pabaigai pasivaik&scaron;\u010diosime senamies\u010dio gatv\u0117mis. Pa\u017evelgsime \u012f spalving\u0105 kin\u0173-portugal\u0173 architekt\u016br\u0105, susipa\u017einsime su vietini\u0173 gyventoj\u0173 gyvenimu ir su\u017einosime apie miesto formavim\u0105si.<\/p>\n<p><strong>Day 11 <\/strong><\/p>\n<p>\u2022 Pusry\u010diai vie&scaron;butyje (perkant ekskursij\u0173 paket\u0105 pusry\u010diai \u012fskai\u010diuoti).<br \/> - Free day.<br \/> - Relax by the sea.<br \/> \u2022 Nakvyn\u0117 vie&scaron;butyje.<\/p>\n<p><strong>Day 12 <\/strong><\/p>\n<p>\u2022 Pusry\u010diai vie&scaron;butyje (perkant ekskursij\u0173 paket\u0105 pusry\u010diai \u012fskai\u010diuoti).<br \/> - Free day.<br \/> - Relax by the sea.<br \/> \u2022 Nakvyn\u0117 vie&scaron;butyje.<\/p>\n<p><strong>Day 13 <\/strong><\/p>\n<p>\u2022 Pusry\u010diai vie&scaron;butyje (perkant ekskursij\u0173 paket\u0105 pusry\u010diai \u012fskai\u010diuoti).<br \/> - Free day.<br \/> - Relax by the sea.<br \/> \u2022 Nakvyn\u0117 vie&scaron;butyje.<\/p>\n<p><strong>Day 14 <\/strong><\/p>\n<p>\u2022 Pusry\u010diai vie&scaron;butyje (perkant ekskursij\u0173 paket\u0105 pusry\u010diai \u012fskai\u010diuoti).<br \/> \u2022 I&scaron;siregistravimas i&scaron; vie&scaron;bu\u010dio.<br \/> - Going to the airport.<br \/> - Check-in.<br \/> \u2022 Skrydis: Puketas \u2013 Bankokas (privalomas mokestis u\u017e skryd\u017eius: Bankokas \u2013 Krabi \/ Puketas &#8211; Bankokas &#8211; nuo 150 \u20ac\/asm. \u012f abi puses).<br \/> \u2022 Atvykimas \u012f Bankok\u0105.<br \/> \u2022 Perve\u017eimas \u012f vie&scaron;but\u012f.<br \/> \u2022 \u012esik\u016brimas vie&scaron;butyje.<br \/> \u2022 Nakvyn\u0117 vie&scaron;butyje.<\/p>\n<p><strong>Day 15 <\/strong><\/p>\n<p>\u2022 Pusry\u010diai vie&scaron;butyje (perkant ekskursij\u0173 paket\u0105 pusry\u010diai \u012fskai\u010diuoti).<br \/> \u2022 I&scaron;siregistravimas i&scaron; vie&scaron;bu\u010dio.<br \/> - Free time.<br \/> \u2022 Pageidaujantiems si\u016blome i&scaron;vyk\u0105 \u012f Eravano muziej\u0173 bei perve\u017eim\u0105 apsipirkti \u012f \u010catu\u010dako turg\u0173 (papildomas mokestis &#8211; 25 \u20ac\/asm. + \u012f\u0117jimo bilietas ~700 bat\u0173, minimalus dalyvi\u0173 skai\u010dius \u2013 15 asmen\u0173, U\u017dSAKOMA I&Scaron; ANKSTO).<br \/> - Transfer to the airport.<br \/> - Check-in.<br \/> \u2022 Skrydis: Bankokas &#8211; Stambulas (~22:45-04:45*).<\/p>\n<p>Eravano muziejus \u2013 tai \u012fsp\u016bdingas trij\u0173 auk&scaron;t\u0173 muziejus, \u012fsik\u016br\u0119s unikaliame pastate, kurio vir&scaron;utinis auk&scaron;tas slepiasi mil\u017eini&scaron;ko trigalvio dramblio statulos viduje (papildomai apmokamas \u012f\u0117jimo bilietas ~700 bat\u0173\/asm.). Muziejus gars\u0117ja savo architekt\u016bra, simbolika ir i&scaron;skirtine atmosfera.<\/p>\n<p>\u010catu\u010dako turgus \u2013 did\u017eiausias Tailando turgus, tikras spalv\u0173, kvap\u0173 ir vietinio gyvenimo pulsas, kuriame galima rasti visko: nuo suvenyr\u0173 ir rankdarbi\u0173 iki drabu\u017ei\u0173 bei vietinio maisto.<\/p>\n<p><strong>16 diena <\/strong><\/p>\n<p>\u2022 Atvykimas \u012f Stambul\u0105.<br \/> \u2022 Skrydis: Stambulas &#8211; Vilnius (~07:45-10:40).<br \/> \u2022 Atskridimas \u012f Vilni\u0173.<\/p>","protected":false},"excerpt":{"rendered":"<p>D\u0116MESIO! NUo 2025 m. gegu\u017e\u0117s 1 d. Visi atvykstantys \u012f TAILAND\u0104 privalo u\u017epildyti atvykimo deklaracij\u0105 TDAC (Thailand Digital Arrival Card). deklaracij\u0105 galima p&#8230;<\/p>","protected":false},"featured_media":11957,"comment_status":"open","ping_status":"closed","template":"","meta":{"om_disable_all_campaigns":false,"_monsterinsights_skip_tracking":false,"_monsterinsights_sitenote_active":false,"_monsterinsights_sitenote_note":"","_monsterinsights_sitenote_category":0},"product_brand":[],"product_cat":[669],"product_tag":[],"class_list":{"0":"post-12719","1":"product","2":"type-product","3":"status-publish","4":"has-post-thumbnail","6":"product_cat-keliones","8":"first","9":"instock","10":"virtual","11":"taxable","12":"purchasable","13":"product-type-simple"},"aioseo_notices":[],"_links":{"self":[{"href":"https:\/\/www.atravel.lt\/en\/wp-json\/wp\/v2\/product\/12719","targetHints":{"allow":["GET"]}}],"collection":[{"href":"https:\/\/www.atravel.lt\/en\/wp-json\/wp\/v2\/product"}],"about":[{"href":"https:\/\/www.atravel.lt\/en\/wp-json\/wp\/v2\/types\/product"}],"replies":[{"embeddable":true,"href":"https:\/\/www.atravel.lt\/en\/wp-json\/wp\/v2\/comments?post=12719"}],"wp:featuredmedia":[{"embeddable":true,"href":"https:\/\/www.atravel.lt\/en\/wp-json\/wp\/v2\/media\/11957"}],"wp:attachment":[{"href":"https:\/\/www.atravel.lt\/en\/wp-json\/wp\/v2\/media?parent=12719"}],"wp:term":[{"taxonomy":"product_brand","embeddable":true,"href":"https:\/\/www.atravel.lt\/en\/wp-json\/wp\/v2\/product_brand?post=12719"},{"taxonomy":"product_cat","embeddable":true,"href":"https:\/\/www.atravel.lt\/en\/wp-json\/wp\/v2\/product_cat?post=12719"},{"taxonomy":"product_tag","embeddable":true,"href":"https:\/\/www.atravel.lt\/en\/wp-json\/wp\/v2\/product_tag?post=12719"}],"curies":[{"name":"wp","href":"https:\/\/api.w.org\/{rel}","templated":true}]}}