{"id":12718,"date":"2026-03-21T15:44:54","date_gmt":"2026-03-21T13:44:54","guid":{"rendered":"https:\/\/www.atravel.lt\/produktas\/kroatija-bosnija-ir-hercegovina-su-poilsiu-prie-juros-skrydis-is-rygos\/"},"modified":"2026-03-21T15:44:55","modified_gmt":"2026-03-21T13:44:55","slug":"kroatija-bosnija-ir-hercegovina-su-poilsiu-prie-juros-skrydis-is-rygos","status":"publish","type":"product","link":"https:\/\/www.atravel.lt\/en\/product\/kroatija-bosnija-ir-hercegovina-su-poilsiu-prie-juros-skrydis-is-rygos\/","title":{"rendered":"Kroatija &#8211; Bosnija ir Hercegovina su poilsiu prie j\u016bros (skrydis i\u0161 Rygos)"},"content":{"rendered":"<p><strong>1 day <\/strong><\/p>\n<p>- Arrival at Riga Airport.<br \/> - Check-in.<br \/> \u2022 Skrydis: Ryga \u2013 Splitas (~07:40-09:15).<br \/> \u2022 Atskridimas \u012f Split\u0105.<br \/> \u2022 Ekskursija po Splito miest\u0105.<br \/> \u2022 Vykstame \u012f Trogiro miest\u0105.<br \/> \u2022 Ekskursija po Trogir\u0105.<br \/> \u2022 Vykstame \u012f vie&scaron;but\u012f.<br \/> \u2022 \u012esik\u016brimas vie&scaron;butyje.<br \/> - Recreation.<br \/> \u2022 Nakvyn\u0117 vie&scaron;butyje.<\/p>\n<p>M\u016bs\u0173 kelion\u0117 prasideda nuo atvykimo \u012f Split\u0105 \u2013 senovin\u012f miest\u0105, kurio istorija siekia Antikos laikus.<br \/> Splitas \u2013 Dalmatijos &scaron;irdis, miestas, i&scaron;aug\u0119s Romos imperatoriaus Diokletiano r\u016bmuose. Antikin\u0117s kolonos \u010dia glaud\u017eiasi prie jauki\u0173 kavini\u0173, o siauros viduram\u017ei\u0173 gatvel\u0117s slepia \u012fsp\u016bdingas istorijas. Pasivaik&scaron;\u010diosime po senamiest\u012f, aplankysime r\u016bm\u0173 u\u017ekampius ir pasigro\u017e\u0117sime viena gra\u017eiausi\u0173 Kroatijos krantini\u0173 \u2013 Riva.<\/p>\n<p>Toliau vyksime \u012f Trogir\u0105 \u2013 vien\u0105 \u017eaviausi\u0173 viduram\u017ei\u0173 miesteli\u0173 Adrijos pakrant\u0117je. Siauros akmenin\u0117s gatvel\u0117s, romani&scaron;kos katedros, galingos tvirtov\u0117s sienos ir jaukios aik&scaron;t\u0117s nukels mus \u012f Viduram\u017ei\u0173 atmosfer\u0105. Ne veltui Trogiras vadinamas \u201ema\u017e\u0105ja Venecija\u201c \u2013 jis apsuptas kanal\u0173 ir atrodo tarsi kybantis vir&scaron; vandens.<\/p>\n<p>Day 2<\/p>\n<p>\u2022 Pusry\u010diai vie&scaron;butyje (perkant ekskursij\u0173 paket\u0105 pusry\u010diai \u012fskai\u010diuoti).<br \/> - Relax by the sea.<br \/> \u2022 Antroje dienos pus\u0117je ekskursin\u0117 i&scaron;vyka \u201eBosnijos gamtos stebuklai\u201c.<br \/> \u2022 Sugr\u012f\u017etame \u012f vie&scaron;but\u012f.<br \/> \u2022 Nakvyn\u0117 vie&scaron;butyje.<\/p>\n<p>Pirmoji stotel\u0117 \u2013 Vetrienicos urvas \u2013 did\u017eiausia karstin\u0117 ola Balkanuose, pilna po\u017eemini\u0173 upi\u0173, \u012fsp\u016bding\u0173 stalaktit\u0173 ir senovini\u0173 pie&scaron;ini\u0173.<\/p>\n<p>Tada vyksime \u012f Zavalos vienuolyn\u0105, \u012fsik\u016brus\u012f uoloje. &Scaron;is XIV a. vienuolynas \u017eavi savo ramybe ir ypatinga atmosfera.<\/p>\n<p><strong>Day 3 <\/strong><\/p>\n<p>\u2022 Pusry\u010diai vie&scaron;butyje (perkant ekskursij\u0173 paket\u0105 pusry\u010diai \u012fskai\u010diuoti).<br \/> - Free day.<br \/> \u2022 Pageidaujantiems si\u016blome ekskursin\u0119 i&scaron;vyk\u0105 \u201eBosnijos \u017eavesys &#8211; Mostaras ir Kravicos krioklys\u201c (papildomas mokestis &#8211; 60 \u20ac\/asm.).<br \/> \u2022 Sugr\u012f\u017etame \u012f vie&scaron;but\u012f.<br \/> \u2022 Nakvyn\u0117 vie&scaron;butyje.<\/p>\n<p>Toliau keliausime \u012f Mostar\u0105 \u2013 Bosnijos ir Hercegovinos simbol\u012f. Pagrindinis miesto perlas \u2013 Senasis tiltas, jungiantis smaragdin\u0117s Neretvos up\u0117s krantus. Senamiestyje gausu amatinink\u0173 dirbtuvi\u0173, jauki\u0173 kavini\u0173 ir akmenini\u0173 nam\u0173, o vaik&scaron;tin\u0117dami \u010dia jausim\u0117s tarsi pasakoje.<\/p>\n<p>Kelion\u0119 u\u017ebaigsime prie Kravicos krioklio \u2013 vieno vaizdingiausi\u0173 Europoje. Gal\u0117sime i&scaron;simaudyti kri&scaron;tolo skaidrumo vandenyje, apsupti \u017eali\u0173 uol\u0173 ir krentan\u010dio vandens kaskad\u0173.<\/p>\n<p><strong>Day 4 <\/strong><\/p>\n<p>\u2022 Pusry\u010diai vie&scaron;butyje (perkant ekskursij\u0173 paket\u0105 pusry\u010diai \u012fskai\u010diuoti).<br \/> - Relax by the sea.<br \/> \u2022 Pageidaujantiems si\u016blome ekskursin\u0119 i&scaron;vyk\u0105 \u012f Dubrovnik\u0105 (papildomas mokestis \u2013 60 \u20ac\/asm.).<br \/> \u2022 Sugr\u012f\u017etame \u012f vie&scaron;but\u012f.<br \/> \u2022 Nakvyn\u0117 vie&scaron;butyje.<\/p>\n<p>\u201eTas, kas ie&scaron;ko rojaus \u017eem\u0117je, turi apsilankyti Dubrovnike\u201c, \u2013 ra&scaron;\u0117 Bernardas &Scaron;o. &Scaron;iandien tur\u0117sime galimyb\u0119 tuo \u012fsitikinti!<\/p>\n<p>Dubrovnikas \u2013 tai miestas-muziejus po atviru dangumi. Pasivaik&scaron;\u010diosime senamies\u010dio gatv\u0117mis, aplankysime didingus r\u016bmus ir ba\u017eny\u010dias, praeisime garsiuoju Stradun prospektu ir u\u017ekopsime ant miesto sien\u0173, i&scaron; kur atsiveria kvap\u0105 gniau\u017eiantys vaizdai \u012f Adrijos j\u016br\u0105.<\/p>\n<p>&Scaron;i diena padovanos nepamir&scaron;tam\u0173 \u012fsp\u016bd\u017ei\u0173 ir ry&scaron;ki\u0173 nuotrauk\u0173, kurios dar ilgai primins apie Balkan\u0173 gro\u017e\u012f.<\/p>\n<p><strong>Day 5 <\/strong><\/p>\n<p>\u2022 Pusry\u010diai vie&scaron;butyje (perkant ekskursij\u0173 paket\u0105 pusry\u010diai \u012fskai\u010diuoti).<br \/> - Free day.<br \/> - Relax by the sea.<br \/> \u2022 Pageidaujantiems si\u016blome ekskursin\u0119 i&scaron;vyk\u0105 \u012f Krka nacionalin\u012f park\u0105 (papildomas mokestis \u2013 nuo 60 \u20ac\/asm. + \u012f\u0117jimo bilietas ~40 \u20ac, kaina priklauso nuo pageidaujan\u010di\u0173j\u0173 skai\u010diaus).<br \/> \u2022 Sugr\u012f\u017etame \u012f vie&scaron;but\u012f.<br \/> \u2022 Nakvyn\u0117 vie&scaron;butyje.<\/p>\n<p>Nacionalinis parkas \u201eKrka\u201c yra \u012fsik\u016br\u0119s vos 10 km nuo Adrijos j\u016bros pakrant\u0117s ir &Scaron;ibeniko miesto. Pagrindin\u0117 parko \u012f\u017eymyb\u0117 \u2013 daugyb\u0117 \u012fsp\u016bding\u0173 up\u0117s kriokli\u0173, i&scaron; kuri\u0173 garsiausias yra \u201eSkradino Buk\u201c krioklys. Nacionalinis parkas \u201eKrka\u201c \u2013 tai vieta, kurioje am\u017einai \u017eaid\u017eia vanduo ir saul\u0117. Kelion\u0117s metu gro\u017e\u0117sit\u0117s nuostabiais kriokliais, vaizdingomis up\u0117s \u012flankomis, taip pat aplankysite sen\u0105 vandens mal\u016bn\u0105 ir etnografinius muziejus, kuriuose susipa\u017einsite su praeities vietini\u0173 gyventoj\u0173 gyvenimu.<\/p>\n<p>Pageidaujant galima sustoti pietums (u\u017e papildom\u0105 mokest\u012f) viename i&scaron; parko restoran\u0173.<\/p>\n<p>Po vis\u0105 park\u0105 nutiesti mediniai takai ir laiptai, kuriais vingiuoja pa\u017eintinis mar&scaron;rutas. O nuo specialiai \u012frengt\u0173 ap\u017evalgos aik&scaron;teli\u0173 atsiveria nuostab\u016bs vaizdai, puikiai tinkantys \u012fam\u017einti \u012fsp\u016bdingose nuotraukose.<\/p>\n<p><strong>Day 6 <\/strong><\/p>\n<p>\u2022 Pusry\u010diai vie&scaron;butyje (perkant ekskursij\u0173 paket\u0105 pusry\u010diai \u012fskai\u010diuoti).<br \/> - Free day.<br \/> - Relax by the sea.<br \/> \u2022 Nakvyn\u0117 vie&scaron;butyje.<\/p>\n<p>&Scaron;i\u0105 dien\u0105 skirsime savaranki&scaron;kam poilsiui prie Adrijos j\u016bros. &Scaron;ilta saul\u0117, skaidrus vanduo, pasivaik&scaron;\u010diojimai krantine ir gard\u016bs j\u016bros g\u0117rybi\u0173 patiekalai vietiniuose restoranuose leis pajusti tikr\u0105j\u0105 Balkani&scaron;k\u0105 atmosfer\u0105.<\/p>\n<p><strong>Day 7 <\/strong><\/p>\n<p>\u2022 Pusry\u010diai vie&scaron;butyje (perkant ekskursij\u0173 paket\u0105 pusry\u010diai \u012fskai\u010diuoti).<br \/> - Free day.<br \/> - Relax by the sea.<br \/> \u2022 Nakvyn\u0117 vie&scaron;butyje.<\/p>\n<p><strong>Day 8 <\/strong><\/p>\n<p>\u2022 Ankstyvas i&scaron;siregistravimas i&scaron; vie&scaron;bu\u010dio.<br \/> - Transfer to the airport.<br \/> - Check-in.<br \/> \u2022 Skrydis: Splitas \u2013 Ryga (~10:00-13:35).<br \/> - Arrival in Riga.<\/p>","protected":false},"excerpt":{"rendered":"<p>1 diena \u2022 Atvykimas \u012f Rygos oro uost\u0105. \u2022 Registracija \u012f skryd\u012f. \u2022 Skrydis: Ryga \u2013 Splitas (~07:40-09:15). \u2022 Atskridimas \u012f Split\u0105. \u2022 Ekskursija po Splito miest\u0105&#8230;.<\/p>","protected":false},"featured_media":11956,"comment_status":"open","ping_status":"closed","template":"","meta":{"om_disable_all_campaigns":false,"_monsterinsights_skip_tracking":false,"_monsterinsights_sitenote_active":false,"_monsterinsights_sitenote_note":"","_monsterinsights_sitenote_category":0},"product_brand":[],"product_cat":[669],"product_tag":[],"class_list":{"0":"post-12718","1":"product","2":"type-product","3":"status-publish","4":"has-post-thumbnail","6":"product_cat-keliones","8":"first","9":"instock","10":"virtual","11":"taxable","12":"purchasable","13":"product-type-simple"},"aioseo_notices":[],"_links":{"self":[{"href":"https:\/\/www.atravel.lt\/en\/wp-json\/wp\/v2\/product\/12718","targetHints":{"allow":["GET"]}}],"collection":[{"href":"https:\/\/www.atravel.lt\/en\/wp-json\/wp\/v2\/product"}],"about":[{"href":"https:\/\/www.atravel.lt\/en\/wp-json\/wp\/v2\/types\/product"}],"replies":[{"embeddable":true,"href":"https:\/\/www.atravel.lt\/en\/wp-json\/wp\/v2\/comments?post=12718"}],"wp:featuredmedia":[{"embeddable":true,"href":"https:\/\/www.atravel.lt\/en\/wp-json\/wp\/v2\/media\/11956"}],"wp:attachment":[{"href":"https:\/\/www.atravel.lt\/en\/wp-json\/wp\/v2\/media?parent=12718"}],"wp:term":[{"taxonomy":"product_brand","embeddable":true,"href":"https:\/\/www.atravel.lt\/en\/wp-json\/wp\/v2\/product_brand?post=12718"},{"taxonomy":"product_cat","embeddable":true,"href":"https:\/\/www.atravel.lt\/en\/wp-json\/wp\/v2\/product_cat?post=12718"},{"taxonomy":"product_tag","embeddable":true,"href":"https:\/\/www.atravel.lt\/en\/wp-json\/wp\/v2\/product_tag?post=12718"}],"curies":[{"name":"wp","href":"https:\/\/api.w.org\/{rel}","templated":true}]}}