{"id":12717,"date":"2026-03-21T15:44:54","date_gmt":"2026-03-21T13:44:54","guid":{"rendered":"https:\/\/www.atravel.lt\/produktas\/sardinijos-zavesys-skrydis-is-rygos\/"},"modified":"2026-03-21T15:44:54","modified_gmt":"2026-03-21T13:44:54","slug":"sardinijos-zavesys-skrydis-is-rygos","status":"publish","type":"product","link":"https:\/\/www.atravel.lt\/en\/product\/sardinijos-zavesys-skrydis-is-rygos\/","title":{"rendered":"Sardinijos \u017eavesys (skrydis i\u0161 Rygos)"},"content":{"rendered":"<p><strong>1 day <\/strong><\/p>\n<p>- Arrival at Riga Airport.<br \/> \u2022 Skrydis: Ryga \u2013 Olbija (~15:25-17:45).<br \/> \u2022 Atskrendame \u012f Sardinij\u0105.<br \/> \u2022 Vykstame \u012f vie&scaron;but\u012f.<br \/> \u2022 \u012esik\u016brimas vie&scaron;butyje.<br \/> - Recreation.<br \/> \u2022 Nakvyn\u0117 vie&scaron;butyje.<\/p>\n<p><strong>Day 2 <\/strong><\/p>\n<p>\u2022 Pusry\u010diai vie&scaron;butyje (perkant ekskursij\u0173 paket\u0105 pusry\u010diai \u012fskai\u010diuoti).<br \/> \u2022 Ekskursin\u0117 i&scaron;vyka \u201e\u017davingasis Algeras\u201c.<br \/> \u2022 Sugr\u012f\u017etame \u012f vie&scaron;but\u012f.<br \/> - Recreation.<br \/> \u2022 Nakvyn\u0117 vie&scaron;butyje.<\/p>\n<p>&Scaron;i\u0105 dien\u0105 skirsime Alghero miestui \u2013 vietovei, kurioje i&scaron;lik\u0119 Katalonijos laik\u0173 p\u0117dsakai. Pasivaik&scaron;\u010diosime akmenimis gr\u012fstomis gatv\u0117mis, pamatysime j\u016bros supamas senovines pilis ir aplankysime vietines krautuv\u0117les su koral\u0173 dirbiniais. Vyksime \u012f vynin\u0119, kur gal\u0117site paragauti geriausi\u0173 Sardinijos vyn\u0173 (u\u017e papildom\u0105 mokest\u012f). Po degustacijos \u2013 poilsis viename i&scaron; nuostabi\u0173 pakrant\u0117s papl\u016bdimi\u0173.<\/p>\n<p><strong>Day 3 <\/strong><\/p>\n<p>\u2022 Pusry\u010diai vie&scaron;butyje (perkant ekskursij\u0173 paket\u0105 pusry\u010diai \u012fskai\u010diuoti).<br \/> - Free day.<br \/> \u2022 Pageidaujantiems si\u016blome ekskursin\u0119 i&scaron;vyk\u0105 \u201eViduram\u017ei\u0173 Castelsardo ir \u017eydroji La Pelosa j\u016bra\u201c (papildomas mokestis \u2013 50 \u20ac\/asm.).<br \/> \u2022 Sugr\u012f\u017etame \u012f vie&scaron;but\u012f.<br \/> - Recreation.<br \/> \u2022 Nakvyn\u0117 vie&scaron;butyje.<\/p>\n<p>Apsilankysime viename gra\u017eiausi\u0173 Sardinijos miest\u0173 \u2013 Castelsardo. Siauros gatvel\u0117s, senovin\u0117 pilis ir kvap\u0105 gniau\u017eiantys vaizdai \u012f j\u016br\u0105 sukurs nepamir&scaron;tam\u0105 atmosfer\u0105. Po ekskursijos keliausime \u012f La Pelosa papl\u016bdimius \u2013 vienus gra\u017eiausi\u0173 Sardinijoje. Balto sm\u0117lio krantai ir skaidri \u017eydra j\u016bra primins Maldyvus. \u010cia gal\u0117site atsipalaiduoti ir pasim\u0117gauti gamtos gro\u017eiu.<\/p>\n<p><strong>Day 4 <\/strong><\/p>\n<p>\u2022 Pusry\u010diai vie&scaron;butyje (perkant ekskursij\u0173 paket\u0105 pusry\u010diai \u012fskai\u010diuoti).<br \/> \u2022 I&scaron;siregistravimas i&scaron; vie&scaron;bu\u010dio.<br \/> \u2022 Ekskursin\u0117 i&scaron;vyka \u201eSardinijos dvasia\u201c.<br \/> \u2022 \u012esik\u016brimas vie&scaron;butyje.<br \/> - Recreation.<br \/> \u2022 Nakvyn\u0117 vie&scaron;butyje.<\/p>\n<p>Keliausime \u012f spalving\u0105j\u0105 Bos\u0105 \u2013 vien\u0105 i&scaron; ry&scaron;kiausi\u0173 Sardinijos miest\u0173, gars\u0117jant\u012f savo ry&scaron;ki\u0173 spalv\u0173 namais ir Malaspinos tvirtove. V\u0117liau vyksime \u012f Oristan\u0105 \u2013 miest\u0105 su senovine atmosfera. Dien\u0105 u\u017ebaigsime San Marco i&scaron;ky&scaron;ulyje, kur atsipalaiduosime papl\u016bdimyje ir gro\u017e\u0117sim\u0117s neapr\u0117piama j\u016bra.<\/p>\n<p><strong>Day 5 <\/strong><\/p>\n<p>\u2022 Pusry\u010diai vie&scaron;butyje (perkant ekskursij\u0173 paket\u0105 pusry\u010diai \u012fskai\u010diuoti).<br \/> \u2022 I&scaron;siregistravimas i&scaron; vie&scaron;bu\u010dio.<br \/> \u2022 Ekskursin\u0117 i&scaron;vyka \u201eKagliaris ir Sant\u2019Antioco\u201c.<br \/> \u2022 Sugr\u012f\u017etame \u012f vie&scaron;but\u012f.<br \/> - Recreation.<br \/> \u2022 Nakvyn\u0117 vie&scaron;butyje.<\/p>\n<p>Keliausime \u012f Kagliar\u012f \u2013 Sardinijos sostin\u0119. Pasivaik&scaron;\u010diosime po senamiest\u012f, aplankysime Katedr\u0105 ir senovinius bastionus su \u012fsp\u016bdingais vaizdais \u012f j\u016br\u0105 ir miest\u0105.<br \/> Po to vyksime \u012f balt\u0105j\u012f Sant\u2019Antioco miest\u0105, gars\u0117jant\u012f savo senomis tradicijomis. Pakeliui sustosime papl\u016bdimyje, kad gal\u0117tume pasim\u0117gauti j\u016bra ir saule.<\/p>\n<p><strong>Day 6 <\/strong><\/p>\n<p>\u2022 Pusry\u010diai vie&scaron;butyje (perkant ekskursij\u0173 paket\u0105 pusry\u010diai \u012fskai\u010diuoti).<br \/> - Free day.<br \/> \u2022 Pageidaujantiems si\u016blome ekskursin\u0119 i&scaron;vyk\u0105 \u201eSenov\u0117s Sardinijos paslaptys\u201c (papildomas mokestis \u2013 50 \u20ac\/asm.).<br \/> \u2022 Sugr\u012f\u017etame \u012f vie&scaron;but\u012f.<br \/> - Recreation.<br \/> \u2022 Nakvyn\u0117 vie&scaron;butyje.<\/p>\n<p>&Scaron;i\u0105 dien\u0105 skirsime Sardinijos senov\u0117s paslaptims. Aplankysime Antaso &scaron;ventykl\u0105 \u2013 kartaginie\u010di\u0173 ir rom\u0117n\u0173 religin\u0119 vietov\u0119, pasisl\u0117pusi\u0105 tarp kalv\u0173. Po to \u2013 Su Mannau urvus, kuriuose pamatysime \u012fsp\u016bdingus stalaktitus ir stalagmitus. Kelion\u0119 t\u0119sime prie nurag\u0173 Janna Suergiu, susipa\u017eindami su Sardinijos civilizacijos palikimu.<br \/> Dienos pabaigoje u\u017esuksime \u012f vietin\u0119 s\u016brin\u0119, kur paragausime garsiuosius Sardinijos s\u016brius.<\/p>\n<p><strong>Day 7<\/strong><\/p>\n<p>\u2022 Pusry\u010diai vie&scaron;butyje (perkant ekskursij\u0173 paket\u0105 pusry\u010diai \u012fskai\u010diuoti).<br \/> \u2022 Ekskursin\u0117 i&scaron;vyka \u201eSardinijos &scaron;irdis\u201d.<br \/> \u2022 Sugr\u012f\u017etame \u012f vie&scaron;but\u012f.<br \/> - Recreation.<br \/> \u2022 Nakvyn\u0117 vie&scaron;butyje.<\/p>\n<p>Aplankysime du unikalius istorinius miestus. Pirmasis \u2013 Posada, apsuptas \u017ealumos, su siauromis gatvel\u0117mis ir nuostabiais panoraminiais vaizdais.<br \/> V\u0117liau keliausime \u012f Nuor\u0105 \u2013 Sardinijos kult\u016bros centr\u0105, kur pajusime tikr\u0105j\u0105 salos dvasi\u0105.<\/p>\n<p><strong>Day 8 <\/strong><\/p>\n<p>\u2022 Pusry\u010diai vie&scaron;butyje (perkant ekskursij\u0173 paket\u0105 pusry\u010diai \u012fskai\u010diuoti).<br \/> \u2022 I&scaron;siregistravimas i&scaron; vie&scaron;bu\u010dio.<br \/> \u2022 Perve\u017eimas \u012f Olbij\u0105.<br \/> - Free time.<br \/> - Going to the airport.<br \/> - Check-in.<br \/> \u2022 Skrydis: Olbija &#8211; Ryga (~18:25-22:30).<br \/> - Arrival at Riga Airport.<\/p>\n<p>Paskutin\u0119 kelion\u0117s dien\u0105 pasivaik&scaron;\u010diosime po jauk\u0173 Olbijos miest\u0105 \u2013 paskutin\u0117 proga \u012fsigyti suvenyr\u0173, m\u0117gautis vietine kava ir u\u017efiksuoti paskutinius \u012fsp\u016bd\u017eius i&scaron; Sardinijos.<\/p>","protected":false},"excerpt":{"rendered":"<p>1 diena \u2022 Atvykimas \u012f Rygos oro uost\u0105. \u2022 Skrydis: Ryga \u2013 Olbija (~15:25-17:45). \u2022 Atskrendame \u012f Sardinij\u0105. \u2022 Vykstame \u012f vie&scaron;but\u012f. \u2022 \u012esik\u016brimas vie&#038;scaron&#8230;<\/p>","protected":false},"featured_media":11955,"comment_status":"open","ping_status":"closed","template":"","meta":{"om_disable_all_campaigns":false,"_monsterinsights_skip_tracking":false,"_monsterinsights_sitenote_active":false,"_monsterinsights_sitenote_note":"","_monsterinsights_sitenote_category":0},"product_brand":[],"product_cat":[669],"product_tag":[],"class_list":{"0":"post-12717","1":"product","2":"type-product","3":"status-publish","4":"has-post-thumbnail","6":"product_cat-keliones","8":"first","9":"instock","10":"virtual","11":"taxable","12":"purchasable","13":"product-type-simple"},"aioseo_notices":[],"_links":{"self":[{"href":"https:\/\/www.atravel.lt\/en\/wp-json\/wp\/v2\/product\/12717","targetHints":{"allow":["GET"]}}],"collection":[{"href":"https:\/\/www.atravel.lt\/en\/wp-json\/wp\/v2\/product"}],"about":[{"href":"https:\/\/www.atravel.lt\/en\/wp-json\/wp\/v2\/types\/product"}],"replies":[{"embeddable":true,"href":"https:\/\/www.atravel.lt\/en\/wp-json\/wp\/v2\/comments?post=12717"}],"wp:featuredmedia":[{"embeddable":true,"href":"https:\/\/www.atravel.lt\/en\/wp-json\/wp\/v2\/media\/11955"}],"wp:attachment":[{"href":"https:\/\/www.atravel.lt\/en\/wp-json\/wp\/v2\/media?parent=12717"}],"wp:term":[{"taxonomy":"product_brand","embeddable":true,"href":"https:\/\/www.atravel.lt\/en\/wp-json\/wp\/v2\/product_brand?post=12717"},{"taxonomy":"product_cat","embeddable":true,"href":"https:\/\/www.atravel.lt\/en\/wp-json\/wp\/v2\/product_cat?post=12717"},{"taxonomy":"product_tag","embeddable":true,"href":"https:\/\/www.atravel.lt\/en\/wp-json\/wp\/v2\/product_tag?post=12717"}],"curies":[{"name":"wp","href":"https:\/\/api.w.org\/{rel}","templated":true}]}}