{"id":12716,"date":"2026-03-21T15:44:54","date_gmt":"2026-03-21T13:44:54","guid":{"rendered":"https:\/\/www.atravel.lt\/produktas\/brazilija-peru-17-d-skrydis-is-rygos\/"},"modified":"2026-03-21T15:44:54","modified_gmt":"2026-03-21T13:44:54","slug":"brazilija-peru-17-d-skrydis-is-rygos","status":"publish","type":"product","link":"https:\/\/www.atravel.lt\/en\/product\/brazilija-peru-17-d-skrydis-is-rygos\/","title":{"rendered":"Brazilija &#8211; Peru 17 d. (skrydis i\u0161 Rygos)"},"content":{"rendered":"<p><span style=\"color:#e74c3c\">**Nakvyn\u0117s Stambule priklauso nuo skryd\u017ei\u0173 laik\u0173, nakvyni\u0173 skai\u010dius tikslinamas prie&scaron; kelion\u0119, pusry\u010diai Stambulo vie&scaron;butyje teikiami, jei perve\u017eimas \u012f oro uost\u0105 ne ankstyvas (t.y. po 8 val. ryto)<\/span><\/p>\n<hr \/>\n<p><strong>1 day <\/strong><\/p>\n<p>- Arrival at Riga Airport.<br \/> - Check-in.<br \/> \u2022 Skrydis: Ryga &#8211; Stambulas (~10:55-14:15).<br \/> - Arrival in Istanbul.<br \/> - Check-in.<br \/> \u2022 Skrydis: Stambulas \u2013 San Paulas (~20:40-03:40*).<\/p>\n<p><strong>Day 2 <\/strong><\/p>\n<p>\u2022 Atvykimas \u012f San Paul\u0105.<br \/> \u2022 Perve\u017eimas \u012f vie&scaron;but\u012f.<br \/> \u2022 \u012esik\u016brimas vie&scaron;butyje.<br \/> - Recreation.<br \/> \u2022 Pusry\u010diai vie&scaron;butyje (perkant ekskursij\u0173 paket\u0105 pusry\u010diai \u012fskai\u010diuoti).<br \/> - Sightseeing tour of S\u00e3o Paulo.<br \/> \u2022 Sugr\u012f\u017etame \u012f vie&scaron;but\u012f.<br \/> \u2022 Nakvyn\u0117 vie&scaron;butyje.<\/p>\n<p>San Paulas yra Brazilijos kult\u016bros sostin\u0117. Miestas yra tarp atogr\u0105\u017e\u0173 mi&scaron;k\u0173. San Paulo architekt\u016bra unikaliai sujungia senovines katedras ir pastatus su itin moderniais dangorai\u017eiais i&scaron; stiklo ir betono. Ekskursijos metu pamatysime taip vadinam\u0105 Betmeno kampel\u012f \u2013 populiariausi\u0105 gatv\u0117s meninink\u0173 susib\u016brimo viet\u0105, savivaldyb\u0117s teatr\u0105, katedr\u0105, taip pat pasivaik&scaron;\u010diosime viena pagrindini\u0173 miesto gatvi\u0173 \u2013 Avenida Paulista, kuri yra 2,8 km ilgio ir apie 85 metr\u0173 plo\u010dio. Ji buvo atidaryta XIX am\u017eiaus pabaigoje, ple\u010diant miest\u0105.<br \/> Aplankysime &Scaron;v. Benedikto vienuolyn\u0105, o ry&scaron;ki ir \u012fsimintina m\u016bs\u0173 pasivaik&scaron;\u010diojimo pabaiga bus apsilankymas savivaldyb\u0117s turguje, kuriame rasite \u012fvairi\u0173 vaisi\u0173 i&scaron; \u012fvairi\u0173 Brazilijos viet\u0173.<\/p>\n<p><strong>Day 3 <\/strong><\/p>\n<p>\u2022 Pusry\u010diai vie&scaron;butyje (perkant ekskursij\u0173 paket\u0105 pusry\u010diai \u012fskai\u010diuoti).<br \/> \u2022 Ekskursin\u0117 i&scaron;vyka \u201ePa\u017eintis su San Paulo valstija\u201c.<br \/> \u2022 Sugr\u012f\u017etame \u012f vie&scaron;but\u012f.<br \/> - Recreation.<br \/> \u2022 Nakvyn\u0117 vie&scaron;butyje.<\/p>\n<p>Pa\u017eintis su San Paulo valstija \u2013 brazili&scaron;kos kavos gimtine!<br \/> J\u016bs\u0173 kelion\u0117 prasid\u0117s pasineriant \u012f brazili&scaron;kos kavos pasaul\u012f \u2013 simbol\u012f &scaron;alies, kuri pasauliui suteik\u0117 aromating\u0173 pupeli\u0173 ir tikro gyvenimo skon\u012f. &Scaron;i diena skirta aplankyti Hacienda Tozan \u2013 vien\u0105 seniausi\u0173 vis dar veikian\u010di\u0173 ir kav\u0105 gaminan\u010di\u0173 kavos plantacij\u0173, \u012fkurt\u0105 prie&scaron; 300 met\u0173, tapusi\u0105 Brazilijos kavos kult\u016bros simboliu. \u010cia Jums papasakos apie kavos auginimo istorij\u0105, pradedant 1727 m., kai \u012f &scaron;al\u012f buvo atve\u017eti pirmieji sodinukai.<\/p>\n<p><strong>Day 4 <\/strong><\/p>\n<p>\u2022 I&scaron;siregistravimas i&scaron; vie&scaron;bu\u010dio.<br \/> \u2022 Perve\u017eimas \u012f San Paulo oro uostas.<br \/> - Check-in.<br \/> \u2022 Skrydis: San Paulas \u2013 Lima.<br \/> \u2022 Atskridimas \u012f Lim\u0105.<br \/> \u2022 Ekskursija po Mirafloreso rajon\u0105.<br \/> \u2022 Vykstame \u012f vie&scaron;but\u012f.<br \/> - Recreation.<br \/> \u2022 Nakvyn\u0117 vie&scaron;butyje.<\/p>\n<p>B\u016bdamas vienas turtingiausi\u0173 sostin\u0117s rajon\u0173, Mirafloresas yra tarsi kult\u016bros centras su teatrais, kino teatrais ir meno galerijomis. \u010cia yra Huaca Pucllana \u2013 molin\u0117 piramid\u0117, viena i&scaron; archeologini\u0173 vietovi\u0173, i&scaron;kilusi\u0173 dar prie&scaron; ink\u0173 imperijos atsiradim\u0105.<\/p>\n<p><strong>Day 5 <\/strong><\/p>\n<p>\u2022 Pusry\u010diai vie&scaron;butyje (perkant ekskursij\u0173 paket\u0105 pusry\u010diai \u012fskai\u010diuoti).<br \/> \u2022 Ap\u017evalgin\u0117 ekskursija po Lim\u0105.<br \/> - Free time after the tour.<br \/> \u2022 Sugr\u012f\u017etame \u012f vie&scaron;but\u012f.<br \/> - Recreation.<br \/> \u2022 Nakvyn\u0117 vie&scaron;butyje.<\/p>\n<p>Pa\u017eintis su Peru prasid\u0117s nuo jaudinan\u010dios ekskursijos autobusu po valstijos sostin\u0119 \u2013 Limos miest\u0105, vien\u0105 gra\u017eiausi\u0173 ir unikaliausi\u0173 Piet\u0173 Amerikos miest\u0173. Keliausime \u012f Limos &scaron;ird\u012f, kur istorinis miesto centras, \u012ftrauktas \u012f UNESCO pasaulio paveldo s\u0105ra&scaron;\u0105, atskleid\u017eia savo architekt\u016bros paminklus ir lankytinas vietas.<\/p>\n<p>Senamiestyje yra Plaza Mayor aik&scaron;t\u0117, apsupta istorini\u0173 XVII\u2013XIX a. pastat\u0173m o tarp j\u0173 yra Limos katedra \u2013 didinga Ispanijos kolonijin\u0117s eros ba\u017eny\u010dia, kurioje yra konkistadoro Francisco Pizarro kapas.<\/p>\n<p>Neobarokiniai Vyriausyb\u0117s r\u016bmai \u2013 svarbiausias administracinis pastatas Limoje didingu fasadu, kuriame kasdien galima steb\u0117ti besikei\u010dian\u010di\u0105 sarg\u0105. Arkivyskupo rezidencija ir Savivaldyb\u0117 \u2013 du istoriniai pastatai, susiliejantys \u012f darn\u0173 kolonijin\u0117s architekt\u016bros ansambl\u012f.<\/p>\n<p>Gal\u0117site pasivaik&scaron;\u010dioti po Barranco rajon\u0105 \u2013 bohemi&scaron;k\u0105 ir vaizding\u0105, ne veltui liaudyje pramint\u0105 k\u016br\u0117j\u0173 oaze. Pamatysite San Martin park\u0105, kuriame yra Peru nacionalinio herojaus Jos&eacute; San Martino statula.<\/p>\n<p><strong>Day 6 <\/strong><\/p>\n<p>\u2022 I&scaron;siregistravimas i&scaron; vie&scaron;bu\u010dio.<br \/> \u2022 Perve\u017eimas \u012f Limos oro uostas.<br \/> - Check-in.<br \/> \u2022 Vidinis skrydis: Lima \u2013 Kuskas (PRIVALOMAS MOKESTIS \u2013 nuo 150 \u20ac\/asm., u\u017e vidinius skryd\u017eius Lima- Kuskas \u2013 Lima).<br \/> \u2022 Atskridimas \u012f Kusk\u0105.<br \/> \u2022 Perve\u017eimas autobusu \u012f Urubamb\u0105 \u2013 &Scaron;vent\u0105j\u012f ink\u0173 sl\u0117n\u012f (trukm\u0117 ~ 2 val.).<br \/> \u2022 Vykstame \u012f vie&scaron;but\u012f.<br \/> \u2022 \u012esik\u016brimas vie&scaron;butyje.<br \/> - Recreation.<br \/> \u2022 Nakvyn\u0117 vie&scaron;butyje.<\/p>\n<p>Kuskas \u2013 senovinis Peru miestas, remiantis oficialia istorija, j\u012f \u012fk\u016br\u0117 inkai ma\u017edaug XII am\u017eiaus pabaigoje. Miesto pavadinimas vietine kalba rei&scaron;kia \u201e\u017dem\u0117s Bamba\u201c.<\/p>\n<p>Urubambos sl\u0117nis, suformuotas kaln\u0173 up\u0117s Peru Anduose, \u017einomas kronikose daugiau nei 1000 met\u0173. Tai viena garsiausi\u0173 Piet\u0173 Amerikos viet\u0173, kuri\u0105 kasmet aplanko milijonai turist\u0173.<\/p>\n<p>Sl\u0117nis buvo dvasinis ir \u016bkinis Ink\u0173 valstyb\u0117s centras, tod\u0117l \u010dia yra svarbiausi &scaron;ios civilizacijos paminklai. Urubamba t\u0119siasi palei up\u0117s vag\u0105 tarp senovin\u0117s Pisako tvirtov\u0117s griuv\u0117si\u0173 (3000 m vir&scaron; j\u016bros lygio) ir apsuptas toki\u0173 kaln\u0173 vir&scaron;\u016bni\u0173 kaip Sauasirajus (5818 m) ir Veronika (5893 m). Kiti svarb\u016bs civilizacijos paminklai \u2013 Ojantaitambos tvirtov\u0117 (2800 m) ir Morajaus \u017eiedin\u0117s terasos.<\/p>\n<p>Pakeliui \u012f &Scaron;vent\u0105j\u012f ink\u0173 sl\u0117n\u012f apsilankysime lam\u0173 ir alpak\u0173 veisimo centre, kuriame laikomi &scaron;ie b\u016btini auk&scaron;tikalni\u0173 naminiai gyv\u016bnai Peru. \u010cia galima pamatyti &scaron;iuos gyv\u016bnus, su\u017einoti apie j\u0173 reik&scaron;m\u0119 vietos gyventojams, steb\u0117ti vilnos verpimo proces\u0105 ar net nusifotografuoti su jais.<\/p>\n<p><strong>Day 7 <\/strong><\/p>\n<p>\u2022 Pusry\u010diai vie&scaron;butyje (perkant ekskursij\u0173 paket\u0105 pusry\u010diai \u012fskai\u010diuoti).<br \/> \u2022 Perve\u017eimas traukiniu \u012f Aguascalientes (papildomai apmokami traukinio bilietai (pirmyn\/atgal) ir perve\u017eimai vietoje \u2013 170 \u20ac\/asm.).<br \/> \u2022 Ekskursin\u0117 i&scaron;vyka \u201eMa\u010du Pik\u010du\u201c (vardiniai \u012f\u0117jimo bilietai u\u017esakomi ir apmokami i&scaron; anksto \u2013 50 \u20ac\/asm.).<br \/> \u2022 Perve\u017eimas traukiniu atgal \u012f &Scaron;ventaj\u012f ink\u0173 sl\u0117n\u012f.<br \/> \u2022 Sugr\u012f\u017etame \u012f vie&scaron;but\u012f.<br \/> - Recreation.<br \/> \u2022 Nakvyn\u0117 vie&scaron;butyje.<\/p>\n<p>Perve\u017eimas traukiniu \u012f Aguascalientes \u2013 miest\u0105 (papildomai apmokamas traukinio bilietas), i&scaron;gars\u0117jus\u012f kar&scaron;t\u0173j\u0173 versmi\u0173 gausa, davusi\u0105 jam pavadinim\u0105 (\u201eaguas calientes\u201c i&scaron;vertus i&scaron; ispan\u0173 kalbos rei&scaron;kia \u201ekar&scaron;ti vandenys\u201c).<\/p>\n<p>Tai artimiausia gyvenviet\u0117 nuo garsiojo ink\u0173 civilizacijos paminklo \u2013 Ma\u010du Pik\u010du.<\/p>\n<p>Ma\u010du Pik\u010du yra ne tik senovinis miestas kaln\u0173 grandin\u0117s vir&scaron;\u016bn\u0117je, \u012ftrauktas \u012f nauj\u0173j\u0173 septyni\u0173 pasaulio stebukl\u0173 s\u0105ra&scaron;\u0105, bet ir ne\u012ftik\u0117tinas legendomis apipintas stebuklas, esantis 2430 metr\u0173 auk&scaron;tyje, pa\u010dioje Peru miesto &scaron;irdyje (vardiniai \u012f\u0117jimo bilietai u\u017esakomi ir apmokami i&scaron; anksto \u2013 50 \u20ac\/asm.). &Scaron;is debesyse pasisl\u0117p\u0119s ink\u0173 miestelis buvo pastatytas XV am\u017eiuje ir ilg\u0105 laik\u0105 liko ne\u017einomas i&scaron;oriniam pasauliui, kol 1911 metais j\u012f ne atrado mokslininkas Hiramas Binghamas.<\/p>\n<p>Ma\u010du Pik\u010du yra tikras gamtos ir \u017emogaus civilizacijos harmonijos \u012fsik\u016bnijimas. Jis \u012fsik\u016br\u0119s kalno vir&scaron;\u016bn\u0117je, o nuo jo sien\u0173 atsiveria kvap\u0105 gniau\u017eiantys Urubambos up\u0117s sl\u0117nio vaizdai, apsupti diding\u0173, \u017eali\u0173 And\u0173 vir&scaron;\u016bni\u0173. \u010cia, beveik nepaliestos gamtos apsuptyje, tarsi susting\u0119 laike, i&scaron;liko akmenin\u0117s terasos, &scaron;ventykl\u0173 kompleksai, bok&scaron;tai ir aik&scaron;t\u0117s, kurios kadaise tarnavo kaip religiniai ir astronominiai centrai.<\/p>\n<p>Kiekviena Ma\u010du Pik\u010du akmens plok&scaron;t\u0117 slepia senov\u0117s ink\u0173 kult\u016bros paslaptis. Miesto architekt\u016bra stebina precizi&scaron;kumu ir apgalvotumu, nes sienos pastatytos nenaudojant skiedinio, puikiai priderinant akmenis. &Scaron;i vieta yra apipinta mitais ir paslaptimis, o kiekvienas kampelis saugo savo istorijas, kurios niekada nebuvo iki galo i&scaron;spr\u0119stos.<\/p>\n<p>Ma\u010du Pik\u010du \u2013 ne tik archeologin\u0117 vertyb\u0117, bet ir gili\u0173 apm\u0105stym\u0173 vieta. \u010cia gal\u0117site pajusti ry&scaron;\u012f su senov\u0117s kult\u016bra, patirti ramyb\u0119 ir \u012fkv\u0117pim\u0105, kur\u012f suteikia &scaron;i mistin\u0117 vieta. Ekskursija po Ma\u010du Pik\u010du \u2013 tai kelion\u0117 ne tik laiku, kuri priver\u010dia pasinerti \u012f save, bet ir puiki galimyb\u0117 akimirkai tapti &scaron;io nuostabaus ink\u0173 pasaulio didyb\u0117s ir magijos dalimi.<\/p>\n<p>Kelion\u0117 traukiniu atgal \u012f &Scaron;vent\u0105j\u012f ink\u0173 sl\u0117n\u012f (papildomai apmokamas traukinio bilietas).<\/p>\n<p><strong>Day 8 <\/strong><\/p>\n<p>\u2022 Pusry\u010diai vie&scaron;butyje (perkant ekskursij\u0173 paket\u0105 pusry\u010diai \u012fskai\u010diuoti).<br \/> \u2022 I&scaron;siregistravimas i&scaron; vie&scaron;bu\u010dio.<br \/> \u2022 Perve\u017eimas \u012f Kusk\u0105.<br \/> \u2022 Pakeliui aplankysime senovin\u012f Ojantaitambo miest\u0105.<br \/> \u2022 Vykstame \u012f vie&scaron;but\u012f.<br \/> \u2022 \u012esik\u016brimas vie&scaron;butyje.<br \/> - Recreation.<br \/> \u2022 Nakvyn\u0117 vie&scaron;butyje.<\/p>\n<p>Perve\u017eimas \u012f Kusk\u0105. Pakeliui aplankysime senovin\u012f Ojantaitambo miest\u0105 (papildomai apmokami \u012f\u0117jimo bilietai ~90 soli\u0173, t.y. ~25 \u20ac\/asm.).<\/p>\n<p>&Scaron;ios gyvenviet\u0117s liekanos, esan\u010dios 2800 metr\u0173 auk&scaron;tyje, yra vienas geriausiai i&scaron;silaikiusi\u0173 ink\u0173 paveldo objekt\u0173. Pastatytas XV am\u017eiuje valdant Pa\u010dakutekui, Ojantaitambas buvo svarbus administracinis, karinis ir religinis centras bei strategin\u0117 tvirtov\u0117. Vir&scaron;utin\u0117je miesto dalyje yra Saul\u0117s &scaron;ventykla, kurios sienos sud\u0117tos i&scaron; mil\u017eini&scaron;k\u0173 monolit\u0173, sverian\u010di\u0173 de&scaron;imtis ton\u0173.<\/p>\n<p>Taip pat aplankysime Mor\u0117jos apvalias terasas ir Maraso druskos laukus &#8211; dvi unikalias ir \u012fsp\u016bdingas archeologines ir gamtines vietas, kurios atspindi ink\u0173 in\u017einerijos \u012fg\u016bd\u017eius ir regiono gamtos gro\u017e\u012f.<\/p>\n<p>Temperat\u016bros skirtumas tarp vir&scaron;utin\u0117s ir apatin\u0117s teras\u0173 gal siekti iki 15\u00b0C, tai leido inkams eksperimentuoti su skirting\u0173 kult\u016br\u0173 auginimu. Tai savoti&scaron;ka \u201e\u017eem\u0117s \u016bkio laboratorija\u201c.<\/p>\n<p><strong>Day 9 <\/strong><\/p>\n<p>\u2022 Pusry\u010diai vie&scaron;butyje (perkant ekskursij\u0173 paket\u0105 pusry\u010diai \u012fskai\u010diuoti).<br \/> \u2022 I&scaron;siregistravimas i&scaron; vie&scaron;bu\u010dio.<br \/> \u2022 Ap\u017evalgin\u0117 ekskursija po Kusk\u0105.<br \/> - Free time after the tour.<br \/> \u2022 Perve\u017eimas \u012f Kusko oro uost\u0105.<br \/> - Check-in.<br \/> \u2022 Skrydis: Kuskas \u2013 Lima (PRIVALOMAS MOKESTIS \u2013 nuo 150 \u20ac\/asm., u\u017e vidinius skryd\u017eius Lima- Kuskas \u2013 Lima).<\/p>\n<p>Ap\u017evalgin\u0117 ekskursija po Kusk\u0105 \u2013 Ink\u0173 imperijos sostin\u0119.<\/p>\n<p>J\u016bs\u0173 diena prasid\u0117s pasineriant \u012f unikali\u0105 Kusko istorinio centro atmosfer\u0105. Kiekviename \u017eingsnyje matysite dviej\u0173 kult\u016br\u0173 harmonij\u0105 \u2013 masyvius ink\u0173 pamatus ir grak&scaron;\u010dius balkonus i&scaron; Ispanijos Habsburg\u0173 eros.<\/p>\n<p>San Pedro turguje pasinersite \u012f gyvybing\u0105 vietinio gyvenimo palet\u0119 \u2013 nuo &scaron;vie\u017ei\u0173 vaisi\u0173 ir s\u016bri\u0173 iki spalving\u0173 tekstil\u0117s gamini\u0173 ir aromatingos kavos. Tai puiki vieta paragauti tradicini\u0173 patiekal\u0173, toki\u0173 kaip empanados ar garsusis juod\u0173j\u0173 kukur\u016bz\u0173 g\u0117rimas chicha morada.<\/p>\n<p>San Blas meno rajone yra daug vietini\u0173 meninink\u0173, amatinink\u0173 ir juvelyr\u0173 dirbtuvi\u0173 ir galerij\u0173, kuriose tradiciniai And\u0173 motyvai derinami su &scaron;iuolaikiniu menu.<\/p>\n<p>Didingiausia stotel\u0117 j\u016bs\u0173 mar&scaron;rute yra Coricancha (papildomai apmokami \u012f\u0117jimo bilietai ~20 soli\u0173, t.y. ~7 \u20ac\/asm.). &Scaron;i Saul\u0117s dievui skirta &scaron;ventykla buvo pagrindinis ink\u0173 imperijos religinis centras. Kadaise jos sienos buvo padengtos aukso plok&scaron;t\u0117mis, o kiem\u0105 puo&scaron;\u0117 auksin\u0117s statulos. Nors ispanai did\u017ei\u0105j\u0105 dal\u012f &scaron;i\u0173 turt\u0173 sunaikino, pati &scaron;ventyklos strukt\u016bra \u012fsp\u016bdinga savo tobulumu. &Scaron;iandien Coricancha liekanos yra \u012fmontuotos \u012f Santo Domingo vienuolyno sienas, sukuriant stulbinant\u012f kontrast\u0105.<\/p>\n<p>Po \u012ftempto ryto tur\u0117site galimyb\u0119 papietauti viename i&scaron; jauki\u0173 Kusko restoran\u0173 (u\u017e papildom\u0105 mokest\u012f) paragausite vietini\u0173 skan\u0117st\u0173, toki\u0173 kaip sevic\u0117 (isp. Ceviche), ant groteli\u0173 kepta alpaka ar cuy (j\u016br\u0173 kiaulyt\u0117).<\/p>\n<p>Laisvalaik\u012f gal\u0117site leisti pasivaik&scaron;\u010diodami po tekstil\u0117s ir suvenyr\u0173 parduotuves. Rasite gra\u017ei\u0173 alpak\u0173 amat\u0173, tradicini\u0173 skar\u0173 ir pon\u010d\u0173 bei papuo&scaron;al\u0173 su ink\u0173 motyvais.<\/p>\n<p><strong>Day 10 <\/strong><\/p>\n<p>\u2022 Atskridimas \u012f Lim\u0105.<br \/> \u2022 Perve\u017eimas \u012f vie&scaron;but\u012f.<br \/> \u2022 \u012esik\u016brimas vie&scaron;butyje.<br \/> \u2022 Nakvyn\u0117 vie&scaron;butyje.<br \/> \u2022 Pusry\u010diai vie&scaron;butyje (perkant ekskursij\u0173 paket\u0105 pusry\u010diai \u012fskai\u010diuoti).<br \/> - Free day.<br \/> \u2022 Pageidaujantiems si\u016blome 3 dien\u0173 ekskursin\u0119 i&scaron;vyk\u0105 \u201eParakasas &#8211; Ballestas\u201c (papildomas mokestis \u2013 210 \u20ac\/asm. + \u012f\u0117jimo bilietai ~20 \u20ac, U\u017dSAKOMA I&Scaron; ANKSTO!):<br \/> o I&scaron;siregistravimas i&scaron; vie&scaron;bu\u010dio (kas vyksta \u012f papildom\u0105 3 dien\u0173 ekskursij\u0105).<br \/> o Perve\u017eimas \u012f Parakas\u0105 (trukm\u0117 ~4 val.).<br \/> o Perve\u017eimas \u012f vie&scaron;but\u012f Parakase.<br \/> o \u012esik\u016brimas vie&scaron;butyje.<br \/> \u2022 Nakvyn\u0117 vie&scaron;butyje.<\/p>\n<p>Perve\u017eimas \u012f Parakas\u0105 (trukm\u0117 ~4 val.).<\/p>\n<p>Po piet\u0173 j\u016bs\u0173 laukia ekskursija \u012f Parakaso nacionalin\u012f rezervat\u0105 (papildomai apmokami \u012f\u0117jimo bilietai ~60 soli\u0173, t.y. ~20 \u20ac\/asm.).<br \/> Tai savoti&scaron;ka kontrast\u0173 &scaron;alis, kurioje dykumos kopos skland\u017eiai susilieja \u012f \u017eydrus Ramiojo vandenyno vandenis. Kiekvienas papl\u016bdimys \u010dia turi savo unikali\u0105 atmosfer\u0105: nuo ry&scaron;kiai raudono Playa Roja sm\u0117lio iki nuo&scaron;ali\u0173 lag\u016bn\u0173 su sniego baltumo pakrant\u0117mis.<\/p>\n<p>Va\u017eiuosime gamtos sukurtu druskos greitkeliu, kuriame saul\u0117je kibirk&scaron;\u010diuojantys druskos kristalai tarsi mirga nuo milijono &scaron;vieseli\u0173, taip pat pamatysime i&scaron; prie&scaron;istorini\u0173 laik\u0173 i&scaron;saugot\u0173 j\u016bros moliusk\u0173 liekan\u0173 (j\u0173 am\u017eius apie 36 mln. met\u0173), kas daro &scaron;\u012f rezervat\u0105 dar nuostabesn\u012f.<\/p>\n<p><strong>Day 11 <\/strong><\/p>\n<p>\u2022 Pusry\u010diai vie&scaron;butyje (perkant ekskursij\u0173 paket\u0105 pusry\u010diai \u012fskai\u010diuoti).<br \/> - Free day.<br \/> o T\u0119siame 3 dien\u0173 ekskursin\u0119 i&scaron;vyk\u0105 \u201eParakasas &#8211; Ballestas\u201c (papildomas mokestis \u2013 210 \u20ac\/asm. + \u012f\u0117jimo bilietai, U\u017dSAKOMA I&Scaron; ANKSTO!).<br \/> o Laivu vyksime \u012f Ballesto salas.<br \/> o Gr\u012f\u017eimas \u012f vie&scaron;but\u012f.<br \/> o Laisvas laikas.<br \/> o Nakvyn\u0117 vie&scaron;butyje.<br \/> \u2022 Nakvyn\u0117 vie&scaron;butyje.<\/p>\n<p>Vyksime laivu \u012f Ballesto salas, kurios da\u017enai vadinamos \u201ema\u017eaisiais Galapagais\u201c (papildomas mokestis).<\/p>\n<p>&Scaron;iose salose gausu grak&scaron;\u010di\u0173 j\u016br\u0173 li\u016bt\u0173, kuriuos galima pamatyti visai arti. J\u0173 gars\u016bs garsai ir elgesys patrauks j\u016bs\u0173 d\u0117mes\u012f. Nuolatiniai salos gyventojai yra t\u016bkstan\u010diai j\u016bros pauk&scaron;\u010di\u0173, tarp kuri\u0173 yra gantai, kormoranai, ink\u0173 \u017euv\u0117dros ir retas Humboldto pingvinas. &Scaron;i vieta \u2013 tikras rojus gamtos ir fotografijos myl\u0117tojams.<\/p>\n<p>I&scaron; laivo gro\u017e\u0117sit\u0117s paslaptinga \u201eCandelabra\u201c \u2013 mil\u017eini&scaron;ku pie&scaron;iniu, i&scaron;kaltu sm\u0117l\u0117tame &scaron;laite. &Scaron;\u012f senov\u0117s geoglif\u0105, sukurt\u0105 ne\u017einomos civilizacijos, iki &scaron;iol gaubia paslaptis.<\/p>\n<p>Po ekskursijos laivu gr\u012f&scaron;ite \u012f Parakas\u0105, kur gal\u0117site atsipalaiduoti ir papietauti m\u0117gaudamiesi vandenyno vaizdais<\/p>\n<p><strong>Day 12 <\/strong><\/p>\n<p>\u2022 Pusry\u010diai vie&scaron;butyje (perkant ekskursij\u0173 paket\u0105 pusry\u010diai \u012fskai\u010diuoti) \u2013 priklauso nuo skryd\u017ei\u0173 laik\u0173.<br \/> - Free day.<br \/> o I&scaron;siregistravimas i&scaron; vie&scaron;bu\u010dio (kas vyksta \u012f papildom\u0105 3 dien\u0173 ekskursij\u0105).<br \/> o Po piet\u0173 autobusu vyksime \u012f Lim\u0105 (trukm\u0117 ~4-5 val.).<br \/> o \u012esik\u016brimas vie&scaron;butyje Limoje.<br \/> \u2022 Nakvyn\u0117 vie&scaron;butyje.<\/p>\n<p>Po piet\u0173 perve\u017eimas autobusu \u012f Lim\u0105 (trukm\u0117 ~4-5 val., priklausomai nuo eismo s\u0105lyg\u0173).<\/p>\n<p><strong>Day 13 <\/strong><\/p>\n<p>\u2022 Pusry\u010diai vie&scaron;butyje (perkant ekskursij\u0173 paket\u0105 pusry\u010diai \u012fskai\u010diuoti).<br \/> \u2022 I&scaron;siregistravimas i&scaron; vie&scaron;bu\u010dio.<br \/> - Free time.<br \/> \u2022 Vakare perve\u017eimas \u012f Limos oro uost\u0105.<br \/> \u2022 Skrydis: Lima \u2013 San Paulas.<br \/> \u2022 Atskridimas \u012f San Paul\u0105.<br \/> \u2022 Perve\u017eimas \u012f vie&scaron;but\u012f.<br \/> \u2022 \u012esik\u016brimas vie&scaron;butyje.<br \/> \u2022 Nakvyn\u0117 vie&scaron;butyje.<\/p>\n<p><strong>Day 14 <\/strong><\/p>\n<p>\u2022 Pusry\u010diai vie&scaron;butyje (perkant ekskursij\u0173 paket\u0105 pusry\u010diai \u012fskai\u010diuoti).<br \/> - Free day.<br \/> \u2022 Pageidaujantiems si\u016blome ekskursin\u0119 i&scaron;vyk\u0105 \u012f Santos\u0105 (papildomas mokestis &#8211; 80 \u20ac\/asm.).<br \/> \u2022 Sugr\u012f\u017etame \u012f vie&scaron;but\u012f.<br \/> - Recreation.<br \/> \u2022 Nakvyn\u0117 vie&scaron;butyje.<\/p>\n<p>Santosas \u2013 pakrant\u0117s uostamiestis, vadinamas \u201eNept\u016bno vartais\u201c San Paulo valstijoje. Su\u017einosite apie pagrindinio Santoso istorijos gyventojo \u2013 legendinio futbolininko, \u201eFutbolo karaliaus\u201c, kurio vardas tapo Brazilijos simboliu, gyvenim\u0105 ir karjer\u0105. Jo muziejus yra viena i&scaron; miesto lankytin\u0173 viet\u0173.<\/p>\n<p>Taip pat tur\u0117site galimyb\u0119 i&scaron;simaudyti Atlanto vandenyne, nes Santosas turi miesto papl\u016bdimi\u0173 tinkl\u0105.<\/p>\n<p><strong>Day 15 <\/strong><\/p>\n<p>\u2022 Pusry\u010diai vie&scaron;butyje (perkant ekskursij\u0173 paket\u0105 pusry\u010diai \u012fskai\u010diuoti).<br \/> \u2022 I&scaron;siregistravimas i&scaron; vie&scaron;bu\u010dio.<br \/> \u2022 Perve\u017eimas \u012f San Paulo oro uost\u0105.<br \/> - Check-in.<br \/> \u2022 Skrydis: San Paulas &#8211; Stambulas (~16:50-11:35*).<\/p>\n<p><strong>16 diena <\/strong><\/p>\n<p>- We arrive in Istanbul.<br \/> \u2022 Perve\u017eimas \u012f vie&scaron;but\u012f.<br \/> \u2022 \u012esik\u016brimas vie&scaron;butyje.<br \/> \u2022 Pageidaujantiems si\u016blome ekskursij\u0105 po Stambul\u0105 (papildomas mokestis \u2013 45 \u20ac\/asm., \u012fvyks susirinkus 20 keliautoj\u0173).<br \/> \u2022 Nakvyn\u0117 vie&scaron;butyje.<\/p>\n<p><strong>17 diena <\/strong><\/p>\n<p>\u2022 Ankstyvas i&scaron;siregistravimas i&scaron; vie&scaron;bu\u010dio.<br \/> \u2022 Perve\u017eimas \u012f Stambulo oro uost\u0105.<br \/> \u2022 Skrydis: Stambulas &#8211; Ryga (~06:55-10:00).<br \/> \u2022 Atvykstame \u012f Ryg\u0105.<\/p>","protected":false},"excerpt":{"rendered":"<p>**Nakvyn\u0117s Stambule priklauso nuo skryd\u017ei\u0173 laik\u0173, nakvyni\u0173 skai\u010dius tikslinamas prie&scaron; kelion\u0119, pusry\u010diai Stambulo vie&scaron;butyje teikiami, jei perve\u017ei&#8230;<\/p>","protected":false},"featured_media":11954,"comment_status":"open","ping_status":"closed","template":"","meta":{"om_disable_all_campaigns":false,"_monsterinsights_skip_tracking":false,"_monsterinsights_sitenote_active":false,"_monsterinsights_sitenote_note":"","_monsterinsights_sitenote_category":0},"product_brand":[],"product_cat":[669],"product_tag":[],"class_list":{"0":"post-12716","1":"product","2":"type-product","3":"status-publish","4":"has-post-thumbnail","6":"product_cat-keliones","8":"first","9":"instock","10":"virtual","11":"taxable","12":"purchasable","13":"product-type-simple"},"aioseo_notices":[],"_links":{"self":[{"href":"https:\/\/www.atravel.lt\/en\/wp-json\/wp\/v2\/product\/12716","targetHints":{"allow":["GET"]}}],"collection":[{"href":"https:\/\/www.atravel.lt\/en\/wp-json\/wp\/v2\/product"}],"about":[{"href":"https:\/\/www.atravel.lt\/en\/wp-json\/wp\/v2\/types\/product"}],"replies":[{"embeddable":true,"href":"https:\/\/www.atravel.lt\/en\/wp-json\/wp\/v2\/comments?post=12716"}],"wp:featuredmedia":[{"embeddable":true,"href":"https:\/\/www.atravel.lt\/en\/wp-json\/wp\/v2\/media\/11954"}],"wp:attachment":[{"href":"https:\/\/www.atravel.lt\/en\/wp-json\/wp\/v2\/media?parent=12716"}],"wp:term":[{"taxonomy":"product_brand","embeddable":true,"href":"https:\/\/www.atravel.lt\/en\/wp-json\/wp\/v2\/product_brand?post=12716"},{"taxonomy":"product_cat","embeddable":true,"href":"https:\/\/www.atravel.lt\/en\/wp-json\/wp\/v2\/product_cat?post=12716"},{"taxonomy":"product_tag","embeddable":true,"href":"https:\/\/www.atravel.lt\/en\/wp-json\/wp\/v2\/product_tag?post=12716"}],"curies":[{"name":"wp","href":"https:\/\/api.w.org\/{rel}","templated":true}]}}