{"id":12715,"date":"2026-03-21T15:44:54","date_gmt":"2026-03-21T13:44:54","guid":{"rendered":"https:\/\/www.atravel.lt\/produktas\/sicilija-skrydis-is-rygos-su-airbaltic\/"},"modified":"2026-03-21T15:44:54","modified_gmt":"2026-03-21T13:44:54","slug":"sicilija-skrydis-is-rygos-su-airbaltic","status":"publish","type":"product","link":"https:\/\/www.atravel.lt\/en\/product\/sicilija-skrydis-is-rygos-su-airbaltic\/","title":{"rendered":"Sicilija (skrydis i\u0161 Rygos su AirBaltic)"},"content":{"rendered":"<p><strong>1 day <\/strong><\/p>\n<p>- Arrival at Riga Airport.<br \/> \u2022 Skrydis: Ryga \u2013 Katanija (~14:40-17:10).<br \/> \u2022 Atskrendame \u012f Katanij\u0105.<br \/> \u2022 Vykstame \u012f vie&scaron;but\u012f Palermo apylink\u0117se.<br \/> \u2022 \u012esik\u016brimas vie&scaron;butyje.<br \/> - Recreation.<br \/> \u2022 Nakvyn\u0117 vie&scaron;butyje. <\/p>\n<p><strong>Day 2 <\/strong><\/p>\n<p>\u2022 Pusry\u010diai vie&scaron;butyje (perkant ekskursij\u0173 paket\u0105 pusry\u010diai \u012fskai\u010diuoti).<br \/> \u2022 Ekskursin\u0117 i&scaron;vyka \u201eSegesta \u2013 Palermas\u201c.<br \/> \u2022 Sugr\u012f\u017etame \u012f vie&scaron;but\u012f.<br \/> - Recreation.<br \/> \u2022 2Nakvyn\u0117 vie&scaron;butyje. <\/p>\n<p>Segesta &#8211; \u017eavingas miestelis, \u012fsik\u016br\u0119s vaizdingose Sicilijos kalv\u0173 &scaron;laituose, netoli pakrant\u0117s. Jis gars\u0117ja turtingu istoriniu paveldu ir nuostabiais gamtos vaizdais. Tai miestas, kuriame gyvena Sicilijos dvasia, kur kiekvienas akmuo pasakoja savo istorij\u0105, o kiekvienas kampelis alsuoja &scaron;ilumos ir svetingumo atmosfera. Ideali vieta tiems, kurie nori pasinerti \u012f &scaron;io nuostabaus regiono kult\u016br\u0105, istorij\u0105 ir gamt\u0105.<\/p>\n<p>Palermas \u2013 nuostabi Sicilijos sostin\u0117, esanti &scaron;iaur\u0117s vakarin\u0117je salos pakrant\u0117je. &Scaron;is miestas, turintis turting\u0105 istorin\u012f ir kult\u016brin\u012f paveld\u0105, yra tikras architekt\u016bros, meno ir gastronomijos lobynas. Siauros senamies\u010dio gatvel\u0117s alsuoja gyvybe ir spalvomis. \u010cia galite rasti turg\u0173, pavyzd\u017eiui, gars\u0173j\u012f Ballaro turg\u0173, kuriame vietiniai si\u016blo &scaron;vie\u017eius produktus, prieskonius ir tradicinius patiekalus. Palermo gastronomija &#8211; kitokia istorija: b\u016btinai paragaukite vietini\u0173 delikates\u0173, toki\u0173 kaip arancini, sardini\u0173 makaronai ir kanoliai.<\/p>\n<p><strong>Day 3 <\/strong><\/p>\n<p>\u2022 Pusry\u010diai vie&scaron;butyje (perkant ekskursij\u0173 paket\u0105 pusry\u010diai \u012fskai\u010diuoti).<br \/> \u2022 I&scaron;siregistravimas i&scaron; vie&scaron;bu\u010dio.<br \/> \u2022 Pageidaujantiems si\u016blome ekskursin\u0119 i&scaron;vyk\u0105 \u012f Monreal\u012f (papildomas mokestis \u2013 40 \u20ac\/asm.).<br \/> \u2022 Toliau vyksime \u012f \u010cefalu<br \/> \u2022 Ap\u017evalgin\u0117 ekskursija po \u010cefalu miest\u0105.<br \/> \u2022 Vykstama link Milazzo.<br \/> \u2022 \u012esik\u016brimas vie&scaron;butyje.<br \/> \u2022 Nakvyn\u0117 vie&scaron;butyje. <\/p>\n<p>Netoli Palermo, ant vaizdingos kalvos, yra tikras Sicilijos lobis \u2013 Monrealio miestas. Panir\u0119s \u012f alyvmed\u017ei\u0173 girai\u010di\u0173 ir vynuogyn\u0173 \u017ealum\u0105, jis \u017eavi savo istorija ir architekt\u016briniu gro\u017eiu. Pagrindinis Monrealio perlas \u2013 didinga katedra, pastatyta XII a. Atrodo, kad jos auksin\u0117s mozaikos atgyja po saul\u0117s spinduliais ir sukuria magi&scaron;k\u0105 atmosfer\u0105. Kiekviena &scaron;i\u0173 mozaik\u0173 detal\u0117, kiekviena fig\u016bra pasakoja savo istorij\u0105, kviesdama lankytojus pasinerti \u012f meno ir kult\u016bros pasaul\u012f.<\/p>\n<p>Vaik&scaron;\u010diojimas po &scaron;\u012f miest\u0105 yra tarsi kelion\u0117 laiku atgal. Gal\u0117site pamatyti senovinius pastatus, kuriuose slypi pra\u0117jusi\u0173 am\u017ei\u0173 aidai, ir m\u0117gautis nuostabiais apylinki\u0173 vaizdais. Nuo kalvos auk&scaron;\u010dio atsiveria kvap\u0105 gniau\u017eian\u010dios panoramos, kuriose dangus ir \u017eem\u0117 susilieja \u012f vien\u0105, sukurdami nepakartojam\u0105 kra&scaron;tovaizd\u012f.<\/p>\n<p>\u010cefalu \u2013 miestas, esantis diding\u0173 kaln\u0173 fone ir skalaujamas \u017eydros Tir\u0117n\u0173 j\u016bros vandens, atrodo kaip tikras meno k\u016brinys.<br \/> Pasivaik&scaron;\u010diojimas siauromis gatvel\u0117mis perkels jus \u012f viduram\u017ei\u0173 atmosfer\u0105. M\u016briniai namai su \u017eydin\u010diais balkonais ir jaukios kavinuk\u0117s su &scaron;vie\u017eiai u\u017eplikytos kavos aromatu sukuria nam\u0173 jaukumo jausm\u0105. Pagrindinis miesto architekt\u016brinis perlas \u2013 XII am\u017eiuje statyta katedra, stebinanti savo didybe ir puo&scaron;numu.<\/p>\n<p>Vyksime nakvoti \u012f ne ma\u017eiau \u017eaving\u0105 Sicilijos &scaron;iaur\u0117je esant\u012f miest\u0105 \u2013 Milazzo.<\/p>\n<p><strong>Day 4 <\/strong><\/p>\n<p>\u2022 Pusry\u010diai vie&scaron;butyje\/sausas davinys (perkant ekskursij\u0173 paket\u0105 pusry\u010diai \u012fskai\u010diuoti).<br \/> \u2022 Vykstame \u012f uost\u0105.<br \/> \u2022 Ekskursin\u0117 i&scaron;vyka \u012f Eolijos salyn\u0105 (papildomai apmokamas laivo bilietas ~55 \u20ac\/asm. + 13 \u20ac\/asm. u\u017e perve\u017eim\u0105 mikroautobusu).<br \/> \u2022 Sugr\u012f\u017etame \u012f vie&scaron;but\u012f.<br \/> \u2022 Nakvyn\u0117 vie&scaron;butyje. <\/p>\n<p>Lipari sala &#8211; did\u017eiausia ir viena vaizdingiausi\u0173 Eolijos salyno sal\u0173, esanti Tir\u0117n\u0173 j\u016broje, \u012f &scaron;iaur\u0119 nuo Sicilijos. Lipari gars\u0117ja kvap\u0105 gniau\u017eian\u010diu gamtos gro\u017eiu: auk&scaron;tomis uolomis, vaizdingomis \u012flankomis ir auksiniais papl\u016bdimiais. Pagrindinis Lipari salos miestas, dar vadinamas Lipari, \u017eavi siauromis akmenimis gr\u012fstomis gatvel\u0117mis ir vaizdingomis aik&scaron;t\u0117mis. \u010cia rasite daug kavini\u0173, restoran\u0173 ir parduotuvi\u0173, si\u016blan\u010di\u0173 vietinius skan\u0117stus, tokius kaip &scaron;vie\u017eios j\u016bros g\u0117ryb\u0117s, vynas ir saldainiai.<\/p>\n<p>Tada vyksime \u012f Vulkano sal\u0105. <br \/> Vulkano sala &#8211; viena paslaptingiausi\u0173 sal\u0173. Pagrindin\u0117 salos atrakcija &#8211; ugnikalnis, nuo kurio atsiveria nuostabios aplinkini\u0173 sal\u0173 panoramos ir nesibaigiantys Tir\u0117n\u0173 j\u016bros vandenys.<\/p>\n<p><strong>Day 5 <\/strong><\/p>\n<p>\u2022 Pusry\u010diai vie&scaron;butyje (perkant ekskursij\u0173 paket\u0105 pusry\u010diai \u012fskai\u010diuoti).<br \/> \u2022 I&scaron;siregistravimas i&scaron; vie&scaron;bu\u010dio.<br \/> \u2022 Ekskursin\u0117 i&scaron;vyka \u012f Taormin\u0105 (papildomai apmokamas \u012fva\u017eiavimo mokestis \u2013 5 \u20ac\/asm.).<br \/> \u2022 Perve\u017eimas \u012f Katanij\u0105.<br \/> \u2022 \u012esik\u016brimas vie&scaron;butyje.<br \/> \u2022 Nakvyn\u0117 vie&scaron;butyje. <\/p>\n<p>Nat\u016bralus Taorminos gro\u017eis nepalieka abejing\u0173. Vienoje pus\u0117je matosi didinga Etna su vulkaniniais kra&scaron;tovaizd\u017eiais, o kitoje \u2013 krantus skalaujantys \u017eydrieji j\u016bros vandenys. Aplink miest\u0105 yra \u012flankos su &scaron;variais papl\u016bdimiais ir gra\u017eiomis \u012flankomis, tod\u0117l tai ideali vieta atsipalaiduoti. &Scaron;is vaizdingas kurortinis miestelis rytin\u0117je Sicilijos pakrant\u0117je nepaliks j\u016bs\u0173 be nauj\u0173 nepamir&scaron;tam\u0173 potyri\u0173.<\/p>\n<p><strong>Day 6 <\/strong><\/p>\n<p>\u2022 Pusry\u010diai vie&scaron;butyje (perkant ekskursij\u0173 paket\u0105 pusry\u010diai \u012fskai\u010diuoti).<br \/> \u2022 Pageidaujantiems si\u016blome ekskursin\u0119 i&scaron;vyk\u0105 \u201eSirak\u016bzai ir Noto\u201c (papildomas mokestis \u2013 60 \u20ac\/asm.).<br \/> \u2022 Sugr\u012f\u017etame \u012f vie&scaron;but\u012f.<br \/> \u2022 Nakvyn\u0117 vie&scaron;butyje. <\/p>\n<p>Ant kri&scaron;tolo skaidrumo Jonijos j\u016bros kranto yra ne\u012ftik\u0117tinas Sirak\u016bz\u0173 miestas. Istorinis Sirak\u016bz\u0173 centras, Ortigijos sala, \u017eavi siauromis akmenimis gr\u012fstomis gatvel\u0117mis ir nuostabia architekt\u016bra. \u010cia rasite gra\u017ei\u0105 Piazza della Rebubblica aik&scaron;t\u0119 su nuostabia katedra, pastatyta senovin\u0117s At\u0117n\u0117s &scaron;ventyklos vietoje. Vaik&scaron;\u010diodami po Sirak\u016bzus m\u0117gausit\u0117s istorin\u0119 kavini\u0173, butik\u0173 ir turg\u0173, kuriuose parduodami &scaron;vie\u017ei vietiniai produktai ir delikatesai, atmosfera.<br \/> Sirak\u016bzai taip pat \u017einomi d\u0117l savo nuostabi\u0173 papl\u016bdimi\u0173, kuriuose gal\u0117site m\u0117gautis saul\u0117tomis dienomis ir maudytis skaidriame vandenyje. &Scaron;is miestas palieka nei&scaron;dildom\u0105 p\u0117dsak\u0105 kiekvieno keliautojo &scaron;irdyje, kvie\u010diantis sugr\u012f\u017eti v\u0117l ir v\u0117l.<\/p>\n<p>Noto \u2013 ne tik miestas, tai gro\u017eio ir harmonijos personifikacija, kur istorija ir modernumas susipina unikaliame &scaron;okyje. Piazza Vittorio Emanuele, Noto &scaron;irdis, yra apsupta diding\u0173 ba\u017eny\u010di\u0173 ir r\u016bm\u0173, tarp kuri\u0173 i&scaron;siskiria &Scaron;v. Mikalojaus katedra \u2013 baroko architekt\u016bros &scaron;edevras \u012fsp\u016bdingu fasadu ir jaukiu interjeru. Ma\u017eas miestelis, \u012ftrauktas \u012f UNESCO pasaulio paveldo s\u0105ra&scaron;\u0105, stebina savo architekt\u016briniu gro\u017eiu ir istoriniu paveldu, kuris panardina \u012f epoch\u0105, kai Notas buvo Sicilijos kult\u016brinio gyvenimo centras.<\/p>\n<p><strong>Day 7 <\/strong><\/p>\n<p>\u2022 Pusry\u010diai vie&scaron;butyje (perkant ekskursij\u0173 paket\u0105 pusry\u010diai \u012fskai\u010diuoti).<br \/> - Free day.<br \/> \u2022 Pageidaujantiems si\u016blome i&scaron;vyk\u0105 su degustacija prie Etnos ugnikalnio (papildomas mokestis \u2013 55 \u20ac\/asm.).<br \/> \u2022 Sugr\u012f\u017etame \u012f vie&scaron;but\u012f.<br \/> \u2022 Nakvyn\u0117 vie&scaron;butyje. <\/p>\n<p>Katanija taip pat yra puikus atspirties ta&scaron;kas tiems, kurie nori ap\u017ei\u016br\u0117ti Etnos ugnikaln\u012f. Etna yra aktyvus ugnikalnis, o jo apylink\u0117se yra daug mar&scaron;rut\u0173 pasivaik&scaron;\u010dioti. Vulkaninis dirvo\u017eemis suteikia regionui nuostabius vynuogynus, kuriuose gaminami gars\u016bs Sicilijos vynai.<\/p>\n<p><strong>Day 8 <\/strong><\/p>\n<p>\u2022 Pusry\u010diai vie&scaron;butyje (perkant ekskursij\u0173 paket\u0105 pusry\u010diai \u012fskai\u010diuoti).<br \/> \u2022 I&scaron;siregistravimas i&scaron; vie&scaron;bu\u010dio.<br \/> \u2022 Ekskursija po Katanijos miestel\u012f.<br \/> - Going to the airport.<br \/> - Check-in.<br \/> \u2022 Skrydis: Katanija \u2013 Ryga (~17:55-22:15).<br \/> - Arrival at Riga Airport. <\/p>\n<p>Katanija \u2013 vienas gra\u017eiausi\u0173 Sicilijos miest\u0173, esantis Etnos ugnikalnio pap\u0117d\u0117je. Tai antras pagal dyd\u012f salos miestas, kuris si\u016blo unikal\u0173 istorinio paveldo, vaizding\u0173 kra&scaron;tovaizd\u017ei\u0173 ir gyvybingos kult\u016bros derin\u012f.<\/p>","protected":false},"excerpt":{"rendered":"<p>1 diena \u2022 Atvykimas \u012f Rygos oro uost\u0105. \u2022 Skrydis: Ryga \u2013 Katanija (~14:40-17:10). \u2022 Atskrendame \u012f Katanij\u0105. \u2022 Vykstame \u012f vie&scaron;but\u012f Palermo apylink\u0117se. \u2022 \u012e&#8230;<\/p>","protected":false},"featured_media":11953,"comment_status":"open","ping_status":"closed","template":"","meta":{"om_disable_all_campaigns":false,"_monsterinsights_skip_tracking":false,"_monsterinsights_sitenote_active":false,"_monsterinsights_sitenote_note":"","_monsterinsights_sitenote_category":0},"product_brand":[],"product_cat":[669],"product_tag":[],"class_list":{"0":"post-12715","1":"product","2":"type-product","3":"status-publish","4":"has-post-thumbnail","6":"product_cat-keliones","8":"first","9":"instock","10":"virtual","11":"taxable","12":"purchasable","13":"product-type-simple"},"aioseo_notices":[],"_links":{"self":[{"href":"https:\/\/www.atravel.lt\/en\/wp-json\/wp\/v2\/product\/12715","targetHints":{"allow":["GET"]}}],"collection":[{"href":"https:\/\/www.atravel.lt\/en\/wp-json\/wp\/v2\/product"}],"about":[{"href":"https:\/\/www.atravel.lt\/en\/wp-json\/wp\/v2\/types\/product"}],"replies":[{"embeddable":true,"href":"https:\/\/www.atravel.lt\/en\/wp-json\/wp\/v2\/comments?post=12715"}],"wp:featuredmedia":[{"embeddable":true,"href":"https:\/\/www.atravel.lt\/en\/wp-json\/wp\/v2\/media\/11953"}],"wp:attachment":[{"href":"https:\/\/www.atravel.lt\/en\/wp-json\/wp\/v2\/media?parent=12715"}],"wp:term":[{"taxonomy":"product_brand","embeddable":true,"href":"https:\/\/www.atravel.lt\/en\/wp-json\/wp\/v2\/product_brand?post=12715"},{"taxonomy":"product_cat","embeddable":true,"href":"https:\/\/www.atravel.lt\/en\/wp-json\/wp\/v2\/product_cat?post=12715"},{"taxonomy":"product_tag","embeddable":true,"href":"https:\/\/www.atravel.lt\/en\/wp-json\/wp\/v2\/product_tag?post=12715"}],"curies":[{"name":"wp","href":"https:\/\/api.w.org\/{rel}","templated":true}]}}