{"id":12711,"date":"2026-03-21T15:44:54","date_gmt":"2026-03-21T13:44:54","guid":{"rendered":"https:\/\/www.atravel.lt\/produktas\/klasikine-italija-skrydis-is-vilniaus-grupe-tik-is-lietuvos\/"},"modified":"2026-03-21T15:44:54","modified_gmt":"2026-03-21T13:44:54","slug":"klasikine-italija-skrydis-is-vilniaus-grupe-tik-is-lietuvos","status":"publish","type":"product","link":"https:\/\/www.atravel.lt\/en\/product\/klasikine-italija-skrydis-is-vilniaus-grupe-tik-is-lietuvos\/","title":{"rendered":"Klasikin\u0117 Italija (skrydis i\u0161 Vilniaus) Grup\u0117 tik i\u0161 Lietuvos!"},"content":{"rendered":"<h2 style=\"text-align: center\"><span style=\"color:#e74c3c\"><strong>Kelion\u0117 organizuojama reisiniais skryd\u017eiais, tod\u0117l d\u0117l l\u0117ktuvo biliet\u0173 pabrangimo, organizatorius gali atmesti rezervacij\u0105 arba pasi\u016blyti keliautojui priemok\u0105.<\/strong><\/span><\/h2>\n<hr \/>\n<p><strong>1 day <\/strong><\/p>\n<p>- Arrival at Vilnius Airport.<br \/> \u2022 Skrydis: Vilnius &#8211; Milanas (~19:35-21:15).<br \/> \u2022 Atvykstame \u012f Milan\u0105.<br \/> \u2022 Perve\u017eimas \u012f vie&scaron;but\u012f.<br \/> \u2022 \u012esik\u016brimas vie&scaron;butyje.<br \/> - Recreation.<br \/> \u2022 Nakvyn\u0117 vie&scaron;butyje.<\/p>\n<p><strong>Day 2 <\/strong><\/p>\n<p>\u2022 Pusry\u010diai vie&scaron;butyje (perkant ekskursij\u0173 paket\u0105 pusry\u010diai \u012fskai\u010diuoti).<br \/> \u2022 I&scaron;siregistravimas i&scaron; vie&scaron;bu\u010dio.<br \/> \u2022 Vykstame \u012f Venecij\u0105.<br \/> \u2022 Ekskursija po Venecij\u0105 (papildomai apmokamas laivelis po Venecij\u0105 ~20 \u20ac\/asm. + ~15 \u20ac\/asm. \u012fva\u017eiavimo \u012f Venecij\u0105 mokestis).<br \/> - Free time.<br \/> \u2022 Vykstame \u012f vie&scaron;but\u012f.<br \/> \u2022 \u012esik\u016brimas vie&scaron;butyje.<br \/> - Recreation.<br \/> \u2022 Nakvyn\u0117 vie&scaron;butyje.<\/p>\n<p>Venecija&#8230; N\u0117ra kito tokio miesto visoje planetoje. Architekt\u016briniai k\u016briniai, kuriuos sunkiai k\u016br\u0117 daugelis kart\u0173 vietoje, kuri nepritaikyta statyboms, kartu su kanalais bei unikaliais pastatais, sudaro unikali\u0105 harmonij\u0105. &Scaron;\u012f miest\u0105 galima dr\u0105siai vadinti muziejumi po dangumi. \u010cia kiekviename \u017eingsnyje rasite pra\u0117jusi\u0173 &scaron;imtme\u010di\u0173 architekt\u016bros &scaron;edevr\u0173, paminkl\u0173 ir kit\u0173 lankytin\u0173 objekt\u0173. Pavyzd\u017eiui, garsieji tiltai: \u201eAuksinis tiltas\u201c, \u201e&Scaron;alt\u0173 tiltas\u201c ir \u201ePakeistas tiltas\u201c, sen\u0173j\u0173 bei nauj\u0173j\u0173 vie&scaron;\u0173j\u0173 pirkim\u0173 pastatas, Veneir de Leoni r\u016bmai, \u201eDoge\u201c r\u016bmai, biblioteka, laikrod\u017eio bok&scaron;tas, \u201eCampanile\u201c varpin\u0117 su \u017ei\u016br\u0117jimo platforma, didysis Arsenalo kompleksas \u201eSanta Maria della Salute\u201c katedra, Frari bazilika, \u201eMercheria\u201c prekybos gatv\u0117. Dauguma Venecijos kanal\u0173 gatvi\u0173 yra tokios siauros, kad galite lengvai rankomis paliesti prie&scaron;ing\u0173 nam\u0173 sienas, o patys pastatai siekia iki 7 auk&scaron;t\u0173.<\/p>\n<p><strong>Day 3 <\/strong><\/p>\n<p>\u2022 Pusry\u010diai vie&scaron;butyje\/sausas davinys (perkant ekskursij\u0173 paket\u0105 pusry\u010diai \u012fskai\u010diuoti).<br \/> - Free day.<br \/> \u2022 Pageidaujantiems si\u016blome ekskursin\u0119 i&scaron;vyk\u0105 \u012f Rom\u0105 ir Vatikan\u0105 (papildomas mokestis &#8211; 60 \u20ac\/asm. + \u012fva\u017eiavimo mokestis ~10 \u20ac\/asm. + \u012f\u0117jimo bilietai).<br \/> \u2022 Ekskursija po Rom\u0105 ir Vatikan\u0105.<br \/> \u2022 Po ekskursijos vykstame atgal \u012f vie&scaron;but\u012f.<br \/> \u2022 Nakt\u012f sugr\u012f\u017etame \u012f vie&scaron;but\u012f.<br \/> - Recreation.<br \/> \u2022 Nakvyn\u0117 vie&scaron;butyje.<\/p>\n<p>Roma &#8211; Italijos sostin\u0117 ir labiausiai turist\u0173 lankomas miestas Europoje. Roma &#8211; pagrindinis politinis, kult\u016brinis, ekonominis &scaron;alies centras, vienas i&scaron; seniausi\u0173 ir istoriniais bei kult\u016briniais paminklais turtingiausi\u0173 pasaulio miest\u0173.<\/p>\n<p>Vatikanas &#8211; miestas muziejus po atviru dangumi, i&scaron;sid\u0117st\u0119s pa\u010dioje Italijos sostin\u0117je Romoje. Jo plotas vos 0,44 kv. km. Tai miestas &#8211; valstyb\u0117, kuri buvo \u012fkurta 1929 m. vasario 11 d. abipusiu susitarimu tarp liuteron\u0173 ir Romos katalik\u0173 ba\u017eny\u010di\u0173 bei Italijos vyriausyb\u0117s. Vatikane pastatytos vis\u0173 buvusi\u0173 popie\u017ei\u0173 rezidencijos, kuri\u0173 interjeras ir eksterjeras prikausto d\u0117mes\u012f ir sukelia \u017eaves\u012f.<\/p>\n<p><strong>Day 4 <\/strong><\/p>\n<p>\u2022 Pusry\u010diai vie&scaron;butyje (perkant ekskursij\u0173 paket\u0105 pusry\u010diai \u012fskai\u010diuoti).<br \/> \u2022 I&scaron;siregistravimas i&scaron; vie&scaron;bu\u010dio.<br \/> \u2022 Ekskursin\u0117 i&scaron;vyka \u012f Toskan\u0105 (Sien\u0105 ir San D\u017eiminjano) (papildomai apmokamas \u012fva\u017eiavimo mokestis \u012f Sien\u0105 ~5 \u20ac\/asm. ir San D\u017eiminjano ~5 \u20ac\/asm.).<br \/> \u2022 Vykstame \u012f vie&scaron;but\u012f.<br \/> \u2022 \u012esik\u016brimas vie&scaron;butyje.<br \/> - Recreation.<br \/> \u2022 Nakvyn\u0117 vie&scaron;butyje.<\/p>\n<p>Toskana \u2013 ne tik vienas \u017einomiausi\u0173 m\u016bs\u0173 planetos kampeli\u0173, bet ir gro\u017eio, UNESCO miest\u0173, geriausio Italijos vyno bei kra&scaron;tovaizd\u017eio dizaino meistr\u0173 d\u0117mesio centre.<\/p>\n<p>Sienoje lengva pasiklysti tiek laike, tiek erdv\u0117je \u2013 pagrindin\u0117 &scaron;io miesto i&scaron;vaizda ir tradicijos per pastaruosius 700 met\u0173 nei kiek nepasikeit\u0117. Jos gatv\u0117s, kaip ir anks\u010diau, suskirstytos \u012f viena kitai prie&scaron;ingas kontradas, pamir&scaron;usias modernum\u0105. Siena lengvai perkelia mus \u012f XIV am\u017eiaus komunos miest\u0105, gars\u0117jant\u012f savo paminklais: katedra, kurioje dirbo geriausi XIII am\u017eiaus meistrai, ir \u012fmantri\u0105 Piazza Del Campo, neprilygstam\u0105 viduram\u017ei\u0173 architekt\u016bros pavyzd\u012f.<\/p>\n<p>San D\u017eiminjano jau seniai tapo vienu jaukiausi\u0173 ir mylimiausi\u0173 lankytoj\u0173 Italijos kampeliu. Kasmet \u010dia supl\u016bsta milijonai lankytoj\u0173 i&scaron; viso pasaulio d\u0117l vaizding\u0173 gatveli\u0173, Toskanos keramikos, \u017eaving\u0173 kalv\u0173 ir bok&scaron;t\u0173 vaizd\u0173, d\u0117l kuri\u0173 &scaron;iai vietai jau seniai priskiriamas Viduram\u017ei\u0173 Manheteno pavadinimas. Ne ma\u017eiau svarbi prie\u017eastis patekti \u012f San D\u017eiminjano \u2013 galimyb\u0117 paragauti geriausi\u0173 led\u0173 Italijoje.<\/p>\n<p><strong>Day 5 <\/strong><\/p>\n<p>\u2022 Pusry\u010diai vie&scaron;butyje (perkant ekskursij\u0173 paket\u0105 pusry\u010diai \u012fskai\u010diuoti).<br \/> \u2022 Ekskursin\u0117 i&scaron;vyka \u012f Florencij\u0105 (papildomai apmokami vie&scaron;ojo transporto bilietai ~5 \u20ac\/asm.).<br \/> \u2022 Sugr\u012f\u017etame \u012f vie&scaron;but\u012f.<br \/> \u2022 Nakvyn\u0117 vie&scaron;butyje.<\/p>\n<p>Florencija neabejotinai yra Europos kult\u016bros sostin\u0117. Dant\u0117, Mikeland\u017eelas, Boti\u010delis, Leonardas da Vin\u010dis ir kiti garsiausi pasaulio meistrai dirbo &scaron;io miesto labui. Dabar j\u0173 darbai puo&scaron;ia miesto gatves, kuriomis tiesiog privalu pasivaik&scaron;\u010dioti ir pajusti atgimimo epochos dvasi\u0105. Be to, net tada klest\u0117jo bankininkyst\u0117, kurios d\u0117ka pasirod\u0117 auksinis florinas &#8211; pirmoji \u201ebendra Europos valiuta\u201c. Florencijoje Dante, Boccaccio ir Petrarch kuria Europos literat\u016bros rams\u010dius. \u010cia, Arno krantuose, dirbo Giotto ir Arnolfo di Cambio. O &scaron;iais laikais galite laisvai pasivaik&scaron;\u010dioti po Sen\u0105j\u012f tilt\u0105 ir Dant\u0117s kvartale, pris\u0117sti Signorijos aik&scaron;t\u0117je ir muziejuje po atviru dangumi &#8211; \u201eLoggia Lanzi\u201c &#8211; visa tai nepalyginamoje \u201eEuropos dirbtuvi\u0173\u201c gamtoje.<\/p>\n<p><strong>Day 6 <\/strong><\/p>\n<p>\u2022 Pusry\u010diai vie&scaron;butyje (perkant ekskursij\u0173 paket\u0105 pusry\u010diai \u012fskai\u010diuoti).<br \/> - Free day.<br \/> \u2022 Pageidaujantiems si\u016blome ekskursin\u0119 i&scaron;vyk\u0105 \u201ePiza ir Genuja\u201c (papildomas mokestis \u2013 50 \u20ac\/asm. + \u012fva\u017eiavimo mokestis \u012f Pizos miest\u0105 ~8 \u20ac\/asm.).<br \/> \u2022 Sugr\u012f\u017etame \u012f vie&scaron;but\u012f.<br \/> \u2022 Nakvyn\u0117 vie&scaron;butyje.<\/p>\n<p>Sunku rasti \u017emog\u0173, kuriam neb\u016bt\u0173 pa\u017e\u012fstamas Pizos varpin\u0117s bok&scaron;to vaizdas. Tai kur kas daugiau nei tiesiog paminklas \u2013 tai simbolis ir did\u017ei\u0173j\u0173 architekt\u0173, k\u016brusi\u0173 Pizos Respublikoje, palikimas. B\u016btent prie Pizos bok&scaron;to XV am\u017eiuje prad\u0117tos organizuoti pirmosios ekskursijos Europoje. B\u0117gant am\u017eiams, jo populiarumas tik augo. Ta\u010diau nedaugelis, lankydamiesi garsiojoje Stebukl\u0173 aik&scaron;t\u0117je, atkreipia d\u0117mes\u012f \u012f pa\u010di\u0105 Piz\u0105 \u2013 \u012f jos gra\u017eias gatves su arkomis-galerijomis, universiteto kvartal\u0105, kuriame dirbo ir k\u016br\u0117 didysis mokslininkas Galileo Galil\u0117jus. Tik pamat\u0119 &scaron;ias vietas galite suprasti &scaron;io ne\u012fprasto Toskanos miesto siel\u0105.<\/p>\n<p>V\u0117liau vyksime \u012f Genuj\u0105.<\/p>\n<p>Genuja &#8211; senovinis uostamiestis, esantis Lig\u016brijos j\u016bros Genujos \u012flankos krantuose, yra did\u017eiausio istorinio centro Europoje savininkas ir laikomas vienu gra\u017eiausi\u0173 Italijos miest\u0173. Genuja yra sunkiosios pramon\u0117s ir laiv\u0173 statybos centras. Pagrindinis Genujaus uosto akcentas yra &scaron;vyturys, \u017einomas kaip \u201eLa Lanterna\u201c. Mieste yra daugyb\u0117 istorini\u0173 paminkl\u0173, toki\u0173 kaip: \u201eDoge&#039;s Palace\u201c, viduram\u017ei\u0173 Genujos \u201ePorta Soprana\u201c vartai, San Lorenzo katedra, Kristoforo Kolumbo namas ir \u201ePiazza Ferrari\u201c centrin\u0117 aik&scaron;t\u0117.<\/p>\n<p><strong>Day 7 <\/strong><\/p>\n<p>\u2022 Pusry\u010diai vie&scaron;butyje (perkant ekskursij\u0173 paket\u0105 pusry\u010diai \u012fskai\u010diuoti).<br \/> \u2022 I&scaron;siregistravimas i&scaron; vie&scaron;bu\u010dio.<br \/> \u2022 Ekskursin\u0117 i&scaron;vyka \u201eVerona + Gardo e\u017eeras\u201c (papildomai apmokamas \u012fva\u017eiavimo mokestis \u012f Veron\u0105 ~5 \u20ac\/asm.).<br \/> \u2022 Po ekskursij\u0173 vykstame \u012f vie&scaron;but\u012f.<br \/> \u2022 \u012esik\u016brimas vie&scaron;butyje.<br \/> - Recreation.<br \/> \u2022 Nakvyn\u0117 vie&scaron;butyje.<\/p>\n<p>Verona &#8211; didelio \u017eavesio ir romantizmo miestas. Veronoje i&scaron;kart atkreipiate d\u0117mes\u012f \u012f jos gatves ir aik&scaron;tes, vienos \u012fsp\u016bdingiausi\u0173 Italijoje. \u010cia galite pamatyti vietas, susijusias su Dante Alighieri, pasivaik&scaron;\u010dioti gatv\u0117mis, prisimenan\u010diomis sunki\u0105 Scaligerio &scaron;eimos praeit\u012f, ir apsilankyti D\u017eiuljetos namo kieme, kur po garsiuoju balkonu, jauno Romeo vietoje, daugyb\u0117 \u012fsimyl\u0117j\u0117li\u0173 i&scaron;sako norus ir juos \u012fgyvendina. Miestas kvie\u010dia visus pasivaik&scaron;\u010dioti po Adid\u017eo up\u0117s promenad\u0105, dainuojam\u0105 poet\u0173, ir susipa\u017einti su rom\u0117n\u0173 praeitimi bei paminklais, primenan\u010diais apie 2000 met\u0173 Romos imperijos didyb\u0119. Veronoje \u012fsik\u016br\u0119s vienas i&scaron; nedaugelio i&scaron;likusi\u0173 amfiteatr\u0173 &#8211; \u201eArena di Verona\u201c, gladiatori\u0173 m\u016b&scaron;i\u0173 praeityje ir nuostabi\u0173 operos spektakli\u0173 vieta dabartyje.<\/p>\n<p>Gardos e\u017eeras yra did\u017eiausias e\u017eeras Italijoje. E\u017eeru tarpusavyje dalinasi trys Italijos regionai \u2013 Lombardija (Bre&scaron;os provincija), Venetas (Veronos provincija) ir Trentinas \u2013 Alto Adige (Trento provincija). Senov\u0117s rom\u0117nai e\u017eer\u0105 vadino Benako, Gardos vardas jam buvo priskirtas tik viduram\u017eiais, kil\u0119s i&scaron; to paties pavadinimo miestelio Veronos provincijoje. Remiantis kai kuriais VIII am\u017eiaus dokumentais, vardas Garda kil\u0119s i&scaron; vokie\u010di\u0173 warda, tai yra \u201eapsauga\u201c, \u201esteb\u0117jimo vieta\u201c. Veronieti&scaron;ka Gardos pakrant\u0117s dalis su &scaron;velniu klimatu dar vadinama \u201eAlyv\u0173 rivjera\u201c, o Bre&scaron;ai priklausanti pakrant\u0117 gars\u0117ja terasiniais citrin\u0173 sodais, d\u0117l kuri\u0173 ji vadinama \u201eRiviera Limono\u201c.<\/p>\n<p>Jau daugel\u012f am\u017ei\u0173 Sirmion\u0117 miestas, esantis pusiasalyje, dalijan\u010diame pietin\u0119 Gardos e\u017eero dal\u012f \u012f dvi dalis, buvo m\u0117gstamas keliautoj\u0173, gird\u0117jusi\u0173 apie jo gamtos gro\u017e\u012f ir istorinius paminklus.<\/p>\n<p>Pageidaujant galima leistis \u012f kelion\u0119 laivu po Gardos e\u017eer\u0105 (papildomas mokestis ~15 \u20ac\/asm.).<\/p>\n<p><strong>Day 8<\/strong><\/p>\n<p>\u2022 I&scaron;siregistravimas i&scaron; vie&scaron;bu\u010dio.<br \/> \u2022 Pageidaujantiems si\u016blome ekskursij\u0105 po Milan\u0105 (papildomas mokestis \u2013 40 \u20ac\/asm. + \u012fva\u017eiavimo mokestis ~5 \u20ac\/asm.).<br \/> - Transfer to the airport.<br \/> - Check-in.<br \/> \u2022 Skrydis: Milanas \u2013 Vilnius (21:50-01:20*).<br \/> \u2022 Atvykimas \u012f Vilni\u0173 (kit\u0105 dien\u0105).<\/p>\n<p>Milanas &#8211; \u012fsp\u016bdingais istorijos paminklais nustebins tuos, kurie i&scaron; jo tikisi tik moderni\u0173 pastat\u0173 ir auk&scaron;t\u0173j\u0173 technologij\u0173. Sforzesco pilis, kurioje dirbo Leonardo da Vinci, Duomos katedra, kurioje saugoma svarbiausia krik&scaron;\u010dioni&scaron;kojo pasaulio relikvija \u2013 viena i&scaron; Vie&scaron;paties kry\u017eiaus vini\u0173; garsusis La Scala teatras \u2013 visa tai miestas kruop&scaron;\u010diai i&scaron;saugojo savo sve\u010diams. Be istorinio paveldo, Milane yra svarbiausias Europos ekonominis centras, mieste vyksta 2015 m. Pasaulin\u0117 paroda ir kasmetiniai auk&scaron;tosios mados sezonai. Milanas \u2013 miestas, kuriame rasite visus Italijos turtus: istorij\u0105, men\u0105, puiki\u0105 virtuv\u0119 ir madingas parduotuves.<\/p>","protected":false},"excerpt":{"rendered":"<p>Kelion\u0117 organizuojama reisiniais skryd\u017eiais, tod\u0117l d\u0117l l\u0117ktuvo biliet\u0173 pabrangimo, organizatorius gali atmesti rezervacij\u0105 arba pasi\u016blyti keliautojui priemok\u0105&#8230;.<\/p>","protected":false},"featured_media":12009,"comment_status":"open","ping_status":"closed","template":"","meta":{"om_disable_all_campaigns":false,"_monsterinsights_skip_tracking":false,"_monsterinsights_sitenote_active":false,"_monsterinsights_sitenote_note":"","_monsterinsights_sitenote_category":0},"product_brand":[],"product_cat":[669],"product_tag":[],"class_list":{"0":"post-12711","1":"product","2":"type-product","3":"status-publish","4":"has-post-thumbnail","6":"product_cat-keliones","8":"first","9":"instock","10":"virtual","11":"taxable","12":"purchasable","13":"product-type-simple"},"aioseo_notices":[],"_links":{"self":[{"href":"https:\/\/www.atravel.lt\/en\/wp-json\/wp\/v2\/product\/12711","targetHints":{"allow":["GET"]}}],"collection":[{"href":"https:\/\/www.atravel.lt\/en\/wp-json\/wp\/v2\/product"}],"about":[{"href":"https:\/\/www.atravel.lt\/en\/wp-json\/wp\/v2\/types\/product"}],"replies":[{"embeddable":true,"href":"https:\/\/www.atravel.lt\/en\/wp-json\/wp\/v2\/comments?post=12711"}],"wp:featuredmedia":[{"embeddable":true,"href":"https:\/\/www.atravel.lt\/en\/wp-json\/wp\/v2\/media\/12009"}],"wp:attachment":[{"href":"https:\/\/www.atravel.lt\/en\/wp-json\/wp\/v2\/media?parent=12711"}],"wp:term":[{"taxonomy":"product_brand","embeddable":true,"href":"https:\/\/www.atravel.lt\/en\/wp-json\/wp\/v2\/product_brand?post=12711"},{"taxonomy":"product_cat","embeddable":true,"href":"https:\/\/www.atravel.lt\/en\/wp-json\/wp\/v2\/product_cat?post=12711"},{"taxonomy":"product_tag","embeddable":true,"href":"https:\/\/www.atravel.lt\/en\/wp-json\/wp\/v2\/product_tag?post=12711"}],"curies":[{"name":"wp","href":"https:\/\/api.w.org\/{rel}","templated":true}]}}