{"id":12710,"date":"2026-03-21T15:44:54","date_gmt":"2026-03-21T13:44:54","guid":{"rendered":"https:\/\/www.atravel.lt\/produktas\/brazilija-16-d-su-poilsiu-buzios-kurorte-skrydis-is-vilniaus-grupe-is-lietuvos\/"},"modified":"2026-03-21T15:44:54","modified_gmt":"2026-03-21T13:44:54","slug":"brazilija-16-d-su-poilsiu-buzios-kurorte-skrydis-is-vilniaus-grupe-is-lietuvos","status":"publish","type":"product","link":"https:\/\/www.atravel.lt\/en\/product\/brazilija-16-d-su-poilsiu-buzios-kurorte-skrydis-is-vilniaus-grupe-is-lietuvos\/","title":{"rendered":"BRAZILIJA 16 d. su poilsiu Buzios kurorte (skrydis i\u0161 Vilniaus) GRUP\u0116 I\u0160 LIETUVOS!"},"content":{"rendered":"<h3><span style=\"color:#e74c3c\"><span style=\"font-size:11pt\"><span style=\"line-height:115%\"><span style=\"font-family:Calibri,sans-serif\"><span style=\"font-size:9.0pt\"><span style=\"line-height:115%\"><span style=\",sans-serif\">*Nakvyn\u0117s Stambule priklauso nuo skryd\u017ei\u0173 laik\u0173, nakvyni\u0173 skai\u010dius tikslinamas prie&scaron; kelion\u0119, pusry\u010diai Stambulo vie&scaron;butyje teikiami, jei perve\u017eimas \u012f oro uost\u0105 ne ankstyvas (t.y. po 8 val. ryto).<\/span><\/span><\/span><\/span><\/span><\/span><\/span><\/h3>\n<hr \/>\n<p><strong>1 day <\/strong><\/p>\n<p>- Arrival at Vilnius Airport.<br \/> - Check-in.<br \/> \u2022 Skrydis: Vilnius \u2013 Stambulas (~11:55-16:00).<br \/> - We arrive in Istanbul.<br \/> \u2022 Skrydis: Stambulas \u2013 San Paulas (~20:30-04:10*).<\/p>\n<p><strong>Day 2 <\/strong><\/p>\n<p>\u2022 Atvykimas \u012f San Paul\u0105.<br \/> \u2022 Perve\u017eimas i&scaron; oro uosto \u012f vie&scaron;but\u012f.<br \/> \u2022 \u012esik\u016brimas vie&scaron;butyje.<br \/> - Recreation.<br \/> \u2022 Pageidaujantiems si\u016blome i&scaron;vyk\u0105 autobusu &#8222;Kitoks San Paulas&#8221; (papildomas mokestis \u2013 50 \u20ac\/asm., \u012fvyks susirinkus ma\u017eiausiai 20 dalyvi\u0173).<br \/> \u2022 Sugr\u012f\u017etame \u012f vie&scaron;but\u012f.<br \/> - Recreation.<br \/> \u2022 Nakvyn\u0117 vie&scaron;butyje.<\/p>\n<p>I&scaron;vykos metu ap\u017ei\u016br\u0117sime nuostab\u0173j\u012f San Paulo miest\u0105 ir pamatysime: Nepriklausomyb\u0117s paminkl\u0105, Bandeiraso paminkl\u0105, Ibirapueros park\u0105 bei Dievo Motinos ba\u017eny\u010di\u0105 \u2013 katalik\u0173 ba\u017eny\u010dia, esanti Nosa Senjora du Brazilio aik&scaron;t\u0117je (ap\u017ei\u016br\u0117sime j\u012f i&scaron; i&scaron;or\u0117s).<\/p>\n<p><strong>Day 3 <\/strong><\/p>\n<p>\u2022 Pusry\u010diai vie&scaron;butyje (perkant ekskursij\u0173 paket\u0105 pusry\u010diai \u012fskai\u010diuoti).<br \/> \u2022 I&scaron;siregistravimas i&scaron; vie&scaron;bu\u010dio.<br \/> - Sightseeing tour of S\u00e3o Paulo.<br \/> - Free time after the tour.<br \/> - We're on our way to Rio de Janeiro.<br \/> - We arrive in Rio de Janeiro.<br \/> \u2022 \u012esik\u016brimas vie&scaron;butyje.<br \/> - Recreation.<br \/> \u2022 Nakvyn\u0117 vie&scaron;butyje.<\/p>\n<p>San Paulas &#8211; kult\u016bros ir Brazilijos sostin\u0117. Miestas, esantis tarp atogr\u0105\u017e\u0173 mi&scaron;k\u0173. San Paulo architekt\u016bra unikaliai derina senovines katedras ir pastatus su moderniausiais dangorai\u017eiais, pagamintais i&scaron; stiklo ir betono.<\/p>\n<p>Kelion\u0117s autobusu metu ap\u017ei\u016br\u0117sime Betmeno kampel\u012f (San Paulas &#8211; grafiti sostin\u0117, o Betmeno kampelis yra tiesiog pati populiariausia gatv\u0117s meninink\u0173 vieta), savivaldyb\u0117s teatr\u0105, katedr\u0105 ir taip pat pamatysime pagrindin\u0119 miesto gatv\u0119 &#8211; Avenida Paulista. Aplankysime &Scaron;v. Benedikto vienuolyn\u0105, ap\u017evalgos aik&scaron;tel\u0119 su vaizdu \u012f miest\u0105.<\/p>\n<p>Laisvas laikas, galimyb\u0117 papietauti (vidutin\u0117 kaina ~15 USD).<\/p>\n<p>Autobusu vyksime \u012f Rio de \u017daneir\u0105. Pakeliui gal\u0117site m\u0117gautis nuostabiais vaizdais pagal \u017eavingus gido pasakojimus apie &scaron;al\u012f ir miest\u0105.<\/p>\n<p><strong>Day 4 <\/strong><\/p>\n<p>\u2022 Pusry\u010diai vie&scaron;butyje (perkant ekskursij\u0173 paket\u0105 pusry\u010diai \u012fskai\u010diuoti).<br \/> \u2022 Ekskursija po Rio de \u017daneir\u0105 (1 dalis).<br \/> - Free time after the tour.<br \/> \u2022 Sugr\u012f\u017etame \u012f vie&scaron;but\u012f.<br \/> - Recreation.<br \/> \u2022 Nakvyn\u0117 vie&scaron;butyje.<\/p>\n<p>Rio de \u017daneiras &#8211; Brazilijos &scaron;irdis, &scaron;is miestas teisingai ilg\u0105 laik\u0105 buvo laikomas gro\u017eio sostine ir turizmo centru Piet\u0173 Amerikoje. \u201eDievas suk\u016br\u0117 pasaul\u012f per &scaron;e&scaron;ias dienas, o septint\u0105 dien\u0105 jis suk\u016br\u0117 Rio de \u017daneir\u0105\u201c &#8211; taip sako brazilai apie savo gimt\u0105j\u012f miest\u0105.<\/p>\n<p>Ap\u017evalgin\u0117s ekskursijos autobusu metu ap\u017ei\u016br\u0117sime Atpirk\u0117jo Kristaus statulas ant Korkovado kalno (710 m), pakilsime \u012f statul\u0105 funikulieriumi per Tijuca mi&scaron;k\u0105, kuris yra vienas did\u017eiausi\u0173 miesto mi&scaron;k\u0173 pasaulyje (papildomas mokestis ~35 \u20ac\/asm., U\u017dSAKOMA IR APMOKAMA I&Scaron; ANKSTO).<\/p>\n<p>Toliau mums pasiseks pamatyti ir nufotografuoti graffiti \u201eEtnicities\u201c \u2013 vien\u0105 did\u017eiausi\u0173 pasaulyje grafi\u010di\u0173, sukurt\u0105 gatv\u0117s meno menininko Eduardo Cobros. Sienoje \u201eEtnicities\u201c pavaizduoti penki veidai simbolizuoja penkis olimpinius \u017eiedus ir penkis \u017eemynus. Graffiti puo&scaron;ia sien\u0105 netoli Rio de \u017daneiro uosto, netoli Olimpinio bulvaro. Grafi\u010dio auk&scaron;tis \u2013 15,5 m, o plotas \u2013 3000 m2 \u012edomu, kad graffiti sukurti Eduardo Cobra panaudojo 100 galon\u0173 da\u017e\u0173 ir 3,5 t\u016bkst. aerozolini\u0173 da\u017e\u0173 balion\u0117li\u0173.<\/p>\n<p>Prava\u017eiuosime per visus vaizdingus miesto papl\u016bdimius (Flamengo, Botafogo ir kitus), sustosime legendiniame stadione \u201eMaracana\u201c, Brazilijos futbolo Mekoje. Tada aplankysime Sambadrom\u0105, kur Rio vyksta gatvi\u0173 procesijos, paradai ir gars\u016bs Brazilijos karnavalai.<\/p>\n<p>Ekskursijos metu tur\u0117sime laisvo laiko papietauti (vidutin\u0117 piet\u0173 kaina ~15 USD) ir nusipirkti suvenyr\u0173.<\/p>\n<p><strong>Day 5 <\/strong><\/p>\n<p>\u2022 Pusry\u010diai vie&scaron;butyje (perkant ekskursij\u0173 paket\u0105 pusry\u010diai \u012fskai\u010diuoti).<br \/> \u2022 Ekskursija po Rio de \u017daneir\u0105 (2 dalis).<br \/> - Free time after the tour.<br \/> \u2022 Sugr\u012f\u017etame \u012f vie&scaron;but\u012f.<br \/> - Recreation.<br \/> \u2022 Nakvyn\u0117 vie&scaron;butyje.<\/p>\n<p>Ekskursijos metu lyn\u0173 keltuvais kilsime ant Cukraus galvos kalno (papildomas mokestis ~40 \u20ac\/asm., U\u017dSAKOMA IR APMOKAMA I&Scaron; ANKSTO), kur susipa\u017einsime su Rio de \u017daneiro \u012fk\u016brimo vieta.<\/p>\n<p>Cukraus galva (P&atilde;o de A&ccedil;&uacute;car) &#8211; ma\u017edaug 396 m auk&scaron;\u010dio kalnas, i&scaron;kil\u0119s vir&scaron; Guanabaros \u012flankos. Nuo kalno vir&scaron;aus atsiveria nuostabus vaizdas \u012f j\u016bros kra&scaron;tovaizd\u012f ir auksin\u012f sm\u0117l\u012f, taip pat garsi\u0105j\u0105 Kristaus statul\u0105. Toliau vyksime \u012f istorin\u012f Rio centr\u0105, kur susipa\u017einsime su pagrindin\u0117mis miesto vietomis: Katedra, lapkri\u010dio 15 aik&scaron;te, Celarono laiptais &#8211; visame pasaulyje garsiu \u010cil\u0117s menininku Jorge Selaronu ir spalvingomis plytel\u0117mis bei mozaikomis. Paskui gro\u017e\u0117sim\u0117s Lapos arka, pirmaisiais imperatori&scaron;kaisiais r\u016bmais, &Scaron;v. Benedikto vienuolynu.<\/p>\n<p>Ekskursijos metu tur\u0117site laisvo laiko pietums (vidutin\u0117 piet\u0173 kaina yra ~15 USD).<\/p>\n<p><strong>Day 6 <\/strong><\/p>\n<p>\u2022 Pusry\u010diai vie&scaron;butyje (perkant ekskursij\u0173 paket\u0105 pusry\u010diai \u012fskai\u010diuoti).<br \/> - Free day.<br \/> \u2022 Pageidaujantiems si\u016blome ekskursija \u012f Rosinjos favel\u0105 (papildomas mokestis &#8211; 80 \u20ac\/asm., \u012fvyks susirinkus ma\u017eiausiai 10 keliautoj\u0173).<br \/> \u2022 Vakare vykstame \u012f ekskursin\u0119 i&scaron;vyk\u0105 \u201eVakarinis Rio de \u017daneiras\u201c.<br \/> \u2022 Sugr\u012f\u017etame \u012f vie&scaron;but\u012f.<br \/> - Recreation.<br \/> \u2022 Nakvyn\u0117 vie&scaron;butyje.<\/p>\n<p>Ekskursija \u012f Rosinjos favel\u0105 \u2013 tai pa\u017eintis su vienu prie&scaron;taringiausi\u0173 Rio de \u017daneiro rajon\u0173 (papildomas mokestis \u2013 80 \u20ac, ma\u017eiausiai 10 keliautoj\u0173). J\u016bs apsilankysite paraleliniame pasaulyje su savais \u012fstatymais. Pamatysite, kaip gyvena apie 25 % Rio gyventoj\u0173. Su\u017einosite apie narkotik\u0173 kontraband\u0105, policijos darb\u0105 ir Brazilijos darbinink\u0173 kasdienyb\u0119. Pasivaik&scaron;\u010diosite siaurais gatveli\u0173 ir laipt\u0173 labirintais, apsilankysite ap\u017evalgos aik&scaron;tel\u0117je su vaizdu \u012f miest\u0105. Ekskursija apima pakilim\u0105 \u012f favelo vir&scaron;\u016bn\u0119 motociklu (!) ir nusileidim\u0105 p\u0117s\u010diomis (laiptais ir gatvel\u0117mis). Nusileidimas trunka 1-1,5 valandos.<\/p>\n<p>Tyrin\u0117dami vakarin\u012f Rio, pamatysime garsiausi\u0105 miesto saul\u0117lyd\u012f i&scaron; Arpoador ky&scaron;ulio, Kopakabanos ir Ipanemos papl\u016bdimi\u0173 kampelius. Su\u017einosite apie Rio de \u017daneiro legendas ir namus su vaiduokliais bei aplankysime tradici&scaron;kiausi\u0105 viet\u0105 su sambos &#8211; Pedra do Sal, kurioje Rio de \u017daneiro gyventojai &scaron;oka, dainuoja ir gerbia nacionalin\u0119 kult\u016br\u0105, kviesdami turistus i&scaron;bandyti vietin\u012f g\u0117rim\u0105 &#8211; kaiperinha.<\/p>\n<p><strong>Day 7 <\/strong><\/p>\n<p>\u2022 Pusry\u010diai vie&scaron;butyje (perkant ekskursij\u0173 paket\u0105 pusry\u010diai \u012fskai\u010diuoti).<br \/> - Free day.<br \/> \u2022 Pageidaujantiems si\u016blome ekskursin\u0119 i&scaron;vyk\u0105 \u012f Petropol\u012f (papildomas mokestis 45 \u20ac\/asm.).<br \/> - Free time after the tour.<br \/> \u2022 Sugr\u012f\u017etame \u012f vie&scaron;but\u012f.<br \/> - Recreation.<br \/> \u2022 Nakvyn\u0117 vie&scaron;butyje.<\/p>\n<p>Petropolis &#8211; miestas, kuris teis\u0117tai turi \u201eimperatori&scaron;kojo Brazilijos miesto\u201c titul\u0105, nes kadaise Petropolyje buvo \u012fsik\u016brusi Brazilijos imperatori\u0173 rezidencija. 1843 m. kovo 16 d. kaip vasaros rezidencij\u0105 \u012fk\u016br\u0117 Petras II, kuris ilsisi miesto katedroje. Pa\u017eym\u0117tina, kad Brazilijos imperijos kar\u016bna saugoma vietiniame muziejuje. XIX am\u017eiaus pabaigoje Petropolis buvo populiariausias Brazilijos elitos kurortas.<\/p>\n<p>Kombinuotosios ekskursijos metu pamatysime Imperatori&scaron;kuosius r\u016bmus, kuriuose kadaise gyveno Brazilijos auk&scaron;tuomen\u0117s atstovai ir kur rengdavo pri\u0117mimus, Quintandinha r\u016bmus, XX am\u017eiuje \u017einomus kaip pagrindinis Rio kazino, katedr\u0105, aviatoriaus Santos Dumont muziej\u0173 ir Septyni\u0173 klaid\u0173 namai.<\/p>\n<p>Laisvas laikas, galimyb\u0117 papietauti (vidutin\u0117 piet\u0173 kaina yra ~15 USD).<\/p>\n<p><strong>Day 8 <\/strong><\/p>\n<p>\u2022 Pusry\u010diai vie&scaron;butyje (perkant ekskursij\u0173 paket\u0105 pusry\u010diai \u012fskai\u010diuoti).<br \/> \u2022 I&scaron;siregistravimas i&scaron; vie&scaron;bu\u010dio.<br \/> \u2022 Ekskursin\u0117 i&scaron;vyka \u012f Niteroi miest\u0105.<br \/> - Free time after the tour.<br \/> \u2022 Vykstame \u012f Buzios kurort\u0105 ~200 km.<br \/> \u2022 \u012esik\u016brimas vie&scaron;butyje.<br \/> - Relaxation (Atlantic coast).<br \/> \u2022 Nakvyn\u0117 vie&scaron;butyje.<\/p>\n<p>Niteroi miestas gali pasigirti daugybe lankytin\u0173 viet\u0173 ir gamtos gro\u017eybi\u0173. Ekskursijos metu aplankysime vietin\u012f \u017euv\u0173 turg\u0173, pasigro\u017e\u0117sime \u012flankos vaizdais. Aplankysime dabartin\u012f karin\u012f Santa Kruso fort\u0105, kuris saugoja Rio de \u017daneir\u0105 nuo XVII a. Pamatysime modernaus meno muziej\u0173, pastatyt\u0105 architekto Oskaro Niemeyerio kaip skraidan\u010di\u0105 l\u0117k&scaron;t\u0119. Taip pat prava\u017eiuosime gars\u0173j\u012f tilt\u0105, jungiant\u012f Rio ir Niteroi &#8211; did\u017eiausi\u0105 gel\u017ebetonin\u0119 konstrukcij\u0105 pietiniame pusrutulyje, tilto ilgis net 13 km.<\/p>\n<p>Buzios kurortas yra nutol\u0119s vos 130 km \u012f &scaron;iaur\u0119 nuo Rio de \u017daneiro. Klimatas &scaron;iame kurortiniame mieste sausas ir vidutinio klimato, beveik Vidur\u017eemio j\u016bros. Kadangi \u017eiemos \u010dia prakti&scaron;kai n\u0117ra, \u201eBuzios\u201c yra pasiruo&scaron;\u0119s priimti sve\u010dius i&scaron;tisus metus, 24 valandas per par\u0105, 7 dienas per savait\u0119. &Scaron;is Brazilijos kurortas visame pasaulyje i&scaron;gars\u0117jo daugiausia aktor\u0117s Brigitte Bardot d\u0117ka. 1964 metais j\u0105 \u012f Buzios pakviet\u0117 jos draugas Bobas Zaguri. Brigitte, nustebusi &scaron;io kaimelio gro\u017eiu ir ramybe, kart\u0105 pasak\u0117: \u201eJei &scaron;ioje \u017eem\u0117je yra rojus, vadinasi, tai Buzios! &Scaron;iais laikais Buzios teis\u0117tai tapo pasaulio elito ir meninink\u0173 atostog\u0173 vieta. Tai nenuostabu, nes Buzios turistus pasitinka auksiniai papl\u016bdimiai ir rami &scaron;velnios turkio spalvos j\u016bra su skaidriu vandeniu. V\u0117si Atlanto srov\u0117 supjaust\u0117 sal\u0105 \u012f de&scaron;imtis ma\u017e\u0173 \u012flank\u0117li\u0173, tod\u0117l atsirado antrasis Buzios pavadinimas \u2013 T\u016bkstan\u010dio veid\u0173 ky&scaron;ulys.<\/p>\n<p>Nuostabiuose vietiniuose papl\u016bdimiuose galite ne tik degintis, bet ir u\u017esiimti \u012fvairiomis vandens sporto &scaron;akomis, \u012fskaitant nardym\u0105, buriavim\u0105, banglen\u010di\u0173 sport\u0105, vandens slides ir daug daugiau. &Scaron;iame kurortiniame miestelyje gausu jauki\u0173 gatv\u0117s kavini\u0173, prabangi\u0173 restoran\u0173 ir parduotuvi\u0173.<\/p>\n<p><strong>Day 9 <\/strong><\/p>\n<p>\u2022 Pusry\u010diai vie&scaron;butyje (perkant ekskursij\u0173 paket\u0105 pusry\u010diai \u012fskai\u010diuoti).<br \/> - Free day by the sea.<br \/> \u2022 Nakvyn\u0117 vie&scaron;butyje.<\/p>\n<p><strong>Day 10 <\/strong><\/p>\n<p>\u2022 Pusry\u010diai vie&scaron;butyje (perkant ekskursij\u0173 paket\u0105 pusry\u010diai \u012fskai\u010diuoti).<br \/> - Free day by the sea.<br \/> \u2022 Nakvyn\u0117 vie&scaron;butyje.<\/p>\n<p><strong>Day 11 <\/strong><\/p>\n<p>\u2022 Pusry\u010diai vie&scaron;butyje (perkant ekskursij\u0173 paket\u0105 pusry\u010diai \u012fskai\u010diuoti).<br \/> - Free day by the sea.<br \/> \u2022 Nakvyn\u0117 vie&scaron;butyje.<\/p>\n<p><strong>Day 12 <\/strong><\/p>\n<p>\u2022 Pusry\u010diai vie&scaron;butyje (perkant ekskursij\u0173 paket\u0105 pusry\u010diai \u012fskai\u010diuoti).<br \/> - Free day by the sea.<br \/> \u2022 Nakvyn\u0117 vie&scaron;butyje.<\/p>\n<p><strong>Day 13 <\/strong><\/p>\n<p>\u2022 Pusry\u010diai vie&scaron;butyje (perkant ekskursij\u0173 paket\u0105 pusry\u010diai \u012fskai\u010diuoti).<br \/> \u2022 I&scaron;siregistravimas i&scaron; vie&scaron;bu\u010dio.<br \/> \u2022 Vykstame link Rio de \u017daneire.<br \/> \u2022 \u012esik\u016brimas tranzitiniame vie&scaron;butyje.<br \/> - Recreation.<br \/> \u2022 Nakvyn\u0117 vie&scaron;butyje.<\/p>\n<p><strong>Day 14 <\/strong><\/p>\n<p>\u2022 Pusry\u010diai vie&scaron;butyje (perkant ekskursij\u0173 paket\u0105 pusry\u010diai \u012fskai\u010diuoti).<br \/> \u2022 I&scaron;siregistravimas i&scaron; vie&scaron;bu\u010dio.<br \/> \u2022 Vykstame \u012f San Paulo.<br \/> \u2022 \u012esik\u016brimas vie&scaron;butyje.<br \/> - Recreation.<br \/> \u2022 Nakvyn\u0117 vie&scaron;butyje.<\/p>\n<p><strong>Day 15 <\/strong><\/p>\n<p>\u2022 Pusry\u010diai vie&scaron;butyje (perkant ekskursij\u0173 paket\u0105 pusry\u010diai \u012fskai\u010diuoti).<br \/> \u2022 I&scaron;siregistravimas i&scaron; vie&scaron;bu\u010dio.<br \/> \u2022 Perve\u017eimas \u012f San Paulo oro uost\u0105.<br \/> - Check-in.<br \/> \u2022 Skrydis: San Paulas \u2013 Stambulas (~17:10-11:45*).<\/p>\n<p><strong>16 diena <\/strong><\/p>\n<p>- We arrive in Istanbul.<br \/> \u2022 Skrydis: Stambulas \u2013 Vilnius (~17:05-19:05).<br \/> \u2022 Atvykstame \u012f Vilni\u0173.<\/p>","protected":false},"excerpt":{"rendered":"<p>*Nakvyn\u0117s Stambule priklauso nuo skryd\u017ei\u0173 laik\u0173, nakvyni\u0173 skai\u010dius tikslinamas prie&scaron; kelion\u0119, pusry\u010diai Stambulo vie&scaron;butyje teikiami, jei perve\u017eim&#8230;<\/p>","protected":false},"featured_media":11948,"comment_status":"open","ping_status":"closed","template":"","meta":{"om_disable_all_campaigns":false,"_monsterinsights_skip_tracking":false,"_monsterinsights_sitenote_active":false,"_monsterinsights_sitenote_note":"","_monsterinsights_sitenote_category":0},"product_brand":[],"product_cat":[669],"product_tag":[],"class_list":{"0":"post-12710","1":"product","2":"type-product","3":"status-publish","4":"has-post-thumbnail","6":"product_cat-keliones","8":"first","9":"instock","10":"virtual","11":"taxable","12":"purchasable","13":"product-type-simple"},"aioseo_notices":[],"_links":{"self":[{"href":"https:\/\/www.atravel.lt\/en\/wp-json\/wp\/v2\/product\/12710","targetHints":{"allow":["GET"]}}],"collection":[{"href":"https:\/\/www.atravel.lt\/en\/wp-json\/wp\/v2\/product"}],"about":[{"href":"https:\/\/www.atravel.lt\/en\/wp-json\/wp\/v2\/types\/product"}],"replies":[{"embeddable":true,"href":"https:\/\/www.atravel.lt\/en\/wp-json\/wp\/v2\/comments?post=12710"}],"wp:featuredmedia":[{"embeddable":true,"href":"https:\/\/www.atravel.lt\/en\/wp-json\/wp\/v2\/media\/11948"}],"wp:attachment":[{"href":"https:\/\/www.atravel.lt\/en\/wp-json\/wp\/v2\/media?parent=12710"}],"wp:term":[{"taxonomy":"product_brand","embeddable":true,"href":"https:\/\/www.atravel.lt\/en\/wp-json\/wp\/v2\/product_brand?post=12710"},{"taxonomy":"product_cat","embeddable":true,"href":"https:\/\/www.atravel.lt\/en\/wp-json\/wp\/v2\/product_cat?post=12710"},{"taxonomy":"product_tag","embeddable":true,"href":"https:\/\/www.atravel.lt\/en\/wp-json\/wp\/v2\/product_tag?post=12710"}],"curies":[{"name":"wp","href":"https:\/\/api.w.org\/{rel}","templated":true}]}}