{"id":12708,"date":"2026-03-21T15:44:54","date_gmt":"2026-03-21T13:44:54","guid":{"rendered":"https:\/\/www.atravel.lt\/produktas\/dresdenas-vroclavas-baucena-3-d\/"},"modified":"2026-03-21T15:44:54","modified_gmt":"2026-03-21T13:44:54","slug":"dresdenas-vroclavas-baucena-3-d","status":"publish","type":"product","link":"https:\/\/www.atravel.lt\/en\/product\/dresdenas-vroclavas-baucena-3-d\/","title":{"rendered":"DRESDENAS \u2013 VROCLAVAS \u2013 BAUCENA 3 d."},"content":{"rendered":"<p><strong>1 day <\/strong><\/p>\n<p>\u2022 Anksti ryte i&scaron;vykstame i&scaron; Vilniaus, Kauno.<br \/> \u2022 Kelion\u0117 per Lietuvos ir Lenkijos teritorij\u0105.<br \/> \u2022 Atvykstame \u012f Vroclov\u0105.<br \/> \u2022 Ekskursija po Var&scaron;uvos senamiest\u012f.<br \/> \u2022 T\u0119siame kelion\u0119 per Lenkijos teritorij\u0105.<br \/> \u2022 Atvykstame \u012f vie&scaron;but\u012f.<br \/> - Recreation.<br \/> \u2022 Nakvyn\u0117 vie&scaron;butyje.<\/p>\n<p>Vroclavas \u2013 \u017eemutin\u0117s Silezijos sostin\u0117. Odros up\u0117s salose \u012fsik\u016brus\u012f vien\u0105 gra\u017eiausi\u0173 Lenkijos miest\u0173. Tai miestas, \u012fsik\u016br\u0119s ant 12 sal\u0173, sujungt\u0173 daugiau nei 100 tilt\u0173. Pasivaik&scaron;\u010diosite seniausioje Vroclavo dalyje \u2013 Katedros saloje, kurioje stovi gotikin\u0117 &Scaron;v. Jono Krik&scaron;tytojo katedra. Pra\u0117j\u0119 Sm\u0117lio saloje esan\u010di\u0105 &Scaron;v\u010d. Mergel\u0117s Marijos ba\u017eny\u010di\u0105, ekskursij\u0105 t\u0119site siauromis gr\u012fstomis gatvel\u0117mis ir kiemeliais. Pamatysite universiteto pastatus, &Scaron;v. El\u017ebietos ba\u017eny\u010di\u0105 ir daugyb\u0119 Vroclavo nyk&scaron;tuk\u0173 \u2013 daugiau nei 300 ma\u017e\u0173 skulpt\u016br\u0117li\u0173, i&scaron;sibars\u010diusi\u0173 senamiestyje. Turgaus aik&scaron;t\u0117je pasigro\u017e\u0117site eil\u0117mis spalving\u0173 nam\u0173, originaliu fontanu bei sen\u0105ja rotu&scaron;e, kuriai pastatyti prireik\u0117 beveik dviej\u0173 &scaron;imtme\u010di\u0173.<\/p>\n<p><strong>Day 2 <\/strong><\/p>\n<p>\u2022 Pusry\u010diai vie&scaron;butyje (perkant ekskursij\u0173 paket\u0105 pusry\u010diai \u012fskai\u010diuoti).<br \/> \u2022 I&scaron;siregistravimas i&scaron; vie&scaron;bu\u010dio.<br \/> \u2022 Vykstame link Dresdeno.<br \/> \u2022 Atvykstame \u012f Dresden\u0105.<br \/> \u2022 Ekskursija po Dresdeno miest\u0105 (\u012f\u0117jimo bilietai \u012f mokamus objektus apmokami pa\u010di\u0173 keliautoj\u0173).<br \/> \u2022 \u012esik\u016brimas vie&scaron;butyje.<br \/> - Recreation.<br \/> \u2022 Pageidaujantiems u\u017e papildom\u0105 mokest\u012f si\u016blome vakarien\u0119 alaus darykloje (papildomas mokestis ~ &#8230;\u20ac\/asm.)<br \/> \u2022 Nakvyn\u0117 vie&scaron;butyje.<\/p>\n<p>Drezdenas yra vienas gra\u017eiausi\u0173 miest\u0173 Vokietijoje, ypatingai suklest\u0117j\u0119s 18 a. Tuo metu jis tapo kult\u016bros centru ir mieste buvo pastatyta daug gra\u017ei\u0173 pastat\u0173. D\u0117l \u012fsp\u016bdingos architekt\u016bros, garsi\u0173 muziej\u0173 ir meno kolekcij\u0173 \u201eElb\u0117s Florencija\u201c vadinamas miestas Antrojo pasaulinio karo pabaigoje buvo visi&scaron;kai sugriautas ir dalis jo pastat\u0173 atstatyti visai neseniai.<br \/> Vienas i&scaron; Drezdeno simboli\u0173 \u2013 tai didingas Saksonijos operos teatras. &Scaron;is neo renesansinio stiliaus pastatas i&scaron;kilo 19 am\u017eiaus antrojoje pus\u0117je. Pagrindin\u0117s miesto ba\u017eny\u010dios \u2013 tai barokin\u0117 Hofkirche, arba Auk&scaron;toji ba\u017eny\u010dia, ir 18 a. pastatyta Dievo motinos ba\u017eny\u010dia.<\/p>\n<p>&Scaron;iame mieste pamatysite daugyb\u0119 Vroclavo nyk&scaron;tuk\u0173 \u2013 daugiau nei 300 ma\u017e\u0173 skulpt\u016br\u0117li\u0173, i&scaron;sibars\u010diusi\u0173 senamiestyje. Turgaus aik&scaron;t\u0117je pasigro\u017e\u0117site eil\u0117mis spalving\u0173 nam\u0173, originaliu fontanu bei sen\u0105ja rotu&scaron;e, kuriai pastatyti prireik\u0117 beveik dviej\u0173 &scaron;imtme\u010di\u0173.<\/p>\n<p>Vykstame \u012f vir&scaron; 1000 met\u0173 senumo viduram\u017ei\u0173 miestel\u012f Baucen\u0105. Tai vienas geriausiai i&scaron;silaikiusi\u0173 Vokietijos viduram\u017ei\u0173 miest\u0173 su nuostabia 14 viduram\u017ei\u0173 bok&scaron;t\u0173 panorama.<\/p>\n<p><strong>Day 3 <\/strong><\/p>\n<p>\u2022 Pusry\u010diai vie&scaron;butyje (perkant ekskursij\u0173 paket\u0105 pusry\u010diai \u012fskai\u010diuoti).<br \/> \u2022 I&scaron;siregistravimas i&scaron; vie&scaron;bu\u010dio.<br \/> \u2022 Kelion\u0117 per Vokietijos, Lenkijos teritorij\u0105.<br \/> \u2022 Nakt\u012f atvykstame \u012f namus.<\/p>\n<hr \/>\n<p><strong>\u012e kelion\u0117s kain\u0105 \u012fskai\u010diuota:<\/strong><\/p>\n<hr \/>\n<p>\u2022 Kelion\u0117 autobusu.<br \/> \u2022 2 nakvyn\u0117s 3* vie&scaron;butyje be pusry\u010di\u0173 (dvivie\u010diuose kambariuose).<br \/> \u2022 Kelion\u0117s vadovo-gido paslaugos.<br \/> \u2022 Kelion\u0117s dokument\u0173 sutvarkymas.<\/p>\n<hr \/>\n<p><strong>\u012e kelion\u0117s kain\u0105 ne\u012fskai\u010diuota:<\/strong><\/p>\n<hr \/>\n<p><strong>Privalomi mokes\u010diai:<\/strong><br \/> \u2022 Turisto mokestis (gyvenant Prahoje) \u2013 &#8230;\u20ac\/asm.\/naktis.<\/p>\n<p><strong>Ekskursij\u0173 paketas &#8230;&#8230;&#8230;&#8230;.. \u20ac\/asm. kur\u012f sudaro:<\/strong><\/p>\n<p>\u2022 Ekskursija Vroclave.<br \/> \u2022 Ekskursija Drezdene.<br \/> \u2022 Ekskursin\u0117 Baucenoje.<br \/> \u2022 2 pusry\u010diai vie&scaron;bu\u010diuose.<\/p>\n<hr \/>\n<p><strong>Pageidaujant:<\/strong><\/p>\n<hr \/>\n<p>\u2022 Vakarien\u0117 Alaus darykloje (papildomas mokestis)<br \/> \u2022 Jei keliaujate vienas priemoka u\u017e vienviet\u012f kambar\u012f (jei keliaujate trise, persp\u0117kite kelioni\u0173 agent\u016br\u0105, kad pasir\u016bpint\u0173 papildoma lova J\u016bs\u0173 dvivie\u010diame kambaryje).<br \/> \u2022 Sveikatos draudimas kelion\u0117s metu.<br \/> \u2022 Pageidaujantys gali u\u017esisakyti 2 pusry\u010dius vie&scaron;bu\u010diuose &#8211; papildomas mokestis 20 \u20ac\/asm.<br \/> (Perkantys ekskursij\u0173 paket\u0105 2 pusry\u010dius gauna dovan\u0173).<\/p>\n<hr \/>\n<p><strong>Pastabos:<\/strong><\/p>\n<hr \/>\n<p>\u2022 Kelionei reikalingas pasas\/asmens tapatyb\u0117s kortel\u0117 (dokumentas turi galioti ne trumpiau nei 6 m\u0117nesius po kelion\u0117s gr\u012f\u017eimo).<br \/> \u2022 U\u017e ekskursijas, ekskursines i&scaron;vykas ir kitas papildomai mokamas paslaugas turite atsiskaityti kelioni\u0173 organizatoriaus biure, ne v\u0117liau nei 30 dien\u0173 iki kelion\u0117s prad\u017eios.<br \/> \u2022 Kelion\u0117s i&scaron;vykimo ir atvykimo laikai gali keistis \u2013 patikslinta informacija atsiun\u010diama \u012f elektronin\u012f pa&scaron;t\u0105 (2-3 dienas prie&scaron; kelion\u0119).<br \/> \u2022 Lagaminas kuris dedamas \u012f autobuso baga\u017ein\u0119, neturi sverti daugiau nei 25 kg.<br \/> \u2022 SVARBU! Perve\u017eimas autobusu\/mikroautobusu i&scaron; Vilniaus organizuojamas tik susirinkus daugiau nei 8 keliautojams, susirinkus ma\u017eesnei keliautoj\u0173 grupei Jums bus nupirkti tarpmiestinio autobuso bilietai ir iki pagrindinio autobuso (Kauno) vyksite tarpmiestiniu autobusu.<br \/> \u2022 Ausinukai ekskursijoje mokami papildomai.<br \/> \u2022 Objekt\u0173 lankymo tvarka, skai\u010dius ir \u012f\u0117jimo biliet\u0173 kaina gali keistis.<br \/> \u2022 Visi \u012f\u0117jimo bilietai \u012f mokamas lankytinas vietas n\u0117ra \u012fskai\u010diuoti \u012f kelion\u0117s kain\u0105 ir apmokami pa\u010di\u0173 keliautoj\u0173.<br \/> \u2022 Muziejuose, ba\u017eny\u010diose ir kituose mokamuose objektuose kelion\u0117s vadovas keliautoj\u0173 nelydi ir ekskursij\u0173 neveda.<br \/> \u2022 Visos ekskursijos vedamos rus\u0173 kalba.<br \/> \u2022 Kelion\u0117s vadovas (lydintis visos kelion\u0117s metu) informacij\u0105 pateikia rus\u0173 kalba.<br \/> \u2022 Kelion\u0117s vadovas gali keisti programos eig\u0105.<\/p>","protected":false},"excerpt":{"rendered":"<p>1 diena \u2022 Anksti ryte i&scaron;vykstame i&scaron; Vilniaus, Kauno. \u2022 Kelion\u0117 per Lietuvos ir Lenkijos teritorij\u0105. \u2022 Atvykstame \u012f Vroclov\u0105. \u2022 Ekskursija po Var&#038;s&#8230;<\/p>","protected":false},"featured_media":11945,"comment_status":"open","ping_status":"closed","template":"","meta":{"om_disable_all_campaigns":false,"_monsterinsights_skip_tracking":false,"_monsterinsights_sitenote_active":false,"_monsterinsights_sitenote_note":"","_monsterinsights_sitenote_category":0},"product_brand":[],"product_cat":[669],"product_tag":[],"class_list":{"0":"post-12708","1":"product","2":"type-product","3":"status-publish","4":"has-post-thumbnail","6":"product_cat-keliones","8":"first","9":"instock","10":"virtual","11":"taxable","12":"product-type-simple"},"aioseo_notices":[],"_links":{"self":[{"href":"https:\/\/www.atravel.lt\/en\/wp-json\/wp\/v2\/product\/12708","targetHints":{"allow":["GET"]}}],"collection":[{"href":"https:\/\/www.atravel.lt\/en\/wp-json\/wp\/v2\/product"}],"about":[{"href":"https:\/\/www.atravel.lt\/en\/wp-json\/wp\/v2\/types\/product"}],"replies":[{"embeddable":true,"href":"https:\/\/www.atravel.lt\/en\/wp-json\/wp\/v2\/comments?post=12708"}],"wp:featuredmedia":[{"embeddable":true,"href":"https:\/\/www.atravel.lt\/en\/wp-json\/wp\/v2\/media\/11945"}],"wp:attachment":[{"href":"https:\/\/www.atravel.lt\/en\/wp-json\/wp\/v2\/media?parent=12708"}],"wp:term":[{"taxonomy":"product_brand","embeddable":true,"href":"https:\/\/www.atravel.lt\/en\/wp-json\/wp\/v2\/product_brand?post=12708"},{"taxonomy":"product_cat","embeddable":true,"href":"https:\/\/www.atravel.lt\/en\/wp-json\/wp\/v2\/product_cat?post=12708"},{"taxonomy":"product_tag","embeddable":true,"href":"https:\/\/www.atravel.lt\/en\/wp-json\/wp\/v2\/product_tag?post=12708"}],"curies":[{"name":"wp","href":"https:\/\/api.w.org\/{rel}","templated":true}]}}