{"id":12707,"date":"2026-03-21T15:44:53","date_gmt":"2026-03-21T13:44:53","guid":{"rendered":"https:\/\/www.atravel.lt\/produktas\/berlynas-4-d\/"},"modified":"2026-03-21T15:44:54","modified_gmt":"2026-03-21T13:44:54","slug":"berlynas-4-d","status":"publish","type":"product","link":"https:\/\/www.atravel.lt\/en\/product\/berlynas-4-d\/","title":{"rendered":"BERLYNAS 4 d."},"content":{"rendered":"<p><strong>1 day  <\/strong>  <\/p>\n<p>\u2022    Anksti ryte i&scaron;vykstame i&scaron; Vilniaus, Kauno.<br \/>\n\u2022    Kelion\u0117 per Lietuvos ir Lenkijos teritorij\u0105.<br \/>\n\u2022    Ekskursija Var&scaron;uvoje.<br \/>\n\u2022    Atvykstame \u012f vie&scaron;but\u012f.<br \/>\n\u2022    Poilsis.<br \/>\n\u2022    Nakvyn\u0117 vie&scaron;butyje.   <\/p>\n<p>Ap\u017evalgin\u0117s ekskursijos po Var&scaron;uv\u0105 metu ap\u017ei\u016br\u0117sime Pilies aik&scaron;t\u0119 su \u017dygimanto III Vasos kolona. Pilies aik&scaron;t\u0117 yra viduram\u017ei\u0173 senamiestyje, gars\u0117jan\u010diame nuostabiais pastatais ir siauromis gatvel\u0117mis. Aik&scaron;t\u0117 tapo tradicine masini\u0173 rengini\u0173 ir did\u017ei\u0173j\u0173 koncert\u0173 vieta. Pagrindin\u0119 viet\u0105 Var&scaron;uvos pilies aik&scaron;t\u0117je u\u017eima Karali&scaron;koji pilis, kuri yra nacionalin\u0117s kult\u016bros paminklas, nuolatini\u0173 ir laikin\u0173 senov\u0117s meno parod\u0173 ekspozicij\u0173, taip pat oficiali\u0173 susitikim\u0173, koncert\u0173, simpozium\u0173 vieta. Toliau aplankysime turgaus aik&scaron;t\u0119, kur viskas paruo&scaron;ta turistams: menininkai si\u016blo savo paveikslus, koncertuoja gatv\u0117s muzikantai ir aktoriai, kursuoja senasis transportas. Turgaus aik&scaron;t\u0117je yra undin\u0117s skulpt\u016bra \u2013 tai pagrindinis miesto simbolis. Var&scaron;uva yra viena i&scaron; nedaugelio Europos sostini\u0173, kur vis dar i&scaron;saugotos miesto sienos. Dviguba miesto sien\u0173 eil\u0117 buvo pastatyta nuo XIV am\u017eiaus pirmosios pus\u0117s iki XVI am\u017eiaus vidurio. Juos sutvirtino bok&scaron;tai ir fortai. Seniausias i&scaron;lik\u0119s \u012ftvirtinim\u0173 elementas yra Barbakanas, kur\u012f sen\u0173j\u0173 miesto vart\u0173 vietoje pastat\u0117 Venecijos meistras Janbattista, nor\u0117damas apginti Naujuosius vartus. &Scaron;iaurin\u0117 Barbikano dalis yra i&scaron;likusi kaip rotu&scaron;\u0117s i&scaron;orin\u0117 siena. Ji yra sustiprinta keturiais puslankiu bok&scaron;tais. Po Antrojo pasaulinio karo niokojimo Barbakano ir dalis miesto sienos buvo atstatyti. Toliau pamatysime &Scaron;v. Jono katedros ba\u017eny\u010di\u0105 ir &Scaron;v. Onos ba\u017eny\u010di\u0105.<\/p>\n<p><strong>Day 2    <\/strong><\/p>\n<p>\u2022    Pusry\u010diai vie&scaron;butyje (perkant ekskursij\u0173 paket\u0105 pusry\u010diai \u012fskai\u010diuoti).<br \/>\n\u2022    I&scaron;siregistravimas i&scaron; vie&scaron;bu\u010dio.<br \/>\n\u2022    Vykstame \u012f Berlyn\u0105.<br \/>\n\u2022    Ekskursij\u0105 p\u0117s\u010diomis po Berlyn\u0105.<br \/>\n\u2022    Laisvas laikas po ekskursijos arba apsilankymas zoologijos sode.<br \/>\n\u2022    Vykstame \u012f vie&scaron;but\u012f.<br \/>\n\u2022    \u012esik\u016brimas.<br \/>\n\u2022    Poilsis.<br \/>\n\u2022    Nakvyn\u0117 vie&scaron;butyje.    <\/p>\n<p>Autobusas ne\u012fva\u017eiuoja \u012f miesto centr\u0105. \u012e miesto centr\u0105 vyksime vie&scaron;uoju transportu (~3 \u20ac\/vienas bilietas). <\/p>\n<p>Ap\u017evalgin\u0117 ekskursija po istorinius Berlyno lankytinus objektus. Ekskursijos metu pamatysime pagrindin\u012f miesto simbol\u012f &#8211;  Brandenburgo vartus, Reichstag\u0105, &scaron;iuolaikin\u0117s vyriausyb\u0117s kvartal\u0105, rekonstruot\u0105 \u201eGrand Hotel Adlon\u201c, Unter den Linden bulvar\u0105. Susipa\u017einsime su nuostabiu XVII \u2013 XVIII am\u017eiaus aik&scaron;\u010di\u0173 architekt\u016briniu ansambliu &#8211; \u201eGendarmenmarkt\u201c ir \u201eBebel Platz\u201c. Pamatysime Karali&scaron;k\u0105j\u012f operos teatr\u0105, Humboldto universitet\u0105, didinga Berlyno katedra, memorial\u0105 fa&scaron;izmo ir militarizmo aukoms. Garsioji Muziejaus sala, kurios muziejuose saugomi meno &scaron;edevrai nuo seniausi\u0173 laik\u0173 iki XX am\u017eiaus. Dinamin\u0117 Aleksanderplatz  aik&scaron;t\u0117 su seniausia veikian\u010dia &Scaron;v. Marijos ba\u017eny\u010dia (XIV a.), Nept\u016bno fontanas ir televizijos bok&scaron;tas yra ambicingiausi socializmo epochos pastatai.<\/p>\n<p>Free time. <\/p>\n<p>Tur\u0117site galimyb\u0119 savaranki&scaron;kai susipa\u017einti su Berlyno muziejais, apsilankyti Berlyno zoologijos sode, nusipirkti suvenyr\u0173, paragauti skani\u0173 voki&scaron;k\u0173 de&scaron;r\u0173 ir alaus, pasivaik&scaron;\u010dioti po naujas fantastin\u0117s modernios architekt\u016bros ir ne\u012fprasto dizaino zonas. <\/p>\n<p><strong>Day 3<\/strong>    <\/p>\n<p>\u2022    Pusry\u010diai vie&scaron;butyje (perkant ekskursij\u0173 paket\u0105 pusry\u010diai \u012fskai\u010diuoti).<br \/>\n\u2022    I&scaron;siregistravimas i&scaron; vie&scaron;bu\u010dio.<br \/>\n\u2022    Vykstame \u012f Lenkij\u0105.<br \/>\n\u2022    Pageidaujantiems si\u016blome ekskursija p\u0117s\u010diomis po centrin\u0119 Lodz\u0117s miesto gatv\u0119 (papildomas mokestis).<br \/>\n\u2022    Vykstame link nakvyn\u0117s vietos Lenkijoje.<br \/>\n\u2022    Poilsis.<br \/>\n\u2022    Nakvyn\u0117 vie&scaron;butyje. <\/p>\n<p>Patiems smalsiausiems keliautojams paruo&scaron;\u0117me dar vien\u0105 ekskursij\u0105 (papildomas mokestis).<br \/>\nPasivaik&scaron;\u010diosime po centrin\u0119 Lodz\u0117s p\u0117s\u010di\u0173j\u0173 gatv\u0119 ir susipa\u017einsime su &scaron;io &scaron;lovingo miesto istorija, i&scaron;siai&scaron;kinsime, kod\u0117l pianinas turi sparnus, pasivaik&scaron;\u010diosime po Lenkijos kino \u017evaig\u017ed\u017ei\u0173 al\u0117ja ir s\u0117kmei \u012ftrinsime bronzin\u0117s me&scaron;kos nos\u012f.<\/p>\n<p><strong>Day 4<\/strong><\/p>\n<p>\u2022    Pusry\u010diai vie&scaron;butyje (perkant ekskursij\u0173 paket\u0105 pusry\u010diai \u012fskai\u010diuoti).<br \/>\n\u2022    I&scaron;siregistravimas i&scaron; vie&scaron;bu\u010dio.<br \/>\n\u2022    Kelion\u0117 per Lenkijos teritorij\u0105.<br \/>\n\u2022    Nakt\u012f atvykstame \u012f namus.    <\/p>\n<hr \/>\n<p>\u012e kelion\u0117s kain\u0105 \u012fskai\u010diuota:<\/p>\n<hr \/>\n<p>\u2022    Kelion\u0117 autobusu.<br \/>\n\u2022    3 nakvyn\u0117s vie&scaron;butyje be pusry\u010di\u0173 (dvivie\u010diuose kambariuose).<br \/>\n\u2022    Kelion\u0117s vadovo-gido paslaugos.<br \/>\n\u2022    Kelion\u0117s dokument\u0173 sutvarkymas.<\/p>\n<hr \/>\n<p>\u012e kelion\u0117s kain\u0105 ne\u012fskai\u010diuota:<\/p>\n<hr \/>\n<p><strong>Ekskursij\u0173 paketas pageidaujant:<\/strong><\/p>\n<p>\u2022    Ekskursija Var&scaron;uvoje.<br \/>\n\u2022    Ekskursija Berlyne.<br \/>\n\u2022    Perve\u017eimo paslaugos.<br \/>\n\u2022    3 pusry\u010diai.<br \/>\n\u2022    Ekskursija p\u0117s\u010diomis po centrin\u0119 Lodz\u0117s miesto gatv\u0119 &#8211; &#8230; \u20ac\/asm.<br \/>\n\u2022    Vie&scaron;ojo transporto bilietai.<br \/>\n\u2022    \u012e\u0117jimo bilietai \u012f lankomus objektus.<br \/>\n\u2022    Sveikatos draudimas.<br \/>\n\u2022    Pageidaujantys gali u\u017esisakyti 3 pusry\u010dius vie&scaron;bu\u010diuose &#8211; papildomas mokestis &#8230; \u20ac\/asm. (Perkantys ekskursij\u0173 paket\u0105 3 pusry\u010dius gauna dovan\u0173).<br \/>\n\u2022    Jei keliaujate vienas(-a), tuomet u\u017e vienviet\u012f kambar\u012f bus taikomas papildoma priemoka (jei keliaujate trise, persp\u0117kite kelioni\u0173 agent\u016br\u0105, kad pasir\u016bpint\u0173 papildoma lova J\u016bs\u0173 dvivie\u010diame kambaryje).<br \/>\n\u2022    Sveikatos draudimas kelion\u0117s metu.<br \/>\n\u2022    Papildomai mokamiems objektams reikia tur\u0117ti ~30 \u20ac\/asm.<\/p>\n<hr \/>\n<p>Pastabos:<\/p>\n<hr \/>\n<p>\u2022    *Kelion\u0117s i&scaron;vykimo, atvykimo ir kiti laikai gali keistis \u2013 patikslinta informacija atsiun\u010diama \u012f elektronin\u012f pa&scaron;t\u0105 (2-3 dienas prie&scaron; kelion\u0119).<br \/>\n\u2022    Kelionei reikalingas pasas\/asmens tapatyb\u0117s kortel\u0117 (dokumentas turi galioti ne trumpiau nei 3 m\u0117n. po kelion\u0117s gr\u012f\u017eimo).<br \/>\n\u2022    Lagaminas kuris dedamas \u012f autobuso baga\u017ein\u0119, neturi sverti daugiau nei 25 kg. <br \/>\n\u2022    Visos ekskursijos vedamos lietuvi\u0173 kalba.<br \/>\n\u2022    Objekt\u0173 lankymo tvarka, skai\u010dius ir \u012f\u0117jimo biliet\u0173 kaina gali keistis.<br \/>\n\u2022    Muziejuose, ba\u017eny\u010diose ir kituose mokamuose objektuose kelion\u0117s vadovas ekskursij\u0173 neveda.<br \/>\n\u2022    \u012e\u0117jimo bilietai \u012f mokamas lankytinas vietas n\u0117ra \u012fskai\u010diuoti \u012f kelion\u0117s kain\u0105.<br \/>\n\u2022    Kelion\u0117s vadovas gali keisti programos eig\u0105.<br \/>\n\u2022    Kelion\u0117s vadovas  (lydintis visos kelion\u0117s metu) informacij\u0105 pateikia lietuvi\u0173 kalba.<\/p>","protected":false},"excerpt":{"rendered":"<p>1 diena \u2022 Anksti ryte i&scaron;vykstame i&scaron; Vilniaus, Kauno. \u2022 Kelion\u0117 per Lietuvos ir Lenkijos teritorij\u0105. \u2022 Ekskursija Var&scaron;uvoje. \u2022 Atvykstame \u012f&#8230;<\/p>","protected":false},"featured_media":11944,"comment_status":"open","ping_status":"closed","template":"","meta":{"om_disable_all_campaigns":false,"_monsterinsights_skip_tracking":false,"_monsterinsights_sitenote_active":false,"_monsterinsights_sitenote_note":"","_monsterinsights_sitenote_category":0},"product_brand":[],"product_cat":[669],"product_tag":[],"class_list":{"0":"post-12707","1":"product","2":"type-product","3":"status-publish","4":"has-post-thumbnail","6":"product_cat-keliones","8":"first","9":"instock","10":"virtual","11":"taxable","12":"product-type-simple"},"aioseo_notices":[],"_links":{"self":[{"href":"https:\/\/www.atravel.lt\/en\/wp-json\/wp\/v2\/product\/12707","targetHints":{"allow":["GET"]}}],"collection":[{"href":"https:\/\/www.atravel.lt\/en\/wp-json\/wp\/v2\/product"}],"about":[{"href":"https:\/\/www.atravel.lt\/en\/wp-json\/wp\/v2\/types\/product"}],"replies":[{"embeddable":true,"href":"https:\/\/www.atravel.lt\/en\/wp-json\/wp\/v2\/comments?post=12707"}],"wp:featuredmedia":[{"embeddable":true,"href":"https:\/\/www.atravel.lt\/en\/wp-json\/wp\/v2\/media\/11944"}],"wp:attachment":[{"href":"https:\/\/www.atravel.lt\/en\/wp-json\/wp\/v2\/media?parent=12707"}],"wp:term":[{"taxonomy":"product_brand","embeddable":true,"href":"https:\/\/www.atravel.lt\/en\/wp-json\/wp\/v2\/product_brand?post=12707"},{"taxonomy":"product_cat","embeddable":true,"href":"https:\/\/www.atravel.lt\/en\/wp-json\/wp\/v2\/product_cat?post=12707"},{"taxonomy":"product_tag","embeddable":true,"href":"https:\/\/www.atravel.lt\/en\/wp-json\/wp\/v2\/product_tag?post=12707"}],"curies":[{"name":"wp","href":"https:\/\/api.w.org\/{rel}","templated":true}]}}