{"id":12705,"date":"2026-03-21T15:44:53","date_gmt":"2026-03-21T13:44:53","guid":{"rendered":"https:\/\/www.atravel.lt\/produktas\/jungtines-amerikos-valstijos-vakarine-pakrante-11-d-skrydis-is-vilniaus-grupe-tik-is-lietuvos\/"},"modified":"2026-03-21T15:44:53","modified_gmt":"2026-03-21T13:44:53","slug":"jungtines-amerikos-valstijos-vakarine-pakrante-11-d-skrydis-is-vilniaus-grupe-tik-is-lietuvos","status":"publish","type":"product","link":"https:\/\/www.atravel.lt\/en\/product\/jungtines-amerikos-valstijos-vakarine-pakrante-11-d-skrydis-is-vilniaus-grupe-tik-is-lietuvos\/","title":{"rendered":"Jungtin\u0117s Amerikos Valstijos &#8211; Vakarin\u0117 pakrant\u0117 11 d. (skrydis i\u0161 Vilniaus) GRUP\u0116 TIK I\u0160 LIETUVOS!"},"content":{"rendered":"<h3 style=\"text-align: center\"><strong><span style=\"color:#e74c3c\">D\u0116MESIO! KIEKVIENAM KELIAUTOJUI VYKSTANT \u012e JAV YRA PRIVALOMA VIZA ARBA<\/span> <a href=\"https:\/\/esta.cbp.dhs.gov\/\">ELEKTRONIN\u0116 VIZA (ESTA)<\/a><span style=\"color:#e74c3c\"> KURIA KELIAUTOJAI R\u016aPINASI SAVARANKI&Scaron;KAI.<\/span><\/strong><\/h3>\n<hr \/>\n<p><strong>1 day <\/strong><\/p>\n<p>- Arrival at Vilnius Airport.<br \/> - Check-in.<br \/> \u2022 Skrydis: Vilnius \u2013 Stambulas (~11:35-14:40). <br \/> \u2022 Atvykimas \u012f Stambul\u0105.<br \/> \u2022 Perve\u017eimas \u012f vie&scaron;but\u012f.<br \/> \u2022 \u012esik\u016brimas vie&scaron;butyje. <br \/> \u2022 Nakvyn\u0117 vie&scaron;butyje. <\/p>\n<p><strong>Day 2 <\/strong><\/p>\n<p>\u2022 Ankstyvas i&scaron;siregistravimas i&scaron; vie&scaron;bu\u010dio.<br \/> \u2022 Perve\u017eimas \u012f Stambulo oro uost\u0105.<br \/> \u2022 Skrydis: Stambulas &#8211; Los And\u017eelas (~08:10-11:50).<br \/> \u2022 Atvykimas \u012f Los And\u017eel\u0105.<br \/> \u2022 Perve\u017eimas \u012f Las Vegas\u0105\/Las Vegaso apylinkes.<br \/> \u2022 \u012esik\u016brimas vie&scaron;butyje. <br \/> \u2022 Nakvyn\u0117 vie&scaron;butyje. <\/p>\n<p><strong>Day 3 <\/strong><\/p>\n<p>\u2022 Ekskursija po Las Vegas\u0105.<br \/> - Free time after the tour.<br \/> \u2022 Gr\u012f\u017eimas \u012f vie&scaron;but\u012f.<br \/> \u2022 Pageidaujantiems si\u016blome papildom\u0105 ekskursij\u0105 po vakarin\u012f Las Vegas\u0105 (papildomas mokestis &#8211; 60 \u20ac\/asm.).<br \/> \u2022 Nakvyn\u0117 vie&scaron;butyje. <\/p>\n<p>Las Vegas &#8211; &scaron;vies\u0173 ir azarto miestas, garsus visame pasaulyje savo prabangiais vie&scaron;bu\u010diais ir kazino, koncertais ir ne\u012ftik\u0117tin\u0173 &scaron;ou programomis, pramogomis ir siau\u010dian\u010diais vakareliais. Las Vegase yra didingiausi ir did\u017eiausi kazino vie&scaron;bu\u010diai, kurie u\u017eima auk&scaron;tas vietas did\u017eiausi\u0173 \u017dem\u0117s vie&scaron;bu\u010di\u0173 s\u0105ra&scaron;e &#8211; \u201eBellagio\u201c vie&scaron;butis gars\u0117ja savo muzikiniu fontanu, kuris vienu metu leid\u017eia daugiau kaip 1000 vandens srovi\u0173, tuo tarpu savo unikaliu senov\u0117s rom\u0117n\u0173 stiliumi gars\u0117ja ir \u201eCesars Palace\u201c. Statisti&scaron;kai vienam Vegaso gyventojui priklauso vienas lo&scaron;imo automatas, o 82% turist\u0173 nusprend\u017eia bent kart\u0105 vienu i&scaron; j\u0173 su\u017eaisti.<\/p>\n<p>Pa\u017eintinio poilsio ie&scaron;kotojai taip pat n\u0117ra paliekami nuo&scaron;alyje. Las Vegasa gars\u0117ja savo didele \u012fvairove muziej\u0173 \u2013 lankytoj\u0173 laukia Madame Tussauds va&scaron;ko muziejus (jo pagrindinis skirtumas nuo Londono filialo yra ekspozicija, skirta \u017evaig\u017ed\u0117ms, veikian\u010dioms vietos pramog\u0173 industrijoje) bei Neono muziejus &#8211; pagrindinis miesto atributas, be kurio \u012fsivaizduoti Las Vegaso papras\u010diausiai ne\u012fmanoma.<\/p>\n<p>Bet kokia kelion\u0117 Las Vegasa prasideda netoli garsaus \u017eenklo, prie paties \u012fva\u017eiavimo \u012f miest\u0105 \u2013 \u201eSveiki atvyk\u0119 \u012f Las Vegas\u0105!\u201c. &Scaron;is \u017eenklas ilgainiui tapo tokiu populiariu, kad neretai keliautojai rikiuojasi ilgose eil\u0117se, nor\u0117dami &scaron;alia jo nusifotografuoti. Toliau laukia kelion\u0117 \u012f pagrindin\u0119 miesto gatv\u0119! \u010cia st\u016bksto i&scaron;kil\u0119s Eifelio bok&scaron;tas, vingiuoja Venecijos kanalai, \u017eavi Sfinkso piramid\u0117 bei &scaron;vie\u010dia ultramodern\u016bs pastatai. &Scaron;alia galima pamatyti ir i&scaron;sibars\u010diusias koply\u010dias, kurios gars\u0117ja savo unikaliomis paslaugomis, suteikian\u010diomis galimyb\u0119 susituokti \u010dia ir dabar.<\/p>\n<p>Vakare pageidaujantiems ekskursija po vakarin\u012f Las Vegas\u0105 (papildomas mokestis 60 \u20ac\/asm.).<\/p>\n<p>Ekskursija po vakarin\u012f Las Vegas\u0105 dovanoja prabangius vie&scaron;bu\u010dius, garsius kazino bei neonin\u0117se spalvose skendin\u010dius grandiozinius objektus. \u010cia laukia \u201eLuxor Las Vegas\u201c \u2013 Egipto piramid\u0119 primenantis vie&scaron;butis, kurio auk&scaron;tis vir&scaron;ija 100 metr\u0173, o nuo pat jo atidarymo kiekvien\u0105 nakt\u012f galima steb\u0117ti i&scaron; statinio vir&scaron;\u016bn\u0117s kylant\u012f &scaron;viesos spindul\u012f, kur\u012f galima pamatyti net i&scaron; \u017dem\u0117s orbitos. Lankytojai \u010dia leid\u017eia laik\u0105 m\u0117gaudamiesi viena i&scaron; daugelio kasdien organizuojam\u0173 &scaron;ou program\u0173 ar bando laim\u0119 viename i&scaron; aplink esan\u010di\u0173 kazino.<\/p>\n<p><strong>Day 4 <\/strong><\/p>\n<p>\u2022 Laisva diena arba pageidaujantiems si\u016blome ekskursin\u0119 i&scaron;vyk\u0105 \u012f Did\u012fj\u012f kanjon\u0105 (papildomas mokestis &#8211; 100 \u20ac\/asm. + \u012f\u0117jimo bilietas ~80 $\/asm.).<br \/> \u2022 Gr\u012f\u017eimas \u012f vie&scaron;but\u012f.<br \/> \u2022 Nakvyn\u0117 vie&scaron;butyje. <\/p>\n<p>Didysis kanjonas, esantis Arizonoje, yra did\u017eiausias bei vienas seniausi\u0173 kanjon\u0173 visame pasaulyje. 1979 m. kanjonas buvo \u012ftrauktas \u012f UNESCO Pasaulio paveldo s\u0105ra&scaron;\u0105 ir dabar gars\u0117ja savo neprilygstamu dyd\u017eiu \u2013 jo ilgis apie 450 kilometr\u0173, plotis svyruoja tarp 6-26 kilometr\u0173, o kai kuriose vietose gylis siekia net 1800 metr\u0173. Kolorado up\u0117, Did\u017eiojo kanjono kilm\u0117s &scaron;altinis, teka apie paties kanjono uolas. Kanjono flora ir fauna, pana&scaron;iai kaip ir jo klimatas, skirtingose dalyse skiriasi \u2013 \u010dia kaktusai ir dykumos keliaujant ilgainiui virsta mi&scaron;kais su ber\u017eais ir pu&scaron;imis. Ekskursij\u0173 metu lankytoj\u0173 laukia laukia nuostab\u016bs Did\u017eiojo kanjono ir Kolorado up\u0117s vaizdai, apsilankyti kvie\u010dia ir stiklinis \u201eSkywalk\u201c tiltas, kuriuo vaik&scaron;tin\u0117ja dr\u0105sesni keliautojai (vaik&scaron;\u010diojimo tiltu kaina ~25 $\/asm.).<\/p>\n<p><strong>Day 5 <\/strong><\/p>\n<p>\u2022 I&scaron;siregistravimas i&scaron; vie&scaron;bu\u010dio.<br \/> \u2022 Pageidaujantiems ekskursin\u0117 i&scaron;vyka \u012f nacionalin\u012f park\u0105 \u201eUgnies sl\u0117nis\u201c (papildomas mokestis &#8211; 70 \u20ac\/asm. + \u012f\u0117jimo bilietas ~10 $\/asm.).<br \/> \u2022 Perve\u017eimas \u012f tranzitin\u012f vie&scaron;but\u012f.<br \/> \u2022 \u012esik\u016brimas vie&scaron;butyje.<br \/> \u2022 Nakvyn\u0117 vie&scaron;butyje. <\/p>\n<p>\u012esik\u016br\u0119s Mohavos dykumoje vos valand\u0105 nuo triuk&scaron;mingo Las Vegaso, nacionalinis \u201eUgnies sl\u0117nio\u201c parkas vilioja keliautojus savo nuostabiomis raudonojo smiltainio fig\u016bromis, skai\u010diuojan\u010diomis daugiau nei 150 mln. met\u0173. Kanjonai ir uolos, arkos ir \u201esl\u0117nio\u201c nusileidimai turi skirtingus ugnies atspalvius \u2013 nuo terakotos iki &scaron;viesiai ro\u017ein\u0117s spalvos. Sm\u0117lio akmens pavir&scaron;iaus tekst\u016bros yra tiesiog nuostabios, o \u201eugnin\u0117s bangos\u201c stebina netgi pa\u010di\u0105 lakiausi\u0105 vaizduot\u0119. Ne\u012ftik\u0117tini parko kra&scaron;tovaizd\u017eiai sukuria paslapting\u0105 atmosfer\u0105, keliautojus nukelian\u010di\u0105 \u012f mistin\u0119 pa\u010dios gamtos parod\u0105 po atviru dangumi. Visa tai ne\u012fmanoma apib\u016bdinti \u017eod\u017eiais, tai tiesiog reikia pamatyti!<\/p>\n<p><strong>Day 6 <\/strong><\/p>\n<p>\u2022 I&scaron;siregistravimas i&scaron; vie&scaron;bu\u010dio.<br \/> \u2022 Perve\u017eimas \u012f Los And\u017eel\u0105.<br \/> \u2022 Ekskursija po Los And\u017eel\u0105.<br \/> \u2022 \u012esik\u016brimas vie&scaron;butyje.<br \/> \u2022 Nakvyn\u0117 vie&scaron;butyje. <\/p>\n<p>Los And\u017eelas arba angel\u0173 miestas \u2013 did\u017eiausias miestas Kalifornijoje ir antras pagal gyventoj\u0173 skai\u010di\u0173 JAV miestas. Miestas \u012fsik\u016br\u0119s tarp \u017eali\u0173j\u0173 kalv\u0173 begaliniuose papl\u016bdimiuose pietin\u0117je valstyb\u0117s dalyje. \u201cL.A.\u201c yra Amerikos kino ir televizijos pramon\u0117s sostin\u0117, populiari\u0173 papl\u016bdimi\u0173 ir apsipirkimo vieta, o taip pat \u2013 Holivudo \u201e\u017evaig\u017ed\u017ei\u0173 med\u017eiokl\u0117s&#8221; arena.<\/p>\n<p>Lankytoj\u0173 nuolat laukia populiariausias miesto rajonas \u2013 Holivudas. Mil\u017eini&scaron;kas \u201eHollywood\u201c u\u017era&scaron;as, i&scaron;keltas Mount-Lee kalno &scaron;laite, yra matomas i&scaron; beveik bet kurios miesto vietos. Be abejo, \u017eenklas yra labiausiai atpa\u017e\u012fstamas u\u017era&scaron;as pasaulyje. Apsilankyti vilioja ir ne ma\u017eiau populiari vieta \u2013 Holivudo \u201e&Scaron;lov\u0117s al\u0117ja\u201c, kurios 18 kvartal\u0173 dyd\u017eio plote &scaron;iandien galima atrasti daugiau nei 2500 \u017evaig\u017ed\u017ei\u0173. Joje pristatomos radijo ir teatro, garso \u012fra&scaron;\u0173 ir kino pramog\u0173 industrijos \u017evaig\u017ed\u0117s. Tuo tarpu \u201eBeverly Hills\u201c yra \u017einoma kaip turtinga ir spalvinga erdv\u0117 vakarin\u0117je Los And\u017eelo pus\u0117je, kurioje kiekvienas kampelis alsuoja prabanga, o apsilankyti traukia garsioji parduotuvi\u0173 gatv\u0117 \u201eRodeo Drive\u201c. Brang\u016bs automobiliai ir garsi\u0173 prek\u0117s \u017eenkl\u0173 parduotuv\u0117s, palm\u0117s ir saul\u0117 \u2013 visa lankytojus seka kiekviename \u017eingsnyje. \u201eSunset Boulevard\u201c \u2013 ilga vingiuota gatv\u0117, prasidedanti miesto centre ir einanti per Holivud\u0105, Beverly Hills, Holmby Hills ir daugel\u012f kit\u0173 rajon\u0173. Populiariausia bulvaro dalis yra saul\u0117lyd\u017eio juosta \u2013 joje galima atrasti daug brangi\u0173 restoran\u0173, naktini\u0173 klub\u0173 ir kavini\u0173. \u201eGriffith\u201c parkas, laikomas miesto centriniu parku, yra \u012fsik\u016br\u0119s Los And\u017eelo centre ir u\u017eima did\u017eiul\u012f 1700 hektar\u0173 plot\u0105. Parke lankytoj\u0173 laukia nesibaigian\u010dios pramogos \u2013 \u010dia galima rasti \u201eHollywood\u201c \u017eenklo steb\u0117jimo viet\u0105, \u201eGriffith\u201c planetarium\u0105, observatorij\u0105, muziejus, traukini\u0173 kopijas bei atrakcionus.<\/p>\n<p><strong>Day 7 <\/strong><\/p>\n<p>\u2022 Ekskursin\u0117 i&scaron;vyka \u012f San Diego miest\u0105.<br \/> - Free time after the tour.<br \/> \u2022 Gr\u012f\u017eimas \u012f vie&scaron;but\u012f.<br \/> \u2022 Nakvyn\u0117 vie&scaron;butyje. <\/p>\n<p>Pietin\u0117je Kalifornijos dalyje, netoli Meksikos sienos, slepiasi saul\u0117tas San Diegas, apsuptas Ramiojo vandenyno bang\u0173. Miestas lankytojus traukia savo sm\u0117lio papl\u016bdimiais, ry&scaron;kia saule ir nuostabiu klimatu, kadangi \u010dia beveik n\u0117ra lietaus, audr\u0173 ar tornad\u0173. Daug vaizding\u0173 krantini\u0173 kartu su didingu vandenynu suteikia puik\u0173 poils\u012f bei nepamir&scaron;tamas pramogas.<\/p>\n<p>Be savo papl\u016bdimi\u0173 miestas taip pat suteikia ir daugyb\u0119 pramog\u0173 \u2013 \u010dia laukia bumerango formos \u201eCoronado\u201c tiltas, did\u017eiulis teatrus ir muziejus jungiantis \u201eBalboa\u201c parkas, San Diego zoologijos sodas bei laivas \u201eIndijos \u017evaig\u017ed\u0117\u201c, kadaise apiplauk\u0119s aplink pasaul\u012f. La Jolla Cove gyvena ruoniai ir j\u016br\u0173 li\u016btai, o senovine atmosfera alsuojan\u010dio istorinio centro gatv\u0117mis vaik&scaron;\u010dioja pirm\u0173j\u0173 misionieri\u0173 apranga apsireng\u0119 aktoriai.<\/p>\n<p><strong>Day 8 <\/strong><\/p>\n<p>- Free day.<br \/> \u2022 Pageidaujantiems si\u016blome ekskursij\u0105 po Beverli Hilso rajon\u0105 (papildomas mokestis &#8211; 90 \u20ac\/asm.).<br \/> \u2022 Nakvyn\u0117 vie&scaron;butyje. <\/p>\n<p>Sveiki atvyk\u0119 \u012f Beverli Hils\u0105 \u2013 legendin\u012f Los And\u017eelo rajon\u0105, prabangos, \u017eavesio ir Holivudo istorij\u0173 simbol\u012f!<\/p>\n<p>Ekskursijos metu pasivaik&scaron;\u010diosite garsiomis gatv\u0117mis, kuriose gyvena pasaulinio lygio kino \u017evaig\u017ed\u0117s, pamatysite \u012fsp\u016bdingas vilas ir su\u017einosite, kokias paslaptis slepia &scaron;ie kalnai. Va\u017eiuosite prabangia Rodeo Drive gatve \u2013 tikru rojum apsipirkimo m\u0117g\u0117jams, kur \u012fsik\u016br\u0119 garsiausi\u0173 pasaulio prek\u0117s \u017eenkl\u0173 butik\u0173 salonai, da\u017enai matomi kino filmuose. Pamatysite gars\u0173j\u012f vie&scaron;but\u012f Beverly Wilshire, kuriame buvo filmuojamas legendinis filmas \u201eGra\u017euol\u0117\u201c, bei presti\u017einius gyvenamuosius rajonus, kur kiekvienas namas \u2013 tarsi architekt\u016bros &scaron;edevras. Su\u017einosite, kurios Holivudo \u017evaig\u017ed\u0117s &scaron;iuo metu gyvena Beverli Hilse, kur vyksta slap\u010diausi vakar\u0117liai ir kod\u0117l &scaron;is rajonas tapo turto bei s\u0117km\u0117s sinonimu.<\/p>\n<p><strong>Day 9 <\/strong><\/p>\n<p>- Free day.<br \/> \u2022 Nakvyn\u0117 vie&scaron;butyje. <\/p>\n<p><strong>Day 10 <\/strong><\/p>\n<p>\u2022 I&scaron;siregistravimas i&scaron; vie&scaron;bu\u010dio.<br \/> \u2022 Perve\u017eimas \u012f Los And\u017eelo oro uost\u0105.<br \/> - Check-in.<br \/> \u2022 Skrydis: Los And\u017eelas \u2013 Stambulas (~13:35-12:45*). <\/p>\n<p><strong>Day 11 <\/strong><\/p>\n<p>\u2022 Atvykimas \u012f Stambul\u0105.<br \/> \u2022 Skrydis: Stambulas \u2013 Vilnius (~16:35-19:30).<br \/> \u2022 Atvykimas \u012f Vilni\u0173. <\/p>","protected":false},"excerpt":{"rendered":"<p>D\u0116MESIO! KIEKVIENAM KELIAUTOJUI VYKSTANT \u012e JAV YRA PRIVALOMA VIZA ARBA ELEKTRONIN\u0116 VIZA (ESTA) KURIA KELIAUTOJAI R\u016aPINASI SAVARANKI&Scaron;KAI. 1 diena \u2022 Atvyki&#8230;<\/p>","protected":false},"featured_media":11942,"comment_status":"open","ping_status":"closed","template":"","meta":{"om_disable_all_campaigns":false,"_monsterinsights_skip_tracking":false,"_monsterinsights_sitenote_active":false,"_monsterinsights_sitenote_note":"","_monsterinsights_sitenote_category":0},"product_brand":[],"product_cat":[669],"product_tag":[],"class_list":{"0":"post-12705","1":"product","2":"type-product","3":"status-publish","4":"has-post-thumbnail","6":"product_cat-keliones","8":"first","9":"instock","10":"virtual","11":"taxable","12":"purchasable","13":"product-type-simple"},"aioseo_notices":[],"_links":{"self":[{"href":"https:\/\/www.atravel.lt\/en\/wp-json\/wp\/v2\/product\/12705","targetHints":{"allow":["GET"]}}],"collection":[{"href":"https:\/\/www.atravel.lt\/en\/wp-json\/wp\/v2\/product"}],"about":[{"href":"https:\/\/www.atravel.lt\/en\/wp-json\/wp\/v2\/types\/product"}],"replies":[{"embeddable":true,"href":"https:\/\/www.atravel.lt\/en\/wp-json\/wp\/v2\/comments?post=12705"}],"wp:featuredmedia":[{"embeddable":true,"href":"https:\/\/www.atravel.lt\/en\/wp-json\/wp\/v2\/media\/11942"}],"wp:attachment":[{"href":"https:\/\/www.atravel.lt\/en\/wp-json\/wp\/v2\/media?parent=12705"}],"wp:term":[{"taxonomy":"product_brand","embeddable":true,"href":"https:\/\/www.atravel.lt\/en\/wp-json\/wp\/v2\/product_brand?post=12705"},{"taxonomy":"product_cat","embeddable":true,"href":"https:\/\/www.atravel.lt\/en\/wp-json\/wp\/v2\/product_cat?post=12705"},{"taxonomy":"product_tag","embeddable":true,"href":"https:\/\/www.atravel.lt\/en\/wp-json\/wp\/v2\/product_tag?post=12705"}],"curies":[{"name":"wp","href":"https:\/\/api.w.org\/{rel}","templated":true}]}}