{"id":12704,"date":"2026-03-21T15:44:53","date_gmt":"2026-03-21T13:44:53","guid":{"rendered":"https:\/\/www.atravel.lt\/produktas\/japonija-11-dienu-skrydis-is-vilniaus-su-turkish-airlines-grupe-is-lietuvos\/"},"modified":"2026-03-21T15:44:53","modified_gmt":"2026-03-21T13:44:53","slug":"japonija-11-dienu-skrydis-is-vilniaus-su-turkish-airlines-grupe-is-lietuvos","status":"publish","type":"product","link":"https:\/\/www.atravel.lt\/en\/product\/japonija-11-dienu-skrydis-is-vilniaus-su-turkish-airlines-grupe-is-lietuvos\/","title":{"rendered":"Japonija 11 dien\u0173 (skrydis i\u0161 Vilniaus su Turkish Airlines) GRUP\u0116 I\u0160 LIETUVOS!"},"content":{"rendered":"<p><strong>1 day <\/strong><\/p>\n<p>- Arrival at Vilnius Airport.<br \/> - Check-in.<br \/> \u2022 Skrydis: Vilnius \u2013 Stambulas (~20:00-00:05*).<\/p>\n<p><strong>Day 2 <\/strong><\/p>\n<p>- Arrival in Istanbul.<br \/> \u2022 Skrydis: Stambulas \u2013 Tokijas (~01:50-19:10).<br \/> \u2022 Atskridimas \u012f Tokij\u0105.<br \/> \u2022 Vykstame \u012f vie&scaron;but\u012f.<br \/> \u2022 \u012esik\u016brimas vie&scaron;butyje.<br \/> - Recreation.<br \/> \u2022 Nakvyn\u0117 vie&scaron;butyje.<\/p>\n<p>Day 3<\/p>\n<p>\u2022 Pusry\u010diai vie&scaron;butyje (perkant ekskursij\u0173 paket\u0105 pusry\u010diai \u012fskai\u010diuoti).<br \/> \u2022 Ekskursin\u0117 programa po Tokij\u0105 (1 dalis).<br \/> \u2022 Piet\u016bs (papildomas mokestis).<br \/> - Free time after the tour.<br \/> \u2022 Sugr\u012f\u017etame \u012f vie&scaron;but\u012f.<br \/> - Recreation.<br \/> \u2022 Nakvyn\u0117 vie&scaron;butyje.<\/p>\n<p>Tokijas \u2013 Japonijos sostin\u0117, esanti Hon&scaron;iu salos pietrytin\u0117je dalyje, Kanto lygumoje, Ramiojo vandenyno Tokijo \u012flankoje. Be sostin\u0117s, Tokijas taip pat yra viena i&scaron; keturiasde&scaron;imt septyni\u0173 &scaron;alies prefekt\u016br\u0173. Tokijo gyventoj\u0173 skai\u010dius yra &scaron;iek tiek daugiau nei 13 milijon\u0173 \u017emoni\u0173. Tokijas \u2013 vienas jauniausi\u0173 &scaron;alies miest\u0173, ta\u010diau jame nuostabiai pavyksta derinti senov\u0117s ir modernumo bruo\u017eus. Did\u017eiuli\u0173 dangorai\u017ei\u0173 &scaron;e&scaron;\u0117lyje matosi ma\u017ey\u010diai, stebuklingai po sunaikinimo atstatyti namukai ir ma\u017eos siauros gatvel\u0117s, kurios kartais net neturi pavadinim\u0173. Did\u017eiulis didmiestis tuo pat metu gars\u0117ja senoviniais rytieti&scaron;kos architekt\u016bros paminklais ir &scaron;iuolaikin\u0117mis pramogomis. Kombinuotosios ekskursijos po miest\u0105 metu pamatysime: did\u017eiausi\u0105 j\u016bros g\u0117rybi\u0173 turg\u0173 \u201eTsukiji\u201c, aplankysime Ginz\u0105 \u2013 brangiausi\u0105 &scaron;alies rajon\u0105 (kvadratinio metro \u017eem\u0117s kaina &scaron;ioje teritorijoje ~100 000 USD). Sustosime nuotrauk\u0173 pertrauk\u0117l\u0117ms prie: Nihonbashi tilto, Imperatori&scaron;kieji r\u016bmu, aplankysime Akihabara rajon\u0105, tada Asakusa rajon\u0105, gal\u0117sime ap\u017ei\u016br\u0117ti Kaminarimon Perk\u016bno vartus ir pasivaik&scaron;\u010dioti Nakamise-dori parduotuvi\u0173 gatve. B\u016btinai aplankysime Senso-ji &scaron;ventykl\u0105 \u2013 \u017eymiausi\u0105 Tokijo budist\u0173 &scaron;ventykl\u0105, pastatyt\u0105 VII am\u017eiuje, ir Asakusa Sanja-sama &scaron;ventykl\u0105, kuri buvo pastatyta Edo eros laikais ir i&scaron;gyveno 1945 met\u0173 bombardavim\u0105.<\/p>\n<p>Po piet\u0173 lankysim\u0117s televizijos bok&scaron;te (vyksime metro, metro bilietams reikia tur\u0117ti po ~420 JPY + pakilimas \u012f bok&scaron;t\u0105 ~2600 JPY (pageidaujant)). Jos auk&scaron;tis 634 m. Tai pats auk&scaron;\u010diausias televizijos bok&scaron;tas pasaulyje.<\/p>\n<p><strong>Day 4 <\/strong><\/p>\n<p>\u2022 Pusry\u010diai vie&scaron;butyje (perkant ekskursij\u0173 paket\u0105 pusry\u010diai \u012fskai\u010diuoti).<br \/> \u2022 Ekskursin\u0117 programa \u201eTokijas ir Odaiba sala\u201c (\u012f\u0117jimo bilietai apmokami pa\u010di\u0173 keliautoj\u0173).<br \/> \u2022 Piet\u016bs (papildomas mokestis).<br \/> - Free time after the tour.<br \/> \u2022 Sugr\u012f\u017etame \u012f vie&scaron;but\u012f.<br \/> - Recreation.<br \/> \u2022 Nakvyn\u0117 vie&scaron;butyje.<\/p>\n<p>T\u0119siame pa\u017eint\u012f su Tokijumi. Ekskursijos metu aplankysime Meid\u017ei &#8211; &Scaron;intoit\u0173 &scaron;ventykl\u0105 \u2013 muziej\u0173 \u2013 vien\u0105 \u017einomiausi\u0173 ir ikoni&scaron;kiausi\u0173 &scaron;ventykl\u0173 Tokijo didmiestyje bei vien\u0105 labiausiai gerbiam\u0173 ir lankom\u0173 religini\u0173 viet\u0173 &scaron;alyje. Ji buvo pastatyta 1920 m., taip pat pamatysime Shibuya per\u0117j\u0105 ir Hachiko paminkl\u0105.<\/p>\n<p>Odaiba &#8211; modernus rajonas su pramog\u0173 centrais, \u012fsik\u016br\u0119s dirbtin\u0117je Tokijo \u012flankos saloje. Saloje yra Yurikamome automatizuota traukini\u0173 stotis. Vaivoryk&scaron;t\u0117s tiltas jungia sal\u0105 su Tokijo centru. Nuo Daikanran&scaron;os ap\u017evalgos rato atsiveria Fud\u017eio kalno vaizdai, o Nacionaliniame mokslo ir inovacij\u0173 pa\u017eangos muziejuje yra interaktyvi\u0173 robot\u0173 eksponat\u0173. Iki pra\u0117jusio am\u017eiaus 90-\u0173j\u0173 prad\u017eios Odaiba buvo sala \u2013 s\u0105vartynas Nr. 13. Tod\u0117l vietiniai gyventojai Odaibos sal\u0105 vadina \u201e&scaron;iuk&scaron;le\u201c, o kai kas \u2013 \u201eateities sala\u201c. Sala stebina futuristini\u0173 objekt\u0173 gausa. Ekskursijos metu aplankysime paj\u016brio park\u0105 (Laisv\u0117s statul\u0105 ir Vaivoryk&scaron;t\u0117s tilt\u0105).<\/p>\n<p><strong>Day 5 <\/strong><\/p>\n<p>\u2022 Pusry\u010diai vie&scaron;butyje (perkant ekskursij\u0173 paket\u0105 pusry\u010diai \u012fskai\u010diuoti).<br \/> \u2022 Ekskursin\u0117 programa \u201eKamakura + Yokohama\u201c (\u012f\u0117jimo bilietus apmoka patys keliautojai).<br \/> \u2022 Piet\u016bs (pageidaujantiems u\u017e papildom\u0105 mokest\u012f).<br \/> - Free time after the tour.<br \/> \u2022 Sugr\u012f\u017etame \u012f vie&scaron;but\u012f.<br \/> - Recreation.<br \/> \u2022 Nakvyn\u0117 vie&scaron;butyje.<\/p>\n<p>Kamakuros miestas turistus sudomina d\u0117l daugyb\u0117s jame i&scaron;likusi\u0173 senovini\u0173 paminkl\u0173 ir &scaron;ventykl\u0173 \u2013 vienas seniausi\u0173 Japonijos miest\u0173, \u012fkurtas 1192 m. Be to, Kamakuroje &scaron;velnus klimatas, nes &scaron;\u012f miest\u0105 i&scaron; trij\u0173 pusi\u0173 supa mi&scaron;kai, kas suteikia &scaron;iam miestui pasaki&scaron;ko gro\u017eio.<\/p>\n<p>Kombinuotosios ekskursijos metu aplankysime Hokokuji &scaron;ventykl\u0105 \u2013 seniausi\u0105 1334 metais Rinzai mokyklos \u012fkurt\u0105 &scaron;ventykl\u0105 (Dzen budizmo mokykla) senov\u0117s Japonijos sostin\u0117je Kamakura. Japonai &scaron;i\u0105 &scaron;ventykl\u0105 vadina \u201ebambuko &scaron;ventykla\u201c, nes &scaron;alia yra didel\u0117 bambuk\u0173 girait\u0117, kurios plotas siekia 13 000 kvadratini\u0173 metr\u0173. Netoli &scaron;ventyklos yra sausas sodas, simbolizuojantis dzenbudizm\u0105.<\/p>\n<p>Galimyb\u0117 papietauti Komachi-dori prekybos gatv\u0117je (papildomas mokestis).<\/p>\n<p>Toliau vyksime \u012f Yuigahama papl\u016bdim\u012f, o tada aplankysime Kotoku-in &scaron;ventykl\u0105 \u2013 Didysis Bud\u0105 (papildomas mokestis ~ 300 JPY). &Scaron;i &scaron;ventykla gars\u0117ja savo \u201eDid\u017eiuoju Buda\u201c \u2013 monumentalia atvira bronzine Amitabha Budos statula, kuri yra vienas \u017eymiausi\u0173 Japonijos simboli\u0173. Statulos i&scaron;matavimai \u012fsp\u016bdingi: auk&scaron;tis su pagrindu \u2013 apie 13,35 m, o svoris \u2013 daugiau nei 93 tonos.<\/p>\n<p>Vykstame \u012f Yokohamos miest\u0105.<br \/> Yokohama &#8211; antras pagal dyd\u012f Japonijos miestas, esantis \u012f pietus nuo Tokijo, kurio uostas buvo atidarytas u\u017esienio prekybai 1859 m. Jis gars\u0117ja dideliu kin\u0173 kvartalu, kuriame veikia &scaron;imtai restoran\u0173 ir parduotuvi\u0173, bei Sankei-en botanikos sodu, kuriame galima pamatyti \u012fvairioms epochoms priklausan\u010dius japoni&scaron;kus namus.<\/p>\n<p>Ekskursijos metu pamatysime \u201cYokohama Bay Bridge\u201d \u2013 gra\u017e\u0173 ~860 metr\u0173 ilgio kabant\u012f tilt\u0105, pastatyt\u0105 1989 metais. Tiltas jungia Hommoku ir Daikoku prieplaukas ir yra vienas ilgiausi\u0173 tilt\u0173 pasaulyje.<\/p>\n<p>M\u016bs\u0173 ekskursijos pabaiga bus apsilankymas garsiajame Yokohamos kin\u0173 kvartale \u2013 did\u017eiausiame kin\u0173 kvartale ne tik Japonijoje, bet ir visame pasaulyje. \u010cia yra apie 600 kini&scaron;k\u0173 temini\u0173 parduotuvi\u0173, restoran\u0173 ir u\u017ekandini\u0173. Jo istorija siekia apie 160 met\u0173.<\/p>\n<p><strong>Day 6 <\/strong><\/p>\n<p>\u2022 Pusry\u010diai vie&scaron;butyje (perkant ekskursij\u0173 paket\u0105 pusry\u010diai \u012fskai\u010diuoti).<br \/> - Free day.<br \/> \u2022 Pageidaujantiems si\u016blome ekskursin\u0119 i&scaron;vyk\u0105 \u201eFud\u017ei\u201c (papildomas mokestis &#8211; 90 \u20ac\/asm. + \u012f\u0117jimo bilietai).<br \/> \u2022 Pageidaujantiems si\u016blome pietus tradiciniame japon\u0173 restorane, kuriame gal\u0117site paragauti \u012f\u017eymiosios japon\u0173 virtuv\u0117s (papildomas mokestis ~3000 jen\u0173).<br \/> - Free time after the tour.<br \/> \u2022 Sugr\u012f\u017etame \u012f vie&scaron;but\u012f.<br \/> - Recreation.<br \/> \u2022 Nakvyn\u0117 vie&scaron;butyje.<\/p>\n<p>&Scaron;i\u0105 dien\u0105 m\u016bs\u0173 lauks ilgai lauktas susitikimas su labiausiai atpa\u017e\u012fstamu Japonijos kalnu \u2013 Fud\u017eio kalnu. Fud\u017ei kalnas arba Fud\u017eis yra viena i&scaron; svarbiausi\u0173 Japonijos lankytin\u0173 viet\u0173. Aktyvus stratovulkanas yra Japonijos Hon&scaron;iu saloje, 90 kilometr\u0173 \u012f pietvakarius nuo Tokijo, Fuji-Hakone-Izu nacionaliniame parke. Ugnikalnio auk&scaron;tis yra 3776 m ir &scaron;iuo metu ugnikalnis laikomas silpnai aktyviu, paskutinis i&scaron;siver\u017eimas buvo 1707-1708 m. Japonijoje Fud\u017eio kalnas laikomas &scaron;ventu ir kiekvienas &scaron;alies gyventojas tiesiog privalo bent kart\u0105 gyvenime apsilankyti jo vir&scaron;\u016bn\u0117je.<\/p>\n<p>Kombinuotosios ekskursijos metu ap\u017ei\u016br\u0117sime: Kawaguchiko e\u017eer\u0105, Saiko e\u017eer\u0105, aplankysime Saiko Iyashino-Sato Nenba \u2013 medini\u0173 nam\u0173 kaimo muziej\u0173 (papildomas mokestis ~450 JPY).<\/p>\n<p>Piet\u016bs su galimybe paragauti tradicini\u0173 patiekal\u0173 (papildomas mokestis ~3000 JPY).<\/p>\n<p>Ekskursin\u0117s dienos pabaigoje vyksime prie kar&scaron;t\u0173j\u0173 versmi\u0173 (\u012f\u0117jimo mokestis ~1500 JPY).<\/p>\n<p><strong>Day 7 <\/strong><\/p>\n<p>\u2022 Pusry\u010diai vie&scaron;butyje (perkant ekskursij\u0173 paket\u0105 pusry\u010diai \u012fskai\u010diuoti).<br \/> \u2022 Ekskursin\u0117 programa \u201eTokijo \u012flanka\u201c (\u012f\u0117jimo bilietai apmokami pa\u010di\u0173 keliautoj\u0173).<br \/> \u2022 Laisvas laikas, galimyb\u0117 papietauti (papildomas mokestis).<br \/> \u2022 Sugr\u012f\u017etame \u012f vie&scaron;but\u012f.<br \/> \u2022 Nakvyn\u0117 vie&scaron;butyje.<\/p>\n<p>Tokijo \u012flanka \u2013 Ramiojo vandenyno \u012flanka Japonijoje. Tokijo \u012flankoje yra did\u017eiausias pasaulyje metropolinis rajonas Tokijas, kuriame gyvena 33 mln. Ji turi daugyb\u0119 uost\u0173, \u012fskaitant vien\u0105 did\u017eiausi\u0173 Azijos uost\u0173 \u2013 Yokoham\u0105. Tokijo \u012flankoje yra daug dumbli\u0173, kurie vadinami j\u016bros \u017evak\u0117. D\u0117l j\u0173 daugyb\u0117s Tokijo \u012flankos vandenys atrodo tamsiai rudos spalvos, o nakt\u012f jie yra ap&scaron;viesti daugybe \u017eiburi\u0173.<\/p>\n<p>Savo kelion\u0119 prad\u0117sime nuo i&scaron;vykimo keltu \u012f Nokogiriyama kaln\u0105 (papildomas mokestis 1400 JPY). trukm\u0117 apie 40 minu\u010di\u0173. Nokogiriyama kalnas yra palyginti \u017eemas kalnas (vos 329 metrai vir&scaron; j\u016bros lygio), kuris gars\u0117ja ne\u012fprastos formos uolomis ir nuostabiais vaizdais.<\/p>\n<p>Toliau aplankysime Nihondz &scaron;ventykl\u0105 (papildomas mokestis ~700 JPY), esan\u010di\u0105 pietiniame Nokogiriyama &scaron;laite. Tai senov\u0117s &scaron;ventykla, \u012fkurta 725 m., ir \u010dia gal\u0117site pamatyti did\u017eiul\u0119 31 m auk&scaron;\u010dio Budos statul\u0105, pagamint\u0105 i&scaron; Nokogiriyama kalno uol\u0173.<\/p>\n<p>Laisvas laikas ir galimyb\u0117 savaranki&scaron;kai pavakarieniauti.<\/p>\n<p>Tokijo \u012flankoje yra dirbtin\u0117 sala, vadinama Umihotaru, kuri rei&scaron;kia \u201ej\u016brinis \u017evirblis\u201c. \u201eUmihotaru\u201c yra paj\u016brio poilsio zona Tokijo \u012flankoje, kuri yra jungiamoji grandis tarp Kawasaki miesto ir Kisarazu miesto. Tai sekanti vieta kuria mes aplankysime!<\/p>\n<p>M\u016bs\u0173 kelion\u0117 vyks per \u201eTokyo Bay Aqua Line\u201c tunel\u012f, kurio ilgis yra 9600 metr\u0173, einantis palei vandenyno dugn\u0105 57 m gylyje. \u201eTokyo Bay Aqua Line\u201c tuneliai ir tiltas buvo atidaryti 1997 m. Ir sujung\u0117 Kanagavos ir \u010cibos prefekt\u016bras. Tokijo \u012flankos \u201eAqua Line\u201c yra ketvirtasis ilgiausias tunelis pasaulyje, kurio did\u017eioji dalis yra po vandeniu. \u201eAqua Line\u201c yra ilgiausias pasaulyje povandeninis tunelis pasaulyje. Kelion\u0117s metu prava\u017eiuosime tilt\u0105 ir gal\u0117site m\u0117gautis nuostabiais Tokijo \u012flankos vaizdais, tada kelion\u0117 t\u0119sime tuneliu.<\/p>\n<p>Atvykimas \u012f Umihotaru sal\u0105, kur gal\u0117site atsipalaiduoti, apsipirkti, gro\u017e\u0117damiesi j\u016bros platyb\u0117mis ir Fud\u017ei kalno vaizdais.<\/p>\n<p><strong>Day 8 <\/strong><\/p>\n<p>\u2022 Pusry\u010diai vie&scaron;butyje (perkant ekskursij\u0173 paket\u0105 pusry\u010diai \u012fskai\u010diuoti).<br \/> - Free day.<br \/> \u2022 Pageidaujantiems si\u016blome ekskursin\u0119 i&scaron;vyk\u0105 \u201eNikko\u201c (papildomas mokestis &#8211; 95 \u20ac\/asm. + \u012f\u0117jimo bilietai).<br \/> - Free time.<br \/> \u2022 Sugr\u012f\u017etame \u012f vie&scaron;but\u012f.<br \/> \u2022 Nakvyn\u0117 vie&scaron;butyje.<\/p>\n<p>Nikko nacionalinis parkas \u2013 UNESCO &scaron;ventykl\u0173 kompleksas, vaizdingi e\u017eerai, kriokliai, tarpekliai ir koply\u010dios. Ekskursijos metu pamatysime: Toshogu &scaron;ventykl\u0105 (papildomas mokestis ~1600 JPY).<\/p>\n<p>Tradiciniai piet\u016bs (u\u017e papildom\u0105 mokest\u012f ~2650 JPY), Kegon krioklys, Chuzenji e\u017eeras, Ryuzu krioklys. Toliau rasite kar&scaron;t\u0105sias versmes (tik kojoms) \u2013 Nikko Yumoto Onsen.<\/p>\n<p><strong>Day 9 <\/strong><\/p>\n<p>\u2022 Pusry\u010diai vie&scaron;butyje (perkant ekskursij\u0173 paket\u0105 pusry\u010diai \u012fskai\u010diuoti).<br \/> - Free day.<br \/> \u2022 Nakvyn\u0117 vie&scaron;butyje.<\/p>\n<p><strong>Day 10 <\/strong><\/p>\n<p>\u2022 Ankstyvas i&scaron;siregistravimas i&scaron; vie&scaron;bu\u010dio.<br \/> - Transfer to the airport.<br \/> - Check-in.<br \/> \u2022 Skrydis: Tokijas \u2013 Stambulas (~10:15-17:50).<br \/> \u2022 Atvykimas \u012f Stambul\u0105.<br \/> \u2022 Perve\u017eimas \u012f vie&scaron;but\u012f.<br \/> \u2022 \u012esik\u016brimas vie&scaron;butyje.<br \/> \u2022 Nakvyn\u0117 vie&scaron;butyje.<\/p>\n<p><strong>Day 11 <\/strong><\/p>\n<p>\u2022 Ankstyvas i&scaron;siregistravimas i&scaron; vie&scaron;bu\u010dio.<br \/> \u2022 Perve\u017eimas \u012f Stambulo oro uost\u0105.<br \/> \u2022 Skrydis: Stambulas \u2013 Vilnius (~09:00-11:00).<br \/> \u2022 Atvykimas \u012f Vilni\u0173.<\/p>","protected":false},"excerpt":{"rendered":"<p>1 diena \u2022 Atvykimas \u012f Vilniaus oro uost\u0105. \u2022 Registracija \u012f skryd\u012f. \u2022 Skrydis: Vilnius \u2013 Stambulas (~20:00-00:05*). 2 diena \u2022 Atskridimas \u012f Stambul\u0105. \u2022 Skrydis:&#8230;<\/p>","protected":false},"featured_media":11941,"comment_status":"open","ping_status":"closed","template":"","meta":{"om_disable_all_campaigns":false,"_monsterinsights_skip_tracking":false,"_monsterinsights_sitenote_active":false,"_monsterinsights_sitenote_note":"","_monsterinsights_sitenote_category":0},"product_brand":[],"product_cat":[669],"product_tag":[],"class_list":{"0":"post-12704","1":"product","2":"type-product","3":"status-publish","4":"has-post-thumbnail","6":"product_cat-keliones","8":"first","9":"instock","10":"virtual","11":"taxable","12":"purchasable","13":"product-type-simple"},"aioseo_notices":[],"_links":{"self":[{"href":"https:\/\/www.atravel.lt\/en\/wp-json\/wp\/v2\/product\/12704","targetHints":{"allow":["GET"]}}],"collection":[{"href":"https:\/\/www.atravel.lt\/en\/wp-json\/wp\/v2\/product"}],"about":[{"href":"https:\/\/www.atravel.lt\/en\/wp-json\/wp\/v2\/types\/product"}],"replies":[{"embeddable":true,"href":"https:\/\/www.atravel.lt\/en\/wp-json\/wp\/v2\/comments?post=12704"}],"wp:featuredmedia":[{"embeddable":true,"href":"https:\/\/www.atravel.lt\/en\/wp-json\/wp\/v2\/media\/11941"}],"wp:attachment":[{"href":"https:\/\/www.atravel.lt\/en\/wp-json\/wp\/v2\/media?parent=12704"}],"wp:term":[{"taxonomy":"product_brand","embeddable":true,"href":"https:\/\/www.atravel.lt\/en\/wp-json\/wp\/v2\/product_brand?post=12704"},{"taxonomy":"product_cat","embeddable":true,"href":"https:\/\/www.atravel.lt\/en\/wp-json\/wp\/v2\/product_cat?post=12704"},{"taxonomy":"product_tag","embeddable":true,"href":"https:\/\/www.atravel.lt\/en\/wp-json\/wp\/v2\/product_tag?post=12704"}],"curies":[{"name":"wp","href":"https:\/\/api.w.org\/{rel}","templated":true}]}}