{"id":12702,"date":"2026-03-21T15:44:53","date_gmt":"2026-03-21T13:44:53","guid":{"rendered":"https:\/\/www.atravel.lt\/produktas\/praha-dresdenas-5-d-autobusu-grupe-tik-is-lietuvos\/"},"modified":"2026-03-21T15:44:53","modified_gmt":"2026-03-21T13:44:53","slug":"praha-dresdenas-5-d-autobusu-grupe-tik-is-lietuvos","status":"publish","type":"product","link":"https:\/\/www.atravel.lt\/en\/product\/praha-dresdenas-5-d-autobusu-grupe-tik-is-lietuvos\/","title":{"rendered":"PRAHA &#8211; DRESDENAS 5 d. (autobusu) GRUP\u0116 TIK I\u0160 LIETUVOS!"},"content":{"rendered":"<p><span style=\"font-size:14px\"><strong>1 day <\/strong><\/span><\/p>\n<p><span style=\"font-size:14px\">\u2022 Anksti ryte i&scaron;vykstame i&scaron; Vilniaus ir Kauno.<br \/> \u2022 Kelion\u0117 per Lietuvos ir Lenkijos teritorij\u0105.<br \/> \u2022 Atvykstame \u012f Var&scaron;uv\u0105.<br \/> \u2022 Ekskursija po Var&scaron;uvos senamiest\u012f.<br \/> \u2022 Piet\u016bs (papildomas mokestis).<br \/> \u2022 T\u0119siame kelion\u0119 per Lenkijos teritorij\u0105.<br \/> \u2022 Atvykstame \u012f vie&scaron;but\u012f.<br \/> - Recreation.<br \/> \u2022 Nakvyn\u0117 vie&scaron;butyje.<\/span><\/p>\n<p><span style=\"font-size:14px\">Ap\u017evalgin\u0117s ekskursijos po Var&scaron;uv\u0105 metu ap\u017ei\u016br\u0117sime Pilies aik&scaron;t\u0119 su \u017dygimanto III Vasos kolona. Pilies aik&scaron;t\u0117 yra viduram\u017ei\u0173 senamiestyje, gars\u0117jan\u010diame nuostabiais pastatais ir siauromis gatvel\u0117mis. Aik&scaron;t\u0117 tapo tradicine masini\u0173 rengini\u0173 ir did\u017ei\u0173j\u0173 koncert\u0173 vieta. Pagrindin\u0119 viet\u0105 Var&scaron;uvos pilies aik&scaron;t\u0117je u\u017eima Karali&scaron;koji pilis, kuri yra nacionalin\u0117s kult\u016bros paminklas, nuolatini\u0173 ir laikin\u0173 senov\u0117s meno parod\u0173 ekspozicij\u0173, taip pat oficiali\u0173 susitikim\u0173, koncert\u0173, simpozium\u0173 vieta. Toliau aplankysime turgaus aik&scaron;t\u0119, kur viskas paruo&scaron;ta turistams: menininkai si\u016blo savo paveikslus, koncertuoja gatv\u0117s muzikantai ir aktoriai, kursuoja senasis transportas. Turgaus aik&scaron;t\u0117je yra undin\u0117s skulpt\u016bra \u2013 tai pagrindinis miesto simbolis. Var&scaron;uva yra viena i&scaron; nedaugelio Europos sostini\u0173, kur vis dar i&scaron;saugotos miesto sienos. Dviguba miesto sien\u0173 eil\u0117 buvo pastatyta nuo XIV am\u017eiaus pirmosios pus\u0117s iki XVI am\u017eiaus vidurio. Juos sutvirtino bok&scaron;tai ir fortai. Seniausias i&scaron;lik\u0119s \u012ftvirtinim\u0173 elementas yra Barbakanas, kur\u012f sen\u0173j\u0173 miesto vart\u0173 vietoje pastat\u0117 Venecijos meistras Janbattista, nor\u0117damas apginti Naujuosius vartus. &Scaron;iaurin\u0117 Barbikano dalis yra i&scaron;likusi kaip rotu&scaron;\u0117s i&scaron;orin\u0117 siena. Ji yra sustiprinta keturiais puslankiu bok&scaron;tais. Po Antrojo pasaulinio karo niokojimo Barbakano ir dalis miesto sienos buvo atstatyti. Toliau pamatysime &Scaron;v. Jono katedros ba\u017eny\u010di\u0105 ir &Scaron;v. Onos ba\u017eny\u010di\u0105.<\/span><\/p>\n<p><span style=\"font-size:14px\"><strong>Day 2 <\/strong><\/span><\/p>\n<p><span style=\"font-size:14px\">\u2022 Pusry\u010diai vie&scaron;butyje (perkant ekskursij\u0173 paket\u0105 pusry\u010diai \u012fskai\u010diuoti).<br \/> \u2022 I&scaron;siregistravimas i&scaron; vie&scaron;bu\u010dio.<br \/> \u2022 Vykstame link Dresdeno.<br \/> \u2022 Ekskursija po Dresdeno miest\u0105 (\u012f\u0117jimo bilietai \u012f mokamus objektus apmokami pa\u010di\u0173 keliautoj\u0173).<br \/> \u2022 Pageidaujantiems si\u016blome vakarien\u0119 alaus darykloje &#8211; 30 \u20ac\/asm. (apmokama kelion\u0117s metu).<br \/> \u2022Vykstame \u012f vie&scaron;but\u012f.<br \/> - Recreation<br \/> \u2022Nakvyn\u0117 vie&scaron;butyje. <\/span><\/p>\n<p><span style=\"font-size:14px\">Dresdenas yra vienas gra\u017eiausi\u0173 miest\u0173 Vokietijoje, ypatingai suklest\u0117j\u0119s 18 a. Tuo metu jis tapo kult\u016bros centru ir mieste buvo pastatyta daug gra\u017ei\u0173 pastat\u0173. Deja, nema\u017ea dalis j\u0173 buvo sugriauta per Antr\u0105j\u012f pasaulin\u012f kar\u0105, v\u0117liau jie buvo atstatyti.<\/span><\/p>\n<p><span style=\"font-size:14px\">Vienas i&scaron; Dresdeno simboli\u0173 \u2013 tai didingas Saksonijos operos teatras. &Scaron;is neo renesansinio stiliaus pastatas i&scaron;kilo 19 am\u017eiaus antrojoje pus\u0117je. Pagrindin\u0117s miesto ba\u017eny\u010dios \u2013 tai barokin\u0117 Hofkirche, arba Auk&scaron;toji ba\u017eny\u010dia, ir 18 a. pastatyta Dievo motinos ba\u017eny\u010dia.<\/p>\n<p> Pageidaujantiems si\u016blome vakarien\u0119 alaus darykloje &#8211; 30 \u20ac\/asm. (apmokama kelion\u0117s metu).<\/span><\/p>\n<p><span style=\"font-size:14px\"><strong>Day 3 <\/strong><\/span><\/p>\n<p><span style=\"font-size:14px\">\u2022 Pusry\u010diai vie&scaron;butyje (perkant ekskursij\u0173 paket\u0105 pusry\u010diai \u012fskai\u010diuoti).<br \/> \u2022 I&scaron;siregistravimas i&scaron; vie&scaron;bu\u010dio.<br \/> \u2022 Vykstame \u012f Prah\u0105.<br \/> \u2022 Ekskursij\u0105 p\u0117s\u010diomis po Prahos senamiest\u012f.<br \/> \u2022 Po ekskursijos vykstame \u012f vie&scaron;but\u012f.<br \/> \u2022 Pageidaujantiems vakare u\u017e papildom\u0105 mokest\u012f si\u016blome pasiplaukiojim\u0105 Vltavos upe su vakariene &#8211; 30 \u20ac\/asm. (apmokama kelion\u0117s metu).<br \/> \u2022 Vykstame \u012f vie&scaron;but\u012f.<br \/> \u2022 \u012esik\u016brimas vie&scaron;butyje.<br \/> \u2022 Pageidaujantiems si\u016blome vakarin\u0119 ekskursij\u0105 &#8222;Prahos legendos&#8221; (papildomas mokestis -15 \u20ac\/asm.).<br \/> - Recreation.<br \/> \u2022 Nakvyn\u0117 vie&scaron;butyje.<\/span><\/p>\n<p><span style=\"font-size:14px\">Ap\u017evalgin\u0117 ekskursija p\u0117s\u010diomis po Prah\u0105 \u2013 nuostabaus likimo miest\u0105, kuris nuo X am\u017eiaus i&scaron;laik\u0117 savo didmies\u010dio pad\u0117t\u012f ir nepamir&scaron;tam\u0105 \u017eaving\u0105 viduram\u017ei&scaron;k\u0105 i&scaron;vaizd\u0105. Pasivaik&scaron;\u010diojim\u0105 po viduram\u017ei\u0173 Prah\u0105 prad\u0117sime nuo Prahos pilies \u2013 unikalaus architekt\u016bros paminklo, kuris buvo \u010cekijos valdov\u0173 rezidencija. Ap\u017ei\u016br\u0117sime &Scaron;v. Vito katedr\u0105 \u2013 pagrindin\u012f gotikin\u0117s architekt\u016bros paminkl\u0105 \u010cekijoje, kur vyko valdan\u010di\u0173j\u0173 asmen\u0173 kar\u016bnavimas, ap\u017ei\u016br\u0117sime eleganti&scaron;k\u0105 &Scaron;v. Jurgio bazilik\u0105 \u2013 dar vien\u0105 Prahos gotikos pavyzd\u012f. Ap\u017evalgin\u0117s ekskursijos metu pasivaik&scaron;\u010diosime Karolio tiltu, o norintys gal\u0117s sugalvoti nor\u0105 prie vieno i&scaron; miesto glob\u0117j\u0173 \u2013 Jono Nepomuko skulpt\u016bros. Eidami vingiuotomis Prahos gatv\u0117mis pasieksime Senamies\u010dio aik&scaron;t\u0119, kur astronominis laikrodis ant senosios rotu&scaron;\u0117s pastato jau kelis &scaron;imtme\u010dius kas valand\u0105 matuoja laiko slenkst\u012f varp\u0173 skamb\u0117jimu ir 12 apa&scaron;tal\u0173 procesija. Ap\u017ei\u016br\u0117sime garsi\u0105j\u0105 &Scaron;v. Mikalojaus ba\u017eny\u010di\u0105, paminkl\u0105 Janui Husui ir Marijos ba\u017eny\u010di\u0105, o tada viduram\u017ei&scaron;komis gatv\u0117mis eisime \u012f pagrindin\u0119 naujojo miesto aik&scaron;t\u0119 \u2013 Vaclavo aik&scaron;t\u0119.<\/span><\/p>\n<p><span style=\"font-size:14px\">Vakare pageidaujant kelion\u0117 laivu Vltavos upe su vakariene (papildomas mokestis ~ 30 \u20ac\/asm., mokama mar&scaron;rute). Svarbiausias traukos objektas, be kurio neb\u016bt\u0173 Prahos \u2013 Vltavos up\u0117 su slenks\u010diais, d\u0117l kuri\u0173 ir buvo suteikstas toks vardas \u010cekijos sostinei. Vaik&scaron;\u010diodami Vltavos krantine bet kurioje miesto vietoje gal\u0117site gro\u017e\u0117tis didinga Prahos architekt\u016bra ir, be jokios abejon\u0117s, d\u017eiugins kiekvienas pastatas. Ta\u010diau kol nepraplauksite laivu Prahoje, negal\u0117site \u012fvertinti viso jos gro\u017eio.<\/p>\n<p> <strong>Day 4 <\/strong><\/span><\/p>\n<p><span style=\"font-size:14px\">\u2022 Pusry\u010diai vie&scaron;butyje (perkant ekskursij\u0173 paket\u0105 pusry\u010diai \u012fskai\u010diuoti).<br \/> \u2022 I&scaron;siregistravimas i&scaron; vie&scaron;bu\u010dio.<br \/> \u2022 Ekskursin\u0117 i&scaron;vyka \u012f Loket pil\u012f (\u012f\u0117jimo \u012f pil\u012f bilietai apmokami pa\u010di\u0173 keliautoj\u0173: suaugusiems ~ 10 \u20ac\/asm., vaikams 6-18 met\u0173 ~ 8 \u20ac\/asm.).<br \/> \u2022 Ekskursin\u0117 i&scaron;vyka \u012f Karlovy Vary.<br \/> - Free time after the tour.<br \/> \u2022 Vykstame link Lenkijos.<br \/> \u2022 \u012esik\u016brimas vie&scaron;butyje.<br \/> - Recreation.<br \/> \u2022 Nakvyn\u0117 vie&scaron;butyje.<\/p>\n<p> Loket pilis yra \u010cekijos vakaruose, netoli Karlovy Vary kurorto, Ohr\u0117s up\u0117s pakrant\u0117je. Loketo pilis pirm\u0105 kart\u0105 istoriniuose dokumentuose pamin\u0117ta 1234 m., \u010cekijos Loket pilyje taip pat vyko ir filmo \u201eCasino Royale\u201c filmavimas.<\/span><\/p>\n<p><span style=\"font-size:14px\">Si\u016blome jums ekskursij\u0173 program\u0105 \u012f Karlovy Vary. Karlovy Vary yra kurortas, \u012fsik\u016br\u0119s vaizdingame pap\u0117d\u0117s miestelyje, Teplas up\u0117s sl\u0117nyje. Karlovy Vary pasaulin\u0119 &scaron;lov\u0119 peln\u0117 gamtos d\u0117ka, kuri vietos region\u0105 apdovanojo gydomaisiais mineraliniais &scaron;altiniais. Prireik\u0117 &scaron;imtme\u010di\u0173, kol \u017emon\u0117s atpa\u017eino gyvyb\u0119 teikian\u010di\u0105 Karlovy Vary vandens gali\u0105. Ir kai tai atsitiko, &scaron;ioje vietoje i&scaron;augo miestas \u2013 Karlovy Vary, kuris taip harmoningai \u012fsiliejo \u012f kaln\u0173 kra&scaron;tovaizd\u012f, papuo&scaron;t\u0105 mi&scaron;kingais &scaron;laitais.<\/span><\/p>\n<p><span style=\"font-size:14px\">&Scaron;iandien Karlovy Vary yra ideali vieta sielai ir k\u016bnui gydyti. \u010cia vie&scaron;patauja tyla ir ramyb\u0117. \u010cia atvyksta \u017emon\u0117s, kurie moka vertinti gro\u017e\u012f ir sveikat\u0105, kuriems sveika gyvensena yra raktas \u012f s\u0117km\u0119 ir tobulum\u0105. Ties\u0105 sakant, Karlovy Vary n\u0117ra tik kurortas \u2013 tai muziej\u0173 miestas. Ir nors dauguma &scaron;iandienini\u0173 pastat\u0173 i&scaron;kilo XIX am\u017eiaus pabaigoje, \u010dia i&scaron;liko daug ankstyv\u0173j\u0173 architekt\u016bros paminkl\u0173. Pavyzd\u017eiui, Karolio Ketvirtojo pilies bok&scaron;tas, sta\u010diatiki\u0173 &scaron;vent\u0173j\u0173 Petro ir Povilo katedra, &Scaron;v. Marijos Magdaliet\u0117s katedra.<\/p>\n<p> <strong>Day 5 <\/strong><\/span><\/p>\n<p><span style=\"font-size:14px\">\u2022 Pusry\u010diai vie&scaron;butyje (perkant ekskursij\u0173 paket\u0105 pusry\u010diai \u012fskai\u010diuoti).<br \/> \u2022 I&scaron;siregistravimas i&scaron; vie&scaron;bu\u010dio.<br \/> - Travelling through Poland.<br \/> \u2022 Nakt\u012f atvykstame \u012f namus.<\/span><\/p>","protected":false},"excerpt":{"rendered":"<p>1 diena \u2022 Anksti ryte i&scaron;vykstame i&scaron; Vilniaus ir Kauno. \u2022 Kelion\u0117 per Lietuvos ir Lenkijos teritorij\u0105. \u2022 Atvykstame \u012f Var&scaron;uv\u0105. \u2022 Ekskursija&#8230;<\/p>","protected":false},"featured_media":11937,"comment_status":"open","ping_status":"closed","template":"","meta":{"om_disable_all_campaigns":false,"_monsterinsights_skip_tracking":false,"_monsterinsights_sitenote_active":false,"_monsterinsights_sitenote_note":"","_monsterinsights_sitenote_category":0},"product_brand":[],"product_cat":[669],"product_tag":[],"class_list":{"0":"post-12702","1":"product","2":"type-product","3":"status-publish","4":"has-post-thumbnail","6":"product_cat-keliones","8":"first","9":"instock","10":"virtual","11":"taxable","12":"purchasable","13":"product-type-simple"},"aioseo_notices":[],"_links":{"self":[{"href":"https:\/\/www.atravel.lt\/en\/wp-json\/wp\/v2\/product\/12702","targetHints":{"allow":["GET"]}}],"collection":[{"href":"https:\/\/www.atravel.lt\/en\/wp-json\/wp\/v2\/product"}],"about":[{"href":"https:\/\/www.atravel.lt\/en\/wp-json\/wp\/v2\/types\/product"}],"replies":[{"embeddable":true,"href":"https:\/\/www.atravel.lt\/en\/wp-json\/wp\/v2\/comments?post=12702"}],"wp:featuredmedia":[{"embeddable":true,"href":"https:\/\/www.atravel.lt\/en\/wp-json\/wp\/v2\/media\/11937"}],"wp:attachment":[{"href":"https:\/\/www.atravel.lt\/en\/wp-json\/wp\/v2\/media?parent=12702"}],"wp:term":[{"taxonomy":"product_brand","embeddable":true,"href":"https:\/\/www.atravel.lt\/en\/wp-json\/wp\/v2\/product_brand?post=12702"},{"taxonomy":"product_cat","embeddable":true,"href":"https:\/\/www.atravel.lt\/en\/wp-json\/wp\/v2\/product_cat?post=12702"},{"taxonomy":"product_tag","embeddable":true,"href":"https:\/\/www.atravel.lt\/en\/wp-json\/wp\/v2\/product_tag?post=12702"}],"curies":[{"name":"wp","href":"https:\/\/api.w.org\/{rel}","templated":true}]}}