{"id":12701,"date":"2026-03-21T15:44:53","date_gmt":"2026-03-21T13:44:53","guid":{"rendered":"https:\/\/www.atravel.lt\/produktas\/vokietija-sveicarija-autobusu-grupe-tik-is-lietuvos\/"},"modified":"2026-03-21T15:44:53","modified_gmt":"2026-03-21T13:44:53","slug":"vokietija-sveicarija-autobusu-grupe-tik-is-lietuvos","status":"publish","type":"product","link":"https:\/\/www.atravel.lt\/en\/product\/vokietija-sveicarija-autobusu-grupe-tik-is-lietuvos\/","title":{"rendered":"VOKIETIJA &#8211; \u0160VEICARIJA (autobusu) GRUP\u0116 TIK I\u0160 LIETUVOS!"},"content":{"rendered":"<p><strong>1 day <\/strong><\/p>\n<p>\u2022 I&scaron;vykimas i&scaron; Vilniaus ir Kauno.<br \/> - Travelling through Poland.<br \/> \u2022 Nakvyn\u0117 vie&scaron;butyje (Lenkijoje).<\/p>\n<p><strong>Day 2 <\/strong><\/p>\n<p>\u2022 Pusry\u010diai vie&scaron;butyje (perkant ekskursij\u0173 paket\u0105 pusry\u010diai \u012fskai\u010diuoti).<br \/> \u2022 I&scaron;siregistravimas i&scaron; vie&scaron;bu\u010dio.<br \/> \u2022 T\u0119siame kelion\u0119.<br \/> \u2022 Atvykstame \u012f Niurnberg\u0105.<br \/> \u2022 Pasivaik&scaron;\u010diojimas po Niurnberg\u0105.<br \/> \u2022 T\u0119siame kelion\u0119 per Vokietijos teritorj\u0105.<br \/> \u2022 Vykstame \u012f vie&scaron;but\u012f (Pranc\u016bzijos \u2013 Vokietijos teritorijoje).<br \/> \u2022 \u012esik\u016brimas vie&scaron;butyje.<br \/> \u2022 Nakvyn\u0117 vie&scaron;butyje.<\/p>\n<p>Niurnbergas \u2013 modernus miestas, kuriame gyvena pus\u0117 milijono gyventoj\u0173. Miestas yra kupinas ypatingos atmosferos ir jaukumo, kvie\u010diantis pasivaik&scaron;\u010dioti, aplankyti ir atrasti. &Scaron;i ypatinga miesto dvasia gerai jau\u010diama senamiestyje su daugybe lankytin\u0173 viet\u0173 ir labai prieinamomis parduotuv\u0117mis. Gatv\u0117s muzikantai i&scaron; vis\u0173 pasaulio kampeli\u0173 groja &Scaron;v. Lorenco ba\u017eny\u010dios &scaron;e&scaron;\u0117lyje, o &scaron;iuolaikiniai gyvenimo \u017einovai susitinka &scaron;iltais vasaros vakarais prie Diurerio namo. B\u016btent tai yra patrauklus Niurnbergas \u2013 harmoningas seno ir naujo, &scaron;iuolaikinio ir istorinio gyvenimo bei istorijos samb\u016bvis. Niurnberge rasite daug staigmen\u0173. Pamatysime dorybi\u0173 fontan\u0105, Lorenzkirche ir &Scaron;ventosios Dvasios ba\u017eny\u010di\u0105, atidaryt\u0105 1331 m. ir kuri tebeveikia iki dabar, aplankysime Pilies uol\u0105, kur yra imperatori&scaron;koji pilis, Pilato namas, pasivaik&scaron;\u010diosime po miest\u0105 juosian\u010dias tvirtov\u0117s sienas, eisime \u012f turgaus aik&scaron;t\u0119, kurioje yra Frauenkirche ba\u017eny\u010dia su senu laikrod\u017eiu, kuriame u\u017efiksuotas 1356 met\u0173 \u012fvykis \u2013 imperatoriaus Karolio IV priimtas \u201eAuksinis bulius\u201c.<\/p>\n<p><strong>Day 3 <\/strong><\/p>\n<p>\u2022 Pusry\u010diai vie&scaron;butyje (perkant ekskursij\u0173 paket\u0105 pusry\u010diai \u012fskai\u010diuoti).<br \/> \u2022 Vykstame \u012f Ciurich\u0105 ir Liucern\u0105.<br \/> \u2022 Pakeliui sustojimas prie Reino kriokli\u0173 (papildomas mokestis ~1 \u20ac\/asm.)<br \/> \u2022 T\u0119siame kelion\u0119 link Ciuricho.<br \/> \u2022 Ekskursija po Ciuricho senamiest\u012f.<br \/> \u2022 Vykstame \u012f Liucern\u0105.<br \/> \u2022 Ekskursija po Liucernos miesto senamiest\u012f.<br \/> \u2022 Sugr\u012f\u017etame \u012f vie&scaron;but\u012f.<br \/> - Recreation.<br \/> \u2022 Nakvyn\u0117 vie&scaron;butyje.<\/p>\n<p>Reino krioklys yra did\u017eiausias krioklys Europoje. \u010cia pos\u016bkyje up\u0117 siekia 150 m plot\u012f, o vanduo krenta i&scaron; 21 m auk&scaron;\u010dio. Grandiozinis, nepamir&scaron;tamas reginys! Galite pasivaik&scaron;\u010dioti palei krantin\u0119 ir nusileisti laiptais \u017eemyn \u012f \u017eali\u0105 vandens pavir&scaron;i\u0173.<\/p>\n<p> Toliau vykstame \u012f Ciurich\u0105. Ekskursija po Ciurich\u0105.<\/p>\n<p> Ciurichas \u2013 miestas, kurio gyvenimo kokyb\u0117 yra auk&scaron;\u010diausia. Tai yra did\u017eiausias &Scaron;veicarijos ekonominis ir kult\u016brinis centras ir tuo pa\u010diu d\u0117l unikalaus kra&scaron;tovaizd\u017eio ir architekt\u016bros derinio vienas gra\u017eiausi\u0173 Europos miest\u0173. Jaukiai \u012fsik\u016br\u0119s tarp dviej\u0173 kaln\u0173 ir viduryje supjaustytas Limmato up\u0117s miestas amfiteatru pakyla &scaron;laitais ir atsiveria i&scaron; abiej\u0173 Ciuricho e\u017eero pusi\u0173 su savo geriausiais fasadais. Puikiu oru vir&scaron; horizonto i&scaron;kyla &Scaron;veicarijos Alpi\u0173 panorama.<\/p>\n<p> Limmato up\u0117 padalija miest\u0105 \u012f dvi dalis. Kairiajame Limmat up\u0117s krante yra modern\u016bs prekybos rajonai, o de&scaron;iniajame \u2013 istorinis centras su siaurose gatvel\u0117se stovin\u010diais senais namais, kuriuos aplankysime ekskursijos metu. Mums pasiseks pamatyti Rotu&scaron;\u0117s pastat\u0105, garsi\u0105j\u0105 gotikin\u0119 Fraumunsterio ba\u017eny\u010di\u0105, papuo&scaron;t\u0105 penkiais paties Marco Chagallo sukurtais vitra\u017eais. Iki j\u0173 \u012frengimo 1970 m. Fraum&uuml;nster buvo \u017einomas tik d\u0117l ne\u012fprastos architekt\u016bros \u2013 \u201evienkupol\u0117\u201c ba\u017eny\u010dia buvo pastatyta ne pagal kanon\u0105. Atsiradus vitra\u017eams, gotikin\u0117 katedra peln\u0117 pasaulin\u0119 &scaron;lov\u0119. Meistras prie vitra\u017e\u0173 k\u016brimo dirbo dvejus metus ir, nepaisant vyresnio am\u017eiaus (tuo metu, kai buvo baigtas darbas, Chagallui jau buvo 83 metai), ne tik dar\u0117 eskizus, bet ir pats apdirbo stiklo pavir&scaron;i\u0173. Toliau aplankysime vien\u0105 i&scaron; miesto simboli\u0173 \u2013 Grossm&uuml;nstr, vyksime \u012f &scaron;iaurin\u0119 Ciuricho e\u017eero pakrant\u0119 ir aplankysime Bahnhofstrasse, kur, pasak legendos, anks\u010diau buvo Varli\u0173 griovys.<\/p>\n<p> Toliau vykstame \u012f Liucern\u0105 (*\u017eiemos sezonu \u201evakarin\u0117 Liucerna\u201c).<\/p>\n<p> Liucerna \u2013 pagrindinis centrin\u0117s &Scaron;veicarijos miestas, \u012fsik\u016br\u0119s prie \u201eKeturi\u0173 kanton\u0173\u201c Firwaldst&auml;t e\u017eero, j\u012f supa kalvos ir kalnai.<\/p>\n<p> B\u016bdama geografiniu ir istoriniu &scaron;alies centru kelis &scaron;imtme\u010dius ji buvo laikoma nepripa\u017einta &Scaron;veicarijos sostine.<\/p>\n<p> Pamatysime j\u0117zuit\u0173 ba\u017eny\u010di\u0105, pastatyt\u0105 baroko stiliumi, Vyriausyb\u0117s r\u016bmus, pastatytus XVI am\u017eiuje, pasivaik&scaron;\u010diosime Kapelbr&uuml;cku \u2013 seniausiu Europoje mediniu ir dengtu tiltu, pastatytu 1300 m. ir papuo&scaron;t\u0105 XVII am\u017eiaus paveikslais, pasieksime Spreiberbrucko tilt\u0105, papuo&scaron;t\u0105 alegoriniais paveikslais \u201eMirties &scaron;okis&#8221;. Aplankysime gars\u0173j\u012f skulptoriaus Torvaldseno paminkl\u0105 \u201eMir&scaron;tantis li\u016btas&#8221;, pastatyt\u0105 &scaron;veicar\u0173 sargybini\u0173 garbei, kurie Pranc\u016bzijos revoliucijos metu iki pus\u0117s atod\u016bsio gyn\u0117 karali&scaron;kus Tuilery r\u016bmus. Markas Tvenas apra&scaron;\u0117 skulpt\u016br\u0105 kaip vien\u0105 li\u016bdniausi\u0173 paminkl\u0173 pasaulyje. Pasivaik&scaron;\u010diosime po Liucernos e\u017eero pakrant\u0119 \u2013 Firwaldstet.<\/p>\n<p><strong>Day 4 <\/strong><\/p>\n<p>\u2022 Pusry\u010diai vie&scaron;butyje (perkant ekskursij\u0173 paket\u0105 pusry\u010diai \u012fskai\u010diuoti).<br \/> \u2022 Vykstame link pranc\u016bzi&scaron;kos &Scaron;veicarijos<br \/> \u2022 Ekskursin\u0117 i&scaron;vyka \u201e\u017deneva \u2013 Vev\u0117 \u2013 Montr\u0117\u201c.<br \/> \u2022 &Scaron;iljono pilies lankymas (\u012f\u0117jimo bilietus apmoka patys keliautojai ~13,5 CHF).<br \/> \u2022 Vykstame \u012f vie&scaron;but\u012f.<br \/> \u2022 Nakvyn\u0117 vie&scaron;butyje.<\/p>\n<p>\u017denevos e\u017eeras tokio \u012fsp\u016bdingo dyd\u017eio, kad net turi savo atosl\u016bgius. Pamatysime Monblan\u0105 \u2013 auk&scaron;\u010diausi\u0105 Vakar\u0173 Europos vir&scaron;\u016bn\u0119. B\u016btent &scaron;ioje &Scaron;veicarijos srityje daugyb\u0117 aktori\u0173, ra&scaron;ytoj\u0173, daininink\u0173 ie&scaron;kojo ramyb\u0117s ir \u012fkv\u0117pimo: Audrey Hepburn, Isabelle Adjani, Alain Delon, Freddy Mercury, G. H. Andersenas, C. Dickensas, I. Stravinskis ir daugelis kit\u0173.<\/p>\n<p> Ekskursijos metu \u017denevoje pirmiausia pasigro\u017e\u0117sime \u017dedo (Jet d\u2018Eau) fontanu, kuris yra tituluojamas miesto simboliu. Pasivaik&scaron;\u010diosime Monblan pakrante. V\u0117liau aplankysime Angli&scaron;ko stiliaus park\u0105, kuriame yra \u017eymusis laikrodis i&scaron; g\u0117li\u0173. Laikrodis sukurtas i&scaron; 6000 augal\u0173.<\/p>\n<p> T\u0119siame ekskursij\u0105 ir vykstame \u012f miesto centr\u0105; pirmiausia, i&scaron; i&scaron;or\u0117s ap\u017ei\u016br\u0117sime \u012fsp\u016bding\u0105j\u0105 &Scaron;v. Petro katedr\u0105. B\u016btent &scaron;ioje katedroje savo pamokslus sak\u0117 kalvinizmo pradininkas \u017danas Kalvinas, d\u0117ka kurio dar XVI a. visas pasaulis \u017denev\u0105 prad\u0117jo vadinti protestanti&scaron;k\u0105ja Roma.<\/p>\n<p> Ekskursijos metu taip pat pamatysime ir sen\u0105j\u012f arsenal\u0105, kuris puo&scaron;tas spalvinga mozaika, atvaizduojan\u010dia miesto gyvenim\u0105, Rotu&scaron;\u0119, kurioje &scaron;iuo metu dirba \u017denevos kantono vald\u017eia ir buvo priimta \u017denevos konvencija d\u0117l \u017emogaus teisi\u0173, paminkl\u0105 Henriui Dunant, mauzoliej\u0173 Karlui II Braun&scaron;veicui ir vie&scaron;but\u012f, i&scaron; kurio \u012f savo paskutin\u0119 kelion\u0119 i&scaron;vyko \u017eymioji Austrijos \u2013 Vengrijos imperatorien\u0117 Amalija Eugenija El\u017ebieta, dar \u017einom\u0105 kaip Sisi.<\/p>\n<p> Pasivaik&scaron;\u010diosime De la Trei parke, kuriame yra ap\u017evalgos aik&scaron;tel\u0117, bei Bastijono parke, kuriame i&scaron; daugelio skulpt\u016br\u0173 sukurta kompozicija \u201eReformacijos &scaron;viesa\u201c.<\/p>\n<p> Laisvas laikas po ekskursijos \u017denevoje.<\/p>\n<p> T\u0119siame ekskursin\u0119 i&scaron;vyk\u0105 ir vykstame \u012f Vev\u0117.<\/p>\n<p> Kiekvienais metais Vev\u0117 mieste vyksta komedijini\u0173 film\u0173 festivalis. \u010carlio \u010caplino, kuris \u010dia gyveno paskutiniuosius 25 metus, gerb\u0117jai gal\u0117s nusifotografuoti &scaron;alia jo statulos.<\/p>\n<p> V\u0117liau vyksime \u012f \u017eydint\u012f miest\u0105 Montr\u0117. I&scaron; i&scaron;or\u0117s ap\u017ei\u016br\u0117sime \u012fsp\u016bding\u0105 vie&scaron;but\u012f \u201eMontr\u0117 Palace\u201c. &Scaron;iame vie&scaron;butyje gyveno ir k\u016br\u0117 Vladimiras Nabokovas, kuris para&scaron;\u0117 \u017eymi\u0105j\u0105 novel\u0119 \u201eLolita\u201c. Promenada papuo&scaron;ta skulpt\u016bromis, tiesiogiai susijusiomis su d\u017eiazu, primenan\u010diomis liepos m\u0117nes\u012f vykus\u012f tarptautin\u012f festival\u012f. Turgaus aik&scaron;t\u0117je \u012frengta Freddy Mercury statula primena, kad jis \u010dia gyveno 1991 m. ir \u012fra&scaron;\u0117 vien\u0105 i&scaron; paskutini\u0173j\u0173 savo album\u0173. Montr\u0117 yra poilsio vieta, kuri\u0105 galime pajusti vaik&scaron;\u010diodami Montr\u0117 pakrante.<\/p>\n<p> Montr\u0117 vadinama &Scaron;veicarijos Rivjera \u2013 XIX am\u017eiuje &scaron;is nedidelis \u017evej\u0173 ir vyndari\u0173 kaimelis tapo vieta, \u012f kuri\u0105 \u017emon\u0117s atvyksta atsipalaiduoti, pasveikti, pails\u0117ti viename i&scaron; prabangi\u0173 vie&scaron;bu\u010di\u0173, pasivaik&scaron;\u010dioti promenada ar pasiklausyti d\u017eiazo festivalio, vykusio kazino pastate.<\/p>\n<p> Tur\u0117sime galimyb\u0119 taip pat aplankyti &Scaron;iljono pil\u012f (\u012f\u0117jimo bilietus apmoka patys keliautojai ~13,50 CHF). Pilis pirm\u0105 kart\u0105 ra&scaron;ytiniuose &scaron;altiniuose pamin\u0117ta 1160 metais. Jos populiarumas pagr\u012fstas ne tik d\u0117l &scaron;imtme\u010dius skai\u010diuojan\u010dio statinio gro\u017eio, bet ir d\u0117l D\u017eord\u017eo Bairono para&scaron;ytos poemos \u201e&Scaron;iljono kalinys\u201c.<\/p>\n<p><strong>Day 5 <\/strong><\/p>\n<p>\u2022 Pusry\u010diai vie&scaron;butyje (perkant ekskursij\u0173 paket\u0105 pusry\u010diai \u012fskai\u010diuoti).<br \/> \u2022 I&scaron;siregistravimas i&scaron; vie&scaron;bu\u010dio.<br \/> \u2022 Vykstame \u012f Bern\u0105.<br \/> \u2022 Ekskursija po Berno miest\u0105.<br \/> \u2022 Laisvas laikas arba pageidaujant si\u016blome ekskursin\u0119 i&scaron;vyk\u0105 \u012f Interlakeno miestel\u012f (papildomas mokestis &#8211; 40 \u20ac\/asm.).<br \/> \u2022 Vykstame \u012f vie&scaron;but\u012f (Pranc\u016bzijos \u2013 Vokietijos teritorijoje).<br \/> \u2022 \u012esik\u016brimas vie&scaron;butyje.<br \/> \u2022 Nakvyn\u0117 vie&scaron;butyje.<\/p>\n<p>Bernas nepana&scaron;us \u012f jok\u012f miest\u0105. Bernas yra unikalus ir nepakartojamas. Tai yra vienas i&scaron; nedaugelio viduram\u017eiais \u012fkurt\u0173 miest\u0173, i&scaron;laikiusi\u0173 savo pirmin\u0119 i&scaron;vaizd\u0105 iki &scaron;i\u0173 dien\u0173. Keliaudamas \u012f &Scaron;veicarij\u0105 1779 m. G\u0117t\u0117 pa\u017eym\u0117jo: \u201eTai yra pats gra\u017eiausias miestas, kok\u012f tik esame mat\u0119\u201c.<\/p>\n<p> Jungtin\u0117s Tautos Bern\u0105 kartu su Roma, Florencija ir Egiptu paskelb\u0117 Pasaulio kult\u016bros objektu.<\/p>\n<p> Miestas, kur\u012f 1191 m. \u012fk\u016br\u0117 kunigaik&scaron;tis Bertoldas V pusiasalyje, suformuotame Ar\u0117s up\u0117s vingyje, gars\u0117ja tradicija laikyti lokius miesto centre. Me&scaron;kiukai yra kantono ir miesto simbolis, jie atiteko &scaron;veicarams dar Italijos kampanijos laikais. Pamatysime Federalinius vyriausyb\u0117s r\u016bmus, daugyb\u0119 fontan\u0173, puo&scaron;ian\u010di\u0173 miest\u0105, Berno teatr\u0105, laikrod\u017eio bok&scaron;t\u0105 su jo astronominiais laikrod\u017eiais ir varpeliais, kurie vaidina vis\u0105 spektakl\u012f. Ir, \u017einoma, pamatysime nam\u0105, kuriame gyveno Albertas Ein&scaron;teinas.<\/p>\n<p> Miunsterplaco aik&scaron;t\u0117je Katedra pakyla su 100 m. varpine ir Paskutiniojo teismo scena ant fasado, skyriaus pastato, gro\u017e\u0117sim\u0117s \u017eemutinio ir vir&scaron;utinio miest\u0173 panorama.<\/p>\n<p> Pageidaujantiems si\u016blome i&scaron;vyk\u0105 \u012f Interlaken\u0105, kriokli\u0173 sl\u0117n\u012f (papildomas mokestis &#8211; 25 \u20ac\/asm.).<\/p>\n<p> Anot Mendelsono: \u201eKas n\u0117ra mat\u0119s Interlakeno kra&scaron;tovaizd\u017eio, jam ne\u017einoma &Scaron;veicarija. Ne\u012fmanoma to apib\u016bdinti, nes \u017eod\u017eiai \u010dia yra bej\u0117giai &#8230; \u201c.<\/p>\n<p> \u012esik\u016br\u0119s &Scaron;veicarijos &scaron;irdyje ma\u017eas Interlakenas yra tarsi &scaron;uolis tarp dviej\u0173 pailg\u0173 e\u017eer\u0173 \u2013 Tuna ir Brienz. I&scaron; \u010dia ir kyla jo pavadinimas \u2013 \u201etarpe\u017eerinis\u201c.<\/p>\n<p> Kri&scaron;tolo skaidrumo vanduo, b\u0117gantis kaln\u0173 upeliais, banguojan\u010diais kriokliais, skaidriomis up\u0117mis, giliai m\u0117lynais e\u017eerais ir pursl\u0173 purslais, yra neatsiejama tiek paties Interlakeno, tiek jo apylinki\u0173 dalimi.<\/p>\n<p>Ekskursijos metu aplankysime Lauterbrunnen \u2013 tikr\u0105 &scaron;veicari&scaron;k\u0105 kaln\u0173 kaimel\u012f, \u012fsik\u016brus\u012f tarp Berno auk&scaron;tikalni\u0173. Lauterbrunnen yra 802 m auk&scaron;tyje, o b\u016btent \u010dia prasideda vadinamasis \u201eKriokli\u0173 sl\u0117nis\u201c. &Scaron;i vieta \u017eavi savo pasaki&scaron;ku kra&scaron;tovaizd\u017eiu ir ne kart\u0105 tapo nat\u016bralia filmavimo aik&scaron;tele \u2013 pavyzd\u017eiui, \u201e\u017died\u0173 valdove\u201c, kur rodoma elf\u0173 karalyst\u0117.<\/p>\n<p>Pagrindin\u0117 Lauterbrunneno \u012f\u017eymyb\u0117 \u2013 auk&scaron;\u010diausias &Scaron;veicarijoje 300 metr\u0173 &Scaron;taubbachas (Staubbach) krioklys. Vokie\u010di\u0173 poetas Johanas Volfgangas G\u0117t\u0117, lankydamasis \u010dia \u017eiem\u0105, palygino kriokl\u012f su p\u016bkuot\u0105 arklio uodeg\u0105 ir pavadino j\u012f \u201earklio uodega\u201c. \u012ekv\u0117ptas &scaron;io reginio, jis para&scaron;\u0117 garsi\u0105j\u0105 poem\u0105 \u201eDvasios daina vir&scaron; vanden\u0173\u201c.<\/p>\n<p>Norintiems dar \u012fsp\u016bdingesni\u0173 vaizd\u0173 \u2013 galimyb\u0117 keltuvu (papildomai apmokamas \u012f\u0117jimo bilietas ~17 CHF\/asm.) pakilti \u012f dar auk&scaron;tesn\u012f ta&scaron;k\u0105, kur i&scaron; ap\u017evalgos aik&scaron;tel\u0117s atsiveria kvap\u0105 gniau\u017eianti Berno Alpi\u0173 panorama: kalnai, vir&scaron;ijantys 4 km auk&scaron;t\u012f, tikri ledynai ir tyras kaln\u0173 oras.<\/p>\n<p><strong>Day 6 <\/strong><\/p>\n<p>\u2022 Pusry\u010diai vie&scaron;butyje (perkant ekskursij\u0173 paket\u0105 pusry\u010diai \u012fskai\u010diuoti).<br \/> \u2022 I&scaron;siregistravimas i&scaron; vie&scaron;bu\u010dio.<br \/> \u2022 Vykstame \u012f Viurcburg\u0105.<br \/> \u2022 Ekskursija po Viurcburgo miest\u0105.<br \/> - Free time.<br \/> \u2022 Kelion\u0117 link Lenkijos.<br \/> \u2022 \u012esik\u016brimas vie&scaron;butyje.<br \/> \u2022 Nakvyn\u0117 vie&scaron;butyje (Lenkijoje).<\/p>\n<p>Viurcburgas (vok. W&uuml;rzburg) \u2013 miestas Bavarijos federalin\u0117s \u017eem\u0117s &scaron;iaur\u0117s vakar\u0173 dalyje, kuris gars\u0117ja savo architekt\u016bra bei vynais, o Viurcburgo rezidencija &scaron;iandien yra vienas geriausi\u0173 baroko stiliaus pastat\u0173 Vokietijoje ir UNESCO pripa\u017einta Pasaulio paveldo objektu.<\/p>\n<p> Vaik&scaron;\u010diosime palei Meino up\u0117s krantin\u0119, ap\u017ei\u016br\u0117sime Marienbergo tvirtov\u0117s panoram\u0105, pasivaik&scaron;\u010diosime viduram\u017ei\u0173 tiltu, dekoruotu barokin\u0117mis &scaron;vent\u0173j\u0173 statulomis, aplankysime Viurcburgo vyskupo rezidencijos park\u0105 ir i&scaron;vysime nuostabius vyskupo r\u016bmus (vizualiai ap\u017ei\u016br\u0117sime). Vyksime prie &Scaron;v. Kiliano (miesto ir vyndari\u0173 glob\u0117jo) katedros. Pamatysime sen\u0105j\u0105 ir nauj\u0105j\u0105 rotu&scaron;\u0119 bei pasivaik&scaron;\u010diosime pasaki&scaron;komis miesto gatv\u0117mis ir padarysime daug gra\u017ei\u0173 nuotrauk\u0173.<\/p>\n<p><strong>Day 7 <\/strong><\/p>\n<p>\u2022 Pusry\u010diai vie&scaron;butyje (perkant ekskursij\u0173 paket\u0105 pusry\u010diai \u012fskai\u010diuoti).<br \/> - Travelling through Poland.<br \/> \u2022 Nakt\u012f\/pary\u010diais gr\u012f\u017eimas \u012f Lietuv\u0105.<\/p>","protected":false},"excerpt":{"rendered":"<p>1 diena \u2022 I&scaron;vykimas i&scaron; Vilniaus ir Kauno. \u2022 Kelion\u0117 per Lenkijos teritorij\u0105. \u2022 Nakvyn\u0117 vie&scaron;butyje (Lenkijoje). 2 diena \u2022 Pusry\u010diai vie&#038;scar&#8230;<\/p>","protected":false},"featured_media":11936,"comment_status":"open","ping_status":"closed","template":"","meta":{"om_disable_all_campaigns":false,"_monsterinsights_skip_tracking":false,"_monsterinsights_sitenote_active":false,"_monsterinsights_sitenote_note":"","_monsterinsights_sitenote_category":0},"product_brand":[],"product_cat":[669],"product_tag":[],"class_list":{"0":"post-12701","1":"product","2":"type-product","3":"status-publish","4":"has-post-thumbnail","6":"product_cat-keliones","8":"first","9":"instock","10":"virtual","11":"taxable","12":"purchasable","13":"product-type-simple"},"aioseo_notices":[],"_links":{"self":[{"href":"https:\/\/www.atravel.lt\/en\/wp-json\/wp\/v2\/product\/12701","targetHints":{"allow":["GET"]}}],"collection":[{"href":"https:\/\/www.atravel.lt\/en\/wp-json\/wp\/v2\/product"}],"about":[{"href":"https:\/\/www.atravel.lt\/en\/wp-json\/wp\/v2\/types\/product"}],"replies":[{"embeddable":true,"href":"https:\/\/www.atravel.lt\/en\/wp-json\/wp\/v2\/comments?post=12701"}],"wp:featuredmedia":[{"embeddable":true,"href":"https:\/\/www.atravel.lt\/en\/wp-json\/wp\/v2\/media\/11936"}],"wp:attachment":[{"href":"https:\/\/www.atravel.lt\/en\/wp-json\/wp\/v2\/media?parent=12701"}],"wp:term":[{"taxonomy":"product_brand","embeddable":true,"href":"https:\/\/www.atravel.lt\/en\/wp-json\/wp\/v2\/product_brand?post=12701"},{"taxonomy":"product_cat","embeddable":true,"href":"https:\/\/www.atravel.lt\/en\/wp-json\/wp\/v2\/product_cat?post=12701"},{"taxonomy":"product_tag","embeddable":true,"href":"https:\/\/www.atravel.lt\/en\/wp-json\/wp\/v2\/product_tag?post=12701"}],"curies":[{"name":"wp","href":"https:\/\/api.w.org\/{rel}","templated":true}]}}