{"id":12700,"date":"2026-03-21T15:44:53","date_gmt":"2026-03-21T13:44:53","guid":{"rendered":"https:\/\/www.atravel.lt\/produktas\/paryzius-berlynas-amsterdamas-autobusu-grupe-tik-is-lietuvos\/"},"modified":"2026-03-21T15:44:53","modified_gmt":"2026-03-21T13:44:53","slug":"paryzius-berlynas-amsterdamas-autobusu-grupe-tik-is-lietuvos","status":"publish","type":"product","link":"https:\/\/www.atravel.lt\/en\/product\/paryzius-berlynas-amsterdamas-autobusu-grupe-tik-is-lietuvos\/","title":{"rendered":"PARY\u017dIUS &#8211; BERLYNAS &#8211; AMSTERDAMAS (autobusu) GRUP\u0116 TIK I\u0160 LIETUVOS!"},"content":{"rendered":"<p><strong>1 day <\/strong><\/p>\n<p>\u2022 I&scaron;vykimas i&scaron; Lietuvos (Vilnius ir Kauno).<br \/> - Travelling through Poland.<br \/> \u2022 Apgyvendinimas vie&scaron;butyje.<br \/> \u2022 Nakvyn\u0117 vie&scaron;butyje.<\/p>\n<p><strong>Day 2<\/strong><\/p>\n<p>\u2022 Pusry\u010diai vie&scaron;butyje (perkant ekskursij\u0173 paket\u0105 pusry\u010diai \u012fskai\u010diuoti).<br \/> \u2022 Vykstame link Berlyno.<br \/> \u2022 \u012e Berlyno centr\u0105 vykstame vie&scaron;uoju transportu (vie&scaron;ojo transporto bilietai ne\u012fskai\u010diuoti, kaina ~3 \u20ac\/bilietas).<br \/> \u2022 Berlyne praleid\u017eiame 9 val.<br \/> \u2022 Ap\u017evalgin\u0117 ekskursija po Berlyn\u0105.<br \/> \u2022 Laisvas laikas Berlyne.<br \/> \u2022 Kelion\u0117 link Pary\u017eiaus.<br \/> \u2022 Naktis autobuse.<\/p>\n<p>Autobusas ne\u012fva\u017eiuoja \u012f miesto centr\u0105. \u012e miesto centr\u0105 vyksime vie&scaron;uoju transportu (~ 3 \u20ac\/vienas bilietas).<\/p>\n<p>Susitikim\u0105 su Berlynu prad\u0117sime nuo Reichstago ir Vyriausyb\u0117s kvartalo. Tada vyksime prie Brandenburgo vart\u0173 \u2013 pagrindinio istorinio miesto simbolio. Holokausto memoriale pagerbsime totalitarin\u0117s praeities auk\u0173 atminim\u0105. Pamatysime Grand Hotel Adlon, esant\u012f &scaron;alia Men\u0173 akademijos ir moderni\u0173 ambasados pastat\u0173. T\u0119sime pa\u017eint\u012f su Berlynu XVII\u2013XVIII a., valdant Frydrichui Did\u017eiajam ir jo pirmtakams. Aplankysime gra\u017eiausi\u0105 Berlyno aik&scaron;t\u0119 Gendarmenmart su didingu architekt\u016briniu kompleksu ir pagrindine sostin\u0117s koncert\u0173 sale, pasivaik&scaron;\u010diosime garsi\u0105ja Unter den Linden gatve, pamatysime Karali&scaron;k\u0105j\u0105 oper\u0105, Humboldto universitet\u0105, katalik\u0173 &Scaron;v. Jadvygos ba\u017eny\u010di\u0105, ne\u012fprast\u0105 paminkl\u0105 \u017euvusiems pasauliniuose karuose. Toliau \u201eMuziej\u0173 saloje\u201c su\u017einosime, kur ir kada prasid\u0117jo Berlynas, kokie pasaulio kult\u016bros lobiai saugomi Senajame ir Naujajame muziejuose bei didingajame Pergamone, gro\u017e\u0117sim\u0117s grandiozine Berlyno katedra. Ekskursij\u0105 baigsime pagrindin\u0117je istorin\u0117je Ryt\u0173 Berlyno aik&scaron;t\u0117je Alexanderplatz, kur yra seniausia Berlyne veikianti Marienkirche ba\u017eny\u010dia, Raudonoji rotu&scaron;\u0117, Nept\u016bno fontanas ir televizijos bok&scaron;tas \u2013 pretenzingiausias socialistinio laikotarpio pastatas. \u010cia, aik&scaron;t\u0117s teritorijoje, dar VDR laikais susiformavo did\u017eiausia Berlyne transporto ir prekybos infrastrukt\u016bra.<\/p>\n<p>Laisvu laiku tur\u0117site galimyb\u0119 savaranki&scaron;kai susipa\u017einti su Berlyno muziejais, apsilankyti Berlyno zoologijos sode, nusipirkti suvenyr\u0173, paragauti skani\u0173 voki&scaron;k\u0173 de&scaron;r\u0173 ir alaus, pasivaik&scaron;\u010dioti po naujas fantastin\u0117s modernios architekt\u016bros ir ne\u012fprasto dizaino zonas.<\/p>\n<p><strong>Day 3 <\/strong><\/p>\n<p>\u2022 Ryte padarysime kavos pertrauk\u0117l\u0119, gal\u0117site i&scaron;gerti kavos ir u\u017ek\u0105sti.<br \/> \u2022 Atvykstame \u012f Pary\u017ei\u0173.<br \/> \u2022 Ap\u017evalgin\u0117 ekskursija autobusu po Pary\u017ei\u0173.<br \/> \u2022 Pageidaujantiems si\u016blome pasiplaukiojim\u0105 laiveliais Senos upe (papildomas mokestis &#8211; 15 \u20ac\/asm.).<br \/> \u2022 Vykstame \u012f vie&scaron;but\u012f (Pary\u017eiaus apylink\u0117se).<br \/> \u2022 \u012esik\u016brimas vie&scaron;butyje.<br \/> - Free time.<br \/> \u2022 Nakvyn\u0117 vie&scaron;butyje.<\/p>\n<p>Ekskursijos metu susipa\u017einsime su tokiais Pary\u017eiaus lankytinais objektais kaip: Triumfo arka, Eifelio bok&scaron;tas, Eliziejaus laukai, Dideli ir ma\u017ei r\u016bmai, Aleksandro lll tiltas, Esplanade Invalid\u0173 Namai. \u201eIstorin\u0117 Pary\u017eiaus a&scaron;is\u201c \u2013 Santarv\u0117s aik&scaron;t\u0117, Tiuilri parkas ir Luvras. Sit\u0117 sala &#8211; Pary\u017eiaus lop&scaron;ys, kuriame yra Notre-Dame de Paris katedra ir pirmoji Pranc\u016bzijos karali\u0173 rezidencija \u2013 Konsjer\u017eeri pilis. Va\u017eiuosime per Lotyn\u0173 kvartal\u0105, ap\u017ei\u016br\u0117sime Panteon\u0105, Sorbonos ir Liuksemburgo sodus.<br \/> M\u016bs\u0173 p\u0117s\u010di\u0173j\u0173 ekskursijos mar&scaron;rutas eis prospektais ir bulvarais, tarp puiki\u0173 XVII \u2013 XIX am\u017eiaus pastat\u0173. Er\u0173 simboliai \u2013 Vandomo aik&scaron;t\u0117 ir Garnier Opera.<br \/> Pageidaujantiems si\u016blome leistis \u012f romanti&scaron;k\u0105 kelion\u0119 laivu Senos upe (papildomas mokestis -15 \u20ac\/asm., pasiplaukiojimo trukm\u0117 ~ 1 val.). I&scaron; vandens atsiveria nuostab\u016bs vaizdai \u012f Pary\u017eiaus krantines. Tur\u0117site galimyb\u0119 priart\u0117ti prie Eifelio bok&scaron;to, praplaukti po garsiausiais tiltais, apiplauksite Sit\u0117s sal\u0105 ir ap\u017ei\u016br\u0117site Notre Dame katedr\u0105 i&scaron; vis\u0173 pusi\u0173.<\/p>\n<p><strong>Day 4<\/strong><\/p>\n<p>\u2022 Pusry\u010diai vie&scaron;butyje (perkant ekskursij\u0173 paket\u0105 pusry\u010diai \u012fskai\u010diuoti).<br \/> \u2022 Ekskursin\u0117 i&scaron;vyka \u012f Fontenblo pil\u012f (papildomai apmokami \u012f\u0117jimo bilietai ~ 18 \u20ac\/asm.).<br \/> \u2022 Perve\u017eimas \u012f Versal\u012f.<br \/> \u2022 Pageidaujantys gal\u0117s apsilankyti Versalio r\u016bmuose (papildomas mokestis ~20 \u20ac + apsilankymas Versalio soduose \u2013 nuo 10 \u20ac).<br \/> \u2022 Sugr\u012f\u017etame \u012f Pary\u017ei\u0173.<br \/> \u2022 Pageidaujantiems si\u016blome paragauti pranc\u016bz\u0173 virtuv\u0119 Lotyn\u0173 kvartale tikrame pranc\u016bz\u0173 restorane su vaizdu \u012f Notre-Dame de Paris katedr\u0105 (papildomas mokestis &#8211; 25 \u20ac\/asm.\/grupinis meniu!).<br \/> \u2022 Pageidaujantiems si\u016blome ekskursin\u0119 program\u0105 \u201eVakarinis Pary\u017eius\u201c (papildomas mokestis \u2013 25 \u20ac\/asm.).<br \/> \u2022 V\u0117lai vakare gr\u012f\u017etame \u012f vie&scaron;but\u012f.<br \/> \u2022 Nakvyn\u0117 vie&scaron;butyje.<\/p>\n<p>Pili\u0173 ir muziej\u0173 lankymo diena.<br \/> Aplankysime garsi\u0105j\u0105 Fontenblo pil\u012f (papildomas mokestis, \u012f\u0117jimo bilietas ir audio gidas \u012fskai\u010diuoti \u012f kain\u0105 ~ 18 \u20ac\/asm.), kuri buvo pastatyta XII a. Fontenblo pilis &#8211; viena m\u0117gstamiausi\u0173 Pranc\u016bzijos karali\u0173 rezidencij\u0173. U\u017e unikal\u0173 menini\u0173 stili\u0173 derin\u012f, pravarde \u201ePranc\u016bz\u0173 architekt\u016bros Ab\u0117c\u0117le\u201c. Pilis gars\u0117ja originaliais Renesanso interjerais, paveiksl\u0173 ir dekoratyvin\u0117s dail\u0117s objekt\u0173 kolekcija, kuri\u0105 suk\u016br\u0117 geriausi Pranc\u016bzijos ir Italijos meistrai. Ovalus kiemas, puikus parkas su gra\u017eiomis skulpt\u016bromis, fontanais ir tvenkiniais, nukels Jus \u012f istorini\u0173 knyg\u0173 ir film\u0173 atmosfer\u0105.<\/p>\n<p>Perve\u017eimas \u012f Versal\u012f &#8211; garsiausi\u0105 karali&scaron;k\u0105j\u0105 rezidencij\u0105 pasaulyje. R\u016bm\u0173 ir parko kompleksas, kur\u012f u\u017esak\u0117 \u201esaul\u0117s karalius\u201c Liudvikas XIV, tapo etalonu vis\u0173 Europos XVII \u2013 XVIII am\u017ei\u0173 monarchams. Tai \u201egalanti&scaron;ko am\u017eiaus\u201c malon\u0117s ir pranc\u016bz\u0173 absoliutizmo galios \u012fsik\u016bnijimas. Versalis yra antras lankomiausias muziejus Pranc\u016bzijoje ir visame pasaulyje. Tur\u0117site galimyb\u0119 savaranki&scaron;kai aplankyti r\u016bmus (papildomas mokestis ~ 20 \u20ac\/asm., \u012f\u0117jimo bilietas ir audio gidas \u012fskai\u010diuoti \u012f kain\u0105), ir Versalio sodus (bilietai apmokami papildomai &#8211; nuo 10 \u20ac) arba savaranki&scaron;k\u0105 pasivaik&scaron;\u010dioti po miest\u0105, visai netoli muziejaus.<br \/> Gr\u012f\u017eimas \u012f Pary\u017ei\u0173.<\/p>\n<p>Free time.<\/p>\n<p>Pageidaujantys, tur\u0117s galimyb\u0119 savaranki&scaron;kai apsilankyti Luvro muziejuje (\u012f\u0117jimo bilietai yra u\u017esakomi ir perkami savaranki&scaron;kai).<\/p>\n<p>Luvras \u2013 ne tik architekt\u016bros paminklas, Pranc\u016bzijos karali\u0173 r\u016bmai, bet ir vienas \u017einomiausi\u0173 muziej\u0173 pasaulyje. Jame sukaupta turtingiausia \u012fvairi\u0173 eksponat\u0173 kolekcija. \u010cia galite rasti Asirijos r\u016bm\u0173 bareljef\u0173, Egipto paveiksl\u0173 ir daug daugiau.<\/p>\n<p>Vakarien\u0117 autenti&scaron;kame pranc\u016bz\u0173 restorane \u012fsik\u016brusiame legendiniame Lotyn\u0173 kvartale su vaizdu \u012f Notre Dame katedr\u0105 (grupinis meniu, papildomas mokestis \u2013 25 \u20ac\/asm.).<\/p>\n<p>Pageidaujantiems si\u016blome ekskursij\u0105 \u201eVakarinis Pary\u017eius\u201c (papildomas mokestis \u2013 25 \u20ac\/asm.).<br \/> Vakare miestas atrodo visai kitaip nei dienos metu. Pajusite lengvumo, neveiklumo ir flirto atmosfer\u0105, kuri\u0105 apsuptas Pary\u017eius. Va\u017eiuosime nuostabiais didingais bulvarais, matysime kabaretus, teatrus ir m\u0117gstamiausias pary\u017eie\u010di\u0173 atostog\u0173 vietas. Mes \u012fvertinsime visus architekt\u016bros prana&scaron;umus, kuriuos pabr\u0117\u017eia ap&scaron;vietimas. U\u017ekilsime \u012f Monmartro kalv\u0105, kur i&scaron; 130 metr\u0173 auk&scaron;\u010dio atsiveria geriausias vaizdas \u012f miest\u0105. Monmartras vadinamas \u201ePary\u017eiaus siela\u201c. Tai rajonas, turintis ypating\u0105 energij\u0105 ir kolorit\u0105, kuriame &scaron;alia egzistuoja senov\u0117s aik&scaron;t\u0117s, krik&scaron;\u010dioni\u0173 &scaron;ventov\u0117s ir bohemos institucijos. Siauros gatv\u0117s ir status Monmartro laiptai prisimena menininkus, ra&scaron;ytojus ir dailininkus, kurie tapo keli\u0173 kart\u0173 stabais. Tarp kuri\u0173: Tul\u016bza-Lautrecas, Gauguinas, Renoiras, Modigliani, Picasso, Delilah.<\/p>\n<p><strong>Day 5 <\/strong><\/p>\n<p>\u2022 Pusry\u010diai vie&scaron;butyje (perkant ekskursij\u0173 paket\u0105 pusry\u010diai \u012fskai\u010diuoti).<br \/> \u2022 I&scaron;siregistravimas i&scaron; vie&scaron;bu\u010dio.<br \/> \u2022 Ekskursija parfumerijos muziejuje Fragonard.<br \/> - Free time.<br \/> \u2022 Antros dienos pus\u0117je i&scaron;vykimas link Briuselio.<br \/> \u2022 Vakare atvykstame \u012f Briusel\u012f.<br \/> \u2022 Ekskursija p\u0117s\u010diomis po Briusel\u012f.<br \/> - Free time.<br \/> \u2022 Vykstame \u012f tranzitin\u012f vie&scaron;but\u012f.<br \/> \u2022 \u012esik\u016brimas vie&scaron;butyje.<br \/> \u2022 Nakvyn\u0117 vie&scaron;butyje.<\/p>\n<p>Netoli Grand Operos Scribe gatv\u0117je esantis Fragonard kvepal\u0173 muziejus yra neabejotinai garsiausias kvepal\u0173 muziejus pasaulyje. Tai tikrai unikalus Pary\u017eiaus lankytinas objektas, kuris u\u017etikrintai u\u017eima pagrindin\u0119 viet\u0105 tarp toki\u0173 &scaron;edevr\u0173 kaip Versalis ir Luvras. Ta\u010diau tai ne tik garsus kvap\u0173 muziejus, bet ir did\u017eiausias gro\u017eio centras.<\/p>\n<p>Antroje dienos pus\u0117je i&scaron;vykstame \u012f Belgij\u0105.<\/p>\n<p>Vakarin\u0117 ekskursija p\u0117s\u010diomis po istorin\u012f Briuselio centr\u0105. Briuselyje gausu lankytin\u0173 viet\u0173, tarp kuri\u0173 ypating\u0105 viet\u0105 u\u017eima Briuselio miesto \u201e&scaron;irdis\u201c ir gra\u017eiausia Europoje \u2013 Did\u017eioji aik&scaron;t\u0117, apsupta XVII a. pastatais. Kiekvienas turi savo pavadinim\u0105 ir kiekvienas priklaus\u0117 konkre\u010diai gildijai. &Scaron;ioje aik&scaron;t\u0117je yra gotikin\u0117s architekt\u016bros &scaron;edevras \u2013 miesto rotu&scaron;\u0117, kurioje dabar yra miesto savivaldyb\u0117, o vir&scaron;uje \u2013 90 metr\u0173 sargybos bok&scaron;tas su arkangelo Mykolo, Briuselio glob\u0117jo statula. B\u016btent Briuselyje stovi garsusis fontanas &#8211; statula \u201eBesi&scaron;lapinantis berniukas\u201c. Taip pat reikia pa\u017eym\u0117ti, kad Briuselyje yra seniausia neorenesanso prekybos pasa\u017eas Europoje &#8211; &Scaron;v. Huberto, atidarytas karaliaus Leopoldo I 1847 m., jame \u012fsik\u016br\u0117 brangios parduotuv\u0117s ir jaukios kavin\u0117s.<\/p>\n<p>Gal\u0117site paragauti ir \u012fsigyti garsi\u0173j\u0173 belgi&scaron;k\u0173 vafli\u0173 ir &scaron;okolado, taip pat pasigro\u017e\u0117site vietini\u0173 aud\u0117j\u0173 ir n\u0117rini\u0173 gamintoj\u0173 gaminiais kuriais gars\u0117ja &scaron;i &scaron;alis, nes Briuselis \u2013 estet\u0173, romantik\u0173 ir gurman\u0173 miestas.<\/p>\n<p><strong>Day 6 <\/strong><\/p>\n<p>\u2022 Pusry\u010diai vie&scaron;butyje (perkant ekskursij\u0173 paket\u0105 pusry\u010diai \u012fskai\u010diuoti).<br \/> \u2022 I&scaron;siregistravimas i&scaron; vie&scaron;bu\u010dio.<br \/> \u2022 Vykstame \u012f Amsterdam\u0105.<br \/> \u2022 Atvykstame \u012f Amsterdam\u0105.<br \/> \u2022 Pageidaujantiems si\u016blome ekskursij\u0105 p\u0117s\u010diomis po Amsterdam\u0105 (papildomas mokestis 10 \u20ac\/asm. \u012fvyks susirinkus 25 asmen\u0173 grupei).<br \/> \u2022 Pageidaujantiems si\u016blome pasiplaukioti laiveliu Amsterdamo kanalais (papildomas mokestis 20 \u20ac\/asm.).<br \/> \u2022 Vykstame link Lenkijos.<br \/> \u2022 Naktis autobuse.<\/p>\n<p>Olandai gars\u0117ja savo pagarba istorijai, o Amsterdamo centras liudija tok\u012f pagarb\u0173 po\u017ei\u016br\u012f. Pro &scaron;viesias &scaron;iuolaikines gatveles ai&scaron;kiai matomas unikalus, savitas viduram\u017ei\u0173 miestas. Su\u017einosite \u012fdomi\u0173 Amsterdamo istorij\u0173 ir legend\u0173, Amsterdamo suk\u016brimo versij\u0173 ir miesto raidos istorijos. Ap\u017evalgin\u0117 ekskursija apima visas pagrindines Amsterdamo lankytinas vietas, tokias kaip Karali&scaron;kieji r\u016bmai, Naujoji ir Senoji ba\u017eny\u010dia, Berlage bir\u017ea, Centrin\u0117 stotis, Kin\u0173 kvartalas ir &Scaron;v. Olofo koply\u010dia, seser\u0173 Beguine kiemas ir seniausi Amsterdamo namai bei kiti. Amsterdamas visame pasaulyje gars\u0117ja daugybe kanal\u0173.<\/p>\n<p><strong>Day 7 <\/strong><\/p>\n<p>\u2022 Atvykstame \u012f Lenkij\u0105.<br \/> \u2022 Pageidaujantiems si\u016blome ekskursija p\u0117s\u010diomis po Lodz\u0117s miest\u0105 (papildomas mokestis \u2013 15 \u20ac\/asm.).<br \/> \u2022 \u012esik\u016brimas vie&scaron;butyje.<br \/> \u2022 Laisvas laikas\/poilsis.<br \/> \u2022 Nakvyne vie&scaron;butyje.<\/p>\n<p>Lodz\u0117 &#8211; industrinio stiliaus ir \u017eavios istorijos miestas, apgriuv\u0119 pastatai ir modernios atmosferin\u0117s vietos. I&scaron;vertus i&scaron; lenk\u0173 kalbos, Lodz\u0117 rei&scaron;kia \u201evaltis\u201c: juk anks\u010diau \u010dia tek\u0117jo daug upi\u0173, kuri\u0173 dabar ne\u012fmanoma pamatyti \u2013 jos pasisl\u0117pusios po \u017eeme. Pavir&scaron;iuje i&scaron;liko gamyklos, XIX am\u017eiaus pastatai, skulpt\u016bros, parkai, r\u016bmai, vilos, \u201egraffiti\u201c ir net \u017dvaig\u017ed\u017ei\u0173 al\u0117ja.<\/p>\n<p><strong>Day 8 <\/strong><\/p>\n<p>\u2022 Pusry\u010diai vie&scaron;butyje (perkant ekskursij\u0173 paket\u0105 pusry\u010diai \u012fskai\u010diuoti).<br \/> - Travelling through Poland.<br \/> \u2022 V\u0117lai vakare sugr\u012f\u017etame \u012f Lietuv\u0105.<\/p>","protected":false},"excerpt":{"rendered":"<p>1 diena \u2022 I&scaron;vykimas i&scaron; Lietuvos (Vilnius ir Kauno). \u2022 Kelion\u0117 per Lenkijos teritorij\u0105. \u2022 Apgyvendinimas vie&scaron;butyje. \u2022 Nakvyn\u0117 vie&scaron;bu&#8230;<\/p>","protected":false},"featured_media":11935,"comment_status":"open","ping_status":"closed","template":"","meta":{"om_disable_all_campaigns":false,"_monsterinsights_skip_tracking":false,"_monsterinsights_sitenote_active":false,"_monsterinsights_sitenote_note":"","_monsterinsights_sitenote_category":0},"product_brand":[],"product_cat":[669],"product_tag":[],"class_list":{"0":"post-12700","1":"product","2":"type-product","3":"status-publish","4":"has-post-thumbnail","6":"product_cat-keliones","8":"first","9":"instock","10":"virtual","11":"taxable","12":"purchasable","13":"product-type-simple"},"aioseo_notices":[],"_links":{"self":[{"href":"https:\/\/www.atravel.lt\/en\/wp-json\/wp\/v2\/product\/12700","targetHints":{"allow":["GET"]}}],"collection":[{"href":"https:\/\/www.atravel.lt\/en\/wp-json\/wp\/v2\/product"}],"about":[{"href":"https:\/\/www.atravel.lt\/en\/wp-json\/wp\/v2\/types\/product"}],"replies":[{"embeddable":true,"href":"https:\/\/www.atravel.lt\/en\/wp-json\/wp\/v2\/comments?post=12700"}],"wp:featuredmedia":[{"embeddable":true,"href":"https:\/\/www.atravel.lt\/en\/wp-json\/wp\/v2\/media\/11935"}],"wp:attachment":[{"href":"https:\/\/www.atravel.lt\/en\/wp-json\/wp\/v2\/media?parent=12700"}],"wp:term":[{"taxonomy":"product_brand","embeddable":true,"href":"https:\/\/www.atravel.lt\/en\/wp-json\/wp\/v2\/product_brand?post=12700"},{"taxonomy":"product_cat","embeddable":true,"href":"https:\/\/www.atravel.lt\/en\/wp-json\/wp\/v2\/product_cat?post=12700"},{"taxonomy":"product_tag","embeddable":true,"href":"https:\/\/www.atravel.lt\/en\/wp-json\/wp\/v2\/product_tag?post=12700"}],"curies":[{"name":"wp","href":"https:\/\/api.w.org\/{rel}","templated":true}]}}