{"id":12699,"date":"2026-03-21T15:44:53","date_gmt":"2026-03-21T13:44:53","guid":{"rendered":"https:\/\/www.atravel.lt\/produktas\/poilsis-graikijoje-kretos-saloje-su-ekskursijomis-skrydis-is-vilniaus-su-airbaltic\/"},"modified":"2026-03-21T15:44:53","modified_gmt":"2026-03-21T13:44:53","slug":"poilsis-graikijoje-kretos-saloje-su-ekskursijomis-skrydis-is-vilniaus-su-airbaltic","status":"publish","type":"product","link":"https:\/\/www.atravel.lt\/en\/product\/poilsis-graikijoje-kretos-saloje-su-ekskursijomis-skrydis-is-vilniaus-su-airbaltic\/","title":{"rendered":"Poilsis Graikijoje &#8211; Kretos saloje su ekskursijomis (skrydis i\u0161 Vilniaus su AirBaltic)"},"content":{"rendered":"<p><strong>1 day <\/strong><\/p>\n<p>- Arrival at Vilnius Airport.<br \/> - Check-in.<br \/> \u2022 Skrydis: Vilnius \u2013 Heraklionas (~06:55-10:15).<br \/> \u2022 Atvykimas \u012f Kretos sal\u0105.<br \/> \u2022 Vykstame \u012f 3* vie&scaron;but\u012f.<br \/> \u2022 \u012esik\u016brimas vie&scaron;butyje.<br \/> \u2022 Nakvyn\u0117 vie&scaron;butyje.<\/p>\n<p>Kreta &#8211; Graikijos perlas ir did\u017eiausia Graikijos sala. Vietiniai kra&scaron;tovaizd\u017eiai \u017eavi ir reprezentuoja graik\u0173 mit\u0173 ep\u0105, nuostabius sm\u0117lio papl\u016bdimius, nuostabius kaln\u0173 ir uol\u0173 kra&scaron;tovaizd\u017eius, sl\u0117nius su datuli\u0173 ir alyvmed\u017ei\u0173 girait\u0117mis, vynuogynus ir apelsin\u0173 sodus. Kretos oras dr\u0117gnas, o oras &scaron;velnus ir saul\u0117tas tris &scaron;imtus dien\u0173 per metus.<\/p>\n<p><strong>Day 2 <\/strong><\/p>\n<p>\u2022 Pusry\u010diai vie&scaron;butyje (perkant ekskursij\u0173 paket\u0105 pusry\u010diai \u012fskai\u010diuoti).<br \/> \u2022 Ekskursin\u0117 i&scaron;vyka po vakarin\u0119 salos dal\u012f \u201eRetimnas \u2013 Chanija \u2013 Kurno e\u017eeras\u201c.<br \/> \u2022 Sugr\u012f\u017etame vie&scaron;butyje.<br \/> \u2022 Nakvyn\u0117 vie&scaron;butyje.<\/p>\n<p>Venecijos Retimno miesto paveldas vis dar i&scaron;laiko viduram\u017ei\u0173 atmosfer\u0105! Siauros senamies\u010dio gatvel\u0117s veda \u012f pylim\u0105, besidriekiant\u012f aplink galing\u0105 tvirtov\u0119, \u010dia \u012fsik\u016brusiuose Venecijos r\u016bmuose \u012fsik\u016br\u0119 romanti&scaron;kos kavin\u0117s ir restoranai. Spalvingas ir originalus, &scaron;is miestas nepaliks abejingo net i&scaron;rankiausio keliautojo.<\/p>\n<p>Tada vykstame \u012f Chanijos miest\u0105, kur\u012f pelnytai galima vadinti salos perlu! Venecijos uosto liekanos su senoviniais \u012ftvirtinimais, senoji miesto dalis, besiribojanti su krantine, vienas seniausi\u0173 &scaron;vyturi\u0173 pasaulyje, religiniai pastatai \u2013 Bizantijos, Venecijos, Graikijos ir Turkijos kult\u016br\u0173 mi&scaron;inys Chanij\u0105 pavert\u0117 gra\u017eiausiu miestu. visoje Kretoje!<\/p>\n<p>Kelion\u0117s pabaigoje aplankysime auk&scaron;t\u0173 kaln\u0173 ir alyvmed\u017ei\u0173 girai\u010di\u0173 apsupt\u0105 Kurno e\u017eer\u0105 \u2013 did\u017eiausi\u0105 g\u0117lo vandens e\u017eer\u0105 visoje saloje, kuriame gyvena ir v\u0117\u017eliai. Turkio spalvos vandens spalva, nedideli balto sm\u0117lio papl\u016bdimiai, galimyb\u0117 maudytis ir (arba) i&scaron;sinuomoti katamaran\u0105 ar baidar\u0119 daro &scaron;\u012f e\u017eer\u0105 idealia vieta atsipalaiduoti ir pasivaik&scaron;\u010dioti!<\/p>\n<p><strong>Day 3 <\/strong><\/p>\n<p>\u2022 Pusry\u010diai vie&scaron;butyje (perkant ekskursij\u0173 paket\u0105 pusry\u010diai \u012fskai\u010diuoti).<br \/> \u2022 Laisva diena. Poilsis prie j\u016bros.<br \/> \u2022 Nakvyn\u0117 vie&scaron;butyje.<\/p>\n<p><strong>Day 4 <\/strong><\/p>\n<p>\u2022 Pusry\u010diai vie&scaron;butyje (perkant ekskursij\u0173 paket\u0105 pusry\u010diai \u012fskai\u010diuoti).<br \/> \u2022 Ekskursin\u0117 i&scaron;vyka po centrin\u0119 salos dal\u012f \u201eHeraklionas \u2013 Gortynia \u2013 Matala\u201c.<br \/> \u2022 Sugr\u012f\u017etame \u012f vie&scaron;but\u012f.<br \/> \u2022 Nakvyn\u0117 vie&scaron;butyje.<\/p>\n<p>Heraklionas &#8211; salos sostin\u0117, kuri laikoma vartais \u012f Kret\u0105. Strabonas taip pat mini j\u012f kaip Mino civilizacijos laik\u0173 uost\u0105. Arabai ir bizantie\u010diai, kry\u017eiuo\u010diai ir venecijie\u010diai, graikai ir turkai \u2013 visi jie paliko savo p\u0117dsak\u0105 &scaron;io miesto i&scaron;vaizdoje. Vaik&scaron;tant senamies\u010dio gatv\u0117mis prie&scaron; akis nuolat keisis epochos ir architekt\u016bros stiliai, su\u017einosite apie peripetij\u0173 kupin\u0105 Herakliono istorij\u0105.<br \/> Pakeliui aplankysime Gortynijos \u2013 vieno seniausi\u0173 Kretos miest\u0173 \u2013 griuv\u0117sius, kurio did\u017eiul\u0117je teritorijoje yra daugyb\u0117 lankytin\u0173 viet\u0173, susijusi\u0173 su skirtingomis kult\u016bromis &#8211; Rom\u0117n\u0173 pirtys, graik\u0173 &scaron;ventykla, Egipto diev\u0173 &scaron;ventov\u0117 (papildomai apmokami \u012f\u0117jimo bilietai ~10 \u20ac\/asm.). Tod\u0117l net nenuostabu, kad b\u016btent \u010dia, toje vietoje, kur did\u017eiosios antikos civilizacijos paliko savo p\u0117dsakus, XIX am\u017eiaus pabaigoje. Surastas seniausias Europoje ra&scaron;ytinis teis\u0117s aktas \u2013 Didysis Gortyno \u012fstatym\u0173 kodeksas.<\/p>\n<p>Toliau vyksime \u012f vietin\u0119 vyno darykl\u0105 vyno degustacijai su nuostabiu vaizdu (pageidaujant u\u017e papildom\u0105 mokest\u012f \u2013 15 \u20ac\/asm.). <\/p>\n<p>Ekskursin\u0117s dienos pabaigoje aplankysime Matalos kaim\u0105. Mino laikais Mataloje buvo Festos uostas, o rom\u0117n\u0173 laikais Matala \u2013 Gortyno uostas, kurio griuv\u0117sius aplank\u0117me anks\u010diau. 1960-aisiais neolito urvuose ir Matalos papl\u016bdimiuose apsigyveno hipi\u0173 grup\u0117s i&scaron; daugelio pasaulio &scaron;ali\u0173. Vienu metu urvuose gyveno Cat Stevens, Bob Dylan ir Joni Mitchell. Taip pat aplankysime urvus ir praleisime laik\u0105 maudydamiesi bei ils\u0117damiesi Matalos pakrant\u0117je.<\/p>\n<p><strong>Day 5 <\/strong><\/p>\n<p>\u2022 Pusry\u010diai vie&scaron;butyje (perkant ekskursij\u0173 paket\u0105 pusry\u010diai \u012fskai\u010diuoti).<br \/> \u2022 Laisva diena. Poilsis prie j\u016bros.<br \/> \u2022 Pageidaujantiems si\u016blome ekskursij\u0105 \u012f Spinalongos sal\u0105 (papildomas mokestis \u2013 50 \u20ac\/asm. + \u012f\u0117jimo bilietas ~20 \u20ac\/asm.).<br \/> \u2022 Nakvyn\u0117 vie&scaron;butyje.<\/p>\n<p><strong>Day 6 <\/strong><\/p>\n<p>\u2022 Pusry\u010diai vie&scaron;butyje (perkant ekskursij\u0173 paket\u0105 pusry\u010diai \u012fskai\u010diuoti).<br \/> \u2022 Ekskursin\u0117 i&scaron;vyka \u012f rytin\u0119 salos dal\u012f \u201eDzeuso urvas \u2013 Kera Kardiotissa vienuolynas \u2013 Knoso r\u016bmai \u2013 Mino teatras\u201c.<br \/> - Free time.<br \/> \u2022 Sugr\u012f\u017etame \u012f vie&scaron;but\u012f.<br \/> \u2022 Nakvyn\u0117 vie&scaron;butyje.<\/p>\n<p>Ryte vyksime \u012f Dikteano, arba Dzeuso urv\u0105, nes, anot graik\u0173 mitologijos, b\u016btent \u010dia, pasisl\u0117pusi nuo Kronos, deiv\u0117 R\u0117ja pagimd\u0117 did\u012fj\u012f Dzeus\u0105 (papildomai apmokami \u012f\u0117jimo bilietai ~15 \u20ac\/asm.). D\u0117l &scaron;ios prie\u017easties urvas buvo \u017einomas nuo seniausi\u0173 laik\u0173 ir tarnavo kaip Dzeuso garbinimo vieta. Urvas \u012fsik\u016br\u0119s kaln\u0173 grandin\u0117s &scaron;laite, ir nuo jo atsiveria nuostabus vaizdas \u012f Lassithi plok&scaron;\u010diakaln\u012f \u2013 \u017eali\u0105 derling\u0105 plynauk&scaron;t\u0119, \u012fsp\u016bding\u0105 savo gro\u017eiu ir dyd\u017eiu, apsupt\u0105 diding\u0173 kaln\u0173.<\/p>\n<p>Ne ma\u017eiau kerintis vaizdas atsivers nuo Seli per\u0117jos, kuri\u0105 prava\u017eiuosime du kartus, pakeliui \u012f urv\u0105 ir atgal. Be panoraminio vaizdo i&scaron; per\u0117jos, &scaron;i vieta \u017einoma d\u0117l v\u0117jo mal\u016bn\u0173, kurie buvo pamin\u0117ti dar Venecijos valdymo laikais. Vienas i&scaron; mal\u016bn\u0173 pilnai atstatytas \u012f darbin\u0119 b\u016bkl\u0119, tur\u0117sime galimyb\u0119 u\u017eeiti \u012f vid\u0173 ir ap\u017ei\u016br\u0117ti j\u012f i&scaron; vidaus.<\/p>\n<p>Pakeliui \u012f Knoso r\u016bmus, i&scaron;skirtinio gro\u017eio vietov\u0117je, \u012fsik\u016br\u0119s vienas garsiausi\u0173 Kretos vienuolyn\u0173 \u2013 moter\u0173 Kera Kardiotissa vienuolynas, gars\u0117jantis stebuklinga Mergel\u0117s ikona (papildomai apmokami \u012f\u0117jimo bilietai ~2 \u20ac\/asm.).<\/p>\n<p>Ekskursijos pabaigoje aplankysime vien\u0105 \u017einomiausi\u0173 archeologini\u0173 viet\u0173 pasaulyje \u2013 Knoso r\u016bmus (papildomai apmokami \u012f\u0117jimo bilietai ~20 \u20ac\/asm. + audiogidas ~2 \u20ac\/asm.)! Pagrindinis salos miestas Mino civilizacijos laikais. Savo klest\u0117jimo ir galios laikais tai buvo vienas \u012ftakingiausi\u0173 miest\u0173 visoje Vidur\u017eemio j\u016broje. Be to, pagal graik\u0173 mitologij\u0105, ten buvo garsus labirintas, kuriame buvo \u012fkalintas Minotauras.<\/p>\n<p>Ekskursijos pabaigoje si\u016blome apsilankyti Mino teatre \u2013 spektaklyje su aktoriais, &scaron;okiais ir akrobatiniais elementais gra\u017eiame parke (papildomas mokestis \u2013 15 \u20ac\/asm.).<\/p>\n<p><strong>Day 7 <\/strong><\/p>\n<p>\u2022 Pusry\u010diai vie&scaron;butyje (perkant ekskursij\u0173 paket\u0105 pusry\u010diai \u012fskai\u010diuoti).<br \/> \u2022 Laisva diena. Poilsis prie j\u016bros.<br \/> \u2022 Nakvyn\u0117 vie&scaron;butyje.<\/p>\n<p><strong>Day 8 <\/strong><\/p>\n<p>\u2022 Pusry\u010diai vie&scaron;butyje (perkant ekskursij\u0173 paket\u0105 pusry\u010diai \u012fskai\u010diuoti).<br \/> \u2022 I&scaron;siregistravimas i&scaron; vie&scaron;bu\u010dio.<br \/> - Transfer to the airport.<br \/> - Check-in.<br \/> \u2022 Skrydis: Heraklionas \u2013 Vilnius (~11:00-14:30).<br \/> \u2022 Atskridimas \u012f Vilni\u0173.<\/p>","protected":false},"excerpt":{"rendered":"<p>1 diena \u2022 Atvykimas \u012f Vilniaus oro uost\u0105. \u2022 Registracija \u012f skryd\u012f. \u2022 Skrydis: Vilnius \u2013 Heraklionas (~06:55-10:15). \u2022 Atvykimas \u012f Kretos sal\u0105. \u2022 Vykstame \u012f 3* v&#8230;<\/p>","protected":false},"featured_media":11934,"comment_status":"open","ping_status":"closed","template":"","meta":{"om_disable_all_campaigns":false,"_monsterinsights_skip_tracking":false,"_monsterinsights_sitenote_active":false,"_monsterinsights_sitenote_note":"","_monsterinsights_sitenote_category":0},"product_brand":[],"product_cat":[669],"product_tag":[],"class_list":{"0":"post-12699","1":"product","2":"type-product","3":"status-publish","4":"has-post-thumbnail","6":"product_cat-keliones","8":"first","9":"instock","10":"virtual","11":"taxable","12":"purchasable","13":"product-type-simple"},"aioseo_notices":[],"_links":{"self":[{"href":"https:\/\/www.atravel.lt\/en\/wp-json\/wp\/v2\/product\/12699","targetHints":{"allow":["GET"]}}],"collection":[{"href":"https:\/\/www.atravel.lt\/en\/wp-json\/wp\/v2\/product"}],"about":[{"href":"https:\/\/www.atravel.lt\/en\/wp-json\/wp\/v2\/types\/product"}],"replies":[{"embeddable":true,"href":"https:\/\/www.atravel.lt\/en\/wp-json\/wp\/v2\/comments?post=12699"}],"wp:featuredmedia":[{"embeddable":true,"href":"https:\/\/www.atravel.lt\/en\/wp-json\/wp\/v2\/media\/11934"}],"wp:attachment":[{"href":"https:\/\/www.atravel.lt\/en\/wp-json\/wp\/v2\/media?parent=12699"}],"wp:term":[{"taxonomy":"product_brand","embeddable":true,"href":"https:\/\/www.atravel.lt\/en\/wp-json\/wp\/v2\/product_brand?post=12699"},{"taxonomy":"product_cat","embeddable":true,"href":"https:\/\/www.atravel.lt\/en\/wp-json\/wp\/v2\/product_cat?post=12699"},{"taxonomy":"product_tag","embeddable":true,"href":"https:\/\/www.atravel.lt\/en\/wp-json\/wp\/v2\/product_tag?post=12699"}],"curies":[{"name":"wp","href":"https:\/\/api.w.org\/{rel}","templated":true}]}}